{"id":12806,"date":"2021-10-12T10:37:55","date_gmt":"2021-10-12T08:37:55","guid":{"rendered":"https:\/\/uelzener.de\/magazin\/?page_id=12806"},"modified":"2023-10-13T17:26:10","modified_gmt":"2023-10-13T15:26:10","slug":"erste-hilfe-sportverletzungen-hund","status":"publish","type":"page","link":"https:\/\/uelzener.de\/magazin\/hund\/tiergesundheit\/erste-hilfe-sportverletzungen-hund\/","title":{"rendered":"Erste Hilfe bei Sportverletzungen beim Hund"},"content":{"rendered":"<p>Das oberste Gebot bei den <a href=\"https:\/\/uelzener.de\/magazin\/hund\/erziehung-und-training\/verletzungen-beim-hundesport\/\">h\u00e4ufigsten Verletzungen beim Hundesport<\/a>: Ruhe bewahren! Ein verletzter Hund kann sich bei Angst und Schmerz wehren. Deshalb nimm deinen Hund zu seinem und deinem Schutz an die Leine. Im Zweifel lege ihm einen Maulkorb oder eine Maulschlinge an.<\/p>\n<h2>Erste Hilfe bei Zerrungen und Prellungen bei Hnden<\/h2>\n<h3>Anzeichen<\/h3>\n<ul>\n<li>Lahmheit<\/li>\n<li>Keine Belastungen der betroffenen K\u00f6rperstelle<\/li>\n<li>Steifer Gang<\/li>\n<li>Schwellungen an den Gelenken<\/li>\n<li>Allgemeine Bewegungsunlust<\/li>\n<\/ul>\n<h3>\u00a0Erste Hilfe:<\/h3>\n<ol>\n<li>Training und Wettkampf abbrechen<\/li>\n<li>Hund auf sichtbare Verletzungen pr\u00fcfen<\/li>\n<li>Auf Fremdk\u00f6rper zwischen den Pfoten pr\u00fcfen<\/li>\n<li>Gelenke vorsichtig abtasten, auf warme und schmerzende Bereiche achten<\/li>\n<li>Vierbeiner schonen und ruhig halten<\/li>\n<li>Betroffene Stelle k\u00fchlen<\/li>\n<li>Tierarzt aufsuchen!<\/li>\n<\/ol>\n<h2>Erste-Hilfe beim Knochenbruch<\/h2>\n<h3>Anzeichen:<\/h3>\n<ul>\n<li>Verletzung der Haut<\/li>\n<li>Eventuell Knochenst\u00fccke sichtbar<\/li>\n<li>Keine Belastung der K\u00f6rperstelle<\/li>\n<li>Ungew\u00f6hnliche Haltung<\/li>\n<li>Vierbeiner bewegt sich nicht mehr<\/li>\n<\/ul>\n<h3>\u00a0Erste Hilfe:<\/h3>\n<ol>\n<li>Hund nicht unn\u00f6tig bewegen<\/li>\n<li>Offene Stelle mit Wundkompresse abdecken, um das Eindringen von Bakterien zu verhindern<\/li>\n<li>Nicht schienen!<\/li>\n<li>Sofort zum Tierarzt<\/li>\n<\/ol>\n<h2>So checkst du den Kreislauf deines Hundes<\/h2>\n<p>Ein Knochenbruch kann zu einem Schock des Hundes f\u00fchren. Um den Kreislauf des Hundes zu kontrollieren, kann eine einfache Pulskontrolle durchgef\u00fchrt werden. Der Puls des Hundes liegt in der Regel bei 70 bis 160 Schl\u00e4gen pro Minute. Du solltest den Kreislauf deines Hundes von Zeit zu Zeit kontrollieren, um mit seinem normalen Zustand vertraut zu sein. Nur so kannst du bei etwaigen Krankheitssymptomen Ver\u00e4nderungen des Kreislaufs feststellen. Da es leider immer zu Verletzungen kommen und demnach \u00e4rztliche Hilfe notwendig werden kann, solltest du sicherstellen, dass du eine gute <strong>Hunde-Krankenversicherung<\/strong> und eine <strong>Hunde-OP-Versicherung <\/strong>abgeschlossen hast.<\/p>\n\n<div class=\"banner\">\n    <a href=\"https:\/\/uelzener.de\/hund\/hunde-krankenversicherung\/?agt=0000104925&sem=true&utm_medium=magazin&utm_source=wordpress&utm_campaign=hund_kv&utm_content=banner\">\n        <img decoding=\"async\" width=\"300\" height=\"212\" src=\"https:\/\/uelzener.de\/magazin\/app\/uploads\/2025\/01\/Hunde-Kranken-Versicherung.jpg\" class=\"attachment-medium size-medium\" alt=\"Banner Hunde-Kranken-Versicherung\" \/>    <\/a>\n<\/div>\n\n\n<div class=\"banner\">\n    <a href=\"https:\/\/uelzener.de\/hund\/hunde-op-versicherung\/?agt=0000104925&sem=true&utm_medium=magazin&utm_source=wordpress&utm_campaign=hund_op&utm_content=banner\">\n        <img decoding=\"async\" width=\"300\" height=\"212\" src=\"https:\/\/uelzener.de\/magazin\/app\/uploads\/2025\/01\/Hunde-OP-Versicherung.jpg\" class=\"attachment-medium size-medium\" alt=\"Banner Hunde-OP-Versicherung\" \/>    <\/a>\n<\/div>\n\n<h2><strong>So misst du den Puls des Hundes:<\/strong><\/h2>\n<ul>\n<li>Hund liegt in der Seitenlage. Lege deine Finger mittig auf die Innenseite des Oberschenkels direkt unterhalb des H\u00fcftgelenks.<\/li>\n<li>Taste, bis du die Arterie gefunden hast, die sich wie eine dicke Sehne anf\u00fchlt.<\/li>\n<li>Z\u00e4hle 15 Sekunden lang den Puls und multipliziere mit 4.<\/li>\n<\/ul>\n<h3>Ein erster Eindruck des Kreislaufs l\u00e4sst sich auch von Laien ermitteln. Dazu gibt es zwei unterschiedliche M\u00f6glichkeiten:<\/h3>\n<ol>\n<li>Ziehe ein Lid des Hundes leicht nach unten und kontrolliere die F\u00e4rbung der Bindehaut. Im Normalfall sollte die Bindehaut eine rosa Farbe aufweisen.<\/li>\n<li>\u00d6ffne leicht das Maul des Hundes, dr\u00fccke mit einem Finger kurz, aber kr\u00e4ftig auf das Zahnfleisch, und lass dann schnell wieder los. Die Druckstelle sollte sich durch den Druck wei\u00df f\u00e4rben und anschlie\u00dfend relativ schnell wieder die urspr\u00fcngliche F\u00e4rbung annehmen.<\/li>\n<\/ol>\n","protected":false},"excerpt":{"rendered":"<p>Das oberste Gebot bei den h\u00e4ufigsten Verletzungen beim Hundesport: Ruhe bewahren! Ein verletzter Hund kann sich bei Angst und Schmerz wehren. Deshalb nimm deinen Hund zu seinem und deinem Schutz an die Leine. Im Zweifel lege ihm einen Maulkorb oder eine Maulschlinge an. Erste Hilfe bei Zerrungen und Prellungen bei Hnden Anzeichen Lahmheit Keine Belastungen [&hellip;]<\/p>\n","protected":false},"author":3,"featured_media":12807,"parent":11701,"menu_order":41,"comment_status":"closed","ping_status":"closed","template":"templates\/blog.php","meta":{"_acf_changed":false,"_crdt_document":"","footnotes":"","beyondwords_generate_audio":"0","beyondwords_project_id":"","beyondwords_content_id":"","beyondwords_preview_token":"","beyondwords_player_style":"","beyondwords_language_id":"","beyondwords_title_voice_id":"","beyondwords_body_voice_id":"","beyondwords_summary_voice_id":"","beyondwords_error_message":"","beyondwords_disabled":"","beyondwords_delete_content":"","beyondwords_podcast_id":"","beyondwords_hash":"","publish_post_to_speechkit":"","speechkit_hash":"","speechkit_generate_audio":"","speechkit_project_id":"","speechkit_podcast_id":"","speechkit_error_message":"","speechkit_disabled":"","speechkit_access_key":"","speechkit_error":"","speechkit_info":"","speechkit_response":"","speechkit_retries":"","speechkit_status":"","speechkit_updated_at":"","_speechkit_link":"","_speechkit_text":""},"class_list":["post-12806","page","type-page","status-publish","has-post-thumbnail","hentry"],"acf":[],"yoast_head":"<!-- This site is optimized with the Yoast SEO Premium plugin  - https:\/\/yoast.com\/product\/yoast-seo-premium-wordpress\/ -->\n<title>Erste Hilfe bei Hunde Sportverletzungen | Uelzener<\/title>\n<meta name=\"description\" content=\"Erfahre alles zum Thema Erste Hilfe Sportverletzungen bei Hunden \u2713 Tipps \u2713 Checkliste \u2713 Anzeichen \u2713 Hilfen \u25b6 Jetzt schlaumachen!\" \/>\n<meta name=\"robots\" content=\"index, follow, max-snippet:-1, max-image-preview:large, max-video-preview:-1\" \/>\n<link rel=\"canonical\" href=\"https:\/\/uelzener.de\/magazin\/hund\/tiergesundheit\/erste-hilfe-sportverletzungen-hund\/\" \/>\n<meta property=\"og:locale\" content=\"de_DE\" \/>\n<meta property=\"og:type\" content=\"article\" \/>\n<meta property=\"og:title\" content=\"Erste Hilfe bei Sportverletzungen beim Hund\" \/>\n<meta property=\"og:description\" content=\"Erfahre alles zum Thema Erste Hilfe Sportverletzungen bei Hunden \u2713 Tipps \u2713 Checkliste \u2713 Anzeichen \u2713 Hilfen \u25b6 Jetzt schlaumachen!\" \/>\n<meta property=\"og:url\" content=\"https:\/\/uelzener.de\/magazin\/hund\/tiergesundheit\/erste-hilfe-sportverletzungen-hund\/\" \/>\n<meta property=\"og:site_name\" content=\"Uelzener Tier-Magazin\" \/>\n<meta property=\"article:publisher\" content=\"https:\/\/www.facebook.com\/Uelzener\" \/>\n<meta property=\"article:modified_time\" content=\"2023-10-13T15:26:10+00:00\" \/>\n<meta property=\"og:image\" content=\"https:\/\/uelzener.de\/magazin\/app\/uploads\/2021\/10\/1024x450_Nahaufnahme_-Hund-springt-ueber-Hindernis.jpg\" \/>\n\t<meta property=\"og:image:width\" content=\"1024\" \/>\n\t<meta property=\"og:image:height\" content=\"450\" \/>\n\t<meta property=\"og:image:type\" content=\"image\/jpeg\" \/>\n<meta name=\"twitter:card\" content=\"summary_large_image\" \/>\n<meta name=\"twitter:label1\" content=\"Gesch\u00e4tzte Lesezeit\" \/>\n\t<meta name=\"twitter:data1\" content=\"2\u00a0Minuten\" \/>\n<script type=\"application\/ld+json\" class=\"yoast-schema-graph\">{\"@context\":\"https:\/\/schema.org\",\"@graph\":[{\"@type\":\"WebPage\",\"@id\":\"https:\/\/uelzener.de\/magazin\/hund\/tiergesundheit\/erste-hilfe-sportverletzungen-hund\/\",\"url\":\"https:\/\/uelzener.de\/magazin\/hund\/tiergesundheit\/erste-hilfe-sportverletzungen-hund\/\",\"name\":\"Erste Hilfe bei Hunde Sportverletzungen | Uelzener\",\"isPartOf\":{\"@id\":\"https:\/\/uelzener.de\/magazin\/#website\"},\"primaryImageOfPage\":{\"@id\":\"https:\/\/uelzener.de\/magazin\/hund\/tiergesundheit\/erste-hilfe-sportverletzungen-hund\/#primaryimage\"},\"image\":{\"@id\":\"https:\/\/uelzener.de\/magazin\/hund\/tiergesundheit\/erste-hilfe-sportverletzungen-hund\/#primaryimage\"},\"thumbnailUrl\":\"https:\/\/uelzener.de\/magazin\/app\/uploads\/2021\/10\/1024x450_Nahaufnahme_-Hund-springt-ueber-Hindernis.jpg\",\"datePublished\":\"2021-10-12T08:37:55+00:00\",\"dateModified\":\"2023-10-13T15:26:10+00:00\",\"description\":\"Erfahre alles zum Thema Erste Hilfe Sportverletzungen bei Hunden \u2713 Tipps \u2713 Checkliste \u2713 Anzeichen \u2713 Hilfen \u25b6 Jetzt schlaumachen!\",\"breadcrumb\":{\"@id\":\"https:\/\/uelzener.de\/magazin\/hund\/tiergesundheit\/erste-hilfe-sportverletzungen-hund\/#breadcrumb\"},\"inLanguage\":\"de\",\"potentialAction\":[{\"@type\":\"ReadAction\",\"target\":[\"https:\/\/uelzener.de\/magazin\/hund\/tiergesundheit\/erste-hilfe-sportverletzungen-hund\/\"]}]},{\"@type\":\"ImageObject\",\"inLanguage\":\"de\",\"@id\":\"https:\/\/uelzener.de\/magazin\/hund\/tiergesundheit\/erste-hilfe-sportverletzungen-hund\/#primaryimage\",\"url\":\"https:\/\/uelzener.de\/magazin\/app\/uploads\/2021\/10\/1024x450_Nahaufnahme_-Hund-springt-ueber-Hindernis.jpg\",\"contentUrl\":\"https:\/\/uelzener.de\/magazin\/app\/uploads\/2021\/10\/1024x450_Nahaufnahme_-Hund-springt-ueber-Hindernis.jpg\",\"width\":1024,\"height\":450,\"caption\":\"Brauner Hund springt \u00fcber rotwei\u00dfes Hindernis, bei Verletzungen ist es wichtig Erste Hilfe zu leisten.\"},{\"@type\":\"WebSite\",\"@id\":\"https:\/\/uelzener.de\/magazin\/#website\",\"url\":\"https:\/\/uelzener.de\/magazin\/\",\"name\":\"Uelzener Tiermagazin\",\"description\":\"Online Tierratgeber der Uelzener Versicherungen\",\"publisher\":{\"@id\":\"https:\/\/uelzener.de\/magazin\/#organization\"},\"potentialAction\":[{\"@type\":\"SearchAction\",\"target\":{\"@type\":\"EntryPoint\",\"urlTemplate\":\"https:\/\/uelzener.de\/magazin\/?s={search_term_string}\"},\"query-input\":{\"@type\":\"PropertyValueSpecification\",\"valueRequired\":true,\"valueName\":\"search_term_string\"}}],\"inLanguage\":\"de\"},{\"@type\":\"Organization\",\"@id\":\"https:\/\/uelzener.de\/magazin\/#organization\",\"name\":\"Uelzener Versicherungen\",\"url\":\"https:\/\/uelzener.de\/magazin\/\",\"logo\":{\"@type\":\"ImageObject\",\"inLanguage\":\"de\",\"@id\":\"https:\/\/uelzener.de\/magazin\/#\/schema\/logo\/image\/\",\"url\":\"https:\/\/uelzener.de\/magazin\/app\/uploads\/2024\/11\/uelzener_allgemeine_versicherungsgesellschaft_a_g_logo.jpg\",\"contentUrl\":\"https:\/\/uelzener.de\/magazin\/app\/uploads\/2024\/11\/uelzener_allgemeine_versicherungsgesellschaft_a_g_logo.jpg\",\"width\":200,\"height\":200,\"caption\":\"Uelzener Versicherungen\"},\"image\":{\"@id\":\"https:\/\/uelzener.de\/magazin\/#\/schema\/logo\/image\/\"},\"sameAs\":[\"https:\/\/www.facebook.com\/Uelzener\",\"https:\/\/instagram.com\/uelzener\",\"https:\/\/www.xing.com\/pages\/uelzenerallgemeineversicherungs-gesellschafta-g\",\"https:\/\/www.youtube.com\/UelzenerVersicherungen\"]}]}<\/script>\n<!-- \/ Yoast SEO Premium plugin. -->","yoast_head_json":{"title":"Erste Hilfe bei Hunde Sportverletzungen | Uelzener","description":"Erfahre alles zum Thema Erste Hilfe Sportverletzungen bei Hunden \u2713 Tipps \u2713 Checkliste \u2713 Anzeichen \u2713 Hilfen \u25b6 Jetzt schlaumachen!","robots":{"index":"index","follow":"follow","max-snippet":"max-snippet:-1","max-image-preview":"max-image-preview:large","max-video-preview":"max-video-preview:-1"},"canonical":"https:\/\/uelzener.de\/magazin\/hund\/tiergesundheit\/erste-hilfe-sportverletzungen-hund\/","og_locale":"de_DE","og_type":"article","og_title":"Erste Hilfe bei Sportverletzungen beim Hund","og_description":"Erfahre alles zum Thema Erste Hilfe Sportverletzungen bei Hunden \u2713 Tipps \u2713 Checkliste \u2713 Anzeichen \u2713 Hilfen \u25b6 Jetzt schlaumachen!","og_url":"https:\/\/uelzener.de\/magazin\/hund\/tiergesundheit\/erste-hilfe-sportverletzungen-hund\/","og_site_name":"Uelzener Tier-Magazin","article_publisher":"https:\/\/www.facebook.com\/Uelzener","article_modified_time":"2023-10-13T15:26:10+00:00","og_image":[{"width":1024,"height":450,"url":"https:\/\/uelzener.de\/magazin\/app\/uploads\/2021\/10\/1024x450_Nahaufnahme_-Hund-springt-ueber-Hindernis.jpg","type":"image\/jpeg"}],"twitter_card":"summary_large_image","twitter_misc":{"Gesch\u00e4tzte Lesezeit":"2\u00a0Minuten"},"schema":{"@context":"https:\/\/schema.org","@graph":[{"@type":"WebPage","@id":"https:\/\/uelzener.de\/magazin\/hund\/tiergesundheit\/erste-hilfe-sportverletzungen-hund\/","url":"https:\/\/uelzener.de\/magazin\/hund\/tiergesundheit\/erste-hilfe-sportverletzungen-hund\/","name":"Erste Hilfe bei Hunde Sportverletzungen | Uelzener","isPartOf":{"@id":"https:\/\/uelzener.de\/magazin\/#website"},"primaryImageOfPage":{"@id":"https:\/\/uelzener.de\/magazin\/hund\/tiergesundheit\/erste-hilfe-sportverletzungen-hund\/#primaryimage"},"image":{"@id":"https:\/\/uelzener.de\/magazin\/hund\/tiergesundheit\/erste-hilfe-sportverletzungen-hund\/#primaryimage"},"thumbnailUrl":"https:\/\/uelzener.de\/magazin\/app\/uploads\/2021\/10\/1024x450_Nahaufnahme_-Hund-springt-ueber-Hindernis.jpg","datePublished":"2021-10-12T08:37:55+00:00","dateModified":"2023-10-13T15:26:10+00:00","description":"Erfahre alles zum Thema Erste Hilfe Sportverletzungen bei Hunden \u2713 Tipps \u2713 Checkliste \u2713 Anzeichen \u2713 Hilfen \u25b6 Jetzt schlaumachen!","breadcrumb":{"@id":"https:\/\/uelzener.de\/magazin\/hund\/tiergesundheit\/erste-hilfe-sportverletzungen-hund\/#breadcrumb"},"inLanguage":"de","potentialAction":[{"@type":"ReadAction","target":["https:\/\/uelzener.de\/magazin\/hund\/tiergesundheit\/erste-hilfe-sportverletzungen-hund\/"]}]},{"@type":"ImageObject","inLanguage":"de","@id":"https:\/\/uelzener.de\/magazin\/hund\/tiergesundheit\/erste-hilfe-sportverletzungen-hund\/#primaryimage","url":"https:\/\/uelzener.de\/magazin\/app\/uploads\/2021\/10\/1024x450_Nahaufnahme_-Hund-springt-ueber-Hindernis.jpg","contentUrl":"https:\/\/uelzener.de\/magazin\/app\/uploads\/2021\/10\/1024x450_Nahaufnahme_-Hund-springt-ueber-Hindernis.jpg","width":1024,"height":450,"caption":"Brauner Hund springt \u00fcber rotwei\u00dfes Hindernis, bei Verletzungen ist es wichtig Erste Hilfe zu leisten."},{"@type":"WebSite","@id":"https:\/\/uelzener.de\/magazin\/#website","url":"https:\/\/uelzener.de\/magazin\/","name":"Uelzener Tiermagazin","description":"Online Tierratgeber der Uelzener Versicherungen","publisher":{"@id":"https:\/\/uelzener.de\/magazin\/#organization"},"potentialAction":[{"@type":"SearchAction","target":{"@type":"EntryPoint","urlTemplate":"https:\/\/uelzener.de\/magazin\/?s={search_term_string}"},"query-input":{"@type":"PropertyValueSpecification","valueRequired":true,"valueName":"search_term_string"}}],"inLanguage":"de"},{"@type":"Organization","@id":"https:\/\/uelzener.de\/magazin\/#organization","name":"Uelzener Versicherungen","url":"https:\/\/uelzener.de\/magazin\/","logo":{"@type":"ImageObject","inLanguage":"de","@id":"https:\/\/uelzener.de\/magazin\/#\/schema\/logo\/image\/","url":"https:\/\/uelzener.de\/magazin\/app\/uploads\/2024\/11\/uelzener_allgemeine_versicherungsgesellschaft_a_g_logo.jpg","contentUrl":"https:\/\/uelzener.de\/magazin\/app\/uploads\/2024\/11\/uelzener_allgemeine_versicherungsgesellschaft_a_g_logo.jpg","width":200,"height":200,"caption":"Uelzener Versicherungen"},"image":{"@id":"https:\/\/uelzener.de\/magazin\/#\/schema\/logo\/image\/"},"sameAs":["https:\/\/www.facebook.com\/Uelzener","https:\/\/instagram.com\/uelzener","https:\/\/www.xing.com\/pages\/uelzenerallgemeineversicherungs-gesellschafta-g","https:\/\/www.youtube.com\/UelzenerVersicherungen"]}]}},"_links":{"self":[{"href":"https:\/\/uelzener.de\/magazin\/wp-json\/wp\/v2\/pages\/12806","targetHints":{"allow":["GET"]}}],"collection":[{"href":"https:\/\/uelzener.de\/magazin\/wp-json\/wp\/v2\/pages"}],"about":[{"href":"https:\/\/uelzener.de\/magazin\/wp-json\/wp\/v2\/types\/page"}],"author":[{"embeddable":true,"href":"https:\/\/uelzener.de\/magazin\/wp-json\/wp\/v2\/users\/3"}],"replies":[{"embeddable":true,"href":"https:\/\/uelzener.de\/magazin\/wp-json\/wp\/v2\/comments?post=12806"}],"version-history":[{"count":6,"href":"https:\/\/uelzener.de\/magazin\/wp-json\/wp\/v2\/pages\/12806\/revisions"}],"predecessor-version":[{"id":16385,"href":"https:\/\/uelzener.de\/magazin\/wp-json\/wp\/v2\/pages\/12806\/revisions\/16385"}],"up":[{"embeddable":true,"href":"https:\/\/uelzener.de\/magazin\/wp-json\/wp\/v2\/pages\/11701"}],"wp:featuredmedia":[{"embeddable":true,"href":"https:\/\/uelzener.de\/magazin\/wp-json\/wp\/v2\/media\/12807"}],"wp:attachment":[{"href":"https:\/\/uelzener.de\/magazin\/wp-json\/wp\/v2\/media?parent=12806"}],"curies":[{"name":"wp","href":"https:\/\/api.w.org\/{rel}","templated":true}]}}