{"id":12798,"date":"2021-05-14T10:50:20","date_gmt":"2021-05-14T08:50:20","guid":{"rendered":"https:\/\/uelzener.de\/magazin\/?page_id=12798"},"modified":"2025-08-18T12:54:36","modified_gmt":"2025-08-18T10:54:36","slug":"verdauung-pferd","status":"publish","type":"page","link":"https:\/\/uelzener.de\/magazin\/pferd\/tiergesundheit\/verdauung-pferd\/","title":{"rendered":"Wie funktioniert die Verdauung eines Pferdes?"},"content":{"rendered":"<p><span style=\"font-weight: 400;\">Die Verdauung ist eine der wichtigsten S\u00e4ulen f\u00fcr die Gesundheit und das Wohlbefinden eines Pferdes. Sie ist nicht nur f\u00fcr die N\u00e4hrstoffaufnahme verantwortlich, sondern auch entscheidend f\u00fcr das Immunsystem und die gesamte Stoffwechselbalance. Wer versteht, wie die Verdauung beim Pferd funktioniert, kann damit zusammenh\u00e4ngende Probleme fr\u00fchzeitig erkennen und entsprechend handeln. In unserem Artikel erf\u00e4hrst du alles, was du dazu wissen musst.<\/span><\/p>\n<h2>Grundlagen der Pferdeverdauung und Ern\u00e4hrung<\/h2>\n<p><span style=\"font-weight: 400;\">Pferde sind reine Pflanzenfresser (Herbivoren) und nehmen von Natur aus \u00fcber viele Stunden hinweg kleine Mengen an Nahrung zu sich. Das Verhalten ist das Ergebnis einer langen evolution\u00e4ren Anpassung. Genau darauf ist auch ihr Verdauungssystem ausgelegt.\u00a0<\/span><\/p>\n<p><span style=\"font-weight: 400;\">Aufgrund der geringen Gr\u00f6\u00dfe ihres Magens sind die Tiere darauf angewiesen, \u00fcber den Tag verteilt nahezu ununterbrochen zu fressen. Gr\u00f6\u00dfere Futterpausen k\u00f6nnen nicht nur Stress verursachen, sondern auch zu gesundheitlichen Problemen f\u00fchren, etwa zu einer \u00dcbers\u00e4uerung des Magens.<\/span><\/p>\n<p><span style=\"font-weight: 400;\">Das Verdauungssystem des Pferdes ist hochsensibel und komplex. Es umfasst verschiedene Organe, die perfekt aufeinander abgestimmt zusammenarbeiten. Nur wenn jeder einzelne Prozess optimal funktioniert, kann das Pferd N\u00e4hrstoffe aus der Nahrung aufnehmen und verwerten. Ein grundlegendes Verst\u00e4ndnis f\u00fcr die Verdauung hilft dabei, die F\u00fctterung gezielt zu gestalten und typische Erkrankungen wie Koliken, Kotwasser oder Fehlg\u00e4rungen vorzubeugen.\u00a0\u00a0<\/span><\/p>\n<h2>Das Verdauungssystem des Pferdes<\/h2>\n<p><span style=\"font-weight: 400;\">An der Verdauung des Pferdes sind unterschiedliche Organe beteiligt. Mithilfe des Titelbildes kannst du die Erkl\u00e4rungen zu den nummerierten Organen leicht nachverfolgen. Wir fangen im Maul des Pferdes an:<\/span><\/p>\n<h3>Z\u00e4hne<\/h3>\n<p><span style=\"font-weight: 400;\">Ein ausgewachsenes Pferd verf\u00fcgt \u00fcber 40 bis 44 Z\u00e4hne. 12 davon sind Schneidez\u00e4hne (Incisivi), mit denen das Tier Gr\u00e4ser und andere feste Nahrung ab- und durchbei\u00dfen kann. Hinzu kommen bis zu 4 Canini (Eck- oder Hakenz\u00e4hne), die jedoch h\u00e4ufig nur bei Hengsten vorkommen. Daher r\u00fchrt der Alternativbegriff Hengst\u00adz\u00e4hne. Die 24 Backenz\u00e4hne (12 Pr\u00e4molaren und 12 Molaren) dienen zum Zermahlen der Nahrung. Bei manchen Tieren sind zus\u00e4tzlich noch Anlagen f\u00fcr 4 Wolfsz\u00e4hne ausgebildet. Dabei handelt es sich um rudiment\u00e4re Backenz\u00e4hne, die heute keine Funktion mehr haben.<\/span><\/p>\n<h3>Speiser\u00f6hre (Oesophagus)<\/h3>\n<p><span style=\"font-weight: 400;\">Der Muskelschlauch transportiert das zerkleinerte Futter in den Magen. Aufgrund der anatomischen Verh\u00e4ltnisse am Mageneingang k\u00f6nnen Pferde nicht erbrechen.<\/span><\/p>\n<h3>Magen (Gaster bzw. Ventriculus)<\/h3>\n<p><span style=\"font-weight: 400;\">Der Magen besteht aus einer Schleimhaut mit Dr\u00fcsen und einer dr\u00fcsenlosen Schleimhaut. Aufgrund seiner Lage im Bauchraum kann er weder von au\u00dfen ertastet noch auf rektalem Weg untersucht werden, was die Diagnostizierung bei gesundheitlichen Problemen erschwert. Mit einem Fassungsverm\u00f6gen von 8 bis 15 Litern ist der Magen im Vergleich zum Rest des Verdauungsapparates eher klein ausgepr\u00e4gt. Hinzu kommt, dass ununterbrochen Magens\u00e4ure produziert wird. Aus diesen Gr\u00fcnden ist eine kontinuierliche Futteraufnahme \u00fcber den ganzen Tag notwendig. Anderenfalls k\u00f6nnen Stress und gesundheitliche Beschwerden wie eine \u00dcbers\u00e4uerung die Folge sein.<\/span><\/p>\n<h3>Darm (Intestinum)<\/h3>\n<p><span style=\"font-weight: 400;\">Die gesamte L\u00e4nge des Pferdedarms betr\u00e4gt je nach Gr\u00f6\u00dfe des Pferdes 25 bis 40 Meter. Das entspricht circa dem 10-fachen der K\u00f6rperl\u00e4nge.<\/span><\/p>\n<h3>D\u00fcnndarm (Intestinum tenue)<\/h3>\n<p><span style=\"font-weight: 400;\">Zwischen Magen und Blinddarm liegt der D\u00fcnndarm. Er ist an der sogenannten Gekr\u00f6sewurzel aufgeh\u00e4ngt. Diese gibt ihm ausreichend Freiheit, um im Bauchraum zu schwimmen. Die Aufgabe des D\u00fcnndarms besteht darin, schnell verdauliche Kohlenhydrate aus dem Futter aufzuspalten. Die Passagezeit ist mit ein bis zwei Stunden recht schnell. Durch die Bauchspeicheldr\u00fcse werden verschiedene Enzyme in den vorderen Abschnitt des D\u00fcnndarms eingeleitet, die zus\u00e4tzlich bei der Verdauung helfen. Der D\u00fcnndarm beim Pferd ist insgesamt 20 bis 30 Meter lang und besteht aus drei Abschnitten.<\/span><\/p>\n<h3>Zw\u00f6lffingerdarm (Duodenum)<\/h3>\n<p><span style=\"font-weight: 400;\">Der Zw\u00f6lffingerdarm ist der erste Abschnitt hinter dem Magen. Seine L\u00e4nge betr\u00e4gt 1 bis 1,5 Meter.<\/span><\/p>\n<h3>Leerdarm (Jejunum)<\/h3>\n<p><span style=\"font-weight: 400;\">Mit rund 17 bis 28 Metern L\u00e4nge ist der Leerdarm der l\u00e4ngste Abschnitt. Er folgt direkt auf den Zw\u00f6lffingerdarm. Seine Bezeichnung stammt aus der Humanmedizin, weil er bei den ersten Obduktionen immer leer vorgefunden wurde.<\/span><\/p>\n<h3>H\u00fcftdarm (Ileum)<\/h3>\n<p><span style=\"font-weight: 400;\">Mit 0,7 bis 0,8 Metern ist der H\u00fcftdarm der k\u00fcrzeste Teil und \u00fcber eine Gekr\u00f6sefalte mit dem Blinddarm verbunden. Er bildet den letzten Abschnitt des D\u00fcnndarms.\u00a0<\/span><\/p>\n<h3>Blinddarm (Caecum)<\/h3>\n<p><span style=\"font-weight: 400;\">Der Blinddarm beim Pferd ist rund einen Meter lang und hat ein Fassungsverm\u00f6gen von bis zu 68 Litern. Er befindet sich auf der rechten K\u00f6rperseite, beginnt unterhalb der Lendenregion und zieht sich \u00fcber die rechte Hungergrube bis zur Brustbeinspitze. Teilweise kann man das Einspritzger\u00e4usch des Futterbreis aus dem D\u00fcnndarm in den Blinddarm h\u00f6ren. Es klingt wie bei einer alten Toilettensp\u00fclung, bei der man noch an einer Kordel ziehen musste. Der Blinddarm bildet zusammen mit dem Dickdarm die G\u00e4rkammer f\u00fcr die Zelluloseverdauung.<\/span><\/p>\n<h3>Dickdarm (Intestinum crassum)<\/h3>\n<p><span style=\"font-weight: 400;\">Der Dickdarm ist insgesamt 6 bis 9 Meter lang und hat ein Fassungsverm\u00f6gen von durchschnittlich 80 Litern. Man unterscheidet das gro\u00dfe Kolon, das Querkolon und das kleine Kolon. Die Form des Kolons gleicht zwei \u00fcbereinander angeordneten Hufeisen. Es liegt ohne feste Fixierung in der Bauchh\u00f6hle. Die einzelnen Darmabschnitte haben eine charakteristische Anzahl an Bandstreifen, anhand derer sie bei einer rektalen Untersuchung unterschieden werden k\u00f6nnen. Das kleine Kolon schlie\u00dft sich dem gro\u00dfen Kolon an und hat eine L\u00e4nge von 2 bis 4 Metern. Hier wird dem Kot Wasser entzogen und es entstehen die typischen Pferde\u00e4pfel. Hat das Pferd Probleme bei diesem Vorgang, kann Kotwasser auftreten.<\/span><\/p>\n<h3>Mastdarm (Rektum)<\/h3>\n<p><span style=\"font-weight: 400;\">Als letzter Abschnitt ist der Mastdarm die Verbindung zum After.<\/span><\/p>\n\n<div class=\"related_articles boxed\">\n    <h2>Mehr zum Thema<\/h2>\n    \n    <div class=\"wrapper\"><div class=\"title align-center\"><h3><a href=\"https:\/\/uelzener.de\/magazin\/pferd\/tiergesundheit\/kolik-beim-pferd\/\">Kolik beim Pferd: Ursachen, Symptome, Behandlung und Kosten<\/a><\/h3><\/div><div class=\"img align-center\"><img decoding=\"async\" width=\"315\" height=\"180\" src=\"https:\/\/uelzener.de\/magazin\/app\/uploads\/2021\/09\/1024x450_Nahaufnahme-Tieraerztin-untersucht-Pferd-315x180.jpg\" class=\"attachment-315x180 size-315x180 wp-post-image\" alt=\"Tier\u00e4rztin untersuch braunes Pferd mit Stethoskop auf Anzeichen von Kolik.\" \/><\/div><\/div><div class=\"wrapper\"><div class=\"title align-center\"><h3><a href=\"https:\/\/uelzener.de\/magazin\/pferd\/tiergesundheit\/schlundverstopfung-beim-pferd\/\">Schlundverstopfung beim Pferd: Ausl\u00f6ser, Symptome und Behandlung<\/a><\/h3><\/div><div class=\"img align-center\"><img decoding=\"async\" width=\"315\" height=\"180\" src=\"https:\/\/uelzener.de\/magazin\/app\/uploads\/2024\/10\/schlundverstopfung-315x180.jpg\" class=\"attachment-315x180 size-315x180 wp-post-image\" alt=\"Pferd mit Schlundverstopfung.\" \/><\/div><\/div><div class=\"wrapper\"><div class=\"title align-center\"><h3><a href=\"https:\/\/uelzener.de\/magazin\/pferd\/tiergesundheit\/warum-koennen-pferde-nicht-erbrechen\/\">Warum k\u00f6nnen Pferde nicht erbrechen?<\/a><\/h3><\/div><div class=\"img align-center\"><img decoding=\"async\" width=\"315\" height=\"180\" src=\"https:\/\/uelzener.de\/magazin\/app\/uploads\/2025\/08\/pferd-erbrechen-315x180.jpg\" class=\"attachment-315x180 size-315x180 wp-post-image\" alt=\"Pferd hat Maul ge\u00f6ffnet als w\u00fcrde es erbrechen.\" \/><\/div><\/div><\/div>\n\n<h2>Wodurch kann die Verdauung eines Pferdes gest\u00f6rt werden?<\/h2>\n<p><span style=\"font-weight: 400;\">Es gibt einige Faktoren, die ung\u00fcnstig oder sch\u00e4digend f\u00fcr die Verdauung sein k\u00f6nnen. Dazu z\u00e4hlt vor allem ein ungeeignetes F\u00fctterungsmanagament, beispielsweise zu viel Kraftfutter, zu wenig Raufutter oder zu lange Fresspausen. Auch eine pl\u00f6tzliche Futterumstellung kann die Darmflora aus dem Gleichgewicht bringen. Stress, zu wenig Bewegung und mangelnde Wasseraufnahme sind ebenfalls potenzielle Ausl\u00f6ser f\u00fcr Verdauungsprobleme. Im schlimmsten Fall k\u00f6nnen solche St\u00f6rungen zu einer lebensbedrohlichen Kolik f\u00fchren.<\/span><\/p>\n<p><span style=\"font-weight: 400;\">Ein weiterer Risikofaktor ist mangelnde Zahnkontrolle. Pferde mit Zahnproblemen k\u00f6nnen ihr Futter nicht richtig zerkleinern, was die Verdauung erschwert und zu Verstopfungen f\u00fchren kann. Nicht zuletzt k\u00f6nnen Parasiten wie Bandw\u00fcrmer den Darm sch\u00e4digen und die Verdauung nachhaltig st\u00f6ren. Gut zu wissen: Die <\/span><span style=\"font-weight: 400;\">Pferdekrankenversicherung <\/span><span style=\"font-weight: 400;\">der Uelzener bezuschusst Vorsorgema\u00dfnahmen wie Entwurmungen mit bis zu 500 Euro pro Jahr und sch\u00fctzt dich vor finanziellen Risiken, falls dein Pferd medizinisch behandelt werden muss. So bist du auf der sicheren Seite.<\/span><\/p>\n\n<div class=\"banner\">\n    <a href=\"https:\/\/uelzener.de\/pferd\/herden-versicherung\/?agt=0000104925&sem=true&utm_medium=magazin&utm_source=wordpress&utm_campaign=pferd_kv&utm_content=banner    \">\n        <img decoding=\"async\" width=\"300\" height=\"212\" src=\"https:\/\/uelzener.de\/magazin\/app\/uploads\/2025\/01\/Pferde-Kranken-Versicherung.jpg\" class=\"attachment-medium size-medium\" alt=\"Banner Pferde-Kranken-Versicherung\" \/>    <\/a>\n<\/div>\n\n<h2>Fazit<\/h2>\n<p><span style=\"font-weight: 400;\">Die Verdauung des Pferdes ist ein hochkomplexer und sensibler Vorgang. Nur wenn alle Organe im Verdauungstrakt reibungslos zusammenarbeiten und das F\u00fctterungsmanagement stimmt, kann das Pferd N\u00e4hrstoffe optimal verwerten. Pferdehalter und -halterinnen sollten daher besonderes Augenmerk auf die Qualit\u00e4t des Futters, regelm\u00e4\u00dfige F\u00fctterungszeiten, eine ausreichende Raufutterversorgung, Zahnkontrollen und ausreichend Bewegung legen.\u00a0<\/span><\/p>\n<h2>FAQ: H\u00e4ufig gestellte Fragen zum Thema Pferdeverdauung<\/h2>\n<h3>Warum ist Heu so wichtig f\u00fcr die Pferdeverdauung?<\/h3>\n<p><span style=\"font-weight: 400;\">Heu ist reich an strukturierter Rohfaser, die f\u00fcr die gesunde Funktion des Dickdarms unerl\u00e4sslich ist. Es f\u00f6rdert die Kaut\u00e4tigkeit und dadurch die Produktion von Speichel, der wiederum die Magens\u00e4ure puffert.<\/span><\/p>\n<h3>Was sollte man bei einer Futterumstellung beachten?<\/h3>\n<p><span style=\"font-weight: 400;\">Eine Futterumstellung sollte immer schrittweise erfolgen, um die Darmflora nicht zu \u00fcberfordern und Verdauungsst\u00f6rungen zu vermeiden. Daf\u00fcr solltest du mindestens zwei Wochen einplanen und das Futters in kleinen Anteilen nach und nach ersetzen.\u00a0<\/span><\/p>\n<h3>Warum ist Bewegung so wichtig f\u00fcr die Verdauung?<\/h3>\n<p><span style=\"font-weight: 400;\">Bewegung f\u00f6rdert die Darmperistaltik, also die Bewegung des Darms, und regt somit die Verdauung an. Steht ein Pferd zu lange still, etwa bei Boxenhaltung ohne Weidegang, kann das unter anderem zu Verstopfung f\u00fchren.<\/span><\/p>\n","protected":false},"excerpt":{"rendered":"<p>Die Verdauung ist eine der wichtigsten S\u00e4ulen f\u00fcr die Gesundheit und das Wohlbefinden eines Pferdes. Sie ist nicht nur f\u00fcr die N\u00e4hrstoffaufnahme verantwortlich, sondern auch entscheidend f\u00fcr das Immunsystem und die gesamte Stoffwechselbalance. Wer versteht, wie die Verdauung beim Pferd funktioniert, kann damit zusammenh\u00e4ngende Probleme fr\u00fchzeitig erkennen und entsprechend handeln. In unserem Artikel erf\u00e4hrst du [&hellip;]<\/p>\n","protected":false},"author":3,"featured_media":12799,"parent":11706,"menu_order":77,"comment_status":"closed","ping_status":"closed","template":"templates\/blog.php","meta":{"_acf_changed":false,"_crdt_document":"","footnotes":"","beyondwords_generate_audio":"","beyondwords_project_id":"","beyondwords_content_id":"","beyondwords_preview_token":"","beyondwords_player_style":"","beyondwords_language_id":"","beyondwords_title_voice_id":"","beyondwords_body_voice_id":"","beyondwords_summary_voice_id":"","beyondwords_error_message":"","beyondwords_disabled":"","beyondwords_delete_content":"","beyondwords_podcast_id":"","beyondwords_hash":"","publish_post_to_speechkit":"","speechkit_hash":"","speechkit_generate_audio":"","speechkit_project_id":"","speechkit_podcast_id":"","speechkit_error_message":"","speechkit_disabled":"","speechkit_access_key":"","speechkit_error":"","speechkit_info":"","speechkit_response":"","speechkit_retries":"","speechkit_status":"","speechkit_updated_at":"","_speechkit_link":"","_speechkit_text":""},"class_list":["post-12798","page","type-page","status-publish","has-post-thumbnail","hentry"],"acf":[],"yoast_head":"<!-- This site is optimized with the Yoast SEO Premium plugin  - https:\/\/yoast.com\/product\/yoast-seo-premium-wordpress\/ -->\n<title>Wie funktioniert die Verdauung eines Pferdes? | Uelzener Tier-Magazin<\/title>\n<meta name=\"description\" content=\"Erfahre alles zum Thema Verdauung beim Pferd \u2713 Organe \u2713 Probleme \u2713 Tipps \u2713 Begriffe \u25b6 Jetzt schlaumachen!\" \/>\n<meta name=\"robots\" content=\"index, follow, max-snippet:-1, max-image-preview:large, max-video-preview:-1\" \/>\n<link rel=\"canonical\" href=\"https:\/\/uelzener.de\/magazin\/pferd\/tiergesundheit\/verdauung-pferd\/\" \/>\n<meta property=\"og:locale\" content=\"de_DE\" \/>\n<meta property=\"og:type\" content=\"article\" \/>\n<meta property=\"og:title\" content=\"Wie funktioniert die Verdauung eines Pferdes?\" \/>\n<meta property=\"og:description\" content=\"Erfahre alles zum Thema Verdauung beim Pferd \u2713 Organe \u2713 Probleme \u2713 Tipps \u2713 Begriffe \u25b6 Jetzt schlaumachen!\" \/>\n<meta property=\"og:url\" content=\"https:\/\/uelzener.de\/magazin\/pferd\/tiergesundheit\/verdauung-pferd\/\" \/>\n<meta property=\"og:site_name\" content=\"Uelzener Tier-Magazin\" \/>\n<meta property=\"article:publisher\" content=\"https:\/\/www.facebook.com\/Uelzener\" \/>\n<meta property=\"article:modified_time\" content=\"2025-08-18T10:54:36+00:00\" \/>\n<meta property=\"og:image\" content=\"https:\/\/uelzener.de\/magazin\/app\/uploads\/2021\/10\/Verdauung_GettyImages-173297783_RGB_1024x450_Rahmen.jpg\" \/>\n\t<meta property=\"og:image:width\" content=\"1024\" \/>\n\t<meta property=\"og:image:height\" content=\"450\" \/>\n\t<meta property=\"og:image:type\" content=\"image\/jpeg\" \/>\n<meta name=\"twitter:card\" content=\"summary_large_image\" \/>\n<meta name=\"twitter:label1\" content=\"Gesch\u00e4tzte Lesezeit\" \/>\n\t<meta name=\"twitter:data1\" content=\"7\u00a0Minuten\" \/>\n<script type=\"application\/ld+json\" class=\"yoast-schema-graph\">{\"@context\":\"https:\\\/\\\/schema.org\",\"@graph\":[{\"@type\":\"WebPage\",\"@id\":\"https:\\\/\\\/uelzener.de\\\/magazin\\\/pferd\\\/tiergesundheit\\\/verdauung-pferd\\\/\",\"url\":\"https:\\\/\\\/uelzener.de\\\/magazin\\\/pferd\\\/tiergesundheit\\\/verdauung-pferd\\\/\",\"name\":\"Wie funktioniert die Verdauung eines Pferdes? | Uelzener Tier-Magazin\",\"isPartOf\":{\"@id\":\"https:\\\/\\\/uelzener.de\\\/magazin\\\/#website\"},\"primaryImageOfPage\":{\"@id\":\"https:\\\/\\\/uelzener.de\\\/magazin\\\/pferd\\\/tiergesundheit\\\/verdauung-pferd\\\/#primaryimage\"},\"image\":{\"@id\":\"https:\\\/\\\/uelzener.de\\\/magazin\\\/pferd\\\/tiergesundheit\\\/verdauung-pferd\\\/#primaryimage\"},\"thumbnailUrl\":\"https:\\\/\\\/uelzener.de\\\/magazin\\\/app\\\/uploads\\\/2021\\\/10\\\/Verdauung_GettyImages-173297783_RGB_1024x450_Rahmen.jpg\",\"datePublished\":\"2021-05-14T08:50:20+00:00\",\"dateModified\":\"2025-08-18T10:54:36+00:00\",\"description\":\"Erfahre alles zum Thema Verdauung beim Pferd \u2713 Organe \u2713 Probleme \u2713 Tipps \u2713 Begriffe \u25b6 Jetzt schlaumachen!\",\"breadcrumb\":{\"@id\":\"https:\\\/\\\/uelzener.de\\\/magazin\\\/pferd\\\/tiergesundheit\\\/verdauung-pferd\\\/#breadcrumb\"},\"inLanguage\":\"de\",\"potentialAction\":[{\"@type\":\"ReadAction\",\"target\":[\"https:\\\/\\\/uelzener.de\\\/magazin\\\/pferd\\\/tiergesundheit\\\/verdauung-pferd\\\/\"]}]},{\"@type\":\"ImageObject\",\"inLanguage\":\"de\",\"@id\":\"https:\\\/\\\/uelzener.de\\\/magazin\\\/pferd\\\/tiergesundheit\\\/verdauung-pferd\\\/#primaryimage\",\"url\":\"https:\\\/\\\/uelzener.de\\\/magazin\\\/app\\\/uploads\\\/2021\\\/10\\\/Verdauung_GettyImages-173297783_RGB_1024x450_Rahmen.jpg\",\"contentUrl\":\"https:\\\/\\\/uelzener.de\\\/magazin\\\/app\\\/uploads\\\/2021\\\/10\\\/Verdauung_GettyImages-173297783_RGB_1024x450_Rahmen.jpg\",\"width\":1024,\"height\":450,\"caption\":\"Grafik Verdauung Pferd Darm\"},{\"@type\":\"WebSite\",\"@id\":\"https:\\\/\\\/uelzener.de\\\/magazin\\\/#website\",\"url\":\"https:\\\/\\\/uelzener.de\\\/magazin\\\/\",\"name\":\"Uelzener Tiermagazin\",\"description\":\"Online Tierratgeber der Uelzener Versicherungen\",\"publisher\":{\"@id\":\"https:\\\/\\\/uelzener.de\\\/magazin\\\/#organization\"},\"potentialAction\":[{\"@type\":\"SearchAction\",\"target\":{\"@type\":\"EntryPoint\",\"urlTemplate\":\"https:\\\/\\\/uelzener.de\\\/magazin\\\/?s={search_term_string}\"},\"query-input\":{\"@type\":\"PropertyValueSpecification\",\"valueRequired\":true,\"valueName\":\"search_term_string\"}}],\"inLanguage\":\"de\"},{\"@type\":\"Organization\",\"@id\":\"https:\\\/\\\/uelzener.de\\\/magazin\\\/#organization\",\"name\":\"Uelzener Versicherungen\",\"url\":\"https:\\\/\\\/uelzener.de\\\/magazin\\\/\",\"logo\":{\"@type\":\"ImageObject\",\"inLanguage\":\"de\",\"@id\":\"https:\\\/\\\/uelzener.de\\\/magazin\\\/#\\\/schema\\\/logo\\\/image\\\/\",\"url\":\"https:\\\/\\\/uelzener.de\\\/magazin\\\/app\\\/uploads\\\/2024\\\/11\\\/uelzener_allgemeine_versicherungsgesellschaft_a_g_logo.jpg\",\"contentUrl\":\"https:\\\/\\\/uelzener.de\\\/magazin\\\/app\\\/uploads\\\/2024\\\/11\\\/uelzener_allgemeine_versicherungsgesellschaft_a_g_logo.jpg\",\"width\":200,\"height\":200,\"caption\":\"Uelzener Versicherungen\"},\"image\":{\"@id\":\"https:\\\/\\\/uelzener.de\\\/magazin\\\/#\\\/schema\\\/logo\\\/image\\\/\"},\"sameAs\":[\"https:\\\/\\\/www.facebook.com\\\/Uelzener\",\"https:\\\/\\\/instagram.com\\\/uelzener\",\"https:\\\/\\\/www.xing.com\\\/pages\\\/uelzenerallgemeineversicherungs-gesellschafta-g\",\"https:\\\/\\\/www.youtube.com\\\/UelzenerVersicherungen\"]}]}<\/script>\n<!-- \/ Yoast SEO Premium plugin. -->","yoast_head_json":{"title":"Wie funktioniert die Verdauung eines Pferdes? | Uelzener Tier-Magazin","description":"Erfahre alles zum Thema Verdauung beim Pferd \u2713 Organe \u2713 Probleme \u2713 Tipps \u2713 Begriffe \u25b6 Jetzt schlaumachen!","robots":{"index":"index","follow":"follow","max-snippet":"max-snippet:-1","max-image-preview":"max-image-preview:large","max-video-preview":"max-video-preview:-1"},"canonical":"https:\/\/uelzener.de\/magazin\/pferd\/tiergesundheit\/verdauung-pferd\/","og_locale":"de_DE","og_type":"article","og_title":"Wie funktioniert die Verdauung eines Pferdes?","og_description":"Erfahre alles zum Thema Verdauung beim Pferd \u2713 Organe \u2713 Probleme \u2713 Tipps \u2713 Begriffe \u25b6 Jetzt schlaumachen!","og_url":"https:\/\/uelzener.de\/magazin\/pferd\/tiergesundheit\/verdauung-pferd\/","og_site_name":"Uelzener Tier-Magazin","article_publisher":"https:\/\/www.facebook.com\/Uelzener","article_modified_time":"2025-08-18T10:54:36+00:00","og_image":[{"width":1024,"height":450,"url":"https:\/\/uelzener.de\/magazin\/app\/uploads\/2021\/10\/Verdauung_GettyImages-173297783_RGB_1024x450_Rahmen.jpg","type":"image\/jpeg"}],"twitter_card":"summary_large_image","twitter_misc":{"Gesch\u00e4tzte Lesezeit":"7\u00a0Minuten"},"schema":{"@context":"https:\/\/schema.org","@graph":[{"@type":"WebPage","@id":"https:\/\/uelzener.de\/magazin\/pferd\/tiergesundheit\/verdauung-pferd\/","url":"https:\/\/uelzener.de\/magazin\/pferd\/tiergesundheit\/verdauung-pferd\/","name":"Wie funktioniert die Verdauung eines Pferdes? | Uelzener Tier-Magazin","isPartOf":{"@id":"https:\/\/uelzener.de\/magazin\/#website"},"primaryImageOfPage":{"@id":"https:\/\/uelzener.de\/magazin\/pferd\/tiergesundheit\/verdauung-pferd\/#primaryimage"},"image":{"@id":"https:\/\/uelzener.de\/magazin\/pferd\/tiergesundheit\/verdauung-pferd\/#primaryimage"},"thumbnailUrl":"https:\/\/uelzener.de\/magazin\/app\/uploads\/2021\/10\/Verdauung_GettyImages-173297783_RGB_1024x450_Rahmen.jpg","datePublished":"2021-05-14T08:50:20+00:00","dateModified":"2025-08-18T10:54:36+00:00","description":"Erfahre alles zum Thema Verdauung beim Pferd \u2713 Organe \u2713 Probleme \u2713 Tipps \u2713 Begriffe \u25b6 Jetzt schlaumachen!","breadcrumb":{"@id":"https:\/\/uelzener.de\/magazin\/pferd\/tiergesundheit\/verdauung-pferd\/#breadcrumb"},"inLanguage":"de","potentialAction":[{"@type":"ReadAction","target":["https:\/\/uelzener.de\/magazin\/pferd\/tiergesundheit\/verdauung-pferd\/"]}]},{"@type":"ImageObject","inLanguage":"de","@id":"https:\/\/uelzener.de\/magazin\/pferd\/tiergesundheit\/verdauung-pferd\/#primaryimage","url":"https:\/\/uelzener.de\/magazin\/app\/uploads\/2021\/10\/Verdauung_GettyImages-173297783_RGB_1024x450_Rahmen.jpg","contentUrl":"https:\/\/uelzener.de\/magazin\/app\/uploads\/2021\/10\/Verdauung_GettyImages-173297783_RGB_1024x450_Rahmen.jpg","width":1024,"height":450,"caption":"Grafik Verdauung Pferd Darm"},{"@type":"WebSite","@id":"https:\/\/uelzener.de\/magazin\/#website","url":"https:\/\/uelzener.de\/magazin\/","name":"Uelzener Tiermagazin","description":"Online Tierratgeber der Uelzener Versicherungen","publisher":{"@id":"https:\/\/uelzener.de\/magazin\/#organization"},"potentialAction":[{"@type":"SearchAction","target":{"@type":"EntryPoint","urlTemplate":"https:\/\/uelzener.de\/magazin\/?s={search_term_string}"},"query-input":{"@type":"PropertyValueSpecification","valueRequired":true,"valueName":"search_term_string"}}],"inLanguage":"de"},{"@type":"Organization","@id":"https:\/\/uelzener.de\/magazin\/#organization","name":"Uelzener Versicherungen","url":"https:\/\/uelzener.de\/magazin\/","logo":{"@type":"ImageObject","inLanguage":"de","@id":"https:\/\/uelzener.de\/magazin\/#\/schema\/logo\/image\/","url":"https:\/\/uelzener.de\/magazin\/app\/uploads\/2024\/11\/uelzener_allgemeine_versicherungsgesellschaft_a_g_logo.jpg","contentUrl":"https:\/\/uelzener.de\/magazin\/app\/uploads\/2024\/11\/uelzener_allgemeine_versicherungsgesellschaft_a_g_logo.jpg","width":200,"height":200,"caption":"Uelzener Versicherungen"},"image":{"@id":"https:\/\/uelzener.de\/magazin\/#\/schema\/logo\/image\/"},"sameAs":["https:\/\/www.facebook.com\/Uelzener","https:\/\/instagram.com\/uelzener","https:\/\/www.xing.com\/pages\/uelzenerallgemeineversicherungs-gesellschafta-g","https:\/\/www.youtube.com\/UelzenerVersicherungen"]}]}},"_links":{"self":[{"href":"https:\/\/uelzener.de\/magazin\/wp-json\/wp\/v2\/pages\/12798","targetHints":{"allow":["GET"]}}],"collection":[{"href":"https:\/\/uelzener.de\/magazin\/wp-json\/wp\/v2\/pages"}],"about":[{"href":"https:\/\/uelzener.de\/magazin\/wp-json\/wp\/v2\/types\/page"}],"author":[{"embeddable":true,"href":"https:\/\/uelzener.de\/magazin\/wp-json\/wp\/v2\/users\/3"}],"replies":[{"embeddable":true,"href":"https:\/\/uelzener.de\/magazin\/wp-json\/wp\/v2\/comments?post=12798"}],"version-history":[{"count":11,"href":"https:\/\/uelzener.de\/magazin\/wp-json\/wp\/v2\/pages\/12798\/revisions"}],"predecessor-version":[{"id":18873,"href":"https:\/\/uelzener.de\/magazin\/wp-json\/wp\/v2\/pages\/12798\/revisions\/18873"}],"up":[{"embeddable":true,"href":"https:\/\/uelzener.de\/magazin\/wp-json\/wp\/v2\/pages\/11706"}],"wp:featuredmedia":[{"embeddable":true,"href":"https:\/\/uelzener.de\/magazin\/wp-json\/wp\/v2\/media\/12799"}],"wp:attachment":[{"href":"https:\/\/uelzener.de\/magazin\/wp-json\/wp\/v2\/media?parent=12798"}],"curies":[{"name":"wp","href":"https:\/\/api.w.org\/{rel}","templated":true}]}}