{"id":12793,"date":"2021-09-29T11:32:36","date_gmt":"2021-09-29T09:32:36","guid":{"rendered":"https:\/\/uelzener.de\/magazin\/?page_id=12793"},"modified":"2022-10-19T15:03:51","modified_gmt":"2022-10-19T13:03:51","slug":"hundepfote","status":"publish","type":"page","link":"https:\/\/uelzener.de\/magazin\/hund\/haltung\/hundepfote\/","title":{"rendered":"Hundepfote: Ein Wunderwerk"},"content":{"rendered":"<p><strong>Die Pfoten tragen unsere Hunde durchs Leben. Sie sind nicht nur zum Laufen da. Sie sind Sto\u00dfd\u00e4mpfer und Gleitschutz, aber auch zum Hinterlassen von Duftspuren sind sie wichtig f\u00fcr unsere Vierbeiner. Im Vergleich zu uns Menschen gibt es eine weitere Besonderheit, der den Hunden ein schnelles Laufen erm\u00f6glicht.<\/strong><\/p>\n<p>Hunde sind Zehentreter. Das hei\u00dft: Unsere starken Partner laufen auf den Zehen, ihre Fu\u00dfsohlen ber\u00fchren den Boden \u00fcberhaupt nicht. Dieser Bewegungsablauf erlaubt schnelles Laufen und die F\u00e4higkeit, sich perfekt anzuschleichen. Menschen hingegen sind sogenannte Sohlentreter. Mit den Pfoten der Hunde w\u00e4re dies anatomisch gar nicht m\u00f6glich.<\/p>\n<p>Und was hat es mit der Wolfskralle auf sich? Lese schnell <a href=\"https:\/\/uelzener.de\/magazin\/hund\/haeufige-fragen\/wolfskralle-hund\/\">hier<\/a> nach.<\/p>\n<p>Die Vorderpfoten sind gr\u00f6\u00dfer und runder. Je nach Rasse tragen sie rund 60 bis 65 Prozent des K\u00f6rpergewichts. Die Pfotenballen sind mit einer dicken Hautschicht ausgestattet, welche als Sto\u00dfd\u00e4mpfer dient. Und die Hornhaut sorgt f\u00fcr guten Halt auf widrigen Oberfl\u00e4chen. Achtung: Die Ballen sind mit einer Vielzahl von Nervenenden durchzogen, deshalb sind die Vierbeiner dort oft kitzelig.<\/p>\n<p>Aller guten Dinge sind drei: Die Pfoten dienen nicht nur als Sto\u00dfd\u00e4mpfer und Gleitschutz, sondern sie sind auch essenziell f\u00fcr das Absetzen von Duftmarken. Durch die Dr\u00fcsen an den Pfoten k\u00f6nnen die Vierbeiner ihren speziellen Duft absondern. Ihre Visitenkarten lassen sie beim Scharren zur\u00fcck.<\/p>\n<p>Trotz ihrer Vielseitigkeit und Robustheit sind die Hundepfoten ein empfindliches K\u00f6rperteil. Bei Winterwetter machen <a href=\"https:\/\/uelzener.de\/magazin\/hund\/tiergesundheit\/pfotenpflege-hund\/\">Streusalz<\/a> und Granulate ihnen ganz sch\u00f6n zu schaffen. Als Hundebesitzer sollte man gestreute Wege m\u00f6glichst meiden, denn das Granulat kann an den Ballen der Hundepfote die Haut wund scheuern oder verletzen. Streusalz reizt die Haut und trocknet sie aus. Die verletzten Pfoten verursachen Schmerzen beim Hund. Besonders bei langhaarigen Hunderassen sollte das Fell zwischen den Zehen regelm\u00e4\u00dfig gek\u00fcrzt werden. Dadurch k\u00f6nnen sich bei <a href=\"https:\/\/uelzener.de\/magazin\/hund\/tiergesundheit\/mit-hund-im-schnee\/\">Hunden im Schnee<\/a>, Eis und Streugut nicht zwischen den Ballen ansammeln. Sollte es nicht zu vermeiden sein, dass dein Hund mal auf Eisfl\u00e4chen oder auf Wegen geht, auf denen Salz gestreut wurde, k\u00f6nnen Sie Ihrem Hund auch <a href=\"https:\/\/uelzener.de\/magazin\/hund\/haltung\/hundeschuhe-winter\/\"><strong>Hundeschuhe<\/strong><\/a> anziehen.<\/p>\n<p>&nbsp;<\/p>\n","protected":false},"excerpt":{"rendered":"<p>Die Pfoten tragen unsere Hunde durchs Leben. Sie sind nicht nur zum Laufen da. Sie sind Sto\u00dfd\u00e4mpfer und Gleitschutz, aber auch zum Hinterlassen von Duftspuren sind sie wichtig f\u00fcr unsere Vierbeiner. Im Vergleich zu uns Menschen gibt es eine weitere Besonderheit, der den Hunden ein schnelles Laufen erm\u00f6glicht. Hunde sind Zehentreter. Das hei\u00dft: Unsere starken [&hellip;]<\/p>\n","protected":false},"author":3,"featured_media":12794,"parent":11650,"menu_order":12,"comment_status":"closed","ping_status":"closed","template":"templates\/blog.php","meta":{"_acf_changed":false,"_crdt_document":"","footnotes":"","beyondwords_generate_audio":"","beyondwords_project_id":"","beyondwords_content_id":"","beyondwords_preview_token":"","beyondwords_player_style":"","beyondwords_language_id":"","beyondwords_title_voice_id":"","beyondwords_body_voice_id":"","beyondwords_summary_voice_id":"","beyondwords_error_message":"","beyondwords_disabled":"","beyondwords_delete_content":"","beyondwords_podcast_id":"","beyondwords_hash":"","publish_post_to_speechkit":"","speechkit_hash":"","speechkit_generate_audio":"","speechkit_project_id":"","speechkit_podcast_id":"","speechkit_error_message":"","speechkit_disabled":"","speechkit_access_key":"","speechkit_error":"","speechkit_info":"","speechkit_response":"","speechkit_retries":"","speechkit_status":"","speechkit_updated_at":"","_speechkit_link":"","_speechkit_text":""},"class_list":["post-12793","page","type-page","status-publish","has-post-thumbnail","hentry"],"acf":[],"yoast_head":"<!-- This site is optimized with the Yoast SEO Premium plugin  - https:\/\/yoast.com\/product\/yoast-seo-premium-wordpress\/ -->\n<title>Hundepfoten und ihre Funktion | Uelzener<\/title>\n<meta name=\"description\" content=\"Erfahre alles zum Thema Hundepfoten \u2713 Funktion \u2713 Pflege \u2713 Tipps \u2713 Vorsorge \u25b6 Jetzt schlaumachen!\" \/>\n<meta name=\"robots\" content=\"index, follow, max-snippet:-1, max-image-preview:large, max-video-preview:-1\" \/>\n<link rel=\"canonical\" href=\"https:\/\/uelzener.de\/magazin\/hund\/haltung\/hundepfote\/\" \/>\n<meta property=\"og:locale\" content=\"de_DE\" \/>\n<meta property=\"og:type\" content=\"article\" \/>\n<meta property=\"og:title\" content=\"Hundepfote: Ein Wunderwerk\" \/>\n<meta property=\"og:description\" content=\"Erfahre alles zum Thema Hundepfoten \u2713 Funktion \u2713 Pflege \u2713 Tipps \u2713 Vorsorge \u25b6 Jetzt schlaumachen!\" \/>\n<meta property=\"og:url\" content=\"https:\/\/uelzener.de\/magazin\/hund\/haltung\/hundepfote\/\" \/>\n<meta property=\"og:site_name\" content=\"Uelzener Tier-Magazin\" \/>\n<meta property=\"article:publisher\" content=\"https:\/\/www.facebook.com\/Uelzener\" \/>\n<meta property=\"article:modified_time\" content=\"2022-10-19T13:03:51+00:00\" \/>\n<meta property=\"og:image\" content=\"https:\/\/uelzener.de\/magazin\/app\/uploads\/2021\/09\/1024x450_Nahaufnahme-Hund-erhobene-Pfote.jpg\" \/>\n\t<meta property=\"og:image:width\" content=\"1024\" \/>\n\t<meta property=\"og:image:height\" content=\"450\" \/>\n\t<meta property=\"og:image:type\" content=\"image\/jpeg\" \/>\n<meta name=\"twitter:card\" content=\"summary_large_image\" \/>\n<meta name=\"twitter:label1\" content=\"Gesch\u00e4tzte Lesezeit\" \/>\n\t<meta name=\"twitter:data1\" content=\"2\u00a0Minuten\" \/>\n<script type=\"application\/ld+json\" class=\"yoast-schema-graph\">{\"@context\":\"https:\/\/schema.org\",\"@graph\":[{\"@type\":\"WebPage\",\"@id\":\"https:\/\/uelzener.de\/magazin\/hund\/haltung\/hundepfote\/\",\"url\":\"https:\/\/uelzener.de\/magazin\/hund\/haltung\/hundepfote\/\",\"name\":\"Hundepfoten und ihre Funktion | Uelzener\",\"isPartOf\":{\"@id\":\"https:\/\/uelzener.de\/magazin\/#website\"},\"primaryImageOfPage\":{\"@id\":\"https:\/\/uelzener.de\/magazin\/hund\/haltung\/hundepfote\/#primaryimage\"},\"image\":{\"@id\":\"https:\/\/uelzener.de\/magazin\/hund\/haltung\/hundepfote\/#primaryimage\"},\"thumbnailUrl\":\"https:\/\/uelzener.de\/magazin\/app\/uploads\/2021\/09\/1024x450_Nahaufnahme-Hund-erhobene-Pfote.jpg\",\"datePublished\":\"2021-09-29T09:32:36+00:00\",\"dateModified\":\"2022-10-19T13:03:51+00:00\",\"description\":\"Erfahre alles zum Thema Hundepfoten \u2713 Funktion \u2713 Pflege \u2713 Tipps \u2713 Vorsorge \u25b6 Jetzt schlaumachen!\",\"breadcrumb\":{\"@id\":\"https:\/\/uelzener.de\/magazin\/hund\/haltung\/hundepfote\/#breadcrumb\"},\"inLanguage\":\"de\",\"potentialAction\":[{\"@type\":\"ReadAction\",\"target\":[\"https:\/\/uelzener.de\/magazin\/hund\/haltung\/hundepfote\/\"]}]},{\"@type\":\"ImageObject\",\"inLanguage\":\"de\",\"@id\":\"https:\/\/uelzener.de\/magazin\/hund\/haltung\/hundepfote\/#primaryimage\",\"url\":\"https:\/\/uelzener.de\/magazin\/app\/uploads\/2021\/09\/1024x450_Nahaufnahme-Hund-erhobene-Pfote.jpg\",\"contentUrl\":\"https:\/\/uelzener.de\/magazin\/app\/uploads\/2021\/09\/1024x450_Nahaufnahme-Hund-erhobene-Pfote.jpg\",\"width\":1024,\"height\":450,\"caption\":\"Hund hebt die Pfote auf dem Berg bei strahlendem Sonnenschein.\"},{\"@type\":\"WebSite\",\"@id\":\"https:\/\/uelzener.de\/magazin\/#website\",\"url\":\"https:\/\/uelzener.de\/magazin\/\",\"name\":\"Uelzener Tiermagazin\",\"description\":\"Online Tierratgeber der Uelzener Versicherungen\",\"publisher\":{\"@id\":\"https:\/\/uelzener.de\/magazin\/#organization\"},\"potentialAction\":[{\"@type\":\"SearchAction\",\"target\":{\"@type\":\"EntryPoint\",\"urlTemplate\":\"https:\/\/uelzener.de\/magazin\/?s={search_term_string}\"},\"query-input\":{\"@type\":\"PropertyValueSpecification\",\"valueRequired\":true,\"valueName\":\"search_term_string\"}}],\"inLanguage\":\"de\"},{\"@type\":\"Organization\",\"@id\":\"https:\/\/uelzener.de\/magazin\/#organization\",\"name\":\"Uelzener Versicherungen\",\"url\":\"https:\/\/uelzener.de\/magazin\/\",\"logo\":{\"@type\":\"ImageObject\",\"inLanguage\":\"de\",\"@id\":\"https:\/\/uelzener.de\/magazin\/#\/schema\/logo\/image\/\",\"url\":\"https:\/\/uelzener.de\/magazin\/app\/uploads\/2024\/11\/uelzener_allgemeine_versicherungsgesellschaft_a_g_logo.jpg\",\"contentUrl\":\"https:\/\/uelzener.de\/magazin\/app\/uploads\/2024\/11\/uelzener_allgemeine_versicherungsgesellschaft_a_g_logo.jpg\",\"width\":200,\"height\":200,\"caption\":\"Uelzener Versicherungen\"},\"image\":{\"@id\":\"https:\/\/uelzener.de\/magazin\/#\/schema\/logo\/image\/\"},\"sameAs\":[\"https:\/\/www.facebook.com\/Uelzener\",\"https:\/\/instagram.com\/uelzener\",\"https:\/\/www.xing.com\/pages\/uelzenerallgemeineversicherungs-gesellschafta-g\",\"https:\/\/www.youtube.com\/UelzenerVersicherungen\"]}]}<\/script>\n<!-- \/ Yoast SEO Premium plugin. -->","yoast_head_json":{"title":"Hundepfoten und ihre Funktion | Uelzener","description":"Erfahre alles zum Thema Hundepfoten \u2713 Funktion \u2713 Pflege \u2713 Tipps \u2713 Vorsorge \u25b6 Jetzt schlaumachen!","robots":{"index":"index","follow":"follow","max-snippet":"max-snippet:-1","max-image-preview":"max-image-preview:large","max-video-preview":"max-video-preview:-1"},"canonical":"https:\/\/uelzener.de\/magazin\/hund\/haltung\/hundepfote\/","og_locale":"de_DE","og_type":"article","og_title":"Hundepfote: Ein Wunderwerk","og_description":"Erfahre alles zum Thema Hundepfoten \u2713 Funktion \u2713 Pflege \u2713 Tipps \u2713 Vorsorge \u25b6 Jetzt schlaumachen!","og_url":"https:\/\/uelzener.de\/magazin\/hund\/haltung\/hundepfote\/","og_site_name":"Uelzener Tier-Magazin","article_publisher":"https:\/\/www.facebook.com\/Uelzener","article_modified_time":"2022-10-19T13:03:51+00:00","og_image":[{"width":1024,"height":450,"url":"https:\/\/uelzener.de\/magazin\/app\/uploads\/2021\/09\/1024x450_Nahaufnahme-Hund-erhobene-Pfote.jpg","type":"image\/jpeg"}],"twitter_card":"summary_large_image","twitter_misc":{"Gesch\u00e4tzte Lesezeit":"2\u00a0Minuten"},"schema":{"@context":"https:\/\/schema.org","@graph":[{"@type":"WebPage","@id":"https:\/\/uelzener.de\/magazin\/hund\/haltung\/hundepfote\/","url":"https:\/\/uelzener.de\/magazin\/hund\/haltung\/hundepfote\/","name":"Hundepfoten und ihre Funktion | Uelzener","isPartOf":{"@id":"https:\/\/uelzener.de\/magazin\/#website"},"primaryImageOfPage":{"@id":"https:\/\/uelzener.de\/magazin\/hund\/haltung\/hundepfote\/#primaryimage"},"image":{"@id":"https:\/\/uelzener.de\/magazin\/hund\/haltung\/hundepfote\/#primaryimage"},"thumbnailUrl":"https:\/\/uelzener.de\/magazin\/app\/uploads\/2021\/09\/1024x450_Nahaufnahme-Hund-erhobene-Pfote.jpg","datePublished":"2021-09-29T09:32:36+00:00","dateModified":"2022-10-19T13:03:51+00:00","description":"Erfahre alles zum Thema Hundepfoten \u2713 Funktion \u2713 Pflege \u2713 Tipps \u2713 Vorsorge \u25b6 Jetzt schlaumachen!","breadcrumb":{"@id":"https:\/\/uelzener.de\/magazin\/hund\/haltung\/hundepfote\/#breadcrumb"},"inLanguage":"de","potentialAction":[{"@type":"ReadAction","target":["https:\/\/uelzener.de\/magazin\/hund\/haltung\/hundepfote\/"]}]},{"@type":"ImageObject","inLanguage":"de","@id":"https:\/\/uelzener.de\/magazin\/hund\/haltung\/hundepfote\/#primaryimage","url":"https:\/\/uelzener.de\/magazin\/app\/uploads\/2021\/09\/1024x450_Nahaufnahme-Hund-erhobene-Pfote.jpg","contentUrl":"https:\/\/uelzener.de\/magazin\/app\/uploads\/2021\/09\/1024x450_Nahaufnahme-Hund-erhobene-Pfote.jpg","width":1024,"height":450,"caption":"Hund hebt die Pfote auf dem Berg bei strahlendem Sonnenschein."},{"@type":"WebSite","@id":"https:\/\/uelzener.de\/magazin\/#website","url":"https:\/\/uelzener.de\/magazin\/","name":"Uelzener Tiermagazin","description":"Online Tierratgeber der Uelzener Versicherungen","publisher":{"@id":"https:\/\/uelzener.de\/magazin\/#organization"},"potentialAction":[{"@type":"SearchAction","target":{"@type":"EntryPoint","urlTemplate":"https:\/\/uelzener.de\/magazin\/?s={search_term_string}"},"query-input":{"@type":"PropertyValueSpecification","valueRequired":true,"valueName":"search_term_string"}}],"inLanguage":"de"},{"@type":"Organization","@id":"https:\/\/uelzener.de\/magazin\/#organization","name":"Uelzener Versicherungen","url":"https:\/\/uelzener.de\/magazin\/","logo":{"@type":"ImageObject","inLanguage":"de","@id":"https:\/\/uelzener.de\/magazin\/#\/schema\/logo\/image\/","url":"https:\/\/uelzener.de\/magazin\/app\/uploads\/2024\/11\/uelzener_allgemeine_versicherungsgesellschaft_a_g_logo.jpg","contentUrl":"https:\/\/uelzener.de\/magazin\/app\/uploads\/2024\/11\/uelzener_allgemeine_versicherungsgesellschaft_a_g_logo.jpg","width":200,"height":200,"caption":"Uelzener Versicherungen"},"image":{"@id":"https:\/\/uelzener.de\/magazin\/#\/schema\/logo\/image\/"},"sameAs":["https:\/\/www.facebook.com\/Uelzener","https:\/\/instagram.com\/uelzener","https:\/\/www.xing.com\/pages\/uelzenerallgemeineversicherungs-gesellschafta-g","https:\/\/www.youtube.com\/UelzenerVersicherungen"]}]}},"_links":{"self":[{"href":"https:\/\/uelzener.de\/magazin\/wp-json\/wp\/v2\/pages\/12793","targetHints":{"allow":["GET"]}}],"collection":[{"href":"https:\/\/uelzener.de\/magazin\/wp-json\/wp\/v2\/pages"}],"about":[{"href":"https:\/\/uelzener.de\/magazin\/wp-json\/wp\/v2\/types\/page"}],"author":[{"embeddable":true,"href":"https:\/\/uelzener.de\/magazin\/wp-json\/wp\/v2\/users\/3"}],"replies":[{"embeddable":true,"href":"https:\/\/uelzener.de\/magazin\/wp-json\/wp\/v2\/comments?post=12793"}],"version-history":[{"count":7,"href":"https:\/\/uelzener.de\/magazin\/wp-json\/wp\/v2\/pages\/12793\/revisions"}],"predecessor-version":[{"id":14229,"href":"https:\/\/uelzener.de\/magazin\/wp-json\/wp\/v2\/pages\/12793\/revisions\/14229"}],"up":[{"embeddable":true,"href":"https:\/\/uelzener.de\/magazin\/wp-json\/wp\/v2\/pages\/11650"}],"wp:featuredmedia":[{"embeddable":true,"href":"https:\/\/uelzener.de\/magazin\/wp-json\/wp\/v2\/media\/12794"}],"wp:attachment":[{"href":"https:\/\/uelzener.de\/magazin\/wp-json\/wp\/v2\/media?parent=12793"}],"curies":[{"name":"wp","href":"https:\/\/api.w.org\/{rel}","templated":true}]}}