{"id":12780,"date":"2016-08-05T13:43:05","date_gmt":"2016-08-05T11:43:05","guid":{"rendered":"https:\/\/uelzener.de\/magazin\/?page_id=12780"},"modified":"2023-02-21T14:08:28","modified_gmt":"2023-02-21T13:08:28","slug":"das-lehrpferd","status":"publish","type":"page","link":"https:\/\/uelzener.de\/magazin\/pferd\/erziehung-und-training\/das-lehrpferd\/","title":{"rendered":"Das Lehrpferd"},"content":{"rendered":"<p>Ein wirklich gut ausgebildetes Lehrpferd vermittelt dem Reiterneuling das richtige Gef\u00fchl f\u00fcr eine feine Kommunikation und eine zweckm\u00e4\u00dfige Hilfengebung.<\/p>\n<p>Es gibt dem Reiter ein Gef\u00fchl davon, wie sich beispielsweise eine Lektion korrekt anf\u00fchlen soll und verhilft ihm zu schnelleren Lernerfolgen, da sich der Sch\u00fcler von vorneherein das richtige Bewegungsmuster aneignet. Eine weiche Anlehnung, ein \u00fcber den R\u00fccken gehendes Pferd, ein bergauf gesprungener, versammelter Galopp \u2013 hat ein Sch\u00fcler dieses Gef\u00fchl und die dazugeh\u00f6rige Hilfengebung durch viele Wiederholungen und das zus\u00e4tzliche Feedback eines erfahrenen Ausbilders erfahren und abspeichern d\u00fcrfen, so wird es ihm im Folgenden ein Leichtes sein dieses auf ein anderes (unerfahrenes) Pferd zu \u00fcbertragen. Lehrpferde geben dem Reiteinsteiger Sicherheit, indem sie auch kleine Fehler verzeihen und geduldig abwarten bis der Sch\u00fcler die richtige Hilfengebung zu geben vermag, jedoch sind sie auch f\u00fcr den schon weiter fortgeschrittenen Reiter Gold wert. Lassen sie diesen auch h\u00f6here Lektionen, wie beispielsweise Fliegende Galoppwechsel oder eine Galopppirouette wunderbar erf\u00fchlen und auf das eigene Pferd St\u00fcck f\u00fcr St\u00fcck oder besser Sprung f\u00fcr Sprung \u00fcbertragen.<\/p>\n<p>Wurde ein bestimmtes Reitgef\u00fchl oder eine Hilfengebung im Sch\u00fcler Dank eines Lehrpferdes abgespeichert, so gestaltet sich die Praxis somit als deutlich pferdeschonender und effizienter.<\/p>\n<p>Hinter einem Lehrpferd steht immer auch ein Ausbilder, der es \u00fcber viele Jahre hinweg dahingehend geschult hat, auf eine leichte Hilfengebung hin, Wechsel zwischen Tempo, Richtung und Gangarten bis hin zu komplexeren \u00dcbungsabl\u00e4ufen vertrauensvoll, gelassen und sicher auszuf\u00fchren. So wird der ehemals vierbeinige Sch\u00fcler nun ebenfalls zum Lehrmeister f\u00fcr die nachfolgende Reitergeneration. Eine Aufgabe, die viele Pferde \u2013 ein weiterhin \u00fcber sie wachendes Auge ihres Ausbilders vorausgesetzt \u2013 der Erfahrung nach gerne ausf\u00fchren.<\/p>\n<p>Die Schwierigkeit besteht heute jedoch darin, dass es nur noch sehr wenige Orte gibt, an denen sich gut ausgebildete Pferdepers\u00f6nlichkeiten finden lassen, die ihr Wissen auch an andere Sch\u00fcler weitergeben k\u00f6nnen und d\u00fcrfen. Dies hat verschiedene Gr\u00fcnde, einerseits gibt es einfach nur wenige wirklich gut ausgebildete Pferde und weiter ist eine solche Ausbildung sehr zeitintensiv und l\u00e4sst sich nicht mit einem geringen Unterrichtsbeitrag pro Stunde decken. Das Reiten solcher Pferde ben\u00f6tigt zudem auch eine andere Herangehensweise an das Reiten lernen, wie beispielsweise eine l\u00e4ngere Schulung an der Sitzlonge, um das fein ausgebildete Pferd nicht zu verschlei\u00dfen. So finden wir heute statt einem hervorragend zugerittenen Lehrpferd, sicherlich daraus resultierend, dass so viele Menschen so schnell und nat\u00fcrlich auch kostensparend Reiten lernen m\u00f6chten, das heutige Schulpferd, welches zumeist ein trauriges Dasein fristet und mit einer mangelhaften Ausbildung seine Runden dreht.<\/p>\n<p>Wir sollten uns die Frage stellen, ob man in logischer Konsequenz so wirklich \u201erichtig\u201c Reiten lernt oder sich nicht doch eher viele Bewegungsmuster angew\u00f6hnt, die wir uns im Folgenden wieder m\u00fchevoll abtrainieren m\u00fcssen und die in jedem Fall auf Kosten der Pferde gehen.<\/p>\n<p>Was k\u00f6nnen wir also tun? Mach Dich auf die Suche nach einer <a href=\"https:\/\/uelzener.de\/magazin\/pferd\/erziehung-und-training\/reitschule-kind\/\">Reitschule f\u00fcr dein Kind<\/a>, in der fein ausgebildete Lehrpferde zu finden sind, die sorgsam \u00fcber diese wacht und sich die Zeit nimmt, dem Sch\u00fcler zun\u00e4chst einen guten Sitz an der Longe beizubringen. Dies muss sich auch im Preis des Unterrichts niederschlagen, aber sollte es uns dies nicht in Bezug auf unser eigenes Fortkommen und dem Aspekt des Tierschutzes Wert sein? Begib Dich auf die Suche nach den \u201erichtigen\u201c Vorbildern. Es lohnt sich!<\/p>\n<p>Deine Nicole K\u00fcnzel<\/p>\n<p><em>Nicole K\u00fcnzel bildet Mensch und Pferd in der klassischen Reitkunst aus. Freude, Leichtigkeit und Harmonie sowie eine positive Grundeinstellung sind Werte, die sie ihren Sch\u00fclern vermitteln m\u00f6chte. Neben der Pferdeausbildung ist das Schreiben ihre weitere Leidenschaft. Sie ist Autorin mehrerer Pferdefachb\u00fccher und gr\u00fcndete 2014 den evipo Verlag <a href=\"http:\/\/evipo-verlag.com\">evipo-verlag.com<\/a>. In Hannover etablierte sie ihr eigenes Ausbildungszentrum evipo <\/em><a href=\"http:\/\/www.evipo.de\/\"><em>www.evipo.de<\/em><\/a><em>.<\/em><\/p>\n<p><strong>Mehr davon im Buch von Nicole K\u00fcnzel &#8222;Mit Sicherheit richtig verstanden&#8220;.<\/strong><\/p>\n","protected":false},"excerpt":{"rendered":"<p>Ein wirklich gut ausgebildetes Lehrpferd vermittelt dem Reiterneuling das richtige Gef\u00fchl f\u00fcr eine feine Kommunikation und eine zweckm\u00e4\u00dfige Hilfengebung. Es gibt dem Reiter ein Gef\u00fchl davon, wie sich beispielsweise eine Lektion korrekt anf\u00fchlen soll und verhilft ihm zu schnelleren Lernerfolgen, da sich der Sch\u00fcler von vorneherein das richtige Bewegungsmuster aneignet. Eine weiche Anlehnung, ein \u00fcber [&hellip;]<\/p>\n","protected":false},"author":3,"featured_media":12781,"parent":11689,"menu_order":56,"comment_status":"closed","ping_status":"closed","template":"templates\/blog.php","meta":{"_acf_changed":false,"_crdt_document":"","footnotes":"","beyondwords_generate_audio":"","beyondwords_project_id":"","beyondwords_content_id":"","beyondwords_preview_token":"","beyondwords_player_style":"","beyondwords_language_id":"","beyondwords_title_voice_id":"","beyondwords_body_voice_id":"","beyondwords_summary_voice_id":"","beyondwords_error_message":"","beyondwords_disabled":"","beyondwords_delete_content":"","beyondwords_podcast_id":"","beyondwords_hash":"","publish_post_to_speechkit":"","speechkit_hash":"","speechkit_generate_audio":"","speechkit_project_id":"","speechkit_podcast_id":"","speechkit_error_message":"","speechkit_disabled":"","speechkit_access_key":"","speechkit_error":"","speechkit_info":"","speechkit_response":"","speechkit_retries":"","speechkit_status":"","speechkit_updated_at":"","_speechkit_link":"","_speechkit_text":""},"class_list":["post-12780","page","type-page","status-publish","has-post-thumbnail","hentry"],"acf":[],"yoast_head":"<!-- This site is optimized with the Yoast SEO Premium plugin  - https:\/\/yoast.com\/product\/yoast-seo-premium-wordpress\/ -->\n<title>Das Lehrpferd | Uelzener<\/title>\n<meta name=\"description\" content=\"Erfahre alles zum Thema Lehrpferd \u2713 Tipps \u2713 Hilfen \u2713 Praxis \u2713 Ausbildung \u25b6 Jetzt lesen!\" \/>\n<meta name=\"robots\" content=\"index, follow, max-snippet:-1, max-image-preview:large, max-video-preview:-1\" \/>\n<link rel=\"canonical\" href=\"https:\/\/uelzener.de\/magazin\/pferd\/erziehung-und-training\/das-lehrpferd\/\" \/>\n<meta property=\"og:locale\" content=\"de_DE\" \/>\n<meta property=\"og:type\" content=\"article\" \/>\n<meta property=\"og:title\" content=\"Das Lehrpferd\" \/>\n<meta property=\"og:description\" content=\"Erfahre alles zum Thema Lehrpferd \u2713 Tipps \u2713 Hilfen \u2713 Praxis \u2713 Ausbildung \u25b6 Jetzt lesen!\" \/>\n<meta property=\"og:url\" content=\"https:\/\/uelzener.de\/magazin\/pferd\/erziehung-und-training\/das-lehrpferd\/\" \/>\n<meta property=\"og:site_name\" content=\"Uelzener Tier-Magazin\" \/>\n<meta property=\"article:publisher\" content=\"https:\/\/www.facebook.com\/Uelzener\" \/>\n<meta property=\"article:modified_time\" content=\"2023-02-21T13:08:28+00:00\" \/>\n<meta property=\"og:image\" content=\"https:\/\/uelzener.de\/magazin\/app\/uploads\/2021\/09\/1024x450_Nahaufnahme_Reitpferd-mit-Reiterin.jpg\" \/>\n\t<meta property=\"og:image:width\" content=\"1024\" \/>\n\t<meta property=\"og:image:height\" content=\"450\" \/>\n\t<meta property=\"og:image:type\" content=\"image\/jpeg\" \/>\n<meta name=\"twitter:card\" content=\"summary_large_image\" \/>\n<meta name=\"twitter:label1\" content=\"Gesch\u00e4tzte Lesezeit\" \/>\n\t<meta name=\"twitter:data1\" content=\"3\u00a0Minuten\" \/>\n<script type=\"application\/ld+json\" class=\"yoast-schema-graph\">{\"@context\":\"https:\/\/schema.org\",\"@graph\":[{\"@type\":\"WebPage\",\"@id\":\"https:\/\/uelzener.de\/magazin\/pferd\/erziehung-und-training\/das-lehrpferd\/\",\"url\":\"https:\/\/uelzener.de\/magazin\/pferd\/erziehung-und-training\/das-lehrpferd\/\",\"name\":\"Das Lehrpferd | Uelzener\",\"isPartOf\":{\"@id\":\"https:\/\/uelzener.de\/magazin\/#website\"},\"primaryImageOfPage\":{\"@id\":\"https:\/\/uelzener.de\/magazin\/pferd\/erziehung-und-training\/das-lehrpferd\/#primaryimage\"},\"image\":{\"@id\":\"https:\/\/uelzener.de\/magazin\/pferd\/erziehung-und-training\/das-lehrpferd\/#primaryimage\"},\"thumbnailUrl\":\"https:\/\/uelzener.de\/magazin\/app\/uploads\/2021\/09\/1024x450_Nahaufnahme_Reitpferd-mit-Reiterin.jpg\",\"datePublished\":\"2016-08-05T11:43:05+00:00\",\"dateModified\":\"2023-02-21T13:08:28+00:00\",\"description\":\"Erfahre alles zum Thema Lehrpferd \u2713 Tipps \u2713 Hilfen \u2713 Praxis \u2713 Ausbildung \u25b6 Jetzt lesen!\",\"breadcrumb\":{\"@id\":\"https:\/\/uelzener.de\/magazin\/pferd\/erziehung-und-training\/das-lehrpferd\/#breadcrumb\"},\"inLanguage\":\"de\",\"potentialAction\":[{\"@type\":\"ReadAction\",\"target\":[\"https:\/\/uelzener.de\/magazin\/pferd\/erziehung-und-training\/das-lehrpferd\/\"]}]},{\"@type\":\"ImageObject\",\"inLanguage\":\"de\",\"@id\":\"https:\/\/uelzener.de\/magazin\/pferd\/erziehung-und-training\/das-lehrpferd\/#primaryimage\",\"url\":\"https:\/\/uelzener.de\/magazin\/app\/uploads\/2021\/09\/1024x450_Nahaufnahme_Reitpferd-mit-Reiterin.jpg\",\"contentUrl\":\"https:\/\/uelzener.de\/magazin\/app\/uploads\/2021\/09\/1024x450_Nahaufnahme_Reitpferd-mit-Reiterin.jpg\",\"width\":1024,\"height\":450,\"caption\":\"Ein dunkles Reitpferd mit Trense l\u00e4uft \u00fcber eine Wiese, es ist ein Lehrpferd.\"},{\"@type\":\"WebSite\",\"@id\":\"https:\/\/uelzener.de\/magazin\/#website\",\"url\":\"https:\/\/uelzener.de\/magazin\/\",\"name\":\"Uelzener Tiermagazin\",\"description\":\"Online Tierratgeber der Uelzener Versicherungen\",\"publisher\":{\"@id\":\"https:\/\/uelzener.de\/magazin\/#organization\"},\"potentialAction\":[{\"@type\":\"SearchAction\",\"target\":{\"@type\":\"EntryPoint\",\"urlTemplate\":\"https:\/\/uelzener.de\/magazin\/?s={search_term_string}\"},\"query-input\":{\"@type\":\"PropertyValueSpecification\",\"valueRequired\":true,\"valueName\":\"search_term_string\"}}],\"inLanguage\":\"de\"},{\"@type\":\"Organization\",\"@id\":\"https:\/\/uelzener.de\/magazin\/#organization\",\"name\":\"Uelzener Versicherungen\",\"url\":\"https:\/\/uelzener.de\/magazin\/\",\"logo\":{\"@type\":\"ImageObject\",\"inLanguage\":\"de\",\"@id\":\"https:\/\/uelzener.de\/magazin\/#\/schema\/logo\/image\/\",\"url\":\"https:\/\/uelzener.de\/magazin\/app\/uploads\/2024\/11\/uelzener_allgemeine_versicherungsgesellschaft_a_g_logo.jpg\",\"contentUrl\":\"https:\/\/uelzener.de\/magazin\/app\/uploads\/2024\/11\/uelzener_allgemeine_versicherungsgesellschaft_a_g_logo.jpg\",\"width\":200,\"height\":200,\"caption\":\"Uelzener Versicherungen\"},\"image\":{\"@id\":\"https:\/\/uelzener.de\/magazin\/#\/schema\/logo\/image\/\"},\"sameAs\":[\"https:\/\/www.facebook.com\/Uelzener\",\"https:\/\/instagram.com\/uelzener\",\"https:\/\/www.xing.com\/pages\/uelzenerallgemeineversicherungs-gesellschafta-g\",\"https:\/\/www.youtube.com\/UelzenerVersicherungen\"]}]}<\/script>\n<!-- \/ Yoast SEO Premium plugin. -->","yoast_head_json":{"title":"Das Lehrpferd | Uelzener","description":"Erfahre alles zum Thema Lehrpferd \u2713 Tipps \u2713 Hilfen \u2713 Praxis \u2713 Ausbildung \u25b6 Jetzt lesen!","robots":{"index":"index","follow":"follow","max-snippet":"max-snippet:-1","max-image-preview":"max-image-preview:large","max-video-preview":"max-video-preview:-1"},"canonical":"https:\/\/uelzener.de\/magazin\/pferd\/erziehung-und-training\/das-lehrpferd\/","og_locale":"de_DE","og_type":"article","og_title":"Das Lehrpferd","og_description":"Erfahre alles zum Thema Lehrpferd \u2713 Tipps \u2713 Hilfen \u2713 Praxis \u2713 Ausbildung \u25b6 Jetzt lesen!","og_url":"https:\/\/uelzener.de\/magazin\/pferd\/erziehung-und-training\/das-lehrpferd\/","og_site_name":"Uelzener Tier-Magazin","article_publisher":"https:\/\/www.facebook.com\/Uelzener","article_modified_time":"2023-02-21T13:08:28+00:00","og_image":[{"width":1024,"height":450,"url":"https:\/\/uelzener.de\/magazin\/app\/uploads\/2021\/09\/1024x450_Nahaufnahme_Reitpferd-mit-Reiterin.jpg","type":"image\/jpeg"}],"twitter_card":"summary_large_image","twitter_misc":{"Gesch\u00e4tzte Lesezeit":"3\u00a0Minuten"},"schema":{"@context":"https:\/\/schema.org","@graph":[{"@type":"WebPage","@id":"https:\/\/uelzener.de\/magazin\/pferd\/erziehung-und-training\/das-lehrpferd\/","url":"https:\/\/uelzener.de\/magazin\/pferd\/erziehung-und-training\/das-lehrpferd\/","name":"Das Lehrpferd | Uelzener","isPartOf":{"@id":"https:\/\/uelzener.de\/magazin\/#website"},"primaryImageOfPage":{"@id":"https:\/\/uelzener.de\/magazin\/pferd\/erziehung-und-training\/das-lehrpferd\/#primaryimage"},"image":{"@id":"https:\/\/uelzener.de\/magazin\/pferd\/erziehung-und-training\/das-lehrpferd\/#primaryimage"},"thumbnailUrl":"https:\/\/uelzener.de\/magazin\/app\/uploads\/2021\/09\/1024x450_Nahaufnahme_Reitpferd-mit-Reiterin.jpg","datePublished":"2016-08-05T11:43:05+00:00","dateModified":"2023-02-21T13:08:28+00:00","description":"Erfahre alles zum Thema Lehrpferd \u2713 Tipps \u2713 Hilfen \u2713 Praxis \u2713 Ausbildung \u25b6 Jetzt lesen!","breadcrumb":{"@id":"https:\/\/uelzener.de\/magazin\/pferd\/erziehung-und-training\/das-lehrpferd\/#breadcrumb"},"inLanguage":"de","potentialAction":[{"@type":"ReadAction","target":["https:\/\/uelzener.de\/magazin\/pferd\/erziehung-und-training\/das-lehrpferd\/"]}]},{"@type":"ImageObject","inLanguage":"de","@id":"https:\/\/uelzener.de\/magazin\/pferd\/erziehung-und-training\/das-lehrpferd\/#primaryimage","url":"https:\/\/uelzener.de\/magazin\/app\/uploads\/2021\/09\/1024x450_Nahaufnahme_Reitpferd-mit-Reiterin.jpg","contentUrl":"https:\/\/uelzener.de\/magazin\/app\/uploads\/2021\/09\/1024x450_Nahaufnahme_Reitpferd-mit-Reiterin.jpg","width":1024,"height":450,"caption":"Ein dunkles Reitpferd mit Trense l\u00e4uft \u00fcber eine Wiese, es ist ein Lehrpferd."},{"@type":"WebSite","@id":"https:\/\/uelzener.de\/magazin\/#website","url":"https:\/\/uelzener.de\/magazin\/","name":"Uelzener Tiermagazin","description":"Online Tierratgeber der Uelzener Versicherungen","publisher":{"@id":"https:\/\/uelzener.de\/magazin\/#organization"},"potentialAction":[{"@type":"SearchAction","target":{"@type":"EntryPoint","urlTemplate":"https:\/\/uelzener.de\/magazin\/?s={search_term_string}"},"query-input":{"@type":"PropertyValueSpecification","valueRequired":true,"valueName":"search_term_string"}}],"inLanguage":"de"},{"@type":"Organization","@id":"https:\/\/uelzener.de\/magazin\/#organization","name":"Uelzener Versicherungen","url":"https:\/\/uelzener.de\/magazin\/","logo":{"@type":"ImageObject","inLanguage":"de","@id":"https:\/\/uelzener.de\/magazin\/#\/schema\/logo\/image\/","url":"https:\/\/uelzener.de\/magazin\/app\/uploads\/2024\/11\/uelzener_allgemeine_versicherungsgesellschaft_a_g_logo.jpg","contentUrl":"https:\/\/uelzener.de\/magazin\/app\/uploads\/2024\/11\/uelzener_allgemeine_versicherungsgesellschaft_a_g_logo.jpg","width":200,"height":200,"caption":"Uelzener Versicherungen"},"image":{"@id":"https:\/\/uelzener.de\/magazin\/#\/schema\/logo\/image\/"},"sameAs":["https:\/\/www.facebook.com\/Uelzener","https:\/\/instagram.com\/uelzener","https:\/\/www.xing.com\/pages\/uelzenerallgemeineversicherungs-gesellschafta-g","https:\/\/www.youtube.com\/UelzenerVersicherungen"]}]}},"_links":{"self":[{"href":"https:\/\/uelzener.de\/magazin\/wp-json\/wp\/v2\/pages\/12780","targetHints":{"allow":["GET"]}}],"collection":[{"href":"https:\/\/uelzener.de\/magazin\/wp-json\/wp\/v2\/pages"}],"about":[{"href":"https:\/\/uelzener.de\/magazin\/wp-json\/wp\/v2\/types\/page"}],"author":[{"embeddable":true,"href":"https:\/\/uelzener.de\/magazin\/wp-json\/wp\/v2\/users\/3"}],"replies":[{"embeddable":true,"href":"https:\/\/uelzener.de\/magazin\/wp-json\/wp\/v2\/comments?post=12780"}],"version-history":[{"count":4,"href":"https:\/\/uelzener.de\/magazin\/wp-json\/wp\/v2\/pages\/12780\/revisions"}],"predecessor-version":[{"id":13263,"href":"https:\/\/uelzener.de\/magazin\/wp-json\/wp\/v2\/pages\/12780\/revisions\/13263"}],"up":[{"embeddable":true,"href":"https:\/\/uelzener.de\/magazin\/wp-json\/wp\/v2\/pages\/11689"}],"wp:featuredmedia":[{"embeddable":true,"href":"https:\/\/uelzener.de\/magazin\/wp-json\/wp\/v2\/media\/12781"}],"wp:attachment":[{"href":"https:\/\/uelzener.de\/magazin\/wp-json\/wp\/v2\/media?parent=12780"}],"curies":[{"name":"wp","href":"https:\/\/api.w.org\/{rel}","templated":true}]}}