{"id":12777,"date":"2017-05-12T13:04:41","date_gmt":"2017-05-12T11:04:41","guid":{"rendered":"https:\/\/uelzener.de\/magazin\/?page_id=12777"},"modified":"2024-01-03T08:03:23","modified_gmt":"2024-01-03T07:03:23","slug":"pferdetraining-am-langen-zuegel","status":"publish","type":"page","link":"https:\/\/uelzener.de\/magazin\/pferd\/erziehung-und-training\/pferdetraining-am-langen-zuegel\/","title":{"rendered":"Pferdetraining einmal anders: Arbeit am Langen Z\u00fcgel"},"content":{"rendered":"<p>Die Arbeit am Langen Z\u00fcgel wird nicht umsonst als die Kr\u00f6nung der Reitkunst bezeichnet, verlangt sie doch ein hohes Ma\u00df an Vertrauen zwischen Pferd und Mensch und ein in seinem Versammlungsgrad mindestens bis zur Klasse L gef\u00f6rdertes, auf feinste Hilfen vorbereitetes Pferd. Beherrscht Dein Pferd zudem die Seiteng\u00e4nge, wird Dir das Geraderichten am Langen Z\u00fcgel deutlich leichter fallen.<\/p>\n<p>Da bei der Arbeit am Langen Z\u00fcgel eine deutliche Hilfenminimierung in Bezug auf die Schenkel- und Gewichtshilfe stattfindet, sollte Dein Pferd auf die leichtesten (Stimm-)Hilfen an der Longe, unter dem Sattel und bei der Arbeit an der <a href=\"https:\/\/uelzener.de\/magazin\/pferd\/erziehung-und-training\/handarbeit\/\">Hand<\/a> zuverl\u00e4ssig auf Deine Anforderungen reagieren, beispielsweise auf einen Zungenschlag hin sofort antraben.<\/p>\n<p>Gerade die Arbeit an der Hand dient dabei als eine gute Vorbereitung. Hier kannst Du Dein Pferd sehr genau in seinen Reaktionen, beispielsweise auf ein leichtes Touchieren mit der Gerte, beobachten. Es darf gegen diese keine Abwehrreaktionen oder eine \u00dcbersensibilit\u00e4t zeigen, da dies sehr gef\u00e4hrliche Folgen f\u00fcr Dich in der Position direkt an der Hinterhand des Pferdes nach sich ziehen kann. Selbst das artigste Pferd kann in einer, f\u00fcr es gef\u00fchlt, heiklen Situation ausschlagen, weshalb Du Deine Anforderungen nur sehr dosiert steigern solltest. Lass Dein Pferd m\u00f6glichst an seinen Hinterhufen unbeschlagen.<\/p>\n<p>Als Ausr\u00fcstung ben\u00f6tigst Du einen Langen Z\u00fcgel ohne Stege aus Gurt- oder Ledermaterial, welcher mit Schnallen oder feststehenden Haken direkt am Trensenring befestigt wird. Bez\u00fcglich der L\u00e4nge sollte bei anstehendem Z\u00fcgel die aus den H\u00e4nden herausragende Schlaufe circa 20 bis 30 Zentimeter betragen.<\/p>\n<p>Eine Trense, mit englischem oder hannoverschen Reithalfter und ein einfach gebrochenes Gebiss, dient als Zaumzeug. Es empfiehlt sich eine einfach gebrochene Schenkel- oder Knebeltrense zu w\u00e4hlen, welche durch ihre beidseits angebrachten Stege f\u00fcr eine ruhige Lage des Gebisses im Maul des Pferdes sorgt. Die Gerte wird mit der Gertenspitze nach unten zeigend zun\u00e4chst in der \u00e4u\u00dferen Hand getragen und sollte an die Gr\u00f6\u00dfe des Pferdes angepasst sein. Sie darf nicht auf dem Boden schleifen und sollte zudem nicht allzu flexibel sein, um ein versehentliches Ber\u00fchren des Pferdes zu vermeiden.<\/p>\n<p>Du selbst solltest Handschuhe tragen, auf eine eng anliegende Kleidung und festes Schuhwerk achten, welches Deine Kn\u00f6chel bestenfalls ebenfalls stabilisiert und ein sicheres Mitgehen unterst\u00fctzt.<\/p>\n<p>F\u00fcr Deine ersten Einheiten solltest Du einen sicher eingez\u00e4unten Reitplatz oder eine Reithalle mit m\u00f6glichst ebenem, nicht zu tiefem Boden und einer ruhigen Arbeitsatmosph\u00e4re w\u00e4hlen.<\/p>\n<p>M\u00f6chtest Du mit der Arbeit am Langen Z\u00fcgel beginnen solltest Dir, gerade unter Sicherheitsaspekten, ein erfahrener Ausbilder mit Rat und Tat zur Seite stehen.<\/p>\n<p>In der Grundposition befindet sich der Mensch schr\u00e4g seitlich versetzt innen dicht an der Hinterhand des Pferdes. Die senkrecht getragenen H\u00e4nde kommen bei der sogenannten breiten Z\u00fcgelf\u00fchrung links und rechts neben der Schweifr\u00fcbe zum Liegen, um eine ruhige Z\u00fcgelverbindung zu gew\u00e4hrleisten.<\/p>\n<p>Bei der engen Z\u00fcgelf\u00fchrung werden die H\u00e4nde direkt nebeneinander, auf der inneren oder \u00e4u\u00dferen Seite des Pferdes, je nach Lektion, positioniert. M\u00f6chte der Ausbilder beispielsweise ein Schulterherein einleiten, so f\u00fchrt er den \u00e4u\u00dferen Z\u00fcgel in einer runden Bewegung \u00fcber die Kruppe des Pferdes und positioniert die \u00e4u\u00dfere Hand neben der inneren.<\/p>\n<p>So leicht die Arbeit am Langen Z\u00fcgel f\u00fcr den Betrachter scheinen mag, so hohe Anforderungen in Bezug auf Fitness und Geschicklichkeit stellt sie in der Realit\u00e4t an den Ausbilder. F\u00fcr ein sicheres Mitgehen sollte er gro\u00dfe Schritte schon mit Hilfe einiger Trocken\u00fcbungen vorab trainieren. Denken Sie dabei daran, den Oberk\u00f6rper und Ihre innere Schulter gut hinten zu belassen und gro\u00df und weit aus der H\u00fcfte heraus nach vorne auszuschreiten.<\/p>\n<p>Zu Beginn hei\u00dft es zun\u00e4chst einmal, dass sich Pferd und Mensch an die neue Perspektive Schritt f\u00fcr Schritt gew\u00f6hnen m\u00fcssen \u2013 lass Dir Zeit, behalte stets Dein Ziel im wahrsten Sinne des Wortes im Auge und Du wirst sehen, wie viel Freude die Arbeit am Langen Z\u00fcgel euch beiden bereiten wird!<\/p>\n<p>Deine Nicole K\u00fcnzel<\/p>\n<p><em>Nicole K\u00fcnzel bildet Mensch und Pferd in der klassischen Reitkunst aus. Freude, Leichtigkeit und Harmonie sowie eine positive Grundeinstellung sind Werte, die sie ihren Sch\u00fclern vermitteln m\u00f6chte. Neben der Pferdeausbildung ist das Schreiben ihre weitere Leidenschaft. Sie ist Autorin mehrerer Pferdefachb\u00fccher und gr\u00fcndete 2014 den evipo Verlag <a href=\"http:\/\/www.evipo-verlag.com\">www.evipo-verlag.com<\/a>. In Hannover etablierte sie ihr eigenes Ausbildungszentrum evipo <a href=\"http:\/\/www.evipo.de\">www.evipo.de<\/a>.<\/em><\/p>\n<p><strong>Mehr davon im Buch von Nicole K\u00fcnzel \u201cMit Sicherheit richtig verstanden\u201d.<\/strong><\/p>\n","protected":false},"excerpt":{"rendered":"<p>Die Arbeit am Langen Z\u00fcgel wird nicht umsonst als die Kr\u00f6nung der Reitkunst bezeichnet, verlangt sie doch ein hohes Ma\u00df an Vertrauen zwischen Pferd und Mensch und ein in seinem Versammlungsgrad mindestens bis zur Klasse L gef\u00f6rdertes, auf feinste Hilfen vorbereitetes Pferd. Beherrscht Dein Pferd zudem die Seiteng\u00e4nge, wird Dir das Geraderichten am Langen Z\u00fcgel [&hellip;]<\/p>\n","protected":false},"author":3,"featured_media":12778,"parent":11689,"menu_order":55,"comment_status":"closed","ping_status":"closed","template":"templates\/blog.php","meta":{"_acf_changed":false,"_crdt_document":"","footnotes":"","beyondwords_generate_audio":"0","beyondwords_project_id":"","beyondwords_content_id":"","beyondwords_preview_token":"","beyondwords_player_style":"","beyondwords_language_id":"","beyondwords_title_voice_id":"","beyondwords_body_voice_id":"","beyondwords_summary_voice_id":"","beyondwords_error_message":"","beyondwords_disabled":"","beyondwords_delete_content":"","beyondwords_podcast_id":"","beyondwords_hash":"","publish_post_to_speechkit":"","speechkit_hash":"","speechkit_generate_audio":"","speechkit_project_id":"","speechkit_podcast_id":"","speechkit_error_message":"","speechkit_disabled":"","speechkit_access_key":"","speechkit_error":"","speechkit_info":"","speechkit_response":"","speechkit_retries":"","speechkit_status":"","speechkit_updated_at":"","_speechkit_link":"","_speechkit_text":""},"class_list":["post-12777","page","type-page","status-publish","has-post-thumbnail","hentry"],"acf":[],"yoast_head":"<!-- This site is optimized with the Yoast SEO Premium plugin  - https:\/\/yoast.com\/product\/yoast-seo-premium-wordpress\/ -->\n<title>Pferdetraining am Langen Z\u00fcgel | Uelzener<\/title>\n<meta name=\"description\" content=\"Erfahre alles zum Thema Pferdetraining am Langen Z\u00fcgel \u2713 Tipps \u2713 Hilfen \u2713 Ausr\u00fcstung \u2713 Ausbildung \u25b6 Jetzt lesen!\" \/>\n<meta name=\"robots\" content=\"index, follow, max-snippet:-1, max-image-preview:large, max-video-preview:-1\" \/>\n<link rel=\"canonical\" href=\"https:\/\/uelzener.de\/magazin\/pferd\/erziehung-und-training\/pferdetraining-am-langen-zuegel\/\" \/>\n<meta property=\"og:locale\" content=\"de_DE\" \/>\n<meta property=\"og:type\" content=\"article\" \/>\n<meta property=\"og:title\" content=\"Pferdetraining einmal anders: Arbeit am Langen Z\u00fcgel\" \/>\n<meta property=\"og:description\" content=\"Erfahre alles zum Thema Pferdetraining am Langen Z\u00fcgel \u2713 Tipps \u2713 Hilfen \u2713 Ausr\u00fcstung \u2713 Ausbildung \u25b6 Jetzt lesen!\" \/>\n<meta property=\"og:url\" content=\"https:\/\/uelzener.de\/magazin\/pferd\/erziehung-und-training\/pferdetraining-am-langen-zuegel\/\" \/>\n<meta property=\"og:site_name\" content=\"Uelzener Tier-Magazin\" \/>\n<meta property=\"article:publisher\" content=\"https:\/\/www.facebook.com\/Uelzener\" \/>\n<meta property=\"article:modified_time\" content=\"2024-01-03T07:03:23+00:00\" \/>\n<meta property=\"og:image\" content=\"https:\/\/uelzener.de\/magazin\/app\/uploads\/2021\/09\/1024x450_Longenarbeit_schwarzes-Jungpferd-mit-Reiterin.jpg\" \/>\n\t<meta property=\"og:image:width\" content=\"1024\" \/>\n\t<meta property=\"og:image:height\" content=\"450\" \/>\n\t<meta property=\"og:image:type\" content=\"image\/jpeg\" \/>\n<meta name=\"twitter:card\" content=\"summary_large_image\" \/>\n<meta name=\"twitter:label1\" content=\"Gesch\u00e4tzte Lesezeit\" \/>\n\t<meta name=\"twitter:data1\" content=\"4\u00a0Minuten\" \/>\n<script type=\"application\/ld+json\" class=\"yoast-schema-graph\">{\"@context\":\"https:\/\/schema.org\",\"@graph\":[{\"@type\":\"WebPage\",\"@id\":\"https:\/\/uelzener.de\/magazin\/pferd\/erziehung-und-training\/pferdetraining-am-langen-zuegel\/\",\"url\":\"https:\/\/uelzener.de\/magazin\/pferd\/erziehung-und-training\/pferdetraining-am-langen-zuegel\/\",\"name\":\"Pferdetraining am Langen Z\u00fcgel | Uelzener\",\"isPartOf\":{\"@id\":\"https:\/\/uelzener.de\/magazin\/#website\"},\"primaryImageOfPage\":{\"@id\":\"https:\/\/uelzener.de\/magazin\/pferd\/erziehung-und-training\/pferdetraining-am-langen-zuegel\/#primaryimage\"},\"image\":{\"@id\":\"https:\/\/uelzener.de\/magazin\/pferd\/erziehung-und-training\/pferdetraining-am-langen-zuegel\/#primaryimage\"},\"thumbnailUrl\":\"https:\/\/uelzener.de\/magazin\/app\/uploads\/2021\/09\/1024x450_Longenarbeit_schwarzes-Jungpferd-mit-Reiterin.jpg\",\"datePublished\":\"2017-05-12T11:04:41+00:00\",\"dateModified\":\"2024-01-03T07:03:23+00:00\",\"description\":\"Erfahre alles zum Thema Pferdetraining am Langen Z\u00fcgel \u2713 Tipps \u2713 Hilfen \u2713 Ausr\u00fcstung \u2713 Ausbildung \u25b6 Jetzt lesen!\",\"breadcrumb\":{\"@id\":\"https:\/\/uelzener.de\/magazin\/pferd\/erziehung-und-training\/pferdetraining-am-langen-zuegel\/#breadcrumb\"},\"inLanguage\":\"de\",\"potentialAction\":[{\"@type\":\"ReadAction\",\"target\":[\"https:\/\/uelzener.de\/magazin\/pferd\/erziehung-und-training\/pferdetraining-am-langen-zuegel\/\"]}]},{\"@type\":\"ImageObject\",\"inLanguage\":\"de\",\"@id\":\"https:\/\/uelzener.de\/magazin\/pferd\/erziehung-und-training\/pferdetraining-am-langen-zuegel\/#primaryimage\",\"url\":\"https:\/\/uelzener.de\/magazin\/app\/uploads\/2021\/09\/1024x450_Longenarbeit_schwarzes-Jungpferd-mit-Reiterin.jpg\",\"contentUrl\":\"https:\/\/uelzener.de\/magazin\/app\/uploads\/2021\/09\/1024x450_Longenarbeit_schwarzes-Jungpferd-mit-Reiterin.jpg\",\"width\":1024,\"height\":450,\"caption\":\"schwarzes Pferd am langen Z\u00fcgel mit Reiterin.\"},{\"@type\":\"WebSite\",\"@id\":\"https:\/\/uelzener.de\/magazin\/#website\",\"url\":\"https:\/\/uelzener.de\/magazin\/\",\"name\":\"Uelzener Tiermagazin\",\"description\":\"Online Tierratgeber der Uelzener Versicherungen\",\"publisher\":{\"@id\":\"https:\/\/uelzener.de\/magazin\/#organization\"},\"potentialAction\":[{\"@type\":\"SearchAction\",\"target\":{\"@type\":\"EntryPoint\",\"urlTemplate\":\"https:\/\/uelzener.de\/magazin\/?s={search_term_string}\"},\"query-input\":{\"@type\":\"PropertyValueSpecification\",\"valueRequired\":true,\"valueName\":\"search_term_string\"}}],\"inLanguage\":\"de\"},{\"@type\":\"Organization\",\"@id\":\"https:\/\/uelzener.de\/magazin\/#organization\",\"name\":\"Uelzener Versicherungen\",\"url\":\"https:\/\/uelzener.de\/magazin\/\",\"logo\":{\"@type\":\"ImageObject\",\"inLanguage\":\"de\",\"@id\":\"https:\/\/uelzener.de\/magazin\/#\/schema\/logo\/image\/\",\"url\":\"https:\/\/uelzener.de\/magazin\/app\/uploads\/2024\/11\/uelzener_allgemeine_versicherungsgesellschaft_a_g_logo.jpg\",\"contentUrl\":\"https:\/\/uelzener.de\/magazin\/app\/uploads\/2024\/11\/uelzener_allgemeine_versicherungsgesellschaft_a_g_logo.jpg\",\"width\":200,\"height\":200,\"caption\":\"Uelzener Versicherungen\"},\"image\":{\"@id\":\"https:\/\/uelzener.de\/magazin\/#\/schema\/logo\/image\/\"},\"sameAs\":[\"https:\/\/www.facebook.com\/Uelzener\",\"https:\/\/instagram.com\/uelzener\",\"https:\/\/www.xing.com\/pages\/uelzenerallgemeineversicherungs-gesellschafta-g\",\"https:\/\/www.youtube.com\/UelzenerVersicherungen\"]}]}<\/script>\n<!-- \/ Yoast SEO Premium plugin. -->","yoast_head_json":{"title":"Pferdetraining am Langen Z\u00fcgel | Uelzener","description":"Erfahre alles zum Thema Pferdetraining am Langen Z\u00fcgel \u2713 Tipps \u2713 Hilfen \u2713 Ausr\u00fcstung \u2713 Ausbildung \u25b6 Jetzt lesen!","robots":{"index":"index","follow":"follow","max-snippet":"max-snippet:-1","max-image-preview":"max-image-preview:large","max-video-preview":"max-video-preview:-1"},"canonical":"https:\/\/uelzener.de\/magazin\/pferd\/erziehung-und-training\/pferdetraining-am-langen-zuegel\/","og_locale":"de_DE","og_type":"article","og_title":"Pferdetraining einmal anders: Arbeit am Langen Z\u00fcgel","og_description":"Erfahre alles zum Thema Pferdetraining am Langen Z\u00fcgel \u2713 Tipps \u2713 Hilfen \u2713 Ausr\u00fcstung \u2713 Ausbildung \u25b6 Jetzt lesen!","og_url":"https:\/\/uelzener.de\/magazin\/pferd\/erziehung-und-training\/pferdetraining-am-langen-zuegel\/","og_site_name":"Uelzener Tier-Magazin","article_publisher":"https:\/\/www.facebook.com\/Uelzener","article_modified_time":"2024-01-03T07:03:23+00:00","og_image":[{"width":1024,"height":450,"url":"https:\/\/uelzener.de\/magazin\/app\/uploads\/2021\/09\/1024x450_Longenarbeit_schwarzes-Jungpferd-mit-Reiterin.jpg","type":"image\/jpeg"}],"twitter_card":"summary_large_image","twitter_misc":{"Gesch\u00e4tzte Lesezeit":"4\u00a0Minuten"},"schema":{"@context":"https:\/\/schema.org","@graph":[{"@type":"WebPage","@id":"https:\/\/uelzener.de\/magazin\/pferd\/erziehung-und-training\/pferdetraining-am-langen-zuegel\/","url":"https:\/\/uelzener.de\/magazin\/pferd\/erziehung-und-training\/pferdetraining-am-langen-zuegel\/","name":"Pferdetraining am Langen Z\u00fcgel | Uelzener","isPartOf":{"@id":"https:\/\/uelzener.de\/magazin\/#website"},"primaryImageOfPage":{"@id":"https:\/\/uelzener.de\/magazin\/pferd\/erziehung-und-training\/pferdetraining-am-langen-zuegel\/#primaryimage"},"image":{"@id":"https:\/\/uelzener.de\/magazin\/pferd\/erziehung-und-training\/pferdetraining-am-langen-zuegel\/#primaryimage"},"thumbnailUrl":"https:\/\/uelzener.de\/magazin\/app\/uploads\/2021\/09\/1024x450_Longenarbeit_schwarzes-Jungpferd-mit-Reiterin.jpg","datePublished":"2017-05-12T11:04:41+00:00","dateModified":"2024-01-03T07:03:23+00:00","description":"Erfahre alles zum Thema Pferdetraining am Langen Z\u00fcgel \u2713 Tipps \u2713 Hilfen \u2713 Ausr\u00fcstung \u2713 Ausbildung \u25b6 Jetzt lesen!","breadcrumb":{"@id":"https:\/\/uelzener.de\/magazin\/pferd\/erziehung-und-training\/pferdetraining-am-langen-zuegel\/#breadcrumb"},"inLanguage":"de","potentialAction":[{"@type":"ReadAction","target":["https:\/\/uelzener.de\/magazin\/pferd\/erziehung-und-training\/pferdetraining-am-langen-zuegel\/"]}]},{"@type":"ImageObject","inLanguage":"de","@id":"https:\/\/uelzener.de\/magazin\/pferd\/erziehung-und-training\/pferdetraining-am-langen-zuegel\/#primaryimage","url":"https:\/\/uelzener.de\/magazin\/app\/uploads\/2021\/09\/1024x450_Longenarbeit_schwarzes-Jungpferd-mit-Reiterin.jpg","contentUrl":"https:\/\/uelzener.de\/magazin\/app\/uploads\/2021\/09\/1024x450_Longenarbeit_schwarzes-Jungpferd-mit-Reiterin.jpg","width":1024,"height":450,"caption":"schwarzes Pferd am langen Z\u00fcgel mit Reiterin."},{"@type":"WebSite","@id":"https:\/\/uelzener.de\/magazin\/#website","url":"https:\/\/uelzener.de\/magazin\/","name":"Uelzener Tiermagazin","description":"Online Tierratgeber der Uelzener Versicherungen","publisher":{"@id":"https:\/\/uelzener.de\/magazin\/#organization"},"potentialAction":[{"@type":"SearchAction","target":{"@type":"EntryPoint","urlTemplate":"https:\/\/uelzener.de\/magazin\/?s={search_term_string}"},"query-input":{"@type":"PropertyValueSpecification","valueRequired":true,"valueName":"search_term_string"}}],"inLanguage":"de"},{"@type":"Organization","@id":"https:\/\/uelzener.de\/magazin\/#organization","name":"Uelzener Versicherungen","url":"https:\/\/uelzener.de\/magazin\/","logo":{"@type":"ImageObject","inLanguage":"de","@id":"https:\/\/uelzener.de\/magazin\/#\/schema\/logo\/image\/","url":"https:\/\/uelzener.de\/magazin\/app\/uploads\/2024\/11\/uelzener_allgemeine_versicherungsgesellschaft_a_g_logo.jpg","contentUrl":"https:\/\/uelzener.de\/magazin\/app\/uploads\/2024\/11\/uelzener_allgemeine_versicherungsgesellschaft_a_g_logo.jpg","width":200,"height":200,"caption":"Uelzener Versicherungen"},"image":{"@id":"https:\/\/uelzener.de\/magazin\/#\/schema\/logo\/image\/"},"sameAs":["https:\/\/www.facebook.com\/Uelzener","https:\/\/instagram.com\/uelzener","https:\/\/www.xing.com\/pages\/uelzenerallgemeineversicherungs-gesellschafta-g","https:\/\/www.youtube.com\/UelzenerVersicherungen"]}]}},"_links":{"self":[{"href":"https:\/\/uelzener.de\/magazin\/wp-json\/wp\/v2\/pages\/12777","targetHints":{"allow":["GET"]}}],"collection":[{"href":"https:\/\/uelzener.de\/magazin\/wp-json\/wp\/v2\/pages"}],"about":[{"href":"https:\/\/uelzener.de\/magazin\/wp-json\/wp\/v2\/types\/page"}],"author":[{"embeddable":true,"href":"https:\/\/uelzener.de\/magazin\/wp-json\/wp\/v2\/users\/3"}],"replies":[{"embeddable":true,"href":"https:\/\/uelzener.de\/magazin\/wp-json\/wp\/v2\/comments?post=12777"}],"version-history":[{"count":6,"href":"https:\/\/uelzener.de\/magazin\/wp-json\/wp\/v2\/pages\/12777\/revisions"}],"predecessor-version":[{"id":16622,"href":"https:\/\/uelzener.de\/magazin\/wp-json\/wp\/v2\/pages\/12777\/revisions\/16622"}],"up":[{"embeddable":true,"href":"https:\/\/uelzener.de\/magazin\/wp-json\/wp\/v2\/pages\/11689"}],"wp:featuredmedia":[{"embeddable":true,"href":"https:\/\/uelzener.de\/magazin\/wp-json\/wp\/v2\/media\/12778"}],"wp:attachment":[{"href":"https:\/\/uelzener.de\/magazin\/wp-json\/wp\/v2\/media?parent=12777"}],"curies":[{"name":"wp","href":"https:\/\/api.w.org\/{rel}","templated":true}]}}