{"id":12774,"date":"2016-10-04T12:47:57","date_gmt":"2016-10-04T10:47:57","guid":{"rendered":"https:\/\/uelzener.de\/magazin\/?page_id=12774"},"modified":"2023-02-21T14:17:47","modified_gmt":"2023-02-21T13:17:47","slug":"pferdetraining-kappzaum","status":"publish","type":"page","link":"https:\/\/uelzener.de\/magazin\/pferd\/erziehung-und-training\/pferdetraining-kappzaum\/","title":{"rendered":"Pferdetraining einmal anders: Der Kappzaum"},"content":{"rendered":"<p>In zunehmend mehr St\u00e4llen und Ausbildungsst\u00e4tten h\u00e4lt der Kappzaum im Trainingsalltag erneut Einzug! Ob zum Longieren, zur Unterst\u00fctzung bei der Arbeit an der Hand oder beim Einreiten des jungen Pferdes schont der Kappzaum \u2013 eine korrekte Anwendung und Verschnallung vorausgesetzt \u2013 das empfindliche Pferdemaul. Ist es in der\u00a0<em>Spanischen Hofreitschule<\/em>, Wien, Gang und Gebe, die Pferde nicht am Z\u00fcgel, sondern am Kappzaum vor und nach der Reiteinheit zu f\u00fchren, so sieht man vielerorts immer noch eine gro\u00dfe Menge an Vierbeinern, die an der in den Trensenringen befestigten Longe longiert werden. Was viele Reiter nicht wissen ist, dass sie, durch die oft ungewollten \u201eParaden\u201c, dem empfindsamen Pferdemaul teilweise gro\u00dfe Schmerzen zuf\u00fcgen. Gerade das (junge) unausbalancierte Pferd erh\u00e4lt oft einen starken, einseitigen Zug am Gebiss, da es noch unsicher in der Linienf\u00fchrung ist, diese von seinem Ausbildungsstand her noch gar nicht sicher halten kann \u2013 was f\u00fcr ein Einstieg in ein Reitpferdeleben!<\/p>\n<p>Schmerzen im Pferdemaul, eine ungewollte Desensibilisierung auf das Gebiss, verworfene Genicke \u2013 all dies m\u00fcsste nicht sein, gibt es doch den Kappzaum, der bei korrekter Anpassung und in fachkompetenten H\u00e4nden ein Pferd ohne Ausbinder dazu bef\u00e4higt, sich korrekt zu stellen und eine ebensolche L\u00e4ngsbiegung anzunehmen. Das Pferd lernt hierbei, sich in allen drei Grundgangarten korrekt zu dehnen und zur Losgelassenheit zu gelangen. Ein Aspekt, der das Pferd entspannt auf das Anreiten vorbereiten kann.<\/p>\n<p>Der Kappzaum besteht aus einem Nasenb\u00fcgel mit gro\u00dfen oder kleinen Gliedern oder aus einem einzigen glattem B\u00fcgel. Er sollte sich dem Nasenr\u00fccken des Pferdes optimal anpassen, mit Leder \u00fcberzogen und leicht gepolstert sein. Achte beim Kauf auf eine nicht zu dicke Polsterung, da diese eine feine Einwirkung verhindern kann. Weiter sind am Nasenb\u00fcgel ein bis drei Ringe montiert, in welche die Longe und\/oder die Z\u00fcgel eingeschnallt werden k\u00f6nnen. Auch gibt es eine Kappzaumvariante, welche einen Nasenriemen nur aus verst\u00e4rktem Leder besitzt, der sich besonders f\u00fcr empfindsame Pferde sehr gut eignet. Die mit Zacken versehene sogenannte \u201eSerreta\u201c gilt unter ethischen Gesichtspunkten abzulehnen, da sie dem Pferd starke Schmerzen und Verletzungen zuf\u00fcgen kann.<\/p>\n<p>Sie k\u00f6nnen den Kappzaum englisch, das bedeutet, zwei Fingerbreit unter der Jochbeinleiste oder hannoversch verschnallen. Es gilt je tiefer der Nasenb\u00fcgel positioniert wird, desto sch\u00e4rfer die Einwirkung. Weiter besteht der Kappzaum aus einem Ganaschenriemen der mittig der Ganasche fest verschnallt wird und zus\u00e4tzlich mit dem Unterkieferriemen ein seitliches Verrutschen verhindern soll. Achte bei der Wahl Deines Kappzaumes darauf, dass die Backenst\u00fccke nicht \u00fcber die Jochbeinleisten rutschen d\u00fcrfen.<\/p>\n<p>Heute gibt es positiver Weise zunehmend mehr Kappz\u00e4ume auf dem Markt, deren Nasenriemen auch ohne ein festes Zuschnallen des Nasenriemens den Nasenb\u00fcgel an seinem Platz belassen.<\/p>\n<p>Bevor Du mit der Arbeit am Kappzaum beginnst sollten gewisse F\u00fchrelemente am Halfter und in der Bodenarbeit schon gut abgesichert sein. \u00dcberg\u00e4nge zumindest zwischen dem Halten, Schritt und Trab und eine gute Kontrolle der einzelnen Bereiche des Pferdek\u00f6rpers, wie beispielsweise der Vor- und Hinterhand, erleichtern Pferd und Mensch den Einstieg ungemein.<\/p>\n<p>Kappzaum drauf und los \u2013 so leicht ist es leider aber dann doch nicht! Ein korrektes Longieren am Kappzaum bedarf einiger \u00dcbung f\u00fcr Mensch und Pferd, weshalb immer ein versierter Ausbilder zu Rate gezogen werden sollte. Dieser wird zun\u00e4chst im Schritt in einem kleineren Radius in kurzen Reprisen beginnen dem Pferd zu erkl\u00e4ren, dass es auf einen l\u00e4nger anhaltenden Impuls der Longe hin sich in die Dehnung begeben soll. Er wird auf eine konstante Verbindung zwischen Reiterhand und Longe achten und auf eine korrekte Kopf-Halspositionierung in den unterschiedlichen Gangarten und \u00dcberg\u00e4ngen zwischen diesen. Zudem wird er Dir erkl\u00e4ren k\u00f6nnen, wie Du Einheit f\u00fcr Einheit, mit einem immer gr\u00f6\u00dfer werdenden Radius, Dein Pferd korrekt stellen und biegen kannst. Ein Pferd am Kappzaum kann man nicht in eine gute Haltung zwingen, man muss sie sich geschickt erarbeiten. Das Resultat eines Pferdes, welches \u2013 bewusst und durchdacht \u2013 ausbalanciert am Kappzaum longiert werden kann, ist wundervoll anzusehen. Diese Art der Gymnastizierung kann wirklichen N\u00e4hrwert in sich tragen!<\/p>\n<p>Deine Nicole K\u00fcnzel<\/p>\n<p><em>Nicole K\u00fcnzel bildet Mensch und Pferd in der klassischen Reitkunst aus. Freude, Leichtigkeit und Harmonie sowie eine positive Grundeinstellung sind Werte, die sie ihren Sch\u00fclern vermitteln m\u00f6chte. Neben der Pferdeausbildung ist das Schreiben ihre weitere Leidenschaft. Sie ist Autorin mehrerer Pferdefachb\u00fccher und gr\u00fcndete 2014 den evipo Verlag <a href=\"http:\/\/www.evipo-verlag.com\">www.evipo-verlag.com<\/a>. In Hannover etablierte sie ihr eigenes Ausbildungszentrum evipo <\/em><em><a href=\"http:\/\/www.evipo.de\">www.evipo.de<\/a><\/em><em>.<\/em><\/p>\n<p><strong>Mehr davon im neuen Buch von Nicole K\u00fcnzel &#8222;Mit Sicherheit richtig verstanden&#8220;.<\/strong><\/p>\n","protected":false},"excerpt":{"rendered":"<p>In zunehmend mehr St\u00e4llen und Ausbildungsst\u00e4tten h\u00e4lt der Kappzaum im Trainingsalltag erneut Einzug! Ob zum Longieren, zur Unterst\u00fctzung bei der Arbeit an der Hand oder beim Einreiten des jungen Pferdes schont der Kappzaum \u2013 eine korrekte Anwendung und Verschnallung vorausgesetzt \u2013 das empfindliche Pferdemaul. Ist es in der\u00a0Spanischen Hofreitschule, Wien, Gang und Gebe, die Pferde [&hellip;]<\/p>\n","protected":false},"author":3,"featured_media":12775,"parent":11689,"menu_order":54,"comment_status":"closed","ping_status":"closed","template":"templates\/blog.php","meta":{"_acf_changed":false,"_crdt_document":"","footnotes":"","beyondwords_generate_audio":"","beyondwords_project_id":"","beyondwords_content_id":"","beyondwords_preview_token":"","beyondwords_player_style":"","beyondwords_language_id":"","beyondwords_title_voice_id":"","beyondwords_body_voice_id":"","beyondwords_summary_voice_id":"","beyondwords_error_message":"","beyondwords_disabled":"","beyondwords_delete_content":"","beyondwords_podcast_id":"","beyondwords_hash":"","publish_post_to_speechkit":"","speechkit_hash":"","speechkit_generate_audio":"","speechkit_project_id":"","speechkit_podcast_id":"","speechkit_error_message":"","speechkit_disabled":"","speechkit_access_key":"","speechkit_error":"","speechkit_info":"","speechkit_response":"","speechkit_retries":"","speechkit_status":"","speechkit_updated_at":"","_speechkit_link":"","_speechkit_text":""},"class_list":["post-12774","page","type-page","status-publish","has-post-thumbnail","hentry"],"acf":[],"yoast_head":"<!-- This site is optimized with the Yoast SEO Premium plugin  - https:\/\/yoast.com\/product\/yoast-seo-premium-wordpress\/ -->\n<title>Pferdetraining mit Kappzaum | Uelzener<\/title>\n<meta name=\"description\" content=\"Erfahre alles zum Thema Pferdetraining mit Kappzaum \u2713 Tipps \u2713 Handhabung \u2713 Kauf \u2713 Ausbildung \u25b6 Jetzt lesen!\" \/>\n<meta name=\"robots\" content=\"index, follow, max-snippet:-1, max-image-preview:large, max-video-preview:-1\" \/>\n<link rel=\"canonical\" href=\"https:\/\/uelzener.de\/magazin\/pferd\/erziehung-und-training\/pferdetraining-kappzaum\/\" \/>\n<meta property=\"og:locale\" content=\"de_DE\" \/>\n<meta property=\"og:type\" content=\"article\" \/>\n<meta property=\"og:title\" content=\"Pferdetraining einmal anders: Der Kappzaum\" \/>\n<meta property=\"og:description\" content=\"Erfahre alles zum Thema Pferdetraining mit Kappzaum \u2713 Tipps \u2713 Handhabung \u2713 Kauf \u2713 Ausbildung \u25b6 Jetzt lesen!\" \/>\n<meta property=\"og:url\" content=\"https:\/\/uelzener.de\/magazin\/pferd\/erziehung-und-training\/pferdetraining-kappzaum\/\" \/>\n<meta property=\"og:site_name\" content=\"Uelzener Tier-Magazin\" \/>\n<meta property=\"article:publisher\" content=\"https:\/\/www.facebook.com\/Uelzener\" \/>\n<meta property=\"article:modified_time\" content=\"2023-02-21T13:17:47+00:00\" \/>\n<meta property=\"og:image\" content=\"https:\/\/uelzener.de\/magazin\/app\/uploads\/2021\/09\/1024x450_Longenarbeit_dunkles-Pferd-mit-Reiterin.jpg\" \/>\n\t<meta property=\"og:image:width\" content=\"1024\" \/>\n\t<meta property=\"og:image:height\" content=\"450\" \/>\n\t<meta property=\"og:image:type\" content=\"image\/jpeg\" \/>\n<meta name=\"twitter:card\" content=\"summary_large_image\" \/>\n<meta name=\"twitter:label1\" content=\"Gesch\u00e4tzte Lesezeit\" \/>\n\t<meta name=\"twitter:data1\" content=\"4\u00a0Minuten\" \/>\n<script type=\"application\/ld+json\" class=\"yoast-schema-graph\">{\"@context\":\"https:\/\/schema.org\",\"@graph\":[{\"@type\":\"WebPage\",\"@id\":\"https:\/\/uelzener.de\/magazin\/pferd\/erziehung-und-training\/pferdetraining-kappzaum\/\",\"url\":\"https:\/\/uelzener.de\/magazin\/pferd\/erziehung-und-training\/pferdetraining-kappzaum\/\",\"name\":\"Pferdetraining mit Kappzaum | Uelzener\",\"isPartOf\":{\"@id\":\"https:\/\/uelzener.de\/magazin\/#website\"},\"primaryImageOfPage\":{\"@id\":\"https:\/\/uelzener.de\/magazin\/pferd\/erziehung-und-training\/pferdetraining-kappzaum\/#primaryimage\"},\"image\":{\"@id\":\"https:\/\/uelzener.de\/magazin\/pferd\/erziehung-und-training\/pferdetraining-kappzaum\/#primaryimage\"},\"thumbnailUrl\":\"https:\/\/uelzener.de\/magazin\/app\/uploads\/2021\/09\/1024x450_Longenarbeit_dunkles-Pferd-mit-Reiterin.jpg\",\"datePublished\":\"2016-10-04T10:47:57+00:00\",\"dateModified\":\"2023-02-21T13:17:47+00:00\",\"description\":\"Erfahre alles zum Thema Pferdetraining mit Kappzaum \u2713 Tipps \u2713 Handhabung \u2713 Kauf \u2713 Ausbildung \u25b6 Jetzt lesen!\",\"breadcrumb\":{\"@id\":\"https:\/\/uelzener.de\/magazin\/pferd\/erziehung-und-training\/pferdetraining-kappzaum\/#breadcrumb\"},\"inLanguage\":\"de\",\"potentialAction\":[{\"@type\":\"ReadAction\",\"target\":[\"https:\/\/uelzener.de\/magazin\/pferd\/erziehung-und-training\/pferdetraining-kappzaum\/\"]}]},{\"@type\":\"ImageObject\",\"inLanguage\":\"de\",\"@id\":\"https:\/\/uelzener.de\/magazin\/pferd\/erziehung-und-training\/pferdetraining-kappzaum\/#primaryimage\",\"url\":\"https:\/\/uelzener.de\/magazin\/app\/uploads\/2021\/09\/1024x450_Longenarbeit_dunkles-Pferd-mit-Reiterin.jpg\",\"contentUrl\":\"https:\/\/uelzener.de\/magazin\/app\/uploads\/2021\/09\/1024x450_Longenarbeit_dunkles-Pferd-mit-Reiterin.jpg\",\"width\":1024,\"height\":450,\"caption\":\"dunkles Pferd an Longe mit Reiterin, sie sind beim Pferdetraining.\"},{\"@type\":\"WebSite\",\"@id\":\"https:\/\/uelzener.de\/magazin\/#website\",\"url\":\"https:\/\/uelzener.de\/magazin\/\",\"name\":\"Uelzener Tiermagazin\",\"description\":\"Online Tierratgeber der Uelzener Versicherungen\",\"publisher\":{\"@id\":\"https:\/\/uelzener.de\/magazin\/#organization\"},\"potentialAction\":[{\"@type\":\"SearchAction\",\"target\":{\"@type\":\"EntryPoint\",\"urlTemplate\":\"https:\/\/uelzener.de\/magazin\/?s={search_term_string}\"},\"query-input\":{\"@type\":\"PropertyValueSpecification\",\"valueRequired\":true,\"valueName\":\"search_term_string\"}}],\"inLanguage\":\"de\"},{\"@type\":\"Organization\",\"@id\":\"https:\/\/uelzener.de\/magazin\/#organization\",\"name\":\"Uelzener Versicherungen\",\"url\":\"https:\/\/uelzener.de\/magazin\/\",\"logo\":{\"@type\":\"ImageObject\",\"inLanguage\":\"de\",\"@id\":\"https:\/\/uelzener.de\/magazin\/#\/schema\/logo\/image\/\",\"url\":\"https:\/\/uelzener.de\/magazin\/app\/uploads\/2024\/11\/uelzener_allgemeine_versicherungsgesellschaft_a_g_logo.jpg\",\"contentUrl\":\"https:\/\/uelzener.de\/magazin\/app\/uploads\/2024\/11\/uelzener_allgemeine_versicherungsgesellschaft_a_g_logo.jpg\",\"width\":200,\"height\":200,\"caption\":\"Uelzener Versicherungen\"},\"image\":{\"@id\":\"https:\/\/uelzener.de\/magazin\/#\/schema\/logo\/image\/\"},\"sameAs\":[\"https:\/\/www.facebook.com\/Uelzener\",\"https:\/\/instagram.com\/uelzener\",\"https:\/\/www.xing.com\/pages\/uelzenerallgemeineversicherungs-gesellschafta-g\",\"https:\/\/www.youtube.com\/UelzenerVersicherungen\"]}]}<\/script>\n<!-- \/ Yoast SEO Premium plugin. -->","yoast_head_json":{"title":"Pferdetraining mit Kappzaum | Uelzener","description":"Erfahre alles zum Thema Pferdetraining mit Kappzaum \u2713 Tipps \u2713 Handhabung \u2713 Kauf \u2713 Ausbildung \u25b6 Jetzt lesen!","robots":{"index":"index","follow":"follow","max-snippet":"max-snippet:-1","max-image-preview":"max-image-preview:large","max-video-preview":"max-video-preview:-1"},"canonical":"https:\/\/uelzener.de\/magazin\/pferd\/erziehung-und-training\/pferdetraining-kappzaum\/","og_locale":"de_DE","og_type":"article","og_title":"Pferdetraining einmal anders: Der Kappzaum","og_description":"Erfahre alles zum Thema Pferdetraining mit Kappzaum \u2713 Tipps \u2713 Handhabung \u2713 Kauf \u2713 Ausbildung \u25b6 Jetzt lesen!","og_url":"https:\/\/uelzener.de\/magazin\/pferd\/erziehung-und-training\/pferdetraining-kappzaum\/","og_site_name":"Uelzener Tier-Magazin","article_publisher":"https:\/\/www.facebook.com\/Uelzener","article_modified_time":"2023-02-21T13:17:47+00:00","og_image":[{"width":1024,"height":450,"url":"https:\/\/uelzener.de\/magazin\/app\/uploads\/2021\/09\/1024x450_Longenarbeit_dunkles-Pferd-mit-Reiterin.jpg","type":"image\/jpeg"}],"twitter_card":"summary_large_image","twitter_misc":{"Gesch\u00e4tzte Lesezeit":"4\u00a0Minuten"},"schema":{"@context":"https:\/\/schema.org","@graph":[{"@type":"WebPage","@id":"https:\/\/uelzener.de\/magazin\/pferd\/erziehung-und-training\/pferdetraining-kappzaum\/","url":"https:\/\/uelzener.de\/magazin\/pferd\/erziehung-und-training\/pferdetraining-kappzaum\/","name":"Pferdetraining mit Kappzaum | Uelzener","isPartOf":{"@id":"https:\/\/uelzener.de\/magazin\/#website"},"primaryImageOfPage":{"@id":"https:\/\/uelzener.de\/magazin\/pferd\/erziehung-und-training\/pferdetraining-kappzaum\/#primaryimage"},"image":{"@id":"https:\/\/uelzener.de\/magazin\/pferd\/erziehung-und-training\/pferdetraining-kappzaum\/#primaryimage"},"thumbnailUrl":"https:\/\/uelzener.de\/magazin\/app\/uploads\/2021\/09\/1024x450_Longenarbeit_dunkles-Pferd-mit-Reiterin.jpg","datePublished":"2016-10-04T10:47:57+00:00","dateModified":"2023-02-21T13:17:47+00:00","description":"Erfahre alles zum Thema Pferdetraining mit Kappzaum \u2713 Tipps \u2713 Handhabung \u2713 Kauf \u2713 Ausbildung \u25b6 Jetzt lesen!","breadcrumb":{"@id":"https:\/\/uelzener.de\/magazin\/pferd\/erziehung-und-training\/pferdetraining-kappzaum\/#breadcrumb"},"inLanguage":"de","potentialAction":[{"@type":"ReadAction","target":["https:\/\/uelzener.de\/magazin\/pferd\/erziehung-und-training\/pferdetraining-kappzaum\/"]}]},{"@type":"ImageObject","inLanguage":"de","@id":"https:\/\/uelzener.de\/magazin\/pferd\/erziehung-und-training\/pferdetraining-kappzaum\/#primaryimage","url":"https:\/\/uelzener.de\/magazin\/app\/uploads\/2021\/09\/1024x450_Longenarbeit_dunkles-Pferd-mit-Reiterin.jpg","contentUrl":"https:\/\/uelzener.de\/magazin\/app\/uploads\/2021\/09\/1024x450_Longenarbeit_dunkles-Pferd-mit-Reiterin.jpg","width":1024,"height":450,"caption":"dunkles Pferd an Longe mit Reiterin, sie sind beim Pferdetraining."},{"@type":"WebSite","@id":"https:\/\/uelzener.de\/magazin\/#website","url":"https:\/\/uelzener.de\/magazin\/","name":"Uelzener Tiermagazin","description":"Online Tierratgeber der Uelzener Versicherungen","publisher":{"@id":"https:\/\/uelzener.de\/magazin\/#organization"},"potentialAction":[{"@type":"SearchAction","target":{"@type":"EntryPoint","urlTemplate":"https:\/\/uelzener.de\/magazin\/?s={search_term_string}"},"query-input":{"@type":"PropertyValueSpecification","valueRequired":true,"valueName":"search_term_string"}}],"inLanguage":"de"},{"@type":"Organization","@id":"https:\/\/uelzener.de\/magazin\/#organization","name":"Uelzener Versicherungen","url":"https:\/\/uelzener.de\/magazin\/","logo":{"@type":"ImageObject","inLanguage":"de","@id":"https:\/\/uelzener.de\/magazin\/#\/schema\/logo\/image\/","url":"https:\/\/uelzener.de\/magazin\/app\/uploads\/2024\/11\/uelzener_allgemeine_versicherungsgesellschaft_a_g_logo.jpg","contentUrl":"https:\/\/uelzener.de\/magazin\/app\/uploads\/2024\/11\/uelzener_allgemeine_versicherungsgesellschaft_a_g_logo.jpg","width":200,"height":200,"caption":"Uelzener Versicherungen"},"image":{"@id":"https:\/\/uelzener.de\/magazin\/#\/schema\/logo\/image\/"},"sameAs":["https:\/\/www.facebook.com\/Uelzener","https:\/\/instagram.com\/uelzener","https:\/\/www.xing.com\/pages\/uelzenerallgemeineversicherungs-gesellschafta-g","https:\/\/www.youtube.com\/UelzenerVersicherungen"]}]}},"_links":{"self":[{"href":"https:\/\/uelzener.de\/magazin\/wp-json\/wp\/v2\/pages\/12774","targetHints":{"allow":["GET"]}}],"collection":[{"href":"https:\/\/uelzener.de\/magazin\/wp-json\/wp\/v2\/pages"}],"about":[{"href":"https:\/\/uelzener.de\/magazin\/wp-json\/wp\/v2\/types\/page"}],"author":[{"embeddable":true,"href":"https:\/\/uelzener.de\/magazin\/wp-json\/wp\/v2\/users\/3"}],"replies":[{"embeddable":true,"href":"https:\/\/uelzener.de\/magazin\/wp-json\/wp\/v2\/comments?post=12774"}],"version-history":[{"count":1,"href":"https:\/\/uelzener.de\/magazin\/wp-json\/wp\/v2\/pages\/12774\/revisions"}],"predecessor-version":[{"id":12776,"href":"https:\/\/uelzener.de\/magazin\/wp-json\/wp\/v2\/pages\/12774\/revisions\/12776"}],"up":[{"embeddable":true,"href":"https:\/\/uelzener.de\/magazin\/wp-json\/wp\/v2\/pages\/11689"}],"wp:featuredmedia":[{"embeddable":true,"href":"https:\/\/uelzener.de\/magazin\/wp-json\/wp\/v2\/media\/12775"}],"wp:attachment":[{"href":"https:\/\/uelzener.de\/magazin\/wp-json\/wp\/v2\/media?parent=12774"}],"curies":[{"name":"wp","href":"https:\/\/api.w.org\/{rel}","templated":true}]}}