{"id":12771,"date":"2016-07-14T12:16:49","date_gmt":"2016-07-14T10:16:49","guid":{"rendered":"https:\/\/uelzener.de\/magazin\/?page_id=12771"},"modified":"2023-02-21T13:53:56","modified_gmt":"2023-02-21T12:53:56","slug":"haltung-ponys","status":"publish","type":"page","link":"https:\/\/uelzener.de\/magazin\/pferd\/erziehung-und-training\/haltung-ponys\/","title":{"rendered":"Haltung von Ponys: Klein, aber oho"},"content":{"rendered":"<p>Sie sind schlau, haben ein mutiges Herz und alles, was ihnen an K\u00f6rpergr\u00f6\u00dfe zu fehlen scheint, machen sie durch ein gro\u00dfes Selbstbewusstsein wieder wett. Ja, so ein Pony, das kann alles! Wir lieben ihre weiche M\u00e4hne, die kleinen Ohren und die wachen, intelligenten Augen. Und wie viele von ihnen haben uns durch unsere ersten Reiterjahre getragen. Allein der ganz eigene \u201ePony-Geruch\u201c entf\u00fchrt uns auch heute noch immer wieder zu einer Reise in unsere Kindheit, nicht wahr? Die ersten eigenen Reiterschritte in der Bahn, die sch\u00f6nen Ausritte durch den Wald &#8230; hier wehte uns der erste Wind der gro\u00dfen Freiheit fernab von Schule und Elternhaus entgegen, der uns zum gl\u00fccklichsten Kind der Welt werden lie\u00df.<\/p>\n<p>So tough die Ponys einerseits sind, so stellen doch diese kleinen Wesen durchaus keine geringeren Anspr\u00fcche in Bezug auf Umgang und Haltung als ihre gro\u00dfen Kameraden \u2013 die Pferde.<\/p>\n<p>Ponys ben\u00f6tigen ebenfalls eine sinnvolle Besch\u00e4ftigung, sonst suchen sie sich selbst eine und dies auch gerne einmal auf der anderen Seite des Zaunes \u2013 ein Dasein als Beistellpony gen\u00fcgt ihnen einfach nicht. Da sie zumeist urspr\u00fcnglich aus kargen Herkunftsgebieten stammen, muss ihre F\u00fctterung diesem Aspekt Rechnung tragen. Dies stellt gerade die Stallbetreiber und Besitzer mit gemischten Herdenstrukturen oftmals vor eine Herausforderung. Hier gilt es auf eine ponygerechte F\u00fctterung zu achten, welche dem Bedarf nach mehrst\u00fcndiger Raufutterzufuhr unter Gesundheitsaspekten dennoch Gen\u00fcge tut. Und nat\u00fcrlich sind die Kleinen auf den Tierarzt- und Schmiedbesuch ebenso regelm\u00e4\u00dfig angewiesen, wie ihre gro\u00dfen Kollegen. Demnach ist es auch bei Ponys wichtig, eine gute <a href=\"https:\/\/uelzener.de\/pferd\/pferde-krankenversicherung\/\">Pferde-Krankenversicherung<\/a> zu haben.<\/p>\n<p>F\u00fcr ihre physische und psychische Gesundheit ist auf eine reelle Grundausbildung Wert zu legen. Denn nur weil sie kleiner als ihre Gro\u00dfpferde-Artgenossen sind, bleibt ein Pferd ein Pferd, ob klein ob gro\u00df. Weshalb sie ebenso sinnvoll und umsichtig auf ihre Aufgaben mit dem Menschen, ob geritten oder vor der Kutsche reell vorbereitet werden sollten. Das so oft praktizierte \u201eKind drauf und los geht es\u201c mag in wenigen F\u00e4llen eine kurze Zeit funktionieren, hat jedoch das Pony erst einmal gelernt, wie es aus dieser oft freudlosen und ihm teilweise Schmerzen bereitenden Arbeit entkommen kann, wird es unter Umst\u00e4nden f\u00fcr das Kind auf seinem R\u00fccken und das Umfeld h\u00f6chst gef\u00e4hrlich.<\/p>\n<p>Ponys sind keine(!) niedlichen Spielzeuge \u2013 ihre Ausbildung bedarf einer Betreuung durch einen fachkompetenten Trainer und Kinder sollten zun\u00e4chst nur unter Aufsicht eines Erwachsenen, der sie anleitet und auf einen ma\u00dfvollen Umgang achtet, mit dem Pony umgehen.<\/p>\n<p>Es gibt sehr viele unterschiedliche M\u00f6glichkeiten Ponys sinnvoll zu gymnastizieren und dabei auch ihren schlauen Kopf kreativ zur freudigen Zusammenarbeit zu motivieren. Zun\u00e4chst einmal ist es wichtig, eine gemeinsame \u201eSprache\u201c zu entwickeln, die den Alltag und das gegenseitige Verstehen erleichtern, denn auch die kleinen Pers\u00f6nlichkeiten k\u00f6nnen ungeahnte Kr\u00e4fte entwickeln, die von ihren Zweibeinern dann oftmals einfach nicht mehr zu h\u00e4ndeln sind. F\u00fchr\u00fcbungen, wie das Anhalten und Losgehen, R\u00fcckw\u00e4rtsrichten, ein Weichen der Vor- und Hinterhand, ob mit oder ohne Ber\u00fchrung auf leiseste Zeichen hin, das sichere Verladen und ein gutes Benehmen bei Tierarzt und <a href=\"https:\/\/uelzener.de\/magazin\/pferd\/erziehung-und-training\/angstfrei-zum-schmied\/\">Hufschmied<\/a> bilden hierbei die Basis.<\/p>\n<p>Die Longenarbeit am Kappzaum oder die Arbeit an der Hand gymnastizieren das Pony auch ohne Reitergewicht und bereiten es auf das Gerittensein vor. Am Langen Z\u00fcgel lassen sich, unter Anleitung eines erfahrenen Ausbilders und in einem fortgeschrittenen Ausbildungsstadium sogar die Kleinsten bis zur Hohen Schule ausbilden. Weshalb diese Arbeit eine weitere wunderbare M\u00f6glichkeit darstellt, das Pony auf das Gerittensein auf eine feine Hilfengebung hin vorzubereiten. Auch ein <a href=\"https:\/\/uelzener.de\/magazin\/pferd\/erziehung-und-training\/kutschenfuehrerschein\/\">Kutschf\u00fchrerschein<\/a> bietet sich bei der Haltung von Ponys an. So kann man mit seinem Pony die Natur genie\u00dfen und es bietet ihnen neben der Freude an sich auch noch ausreichend Bewegung f\u00fcr das Pony. Und f\u00fcr die Besch\u00e4ftigung des Pony-Kopfes k\u00f6nnen \u2013 eine gute Grundkommunikation vorausgesetzt \u2013 Zirkuslektionen oder die Freiheitsdressur einen gro\u00dfen Spa\u00df f\u00fcr die Zwei- und Vierbeiner bereithalten.<\/p>\n<p>Mit etwas Kreativit\u00e4t und dem n\u00f6tigen Fachwissen sind Ponys eine wahre Freude (nicht nur f\u00fcr die Kinder) \u2013 achte sorgsam auf diese kleinen Pferdepers\u00f6nlichkeiten mit dem gro\u00dfen Herzen.<\/p>\n<p>Deine Nicole K\u00fcnzel<\/p>\n<p><em>Nicole K\u00fcnzel bildet Mensch und Pferd in der klassischen Reitkunst aus. Freude, Leichtigkeit und Harmonie sowie eine positive Grundeinstellung sind Werte, die sie ihren Sch\u00fclern vermitteln m\u00f6chte. Neben der Pferdeausbildung ist das Schreiben ihre weitere Leidenschaft. Sie ist Autorin mehrerer Pferdefachb\u00fccher und gr\u00fcndete 2014 den evipo Verlag <\/em><a href=\"http:\/\/www.evipo-verlag.com\/\"><em>www.evipo-verlag.com<\/em><\/a><em>. In Hannover etablierte sie ihr eigenes Ausbildungszentrum evipo <\/em><a href=\"http:\/\/www.evipo.de\/\"><em>www.evipo.de<\/em><\/a><em>.<\/em><\/p>\n<p><strong>Mehr davon im Buch von Nicole K\u00fcnzel &#8222;Mit Sicherheit richtig verstanden&#8220;.<\/strong><\/p>\n","protected":false},"excerpt":{"rendered":"<p>Sie sind schlau, haben ein mutiges Herz und alles, was ihnen an K\u00f6rpergr\u00f6\u00dfe zu fehlen scheint, machen sie durch ein gro\u00dfes Selbstbewusstsein wieder wett. Ja, so ein Pony, das kann alles! Wir lieben ihre weiche M\u00e4hne, die kleinen Ohren und die wachen, intelligenten Augen. Und wie viele von ihnen haben uns durch unsere ersten Reiterjahre [&hellip;]<\/p>\n","protected":false},"author":3,"featured_media":12772,"parent":11689,"menu_order":53,"comment_status":"closed","ping_status":"closed","template":"templates\/blog.php","meta":{"_acf_changed":false,"_crdt_document":"","footnotes":"","beyondwords_generate_audio":"","beyondwords_project_id":"","beyondwords_content_id":"","beyondwords_preview_token":"","beyondwords_player_style":"","beyondwords_language_id":"","beyondwords_title_voice_id":"","beyondwords_body_voice_id":"","beyondwords_summary_voice_id":"","beyondwords_error_message":"","beyondwords_disabled":"","beyondwords_delete_content":"","beyondwords_podcast_id":"","beyondwords_hash":"","publish_post_to_speechkit":"","speechkit_hash":"","speechkit_generate_audio":"","speechkit_project_id":"","speechkit_podcast_id":"","speechkit_error_message":"","speechkit_disabled":"","speechkit_access_key":"","speechkit_error":"","speechkit_info":"","speechkit_response":"","speechkit_retries":"","speechkit_status":"","speechkit_updated_at":"","_speechkit_link":"","_speechkit_text":""},"class_list":["post-12771","page","type-page","status-publish","has-post-thumbnail","hentry"],"acf":[],"yoast_head":"<!-- This site is optimized with the Yoast SEO Premium plugin  - https:\/\/yoast.com\/product\/yoast-seo-premium-wordpress\/ -->\n<title>Umgang, Haltung und Ausbildung von Ponys | Uelzener<\/title>\n<meta name=\"description\" content=\"Erfahre alles zum Thema Ponys \u2713 Tipps \u2713 Umgang \u2713 Haltung \u2713 Ausbildung \u25b6 Jetzt lesen!\" \/>\n<meta name=\"robots\" content=\"index, follow, max-snippet:-1, max-image-preview:large, max-video-preview:-1\" \/>\n<link rel=\"canonical\" href=\"https:\/\/uelzener.de\/magazin\/pferd\/erziehung-und-training\/haltung-ponys\/\" \/>\n<meta property=\"og:locale\" content=\"de_DE\" \/>\n<meta property=\"og:type\" content=\"article\" \/>\n<meta property=\"og:title\" content=\"Haltung von Ponys: Klein, aber oho\" \/>\n<meta property=\"og:description\" content=\"Erfahre alles zum Thema Ponys \u2713 Tipps \u2713 Umgang \u2713 Haltung \u2713 Ausbildung \u25b6 Jetzt lesen!\" \/>\n<meta property=\"og:url\" content=\"https:\/\/uelzener.de\/magazin\/pferd\/erziehung-und-training\/haltung-ponys\/\" \/>\n<meta property=\"og:site_name\" content=\"Uelzener Tier-Magazin\" \/>\n<meta property=\"article:publisher\" content=\"https:\/\/www.facebook.com\/Uelzener\" \/>\n<meta property=\"article:modified_time\" content=\"2023-02-21T12:53:56+00:00\" \/>\n<meta property=\"og:image\" content=\"https:\/\/uelzener.de\/magazin\/app\/uploads\/2021\/09\/1024x450_Reiterin-umarmt-liegendes-Jungpferd.jpg\" \/>\n\t<meta property=\"og:image:width\" content=\"1024\" \/>\n\t<meta property=\"og:image:height\" content=\"450\" \/>\n\t<meta property=\"og:image:type\" content=\"image\/jpeg\" \/>\n<meta name=\"twitter:card\" content=\"summary_large_image\" \/>\n<meta name=\"twitter:label1\" content=\"Gesch\u00e4tzte Lesezeit\" \/>\n\t<meta name=\"twitter:data1\" content=\"4\u00a0Minuten\" \/>\n<script type=\"application\/ld+json\" class=\"yoast-schema-graph\">{\"@context\":\"https:\/\/schema.org\",\"@graph\":[{\"@type\":\"WebPage\",\"@id\":\"https:\/\/uelzener.de\/magazin\/pferd\/erziehung-und-training\/haltung-ponys\/\",\"url\":\"https:\/\/uelzener.de\/magazin\/pferd\/erziehung-und-training\/haltung-ponys\/\",\"name\":\"Umgang, Haltung und Ausbildung von Ponys | Uelzener\",\"isPartOf\":{\"@id\":\"https:\/\/uelzener.de\/magazin\/#website\"},\"primaryImageOfPage\":{\"@id\":\"https:\/\/uelzener.de\/magazin\/pferd\/erziehung-und-training\/haltung-ponys\/#primaryimage\"},\"image\":{\"@id\":\"https:\/\/uelzener.de\/magazin\/pferd\/erziehung-und-training\/haltung-ponys\/#primaryimage\"},\"thumbnailUrl\":\"https:\/\/uelzener.de\/magazin\/app\/uploads\/2021\/09\/1024x450_Reiterin-umarmt-liegendes-Jungpferd.jpg\",\"datePublished\":\"2016-07-14T10:16:49+00:00\",\"dateModified\":\"2023-02-21T12:53:56+00:00\",\"description\":\"Erfahre alles zum Thema Ponys \u2713 Tipps \u2713 Umgang \u2713 Haltung \u2713 Ausbildung \u25b6 Jetzt lesen!\",\"breadcrumb\":{\"@id\":\"https:\/\/uelzener.de\/magazin\/pferd\/erziehung-und-training\/haltung-ponys\/#breadcrumb\"},\"inLanguage\":\"de\",\"potentialAction\":[{\"@type\":\"ReadAction\",\"target\":[\"https:\/\/uelzener.de\/magazin\/pferd\/erziehung-und-training\/haltung-ponys\/\"]}]},{\"@type\":\"ImageObject\",\"inLanguage\":\"de\",\"@id\":\"https:\/\/uelzener.de\/magazin\/pferd\/erziehung-und-training\/haltung-ponys\/#primaryimage\",\"url\":\"https:\/\/uelzener.de\/magazin\/app\/uploads\/2021\/09\/1024x450_Reiterin-umarmt-liegendes-Jungpferd.jpg\",\"contentUrl\":\"https:\/\/uelzener.de\/magazin\/app\/uploads\/2021\/09\/1024x450_Reiterin-umarmt-liegendes-Jungpferd.jpg\",\"width\":1024,\"height\":450,\"caption\":\"Reiterin umarmt ihr dunkles Pony.\"},{\"@type\":\"WebSite\",\"@id\":\"https:\/\/uelzener.de\/magazin\/#website\",\"url\":\"https:\/\/uelzener.de\/magazin\/\",\"name\":\"Uelzener Tiermagazin\",\"description\":\"Online Tierratgeber der Uelzener Versicherungen\",\"publisher\":{\"@id\":\"https:\/\/uelzener.de\/magazin\/#organization\"},\"potentialAction\":[{\"@type\":\"SearchAction\",\"target\":{\"@type\":\"EntryPoint\",\"urlTemplate\":\"https:\/\/uelzener.de\/magazin\/?s={search_term_string}\"},\"query-input\":{\"@type\":\"PropertyValueSpecification\",\"valueRequired\":true,\"valueName\":\"search_term_string\"}}],\"inLanguage\":\"de\"},{\"@type\":\"Organization\",\"@id\":\"https:\/\/uelzener.de\/magazin\/#organization\",\"name\":\"Uelzener Versicherungen\",\"url\":\"https:\/\/uelzener.de\/magazin\/\",\"logo\":{\"@type\":\"ImageObject\",\"inLanguage\":\"de\",\"@id\":\"https:\/\/uelzener.de\/magazin\/#\/schema\/logo\/image\/\",\"url\":\"https:\/\/uelzener.de\/magazin\/app\/uploads\/2024\/11\/uelzener_allgemeine_versicherungsgesellschaft_a_g_logo.jpg\",\"contentUrl\":\"https:\/\/uelzener.de\/magazin\/app\/uploads\/2024\/11\/uelzener_allgemeine_versicherungsgesellschaft_a_g_logo.jpg\",\"width\":200,\"height\":200,\"caption\":\"Uelzener Versicherungen\"},\"image\":{\"@id\":\"https:\/\/uelzener.de\/magazin\/#\/schema\/logo\/image\/\"},\"sameAs\":[\"https:\/\/www.facebook.com\/Uelzener\",\"https:\/\/instagram.com\/uelzener\",\"https:\/\/www.xing.com\/pages\/uelzenerallgemeineversicherungs-gesellschafta-g\",\"https:\/\/www.youtube.com\/UelzenerVersicherungen\"]}]}<\/script>\n<!-- \/ Yoast SEO Premium plugin. -->","yoast_head_json":{"title":"Umgang, Haltung und Ausbildung von Ponys | Uelzener","description":"Erfahre alles zum Thema Ponys \u2713 Tipps \u2713 Umgang \u2713 Haltung \u2713 Ausbildung \u25b6 Jetzt lesen!","robots":{"index":"index","follow":"follow","max-snippet":"max-snippet:-1","max-image-preview":"max-image-preview:large","max-video-preview":"max-video-preview:-1"},"canonical":"https:\/\/uelzener.de\/magazin\/pferd\/erziehung-und-training\/haltung-ponys\/","og_locale":"de_DE","og_type":"article","og_title":"Haltung von Ponys: Klein, aber oho","og_description":"Erfahre alles zum Thema Ponys \u2713 Tipps \u2713 Umgang \u2713 Haltung \u2713 Ausbildung \u25b6 Jetzt lesen!","og_url":"https:\/\/uelzener.de\/magazin\/pferd\/erziehung-und-training\/haltung-ponys\/","og_site_name":"Uelzener Tier-Magazin","article_publisher":"https:\/\/www.facebook.com\/Uelzener","article_modified_time":"2023-02-21T12:53:56+00:00","og_image":[{"width":1024,"height":450,"url":"https:\/\/uelzener.de\/magazin\/app\/uploads\/2021\/09\/1024x450_Reiterin-umarmt-liegendes-Jungpferd.jpg","type":"image\/jpeg"}],"twitter_card":"summary_large_image","twitter_misc":{"Gesch\u00e4tzte Lesezeit":"4\u00a0Minuten"},"schema":{"@context":"https:\/\/schema.org","@graph":[{"@type":"WebPage","@id":"https:\/\/uelzener.de\/magazin\/pferd\/erziehung-und-training\/haltung-ponys\/","url":"https:\/\/uelzener.de\/magazin\/pferd\/erziehung-und-training\/haltung-ponys\/","name":"Umgang, Haltung und Ausbildung von Ponys | Uelzener","isPartOf":{"@id":"https:\/\/uelzener.de\/magazin\/#website"},"primaryImageOfPage":{"@id":"https:\/\/uelzener.de\/magazin\/pferd\/erziehung-und-training\/haltung-ponys\/#primaryimage"},"image":{"@id":"https:\/\/uelzener.de\/magazin\/pferd\/erziehung-und-training\/haltung-ponys\/#primaryimage"},"thumbnailUrl":"https:\/\/uelzener.de\/magazin\/app\/uploads\/2021\/09\/1024x450_Reiterin-umarmt-liegendes-Jungpferd.jpg","datePublished":"2016-07-14T10:16:49+00:00","dateModified":"2023-02-21T12:53:56+00:00","description":"Erfahre alles zum Thema Ponys \u2713 Tipps \u2713 Umgang \u2713 Haltung \u2713 Ausbildung \u25b6 Jetzt lesen!","breadcrumb":{"@id":"https:\/\/uelzener.de\/magazin\/pferd\/erziehung-und-training\/haltung-ponys\/#breadcrumb"},"inLanguage":"de","potentialAction":[{"@type":"ReadAction","target":["https:\/\/uelzener.de\/magazin\/pferd\/erziehung-und-training\/haltung-ponys\/"]}]},{"@type":"ImageObject","inLanguage":"de","@id":"https:\/\/uelzener.de\/magazin\/pferd\/erziehung-und-training\/haltung-ponys\/#primaryimage","url":"https:\/\/uelzener.de\/magazin\/app\/uploads\/2021\/09\/1024x450_Reiterin-umarmt-liegendes-Jungpferd.jpg","contentUrl":"https:\/\/uelzener.de\/magazin\/app\/uploads\/2021\/09\/1024x450_Reiterin-umarmt-liegendes-Jungpferd.jpg","width":1024,"height":450,"caption":"Reiterin umarmt ihr dunkles Pony."},{"@type":"WebSite","@id":"https:\/\/uelzener.de\/magazin\/#website","url":"https:\/\/uelzener.de\/magazin\/","name":"Uelzener Tiermagazin","description":"Online Tierratgeber der Uelzener Versicherungen","publisher":{"@id":"https:\/\/uelzener.de\/magazin\/#organization"},"potentialAction":[{"@type":"SearchAction","target":{"@type":"EntryPoint","urlTemplate":"https:\/\/uelzener.de\/magazin\/?s={search_term_string}"},"query-input":{"@type":"PropertyValueSpecification","valueRequired":true,"valueName":"search_term_string"}}],"inLanguage":"de"},{"@type":"Organization","@id":"https:\/\/uelzener.de\/magazin\/#organization","name":"Uelzener Versicherungen","url":"https:\/\/uelzener.de\/magazin\/","logo":{"@type":"ImageObject","inLanguage":"de","@id":"https:\/\/uelzener.de\/magazin\/#\/schema\/logo\/image\/","url":"https:\/\/uelzener.de\/magazin\/app\/uploads\/2024\/11\/uelzener_allgemeine_versicherungsgesellschaft_a_g_logo.jpg","contentUrl":"https:\/\/uelzener.de\/magazin\/app\/uploads\/2024\/11\/uelzener_allgemeine_versicherungsgesellschaft_a_g_logo.jpg","width":200,"height":200,"caption":"Uelzener Versicherungen"},"image":{"@id":"https:\/\/uelzener.de\/magazin\/#\/schema\/logo\/image\/"},"sameAs":["https:\/\/www.facebook.com\/Uelzener","https:\/\/instagram.com\/uelzener","https:\/\/www.xing.com\/pages\/uelzenerallgemeineversicherungs-gesellschafta-g","https:\/\/www.youtube.com\/UelzenerVersicherungen"]}]}},"_links":{"self":[{"href":"https:\/\/uelzener.de\/magazin\/wp-json\/wp\/v2\/pages\/12771","targetHints":{"allow":["GET"]}}],"collection":[{"href":"https:\/\/uelzener.de\/magazin\/wp-json\/wp\/v2\/pages"}],"about":[{"href":"https:\/\/uelzener.de\/magazin\/wp-json\/wp\/v2\/types\/page"}],"author":[{"embeddable":true,"href":"https:\/\/uelzener.de\/magazin\/wp-json\/wp\/v2\/users\/3"}],"replies":[{"embeddable":true,"href":"https:\/\/uelzener.de\/magazin\/wp-json\/wp\/v2\/comments?post=12771"}],"version-history":[{"count":5,"href":"https:\/\/uelzener.de\/magazin\/wp-json\/wp\/v2\/pages\/12771\/revisions"}],"predecessor-version":[{"id":14169,"href":"https:\/\/uelzener.de\/magazin\/wp-json\/wp\/v2\/pages\/12771\/revisions\/14169"}],"up":[{"embeddable":true,"href":"https:\/\/uelzener.de\/magazin\/wp-json\/wp\/v2\/pages\/11689"}],"wp:featuredmedia":[{"embeddable":true,"href":"https:\/\/uelzener.de\/magazin\/wp-json\/wp\/v2\/media\/12772"}],"wp:attachment":[{"href":"https:\/\/uelzener.de\/magazin\/wp-json\/wp\/v2\/media?parent=12771"}],"curies":[{"name":"wp","href":"https:\/\/api.w.org\/{rel}","templated":true}]}}