{"id":12768,"date":"2016-06-29T11:42:54","date_gmt":"2016-06-29T09:42:54","guid":{"rendered":"https:\/\/uelzener.de\/magazin\/?page_id=12768"},"modified":"2024-01-03T07:53:01","modified_gmt":"2024-01-03T06:53:01","slug":"zeit-pferd-reiter","status":"publish","type":"page","link":"https:\/\/uelzener.de\/magazin\/pferd\/erziehung-und-training\/zeit-pferd-reiter\/","title":{"rendered":"Nimm Dir Zeit f\u00fcr Dich und Dein Pferd"},"content":{"rendered":"<p>Tick \u2013 Tack \u2013 Tick \u2013 Tack&#8230; die Zeiger der Uhr haben unser Leben fest im Griff. Es gilt effektiver und schneller zu arbeiten, Zeitersparnis hat Priorit\u00e4t, denn Zeit ist bekanntlich Geld. Unsere Zeit ist gerade in unserer heutigen Welt kostbarer denn je und eigentlich k\u00f6nnten wir mehr von ihr \u201ehaben\u201c, gibt es doch so viele Annehmlichkeiten, die uns unsere Arbeit und unseren Alltag erleichtern. Dennoch f\u00fchlen wir uns oft ausgelaugt, denn statt die \u201egesparte\u201c Zeit zu genie\u00dfen, f\u00fcllen wir jede frei gewordene Sekunde nat\u00fcrlich produktiv wieder mit neuen Aufgaben.<\/p>\n<p>Bestehen bleibt in unserem tiefsten Inneren dennoch der Wunsch einer \u201eZeitentschleunigung\u201c, welche uns vor Burnout &amp; Co. sch\u00fctzen und uns unsere (Lebens-)Freude und ein \u201enormales\u201c Zeitpensum wieder zur\u00fcckbringen soll.<\/p>\n<p>Dabei sind die besten \u201eZeitentschleuniger\u201c \u2013 unsere Pferde \u2013 doch schon an unserer Seite. Sie k\u00f6nnen uns lehren, was es bedeutet zeitlos zu sein und hineinzusp\u00fcren, in das, was in diesem Moment wirklich wichtig ist. Sie helfen uns dabei, positiv ausgerichtet, ganz konzentriert mit unserer Aufmerksamkeit bei ihnen zu bleiben und nicht mit unseren Gedanken bereits im n\u00e4chsten Meeting zu verweilen. So geben sie uns wieder ein St\u00fcck urspr\u00fcnglicher Lebensqualit\u00e4t zur\u00fcck, bei ihnen k\u00f6nnen wir die Zeit vergessen und wieder tief durchatmen&#8230;<\/p>\n<p>K\u00f6nnten wir, w\u00e4ren da nicht die Zeitdiebe, die auch vor unserem sch\u00f6nen Hobby nicht Halt machen. Denn auch im Pferdebusiness ist Zeit Geld \u2013 die Leittragenden sind hier vor allem die Pferde, die in immer k\u00fcrzeren Zeitabschnitten bestimmte Dinge f\u00fcr uns Menschen leisten sollen, zu denen sie zumeist weder physisch, noch psychisch schon in der Lage sind.<\/p>\n<p>Es ist eine Tatsache, dass wir auch im Reitsport \u2013 egal in welcher Sparte \u2013 wieder \u201eneue\u201c Zeitbilder davon brauchen, was eine reelle Ausbildung von Pferd und Reiter ben\u00f6tigt. Eine Ausbildung, welche beide Individuen \u2013 Pferd und Mensch \u2013 in ihrem ganz eigenen Lerntempo wahrnimmt. Ein starres (Lern-)Korsett ist in der Pferdeausbildung weder angebracht, noch zeitgem\u00e4\u00df. Denn hieraus resultieren viele Disharmonien bis hin zu die Sicherheit gef\u00e4hrdenden Situationen f\u00fcr beide Individuen und das Umfeld, weil \u00fcber die Grenzen von Pferd und Mensch hinaus agiert wurde.<\/p>\n<p>Ein Pferd \u201ezeitlos\u201c zu arbeiten, die Vorschl\u00e4ge und Talente des Individuums Pferd wahrzunehmen, statt ihm einen vorgefertigten Plan aufzuzwingen, w\u00e4ren hierzu eine Alternative.<\/p>\n<p>Und wie k\u00f6nnte dies in der Praxis aussehen? Versuche die Zeit, die Du mit Deinem Pferd verbringst doch einmal ein wenig anders zu gestalten. Plane hierf\u00fcr <a href=\"https:\/\/uelzener.de\/magazin\/pferd\/erziehung-und-training\/pferdetraining-wann-und-wie-pausen-machen\/\">gen\u00fcgend Zeit<\/a> f\u00fcr Dich und Dein Pferd ein, \u00f6ffne Dein Zeitfenster quasi ein wenig mehr und lass die Uhr zu Hause, ebenso wie Dein Handy. Frage Dich beim ersten Kontakt mit Deinem Pferd, was f\u00fcr euch beide genau heute wirklich wichtig ist. Ist es ein entspannter Ausritt, die Arbeit an der Hand, ein Spaziergang, das \u00dcberwinden von ein paar Spr\u00fcngen oder ist Dein Pferd ganz motiviert, einige Lektionen mit Dir gemeinsam zu erarbeiten? Sei bestrebt, jegliche To-dos, die noch vor Dir liegen, gedanklich auszublenden und auch das letzte intensive Gespr\u00e4ch mit Deinem Chef, dort zu belassen wo es hingeh\u00f6rt \u2013 in der Vergangenheit! Schule Deine Wahrnehmung auf die vielen Einzelheiten in der Zeit mit Deinem Pferd. <a href=\"https:\/\/uelzener.de\/magazin\/pferd\/erziehung-und-training\/atmung-reiter-leben\/\">Deine Atmung<\/a> und die Deines Pferdes, wie f\u00fchlen sich seine Bewegungen an und wie Dein eigener K\u00f6rper? Konzentriere Dich bewusst und voller Achtsamkeit auf diese kleinen Schritte, Du wirst bereits sp\u00fcren, wie viel konzentrierter Du bei Deinem Pferd bist, ihm besser zuh\u00f6ren, statt einfach Dein Programm durchzuziehen \u2013 eine Folge daraus wird mehr Zufriedenheit und langfristig auch gemeinsamer Erfolg sein. Du hast die Verantwortung f\u00fcr Dein Pferd \u2013 sp\u00fcre in eurer beider Ausbildung stets in Dich hinein, ob Dein reiterlich eingeschlagener Weg Dir und Deinem Pferd unter zeitlichen Gesichtspunkten gut tut!<\/p>\n<p>Spiele mit den Anforderungen und gehe immer etwas zur\u00fcck, wenn Du f\u00fchlst, dass Du die Grenze \u00fcberschritten hast. Aus diesem Spiel entsteht Freude. Es beinhaltet etwas Leichtes und l\u00e4sst uns das gro\u00dfe Ziel letztendlich sogar schneller erreichen. Dein Pferd wird es Dir danken!<\/p>\n<p>Deine Nicole K\u00fcnzel<\/p>\n<p><em>Nicole K\u00fcnzel bildet Mensch und Pferd in der klassischen Reitkunst aus. Freude, Leichtigkeit und Harmonie sowie eine positive Grundeinstellung sind Werte, die sie ihren Sch\u00fclern vermitteln m\u00f6chte. Neben der Pferdeausbildung ist das Schreiben ihre weitere Leidenschaft. Sie ist Autorin mehrerer Pferdefachb\u00fccher und gr\u00fcndete 2014 den evipo Verlag <\/em><a href=\"http:\/\/www.evipo-verlag.com\/\"><em>www.evipo-verlag.com<\/em><\/a><em>. In Hannover etablierte sie ihr eigenes Ausbildungszentrum evipo <\/em><a href=\"http:\/\/www.evipo.de\/\"><em>www.evipo.de<\/em><\/a><em>.<\/em><\/p>\n<p><strong>Mehr davon im Buch von Nicole K\u00fcnzel &#8222;Mit Sicherheit richtig verstanden&#8220;.<\/strong><\/p>\n","protected":false},"excerpt":{"rendered":"<p>Tick \u2013 Tack \u2013 Tick \u2013 Tack&#8230; die Zeiger der Uhr haben unser Leben fest im Griff. Es gilt effektiver und schneller zu arbeiten, Zeitersparnis hat Priorit\u00e4t, denn Zeit ist bekanntlich Geld. Unsere Zeit ist gerade in unserer heutigen Welt kostbarer denn je und eigentlich k\u00f6nnten wir mehr von ihr \u201ehaben\u201c, gibt es doch so [&hellip;]<\/p>\n","protected":false},"author":3,"featured_media":12769,"parent":11689,"menu_order":52,"comment_status":"closed","ping_status":"closed","template":"templates\/blog.php","meta":{"_acf_changed":false,"_crdt_document":"","footnotes":"","beyondwords_generate_audio":"0","beyondwords_project_id":"","beyondwords_content_id":"","beyondwords_preview_token":"","beyondwords_player_style":"","beyondwords_language_id":"","beyondwords_title_voice_id":"","beyondwords_body_voice_id":"","beyondwords_summary_voice_id":"","beyondwords_error_message":"","beyondwords_disabled":"","beyondwords_delete_content":"","beyondwords_podcast_id":"","beyondwords_hash":"","publish_post_to_speechkit":"","speechkit_hash":"","speechkit_generate_audio":"","speechkit_project_id":"","speechkit_podcast_id":"","speechkit_error_message":"","speechkit_disabled":"","speechkit_access_key":"","speechkit_error":"","speechkit_info":"","speechkit_response":"","speechkit_retries":"","speechkit_status":"","speechkit_updated_at":"","_speechkit_link":"","_speechkit_text":""},"class_list":["post-12768","page","type-page","status-publish","has-post-thumbnail","hentry"],"acf":[],"yoast_head":"<!-- This site is optimized with the Yoast SEO Premium plugin  - https:\/\/yoast.com\/product\/yoast-seo-premium-wordpress\/ -->\n<title>Zeit f\u00fcr Pferd und Reiter | Uelzener<\/title>\n<meta name=\"description\" content=\"Erfahre alles zum Thema genug Zeit f\u00fcr Pferd und Reiter \u2713 Tipps \u2713 Entschleunigung \u2713 Planung \u2713 Zeitersparnis \u25b6 Jetzt lesen!\" \/>\n<meta name=\"robots\" content=\"index, follow, max-snippet:-1, max-image-preview:large, max-video-preview:-1\" \/>\n<link rel=\"canonical\" href=\"https:\/\/uelzener.de\/magazin\/pferd\/erziehung-und-training\/zeit-pferd-reiter\/\" \/>\n<meta property=\"og:locale\" content=\"de_DE\" \/>\n<meta property=\"og:type\" content=\"article\" \/>\n<meta property=\"og:title\" content=\"Nimm Dir Zeit f\u00fcr Dich und Dein Pferd\" \/>\n<meta property=\"og:description\" content=\"Erfahre alles zum Thema genug Zeit f\u00fcr Pferd und Reiter \u2713 Tipps \u2713 Entschleunigung \u2713 Planung \u2713 Zeitersparnis \u25b6 Jetzt lesen!\" \/>\n<meta property=\"og:url\" content=\"https:\/\/uelzener.de\/magazin\/pferd\/erziehung-und-training\/zeit-pferd-reiter\/\" \/>\n<meta property=\"og:site_name\" content=\"Uelzener Tier-Magazin\" \/>\n<meta property=\"article:publisher\" content=\"https:\/\/www.facebook.com\/Uelzener\" \/>\n<meta property=\"article:modified_time\" content=\"2024-01-03T06:53:01+00:00\" \/>\n<meta property=\"og:image\" content=\"https:\/\/uelzener.de\/magazin\/app\/uploads\/2021\/09\/1024x450_Auszeit-auf-Weide_Pferd-grast-Frau-sitzt.jpg\" \/>\n\t<meta property=\"og:image:width\" content=\"1024\" \/>\n\t<meta property=\"og:image:height\" content=\"450\" \/>\n\t<meta property=\"og:image:type\" content=\"image\/jpeg\" \/>\n<meta name=\"twitter:card\" content=\"summary_large_image\" \/>\n<meta name=\"twitter:label1\" content=\"Gesch\u00e4tzte Lesezeit\" \/>\n\t<meta name=\"twitter:data1\" content=\"4\u00a0Minuten\" \/>\n<script type=\"application\/ld+json\" class=\"yoast-schema-graph\">{\"@context\":\"https:\/\/schema.org\",\"@graph\":[{\"@type\":\"WebPage\",\"@id\":\"https:\/\/uelzener.de\/magazin\/pferd\/erziehung-und-training\/zeit-pferd-reiter\/\",\"url\":\"https:\/\/uelzener.de\/magazin\/pferd\/erziehung-und-training\/zeit-pferd-reiter\/\",\"name\":\"Zeit f\u00fcr Pferd und Reiter | Uelzener\",\"isPartOf\":{\"@id\":\"https:\/\/uelzener.de\/magazin\/#website\"},\"primaryImageOfPage\":{\"@id\":\"https:\/\/uelzener.de\/magazin\/pferd\/erziehung-und-training\/zeit-pferd-reiter\/#primaryimage\"},\"image\":{\"@id\":\"https:\/\/uelzener.de\/magazin\/pferd\/erziehung-und-training\/zeit-pferd-reiter\/#primaryimage\"},\"thumbnailUrl\":\"https:\/\/uelzener.de\/magazin\/app\/uploads\/2021\/09\/1024x450_Auszeit-auf-Weide_Pferd-grast-Frau-sitzt.jpg\",\"datePublished\":\"2016-06-29T09:42:54+00:00\",\"dateModified\":\"2024-01-03T06:53:01+00:00\",\"description\":\"Erfahre alles zum Thema genug Zeit f\u00fcr Pferd und Reiter \u2713 Tipps \u2713 Entschleunigung \u2713 Planung \u2713 Zeitersparnis \u25b6 Jetzt lesen!\",\"breadcrumb\":{\"@id\":\"https:\/\/uelzener.de\/magazin\/pferd\/erziehung-und-training\/zeit-pferd-reiter\/#breadcrumb\"},\"inLanguage\":\"de\",\"potentialAction\":[{\"@type\":\"ReadAction\",\"target\":[\"https:\/\/uelzener.de\/magazin\/pferd\/erziehung-und-training\/zeit-pferd-reiter\/\"]}]},{\"@type\":\"ImageObject\",\"inLanguage\":\"de\",\"@id\":\"https:\/\/uelzener.de\/magazin\/pferd\/erziehung-und-training\/zeit-pferd-reiter\/#primaryimage\",\"url\":\"https:\/\/uelzener.de\/magazin\/app\/uploads\/2021\/09\/1024x450_Auszeit-auf-Weide_Pferd-grast-Frau-sitzt.jpg\",\"contentUrl\":\"https:\/\/uelzener.de\/magazin\/app\/uploads\/2021\/09\/1024x450_Auszeit-auf-Weide_Pferd-grast-Frau-sitzt.jpg\",\"width\":1024,\"height\":450,\"caption\":\"W\u00e4hrend das Pferd in Ruhe grast, sitzt die Reiterin neben ihrem vierbeinigen Freund.\"},{\"@type\":\"WebSite\",\"@id\":\"https:\/\/uelzener.de\/magazin\/#website\",\"url\":\"https:\/\/uelzener.de\/magazin\/\",\"name\":\"Uelzener Tiermagazin\",\"description\":\"Online Tierratgeber der Uelzener Versicherungen\",\"publisher\":{\"@id\":\"https:\/\/uelzener.de\/magazin\/#organization\"},\"potentialAction\":[{\"@type\":\"SearchAction\",\"target\":{\"@type\":\"EntryPoint\",\"urlTemplate\":\"https:\/\/uelzener.de\/magazin\/?s={search_term_string}\"},\"query-input\":{\"@type\":\"PropertyValueSpecification\",\"valueRequired\":true,\"valueName\":\"search_term_string\"}}],\"inLanguage\":\"de\"},{\"@type\":\"Organization\",\"@id\":\"https:\/\/uelzener.de\/magazin\/#organization\",\"name\":\"Uelzener Versicherungen\",\"url\":\"https:\/\/uelzener.de\/magazin\/\",\"logo\":{\"@type\":\"ImageObject\",\"inLanguage\":\"de\",\"@id\":\"https:\/\/uelzener.de\/magazin\/#\/schema\/logo\/image\/\",\"url\":\"https:\/\/uelzener.de\/magazin\/app\/uploads\/2024\/11\/uelzener_allgemeine_versicherungsgesellschaft_a_g_logo.jpg\",\"contentUrl\":\"https:\/\/uelzener.de\/magazin\/app\/uploads\/2024\/11\/uelzener_allgemeine_versicherungsgesellschaft_a_g_logo.jpg\",\"width\":200,\"height\":200,\"caption\":\"Uelzener Versicherungen\"},\"image\":{\"@id\":\"https:\/\/uelzener.de\/magazin\/#\/schema\/logo\/image\/\"},\"sameAs\":[\"https:\/\/www.facebook.com\/Uelzener\",\"https:\/\/instagram.com\/uelzener\",\"https:\/\/www.xing.com\/pages\/uelzenerallgemeineversicherungs-gesellschafta-g\",\"https:\/\/www.youtube.com\/UelzenerVersicherungen\"]}]}<\/script>\n<!-- \/ Yoast SEO Premium plugin. -->","yoast_head_json":{"title":"Zeit f\u00fcr Pferd und Reiter | Uelzener","description":"Erfahre alles zum Thema genug Zeit f\u00fcr Pferd und Reiter \u2713 Tipps \u2713 Entschleunigung \u2713 Planung \u2713 Zeitersparnis \u25b6 Jetzt lesen!","robots":{"index":"index","follow":"follow","max-snippet":"max-snippet:-1","max-image-preview":"max-image-preview:large","max-video-preview":"max-video-preview:-1"},"canonical":"https:\/\/uelzener.de\/magazin\/pferd\/erziehung-und-training\/zeit-pferd-reiter\/","og_locale":"de_DE","og_type":"article","og_title":"Nimm Dir Zeit f\u00fcr Dich und Dein Pferd","og_description":"Erfahre alles zum Thema genug Zeit f\u00fcr Pferd und Reiter \u2713 Tipps \u2713 Entschleunigung \u2713 Planung \u2713 Zeitersparnis \u25b6 Jetzt lesen!","og_url":"https:\/\/uelzener.de\/magazin\/pferd\/erziehung-und-training\/zeit-pferd-reiter\/","og_site_name":"Uelzener Tier-Magazin","article_publisher":"https:\/\/www.facebook.com\/Uelzener","article_modified_time":"2024-01-03T06:53:01+00:00","og_image":[{"width":1024,"height":450,"url":"https:\/\/uelzener.de\/magazin\/app\/uploads\/2021\/09\/1024x450_Auszeit-auf-Weide_Pferd-grast-Frau-sitzt.jpg","type":"image\/jpeg"}],"twitter_card":"summary_large_image","twitter_misc":{"Gesch\u00e4tzte Lesezeit":"4\u00a0Minuten"},"schema":{"@context":"https:\/\/schema.org","@graph":[{"@type":"WebPage","@id":"https:\/\/uelzener.de\/magazin\/pferd\/erziehung-und-training\/zeit-pferd-reiter\/","url":"https:\/\/uelzener.de\/magazin\/pferd\/erziehung-und-training\/zeit-pferd-reiter\/","name":"Zeit f\u00fcr Pferd und Reiter | Uelzener","isPartOf":{"@id":"https:\/\/uelzener.de\/magazin\/#website"},"primaryImageOfPage":{"@id":"https:\/\/uelzener.de\/magazin\/pferd\/erziehung-und-training\/zeit-pferd-reiter\/#primaryimage"},"image":{"@id":"https:\/\/uelzener.de\/magazin\/pferd\/erziehung-und-training\/zeit-pferd-reiter\/#primaryimage"},"thumbnailUrl":"https:\/\/uelzener.de\/magazin\/app\/uploads\/2021\/09\/1024x450_Auszeit-auf-Weide_Pferd-grast-Frau-sitzt.jpg","datePublished":"2016-06-29T09:42:54+00:00","dateModified":"2024-01-03T06:53:01+00:00","description":"Erfahre alles zum Thema genug Zeit f\u00fcr Pferd und Reiter \u2713 Tipps \u2713 Entschleunigung \u2713 Planung \u2713 Zeitersparnis \u25b6 Jetzt lesen!","breadcrumb":{"@id":"https:\/\/uelzener.de\/magazin\/pferd\/erziehung-und-training\/zeit-pferd-reiter\/#breadcrumb"},"inLanguage":"de","potentialAction":[{"@type":"ReadAction","target":["https:\/\/uelzener.de\/magazin\/pferd\/erziehung-und-training\/zeit-pferd-reiter\/"]}]},{"@type":"ImageObject","inLanguage":"de","@id":"https:\/\/uelzener.de\/magazin\/pferd\/erziehung-und-training\/zeit-pferd-reiter\/#primaryimage","url":"https:\/\/uelzener.de\/magazin\/app\/uploads\/2021\/09\/1024x450_Auszeit-auf-Weide_Pferd-grast-Frau-sitzt.jpg","contentUrl":"https:\/\/uelzener.de\/magazin\/app\/uploads\/2021\/09\/1024x450_Auszeit-auf-Weide_Pferd-grast-Frau-sitzt.jpg","width":1024,"height":450,"caption":"W\u00e4hrend das Pferd in Ruhe grast, sitzt die Reiterin neben ihrem vierbeinigen Freund."},{"@type":"WebSite","@id":"https:\/\/uelzener.de\/magazin\/#website","url":"https:\/\/uelzener.de\/magazin\/","name":"Uelzener Tiermagazin","description":"Online Tierratgeber der Uelzener Versicherungen","publisher":{"@id":"https:\/\/uelzener.de\/magazin\/#organization"},"potentialAction":[{"@type":"SearchAction","target":{"@type":"EntryPoint","urlTemplate":"https:\/\/uelzener.de\/magazin\/?s={search_term_string}"},"query-input":{"@type":"PropertyValueSpecification","valueRequired":true,"valueName":"search_term_string"}}],"inLanguage":"de"},{"@type":"Organization","@id":"https:\/\/uelzener.de\/magazin\/#organization","name":"Uelzener Versicherungen","url":"https:\/\/uelzener.de\/magazin\/","logo":{"@type":"ImageObject","inLanguage":"de","@id":"https:\/\/uelzener.de\/magazin\/#\/schema\/logo\/image\/","url":"https:\/\/uelzener.de\/magazin\/app\/uploads\/2024\/11\/uelzener_allgemeine_versicherungsgesellschaft_a_g_logo.jpg","contentUrl":"https:\/\/uelzener.de\/magazin\/app\/uploads\/2024\/11\/uelzener_allgemeine_versicherungsgesellschaft_a_g_logo.jpg","width":200,"height":200,"caption":"Uelzener Versicherungen"},"image":{"@id":"https:\/\/uelzener.de\/magazin\/#\/schema\/logo\/image\/"},"sameAs":["https:\/\/www.facebook.com\/Uelzener","https:\/\/instagram.com\/uelzener","https:\/\/www.xing.com\/pages\/uelzenerallgemeineversicherungs-gesellschafta-g","https:\/\/www.youtube.com\/UelzenerVersicherungen"]}]}},"_links":{"self":[{"href":"https:\/\/uelzener.de\/magazin\/wp-json\/wp\/v2\/pages\/12768","targetHints":{"allow":["GET"]}}],"collection":[{"href":"https:\/\/uelzener.de\/magazin\/wp-json\/wp\/v2\/pages"}],"about":[{"href":"https:\/\/uelzener.de\/magazin\/wp-json\/wp\/v2\/types\/page"}],"author":[{"embeddable":true,"href":"https:\/\/uelzener.de\/magazin\/wp-json\/wp\/v2\/users\/3"}],"replies":[{"embeddable":true,"href":"https:\/\/uelzener.de\/magazin\/wp-json\/wp\/v2\/comments?post=12768"}],"version-history":[{"count":8,"href":"https:\/\/uelzener.de\/magazin\/wp-json\/wp\/v2\/pages\/12768\/revisions"}],"predecessor-version":[{"id":16867,"href":"https:\/\/uelzener.de\/magazin\/wp-json\/wp\/v2\/pages\/12768\/revisions\/16867"}],"up":[{"embeddable":true,"href":"https:\/\/uelzener.de\/magazin\/wp-json\/wp\/v2\/pages\/11689"}],"wp:featuredmedia":[{"embeddable":true,"href":"https:\/\/uelzener.de\/magazin\/wp-json\/wp\/v2\/media\/12769"}],"wp:attachment":[{"href":"https:\/\/uelzener.de\/magazin\/wp-json\/wp\/v2\/media?parent=12768"}],"curies":[{"name":"wp","href":"https:\/\/api.w.org\/{rel}","templated":true}]}}