{"id":12764,"date":"2016-06-02T11:33:03","date_gmt":"2016-06-02T09:33:03","guid":{"rendered":"https:\/\/uelzener.de\/magazin\/?page_id=12764"},"modified":"2025-09-03T12:48:52","modified_gmt":"2025-09-03T10:48:52","slug":"reitschule-kind","status":"publish","type":"page","link":"https:\/\/uelzener.de\/magazin\/pferd\/erziehung-und-training\/reitschule-kind\/","title":{"rendered":"Die richtige Reitschule f\u00fcrs Kind: Ein Auszug aus Nicole K\u00fcnzels Buch \u201eMit Sicherheit richtig verstanden\u201c"},"content":{"rendered":"<p>Nicole K\u00fcnzel bildet Mensch und Pferd in der klassischen Reitkunst aus. Freude, Leichtigkeit und Harmonie sowie eine positive Grundeinstellung sind Werte, die sie ihren Sch\u00fclern vermitteln m\u00f6chte. Neben der Pferdeausbildung ist das Schreiben ihre weitere Leidenschaft. Sie ist Autorin mehrerer Pferdefachb\u00fccher und gr\u00fcndete 2014 den evipo Verlag <a href=\"http:\/\/www.evipo-verlag.com\/\">www.evipo-verlag.com<\/a>. In Hannover etablierte sie ihr eigenes Ausbildungszentrum evipo <a href=\"http:\/\/www.evipo.de\/\">www.evipo.de<\/a>.<\/p>\n<h2>Warum in die Reitschule?<\/h2>\n<p>Kinder lieben Pferde! Oft sind sie bester Freund und Lehrer zugleich. Sie geben stets ein ehrliches und klares Feedback und bieten ihre dicke M\u00e4hne und ihr weiches Fell zum Hineinkuscheln an, wenn einmal \u201eder Schuh dr\u00fcckt\u201c. Im Zusammensein mit dem Vierbeiner lernen Kinder Verantwortung f\u00fcr ihr eigenes Handeln und ein anderes Lebewesen zu \u00fcbernehmen. Sie erfahren im Umgang mit dem Pferd, was es hei\u00dft, Grenzen zu akzeptieren oder H\u00fcrden zu \u00fcberwinden, sich Herausforderungen zu stellen und \u201e\u00fcber den eigenen Schatten zu springen\u201c.<\/p>\n<p>Um <a href=\"https:\/\/uelzener.de\/magazin\/pferd\/erziehung-und-training\/reiten-lernen-tipps-fuer-die-sicherheit-bei-kindern\/\">Kindern einen sicheren Start in ihr Reiterleben<\/a> zu gew\u00e4hrleisten, ist ein qualifiziertes kinder- und vor allem auch pferdefreundliches Konzept gefragt! Reiten geh\u00f6rt zu den Sportarten mit einer hohen Unfallh\u00e4ufigkeit im Kindes- und Jugendalter und viele <a href=\"https:\/\/uelzener.de\/magazin\/pferd\/haeufige-fragen\/haeufige-reitunfaelle\/\" target=\"_blank\" rel=\"noopener\">Unf\u00e4lle<\/a> davon m\u00fcssten nicht sein!<\/p>\n<p>F\u00fcr die Eltern pferdebegeisterter Kinder gestaltet es sich nicht selten als anspruchsvoll, eine gute Reitschule f\u00fcr ihr Kind zu finden. Jedoch gibt es einige Kriterien, welche auch dem Laien dabei helfen k\u00f6nnen, hier die Spreu vom Weizen zu trennen. In der Reitschule Deiner Wahl sollte auf eine sichere und korrekte Ausr\u00fcstung von Kind und Pferd gr\u00f6\u00dften Wert gelegt werden. Hierzu geh\u00f6rt eine zweckm\u00e4\u00dfige Kleidung, bestehend unter anderem aus einer Reitkappe, Handschuhen, einer gut sitzenden Reithose, Stiefeln oder Stiefeletten mit einer durchgehend glatten Sohle und gegebenenfalls einer korrekt angepassten Sicherheitsweste. Auch die Ausr\u00fcstung des Pferdes, wie Trense und Sattel, sollte gepflegt und auf das jeweilige Pferd angepasst sein. Weiter sollte der Sattel \u00fcber eine gut funktionierende Sturzfeder, sowie Sicherheitssteigb\u00fcgel verf\u00fcgen. Vor jedem Unterrichtsbeginn \u00fcberpr\u00fcft zudem der Ausbilder die Ausr\u00fcstung von Kind und Pferd.<\/p>\n<h2>Was ist ein guter Ausbilder?<\/h2>\n<p>In Bezug auf die Ausbildung Deines Kindes sollte ein guter Ausbilder dazu in der Lage sein, Situationen richtig einzusch\u00e4tzen, vorausschauend zu agieren und die Reaktionen eines Sch\u00fclerpferdes so zu deuten, dass eine Gefahr vermieden oder rechtzeitig abgewendet werden kann. Er wird Pferd und Kind im Unterricht weder \u00fcber- noch unterfordern. Der Unterricht ist strukturiert aufgebaut und auch f\u00fcr Dich als Elternteil verst\u00e4ndlich. Fragen werden einleuchtend und plausibel erl\u00e4utert. Bevor(!) das erste Mal aufgesessen wird, f\u00fchrt er Dein Kind Schritt f\u00fcr Schritt in die Welt des Pferdes ein, was bedeutet, dass es unter Anleitung Zeit hat, die gro\u00dfen Vierbeiner kennenzulernen, sie zu beobachten, zu putzen und zu f\u00fchren. Ein ausbalancierter, z\u00fcgelunabh\u00e4ngiger Sitz ist das A und O allen sicheren Reitens. Der Ausbilder wird diesen zun\u00e4chst so lange an der Longe schulen, bis das Kind dazu in der Lage ist, in allen drei Gangarten m\u00fchelos im Gleichgewicht zu sitzen. Hierbei kann es sich voll und ganz auf seinen K\u00f6rper konzentrieren, denn mit einer Tempo- und Richtungsbestimmung des Pferdes sind Reiterneulinge im Anfangsstadium noch \u00fcberfordert. So wird das Pferd geschont und Dein Kind vor unfreiwilligen St\u00fcrzen bewahrt, da es zun\u00e4chst gelernt hat, sich auf dem Pferd in den unterschiedlichen Gangarten auszubalancieren. Es gilt der Grundsatz: Je sicherer der Sitz, desto sicherer das Reiten f\u00fcr Dein Kind!<\/p>\n\n<div class=\"related_articles boxed\">\n    <h2>Mehr zum Thema<\/h2>\n    \n    <div class=\"wrapper\"><div class=\"title align-center\"><h3><a href=\"https:\/\/uelzener.de\/magazin\/pferd\/erziehung-und-training\/pferd-mensch-beziehung\/\">Pferd und Mensch: Grundlagen einer guten Beziehung<\/a><\/h3><\/div><div class=\"img align-center\"><img decoding=\"async\" width=\"315\" height=\"180\" src=\"https:\/\/uelzener.de\/magazin\/app\/uploads\/2022\/07\/Header_Magazin_Pferd-Mensch-Beziehung-315x180.jpg\" class=\"attachment-315x180 size-315x180 wp-post-image\" alt=\"Frau lehnt sich an ihr hellbraunes Pferd, sie haben eine innige Beziehung.\" \/><\/div><\/div><div class=\"wrapper\"><div class=\"title align-center\"><h3><a href=\"https:\/\/uelzener.de\/magazin\/pferd\/erziehung-und-training\/reiten-lernen-tipps-fuer-die-sicherheit-bei-kindern\/\">Reiten lernen: Tipps f\u00fcr die Sicherheit bei Kindern<\/a><\/h3><\/div><div class=\"img align-center\"><img decoding=\"async\" width=\"315\" height=\"180\" src=\"https:\/\/uelzener.de\/magazin\/app\/uploads\/2019\/11\/97ad1718-5b9e-438d-9b5d-9e11dc64397a-315x180.jpg\" class=\"attachment-315x180 size-315x180 wp-post-image\" alt=\"Ein kleines Kind putzt sein Trainingspferd, wenn Kinder reiten lernen ist Sicherheit am wichtigsten.\" \/><\/div><\/div><div class=\"wrapper\"><div class=\"title align-center\"><h3><a href=\"https:\/\/uelzener.de\/magazin\/pferd\/erziehung-und-training\/online-reitschulen\/\">Online-Reitschulen: Reiten lernen im digitalen Zeitalter<\/a><\/h3><\/div><div class=\"img align-center\"><img decoding=\"async\" width=\"315\" height=\"180\" src=\"https:\/\/uelzener.de\/magazin\/app\/uploads\/2023\/08\/online-reitschule-junge-frau-315x180.jpg\" class=\"attachment-315x180 size-315x180 wp-post-image\" alt=\"Junge Frau nimmt am Laptop Unterricht bei einer Online-Reitschule.\" \/><\/div><\/div><\/div>\n\n<h2>Gruppengr\u00f6\u00dfe<\/h2>\n<p>Achte darauf, dass die auf eine Gruppengr\u00f6\u00dfe im Reitunterricht die Zahl von h\u00f6chstens vier Kindern nicht \u00fcbersteigt und auf eine naturnahe Haltung der Pferde, mit mindestens mehreren Stunden freier Bewegung auf einem Paddock oder einer Weide, sowie einen fairen Umgang mit den anvertrauten Vierbeinern sorgsam geachtet wird. Machen die Pferde zudem einen gesunden, aufgeschlossenen und entspannten Eindruck und ist die Reitanlage gepflegt? Dann bist Du auf einem guten Weg, Deinem Kind einen sicheren Einstieg in eines der sch\u00f6nsten Hobbys der Welt zu erm\u00f6glichen.<\/p>\n<h2>Naturnahe Pferdehaltung<\/h2>\n<p>Bedenke bitte, dass in einer gepflegten Anlage mit den M\u00f6glichkeiten zur naturnahen Pferdehaltung, fein ausgebildeten Lehrpferden und einem sich stets weiterbildenden, professionellen Ausbilder Zeit und viele (eigene) Investitionen stecken. Dies wird sich in den Preisen berechtigterweise zeigen. Eine gute Reitschule mit einem ebensolchen Ausbilder ist mit Gold nicht aufzuwiegen, geht es doch um das Wohlergehen Deines Kindes.<\/p>\n<h2>Ein kleiner Tipp<\/h2>\n<p>Es hat sich bew\u00e4hrt, die Reitschule Deiner Wahl, zun\u00e4chst einmal einige Male gemeinsam mit Deinem Kind zu besuchen, bevor(!) Du es dort zum Reitunterricht anmeldest. Hast Du ein gutes (Bauch-)Gef\u00fchl, dann sollte einem sicheren Einstieg ins Reiterleben nichts mehr im Wege stehen!<\/p>\n<p><strong>Mehr davon im Buch von Nicole K\u00fcnzel \u201eMit Sicherheit richtig verstanden\u201c.<\/strong><\/p>\n","protected":false},"excerpt":{"rendered":"<p>Nicole K\u00fcnzel bildet Mensch und Pferd in der klassischen Reitkunst aus. Freude, Leichtigkeit und Harmonie sowie eine positive Grundeinstellung sind Werte, die sie ihren Sch\u00fclern vermitteln m\u00f6chte. Neben der Pferdeausbildung ist das Schreiben ihre weitere Leidenschaft. Sie ist Autorin mehrerer Pferdefachb\u00fccher und gr\u00fcndete 2014 den evipo Verlag www.evipo-verlag.com. In Hannover etablierte sie ihr eigenes Ausbildungszentrum [&hellip;]<\/p>\n","protected":false},"author":3,"featured_media":12765,"parent":11689,"menu_order":51,"comment_status":"closed","ping_status":"closed","template":"templates\/blog.php","meta":{"_acf_changed":false,"_crdt_document":"","footnotes":"","beyondwords_generate_audio":"","beyondwords_project_id":"","beyondwords_content_id":"","beyondwords_preview_token":"","beyondwords_player_style":"","beyondwords_language_id":"","beyondwords_title_voice_id":"","beyondwords_body_voice_id":"","beyondwords_summary_voice_id":"","beyondwords_error_message":"","beyondwords_disabled":"","beyondwords_delete_content":"","beyondwords_podcast_id":"","beyondwords_hash":"","publish_post_to_speechkit":"","speechkit_hash":"","speechkit_generate_audio":"","speechkit_project_id":"","speechkit_podcast_id":"","speechkit_error_message":"","speechkit_disabled":"","speechkit_access_key":"","speechkit_error":"","speechkit_info":"","speechkit_response":"","speechkit_retries":"","speechkit_status":"","speechkit_updated_at":"","_speechkit_link":"","_speechkit_text":""},"class_list":["post-12764","page","type-page","status-publish","has-post-thumbnail","hentry"],"acf":[],"yoast_head":"<!-- This site is optimized with the Yoast SEO Premium plugin  - https:\/\/yoast.com\/product\/yoast-seo-premium-wordpress\/ -->\n<title>Richtige Reitschule f\u00fcr Kinder | Uelzener<\/title>\n<meta name=\"description\" content=\"Erfahre alles zum Thema richtige Reitschule f\u00fcr Kinder \u2713 Tipps \u2713 Auswahl \u2713 Vertrauen \u2713 Ausr\u00fcstung \u25b6 Jetzt lesen!\" \/>\n<meta name=\"robots\" content=\"index, follow, max-snippet:-1, max-image-preview:large, max-video-preview:-1\" \/>\n<link rel=\"canonical\" href=\"https:\/\/uelzener.de\/magazin\/pferd\/erziehung-und-training\/reitschule-kind\/\" \/>\n<meta property=\"og:locale\" content=\"de_DE\" \/>\n<meta property=\"og:type\" content=\"article\" \/>\n<meta property=\"og:title\" content=\"Die richtige Reitschule f\u00fcrs Kind: Ein Auszug aus Nicole K\u00fcnzels Buch \u201eMit Sicherheit richtig verstanden\u201c\" \/>\n<meta property=\"og:description\" content=\"Erfahre alles zum Thema richtige Reitschule f\u00fcr Kinder \u2713 Tipps \u2713 Auswahl \u2713 Vertrauen \u2713 Ausr\u00fcstung \u25b6 Jetzt lesen!\" \/>\n<meta property=\"og:url\" content=\"https:\/\/uelzener.de\/magazin\/pferd\/erziehung-und-training\/reitschule-kind\/\" \/>\n<meta property=\"og:site_name\" content=\"Uelzener Tier-Magazin\" \/>\n<meta property=\"article:publisher\" content=\"https:\/\/www.facebook.com\/Uelzener\" \/>\n<meta property=\"article:modified_time\" content=\"2025-09-03T10:48:52+00:00\" \/>\n<meta property=\"og:image\" content=\"https:\/\/uelzener.de\/magazin\/app\/uploads\/2021\/09\/1024x450_Reitunterricht_Maedchen-auf-Pferd-mit-Reitlehrerin.jpg\" \/>\n\t<meta property=\"og:image:width\" content=\"1024\" \/>\n\t<meta property=\"og:image:height\" content=\"450\" \/>\n\t<meta property=\"og:image:type\" content=\"image\/jpeg\" \/>\n<meta name=\"twitter:card\" content=\"summary_large_image\" \/>\n<meta name=\"twitter:label1\" content=\"Gesch\u00e4tzte Lesezeit\" \/>\n\t<meta name=\"twitter:data1\" content=\"5\u00a0Minuten\" \/>\n<script type=\"application\/ld+json\" class=\"yoast-schema-graph\">{\"@context\":\"https:\/\/schema.org\",\"@graph\":[{\"@type\":\"WebPage\",\"@id\":\"https:\/\/uelzener.de\/magazin\/pferd\/erziehung-und-training\/reitschule-kind\/\",\"url\":\"https:\/\/uelzener.de\/magazin\/pferd\/erziehung-und-training\/reitschule-kind\/\",\"name\":\"Richtige Reitschule f\u00fcr Kinder | Uelzener\",\"isPartOf\":{\"@id\":\"https:\/\/uelzener.de\/magazin\/#website\"},\"primaryImageOfPage\":{\"@id\":\"https:\/\/uelzener.de\/magazin\/pferd\/erziehung-und-training\/reitschule-kind\/#primaryimage\"},\"image\":{\"@id\":\"https:\/\/uelzener.de\/magazin\/pferd\/erziehung-und-training\/reitschule-kind\/#primaryimage\"},\"thumbnailUrl\":\"https:\/\/uelzener.de\/magazin\/app\/uploads\/2021\/09\/1024x450_Reitunterricht_Maedchen-auf-Pferd-mit-Reitlehrerin.jpg\",\"datePublished\":\"2016-06-02T09:33:03+00:00\",\"dateModified\":\"2025-09-03T10:48:52+00:00\",\"description\":\"Erfahre alles zum Thema richtige Reitschule f\u00fcr Kinder \u2713 Tipps \u2713 Auswahl \u2713 Vertrauen \u2713 Ausr\u00fcstung \u25b6 Jetzt lesen!\",\"breadcrumb\":{\"@id\":\"https:\/\/uelzener.de\/magazin\/pferd\/erziehung-und-training\/reitschule-kind\/#breadcrumb\"},\"inLanguage\":\"de\",\"potentialAction\":[{\"@type\":\"ReadAction\",\"target\":[\"https:\/\/uelzener.de\/magazin\/pferd\/erziehung-und-training\/reitschule-kind\/\"]}]},{\"@type\":\"ImageObject\",\"inLanguage\":\"de\",\"@id\":\"https:\/\/uelzener.de\/magazin\/pferd\/erziehung-und-training\/reitschule-kind\/#primaryimage\",\"url\":\"https:\/\/uelzener.de\/magazin\/app\/uploads\/2021\/09\/1024x450_Reitunterricht_Maedchen-auf-Pferd-mit-Reitlehrerin.jpg\",\"contentUrl\":\"https:\/\/uelzener.de\/magazin\/app\/uploads\/2021\/09\/1024x450_Reitunterricht_Maedchen-auf-Pferd-mit-Reitlehrerin.jpg\",\"width\":1024,\"height\":450,\"caption\":\"Reitunterricht f\u00fcr ein M\u00e4dchen auf dem Pony, sie besucht die Reitschule.\"},{\"@type\":\"WebSite\",\"@id\":\"https:\/\/uelzener.de\/magazin\/#website\",\"url\":\"https:\/\/uelzener.de\/magazin\/\",\"name\":\"Uelzener Tiermagazin\",\"description\":\"Online Tierratgeber der Uelzener Versicherungen\",\"publisher\":{\"@id\":\"https:\/\/uelzener.de\/magazin\/#organization\"},\"potentialAction\":[{\"@type\":\"SearchAction\",\"target\":{\"@type\":\"EntryPoint\",\"urlTemplate\":\"https:\/\/uelzener.de\/magazin\/?s={search_term_string}\"},\"query-input\":{\"@type\":\"PropertyValueSpecification\",\"valueRequired\":true,\"valueName\":\"search_term_string\"}}],\"inLanguage\":\"de\"},{\"@type\":\"Organization\",\"@id\":\"https:\/\/uelzener.de\/magazin\/#organization\",\"name\":\"Uelzener Versicherungen\",\"url\":\"https:\/\/uelzener.de\/magazin\/\",\"logo\":{\"@type\":\"ImageObject\",\"inLanguage\":\"de\",\"@id\":\"https:\/\/uelzener.de\/magazin\/#\/schema\/logo\/image\/\",\"url\":\"https:\/\/uelzener.de\/magazin\/app\/uploads\/2024\/11\/uelzener_allgemeine_versicherungsgesellschaft_a_g_logo.jpg\",\"contentUrl\":\"https:\/\/uelzener.de\/magazin\/app\/uploads\/2024\/11\/uelzener_allgemeine_versicherungsgesellschaft_a_g_logo.jpg\",\"width\":200,\"height\":200,\"caption\":\"Uelzener Versicherungen\"},\"image\":{\"@id\":\"https:\/\/uelzener.de\/magazin\/#\/schema\/logo\/image\/\"},\"sameAs\":[\"https:\/\/www.facebook.com\/Uelzener\",\"https:\/\/instagram.com\/uelzener\",\"https:\/\/www.xing.com\/pages\/uelzenerallgemeineversicherungs-gesellschafta-g\",\"https:\/\/www.youtube.com\/UelzenerVersicherungen\"]}]}<\/script>\n<!-- \/ Yoast SEO Premium plugin. -->","yoast_head_json":{"title":"Richtige Reitschule f\u00fcr Kinder | Uelzener","description":"Erfahre alles zum Thema richtige Reitschule f\u00fcr Kinder \u2713 Tipps \u2713 Auswahl \u2713 Vertrauen \u2713 Ausr\u00fcstung \u25b6 Jetzt lesen!","robots":{"index":"index","follow":"follow","max-snippet":"max-snippet:-1","max-image-preview":"max-image-preview:large","max-video-preview":"max-video-preview:-1"},"canonical":"https:\/\/uelzener.de\/magazin\/pferd\/erziehung-und-training\/reitschule-kind\/","og_locale":"de_DE","og_type":"article","og_title":"Die richtige Reitschule f\u00fcrs Kind: Ein Auszug aus Nicole K\u00fcnzels Buch \u201eMit Sicherheit richtig verstanden\u201c","og_description":"Erfahre alles zum Thema richtige Reitschule f\u00fcr Kinder \u2713 Tipps \u2713 Auswahl \u2713 Vertrauen \u2713 Ausr\u00fcstung \u25b6 Jetzt lesen!","og_url":"https:\/\/uelzener.de\/magazin\/pferd\/erziehung-und-training\/reitschule-kind\/","og_site_name":"Uelzener Tier-Magazin","article_publisher":"https:\/\/www.facebook.com\/Uelzener","article_modified_time":"2025-09-03T10:48:52+00:00","og_image":[{"width":1024,"height":450,"url":"https:\/\/uelzener.de\/magazin\/app\/uploads\/2021\/09\/1024x450_Reitunterricht_Maedchen-auf-Pferd-mit-Reitlehrerin.jpg","type":"image\/jpeg"}],"twitter_card":"summary_large_image","twitter_misc":{"Gesch\u00e4tzte Lesezeit":"5\u00a0Minuten"},"schema":{"@context":"https:\/\/schema.org","@graph":[{"@type":"WebPage","@id":"https:\/\/uelzener.de\/magazin\/pferd\/erziehung-und-training\/reitschule-kind\/","url":"https:\/\/uelzener.de\/magazin\/pferd\/erziehung-und-training\/reitschule-kind\/","name":"Richtige Reitschule f\u00fcr Kinder | Uelzener","isPartOf":{"@id":"https:\/\/uelzener.de\/magazin\/#website"},"primaryImageOfPage":{"@id":"https:\/\/uelzener.de\/magazin\/pferd\/erziehung-und-training\/reitschule-kind\/#primaryimage"},"image":{"@id":"https:\/\/uelzener.de\/magazin\/pferd\/erziehung-und-training\/reitschule-kind\/#primaryimage"},"thumbnailUrl":"https:\/\/uelzener.de\/magazin\/app\/uploads\/2021\/09\/1024x450_Reitunterricht_Maedchen-auf-Pferd-mit-Reitlehrerin.jpg","datePublished":"2016-06-02T09:33:03+00:00","dateModified":"2025-09-03T10:48:52+00:00","description":"Erfahre alles zum Thema richtige Reitschule f\u00fcr Kinder \u2713 Tipps \u2713 Auswahl \u2713 Vertrauen \u2713 Ausr\u00fcstung \u25b6 Jetzt lesen!","breadcrumb":{"@id":"https:\/\/uelzener.de\/magazin\/pferd\/erziehung-und-training\/reitschule-kind\/#breadcrumb"},"inLanguage":"de","potentialAction":[{"@type":"ReadAction","target":["https:\/\/uelzener.de\/magazin\/pferd\/erziehung-und-training\/reitschule-kind\/"]}]},{"@type":"ImageObject","inLanguage":"de","@id":"https:\/\/uelzener.de\/magazin\/pferd\/erziehung-und-training\/reitschule-kind\/#primaryimage","url":"https:\/\/uelzener.de\/magazin\/app\/uploads\/2021\/09\/1024x450_Reitunterricht_Maedchen-auf-Pferd-mit-Reitlehrerin.jpg","contentUrl":"https:\/\/uelzener.de\/magazin\/app\/uploads\/2021\/09\/1024x450_Reitunterricht_Maedchen-auf-Pferd-mit-Reitlehrerin.jpg","width":1024,"height":450,"caption":"Reitunterricht f\u00fcr ein M\u00e4dchen auf dem Pony, sie besucht die Reitschule."},{"@type":"WebSite","@id":"https:\/\/uelzener.de\/magazin\/#website","url":"https:\/\/uelzener.de\/magazin\/","name":"Uelzener Tiermagazin","description":"Online Tierratgeber der Uelzener Versicherungen","publisher":{"@id":"https:\/\/uelzener.de\/magazin\/#organization"},"potentialAction":[{"@type":"SearchAction","target":{"@type":"EntryPoint","urlTemplate":"https:\/\/uelzener.de\/magazin\/?s={search_term_string}"},"query-input":{"@type":"PropertyValueSpecification","valueRequired":true,"valueName":"search_term_string"}}],"inLanguage":"de"},{"@type":"Organization","@id":"https:\/\/uelzener.de\/magazin\/#organization","name":"Uelzener Versicherungen","url":"https:\/\/uelzener.de\/magazin\/","logo":{"@type":"ImageObject","inLanguage":"de","@id":"https:\/\/uelzener.de\/magazin\/#\/schema\/logo\/image\/","url":"https:\/\/uelzener.de\/magazin\/app\/uploads\/2024\/11\/uelzener_allgemeine_versicherungsgesellschaft_a_g_logo.jpg","contentUrl":"https:\/\/uelzener.de\/magazin\/app\/uploads\/2024\/11\/uelzener_allgemeine_versicherungsgesellschaft_a_g_logo.jpg","width":200,"height":200,"caption":"Uelzener Versicherungen"},"image":{"@id":"https:\/\/uelzener.de\/magazin\/#\/schema\/logo\/image\/"},"sameAs":["https:\/\/www.facebook.com\/Uelzener","https:\/\/instagram.com\/uelzener","https:\/\/www.xing.com\/pages\/uelzenerallgemeineversicherungs-gesellschafta-g","https:\/\/www.youtube.com\/UelzenerVersicherungen"]}]}},"_links":{"self":[{"href":"https:\/\/uelzener.de\/magazin\/wp-json\/wp\/v2\/pages\/12764","targetHints":{"allow":["GET"]}}],"collection":[{"href":"https:\/\/uelzener.de\/magazin\/wp-json\/wp\/v2\/pages"}],"about":[{"href":"https:\/\/uelzener.de\/magazin\/wp-json\/wp\/v2\/types\/page"}],"author":[{"embeddable":true,"href":"https:\/\/uelzener.de\/magazin\/wp-json\/wp\/v2\/users\/3"}],"replies":[{"embeddable":true,"href":"https:\/\/uelzener.de\/magazin\/wp-json\/wp\/v2\/comments?post=12764"}],"version-history":[{"count":9,"href":"https:\/\/uelzener.de\/magazin\/wp-json\/wp\/v2\/pages\/12764\/revisions"}],"predecessor-version":[{"id":19120,"href":"https:\/\/uelzener.de\/magazin\/wp-json\/wp\/v2\/pages\/12764\/revisions\/19120"}],"up":[{"embeddable":true,"href":"https:\/\/uelzener.de\/magazin\/wp-json\/wp\/v2\/pages\/11689"}],"wp:featuredmedia":[{"embeddable":true,"href":"https:\/\/uelzener.de\/magazin\/wp-json\/wp\/v2\/media\/12765"}],"wp:attachment":[{"href":"https:\/\/uelzener.de\/magazin\/wp-json\/wp\/v2\/media?parent=12764"}],"curies":[{"name":"wp","href":"https:\/\/api.w.org\/{rel}","templated":true}]}}