{"id":12761,"date":"2016-05-11T10:59:50","date_gmt":"2016-05-11T08:59:50","guid":{"rendered":"https:\/\/uelzener.de\/magazin\/?page_id=12761"},"modified":"2025-06-23T15:10:13","modified_gmt":"2025-06-23T13:10:13","slug":"sicherheit-richtig-verstanden","status":"publish","type":"page","link":"https:\/\/uelzener.de\/magazin\/pferd\/erziehung-und-training\/sicherheit-richtig-verstanden\/","title":{"rendered":"Mit Sicherheit richtig verstanden: Ausz\u00fcge aus Nicole K\u00fcnzels Buch"},"content":{"rendered":"<p class=\"ai-optimize-introduction ai-optimize-6\">Nicole K\u00fcnzel bildet Mensch und Pferd in der klassischen Reitkunst aus. Freude, Leichtigkeit und Harmonie sowie eine positive Grundeinstellung sind Werte, die sie ihren Sch\u00fclern vermitteln m\u00f6chte. Neben der Pferdeausbildung ist das Schreiben ihre weitere Leidenschaft. Sie ist Autorin mehrerer Pferdefachb\u00fccher und gr\u00fcndete 2014 den evipo Verlag <a href=\"http:\/\/www.evipo-verlag.com\/\">www.evipo-verlag.com<\/a>. In Hannover etablierte sie ihr eigenes Ausbildungszentrum evipo <a href=\"http:\/\/www.evipo.de\/\">www.evipo.de<\/a>.<\/p>\n<p class=\"ai-optimize-7\"><em>Sicherheit erreicht man nicht, indem man Z\u00e4une errichtet, Sicherheit gewinnt man, indem man Tore \u00f6ffnet.\u201c <\/em>Urho Kaleva Kekkonen<\/p>\n<p class=\"ai-optimize-8\">Jeder von uns hat ein Bed\u00fcrfnis nach Sicherheit. Dieses obliegt nicht nur dem Menschen, auch bei unseren Pferden steht es an vorderster Stelle.<\/p>\n<p class=\"ai-optimize-9\">Wie man Sicherheit im Sattel oder am Boden mit dem Pferd gewinnt, ist eines der zentralen Themen aller, die sich beruflich oder in ihrer Freizeit mit dem Pferd befassen. Dabei ist sie zum einen die Voraussetzung daf\u00fcr, dass Mensch und Pferd gefahrlos miteinander umgehen, sie ist aber auch das Ergebnis einer erfolgreichen Kommunikation, die auf gegenseitigem Vertrauen und Verst\u00e4ndnis beruht \u2013 in der sich beide Partner <em>richtig verstehen<\/em>.<\/p>\n<p class=\"ai-optimize-10\">Die meisten Missverst\u00e4ndnisse zwischen Pferd und Mensch bis hin zu daraus resultierenden schweren Unf\u00e4llen sind auf Unwissenheit oder ein willentliches Fehlverhalten des Menschen, sowie eine \u00dcberforderung des Pferdes zur\u00fcckzuf\u00fchren. Es ist eine Tatsache, dass der \u00fcberwiegende Teil der Harmoniest\u00f6rungen und <a href=\"https:\/\/uelzener.de\/magazin\/pferd\/haeufige-fragen\/haeufige-reitunfaelle\/\" target=\"_blank\" rel=\"noopener\">Unf\u00e4lle<\/a> im Umgang mit dem Pferd oder beim Reiten nicht passieren m\u00fcssten!<\/p>\n<p class=\"ai-optimize-11\">Ein ungutes Gef\u00fchl f\u00fcr die eigene Sicherheit ist nur eine Folge mangelnden gegenseitigen Vertrauens und Respekts. Viele Menschen neigen zudem dazu, die Schuld beim Pferd zu suchen, welches sich dem Reiter gegen\u00fcber scheinbar \u201egrundlos\u201c negativ verh\u00e4lt.<\/p>\n<p class=\"ai-optimize-12\">Jedoch \u201eirren\u201c Pferde sich im Verhalten untereinander nicht und sie ergreifen auch nicht sinnlos die Flucht oder schlagen versehentlich mit voller Wucht aus! Es gibt immer einen Grund, denn trotz der Domestizierung durch den Menschen stecken in ihnen noch die ureigenen Instinkte ihrer Vorfahren, die ihnen ihr \u00dcberleben sicherten. Handelt ein Pferd also gegen uns, sieht es zumeist seine eigene Sicherheit bedroht. K\u00f6rperspannung, Gestik und Mimik k\u00fcndigen hierbei oft lange vorher an, dass etwas nicht stimmt. Es liegt in unserer Verantwortung, uns in das Lebewesen Pferd so einzuf\u00fchlen, dass Missverst\u00e4ndnisse zwischen Pferd und Mensch, welche oftmals auf eine Kommunikationsst\u00f6rung zwischen beiden zur\u00fcckzuf\u00fchren sind, gar nicht erst entstehen. Aus dem Wissen, welches wir uns in Bezug auf die Verhaltensweisen des Pferdes aneignen, erw\u00e4chst Verstehen und Verst\u00e4ndnis f\u00fcr unseren vierbeinigen Partner. Darauf aufbauend wird der Grundstein f\u00fcr eine harmonische Partnerschaft und Freundschaft, welche auf gegenseitigem Vertrauen beruht, gelegt, in der man sich im t\u00e4glichen Miteinander sicher und gut aufgehoben f\u00fchlt und in der eine echte Verbindung entsteht. Eine solche und die daf\u00fcr notwendige gute Kommunikation beginnt am Boden und zwar in dem Moment, in dem wir in das Leben des Pferdes eintreten \u2013 in seine Box oder auf die Weide. Kommunikation bezieht sich immer auf den Austausch zwischen <em>beiden<\/em> Partnern. Du kommunizierst verst\u00e4ndlich f\u00fcr Deinem Pferd und Du verstehst, wie es mit Dir kommuniziert. <em>Das<\/em> ist die Basis f\u00fcr jegliche Sparte der Reiterei. <em>Das<\/em> schafft Vertrauen und Sicherheit auf beiden Seiten. Jedoch bedarf es einer guten Anleitung und eines wissbegierigen Sch\u00fclers, der sich wirklich mit dem Partner Pferd auseinandersetzen m\u00f6chte. Dann wird auch das Pferd ein wissbegieriger Sch\u00fcler werden.<\/p>\n<p class=\"ai-optimize-13\">Die h\u00f6chste Unfallpr\u00e4vention und Grundlage f\u00fcr Gl\u00fcck und Freude mit unserem vierbeinigen Partner ist daher immer eine gute Ausbildung von Pferd und Mensch \u2013 vom Boden, an der Hand, vor der Kutsche oder vom Sattel aus! F\u00fcr jede Aktivit\u00e4t ist eine gute Ausbildung eine wichtige Voraussetzung. So sollte jeder Pferdehalter unbedingt einen <a href=\"https:\/\/uelzener.de\/magazin\/pferd\/erziehung-und-training\/kutschenfuehrerschein\/\">Kutschf\u00fchrerschein<\/a> machen, bevor er die erste Ausfahrt unternimmt. Machen wir uns also auf den Weg zum besseren Verstehen, zu einem feineren und sichereren Umgang miteinander!<\/p>\n<p class=\"ai-optimize-14\">Doch auch mit gr\u00f6\u00dfter Vorsicht kann es leider immer zu Unf\u00e4llen kommen, weshalb eine gute <a href=\"https:\/\/uelzener.de\/pferd\/\">Pferde-Versicherung<\/a> obligatorisch ist.<\/p>\n<p class=\"ai-optimize-15\"><strong>Mehr davon im Buch von Nicole K\u00fcnzel &#8222;Mit Sicherheit richtig verstanden&#8220;.<\/strong><\/p>\n","protected":false},"excerpt":{"rendered":"<p>Nicole K\u00fcnzel bildet Mensch und Pferd in der klassischen Reitkunst aus. Freude, Leichtigkeit und Harmonie sowie eine positive Grundeinstellung sind Werte, die sie ihren Sch\u00fclern vermitteln m\u00f6chte. Neben der Pferdeausbildung ist das Schreiben ihre weitere Leidenschaft. Sie ist Autorin mehrerer Pferdefachb\u00fccher und gr\u00fcndete 2014 den evipo Verlag www.evipo-verlag.com. In Hannover etablierte sie ihr eigenes Ausbildungszentrum [&hellip;]<\/p>\n","protected":false},"author":3,"featured_media":12762,"parent":11689,"menu_order":50,"comment_status":"closed","ping_status":"closed","template":"templates\/blog.php","meta":{"_acf_changed":false,"_crdt_document":"","footnotes":"","beyondwords_generate_audio":"","beyondwords_project_id":"","beyondwords_content_id":"","beyondwords_preview_token":"","beyondwords_player_style":"","beyondwords_language_id":"","beyondwords_title_voice_id":"","beyondwords_body_voice_id":"","beyondwords_summary_voice_id":"","beyondwords_error_message":"","beyondwords_disabled":"","beyondwords_delete_content":"","beyondwords_podcast_id":"","beyondwords_hash":"","publish_post_to_speechkit":"","speechkit_hash":"","speechkit_generate_audio":"","speechkit_project_id":"","speechkit_podcast_id":"","speechkit_error_message":"","speechkit_disabled":"","speechkit_access_key":"","speechkit_error":"","speechkit_info":"","speechkit_response":"","speechkit_retries":"","speechkit_status":"","speechkit_updated_at":"","_speechkit_link":"","_speechkit_text":""},"class_list":["post-12761","page","type-page","status-publish","has-post-thumbnail","hentry"],"acf":[],"yoast_head":"<!-- This site is optimized with the Yoast SEO Premium plugin  - https:\/\/yoast.com\/product\/yoast-seo-premium-wordpress\/ -->\n<title>Sicherheit und Verst\u00e4ndnis beim Reiten | Uelzener<\/title>\n<meta name=\"description\" content=\"Erfahre alles zum Thema sicheres Verst\u00e4ndnis zwischen Pferd und Reiter \u2713 Tipps \u2713 Hilfen \u2713 Vertrauen \u2713 Verhalten \u25b6 Jetzt lesen!\" \/>\n<meta name=\"robots\" content=\"index, follow, max-snippet:-1, max-image-preview:large, max-video-preview:-1\" \/>\n<link rel=\"canonical\" href=\"https:\/\/uelzener.de\/magazin\/pferd\/erziehung-und-training\/sicherheit-richtig-verstanden\/\" \/>\n<meta property=\"og:locale\" content=\"de_DE\" \/>\n<meta property=\"og:type\" content=\"article\" \/>\n<meta property=\"og:title\" content=\"Mit Sicherheit richtig verstanden: Ausz\u00fcge aus Nicole K\u00fcnzels Buch\" \/>\n<meta property=\"og:description\" content=\"Erfahre alles zum Thema sicheres Verst\u00e4ndnis zwischen Pferd und Reiter \u2713 Tipps \u2713 Hilfen \u2713 Vertrauen \u2713 Verhalten \u25b6 Jetzt lesen!\" \/>\n<meta property=\"og:url\" content=\"https:\/\/uelzener.de\/magazin\/pferd\/erziehung-und-training\/sicherheit-richtig-verstanden\/\" \/>\n<meta property=\"og:site_name\" content=\"Uelzener Tier-Magazin\" \/>\n<meta property=\"article:publisher\" content=\"https:\/\/www.facebook.com\/Uelzener\" \/>\n<meta property=\"article:modified_time\" content=\"2025-06-23T13:10:13+00:00\" \/>\n<meta property=\"og:image\" content=\"https:\/\/uelzener.de\/magazin\/app\/uploads\/2021\/09\/1024x450_Waldsparziergang_zwei-Frauen-mit-Pferd.jpg\" \/>\n\t<meta property=\"og:image:width\" content=\"1024\" \/>\n\t<meta property=\"og:image:height\" content=\"450\" \/>\n\t<meta property=\"og:image:type\" content=\"image\/jpeg\" \/>\n<meta name=\"twitter:card\" content=\"summary_large_image\" \/>\n<meta name=\"twitter:label1\" content=\"Gesch\u00e4tzte Lesezeit\" \/>\n\t<meta name=\"twitter:data1\" content=\"4\u00a0Minuten\" \/>\n<script type=\"application\/ld+json\" class=\"yoast-schema-graph\">{\"@context\":\"https:\/\/schema.org\",\"@graph\":[{\"@type\":\"WebPage\",\"@id\":\"https:\/\/uelzener.de\/magazin\/pferd\/erziehung-und-training\/sicherheit-richtig-verstanden\/\",\"url\":\"https:\/\/uelzener.de\/magazin\/pferd\/erziehung-und-training\/sicherheit-richtig-verstanden\/\",\"name\":\"Sicherheit und Verst\u00e4ndnis beim Reiten | Uelzener\",\"isPartOf\":{\"@id\":\"https:\/\/uelzener.de\/magazin\/#website\"},\"primaryImageOfPage\":{\"@id\":\"https:\/\/uelzener.de\/magazin\/pferd\/erziehung-und-training\/sicherheit-richtig-verstanden\/#primaryimage\"},\"image\":{\"@id\":\"https:\/\/uelzener.de\/magazin\/pferd\/erziehung-und-training\/sicherheit-richtig-verstanden\/#primaryimage\"},\"thumbnailUrl\":\"https:\/\/uelzener.de\/magazin\/app\/uploads\/2021\/09\/1024x450_Waldsparziergang_zwei-Frauen-mit-Pferd.jpg\",\"datePublished\":\"2016-05-11T08:59:50+00:00\",\"dateModified\":\"2025-06-23T13:10:13+00:00\",\"description\":\"Erfahre alles zum Thema sicheres Verst\u00e4ndnis zwischen Pferd und Reiter \u2713 Tipps \u2713 Hilfen \u2713 Vertrauen \u2713 Verhalten \u25b6 Jetzt lesen!\",\"breadcrumb\":{\"@id\":\"https:\/\/uelzener.de\/magazin\/pferd\/erziehung-und-training\/sicherheit-richtig-verstanden\/#breadcrumb\"},\"inLanguage\":\"de\",\"potentialAction\":[{\"@type\":\"ReadAction\",\"target\":[\"https:\/\/uelzener.de\/magazin\/pferd\/erziehung-und-training\/sicherheit-richtig-verstanden\/\"]}]},{\"@type\":\"ImageObject\",\"inLanguage\":\"de\",\"@id\":\"https:\/\/uelzener.de\/magazin\/pferd\/erziehung-und-training\/sicherheit-richtig-verstanden\/#primaryimage\",\"url\":\"https:\/\/uelzener.de\/magazin\/app\/uploads\/2021\/09\/1024x450_Waldsparziergang_zwei-Frauen-mit-Pferd.jpg\",\"contentUrl\":\"https:\/\/uelzener.de\/magazin\/app\/uploads\/2021\/09\/1024x450_Waldsparziergang_zwei-Frauen-mit-Pferd.jpg\",\"width\":1024,\"height\":450,\"caption\":\"Zwei Reiterinnen gehen im Wald spazieren, sie wissen wie man den Spaziergang sicher gestaltet.\"},{\"@type\":\"WebSite\",\"@id\":\"https:\/\/uelzener.de\/magazin\/#website\",\"url\":\"https:\/\/uelzener.de\/magazin\/\",\"name\":\"Uelzener Tiermagazin\",\"description\":\"Online Tierratgeber der Uelzener Versicherungen\",\"publisher\":{\"@id\":\"https:\/\/uelzener.de\/magazin\/#organization\"},\"potentialAction\":[{\"@type\":\"SearchAction\",\"target\":{\"@type\":\"EntryPoint\",\"urlTemplate\":\"https:\/\/uelzener.de\/magazin\/?s={search_term_string}\"},\"query-input\":{\"@type\":\"PropertyValueSpecification\",\"valueRequired\":true,\"valueName\":\"search_term_string\"}}],\"inLanguage\":\"de\"},{\"@type\":\"Organization\",\"@id\":\"https:\/\/uelzener.de\/magazin\/#organization\",\"name\":\"Uelzener Versicherungen\",\"url\":\"https:\/\/uelzener.de\/magazin\/\",\"logo\":{\"@type\":\"ImageObject\",\"inLanguage\":\"de\",\"@id\":\"https:\/\/uelzener.de\/magazin\/#\/schema\/logo\/image\/\",\"url\":\"https:\/\/uelzener.de\/magazin\/app\/uploads\/2024\/11\/uelzener_allgemeine_versicherungsgesellschaft_a_g_logo.jpg\",\"contentUrl\":\"https:\/\/uelzener.de\/magazin\/app\/uploads\/2024\/11\/uelzener_allgemeine_versicherungsgesellschaft_a_g_logo.jpg\",\"width\":200,\"height\":200,\"caption\":\"Uelzener Versicherungen\"},\"image\":{\"@id\":\"https:\/\/uelzener.de\/magazin\/#\/schema\/logo\/image\/\"},\"sameAs\":[\"https:\/\/www.facebook.com\/Uelzener\",\"https:\/\/instagram.com\/uelzener\",\"https:\/\/www.xing.com\/pages\/uelzenerallgemeineversicherungs-gesellschafta-g\",\"https:\/\/www.youtube.com\/UelzenerVersicherungen\"]}]}<\/script>\n<!-- \/ Yoast SEO Premium plugin. -->","yoast_head_json":{"title":"Sicherheit und Verst\u00e4ndnis beim Reiten | Uelzener","description":"Erfahre alles zum Thema sicheres Verst\u00e4ndnis zwischen Pferd und Reiter \u2713 Tipps \u2713 Hilfen \u2713 Vertrauen \u2713 Verhalten \u25b6 Jetzt lesen!","robots":{"index":"index","follow":"follow","max-snippet":"max-snippet:-1","max-image-preview":"max-image-preview:large","max-video-preview":"max-video-preview:-1"},"canonical":"https:\/\/uelzener.de\/magazin\/pferd\/erziehung-und-training\/sicherheit-richtig-verstanden\/","og_locale":"de_DE","og_type":"article","og_title":"Mit Sicherheit richtig verstanden: Ausz\u00fcge aus Nicole K\u00fcnzels Buch","og_description":"Erfahre alles zum Thema sicheres Verst\u00e4ndnis zwischen Pferd und Reiter \u2713 Tipps \u2713 Hilfen \u2713 Vertrauen \u2713 Verhalten \u25b6 Jetzt lesen!","og_url":"https:\/\/uelzener.de\/magazin\/pferd\/erziehung-und-training\/sicherheit-richtig-verstanden\/","og_site_name":"Uelzener Tier-Magazin","article_publisher":"https:\/\/www.facebook.com\/Uelzener","article_modified_time":"2025-06-23T13:10:13+00:00","og_image":[{"width":1024,"height":450,"url":"https:\/\/uelzener.de\/magazin\/app\/uploads\/2021\/09\/1024x450_Waldsparziergang_zwei-Frauen-mit-Pferd.jpg","type":"image\/jpeg"}],"twitter_card":"summary_large_image","twitter_misc":{"Gesch\u00e4tzte Lesezeit":"4\u00a0Minuten"},"schema":{"@context":"https:\/\/schema.org","@graph":[{"@type":"WebPage","@id":"https:\/\/uelzener.de\/magazin\/pferd\/erziehung-und-training\/sicherheit-richtig-verstanden\/","url":"https:\/\/uelzener.de\/magazin\/pferd\/erziehung-und-training\/sicherheit-richtig-verstanden\/","name":"Sicherheit und Verst\u00e4ndnis beim Reiten | Uelzener","isPartOf":{"@id":"https:\/\/uelzener.de\/magazin\/#website"},"primaryImageOfPage":{"@id":"https:\/\/uelzener.de\/magazin\/pferd\/erziehung-und-training\/sicherheit-richtig-verstanden\/#primaryimage"},"image":{"@id":"https:\/\/uelzener.de\/magazin\/pferd\/erziehung-und-training\/sicherheit-richtig-verstanden\/#primaryimage"},"thumbnailUrl":"https:\/\/uelzener.de\/magazin\/app\/uploads\/2021\/09\/1024x450_Waldsparziergang_zwei-Frauen-mit-Pferd.jpg","datePublished":"2016-05-11T08:59:50+00:00","dateModified":"2025-06-23T13:10:13+00:00","description":"Erfahre alles zum Thema sicheres Verst\u00e4ndnis zwischen Pferd und Reiter \u2713 Tipps \u2713 Hilfen \u2713 Vertrauen \u2713 Verhalten \u25b6 Jetzt lesen!","breadcrumb":{"@id":"https:\/\/uelzener.de\/magazin\/pferd\/erziehung-und-training\/sicherheit-richtig-verstanden\/#breadcrumb"},"inLanguage":"de","potentialAction":[{"@type":"ReadAction","target":["https:\/\/uelzener.de\/magazin\/pferd\/erziehung-und-training\/sicherheit-richtig-verstanden\/"]}]},{"@type":"ImageObject","inLanguage":"de","@id":"https:\/\/uelzener.de\/magazin\/pferd\/erziehung-und-training\/sicherheit-richtig-verstanden\/#primaryimage","url":"https:\/\/uelzener.de\/magazin\/app\/uploads\/2021\/09\/1024x450_Waldsparziergang_zwei-Frauen-mit-Pferd.jpg","contentUrl":"https:\/\/uelzener.de\/magazin\/app\/uploads\/2021\/09\/1024x450_Waldsparziergang_zwei-Frauen-mit-Pferd.jpg","width":1024,"height":450,"caption":"Zwei Reiterinnen gehen im Wald spazieren, sie wissen wie man den Spaziergang sicher gestaltet."},{"@type":"WebSite","@id":"https:\/\/uelzener.de\/magazin\/#website","url":"https:\/\/uelzener.de\/magazin\/","name":"Uelzener Tiermagazin","description":"Online Tierratgeber der Uelzener Versicherungen","publisher":{"@id":"https:\/\/uelzener.de\/magazin\/#organization"},"potentialAction":[{"@type":"SearchAction","target":{"@type":"EntryPoint","urlTemplate":"https:\/\/uelzener.de\/magazin\/?s={search_term_string}"},"query-input":{"@type":"PropertyValueSpecification","valueRequired":true,"valueName":"search_term_string"}}],"inLanguage":"de"},{"@type":"Organization","@id":"https:\/\/uelzener.de\/magazin\/#organization","name":"Uelzener Versicherungen","url":"https:\/\/uelzener.de\/magazin\/","logo":{"@type":"ImageObject","inLanguage":"de","@id":"https:\/\/uelzener.de\/magazin\/#\/schema\/logo\/image\/","url":"https:\/\/uelzener.de\/magazin\/app\/uploads\/2024\/11\/uelzener_allgemeine_versicherungsgesellschaft_a_g_logo.jpg","contentUrl":"https:\/\/uelzener.de\/magazin\/app\/uploads\/2024\/11\/uelzener_allgemeine_versicherungsgesellschaft_a_g_logo.jpg","width":200,"height":200,"caption":"Uelzener Versicherungen"},"image":{"@id":"https:\/\/uelzener.de\/magazin\/#\/schema\/logo\/image\/"},"sameAs":["https:\/\/www.facebook.com\/Uelzener","https:\/\/instagram.com\/uelzener","https:\/\/www.xing.com\/pages\/uelzenerallgemeineversicherungs-gesellschafta-g","https:\/\/www.youtube.com\/UelzenerVersicherungen"]}]}},"_links":{"self":[{"href":"https:\/\/uelzener.de\/magazin\/wp-json\/wp\/v2\/pages\/12761","targetHints":{"allow":["GET"]}}],"collection":[{"href":"https:\/\/uelzener.de\/magazin\/wp-json\/wp\/v2\/pages"}],"about":[{"href":"https:\/\/uelzener.de\/magazin\/wp-json\/wp\/v2\/types\/page"}],"author":[{"embeddable":true,"href":"https:\/\/uelzener.de\/magazin\/wp-json\/wp\/v2\/users\/3"}],"replies":[{"embeddable":true,"href":"https:\/\/uelzener.de\/magazin\/wp-json\/wp\/v2\/comments?post=12761"}],"version-history":[{"count":5,"href":"https:\/\/uelzener.de\/magazin\/wp-json\/wp\/v2\/pages\/12761\/revisions"}],"predecessor-version":[{"id":18601,"href":"https:\/\/uelzener.de\/magazin\/wp-json\/wp\/v2\/pages\/12761\/revisions\/18601"}],"up":[{"embeddable":true,"href":"https:\/\/uelzener.de\/magazin\/wp-json\/wp\/v2\/pages\/11689"}],"wp:featuredmedia":[{"embeddable":true,"href":"https:\/\/uelzener.de\/magazin\/wp-json\/wp\/v2\/media\/12762"}],"wp:attachment":[{"href":"https:\/\/uelzener.de\/magazin\/wp-json\/wp\/v2\/media?parent=12761"}],"curies":[{"name":"wp","href":"https:\/\/api.w.org\/{rel}","templated":true}]}}