{"id":12750,"date":"2016-01-29T12:45:08","date_gmt":"2016-01-29T11:45:08","guid":{"rendered":"https:\/\/uelzener.de\/magazin\/?page_id=12750"},"modified":"2024-04-10T16:25:38","modified_gmt":"2024-04-10T14:25:38","slug":"der-reitersitz","status":"publish","type":"page","link":"https:\/\/uelzener.de\/magazin\/pferd\/erziehung-und-training\/der-reitersitz\/","title":{"rendered":"Der Reitersitz: Das A und O gef\u00fchlvollen Reitens"},"content":{"rendered":"<p>Ein z\u00fcgelunabh\u00e4ngiger Dressur-, Grund- oder Balancesitz ist die Basis allen harmonischen und sicheren Reitens. Dies gilt unabh\u00e4ngig von der Reitsparte in der Du Dich bewegst. Im Rahmen einer guten Ausbildung stehen immer beide Individuen \u2013 der Reiter und das Pferd \u2013 im Zentrum der Betrachtung, denn stockt es in diesem vertikalen und horizontalen Gebilde auch nur an einem einzigen Baustein, wird die angestrebte Verbundenheit zwischen beiden gar nicht erst entstehen k\u00f6nnen.<\/p>\n<p>W\u00fcnschen wir uns also ein im Gleichgewicht gehendes und auf unsere Reiterhilfen hin durchl\u00e4ssiges Pferd, so ist die Grundvoraussetzung hierf\u00fcr, dass wir zun\u00e4chst einmal gelernt haben uns sicher auf dem Pferder\u00fccken auszubalancieren. Und ein <a href=\"https:\/\/uelzener.de\/magazin\/pferd\/erziehung-und-training\/verbessere-dein-sitzgefuehl\/\" target=\"_blank\" rel=\"noopener\">Sitzgef\u00fchl<\/a> zu bekommen. Keine leichte Aufgabe, verlangt uns das Reiten neben der mentalen Komponente auch ein hohes Ma\u00df an eigener k\u00f6rperlicher Fitness, Durchl\u00e4ssigkeit und Losgelassenheit, sowie Koordinationsf\u00e4higkeit ab.<\/p>\n<p>So werden wir realistisch betrachtet erst dann auf unser Pferd einen feinen Einfluss nehmen k\u00f6nnen, wenn wir gelernt haben, unseren eigenen K\u00f6rper pr\u00e4zise zu justieren \u2013 je nachdem wie es die Situation erfordert. Dieses (K\u00f6rper-)Gef\u00fchl um einen z\u00fcgelunabh\u00e4ngigen, losgelassen Sitz zu erlangen, daf\u00fcr bedarf es einer jahrelangen Schulung. Hierf\u00fcr hat sich die Arbeit an der Sitzlonge \u2013 welche auch f\u00fcr Reiter fortgeschrittenen Stadiums zur Sitzkontrolle sinnvoll ist \u2013 um das empfindsame Pferdemaul zu schonen, bew\u00e4hrt. Der Reiter kann sich in diesem Stadium ganz auf sich selbst konzentrieren, ohne das Pferd in Gangart, Tempo oder Richtung bestimmen zu m\u00fcssen. Ein gut geschulter Ausbilder lehrt seinem Sch\u00fcler in dieser Zeit Schritt f\u00fcr Schritt wie dieser seinen K\u00f6rper, ohne sich am Z\u00fcgel festzuhalten, ausbalancieren kann. Ist dies in allen drei Grundgangarten gut abgesichert, entl\u00e4sst er ihn \u201ein die Freiheit\u201c. Ein fein ausgebildetes <a href=\"https:\/\/uelzener.de\/magazin\/pferd\/erziehung-und-training\/das-lehrpferd\/\">Lehrpferd<\/a> steht dem Trainer hilfreich zur Seite und vermittelt dem Sch\u00fcler zus\u00e4tzlich immer wieder durch sein freundliches Feedback, wie es sich \u201erichtig\u201c anf\u00fchlen soll.<\/p>\n<p>Im Folgenden wird dieser durch ein immer wieder In-sich-Hineinf\u00fchlen ein gutes eigenes K\u00f6rpergef\u00fchl erlangen. Dabei gestaltet es sich zur eigenen Sitzkorrektur als \u00e4u\u00dferst hilfreich, jemanden zu bitten, einen in regelm\u00e4\u00dfigen Abst\u00e4nden zu filmen.<\/p>\n<p>Beobachte zudem so oft es geht fortgeschrittene Reiter mit einem sehr guten Sitz oder Deinen Ausbilder beim Reiten \u2013 suche Dir Vor<em>bilder<\/em>. Du schulst dadurch Dein inneres Bild und wirst dies dann viel leichter auf den eigenen Sitz \u00fcbertragen k\u00f6nnen. Nicht zuletzt: Sei geduldig mit Dir selbst \u2013 richtig sitzen zu lernen braucht seine Zeit und man lernt niemals aus!<\/p>\n<h2><strong>Wie innen so au\u00dfen<\/strong><\/h2>\n<p>Neben einer guten K\u00f6rperhaltung \u00e4u\u00dfert sich ein guter Sitz auch in einer entspannten Haltung. Pferde sind nicht nur in der Lage, auf die feinste Hilfengebung durch unseren K\u00f6rper hin zu \u201eantworten\u201c, sie sp\u00fcren auch unsere innere Einstellung und nehmen Gef\u00fchle wie Angst, Freude oder Stress des Reiters durch ihre sensiblen Sinne wahr. Selbst wenn dieser im Sattel sitzt, merken Pferde unmittelbar, wie die Stimmung ihres Menschen ist. Denn diese wird durch unseren K\u00f6rper nach au\u00dfen hin gewisserma\u00dfen transportiert: Ist die Muskulatur locker und entspannt? Schl\u00e4gt das Herz schneller oder wird durch Stress und Angst mehr Schwei\u00df produziert? Die Pferde erkennen es sofort und reagieren darauf \u2013 mit Vertrauen oder indem sie selbst pl\u00f6tzlich scheinbar ohne Grund \u00e4ngstlich und gestresst sind. Dadurch kann es leider schneller zu einer Verletzung kommen. Damit Du gut gesch\u00fctzt bist, solltest Du darauf achten, eine gute <a href=\"https:\/\/uelzener.de\/pferd\/\">Pferde-Versicherung<\/a> abzuschlie\u00dfen.<\/p>\n<p>Ein unsicherer, wenig ausbalancierter oder verkrampfter Sitz und unzweckm\u00e4\u00dfige Gedankeng\u00e4nge k\u00f6nnen demzufolge das Pferd aus dem Gleichgewicht bringen und bei ihm ein psychisches wie physisches Unwohlsein oder gar Abwehrreaktionen hervorrufen. Erhielt das Pferd jedoch eine gute Ausbildung durch einen erfahrenen Reiter, der ihm die Sprache der Hilfen verst\u00e4ndlich vermitteln konnte und hat sich der Reitsch\u00fcler ebenfalls mit Hilfe eines f\u00e4higen Ausbilders mit Ruhe, Zeit und Geduld einen sicheren Sitz erarbeitet, ist es im Umkehrschluss m\u00f6glich, so in Einklang mit dem Pferd zu kommen, dass es beinahe nur auf den Gedanken seines Reiters reagiert.<\/p>\n<p>Ein guter Sitz hat nicht nur \u00e4sthetischen Wert, er bedeutet auch aktiven Tierschutz!<\/p>\n<p>Deine Nicole K\u00fcnzel<\/p>\n<p><em>Nicole K\u00fcnzel bildet Mensch und Pferd in der klassischen Reitkunst aus. Freude, Leichtigkeit und Harmonie sowie eine positive Grundeinstellung sind Werte, die sie ihren Sch\u00fclern vermitteln m\u00f6chte. Neben der Pferdeausbildung ist das Schreiben ihre weitere Leidenschaft. Sie ist Autorin mehrerer Pferdefachb\u00fccher und gr\u00fcndete 2014 den evipo Verlag <\/em><a href=\"http:\/\/www.evipo-verlag.com\/\"><em>evipo-verlag.com<\/em><\/a><em>. In Hannover etablierte sie ihr eigenes Ausbildungszentrum evipo <\/em><a href=\"http:\/\/www.evipo.de\/\"><em>evipo.de<\/em><\/a><em>.<\/em><\/p>\n<p><strong>Mehr davon im neuen Buch von Nicole K\u00fcnzel &#8222;Mit Sicherheit richtig verstanden&#8220;.<\/strong><\/p>\n","protected":false},"excerpt":{"rendered":"<p>Ein z\u00fcgelunabh\u00e4ngiger Dressur-, Grund- oder Balancesitz ist die Basis allen harmonischen und sicheren Reitens. Dies gilt unabh\u00e4ngig von der Reitsparte in der Du Dich bewegst. Im Rahmen einer guten Ausbildung stehen immer beide Individuen \u2013 der Reiter und das Pferd \u2013 im Zentrum der Betrachtung, denn stockt es in diesem vertikalen und horizontalen Gebilde auch [&hellip;]<\/p>\n","protected":false},"author":3,"featured_media":12751,"parent":11689,"menu_order":48,"comment_status":"closed","ping_status":"closed","template":"templates\/blog.php","meta":{"_acf_changed":false,"_crdt_document":"","footnotes":"","beyondwords_generate_audio":"","beyondwords_project_id":"","beyondwords_content_id":"","beyondwords_preview_token":"","beyondwords_player_style":"","beyondwords_language_id":"","beyondwords_title_voice_id":"","beyondwords_body_voice_id":"","beyondwords_summary_voice_id":"","beyondwords_error_message":"","beyondwords_disabled":"","beyondwords_delete_content":"","beyondwords_podcast_id":"","beyondwords_hash":"","publish_post_to_speechkit":"","speechkit_hash":"","speechkit_generate_audio":"","speechkit_project_id":"","speechkit_podcast_id":"","speechkit_error_message":"","speechkit_disabled":"","speechkit_access_key":"","speechkit_error":"","speechkit_info":"","speechkit_response":"","speechkit_retries":"","speechkit_status":"","speechkit_updated_at":"","_speechkit_link":"","_speechkit_text":""},"class_list":["post-12750","page","type-page","status-publish","has-post-thumbnail","hentry"],"acf":[],"yoast_head":"<!-- This site is optimized with the Yoast SEO Premium plugin  - https:\/\/yoast.com\/product\/yoast-seo-premium-wordpress\/ -->\n<title>Der Reitersitz \u2013 die Basis gef\u00fchlvollen Reitens | Uelzener<\/title>\n<meta name=\"description\" content=\"Erfahre alles zum Thema Reitersitz als Basis gef\u00fchlsvollen Reitens \u2713 Tipps \u2713 Hilfen \u2713 Lehrpferd \u2713 Ausbildung \u25b6 Jetzt lesen!\" \/>\n<meta name=\"robots\" content=\"index, follow, max-snippet:-1, max-image-preview:large, max-video-preview:-1\" \/>\n<link rel=\"canonical\" href=\"https:\/\/uelzener.de\/magazin\/pferd\/erziehung-und-training\/der-reitersitz\/\" \/>\n<meta property=\"og:locale\" content=\"de_DE\" \/>\n<meta property=\"og:type\" content=\"article\" \/>\n<meta property=\"og:title\" content=\"Der Reitersitz: Das A und O gef\u00fchlvollen Reitens\" \/>\n<meta property=\"og:description\" content=\"Erfahre alles zum Thema Reitersitz als Basis gef\u00fchlsvollen Reitens \u2713 Tipps \u2713 Hilfen \u2713 Lehrpferd \u2713 Ausbildung \u25b6 Jetzt lesen!\" \/>\n<meta property=\"og:url\" content=\"https:\/\/uelzener.de\/magazin\/pferd\/erziehung-und-training\/der-reitersitz\/\" \/>\n<meta property=\"og:site_name\" content=\"Uelzener Tier-Magazin\" \/>\n<meta property=\"article:publisher\" content=\"https:\/\/www.facebook.com\/Uelzener\" \/>\n<meta property=\"article:modified_time\" content=\"2024-04-10T14:25:38+00:00\" \/>\n<meta property=\"og:image\" content=\"https:\/\/uelzener.de\/magazin\/app\/uploads\/2021\/09\/1024x450_Nahaufnahme_Reiterin-auf-Pferd-mit-Reitlehrerin.jpg\" \/>\n\t<meta property=\"og:image:width\" content=\"1024\" \/>\n\t<meta property=\"og:image:height\" content=\"450\" \/>\n\t<meta property=\"og:image:type\" content=\"image\/jpeg\" \/>\n<meta name=\"twitter:card\" content=\"summary_large_image\" \/>\n<meta name=\"twitter:label1\" content=\"Gesch\u00e4tzte Lesezeit\" \/>\n\t<meta name=\"twitter:data1\" content=\"4\u00a0Minuten\" \/>\n<script type=\"application\/ld+json\" class=\"yoast-schema-graph\">{\"@context\":\"https:\/\/schema.org\",\"@graph\":[{\"@type\":\"WebPage\",\"@id\":\"https:\/\/uelzener.de\/magazin\/pferd\/erziehung-und-training\/der-reitersitz\/\",\"url\":\"https:\/\/uelzener.de\/magazin\/pferd\/erziehung-und-training\/der-reitersitz\/\",\"name\":\"Der Reitersitz \u2013 die Basis gef\u00fchlvollen Reitens | Uelzener\",\"isPartOf\":{\"@id\":\"https:\/\/uelzener.de\/magazin\/#website\"},\"primaryImageOfPage\":{\"@id\":\"https:\/\/uelzener.de\/magazin\/pferd\/erziehung-und-training\/der-reitersitz\/#primaryimage\"},\"image\":{\"@id\":\"https:\/\/uelzener.de\/magazin\/pferd\/erziehung-und-training\/der-reitersitz\/#primaryimage\"},\"thumbnailUrl\":\"https:\/\/uelzener.de\/magazin\/app\/uploads\/2021\/09\/1024x450_Nahaufnahme_Reiterin-auf-Pferd-mit-Reitlehrerin.jpg\",\"datePublished\":\"2016-01-29T11:45:08+00:00\",\"dateModified\":\"2024-04-10T14:25:38+00:00\",\"description\":\"Erfahre alles zum Thema Reitersitz als Basis gef\u00fchlsvollen Reitens \u2713 Tipps \u2713 Hilfen \u2713 Lehrpferd \u2713 Ausbildung \u25b6 Jetzt lesen!\",\"breadcrumb\":{\"@id\":\"https:\/\/uelzener.de\/magazin\/pferd\/erziehung-und-training\/der-reitersitz\/#breadcrumb\"},\"inLanguage\":\"de\",\"potentialAction\":[{\"@type\":\"ReadAction\",\"target\":[\"https:\/\/uelzener.de\/magazin\/pferd\/erziehung-und-training\/der-reitersitz\/\"]}]},{\"@type\":\"ImageObject\",\"inLanguage\":\"de\",\"@id\":\"https:\/\/uelzener.de\/magazin\/pferd\/erziehung-und-training\/der-reitersitz\/#primaryimage\",\"url\":\"https:\/\/uelzener.de\/magazin\/app\/uploads\/2021\/09\/1024x450_Nahaufnahme_Reiterin-auf-Pferd-mit-Reitlehrerin.jpg\",\"contentUrl\":\"https:\/\/uelzener.de\/magazin\/app\/uploads\/2021\/09\/1024x450_Nahaufnahme_Reiterin-auf-Pferd-mit-Reitlehrerin.jpg\",\"width\":1024,\"height\":450,\"caption\":\"Eine Reiterin \u00fcbt auf ihrem Pferd, unter den wachsamen Augen ihrer Lehrerin\"},{\"@type\":\"WebSite\",\"@id\":\"https:\/\/uelzener.de\/magazin\/#website\",\"url\":\"https:\/\/uelzener.de\/magazin\/\",\"name\":\"Uelzener Tiermagazin\",\"description\":\"Online Tierratgeber der Uelzener Versicherungen\",\"publisher\":{\"@id\":\"https:\/\/uelzener.de\/magazin\/#organization\"},\"potentialAction\":[{\"@type\":\"SearchAction\",\"target\":{\"@type\":\"EntryPoint\",\"urlTemplate\":\"https:\/\/uelzener.de\/magazin\/?s={search_term_string}\"},\"query-input\":{\"@type\":\"PropertyValueSpecification\",\"valueRequired\":true,\"valueName\":\"search_term_string\"}}],\"inLanguage\":\"de\"},{\"@type\":\"Organization\",\"@id\":\"https:\/\/uelzener.de\/magazin\/#organization\",\"name\":\"Uelzener Versicherungen\",\"url\":\"https:\/\/uelzener.de\/magazin\/\",\"logo\":{\"@type\":\"ImageObject\",\"inLanguage\":\"de\",\"@id\":\"https:\/\/uelzener.de\/magazin\/#\/schema\/logo\/image\/\",\"url\":\"https:\/\/uelzener.de\/magazin\/app\/uploads\/2024\/11\/uelzener_allgemeine_versicherungsgesellschaft_a_g_logo.jpg\",\"contentUrl\":\"https:\/\/uelzener.de\/magazin\/app\/uploads\/2024\/11\/uelzener_allgemeine_versicherungsgesellschaft_a_g_logo.jpg\",\"width\":200,\"height\":200,\"caption\":\"Uelzener Versicherungen\"},\"image\":{\"@id\":\"https:\/\/uelzener.de\/magazin\/#\/schema\/logo\/image\/\"},\"sameAs\":[\"https:\/\/www.facebook.com\/Uelzener\",\"https:\/\/instagram.com\/uelzener\",\"https:\/\/www.xing.com\/pages\/uelzenerallgemeineversicherungs-gesellschafta-g\",\"https:\/\/www.youtube.com\/UelzenerVersicherungen\"]}]}<\/script>\n<!-- \/ Yoast SEO Premium plugin. -->","yoast_head_json":{"title":"Der Reitersitz \u2013 die Basis gef\u00fchlvollen Reitens | Uelzener","description":"Erfahre alles zum Thema Reitersitz als Basis gef\u00fchlsvollen Reitens \u2713 Tipps \u2713 Hilfen \u2713 Lehrpferd \u2713 Ausbildung \u25b6 Jetzt lesen!","robots":{"index":"index","follow":"follow","max-snippet":"max-snippet:-1","max-image-preview":"max-image-preview:large","max-video-preview":"max-video-preview:-1"},"canonical":"https:\/\/uelzener.de\/magazin\/pferd\/erziehung-und-training\/der-reitersitz\/","og_locale":"de_DE","og_type":"article","og_title":"Der Reitersitz: Das A und O gef\u00fchlvollen Reitens","og_description":"Erfahre alles zum Thema Reitersitz als Basis gef\u00fchlsvollen Reitens \u2713 Tipps \u2713 Hilfen \u2713 Lehrpferd \u2713 Ausbildung \u25b6 Jetzt lesen!","og_url":"https:\/\/uelzener.de\/magazin\/pferd\/erziehung-und-training\/der-reitersitz\/","og_site_name":"Uelzener Tier-Magazin","article_publisher":"https:\/\/www.facebook.com\/Uelzener","article_modified_time":"2024-04-10T14:25:38+00:00","og_image":[{"width":1024,"height":450,"url":"https:\/\/uelzener.de\/magazin\/app\/uploads\/2021\/09\/1024x450_Nahaufnahme_Reiterin-auf-Pferd-mit-Reitlehrerin.jpg","type":"image\/jpeg"}],"twitter_card":"summary_large_image","twitter_misc":{"Gesch\u00e4tzte Lesezeit":"4\u00a0Minuten"},"schema":{"@context":"https:\/\/schema.org","@graph":[{"@type":"WebPage","@id":"https:\/\/uelzener.de\/magazin\/pferd\/erziehung-und-training\/der-reitersitz\/","url":"https:\/\/uelzener.de\/magazin\/pferd\/erziehung-und-training\/der-reitersitz\/","name":"Der Reitersitz \u2013 die Basis gef\u00fchlvollen Reitens | Uelzener","isPartOf":{"@id":"https:\/\/uelzener.de\/magazin\/#website"},"primaryImageOfPage":{"@id":"https:\/\/uelzener.de\/magazin\/pferd\/erziehung-und-training\/der-reitersitz\/#primaryimage"},"image":{"@id":"https:\/\/uelzener.de\/magazin\/pferd\/erziehung-und-training\/der-reitersitz\/#primaryimage"},"thumbnailUrl":"https:\/\/uelzener.de\/magazin\/app\/uploads\/2021\/09\/1024x450_Nahaufnahme_Reiterin-auf-Pferd-mit-Reitlehrerin.jpg","datePublished":"2016-01-29T11:45:08+00:00","dateModified":"2024-04-10T14:25:38+00:00","description":"Erfahre alles zum Thema Reitersitz als Basis gef\u00fchlsvollen Reitens \u2713 Tipps \u2713 Hilfen \u2713 Lehrpferd \u2713 Ausbildung \u25b6 Jetzt lesen!","breadcrumb":{"@id":"https:\/\/uelzener.de\/magazin\/pferd\/erziehung-und-training\/der-reitersitz\/#breadcrumb"},"inLanguage":"de","potentialAction":[{"@type":"ReadAction","target":["https:\/\/uelzener.de\/magazin\/pferd\/erziehung-und-training\/der-reitersitz\/"]}]},{"@type":"ImageObject","inLanguage":"de","@id":"https:\/\/uelzener.de\/magazin\/pferd\/erziehung-und-training\/der-reitersitz\/#primaryimage","url":"https:\/\/uelzener.de\/magazin\/app\/uploads\/2021\/09\/1024x450_Nahaufnahme_Reiterin-auf-Pferd-mit-Reitlehrerin.jpg","contentUrl":"https:\/\/uelzener.de\/magazin\/app\/uploads\/2021\/09\/1024x450_Nahaufnahme_Reiterin-auf-Pferd-mit-Reitlehrerin.jpg","width":1024,"height":450,"caption":"Eine Reiterin \u00fcbt auf ihrem Pferd, unter den wachsamen Augen ihrer Lehrerin"},{"@type":"WebSite","@id":"https:\/\/uelzener.de\/magazin\/#website","url":"https:\/\/uelzener.de\/magazin\/","name":"Uelzener Tiermagazin","description":"Online Tierratgeber der Uelzener Versicherungen","publisher":{"@id":"https:\/\/uelzener.de\/magazin\/#organization"},"potentialAction":[{"@type":"SearchAction","target":{"@type":"EntryPoint","urlTemplate":"https:\/\/uelzener.de\/magazin\/?s={search_term_string}"},"query-input":{"@type":"PropertyValueSpecification","valueRequired":true,"valueName":"search_term_string"}}],"inLanguage":"de"},{"@type":"Organization","@id":"https:\/\/uelzener.de\/magazin\/#organization","name":"Uelzener Versicherungen","url":"https:\/\/uelzener.de\/magazin\/","logo":{"@type":"ImageObject","inLanguage":"de","@id":"https:\/\/uelzener.de\/magazin\/#\/schema\/logo\/image\/","url":"https:\/\/uelzener.de\/magazin\/app\/uploads\/2024\/11\/uelzener_allgemeine_versicherungsgesellschaft_a_g_logo.jpg","contentUrl":"https:\/\/uelzener.de\/magazin\/app\/uploads\/2024\/11\/uelzener_allgemeine_versicherungsgesellschaft_a_g_logo.jpg","width":200,"height":200,"caption":"Uelzener Versicherungen"},"image":{"@id":"https:\/\/uelzener.de\/magazin\/#\/schema\/logo\/image\/"},"sameAs":["https:\/\/www.facebook.com\/Uelzener","https:\/\/instagram.com\/uelzener","https:\/\/www.xing.com\/pages\/uelzenerallgemeineversicherungs-gesellschafta-g","https:\/\/www.youtube.com\/UelzenerVersicherungen"]}]}},"_links":{"self":[{"href":"https:\/\/uelzener.de\/magazin\/wp-json\/wp\/v2\/pages\/12750","targetHints":{"allow":["GET"]}}],"collection":[{"href":"https:\/\/uelzener.de\/magazin\/wp-json\/wp\/v2\/pages"}],"about":[{"href":"https:\/\/uelzener.de\/magazin\/wp-json\/wp\/v2\/types\/page"}],"author":[{"embeddable":true,"href":"https:\/\/uelzener.de\/magazin\/wp-json\/wp\/v2\/users\/3"}],"replies":[{"embeddable":true,"href":"https:\/\/uelzener.de\/magazin\/wp-json\/wp\/v2\/comments?post=12750"}],"version-history":[{"count":8,"href":"https:\/\/uelzener.de\/magazin\/wp-json\/wp\/v2\/pages\/12750\/revisions"}],"predecessor-version":[{"id":17273,"href":"https:\/\/uelzener.de\/magazin\/wp-json\/wp\/v2\/pages\/12750\/revisions\/17273"}],"up":[{"embeddable":true,"href":"https:\/\/uelzener.de\/magazin\/wp-json\/wp\/v2\/pages\/11689"}],"wp:featuredmedia":[{"embeddable":true,"href":"https:\/\/uelzener.de\/magazin\/wp-json\/wp\/v2\/media\/12751"}],"wp:attachment":[{"href":"https:\/\/uelzener.de\/magazin\/wp-json\/wp\/v2\/media?parent=12750"}],"curies":[{"name":"wp","href":"https:\/\/api.w.org\/{rel}","templated":true}]}}