{"id":12732,"date":"2021-09-22T10:51:06","date_gmt":"2021-09-22T08:51:06","guid":{"rendered":"https:\/\/uelzener.de\/magazin\/?page_id=12732"},"modified":"2022-12-30T10:08:05","modified_gmt":"2022-12-30T09:08:05","slug":"zaehneknirschen-beim-pferd","status":"publish","type":"page","link":"https:\/\/uelzener.de\/magazin\/pferd\/tiergesundheit\/zaehneknirschen-beim-pferd\/","title":{"rendered":"Z\u00e4hneknirschen beim Pferd: Ein Hinweis auf Stress?"},"content":{"rendered":"<p><strong>Wenn Pferde mit den Z\u00e4hnen knirschen, ist ihre Welt nicht in Ordnung. Doch welche Ursachen kann das haben? Nicht nur unpassendes Sattel- oder Zaumzeug, sondern auch Stress kann Z\u00e4hneknirschen zur Folge haben. In jedem Fall gilt es, das Knirschen ernst zu nehmen!<\/strong><\/p>\n<p>Pferde reagieren unterschiedlich auf k\u00f6rperliche und psychische Belastungen. Ein falsches Ausbildungsprogramm und fehlende Ruhepausen erzeugen Stress beim Pferd. Das Knirschen mit den Z\u00e4hnen kann ein Anzeichen f\u00fcr die \u00dcberlastung des Pferdes sein.<\/p>\n<p><strong><span style=\"font-size: 12pt;\"><span style=\"font-size: 18pt;\">Knirschen hat vielf\u00e4ltige Gr\u00fcnde<\/span><\/span><\/strong><\/p>\n<p>Auch wenn das Pferd Schmerzen hat, reagiert es oft mit Z\u00e4hneknirschen \u2013 wobei nicht immer sofort ersichtlich ist, woher der Schmerz kommt. Ist es ein falsches Gebiss? Dr\u00fcckt der Sattel und ein <a href=\"https:\/\/uelzener.de\/magazin\/pferd\/erziehung-und-training\/halsring-reiten-pferd\/\">Reiten ohne Zaumzeug<\/a> k\u00f6nnte eine L\u00f6sung sein? Leidet der ge\u00adliebte Vierbeiner unter einem Magengeschw\u00fcr oder k\u00fcndigt sich gar eine <a href=\"https:\/\/uelzener.de\/magazin\/pferd\/tiergesundheit\/kolik-beim-pferd\/\">Kolik<\/a> an? Stress und Schmerz gehen beim Z\u00e4hneknirschen oft Hand in Hand.<\/p>\n<p>Zur Kl\u00e4rung der Ursachen sollten Pferdehalter sich an ihren Tierarzt wenden. Nur ein Experte kann herausfinden, ob es sich um Magenprobleme, Verspannungen oder Zahnfehlstellungen handelt. Jeder Besuch des Tierarztes kann mit hohen Kosten verbunden sein. Diese Kosten k\u00f6nnen jedoch mit einer passenden <a href=\"https:\/\/uelzener.de\/pferd\/pferde-krankenversicherung\/\">Pferde-Krankenversicherung<\/a> umgangen werden.<\/p>\n<p><strong><span style=\"font-size: 18pt;\">Wie k\u00f6nnen Pferdehalter vorsorgen?<\/span><br \/>\n<\/strong><\/p>\n<p>Zubeh\u00f6r und Reitausr\u00fcstung m\u00fcssen passen. Pferdehalter sollten hier genau hinschauen und nicht an der Ausr\u00fcstung sparen, um Schmerzen und Verspannungen zu verhindern. Wie f\u00fcr uns Menschen sind <a href=\"https:\/\/uelzener.de\/magazin\/pferd\/erziehung-und-training\/pferdetraining-wann-und-wie-pausen-machen\/\">Pausen<\/a> f\u00fcr Konzentration und Regeneration wichtig.<\/p>\n<p>Im Ausbildungsplan der Vierbeiner sollten diese ebenfalls nicht vernachl\u00e4ssigt werden. Reiten fordert den ganzen K\u00f6rper der Vierbeiner. Lockerungs- und Dehn\u00fcbungen f\u00fcr das Pferd m\u00fcssen zur Routine geh\u00f6ren, um das Knirschen gar nicht erst aufkommen zu lassen. Beziehe auch Deinen Ausbilder oder Trainer mit ein.<\/p>\n<p>Und zu guter Letzt: Der Check der Gesundheit und regelm\u00e4\u00dfige Zahnkontrollen erkennen Problemherde, bevor sie zu Schmerzen f\u00fchren.<\/p>\n","protected":false},"excerpt":{"rendered":"<p>Wenn Pferde mit den Z\u00e4hnen knirschen, ist ihre Welt nicht in Ordnung. Doch welche Ursachen kann das haben? Nicht nur unpassendes Sattel- oder Zaumzeug, sondern auch Stress kann Z\u00e4hneknirschen zur Folge haben. In jedem Fall gilt es, das Knirschen ernst zu nehmen! Pferde reagieren unterschiedlich auf k\u00f6rperliche und psychische Belastungen. Ein falsches Ausbildungsprogramm und fehlende [&hellip;]<\/p>\n","protected":false},"author":3,"featured_media":12736,"parent":11706,"menu_order":69,"comment_status":"closed","ping_status":"closed","template":"templates\/blog.php","meta":{"_acf_changed":false,"_crdt_document":"","footnotes":"","beyondwords_generate_audio":"","beyondwords_project_id":"","beyondwords_content_id":"","beyondwords_preview_token":"","beyondwords_player_style":"","beyondwords_language_id":"","beyondwords_title_voice_id":"","beyondwords_body_voice_id":"","beyondwords_summary_voice_id":"","beyondwords_error_message":"","beyondwords_disabled":"","beyondwords_delete_content":"","beyondwords_podcast_id":"","beyondwords_hash":"","publish_post_to_speechkit":"","speechkit_hash":"","speechkit_generate_audio":"","speechkit_project_id":"","speechkit_podcast_id":"","speechkit_error_message":"","speechkit_disabled":"","speechkit_access_key":"","speechkit_error":"","speechkit_info":"","speechkit_response":"","speechkit_retries":"","speechkit_status":"","speechkit_updated_at":"","_speechkit_link":"","_speechkit_text":""},"class_list":["post-12732","page","type-page","status-publish","has-post-thumbnail","hentry"],"acf":[],"yoast_head":"<!-- This site is optimized with the Yoast SEO Premium plugin  - https:\/\/yoast.com\/product\/yoast-seo-premium-wordpress\/ -->\n<title>Z\u00e4hneknirschen beim Pferd | Uelzener<\/title>\n<meta name=\"description\" content=\"Erfahre alles zum Thema Z\u00e4hneknirschen beim Pferd \u2713 Symptome \u2713 Ursachen \u2713 Tipps \u2713 Vorsorge \u25b6 Jetzt schlaumachen!\" \/>\n<meta name=\"robots\" content=\"index, follow, max-snippet:-1, max-image-preview:large, max-video-preview:-1\" \/>\n<link rel=\"canonical\" href=\"https:\/\/uelzener.de\/magazin\/pferd\/tiergesundheit\/zaehneknirschen-beim-pferd\/\" \/>\n<meta property=\"og:locale\" content=\"de_DE\" \/>\n<meta property=\"og:type\" content=\"article\" \/>\n<meta property=\"og:title\" content=\"Z\u00e4hneknirschen beim Pferd: Ein Hinweis auf Stress?\" \/>\n<meta property=\"og:description\" content=\"Erfahre alles zum Thema Z\u00e4hneknirschen beim Pferd \u2713 Symptome \u2713 Ursachen \u2713 Tipps \u2713 Vorsorge \u25b6 Jetzt schlaumachen!\" \/>\n<meta property=\"og:url\" content=\"https:\/\/uelzener.de\/magazin\/pferd\/tiergesundheit\/zaehneknirschen-beim-pferd\/\" \/>\n<meta property=\"og:site_name\" content=\"Uelzener Tier-Magazin\" \/>\n<meta property=\"article:publisher\" content=\"https:\/\/www.facebook.com\/Uelzener\" \/>\n<meta property=\"article:modified_time\" content=\"2022-12-30T09:08:05+00:00\" \/>\n<meta property=\"og:image\" content=\"https:\/\/uelzener.de\/magazin\/app\/uploads\/2021\/09\/1024x450_Nahaufnahme-Pferd-Zaehne-knirschen.jpg\" \/>\n\t<meta property=\"og:image:width\" content=\"1024\" \/>\n\t<meta property=\"og:image:height\" content=\"450\" \/>\n\t<meta property=\"og:image:type\" content=\"image\/jpeg\" \/>\n<meta name=\"twitter:card\" content=\"summary_large_image\" \/>\n<meta name=\"twitter:label1\" content=\"Gesch\u00e4tzte Lesezeit\" \/>\n\t<meta name=\"twitter:data1\" content=\"2\u00a0Minuten\" \/>\n<script type=\"application\/ld+json\" class=\"yoast-schema-graph\">{\"@context\":\"https:\/\/schema.org\",\"@graph\":[{\"@type\":\"WebPage\",\"@id\":\"https:\/\/uelzener.de\/magazin\/pferd\/tiergesundheit\/zaehneknirschen-beim-pferd\/\",\"url\":\"https:\/\/uelzener.de\/magazin\/pferd\/tiergesundheit\/zaehneknirschen-beim-pferd\/\",\"name\":\"Z\u00e4hneknirschen beim Pferd | Uelzener\",\"isPartOf\":{\"@id\":\"https:\/\/uelzener.de\/magazin\/#website\"},\"primaryImageOfPage\":{\"@id\":\"https:\/\/uelzener.de\/magazin\/pferd\/tiergesundheit\/zaehneknirschen-beim-pferd\/#primaryimage\"},\"image\":{\"@id\":\"https:\/\/uelzener.de\/magazin\/pferd\/tiergesundheit\/zaehneknirschen-beim-pferd\/#primaryimage\"},\"thumbnailUrl\":\"https:\/\/uelzener.de\/magazin\/app\/uploads\/2021\/09\/1024x450_Nahaufnahme-Pferd-Zaehne-knirschen.jpg\",\"datePublished\":\"2021-09-22T08:51:06+00:00\",\"dateModified\":\"2022-12-30T09:08:05+00:00\",\"description\":\"Erfahre alles zum Thema Z\u00e4hneknirschen beim Pferd \u2713 Symptome \u2713 Ursachen \u2713 Tipps \u2713 Vorsorge \u25b6 Jetzt schlaumachen!\",\"breadcrumb\":{\"@id\":\"https:\/\/uelzener.de\/magazin\/pferd\/tiergesundheit\/zaehneknirschen-beim-pferd\/#breadcrumb\"},\"inLanguage\":\"de\",\"potentialAction\":[{\"@type\":\"ReadAction\",\"target\":[\"https:\/\/uelzener.de\/magazin\/pferd\/tiergesundheit\/zaehneknirschen-beim-pferd\/\"]}]},{\"@type\":\"ImageObject\",\"inLanguage\":\"de\",\"@id\":\"https:\/\/uelzener.de\/magazin\/pferd\/tiergesundheit\/zaehneknirschen-beim-pferd\/#primaryimage\",\"url\":\"https:\/\/uelzener.de\/magazin\/app\/uploads\/2021\/09\/1024x450_Nahaufnahme-Pferd-Zaehne-knirschen.jpg\",\"contentUrl\":\"https:\/\/uelzener.de\/magazin\/app\/uploads\/2021\/09\/1024x450_Nahaufnahme-Pferd-Zaehne-knirschen.jpg\",\"width\":1024,\"height\":450,\"caption\":\"Pferdemaul mit Trense\"},{\"@type\":\"WebSite\",\"@id\":\"https:\/\/uelzener.de\/magazin\/#website\",\"url\":\"https:\/\/uelzener.de\/magazin\/\",\"name\":\"Uelzener Tiermagazin\",\"description\":\"Online Tierratgeber der Uelzener Versicherungen\",\"publisher\":{\"@id\":\"https:\/\/uelzener.de\/magazin\/#organization\"},\"potentialAction\":[{\"@type\":\"SearchAction\",\"target\":{\"@type\":\"EntryPoint\",\"urlTemplate\":\"https:\/\/uelzener.de\/magazin\/?s={search_term_string}\"},\"query-input\":{\"@type\":\"PropertyValueSpecification\",\"valueRequired\":true,\"valueName\":\"search_term_string\"}}],\"inLanguage\":\"de\"},{\"@type\":\"Organization\",\"@id\":\"https:\/\/uelzener.de\/magazin\/#organization\",\"name\":\"Uelzener Versicherungen\",\"url\":\"https:\/\/uelzener.de\/magazin\/\",\"logo\":{\"@type\":\"ImageObject\",\"inLanguage\":\"de\",\"@id\":\"https:\/\/uelzener.de\/magazin\/#\/schema\/logo\/image\/\",\"url\":\"https:\/\/uelzener.de\/magazin\/app\/uploads\/2024\/11\/uelzener_allgemeine_versicherungsgesellschaft_a_g_logo.jpg\",\"contentUrl\":\"https:\/\/uelzener.de\/magazin\/app\/uploads\/2024\/11\/uelzener_allgemeine_versicherungsgesellschaft_a_g_logo.jpg\",\"width\":200,\"height\":200,\"caption\":\"Uelzener Versicherungen\"},\"image\":{\"@id\":\"https:\/\/uelzener.de\/magazin\/#\/schema\/logo\/image\/\"},\"sameAs\":[\"https:\/\/www.facebook.com\/Uelzener\",\"https:\/\/instagram.com\/uelzener\",\"https:\/\/www.xing.com\/pages\/uelzenerallgemeineversicherungs-gesellschafta-g\",\"https:\/\/www.youtube.com\/UelzenerVersicherungen\"]}]}<\/script>\n<!-- \/ Yoast SEO Premium plugin. -->","yoast_head_json":{"title":"Z\u00e4hneknirschen beim Pferd | Uelzener","description":"Erfahre alles zum Thema Z\u00e4hneknirschen beim Pferd \u2713 Symptome \u2713 Ursachen \u2713 Tipps \u2713 Vorsorge \u25b6 Jetzt schlaumachen!","robots":{"index":"index","follow":"follow","max-snippet":"max-snippet:-1","max-image-preview":"max-image-preview:large","max-video-preview":"max-video-preview:-1"},"canonical":"https:\/\/uelzener.de\/magazin\/pferd\/tiergesundheit\/zaehneknirschen-beim-pferd\/","og_locale":"de_DE","og_type":"article","og_title":"Z\u00e4hneknirschen beim Pferd: Ein Hinweis auf Stress?","og_description":"Erfahre alles zum Thema Z\u00e4hneknirschen beim Pferd \u2713 Symptome \u2713 Ursachen \u2713 Tipps \u2713 Vorsorge \u25b6 Jetzt schlaumachen!","og_url":"https:\/\/uelzener.de\/magazin\/pferd\/tiergesundheit\/zaehneknirschen-beim-pferd\/","og_site_name":"Uelzener Tier-Magazin","article_publisher":"https:\/\/www.facebook.com\/Uelzener","article_modified_time":"2022-12-30T09:08:05+00:00","og_image":[{"width":1024,"height":450,"url":"https:\/\/uelzener.de\/magazin\/app\/uploads\/2021\/09\/1024x450_Nahaufnahme-Pferd-Zaehne-knirschen.jpg","type":"image\/jpeg"}],"twitter_card":"summary_large_image","twitter_misc":{"Gesch\u00e4tzte Lesezeit":"2\u00a0Minuten"},"schema":{"@context":"https:\/\/schema.org","@graph":[{"@type":"WebPage","@id":"https:\/\/uelzener.de\/magazin\/pferd\/tiergesundheit\/zaehneknirschen-beim-pferd\/","url":"https:\/\/uelzener.de\/magazin\/pferd\/tiergesundheit\/zaehneknirschen-beim-pferd\/","name":"Z\u00e4hneknirschen beim Pferd | Uelzener","isPartOf":{"@id":"https:\/\/uelzener.de\/magazin\/#website"},"primaryImageOfPage":{"@id":"https:\/\/uelzener.de\/magazin\/pferd\/tiergesundheit\/zaehneknirschen-beim-pferd\/#primaryimage"},"image":{"@id":"https:\/\/uelzener.de\/magazin\/pferd\/tiergesundheit\/zaehneknirschen-beim-pferd\/#primaryimage"},"thumbnailUrl":"https:\/\/uelzener.de\/magazin\/app\/uploads\/2021\/09\/1024x450_Nahaufnahme-Pferd-Zaehne-knirschen.jpg","datePublished":"2021-09-22T08:51:06+00:00","dateModified":"2022-12-30T09:08:05+00:00","description":"Erfahre alles zum Thema Z\u00e4hneknirschen beim Pferd \u2713 Symptome \u2713 Ursachen \u2713 Tipps \u2713 Vorsorge \u25b6 Jetzt schlaumachen!","breadcrumb":{"@id":"https:\/\/uelzener.de\/magazin\/pferd\/tiergesundheit\/zaehneknirschen-beim-pferd\/#breadcrumb"},"inLanguage":"de","potentialAction":[{"@type":"ReadAction","target":["https:\/\/uelzener.de\/magazin\/pferd\/tiergesundheit\/zaehneknirschen-beim-pferd\/"]}]},{"@type":"ImageObject","inLanguage":"de","@id":"https:\/\/uelzener.de\/magazin\/pferd\/tiergesundheit\/zaehneknirschen-beim-pferd\/#primaryimage","url":"https:\/\/uelzener.de\/magazin\/app\/uploads\/2021\/09\/1024x450_Nahaufnahme-Pferd-Zaehne-knirschen.jpg","contentUrl":"https:\/\/uelzener.de\/magazin\/app\/uploads\/2021\/09\/1024x450_Nahaufnahme-Pferd-Zaehne-knirschen.jpg","width":1024,"height":450,"caption":"Pferdemaul mit Trense"},{"@type":"WebSite","@id":"https:\/\/uelzener.de\/magazin\/#website","url":"https:\/\/uelzener.de\/magazin\/","name":"Uelzener Tiermagazin","description":"Online Tierratgeber der Uelzener Versicherungen","publisher":{"@id":"https:\/\/uelzener.de\/magazin\/#organization"},"potentialAction":[{"@type":"SearchAction","target":{"@type":"EntryPoint","urlTemplate":"https:\/\/uelzener.de\/magazin\/?s={search_term_string}"},"query-input":{"@type":"PropertyValueSpecification","valueRequired":true,"valueName":"search_term_string"}}],"inLanguage":"de"},{"@type":"Organization","@id":"https:\/\/uelzener.de\/magazin\/#organization","name":"Uelzener Versicherungen","url":"https:\/\/uelzener.de\/magazin\/","logo":{"@type":"ImageObject","inLanguage":"de","@id":"https:\/\/uelzener.de\/magazin\/#\/schema\/logo\/image\/","url":"https:\/\/uelzener.de\/magazin\/app\/uploads\/2024\/11\/uelzener_allgemeine_versicherungsgesellschaft_a_g_logo.jpg","contentUrl":"https:\/\/uelzener.de\/magazin\/app\/uploads\/2024\/11\/uelzener_allgemeine_versicherungsgesellschaft_a_g_logo.jpg","width":200,"height":200,"caption":"Uelzener Versicherungen"},"image":{"@id":"https:\/\/uelzener.de\/magazin\/#\/schema\/logo\/image\/"},"sameAs":["https:\/\/www.facebook.com\/Uelzener","https:\/\/instagram.com\/uelzener","https:\/\/www.xing.com\/pages\/uelzenerallgemeineversicherungs-gesellschafta-g","https:\/\/www.youtube.com\/UelzenerVersicherungen"]}]}},"_links":{"self":[{"href":"https:\/\/uelzener.de\/magazin\/wp-json\/wp\/v2\/pages\/12732","targetHints":{"allow":["GET"]}}],"collection":[{"href":"https:\/\/uelzener.de\/magazin\/wp-json\/wp\/v2\/pages"}],"about":[{"href":"https:\/\/uelzener.de\/magazin\/wp-json\/wp\/v2\/types\/page"}],"author":[{"embeddable":true,"href":"https:\/\/uelzener.de\/magazin\/wp-json\/wp\/v2\/users\/3"}],"replies":[{"embeddable":true,"href":"https:\/\/uelzener.de\/magazin\/wp-json\/wp\/v2\/comments?post=12732"}],"version-history":[{"count":15,"href":"https:\/\/uelzener.de\/magazin\/wp-json\/wp\/v2\/pages\/12732\/revisions"}],"predecessor-version":[{"id":14671,"href":"https:\/\/uelzener.de\/magazin\/wp-json\/wp\/v2\/pages\/12732\/revisions\/14671"}],"up":[{"embeddable":true,"href":"https:\/\/uelzener.de\/magazin\/wp-json\/wp\/v2\/pages\/11706"}],"wp:featuredmedia":[{"embeddable":true,"href":"https:\/\/uelzener.de\/magazin\/wp-json\/wp\/v2\/media\/12736"}],"wp:attachment":[{"href":"https:\/\/uelzener.de\/magazin\/wp-json\/wp\/v2\/media?parent=12732"}],"curies":[{"name":"wp","href":"https:\/\/api.w.org\/{rel}","templated":true}]}}