{"id":12728,"date":"2016-01-04T09:48:19","date_gmt":"2016-01-04T08:48:19","guid":{"rendered":"https:\/\/uelzener.de\/magazin\/?page_id=12728"},"modified":"2024-01-02T12:07:56","modified_gmt":"2024-01-02T11:07:56","slug":"plaene-mit-deinem-pferd","status":"publish","type":"page","link":"https:\/\/uelzener.de\/magazin\/pferd\/erziehung-und-training\/plaene-mit-deinem-pferd\/","title":{"rendered":"Pl\u00e4ne mit deinem Pferd f\u00fcr das neue Jahr"},"content":{"rendered":"<p>Nun liegt es vor uns \u2013 das neue Jahr, ein neues Jahr mit Deinem Pferd! Es ist die Zeit ein wenig innezuhalten, Pl\u00e4ne zu schmieden und Vergangenes Revue passieren zu lassen.<\/p>\n<p>Lasse doch einmal Deinen Gedanken, W\u00fcnschen und Tr\u00e4umen freien Lauf und stelle Dir die Frage, was w\u00fcnsche ich mir f\u00fcr mein Pferd und mich f\u00fcr das kommende Jahr? Formuliere gerne schriftlich, was Du Dir \u2013 Deine Reiterei oder die Beziehung zu Deinem Pferd betreffend \u2013 w\u00fcnschst. Denke dabei gro\u00df, auch wenn Dein Ziel jetzt noch unerreichbar scheint.<\/p>\n<p>Nachdem Du Deine W\u00fcnsche formuliert hast, hat es sich bew\u00e4hrt, diese nach Priorit\u00e4ten zu ordnen. Finde heraus, was Dir f\u00fcr Dich und Dein Pferd am allerwichtigsten erscheint und setze diesen Punkt auf Platz eins. Dies k\u00f6nnen flie\u00dfende Schritt-Trab-Schritt-\u00dcberg\u00e4nge, das harmonische erste Auf<a href=\"https:\/\/uelzener.de\/magazin\/pferd\/erziehung-und-training\/der-reitersitz\/\">sitz<\/a>en auf Dein junges Pferd, eine Teilnahme an einem Lehrgang bei einem sehr qualifizierten Trainer oder ein wundersch\u00f6ner Ausritt am Meer sein. F\u00fchle bei Deinen W\u00fcnschen stets gut in Dich hinein, ob diese wirklich wichtig f\u00fcr Dich und Dein Pferd(!) sind. Das Vertrauen und die Verbundenheit mit Deinem Pferd, das Respektieren seiner W\u00fcnsche, Vorlieben und Talente, sowie seiner nat\u00fcrlichen Bed\u00fcrfnisse sollten f\u00fcr Dich immer oberste Priorit\u00e4t haben.<\/p>\n<p>Nachdem Du Deine Liste nun geordnet hast, greife Deinen ersten Gedanken auf und \u00fcberlege, wie Du ihn erreichen kannst. Nehmen wir als Beispiel das Anreiten Deines jungen Pferdes. Welche Ausbildungsschritte sind vor dem ersten Aufsitzen f\u00fcr Dich und Dein Pferd wichtig, um gut vorbereitet zu sein? Welche Aspekte sind beispielsweise bei der Bodenarbeit f\u00fcr Deine Kommunikation erforderlich? Wie m\u00f6chtest Du Dein Pferd an Trense und Sattel gew\u00f6hnen? Wie sieht es mit dem Longieren am <a href=\"https:\/\/uelzener.de\/magazin\/pferd\/erziehung-und-training\/pferdetraining-kappzaum\/\">Kappzaum<\/a> und der Arbeit an der Hand aus und welcher Ausbilder steht mit Rat und Tat an Deiner Seite?<\/p>\n<p>Auch wenn das Leben sicher nicht immer planbar ist, so hilft Dir eine gute Struktur dabei, schon im vorhinein Deine W\u00fcnsche auf einen guten Weg zu bringen, Dich und Dein Pferd gut vorzubereiten, um einer \u00dcberforderung und damit einer Frustration Eurer beider vorzubeugen.<\/p>\n<p>Einer der wichtigsten Grundvoraussetzungen f\u00fcr das Gelingen Deiner Ziele ist zudem, dass Du an diese wirklich glauben musst, hierf\u00fcr ist es beispielsweise hilfreich, sie sich vor Deinem \u201einneren Auge\u201c immer wieder bildlich zu visualisieren.<\/p>\n<p>Vergiss dabei jedoch auch nicht, dass alles seine Zeit braucht und letztendlich Dein Pferd das Tempo der Ausbildung bestimmt. Allem Streben nach einem Ziel obliegt auch immer die Gefahr, dass man die vielen kleinen wunderbaren Begebenheiten des Alltags, die vielen kleinen gemeinsamen Lernfortschritte \u00fcbersieht. Wie bei dem Bau eines Hauses, sind sie jedoch das Fundament f\u00fcr alles was darauf folgt \u2013 ohne ein gutes Fundament kein sicheres, stabiles Haus. Will hei\u00dfen, lege auf eine reelle, pferdefreundliche Grundausbildung am Boden wie unter dem Sattel Wert, so sind gr\u00f6\u00dfere Herausforderungen, unabh\u00e4ngig davon, in welcher Sparte der Reiterei Du Dich bewegst, sp\u00e4ter ein Leichtes.<\/p>\n<p>Ich denke, es w\u00e4re ein sch\u00f6ner Vorsatz f\u00fcr das neue Jahr, auch unserem Pferd gegen\u00fcber immer wieder erneut \u201eDanke!\u201c zu sagen. Danke daf\u00fcr, dass es uns \u00fcberhaupt auf seinem R\u00fccken tr\u00e4gt und dass wir mit ihm eines der sch\u00f6nsten Gef\u00fchle der Welt \u2013 Verbundenheit \u2013 f\u00fchlen d\u00fcrfen. Danke daf\u00fcr, dass es uns immer wieder aufs Neue in so vielen Situationen die nicht seinem Wesen entsprechen, sein Vertrauen schenkt. Dass es mit uns kleine oder gro\u00dfe H\u00fcrden \u00fcberwindet, mit uns anspruchsvolle Dressurlektionen absolviert oder uns in einem rasanten Galopp durch den Wald an seiner Kraft und Schnelligkeit teilhaben l\u00e4sst \u2013 und Danke daf\u00fcr, einfach weil es (f\u00fcr uns) da ist!<\/p>\n<p>Ich w\u00fcnsche Dir und Deinem Pferd ein wundersch\u00f6nes Jahr 2016! M\u00f6gen sich Deine W\u00fcnsche erf\u00fcllen!<\/p>\n<p>Deine Nicole K\u00fcnzel<\/p>\n<p><em>Nicole K\u00fcnzel bildet Mensch und Pferd in der klassischen Reitkunst aus. Freude, Leichtigkeit und Harmonie sowie eine positive Grundeinstellung sind Werte, die sie ihren Sch\u00fclern vermitteln m\u00f6chte. Neben der Pferdeausbildung ist das Schreiben ihre weitere Leidenschaft. Sie ist Autorin mehrerer Pferdefachb\u00fccher und gr\u00fcndete 2014 den evipo Verlag (<\/em><a href=\"http:\/\/www.evipo-verlag.com\/\"><em>www.evipo-verlag.com<\/em><\/a><em>). In Hannover etablierte sie ihr eigenes Ausbildungszentrum evipo (<\/em><a href=\"http:\/\/www.evipo.de\/\"><em>www.evipo.de<\/em><\/a><em>).<\/em><\/p>\n<p><strong>Mehr davon im neuen Buch von Nicole K\u00fcnzel &#8222;Mit Sicherheit richtig verstanden&#8220;.<\/strong><\/p>\n","protected":false},"excerpt":{"rendered":"<p>Nun liegt es vor uns \u2013 das neue Jahr, ein neues Jahr mit Deinem Pferd! Es ist die Zeit ein wenig innezuhalten, Pl\u00e4ne zu schmieden und Vergangenes Revue passieren zu lassen. Lasse doch einmal Deinen Gedanken, W\u00fcnschen und Tr\u00e4umen freien Lauf und stelle Dir die Frage, was w\u00fcnsche ich mir f\u00fcr mein Pferd und mich [&hellip;]<\/p>\n","protected":false},"author":3,"featured_media":12729,"parent":11689,"menu_order":46,"comment_status":"closed","ping_status":"closed","template":"templates\/blog.php","meta":{"_acf_changed":false,"_crdt_document":"","footnotes":"","beyondwords_generate_audio":"0","beyondwords_project_id":"","beyondwords_content_id":"","beyondwords_preview_token":"","beyondwords_player_style":"","beyondwords_language_id":"","beyondwords_title_voice_id":"","beyondwords_body_voice_id":"","beyondwords_summary_voice_id":"","beyondwords_error_message":"","beyondwords_disabled":"","beyondwords_delete_content":"","beyondwords_podcast_id":"","beyondwords_hash":"","publish_post_to_speechkit":"","speechkit_hash":"","speechkit_generate_audio":"","speechkit_project_id":"","speechkit_podcast_id":"","speechkit_error_message":"","speechkit_disabled":"","speechkit_access_key":"","speechkit_error":"","speechkit_info":"","speechkit_response":"","speechkit_retries":"","speechkit_status":"","speechkit_updated_at":"","_speechkit_link":"","_speechkit_text":""},"class_list":["post-12728","page","type-page","status-publish","has-post-thumbnail","hentry"],"acf":[],"yoast_head":"<!-- This site is optimized with the Yoast SEO Premium plugin  - https:\/\/yoast.com\/product\/yoast-seo-premium-wordpress\/ -->\n<title>W\u00fcnsche und Ziele mit Deinem Pferd | Uelzener<\/title>\n<meta name=\"description\" content=\"Pl\u00e4ne mit Deinem Pferd \u2713 W\u00fcnsche \u2713 Ziele \u2713 Vors\u00e4tze \u2713 Gedanken \u25b6 Jetzt lesen!\" \/>\n<meta name=\"robots\" content=\"index, follow, max-snippet:-1, max-image-preview:large, max-video-preview:-1\" \/>\n<link rel=\"canonical\" href=\"https:\/\/uelzener.de\/magazin\/pferd\/erziehung-und-training\/plaene-mit-deinem-pferd\/\" \/>\n<meta property=\"og:locale\" content=\"de_DE\" \/>\n<meta property=\"og:type\" content=\"article\" \/>\n<meta property=\"og:title\" content=\"Pl\u00e4ne mit deinem Pferd f\u00fcr das neue Jahr\" \/>\n<meta property=\"og:description\" content=\"Pl\u00e4ne mit Deinem Pferd \u2713 W\u00fcnsche \u2713 Ziele \u2713 Vors\u00e4tze \u2713 Gedanken \u25b6 Jetzt lesen!\" \/>\n<meta property=\"og:url\" content=\"https:\/\/uelzener.de\/magazin\/pferd\/erziehung-und-training\/plaene-mit-deinem-pferd\/\" \/>\n<meta property=\"og:site_name\" content=\"Uelzener Tier-Magazin\" \/>\n<meta property=\"article:publisher\" content=\"https:\/\/www.facebook.com\/Uelzener\" \/>\n<meta property=\"article:modified_time\" content=\"2024-01-02T11:07:56+00:00\" \/>\n<meta property=\"og:image\" content=\"https:\/\/uelzener.de\/magazin\/app\/uploads\/2021\/09\/1024x450_Nahaufnahme_weisses-Pferd-mit-Reiterin.jpg\" \/>\n\t<meta property=\"og:image:width\" content=\"1024\" \/>\n\t<meta property=\"og:image:height\" content=\"450\" \/>\n\t<meta property=\"og:image:type\" content=\"image\/jpeg\" \/>\n<meta name=\"twitter:card\" content=\"summary_large_image\" \/>\n<meta name=\"twitter:label1\" content=\"Gesch\u00e4tzte Lesezeit\" \/>\n\t<meta name=\"twitter:data1\" content=\"3\u00a0Minuten\" \/>\n<script type=\"application\/ld+json\" class=\"yoast-schema-graph\">{\"@context\":\"https:\/\/schema.org\",\"@graph\":[{\"@type\":\"WebPage\",\"@id\":\"https:\/\/uelzener.de\/magazin\/pferd\/erziehung-und-training\/plaene-mit-deinem-pferd\/\",\"url\":\"https:\/\/uelzener.de\/magazin\/pferd\/erziehung-und-training\/plaene-mit-deinem-pferd\/\",\"name\":\"W\u00fcnsche und Ziele mit Deinem Pferd | Uelzener\",\"isPartOf\":{\"@id\":\"https:\/\/uelzener.de\/magazin\/#website\"},\"primaryImageOfPage\":{\"@id\":\"https:\/\/uelzener.de\/magazin\/pferd\/erziehung-und-training\/plaene-mit-deinem-pferd\/#primaryimage\"},\"image\":{\"@id\":\"https:\/\/uelzener.de\/magazin\/pferd\/erziehung-und-training\/plaene-mit-deinem-pferd\/#primaryimage\"},\"thumbnailUrl\":\"https:\/\/uelzener.de\/magazin\/app\/uploads\/2021\/09\/1024x450_Nahaufnahme_weisses-Pferd-mit-Reiterin.jpg\",\"datePublished\":\"2016-01-04T08:48:19+00:00\",\"dateModified\":\"2024-01-02T11:07:56+00:00\",\"description\":\"Pl\u00e4ne mit Deinem Pferd \u2713 W\u00fcnsche \u2713 Ziele \u2713 Vors\u00e4tze \u2713 Gedanken \u25b6 Jetzt lesen!\",\"breadcrumb\":{\"@id\":\"https:\/\/uelzener.de\/magazin\/pferd\/erziehung-und-training\/plaene-mit-deinem-pferd\/#breadcrumb\"},\"inLanguage\":\"de\",\"potentialAction\":[{\"@type\":\"ReadAction\",\"target\":[\"https:\/\/uelzener.de\/magazin\/pferd\/erziehung-und-training\/plaene-mit-deinem-pferd\/\"]}]},{\"@type\":\"ImageObject\",\"inLanguage\":\"de\",\"@id\":\"https:\/\/uelzener.de\/magazin\/pferd\/erziehung-und-training\/plaene-mit-deinem-pferd\/#primaryimage\",\"url\":\"https:\/\/uelzener.de\/magazin\/app\/uploads\/2021\/09\/1024x450_Nahaufnahme_weisses-Pferd-mit-Reiterin.jpg\",\"contentUrl\":\"https:\/\/uelzener.de\/magazin\/app\/uploads\/2021\/09\/1024x450_Nahaufnahme_weisses-Pferd-mit-Reiterin.jpg\",\"width\":1024,\"height\":450,\"caption\":\"Reiterin mit wei\u00dfem Pferd, macht sich Vors\u00e4tze f\u00fcr das neue Jahr.\"},{\"@type\":\"WebSite\",\"@id\":\"https:\/\/uelzener.de\/magazin\/#website\",\"url\":\"https:\/\/uelzener.de\/magazin\/\",\"name\":\"Uelzener Tiermagazin\",\"description\":\"Online Tierratgeber der Uelzener Versicherungen\",\"publisher\":{\"@id\":\"https:\/\/uelzener.de\/magazin\/#organization\"},\"potentialAction\":[{\"@type\":\"SearchAction\",\"target\":{\"@type\":\"EntryPoint\",\"urlTemplate\":\"https:\/\/uelzener.de\/magazin\/?s={search_term_string}\"},\"query-input\":{\"@type\":\"PropertyValueSpecification\",\"valueRequired\":true,\"valueName\":\"search_term_string\"}}],\"inLanguage\":\"de\"},{\"@type\":\"Organization\",\"@id\":\"https:\/\/uelzener.de\/magazin\/#organization\",\"name\":\"Uelzener Versicherungen\",\"url\":\"https:\/\/uelzener.de\/magazin\/\",\"logo\":{\"@type\":\"ImageObject\",\"inLanguage\":\"de\",\"@id\":\"https:\/\/uelzener.de\/magazin\/#\/schema\/logo\/image\/\",\"url\":\"https:\/\/uelzener.de\/magazin\/app\/uploads\/2024\/11\/uelzener_allgemeine_versicherungsgesellschaft_a_g_logo.jpg\",\"contentUrl\":\"https:\/\/uelzener.de\/magazin\/app\/uploads\/2024\/11\/uelzener_allgemeine_versicherungsgesellschaft_a_g_logo.jpg\",\"width\":200,\"height\":200,\"caption\":\"Uelzener Versicherungen\"},\"image\":{\"@id\":\"https:\/\/uelzener.de\/magazin\/#\/schema\/logo\/image\/\"},\"sameAs\":[\"https:\/\/www.facebook.com\/Uelzener\",\"https:\/\/instagram.com\/uelzener\",\"https:\/\/www.xing.com\/pages\/uelzenerallgemeineversicherungs-gesellschafta-g\",\"https:\/\/www.youtube.com\/UelzenerVersicherungen\"]}]}<\/script>\n<!-- \/ Yoast SEO Premium plugin. -->","yoast_head_json":{"title":"W\u00fcnsche und Ziele mit Deinem Pferd | Uelzener","description":"Pl\u00e4ne mit Deinem Pferd \u2713 W\u00fcnsche \u2713 Ziele \u2713 Vors\u00e4tze \u2713 Gedanken \u25b6 Jetzt lesen!","robots":{"index":"index","follow":"follow","max-snippet":"max-snippet:-1","max-image-preview":"max-image-preview:large","max-video-preview":"max-video-preview:-1"},"canonical":"https:\/\/uelzener.de\/magazin\/pferd\/erziehung-und-training\/plaene-mit-deinem-pferd\/","og_locale":"de_DE","og_type":"article","og_title":"Pl\u00e4ne mit deinem Pferd f\u00fcr das neue Jahr","og_description":"Pl\u00e4ne mit Deinem Pferd \u2713 W\u00fcnsche \u2713 Ziele \u2713 Vors\u00e4tze \u2713 Gedanken \u25b6 Jetzt lesen!","og_url":"https:\/\/uelzener.de\/magazin\/pferd\/erziehung-und-training\/plaene-mit-deinem-pferd\/","og_site_name":"Uelzener Tier-Magazin","article_publisher":"https:\/\/www.facebook.com\/Uelzener","article_modified_time":"2024-01-02T11:07:56+00:00","og_image":[{"width":1024,"height":450,"url":"https:\/\/uelzener.de\/magazin\/app\/uploads\/2021\/09\/1024x450_Nahaufnahme_weisses-Pferd-mit-Reiterin.jpg","type":"image\/jpeg"}],"twitter_card":"summary_large_image","twitter_misc":{"Gesch\u00e4tzte Lesezeit":"3\u00a0Minuten"},"schema":{"@context":"https:\/\/schema.org","@graph":[{"@type":"WebPage","@id":"https:\/\/uelzener.de\/magazin\/pferd\/erziehung-und-training\/plaene-mit-deinem-pferd\/","url":"https:\/\/uelzener.de\/magazin\/pferd\/erziehung-und-training\/plaene-mit-deinem-pferd\/","name":"W\u00fcnsche und Ziele mit Deinem Pferd | Uelzener","isPartOf":{"@id":"https:\/\/uelzener.de\/magazin\/#website"},"primaryImageOfPage":{"@id":"https:\/\/uelzener.de\/magazin\/pferd\/erziehung-und-training\/plaene-mit-deinem-pferd\/#primaryimage"},"image":{"@id":"https:\/\/uelzener.de\/magazin\/pferd\/erziehung-und-training\/plaene-mit-deinem-pferd\/#primaryimage"},"thumbnailUrl":"https:\/\/uelzener.de\/magazin\/app\/uploads\/2021\/09\/1024x450_Nahaufnahme_weisses-Pferd-mit-Reiterin.jpg","datePublished":"2016-01-04T08:48:19+00:00","dateModified":"2024-01-02T11:07:56+00:00","description":"Pl\u00e4ne mit Deinem Pferd \u2713 W\u00fcnsche \u2713 Ziele \u2713 Vors\u00e4tze \u2713 Gedanken \u25b6 Jetzt lesen!","breadcrumb":{"@id":"https:\/\/uelzener.de\/magazin\/pferd\/erziehung-und-training\/plaene-mit-deinem-pferd\/#breadcrumb"},"inLanguage":"de","potentialAction":[{"@type":"ReadAction","target":["https:\/\/uelzener.de\/magazin\/pferd\/erziehung-und-training\/plaene-mit-deinem-pferd\/"]}]},{"@type":"ImageObject","inLanguage":"de","@id":"https:\/\/uelzener.de\/magazin\/pferd\/erziehung-und-training\/plaene-mit-deinem-pferd\/#primaryimage","url":"https:\/\/uelzener.de\/magazin\/app\/uploads\/2021\/09\/1024x450_Nahaufnahme_weisses-Pferd-mit-Reiterin.jpg","contentUrl":"https:\/\/uelzener.de\/magazin\/app\/uploads\/2021\/09\/1024x450_Nahaufnahme_weisses-Pferd-mit-Reiterin.jpg","width":1024,"height":450,"caption":"Reiterin mit wei\u00dfem Pferd, macht sich Vors\u00e4tze f\u00fcr das neue Jahr."},{"@type":"WebSite","@id":"https:\/\/uelzener.de\/magazin\/#website","url":"https:\/\/uelzener.de\/magazin\/","name":"Uelzener Tiermagazin","description":"Online Tierratgeber der Uelzener Versicherungen","publisher":{"@id":"https:\/\/uelzener.de\/magazin\/#organization"},"potentialAction":[{"@type":"SearchAction","target":{"@type":"EntryPoint","urlTemplate":"https:\/\/uelzener.de\/magazin\/?s={search_term_string}"},"query-input":{"@type":"PropertyValueSpecification","valueRequired":true,"valueName":"search_term_string"}}],"inLanguage":"de"},{"@type":"Organization","@id":"https:\/\/uelzener.de\/magazin\/#organization","name":"Uelzener Versicherungen","url":"https:\/\/uelzener.de\/magazin\/","logo":{"@type":"ImageObject","inLanguage":"de","@id":"https:\/\/uelzener.de\/magazin\/#\/schema\/logo\/image\/","url":"https:\/\/uelzener.de\/magazin\/app\/uploads\/2024\/11\/uelzener_allgemeine_versicherungsgesellschaft_a_g_logo.jpg","contentUrl":"https:\/\/uelzener.de\/magazin\/app\/uploads\/2024\/11\/uelzener_allgemeine_versicherungsgesellschaft_a_g_logo.jpg","width":200,"height":200,"caption":"Uelzener Versicherungen"},"image":{"@id":"https:\/\/uelzener.de\/magazin\/#\/schema\/logo\/image\/"},"sameAs":["https:\/\/www.facebook.com\/Uelzener","https:\/\/instagram.com\/uelzener","https:\/\/www.xing.com\/pages\/uelzenerallgemeineversicherungs-gesellschafta-g","https:\/\/www.youtube.com\/UelzenerVersicherungen"]}]}},"_links":{"self":[{"href":"https:\/\/uelzener.de\/magazin\/wp-json\/wp\/v2\/pages\/12728","targetHints":{"allow":["GET"]}}],"collection":[{"href":"https:\/\/uelzener.de\/magazin\/wp-json\/wp\/v2\/pages"}],"about":[{"href":"https:\/\/uelzener.de\/magazin\/wp-json\/wp\/v2\/types\/page"}],"author":[{"embeddable":true,"href":"https:\/\/uelzener.de\/magazin\/wp-json\/wp\/v2\/users\/3"}],"replies":[{"embeddable":true,"href":"https:\/\/uelzener.de\/magazin\/wp-json\/wp\/v2\/comments?post=12728"}],"version-history":[{"count":9,"href":"https:\/\/uelzener.de\/magazin\/wp-json\/wp\/v2\/pages\/12728\/revisions"}],"predecessor-version":[{"id":16866,"href":"https:\/\/uelzener.de\/magazin\/wp-json\/wp\/v2\/pages\/12728\/revisions\/16866"}],"up":[{"embeddable":true,"href":"https:\/\/uelzener.de\/magazin\/wp-json\/wp\/v2\/pages\/11689"}],"wp:featuredmedia":[{"embeddable":true,"href":"https:\/\/uelzener.de\/magazin\/wp-json\/wp\/v2\/media\/12729"}],"wp:attachment":[{"href":"https:\/\/uelzener.de\/magazin\/wp-json\/wp\/v2\/media?parent=12728"}],"curies":[{"name":"wp","href":"https:\/\/api.w.org\/{rel}","templated":true}]}}