{"id":12317,"date":"2021-03-16T08:43:11","date_gmt":"2021-03-16T07:43:11","guid":{"rendered":"https:\/\/uelzener.de\/magazin\/?page_id=12317"},"modified":"2022-09-23T12:07:51","modified_gmt":"2022-09-23T10:07:51","slug":"forsa-umfrage-corona-hat-nur-geringen-einfluss-auf-anschaffung-von-hunden-und-katzen","status":"publish","type":"page","link":"https:\/\/uelzener.de\/magazin\/wir\/forsa-umfrage-corona-hat-nur-geringen-einfluss-auf-anschaffung-von-hunden-und-katzen\/","title":{"rendered":"Forsa-Umfrage: Corona hat nur geringen Einfluss auf Anschaffung von Hunden und Katzen"},"content":{"rendered":"<div class=\"section-header\">\n<div class=\"section-head\">\n<p><strong>Das Coronavirus hat eine Phase der sozialen Vereinsamung eingel\u00e4utet \u2013 so lautet jedenfalls h\u00e4ufig die Meldung der Medien. Da liegt die Vermutung nahe, dass sich besonders Singles zu Zeiten der Kontaktbeschr\u00e4nkungen einen Mitbewohner auf vier Pfoten zulegen. Doch weit gefehlt! Eine bundesweit repr\u00e4sentative Forsa-Umfrage im Auftrag der Uelzener Versicherung zu diesem Thema zeigt, dass die Gr\u00fcnde f\u00fcr den Erwerb eines Haustiers in der aktuellen Situation oft andere sind und das Interesse an Hunden und Katzen weitestgehend unbeeinflusst von der Covid-19-Pandemie ist.<\/strong><\/p>\n<\/div>\n<\/div>\n<p>Grunds\u00e4tzlich sind die Zahlen bei der Haustierhaltung schon seit Jahren steigend, besonders bei Hunden und Katzen. Von den befragten Hunde- und Katzenbesitzern haben 10 % in den letzten 6 Monaten einen Hund oder eine Katze angeschafft, doch es waren vor allem Familien mit 4 oder mehr Personen (12 %), die sich f\u00fcr einen Hund oder eine Katze entschieden und nur 6 % der Alleinlebenden. Weiterhin gaben die Befragten an, dass die Corona-Situation kaum Einfluss auf die Absicht hatte, einen Hund oder eine Katze im Haushalt aufzunehmen. Nur f\u00fcr 12 % der Befragten, bei denen im letzten halben Jahr ein Hund oder eine Katze einzog, war unter anderem die Corona-Situation Grund f\u00fcr die Anschaffung. 88% der Hunde- oder Katzenhalter haben sich aus anderen Gr\u00fcnden f\u00fcr ihr neues Haustier entschieden.<\/p>\n<p>\u201eEs hat uns erstaunt, dass die Corona-Situation offenbar so wenig Einfluss auf die Entscheidung hatte, einen Hund oder eine Katze bei sich aufzunehmen\u201c, sagt Monika Freitag, Pressesprecherin der Uelzener Versicherung. \u201eAber Tiere tun uns Menschen immer gut, und wir haben erfreut beobachtet, dass sich die Menschen weiterhin gut \u00fcberlegt f\u00fcr einen Hund oder eine Katze entscheiden. Denn die Anschaffung eines Haustieres sollte immer geplant und gut durchdacht sein. Faktoren wie artgerechte Haltung, ausreichend Bewegung und Betreuung sowie gesunde Ern\u00e4hrung spielen langfristig ebenso eine wichtige Rolle, wie gerade beim Hund eben auch die zeitintensive Ausbildung. Und falls das Tier erkrankt, ist auch die finanzielle Belastung nicht zu untersch\u00e4tzen. Wer sich f\u00fcr ein Tier als Familienmitglied entscheidet, \u00fcbernimmt langfristig Verantwortung.\u201c<\/p>\n<p><img decoding=\"async\" class=\" wp-image-12318 alignleft\" src=\"https:\/\/uelzener.de\/magazin\/app\/uploads\/2021\/03\/Uelzener_Forsa-Umfrage_Anschaffung_Hund_Katze_Grafik_quer_sRGB-300x222.jpg\" alt=\"Gr\u00fcnes Kreisdiagramm zur Anschaffung von Haustieren aufgrund von Corona\" width=\"414\" height=\"306\" srcset=\"https:\/\/uelzener.de\/magazin\/app\/uploads\/2021\/03\/Uelzener_Forsa-Umfrage_Anschaffung_Hund_Katze_Grafik_quer_sRGB-300x222.jpg 300w, https:\/\/uelzener.de\/magazin\/app\/uploads\/2021\/03\/Uelzener_Forsa-Umfrage_Anschaffung_Hund_Katze_Grafik_quer_sRGB-1024x759.jpg 1024w, https:\/\/uelzener.de\/magazin\/app\/uploads\/2021\/03\/Uelzener_Forsa-Umfrage_Anschaffung_Hund_Katze_Grafik_quer_sRGB-768x569.jpg 768w, https:\/\/uelzener.de\/magazin\/app\/uploads\/2021\/03\/Uelzener_Forsa-Umfrage_Anschaffung_Hund_Katze_Grafik_quer_sRGB-1536x1138.jpg 1536w, https:\/\/uelzener.de\/magazin\/app\/uploads\/2021\/03\/Uelzener_Forsa-Umfrage_Anschaffung_Hund_Katze_Grafik_quer_sRGB-150x110.jpg 150w, https:\/\/uelzener.de\/magazin\/app\/uploads\/2021\/03\/Uelzener_Forsa-Umfrage_Anschaffung_Hund_Katze_Grafik_quer_sRGB-1026x760.jpg 1026w, https:\/\/uelzener.de\/magazin\/app\/uploads\/2021\/03\/Uelzener_Forsa-Umfrage_Anschaffung_Hund_Katze_Grafik_quer_sRGB-668x495.jpg 668w, https:\/\/uelzener.de\/magazin\/app\/uploads\/2021\/03\/Uelzener_Forsa-Umfrage_Anschaffung_Hund_Katze_Grafik_quer_sRGB.jpg 1595w\" sizes=\"(max-width: 414px) 100vw, 414px\" \/><\/p>\n","protected":false},"excerpt":{"rendered":"<p>Das Coronavirus hat eine Phase der sozialen Vereinsamung eingel\u00e4utet \u2013 so lautet jedenfalls h\u00e4ufig die Meldung der Medien. Da liegt die Vermutung nahe, dass sich besonders Singles zu Zeiten der Kontaktbeschr\u00e4nkungen einen Mitbewohner auf vier Pfoten zulegen. Doch weit gefehlt! Eine bundesweit repr\u00e4sentative Forsa-Umfrage im Auftrag der Uelzener Versicherung zu diesem Thema zeigt, dass die [&hellip;]<\/p>\n","protected":false},"author":3,"featured_media":12319,"parent":2469,"menu_order":22,"comment_status":"closed","ping_status":"closed","template":"templates\/blog.php","meta":{"_acf_changed":false,"_crdt_document":"","footnotes":"","beyondwords_generate_audio":"","beyondwords_project_id":"","beyondwords_content_id":"","beyondwords_preview_token":"","beyondwords_player_style":"","beyondwords_language_id":"","beyondwords_title_voice_id":"","beyondwords_body_voice_id":"","beyondwords_summary_voice_id":"","beyondwords_error_message":"","beyondwords_disabled":"","beyondwords_delete_content":"","beyondwords_podcast_id":"","beyondwords_hash":"","publish_post_to_speechkit":"","speechkit_hash":"","speechkit_generate_audio":"","speechkit_project_id":"","speechkit_podcast_id":"","speechkit_error_message":"","speechkit_disabled":"","speechkit_access_key":"","speechkit_error":"","speechkit_info":"","speechkit_response":"","speechkit_retries":"","speechkit_status":"","speechkit_updated_at":"","_speechkit_link":"","_speechkit_text":""},"class_list":["post-12317","page","type-page","status-publish","has-post-thumbnail","hentry"],"acf":[],"yoast_head":"<!-- This site is optimized with the Yoast SEO Premium plugin  - https:\/\/yoast.com\/product\/yoast-seo-premium-wordpress\/ -->\n<title>Forsa-Umfrage: Corona hat nur geringen Einfluss auf Anschaffung von Hunden und Katzen | Uelzener Magazin<\/title>\n<meta name=\"robots\" content=\"index, follow, max-snippet:-1, max-image-preview:large, max-video-preview:-1\" \/>\n<link rel=\"canonical\" href=\"https:\/\/uelzener.de\/magazin\/wir\/forsa-umfrage-corona-hat-nur-geringen-einfluss-auf-anschaffung-von-hunden-und-katzen\/\" \/>\n<meta property=\"og:locale\" content=\"de_DE\" \/>\n<meta property=\"og:type\" content=\"article\" \/>\n<meta property=\"og:title\" content=\"Forsa-Umfrage: Corona hat nur geringen Einfluss auf Anschaffung von Hunden und Katzen\" \/>\n<meta property=\"og:description\" content=\"Das Coronavirus hat eine Phase der sozialen Vereinsamung eingel\u00e4utet \u2013 so lautet jedenfalls h\u00e4ufig die Meldung der Medien. Da liegt die Vermutung nahe, dass sich besonders Singles zu Zeiten der Kontaktbeschr\u00e4nkungen einen Mitbewohner auf vier Pfoten zulegen. Doch weit gefehlt! Eine bundesweit repr\u00e4sentative Forsa-Umfrage im Auftrag der Uelzener Versicherung zu diesem Thema zeigt, dass die [&hellip;]\" \/>\n<meta property=\"og:url\" content=\"https:\/\/uelzener.de\/magazin\/wir\/forsa-umfrage-corona-hat-nur-geringen-einfluss-auf-anschaffung-von-hunden-und-katzen\/\" \/>\n<meta property=\"og:site_name\" content=\"Uelzener Tier-Magazin\" \/>\n<meta property=\"article:publisher\" content=\"https:\/\/www.facebook.com\/Uelzener\" \/>\n<meta property=\"article:modified_time\" content=\"2022-09-23T10:07:51+00:00\" \/>\n<meta property=\"og:image\" content=\"https:\/\/uelzener.de\/magazin\/app\/uploads\/2021\/03\/GettyImages-1078098714-scaled-e1615880507921.jpg\" \/>\n\t<meta property=\"og:image:width\" content=\"2560\" \/>\n\t<meta property=\"og:image:height\" content=\"1280\" \/>\n\t<meta property=\"og:image:type\" content=\"image\/jpeg\" \/>\n<meta name=\"twitter:card\" content=\"summary_large_image\" \/>\n<meta name=\"twitter:label1\" content=\"Gesch\u00e4tzte Lesezeit\" \/>\n\t<meta name=\"twitter:data1\" content=\"2\u00a0Minuten\" \/>\n<script type=\"application\/ld+json\" class=\"yoast-schema-graph\">{\"@context\":\"https:\/\/schema.org\",\"@graph\":[{\"@type\":\"WebPage\",\"@id\":\"https:\/\/uelzener.de\/magazin\/wir\/forsa-umfrage-corona-hat-nur-geringen-einfluss-auf-anschaffung-von-hunden-und-katzen\/\",\"url\":\"https:\/\/uelzener.de\/magazin\/wir\/forsa-umfrage-corona-hat-nur-geringen-einfluss-auf-anschaffung-von-hunden-und-katzen\/\",\"name\":\"Forsa-Umfrage: Corona hat nur geringen Einfluss auf Anschaffung von Hunden und Katzen | Uelzener Magazin\",\"isPartOf\":{\"@id\":\"https:\/\/uelzener.de\/magazin\/#website\"},\"primaryImageOfPage\":{\"@id\":\"https:\/\/uelzener.de\/magazin\/wir\/forsa-umfrage-corona-hat-nur-geringen-einfluss-auf-anschaffung-von-hunden-und-katzen\/#primaryimage\"},\"image\":{\"@id\":\"https:\/\/uelzener.de\/magazin\/wir\/forsa-umfrage-corona-hat-nur-geringen-einfluss-auf-anschaffung-von-hunden-und-katzen\/#primaryimage\"},\"thumbnailUrl\":\"https:\/\/uelzener.de\/magazin\/app\/uploads\/2021\/03\/GettyImages-1078098714-scaled-e1615880507921.jpg\",\"datePublished\":\"2021-03-16T07:43:11+00:00\",\"dateModified\":\"2022-09-23T10:07:51+00:00\",\"breadcrumb\":{\"@id\":\"https:\/\/uelzener.de\/magazin\/wir\/forsa-umfrage-corona-hat-nur-geringen-einfluss-auf-anschaffung-von-hunden-und-katzen\/#breadcrumb\"},\"inLanguage\":\"de\",\"potentialAction\":[{\"@type\":\"ReadAction\",\"target\":[\"https:\/\/uelzener.de\/magazin\/wir\/forsa-umfrage-corona-hat-nur-geringen-einfluss-auf-anschaffung-von-hunden-und-katzen\/\"]}]},{\"@type\":\"ImageObject\",\"inLanguage\":\"de\",\"@id\":\"https:\/\/uelzener.de\/magazin\/wir\/forsa-umfrage-corona-hat-nur-geringen-einfluss-auf-anschaffung-von-hunden-und-katzen\/#primaryimage\",\"url\":\"https:\/\/uelzener.de\/magazin\/app\/uploads\/2021\/03\/GettyImages-1078098714-scaled-e1615880507921.jpg\",\"contentUrl\":\"https:\/\/uelzener.de\/magazin\/app\/uploads\/2021\/03\/GettyImages-1078098714-scaled-e1615880507921.jpg\",\"width\":2560,\"height\":1280,\"caption\":\"Golden Hound and British short-haired cat\"},{\"@type\":\"WebSite\",\"@id\":\"https:\/\/uelzener.de\/magazin\/#website\",\"url\":\"https:\/\/uelzener.de\/magazin\/\",\"name\":\"Uelzener Tiermagazin\",\"description\":\"Online Tierratgeber der Uelzener Versicherungen\",\"publisher\":{\"@id\":\"https:\/\/uelzener.de\/magazin\/#organization\"},\"potentialAction\":[{\"@type\":\"SearchAction\",\"target\":{\"@type\":\"EntryPoint\",\"urlTemplate\":\"https:\/\/uelzener.de\/magazin\/?s={search_term_string}\"},\"query-input\":{\"@type\":\"PropertyValueSpecification\",\"valueRequired\":true,\"valueName\":\"search_term_string\"}}],\"inLanguage\":\"de\"},{\"@type\":\"Organization\",\"@id\":\"https:\/\/uelzener.de\/magazin\/#organization\",\"name\":\"Uelzener Versicherungen\",\"url\":\"https:\/\/uelzener.de\/magazin\/\",\"logo\":{\"@type\":\"ImageObject\",\"inLanguage\":\"de\",\"@id\":\"https:\/\/uelzener.de\/magazin\/#\/schema\/logo\/image\/\",\"url\":\"https:\/\/uelzener.de\/magazin\/app\/uploads\/2024\/11\/uelzener_allgemeine_versicherungsgesellschaft_a_g_logo.jpg\",\"contentUrl\":\"https:\/\/uelzener.de\/magazin\/app\/uploads\/2024\/11\/uelzener_allgemeine_versicherungsgesellschaft_a_g_logo.jpg\",\"width\":200,\"height\":200,\"caption\":\"Uelzener Versicherungen\"},\"image\":{\"@id\":\"https:\/\/uelzener.de\/magazin\/#\/schema\/logo\/image\/\"},\"sameAs\":[\"https:\/\/www.facebook.com\/Uelzener\",\"https:\/\/instagram.com\/uelzener\",\"https:\/\/www.xing.com\/pages\/uelzenerallgemeineversicherungs-gesellschafta-g\",\"https:\/\/www.youtube.com\/UelzenerVersicherungen\"]}]}<\/script>\n<!-- \/ Yoast SEO Premium plugin. -->","yoast_head_json":{"title":"Forsa-Umfrage: Corona hat nur geringen Einfluss auf Anschaffung von Hunden und Katzen | Uelzener Magazin","robots":{"index":"index","follow":"follow","max-snippet":"max-snippet:-1","max-image-preview":"max-image-preview:large","max-video-preview":"max-video-preview:-1"},"canonical":"https:\/\/uelzener.de\/magazin\/wir\/forsa-umfrage-corona-hat-nur-geringen-einfluss-auf-anschaffung-von-hunden-und-katzen\/","og_locale":"de_DE","og_type":"article","og_title":"Forsa-Umfrage: Corona hat nur geringen Einfluss auf Anschaffung von Hunden und Katzen","og_description":"Das Coronavirus hat eine Phase der sozialen Vereinsamung eingel\u00e4utet \u2013 so lautet jedenfalls h\u00e4ufig die Meldung der Medien. Da liegt die Vermutung nahe, dass sich besonders Singles zu Zeiten der Kontaktbeschr\u00e4nkungen einen Mitbewohner auf vier Pfoten zulegen. Doch weit gefehlt! Eine bundesweit repr\u00e4sentative Forsa-Umfrage im Auftrag der Uelzener Versicherung zu diesem Thema zeigt, dass die [&hellip;]","og_url":"https:\/\/uelzener.de\/magazin\/wir\/forsa-umfrage-corona-hat-nur-geringen-einfluss-auf-anschaffung-von-hunden-und-katzen\/","og_site_name":"Uelzener Tier-Magazin","article_publisher":"https:\/\/www.facebook.com\/Uelzener","article_modified_time":"2022-09-23T10:07:51+00:00","og_image":[{"width":2560,"height":1280,"url":"https:\/\/uelzener.de\/magazin\/app\/uploads\/2021\/03\/GettyImages-1078098714-scaled-e1615880507921.jpg","type":"image\/jpeg"}],"twitter_card":"summary_large_image","twitter_misc":{"Gesch\u00e4tzte Lesezeit":"2\u00a0Minuten"},"schema":{"@context":"https:\/\/schema.org","@graph":[{"@type":"WebPage","@id":"https:\/\/uelzener.de\/magazin\/wir\/forsa-umfrage-corona-hat-nur-geringen-einfluss-auf-anschaffung-von-hunden-und-katzen\/","url":"https:\/\/uelzener.de\/magazin\/wir\/forsa-umfrage-corona-hat-nur-geringen-einfluss-auf-anschaffung-von-hunden-und-katzen\/","name":"Forsa-Umfrage: Corona hat nur geringen Einfluss auf Anschaffung von Hunden und Katzen | Uelzener Magazin","isPartOf":{"@id":"https:\/\/uelzener.de\/magazin\/#website"},"primaryImageOfPage":{"@id":"https:\/\/uelzener.de\/magazin\/wir\/forsa-umfrage-corona-hat-nur-geringen-einfluss-auf-anschaffung-von-hunden-und-katzen\/#primaryimage"},"image":{"@id":"https:\/\/uelzener.de\/magazin\/wir\/forsa-umfrage-corona-hat-nur-geringen-einfluss-auf-anschaffung-von-hunden-und-katzen\/#primaryimage"},"thumbnailUrl":"https:\/\/uelzener.de\/magazin\/app\/uploads\/2021\/03\/GettyImages-1078098714-scaled-e1615880507921.jpg","datePublished":"2021-03-16T07:43:11+00:00","dateModified":"2022-09-23T10:07:51+00:00","breadcrumb":{"@id":"https:\/\/uelzener.de\/magazin\/wir\/forsa-umfrage-corona-hat-nur-geringen-einfluss-auf-anschaffung-von-hunden-und-katzen\/#breadcrumb"},"inLanguage":"de","potentialAction":[{"@type":"ReadAction","target":["https:\/\/uelzener.de\/magazin\/wir\/forsa-umfrage-corona-hat-nur-geringen-einfluss-auf-anschaffung-von-hunden-und-katzen\/"]}]},{"@type":"ImageObject","inLanguage":"de","@id":"https:\/\/uelzener.de\/magazin\/wir\/forsa-umfrage-corona-hat-nur-geringen-einfluss-auf-anschaffung-von-hunden-und-katzen\/#primaryimage","url":"https:\/\/uelzener.de\/magazin\/app\/uploads\/2021\/03\/GettyImages-1078098714-scaled-e1615880507921.jpg","contentUrl":"https:\/\/uelzener.de\/magazin\/app\/uploads\/2021\/03\/GettyImages-1078098714-scaled-e1615880507921.jpg","width":2560,"height":1280,"caption":"Golden Hound and British short-haired cat"},{"@type":"WebSite","@id":"https:\/\/uelzener.de\/magazin\/#website","url":"https:\/\/uelzener.de\/magazin\/","name":"Uelzener Tiermagazin","description":"Online Tierratgeber der Uelzener Versicherungen","publisher":{"@id":"https:\/\/uelzener.de\/magazin\/#organization"},"potentialAction":[{"@type":"SearchAction","target":{"@type":"EntryPoint","urlTemplate":"https:\/\/uelzener.de\/magazin\/?s={search_term_string}"},"query-input":{"@type":"PropertyValueSpecification","valueRequired":true,"valueName":"search_term_string"}}],"inLanguage":"de"},{"@type":"Organization","@id":"https:\/\/uelzener.de\/magazin\/#organization","name":"Uelzener Versicherungen","url":"https:\/\/uelzener.de\/magazin\/","logo":{"@type":"ImageObject","inLanguage":"de","@id":"https:\/\/uelzener.de\/magazin\/#\/schema\/logo\/image\/","url":"https:\/\/uelzener.de\/magazin\/app\/uploads\/2024\/11\/uelzener_allgemeine_versicherungsgesellschaft_a_g_logo.jpg","contentUrl":"https:\/\/uelzener.de\/magazin\/app\/uploads\/2024\/11\/uelzener_allgemeine_versicherungsgesellschaft_a_g_logo.jpg","width":200,"height":200,"caption":"Uelzener Versicherungen"},"image":{"@id":"https:\/\/uelzener.de\/magazin\/#\/schema\/logo\/image\/"},"sameAs":["https:\/\/www.facebook.com\/Uelzener","https:\/\/instagram.com\/uelzener","https:\/\/www.xing.com\/pages\/uelzenerallgemeineversicherungs-gesellschafta-g","https:\/\/www.youtube.com\/UelzenerVersicherungen"]}]}},"_links":{"self":[{"href":"https:\/\/uelzener.de\/magazin\/wp-json\/wp\/v2\/pages\/12317","targetHints":{"allow":["GET"]}}],"collection":[{"href":"https:\/\/uelzener.de\/magazin\/wp-json\/wp\/v2\/pages"}],"about":[{"href":"https:\/\/uelzener.de\/magazin\/wp-json\/wp\/v2\/types\/page"}],"author":[{"embeddable":true,"href":"https:\/\/uelzener.de\/magazin\/wp-json\/wp\/v2\/users\/3"}],"replies":[{"embeddable":true,"href":"https:\/\/uelzener.de\/magazin\/wp-json\/wp\/v2\/comments?post=12317"}],"version-history":[{"count":4,"href":"https:\/\/uelzener.de\/magazin\/wp-json\/wp\/v2\/pages\/12317\/revisions"}],"predecessor-version":[{"id":13880,"href":"https:\/\/uelzener.de\/magazin\/wp-json\/wp\/v2\/pages\/12317\/revisions\/13880"}],"up":[{"embeddable":true,"href":"https:\/\/uelzener.de\/magazin\/wp-json\/wp\/v2\/pages\/2469"}],"wp:featuredmedia":[{"embeddable":true,"href":"https:\/\/uelzener.de\/magazin\/wp-json\/wp\/v2\/media\/12319"}],"wp:attachment":[{"href":"https:\/\/uelzener.de\/magazin\/wp-json\/wp\/v2\/media?parent=12317"}],"curies":[{"name":"wp","href":"https:\/\/api.w.org\/{rel}","templated":true}]}}