{"id":12313,"date":"2021-03-16T08:26:05","date_gmt":"2021-03-16T07:26:05","guid":{"rendered":"https:\/\/uelzener.de\/magazin\/?page_id=12313"},"modified":"2023-11-03T14:24:09","modified_gmt":"2023-11-03T13:24:09","slug":"corona-tests-fuer-hunde-und-katzen","status":"publish","type":"page","link":"https:\/\/uelzener.de\/magazin\/wir\/corona-tests-fuer-hunde-und-katzen\/","title":{"rendered":"Corona-Tests f\u00fcr Hunde und Katzen"},"content":{"rendered":"<p><b>Nach Angaben des Friedrich-Loeffler-Instituts (FLI), dem Bundesforschungsinstitut f\u00fcr Tiergesundheit, besteht die M\u00f6glichkeit, dass sich ein Haustier durch engen Kontakt mit einem an Covid-19 erkrankten Menschen mit der Krankheit anstecken kann. Ob ein Tier infiziert ist, kann nur dann zuverl\u00e4ssig festgestellt werden, wenn es auf den Erreger SARS-CoV-2 getestet wird. Die Kosten hierf\u00fcr \u00fcbernehmen die Uelzener Versicherungen, einer der f\u00fchrenden Spezialversicherer f\u00fcr Tiere in Deutschland, im Rahmen der Krankenvollversicherung f\u00fcr Hunde und Katzen.<\/b><\/p>\n<p>Nach Angaben des Friedrich-Loeffler-Instituts (FLI) gibt es bislang keine Hinweise darauf, dass Haustiere SARS-CoV-2 auf den Menschen \u00fcbertragen. Umgekehrt k\u00f6nnen jedoch infizierte Menschen das Virus auf einige empf\u00e4ngliche Tierarten \u00fcbertragen. Hierzu z\u00e4hlen in erster Linie Katzen und Frettchen, in geringem Ma\u00dfe auch Hunde. Seit dem 3. Juli besteht eine Meldepflicht f\u00fcr infizierte Tiere. Diese richtet sich an die zust\u00e4ndigen Aufsichtsbeh\u00f6rden sowie an Tier\u00e4rzte. Sie dient dazu, weitere Erkenntnisse zu Infektion, \u00dcbertragung und Ausbreitung des Virus zu sammeln sowie die Anzahl der infizierten Tiere zu ermitteln. Eine allgemeine Verpflichtung f\u00fcr Tierhalter, ihre Haustiere testen zu lassen, besteht nicht.<\/p>\n<p>\u201eDie Gesundheit unserer tierischen Kunden liegt uns au\u00dferordentlich am Herzen. Gleichzeitig m\u00f6chten wir ihre Halter in diesen besonderen Zeiten bestm\u00f6glich entlasten und \u00fcbernehmen daher im Rahmen der Katzen-Krankenversicherung und der Hunde-Krankenversicherung die Kosten f\u00fcr alle medizinisch notwendigen Tests\u201c, betont Monika Freitag, Pressesprecherin der Uelzener Versicherungen.<\/p>\n\n<div class=\"banner\">\n    <a href=\"https:\/\/uelzener.de\/katze\/katzen-krankenversicherung\/?agt=0000104925&sem=true&utm_medium=magazin&utm_source=wordpress&utm_campaign=katze_kv&utm_content=banner\">\n        <img decoding=\"async\" width=\"300\" height=\"212\" src=\"https:\/\/uelzener.de\/magazin\/app\/uploads\/2025\/01\/Katzen-Kranken-Versicherung.jpg\" class=\"attachment-medium size-medium\" alt=\"Banner Katzen-Kranken-Versicherung\" \/>    <\/a>\n<\/div>\n\n\n<div class=\"banner\">\n    <a href=\"https:\/\/uelzener.de\/hund\/hunde-krankenversicherung\/?agt=0000104925&sem=true&utm_medium=magazin&utm_source=wordpress&utm_campaign=hund_kv&utm_content=banner\">\n        <img decoding=\"async\" width=\"300\" height=\"212\" src=\"https:\/\/uelzener.de\/magazin\/app\/uploads\/2025\/01\/Hunde-Kranken-Versicherung.jpg\" class=\"attachment-medium size-medium\" alt=\"Banner Hunde-Kranken-Versicherung\" \/>    <\/a>\n<\/div>\n\n<p>Ein Test f\u00fcr Hunde und Katzen sollte aber nur dann in Erw\u00e4gung gezogen werden, wenn ein Tier mit einem an Covid-19 erkrankten Menschen in engem Kontakt stand und Symptome wie Atemwegs- oder Magen-Darm-Probleme zeigt. In diesem Fall \u00fcbernehmen die Uelzener Versicherungen die Kosten f\u00fcr alle notwendigen Tests.<\/p>\n<p>Die Uelzener Versicherungen \u00fcbernehmen auch dann die Kosten, wenn an Covid-19 erkrankte Katzen- oder Hundehalter ihre Katze oder ihren Hund auf SARS-CoV-2 testen lassen m\u00f6chten. In diesem Fall sollte der Tierarzt nach Angaben des FLI die Probennahme und die Untersuchung beim zust\u00e4ndigen Veterin\u00e4ramt anmelden. Die Probenahme erfolgt dann durch eine daf\u00fcr qualifizierte und entsprechend gesch\u00fctzte Person im Haushalt der erkrankten Person.<\/p>\n<p>Tiere ohne Kontakt zu infizierten Personen und ohne Symptome k\u00f6nnen grunds\u00e4tzlich nach R\u00fccksprache mit dem Tierarzt und vorheriger Terminvereinbarung ebenfalls getestet werden. Dies wird jedoch seitens des FLI nicht bef\u00fcrwortet. Die Kosten f\u00fcr diese rein vorsorglichen Tests k\u00f6nnen daher von den Uelzener Versicherungen nicht \u00fcbernommen werden.<\/p>\n<p>Die Corona-Tests f\u00fcr Hunde und Katzen sind identisch mit dem, der beim Menschen durchgef\u00fchrt wird: Es werden Abstriche von der Rachen- und der Nasenschleimhaut genommen. Falls dies nicht m\u00f6glich ist, k\u00f6nnen notfalls Kotproben verwendet werden.<br \/>\nUm eine \u00dcbertragung von SARS-CoV-2 vom Menschen auf das Tier zu vermeiden, sollte ein infizierter Mensch den n\u00f6tigen Abstand zu seinem Tier wahren und die allgemeinen Hygienema\u00dfnahmen beachten. Die Pflege und Versorgung des Tieres sollte idealerweise eine andere im Haushalt lebende Person \u00fcbernehmen, die nicht infiziert ist.<\/p>\n","protected":false},"excerpt":{"rendered":"<p>Nach Angaben des Friedrich-Loeffler-Instituts (FLI), dem Bundesforschungsinstitut f\u00fcr Tiergesundheit, besteht die M\u00f6glichkeit, dass sich ein Haustier durch engen Kontakt mit einem an Covid-19 erkrankten Menschen mit der Krankheit anstecken kann. Ob ein Tier infiziert ist, kann nur dann zuverl\u00e4ssig festgestellt werden, wenn es auf den Erreger SARS-CoV-2 getestet wird. Die Kosten hierf\u00fcr \u00fcbernehmen die Uelzener [&hellip;]<\/p>\n","protected":false},"author":3,"featured_media":12316,"parent":2469,"menu_order":21,"comment_status":"closed","ping_status":"closed","template":"templates\/blog.php","meta":{"_acf_changed":false,"_crdt_document":"","footnotes":"","beyondwords_generate_audio":"0","beyondwords_project_id":"","beyondwords_content_id":"","beyondwords_preview_token":"","beyondwords_player_style":"","beyondwords_language_id":"","beyondwords_title_voice_id":"","beyondwords_body_voice_id":"","beyondwords_summary_voice_id":"","beyondwords_error_message":"","beyondwords_disabled":"","beyondwords_delete_content":"","beyondwords_podcast_id":"","beyondwords_hash":"","publish_post_to_speechkit":"","speechkit_hash":"","speechkit_generate_audio":"","speechkit_project_id":"","speechkit_podcast_id":"","speechkit_error_message":"","speechkit_disabled":"","speechkit_access_key":"","speechkit_error":"","speechkit_info":"","speechkit_response":"","speechkit_retries":"","speechkit_status":"","speechkit_updated_at":"","_speechkit_link":"","_speechkit_text":""},"class_list":["post-12313","page","type-page","status-publish","has-post-thumbnail","hentry"],"acf":[],"yoast_head":"<!-- This site is optimized with the Yoast SEO Premium plugin  - https:\/\/yoast.com\/product\/yoast-seo-premium-wordpress\/ -->\n<title>Corona-Tests f\u00fcr Hunde und Katzen | Uelzener Magazin<\/title>\n<meta name=\"description\" content=\"Der Corona-Test f\u00fcr Hunde und Katzen ist identisch mit dem, der beim Menschen durchgef\u00fchrt wird. Ist er allerdings \u00fcberhaupt notwendig?\" \/>\n<meta name=\"robots\" content=\"index, follow, max-snippet:-1, max-image-preview:large, max-video-preview:-1\" \/>\n<link rel=\"canonical\" href=\"https:\/\/uelzener.de\/magazin\/wir\/corona-tests-fuer-hunde-und-katzen\/\" \/>\n<meta property=\"og:locale\" content=\"de_DE\" \/>\n<meta property=\"og:type\" content=\"article\" \/>\n<meta property=\"og:title\" content=\"Corona-Tests f\u00fcr Hunde und Katzen\" \/>\n<meta property=\"og:description\" content=\"Der Corona-Test f\u00fcr Hunde und Katzen ist identisch mit dem, der beim Menschen durchgef\u00fchrt wird. Ist er allerdings \u00fcberhaupt notwendig?\" \/>\n<meta property=\"og:url\" content=\"https:\/\/uelzener.de\/magazin\/wir\/corona-tests-fuer-hunde-und-katzen\/\" \/>\n<meta property=\"og:site_name\" content=\"Uelzener Tier-Magazin\" \/>\n<meta property=\"article:publisher\" content=\"https:\/\/www.facebook.com\/Uelzener\" \/>\n<meta property=\"article:modified_time\" content=\"2023-11-03T13:24:09+00:00\" \/>\n<meta property=\"og:image\" content=\"https:\/\/uelzener.de\/magazin\/app\/uploads\/2021\/03\/Uelzener_Coronatest_Haustiere-1-scaled-e1615879900304.jpg\" \/>\n\t<meta property=\"og:image:width\" content=\"2560\" \/>\n\t<meta property=\"og:image:height\" content=\"1280\" \/>\n\t<meta property=\"og:image:type\" content=\"image\/jpeg\" \/>\n<meta name=\"twitter:card\" content=\"summary_large_image\" \/>\n<meta name=\"twitter:label1\" content=\"Gesch\u00e4tzte Lesezeit\" \/>\n\t<meta name=\"twitter:data1\" content=\"2\u00a0Minuten\" \/>\n<script type=\"application\/ld+json\" class=\"yoast-schema-graph\">{\"@context\":\"https:\/\/schema.org\",\"@graph\":[{\"@type\":\"WebPage\",\"@id\":\"https:\/\/uelzener.de\/magazin\/wir\/corona-tests-fuer-hunde-und-katzen\/\",\"url\":\"https:\/\/uelzener.de\/magazin\/wir\/corona-tests-fuer-hunde-und-katzen\/\",\"name\":\"Corona-Tests f\u00fcr Hunde und Katzen | Uelzener Magazin\",\"isPartOf\":{\"@id\":\"https:\/\/uelzener.de\/magazin\/#website\"},\"primaryImageOfPage\":{\"@id\":\"https:\/\/uelzener.de\/magazin\/wir\/corona-tests-fuer-hunde-und-katzen\/#primaryimage\"},\"image\":{\"@id\":\"https:\/\/uelzener.de\/magazin\/wir\/corona-tests-fuer-hunde-und-katzen\/#primaryimage\"},\"thumbnailUrl\":\"https:\/\/uelzener.de\/magazin\/app\/uploads\/2021\/03\/Uelzener_Coronatest_Haustiere-1-scaled-e1615879900304.jpg\",\"datePublished\":\"2021-03-16T07:26:05+00:00\",\"dateModified\":\"2023-11-03T13:24:09+00:00\",\"description\":\"Der Corona-Test f\u00fcr Hunde und Katzen ist identisch mit dem, der beim Menschen durchgef\u00fchrt wird. Ist er allerdings \u00fcberhaupt notwendig?\",\"breadcrumb\":{\"@id\":\"https:\/\/uelzener.de\/magazin\/wir\/corona-tests-fuer-hunde-und-katzen\/#breadcrumb\"},\"inLanguage\":\"de\",\"potentialAction\":[{\"@type\":\"ReadAction\",\"target\":[\"https:\/\/uelzener.de\/magazin\/wir\/corona-tests-fuer-hunde-und-katzen\/\"]}]},{\"@type\":\"ImageObject\",\"inLanguage\":\"de\",\"@id\":\"https:\/\/uelzener.de\/magazin\/wir\/corona-tests-fuer-hunde-und-katzen\/#primaryimage\",\"url\":\"https:\/\/uelzener.de\/magazin\/app\/uploads\/2021\/03\/Uelzener_Coronatest_Haustiere-1-scaled-e1615879900304.jpg\",\"contentUrl\":\"https:\/\/uelzener.de\/magazin\/app\/uploads\/2021\/03\/Uelzener_Coronatest_Haustiere-1-scaled-e1615879900304.jpg\",\"width\":2560,\"height\":1280,\"caption\":\"Helle Katze wird gestreichelt\"},{\"@type\":\"WebSite\",\"@id\":\"https:\/\/uelzener.de\/magazin\/#website\",\"url\":\"https:\/\/uelzener.de\/magazin\/\",\"name\":\"Uelzener Tiermagazin\",\"description\":\"Online Tierratgeber der Uelzener Versicherungen\",\"publisher\":{\"@id\":\"https:\/\/uelzener.de\/magazin\/#organization\"},\"potentialAction\":[{\"@type\":\"SearchAction\",\"target\":{\"@type\":\"EntryPoint\",\"urlTemplate\":\"https:\/\/uelzener.de\/magazin\/?s={search_term_string}\"},\"query-input\":{\"@type\":\"PropertyValueSpecification\",\"valueRequired\":true,\"valueName\":\"search_term_string\"}}],\"inLanguage\":\"de\"},{\"@type\":\"Organization\",\"@id\":\"https:\/\/uelzener.de\/magazin\/#organization\",\"name\":\"Uelzener Versicherungen\",\"url\":\"https:\/\/uelzener.de\/magazin\/\",\"logo\":{\"@type\":\"ImageObject\",\"inLanguage\":\"de\",\"@id\":\"https:\/\/uelzener.de\/magazin\/#\/schema\/logo\/image\/\",\"url\":\"https:\/\/uelzener.de\/magazin\/app\/uploads\/2024\/11\/uelzener_allgemeine_versicherungsgesellschaft_a_g_logo.jpg\",\"contentUrl\":\"https:\/\/uelzener.de\/magazin\/app\/uploads\/2024\/11\/uelzener_allgemeine_versicherungsgesellschaft_a_g_logo.jpg\",\"width\":200,\"height\":200,\"caption\":\"Uelzener Versicherungen\"},\"image\":{\"@id\":\"https:\/\/uelzener.de\/magazin\/#\/schema\/logo\/image\/\"},\"sameAs\":[\"https:\/\/www.facebook.com\/Uelzener\",\"https:\/\/instagram.com\/uelzener\",\"https:\/\/www.xing.com\/pages\/uelzenerallgemeineversicherungs-gesellschafta-g\",\"https:\/\/www.youtube.com\/UelzenerVersicherungen\"]}]}<\/script>\n<!-- \/ Yoast SEO Premium plugin. -->","yoast_head_json":{"title":"Corona-Tests f\u00fcr Hunde und Katzen | Uelzener Magazin","description":"Der Corona-Test f\u00fcr Hunde und Katzen ist identisch mit dem, der beim Menschen durchgef\u00fchrt wird. Ist er allerdings \u00fcberhaupt notwendig?","robots":{"index":"index","follow":"follow","max-snippet":"max-snippet:-1","max-image-preview":"max-image-preview:large","max-video-preview":"max-video-preview:-1"},"canonical":"https:\/\/uelzener.de\/magazin\/wir\/corona-tests-fuer-hunde-und-katzen\/","og_locale":"de_DE","og_type":"article","og_title":"Corona-Tests f\u00fcr Hunde und Katzen","og_description":"Der Corona-Test f\u00fcr Hunde und Katzen ist identisch mit dem, der beim Menschen durchgef\u00fchrt wird. Ist er allerdings \u00fcberhaupt notwendig?","og_url":"https:\/\/uelzener.de\/magazin\/wir\/corona-tests-fuer-hunde-und-katzen\/","og_site_name":"Uelzener Tier-Magazin","article_publisher":"https:\/\/www.facebook.com\/Uelzener","article_modified_time":"2023-11-03T13:24:09+00:00","og_image":[{"width":2560,"height":1280,"url":"https:\/\/uelzener.de\/magazin\/app\/uploads\/2021\/03\/Uelzener_Coronatest_Haustiere-1-scaled-e1615879900304.jpg","type":"image\/jpeg"}],"twitter_card":"summary_large_image","twitter_misc":{"Gesch\u00e4tzte Lesezeit":"2\u00a0Minuten"},"schema":{"@context":"https:\/\/schema.org","@graph":[{"@type":"WebPage","@id":"https:\/\/uelzener.de\/magazin\/wir\/corona-tests-fuer-hunde-und-katzen\/","url":"https:\/\/uelzener.de\/magazin\/wir\/corona-tests-fuer-hunde-und-katzen\/","name":"Corona-Tests f\u00fcr Hunde und Katzen | Uelzener Magazin","isPartOf":{"@id":"https:\/\/uelzener.de\/magazin\/#website"},"primaryImageOfPage":{"@id":"https:\/\/uelzener.de\/magazin\/wir\/corona-tests-fuer-hunde-und-katzen\/#primaryimage"},"image":{"@id":"https:\/\/uelzener.de\/magazin\/wir\/corona-tests-fuer-hunde-und-katzen\/#primaryimage"},"thumbnailUrl":"https:\/\/uelzener.de\/magazin\/app\/uploads\/2021\/03\/Uelzener_Coronatest_Haustiere-1-scaled-e1615879900304.jpg","datePublished":"2021-03-16T07:26:05+00:00","dateModified":"2023-11-03T13:24:09+00:00","description":"Der Corona-Test f\u00fcr Hunde und Katzen ist identisch mit dem, der beim Menschen durchgef\u00fchrt wird. Ist er allerdings \u00fcberhaupt notwendig?","breadcrumb":{"@id":"https:\/\/uelzener.de\/magazin\/wir\/corona-tests-fuer-hunde-und-katzen\/#breadcrumb"},"inLanguage":"de","potentialAction":[{"@type":"ReadAction","target":["https:\/\/uelzener.de\/magazin\/wir\/corona-tests-fuer-hunde-und-katzen\/"]}]},{"@type":"ImageObject","inLanguage":"de","@id":"https:\/\/uelzener.de\/magazin\/wir\/corona-tests-fuer-hunde-und-katzen\/#primaryimage","url":"https:\/\/uelzener.de\/magazin\/app\/uploads\/2021\/03\/Uelzener_Coronatest_Haustiere-1-scaled-e1615879900304.jpg","contentUrl":"https:\/\/uelzener.de\/magazin\/app\/uploads\/2021\/03\/Uelzener_Coronatest_Haustiere-1-scaled-e1615879900304.jpg","width":2560,"height":1280,"caption":"Helle Katze wird gestreichelt"},{"@type":"WebSite","@id":"https:\/\/uelzener.de\/magazin\/#website","url":"https:\/\/uelzener.de\/magazin\/","name":"Uelzener Tiermagazin","description":"Online Tierratgeber der Uelzener Versicherungen","publisher":{"@id":"https:\/\/uelzener.de\/magazin\/#organization"},"potentialAction":[{"@type":"SearchAction","target":{"@type":"EntryPoint","urlTemplate":"https:\/\/uelzener.de\/magazin\/?s={search_term_string}"},"query-input":{"@type":"PropertyValueSpecification","valueRequired":true,"valueName":"search_term_string"}}],"inLanguage":"de"},{"@type":"Organization","@id":"https:\/\/uelzener.de\/magazin\/#organization","name":"Uelzener Versicherungen","url":"https:\/\/uelzener.de\/magazin\/","logo":{"@type":"ImageObject","inLanguage":"de","@id":"https:\/\/uelzener.de\/magazin\/#\/schema\/logo\/image\/","url":"https:\/\/uelzener.de\/magazin\/app\/uploads\/2024\/11\/uelzener_allgemeine_versicherungsgesellschaft_a_g_logo.jpg","contentUrl":"https:\/\/uelzener.de\/magazin\/app\/uploads\/2024\/11\/uelzener_allgemeine_versicherungsgesellschaft_a_g_logo.jpg","width":200,"height":200,"caption":"Uelzener Versicherungen"},"image":{"@id":"https:\/\/uelzener.de\/magazin\/#\/schema\/logo\/image\/"},"sameAs":["https:\/\/www.facebook.com\/Uelzener","https:\/\/instagram.com\/uelzener","https:\/\/www.xing.com\/pages\/uelzenerallgemeineversicherungs-gesellschafta-g","https:\/\/www.youtube.com\/UelzenerVersicherungen"]}]}},"_links":{"self":[{"href":"https:\/\/uelzener.de\/magazin\/wp-json\/wp\/v2\/pages\/12313","targetHints":{"allow":["GET"]}}],"collection":[{"href":"https:\/\/uelzener.de\/magazin\/wp-json\/wp\/v2\/pages"}],"about":[{"href":"https:\/\/uelzener.de\/magazin\/wp-json\/wp\/v2\/types\/page"}],"author":[{"embeddable":true,"href":"https:\/\/uelzener.de\/magazin\/wp-json\/wp\/v2\/users\/3"}],"replies":[{"embeddable":true,"href":"https:\/\/uelzener.de\/magazin\/wp-json\/wp\/v2\/comments?post=12313"}],"version-history":[{"count":8,"href":"https:\/\/uelzener.de\/magazin\/wp-json\/wp\/v2\/pages\/12313\/revisions"}],"predecessor-version":[{"id":16593,"href":"https:\/\/uelzener.de\/magazin\/wp-json\/wp\/v2\/pages\/12313\/revisions\/16593"}],"up":[{"embeddable":true,"href":"https:\/\/uelzener.de\/magazin\/wp-json\/wp\/v2\/pages\/2469"}],"wp:featuredmedia":[{"embeddable":true,"href":"https:\/\/uelzener.de\/magazin\/wp-json\/wp\/v2\/media\/12316"}],"wp:attachment":[{"href":"https:\/\/uelzener.de\/magazin\/wp-json\/wp\/v2\/media?parent=12313"}],"curies":[{"name":"wp","href":"https:\/\/api.w.org\/{rel}","templated":true}]}}