{"id":10290,"date":"2014-12-02T00:00:00","date_gmt":"2014-12-02T00:00:00","guid":{"rendered":""},"modified":"2024-01-02T11:34:50","modified_gmt":"2024-01-02T10:34:50","slug":"beschaeftigung-fuer-pferde-auf-dem-paddock","status":"publish","type":"page","link":"https:\/\/uelzener.de\/magazin\/pferd\/erziehung-und-training\/beschaeftigung-fuer-pferde-auf-dem-paddock\/","title":{"rendered":"Besch\u00e4ftigung f\u00fcr Pferde auf dem Paddock"},"content":{"rendered":"<p><strong>Wildpferde sind von Natur aus den ganzen Tag in Bewegung, um entweder Futter zu suchen oder zur Wasserstelle zu wandern. Diese M\u00f6glichkeiten k\u00f6nnen die meisten Reiter ihrem Pferd zumindest im Winter nicht bieten. Was also tun, wenn sich die Langeweile im Paddock breit macht?<\/strong><\/p>\n<p>Nat\u00fcrlich kann man seinem Pferd Ablenkungen wie zum Beispiel Horseb\u00e4lle anbieten. Allerdings verlieren viele Pferde schnell das Interesse an diesen Dingen, die dann nur noch nutzlos im Paddock herum liegen. Auch besteht die Gefahr, dass eins der Pferde den Ball zwischen die Beine bekommt und sich verletzt. Eine andere M\u00f6glichkeit ist, das Paddock abwechslungsreicher zu gestalten. Futter- und Wasserstellen k\u00f6nnen weit voneinander getrennt angelegt werden, so dass die Pferde sich bewegen m\u00fcssen. Raufutter sollte \u00fcber den Tag verteilt in mehreren Portionen und an verschiedenen Pl\u00e4tzen angeboten werden. Praktisch sind engmaschige Heunetze, da sie die Fress- und damit die Besch\u00e4ftigungszeit verl\u00e4ngern. Zwischen den Heugaben kann man als weitere Besch\u00e4ftigung ein \u201eKnabberangebot\u201c mit Stroh oder \u00c4sten anbieten.<\/p>\n<p>Knabberholz kann im Paddock an trockenen Stellen ausgelegt werden. Allerdings ist hier Sorgfalt angebracht: Nur zweifelsfrei als ungiftig erkannte Arten d\u00fcrfen angeboten werden. Vorsicht ist vor allem bei den immergr\u00fcnen Geh\u00f6lzen geboten. Eibe<em>,<\/em> Thuja, Liguster und Buchsbaum sind Giftpflanzen, ebenso wie Kirschlorbeer und Stechpalme\/Ilex<em>.<\/em> Bei Nadelh\u00f6lzern wie Fichte und Tanne sollten nur kleine Mengen angeboten werden, da die enthaltenen Tannine Verdauungsbeschwerden ausl\u00f6sen k\u00f6nnen.<\/p>\n<p>Auch bei den Laubb\u00e4umen ist nicht alles vertr\u00e4glich: Nicht geeignet ist die stark giftige Robinie oder Scheinakazie, ebenso wie Eiche<em>,<\/em> Buche und Walnuss. Auch bei Ahorn-Arten ist Vorsicht geboten: Bl\u00e4tter und Samen mit Pilzbefall stehen im Verdacht, ein m\u00f6glicher Ausl\u00f6ser f\u00fcr die <strong><a href=\"https:\/\/www.uelzener.de\/blog\/tier\/weidemyopathie-toedliche-gefahr-fuer-pferde.html\" target=\"_blank\" rel=\"noopener\">\u201eAtypische Weidemyopathie\u201c<\/a><\/strong> zu sein. \u00c4ste von Wei\u00dfdorn, Linde, Ulme, Birke, Hasel, Pappel und Weide k\u00f6nnen hingegen gefahrlos angeboten werden. Auch Obstbaumarten sind f\u00fcr Pferde geeignet. Gerne geknabbert wird auch das Laub von Himbeere und Brombeere. Wichtig ist, dass Pferde, denen \u00c4ste zum Knabbern vorgelegt werden, vorher mit ausreichend Raufutter versorgt wurden, damit sie nicht zu hastig schlingen. Vorsicht ist auch bei <a href=\"https:\/\/uelzener.de\/magazin\/pferd\/tiergesundheit\/zahnkrankheiten-pferd\/\">Pferden mit Zahnproblemen<\/a> oder im Zahnwechsel geboten. Schlecht zerkautes Holz kann unter anderem zu Schlundverstopfungen f\u00fchren. Aus demselben Grund sollten auch keine zu kleinen Zweige vorgelegt werden.<\/p>\n<p>Mit ein paar kleinen Ver\u00e4nderungen l\u00e4sst sich das Paddockleben also durchaus auch im Winter interessanter gestalten. So kommt garantiert keine Langeweile auf.<\/p>\n","protected":false},"excerpt":{"rendered":"<p>Wildpferde sind von Natur aus den ganzen Tag in Bewegung, um entweder Futter zu suchen oder zur Wasserstelle zu wandern. Diese M\u00f6glichkeiten k\u00f6nnen die meisten Reiter ihrem Pferd zumindest im Winter nicht bieten. Was also tun, wenn sich die Langeweile im Paddock breit macht? Nat\u00fcrlich kann man seinem Pferd Ablenkungen wie zum Beispiel Horseb\u00e4lle anbieten. [&hellip;]<\/p>\n","protected":false},"author":1,"featured_media":10879,"parent":11689,"menu_order":42,"comment_status":"open","ping_status":"open","template":"templates\/blog.php","meta":{"_acf_changed":false,"_crdt_document":"","footnotes":"","beyondwords_generate_audio":"0","beyondwords_project_id":"","beyondwords_content_id":"","beyondwords_preview_token":"","beyondwords_player_style":"","beyondwords_language_id":"","beyondwords_title_voice_id":"","beyondwords_body_voice_id":"","beyondwords_summary_voice_id":"","beyondwords_error_message":"","beyondwords_disabled":"","beyondwords_delete_content":"","beyondwords_podcast_id":"","beyondwords_hash":"","publish_post_to_speechkit":"","speechkit_hash":"","speechkit_generate_audio":"","speechkit_project_id":"","speechkit_podcast_id":"","speechkit_error_message":"","speechkit_disabled":"","speechkit_access_key":"","speechkit_error":"","speechkit_info":"","speechkit_response":"","speechkit_retries":"","speechkit_status":"","speechkit_updated_at":"","_speechkit_link":"","_speechkit_text":""},"class_list":["post-10290","page","type-page","status-publish","has-post-thumbnail","hentry"],"acf":[],"yoast_head":"<!-- This site is optimized with the Yoast SEO Premium plugin  - https:\/\/yoast.com\/product\/yoast-seo-premium-wordpress\/ -->\n<title>Besch\u00e4ftigung f\u00fcr Pferde auf dem Paddock | Uelzener<\/title>\n<meta name=\"description\" content=\"Wir zeigen Dir, wie Du Deinem Pferd auf dem Paddock sinnvolle Besch\u00e4ftigung bieten kannst! \u25b6 Hier informieren!\" \/>\n<meta name=\"robots\" content=\"index, follow, max-snippet:-1, max-image-preview:large, max-video-preview:-1\" \/>\n<link rel=\"canonical\" href=\"https:\/\/uelzener.de\/magazin\/pferd\/erziehung-und-training\/beschaeftigung-fuer-pferde-auf-dem-paddock\/\" \/>\n<meta property=\"og:locale\" content=\"de_DE\" \/>\n<meta property=\"og:type\" content=\"article\" \/>\n<meta property=\"og:title\" content=\"Besch\u00e4ftigung f\u00fcr Pferde auf dem Paddock\" \/>\n<meta property=\"og:description\" content=\"Wir zeigen Dir, wie Du Deinem Pferd auf dem Paddock sinnvolle Besch\u00e4ftigung bieten kannst! \u25b6 Hier informieren!\" \/>\n<meta property=\"og:url\" content=\"https:\/\/uelzener.de\/magazin\/pferd\/erziehung-und-training\/beschaeftigung-fuer-pferde-auf-dem-paddock\/\" \/>\n<meta property=\"og:site_name\" content=\"Uelzener Tier-Magazin\" \/>\n<meta property=\"article:publisher\" content=\"https:\/\/www.facebook.com\/Uelzener\" \/>\n<meta property=\"article:modified_time\" content=\"2024-01-02T10:34:50+00:00\" \/>\n<meta property=\"og:image\" content=\"https:\/\/uelzener.de\/magazin\/app\/uploads\/2014\/12\/651c2108-7a97-4a1f-9c33-2f549541e37b.jpg\" \/>\n\t<meta property=\"og:image:width\" content=\"650\" \/>\n\t<meta property=\"og:image:height\" content=\"432\" \/>\n\t<meta property=\"og:image:type\" content=\"image\/jpeg\" \/>\n<meta name=\"twitter:card\" content=\"summary_large_image\" \/>\n<meta name=\"twitter:label1\" content=\"Gesch\u00e4tzte Lesezeit\" \/>\n\t<meta name=\"twitter:data1\" content=\"2\u00a0Minuten\" \/>\n<script type=\"application\/ld+json\" class=\"yoast-schema-graph\">{\"@context\":\"https:\/\/schema.org\",\"@graph\":[{\"@type\":\"WebPage\",\"@id\":\"https:\/\/uelzener.de\/magazin\/pferd\/erziehung-und-training\/beschaeftigung-fuer-pferde-auf-dem-paddock\/\",\"url\":\"https:\/\/uelzener.de\/magazin\/pferd\/erziehung-und-training\/beschaeftigung-fuer-pferde-auf-dem-paddock\/\",\"name\":\"Besch\u00e4ftigung f\u00fcr Pferde auf dem Paddock | Uelzener\",\"isPartOf\":{\"@id\":\"https:\/\/uelzener.de\/magazin\/#website\"},\"primaryImageOfPage\":{\"@id\":\"https:\/\/uelzener.de\/magazin\/pferd\/erziehung-und-training\/beschaeftigung-fuer-pferde-auf-dem-paddock\/#primaryimage\"},\"image\":{\"@id\":\"https:\/\/uelzener.de\/magazin\/pferd\/erziehung-und-training\/beschaeftigung-fuer-pferde-auf-dem-paddock\/#primaryimage\"},\"thumbnailUrl\":\"https:\/\/uelzener.de\/magazin\/app\/uploads\/2014\/12\/651c2108-7a97-4a1f-9c33-2f549541e37b.jpg\",\"datePublished\":\"2014-12-02T00:00:00+00:00\",\"dateModified\":\"2024-01-02T10:34:50+00:00\",\"description\":\"Wir zeigen Dir, wie Du Deinem Pferd auf dem Paddock sinnvolle Besch\u00e4ftigung bieten kannst! \u25b6 Hier informieren!\",\"breadcrumb\":{\"@id\":\"https:\/\/uelzener.de\/magazin\/pferd\/erziehung-und-training\/beschaeftigung-fuer-pferde-auf-dem-paddock\/#breadcrumb\"},\"inLanguage\":\"de\",\"potentialAction\":[{\"@type\":\"ReadAction\",\"target\":[\"https:\/\/uelzener.de\/magazin\/pferd\/erziehung-und-training\/beschaeftigung-fuer-pferde-auf-dem-paddock\/\"]}]},{\"@type\":\"ImageObject\",\"inLanguage\":\"de\",\"@id\":\"https:\/\/uelzener.de\/magazin\/pferd\/erziehung-und-training\/beschaeftigung-fuer-pferde-auf-dem-paddock\/#primaryimage\",\"url\":\"https:\/\/uelzener.de\/magazin\/app\/uploads\/2014\/12\/651c2108-7a97-4a1f-9c33-2f549541e37b.jpg\",\"contentUrl\":\"https:\/\/uelzener.de\/magazin\/app\/uploads\/2014\/12\/651c2108-7a97-4a1f-9c33-2f549541e37b.jpg\",\"width\":650,\"height\":432,\"caption\":\"Der Paddock ist eine gute M\u00f6glichkeit, sein Pferd zu besch\u00e4ftigen.\"},{\"@type\":\"WebSite\",\"@id\":\"https:\/\/uelzener.de\/magazin\/#website\",\"url\":\"https:\/\/uelzener.de\/magazin\/\",\"name\":\"Uelzener Tiermagazin\",\"description\":\"Online Tierratgeber der Uelzener Versicherungen\",\"publisher\":{\"@id\":\"https:\/\/uelzener.de\/magazin\/#organization\"},\"potentialAction\":[{\"@type\":\"SearchAction\",\"target\":{\"@type\":\"EntryPoint\",\"urlTemplate\":\"https:\/\/uelzener.de\/magazin\/?s={search_term_string}\"},\"query-input\":{\"@type\":\"PropertyValueSpecification\",\"valueRequired\":true,\"valueName\":\"search_term_string\"}}],\"inLanguage\":\"de\"},{\"@type\":\"Organization\",\"@id\":\"https:\/\/uelzener.de\/magazin\/#organization\",\"name\":\"Uelzener Versicherungen\",\"url\":\"https:\/\/uelzener.de\/magazin\/\",\"logo\":{\"@type\":\"ImageObject\",\"inLanguage\":\"de\",\"@id\":\"https:\/\/uelzener.de\/magazin\/#\/schema\/logo\/image\/\",\"url\":\"https:\/\/uelzener.de\/magazin\/app\/uploads\/2024\/11\/uelzener_allgemeine_versicherungsgesellschaft_a_g_logo.jpg\",\"contentUrl\":\"https:\/\/uelzener.de\/magazin\/app\/uploads\/2024\/11\/uelzener_allgemeine_versicherungsgesellschaft_a_g_logo.jpg\",\"width\":200,\"height\":200,\"caption\":\"Uelzener Versicherungen\"},\"image\":{\"@id\":\"https:\/\/uelzener.de\/magazin\/#\/schema\/logo\/image\/\"},\"sameAs\":[\"https:\/\/www.facebook.com\/Uelzener\",\"https:\/\/instagram.com\/uelzener\",\"https:\/\/www.xing.com\/pages\/uelzenerallgemeineversicherungs-gesellschafta-g\",\"https:\/\/www.youtube.com\/UelzenerVersicherungen\"]}]}<\/script>\n<!-- \/ Yoast SEO Premium plugin. -->","yoast_head_json":{"title":"Besch\u00e4ftigung f\u00fcr Pferde auf dem Paddock | Uelzener","description":"Wir zeigen Dir, wie Du Deinem Pferd auf dem Paddock sinnvolle Besch\u00e4ftigung bieten kannst! \u25b6 Hier informieren!","robots":{"index":"index","follow":"follow","max-snippet":"max-snippet:-1","max-image-preview":"max-image-preview:large","max-video-preview":"max-video-preview:-1"},"canonical":"https:\/\/uelzener.de\/magazin\/pferd\/erziehung-und-training\/beschaeftigung-fuer-pferde-auf-dem-paddock\/","og_locale":"de_DE","og_type":"article","og_title":"Besch\u00e4ftigung f\u00fcr Pferde auf dem Paddock","og_description":"Wir zeigen Dir, wie Du Deinem Pferd auf dem Paddock sinnvolle Besch\u00e4ftigung bieten kannst! \u25b6 Hier informieren!","og_url":"https:\/\/uelzener.de\/magazin\/pferd\/erziehung-und-training\/beschaeftigung-fuer-pferde-auf-dem-paddock\/","og_site_name":"Uelzener Tier-Magazin","article_publisher":"https:\/\/www.facebook.com\/Uelzener","article_modified_time":"2024-01-02T10:34:50+00:00","og_image":[{"width":650,"height":432,"url":"https:\/\/uelzener.de\/magazin\/app\/uploads\/2014\/12\/651c2108-7a97-4a1f-9c33-2f549541e37b.jpg","type":"image\/jpeg"}],"twitter_card":"summary_large_image","twitter_misc":{"Gesch\u00e4tzte Lesezeit":"2\u00a0Minuten"},"schema":{"@context":"https:\/\/schema.org","@graph":[{"@type":"WebPage","@id":"https:\/\/uelzener.de\/magazin\/pferd\/erziehung-und-training\/beschaeftigung-fuer-pferde-auf-dem-paddock\/","url":"https:\/\/uelzener.de\/magazin\/pferd\/erziehung-und-training\/beschaeftigung-fuer-pferde-auf-dem-paddock\/","name":"Besch\u00e4ftigung f\u00fcr Pferde auf dem Paddock | Uelzener","isPartOf":{"@id":"https:\/\/uelzener.de\/magazin\/#website"},"primaryImageOfPage":{"@id":"https:\/\/uelzener.de\/magazin\/pferd\/erziehung-und-training\/beschaeftigung-fuer-pferde-auf-dem-paddock\/#primaryimage"},"image":{"@id":"https:\/\/uelzener.de\/magazin\/pferd\/erziehung-und-training\/beschaeftigung-fuer-pferde-auf-dem-paddock\/#primaryimage"},"thumbnailUrl":"https:\/\/uelzener.de\/magazin\/app\/uploads\/2014\/12\/651c2108-7a97-4a1f-9c33-2f549541e37b.jpg","datePublished":"2014-12-02T00:00:00+00:00","dateModified":"2024-01-02T10:34:50+00:00","description":"Wir zeigen Dir, wie Du Deinem Pferd auf dem Paddock sinnvolle Besch\u00e4ftigung bieten kannst! \u25b6 Hier informieren!","breadcrumb":{"@id":"https:\/\/uelzener.de\/magazin\/pferd\/erziehung-und-training\/beschaeftigung-fuer-pferde-auf-dem-paddock\/#breadcrumb"},"inLanguage":"de","potentialAction":[{"@type":"ReadAction","target":["https:\/\/uelzener.de\/magazin\/pferd\/erziehung-und-training\/beschaeftigung-fuer-pferde-auf-dem-paddock\/"]}]},{"@type":"ImageObject","inLanguage":"de","@id":"https:\/\/uelzener.de\/magazin\/pferd\/erziehung-und-training\/beschaeftigung-fuer-pferde-auf-dem-paddock\/#primaryimage","url":"https:\/\/uelzener.de\/magazin\/app\/uploads\/2014\/12\/651c2108-7a97-4a1f-9c33-2f549541e37b.jpg","contentUrl":"https:\/\/uelzener.de\/magazin\/app\/uploads\/2014\/12\/651c2108-7a97-4a1f-9c33-2f549541e37b.jpg","width":650,"height":432,"caption":"Der Paddock ist eine gute M\u00f6glichkeit, sein Pferd zu besch\u00e4ftigen."},{"@type":"WebSite","@id":"https:\/\/uelzener.de\/magazin\/#website","url":"https:\/\/uelzener.de\/magazin\/","name":"Uelzener Tiermagazin","description":"Online Tierratgeber der Uelzener Versicherungen","publisher":{"@id":"https:\/\/uelzener.de\/magazin\/#organization"},"potentialAction":[{"@type":"SearchAction","target":{"@type":"EntryPoint","urlTemplate":"https:\/\/uelzener.de\/magazin\/?s={search_term_string}"},"query-input":{"@type":"PropertyValueSpecification","valueRequired":true,"valueName":"search_term_string"}}],"inLanguage":"de"},{"@type":"Organization","@id":"https:\/\/uelzener.de\/magazin\/#organization","name":"Uelzener Versicherungen","url":"https:\/\/uelzener.de\/magazin\/","logo":{"@type":"ImageObject","inLanguage":"de","@id":"https:\/\/uelzener.de\/magazin\/#\/schema\/logo\/image\/","url":"https:\/\/uelzener.de\/magazin\/app\/uploads\/2024\/11\/uelzener_allgemeine_versicherungsgesellschaft_a_g_logo.jpg","contentUrl":"https:\/\/uelzener.de\/magazin\/app\/uploads\/2024\/11\/uelzener_allgemeine_versicherungsgesellschaft_a_g_logo.jpg","width":200,"height":200,"caption":"Uelzener Versicherungen"},"image":{"@id":"https:\/\/uelzener.de\/magazin\/#\/schema\/logo\/image\/"},"sameAs":["https:\/\/www.facebook.com\/Uelzener","https:\/\/instagram.com\/uelzener","https:\/\/www.xing.com\/pages\/uelzenerallgemeineversicherungs-gesellschafta-g","https:\/\/www.youtube.com\/UelzenerVersicherungen"]}]}},"_links":{"self":[{"href":"https:\/\/uelzener.de\/magazin\/wp-json\/wp\/v2\/pages\/10290","targetHints":{"allow":["GET"]}}],"collection":[{"href":"https:\/\/uelzener.de\/magazin\/wp-json\/wp\/v2\/pages"}],"about":[{"href":"https:\/\/uelzener.de\/magazin\/wp-json\/wp\/v2\/types\/page"}],"author":[{"embeddable":true,"href":"https:\/\/uelzener.de\/magazin\/wp-json\/wp\/v2\/users\/1"}],"replies":[{"embeddable":true,"href":"https:\/\/uelzener.de\/magazin\/wp-json\/wp\/v2\/comments?post=10290"}],"version-history":[{"count":8,"href":"https:\/\/uelzener.de\/magazin\/wp-json\/wp\/v2\/pages\/10290\/revisions"}],"predecessor-version":[{"id":16865,"href":"https:\/\/uelzener.de\/magazin\/wp-json\/wp\/v2\/pages\/10290\/revisions\/16865"}],"up":[{"embeddable":true,"href":"https:\/\/uelzener.de\/magazin\/wp-json\/wp\/v2\/pages\/11689"}],"wp:featuredmedia":[{"embeddable":true,"href":"https:\/\/uelzener.de\/magazin\/wp-json\/wp\/v2\/media\/10879"}],"wp:attachment":[{"href":"https:\/\/uelzener.de\/magazin\/wp-json\/wp\/v2\/media?parent=10290"}],"curies":[{"name":"wp","href":"https:\/\/api.w.org\/{rel}","templated":true}]}}