{"id":10289,"date":"2020-06-04T00:00:00","date_gmt":"2020-06-04T00:00:00","guid":{"rendered":""},"modified":"2025-09-11T11:56:36","modified_gmt":"2025-09-11T09:56:36","slug":"weidemyopathie","status":"publish","type":"page","link":"https:\/\/uelzener.de\/magazin\/pferd\/tiergesundheit\/weidemyopathie\/","title":{"rendered":"Weidemyopathie: T\u00f6dliche Gefahr f\u00fcr Pferde"},"content":{"rendered":"<p><strong>Pl\u00f6tzlich liegt ein totes Pferd auf der Weide. An diesem Schreckensszenario kann der Bergahorn schuld sein. Denn dieser Ahorn ist giftig f\u00fcr Pferde. Ist ein Pferd betroffen, gibt es oft keine Rettung mehr. So sch\u00fctzt Du Dein Pferd vor der t\u00f6dlichen Gefahr einer Weidemyopathie!<\/strong><\/p>\n<h2>Die Gefahr des Bergahorns f\u00fcr Pferde<\/h2>\n<p>Im Fr\u00fchjahr und im Herbst macht Reitern die <strong>atypische Weidemyopathie<\/strong> Sorgen. Das <strong>Gift des Bergahorns <\/strong>befindet sich sowohl in den Samen der Fl\u00fcgelfr\u00fcchte als auch in den Keimlingen der Ahornb\u00e4ume. Erste F\u00e4lle wurden bereits in den 30er Jahren beschrieben. Tier\u00e4rzte aus Europa, Australien, Kanada und den USA konnten sich die Erkrankung lange nicht erkl\u00e4ren. Erst 2015 konnte eine Arbeitsgruppe die Ursache f\u00fcr die t\u00f6dlichen Vergiftungen aufkl\u00e4ren.<\/p>\n<p><img decoding=\"async\" src=\"\/magazin\/app\/uploads\/2021\/02\/9bcfc004-5367-4e24-a506-b949ecc7e33e.png\" \/><\/p>\n<p>In Mitteleuropa kommen unterschiedliche Arten von Ahornb\u00e4umen vor. Der Giftstoff Hypoglycin A, der als Ausl\u00f6ser f\u00fcr die atypische Weidemyopathie gilt, ist jedoch nicht in allen Arten von Ahornb\u00e4umen enthalten. Das Toxin wurde bisher nur in den Samen des in unseren Mittelgebirgen weit verbreiteten <strong>Bergahorns<\/strong> und in den Samen des <strong>Eschenahorns<\/strong> nachgewiesen, einer aus Nordamerika stammenden Ahornart. In den B\u00e4umen und Samen des \u00fcblichen Spitz- und Feld-Ahorn ist das Toxin Hypoglycin A jedoch nicht enthalten.<\/p>\n<p>Die <strong>Fl\u00fcgelfr\u00fcchte des Bergahorns<\/strong> fallen vor allem im Herbst von den B\u00e4umen. Aber auch im Fr\u00fchjahr besteht Gefahr: Die <strong>Keimlinge des Baums<\/strong> sind beim Verzehr ebenso giftig f\u00fcr Pferde wie die Fl\u00fcgelfr\u00fcchte. Mehrere aktuelle Praxisf\u00e4lle der Uelzener Versicherungen zeigen die steigende Brisanz. Grund: Der <strong>trockene Sommer<\/strong> des vergangenen Jahres sorgte f\u00fcr Futterknappheit auf den Weiden. Durch das k\u00fcrzere Gras nahmen die Pferde beim Fressen vermehrt Ahornsamen mit auf. Der milde Winter sorgt zus\u00e4tzlich daf\u00fcr, dass im Fr\u00fchling eine gro\u00dfe Anzahl an Keimlingen vom Baum produziert wird.<\/p>\n<h2>Das Krankheitsbild der Myopathie beim Pferd<\/h2>\n<p>Die atypische Weidemyopathie ist eine <strong>St\u00f6rung des Muskelstoffwechsels<\/strong>. Der <strong>Giftstoff Hypoglycin A<\/strong> aus dem Samen und den Keimling des Bergahorns hemmt den Fettstoffwechsel. Er versorgt die Muskelzellen des Pferdes nicht mehr mit ausreichend Energie. Durch diese Muskelerkrankung werden die <strong>Muskeln der Pferde werden lahm<\/strong>.<\/p>\n\n<div class=\"related_articles boxed\">\n    <h2>Mehr zum Thema<\/h2>\n    \n    <div class=\"wrapper\"><div class=\"title align-center\"><h3><a href=\"https:\/\/uelzener.de\/magazin\/hund\/tiergesundheit\/eichenprozessionsspinner-hund-und-katze\/\">Eichenprozessions&shy;spinner: Hund und Katze in Gefahr<\/a><\/h3><\/div><div class=\"img align-center\"><img decoding=\"async\" width=\"315\" height=\"180\" src=\"https:\/\/uelzener.de\/magazin\/app\/uploads\/2021\/10\/Eichenprozessionsspinner-315x180.jpg\" class=\"attachment-315x180 size-315x180 wp-post-image\" alt=\"In der Natur steht ein Warnschild vor den Eichenprozessionsspinner, Sie k\u00f6nnen sowohl f\u00fcr Hunde als auch Katze gef\u00e4hrlich sein.\" \/><\/div><\/div><div class=\"wrapper\"><div class=\"title align-center\"><h3><a href=\"https:\/\/uelzener.de\/magazin\/pferd\/tiergesundheit\/eichenprozessionsspinner-pferd\/\">Eichenprozessions&shy;spinner: F\u00fcr Pferde eine Gefahr!<\/a><\/h3><\/div><div class=\"img align-center\"><img decoding=\"async\" width=\"315\" height=\"180\" src=\"https:\/\/uelzener.de\/magazin\/app\/uploads\/2019\/05\/63cb17aa-7af0-409d-a5bc-f5c3bd823c96-315x180.jpg\" class=\"attachment-315x180 size-315x180 wp-post-image\" alt=\"Vorsicht! Eichenprozessionsspinner. Besonders zwischen Mai und Juni k\u00f6nnen die giftigen Haare der Insekten Mensch und Tier gef\u00e4hrden.\" srcset=\"https:\/\/uelzener.de\/magazin\/app\/uploads\/2019\/05\/63cb17aa-7af0-409d-a5bc-f5c3bd823c96-315x180.jpg 315w, https:\/\/uelzener.de\/magazin\/app\/uploads\/2019\/05\/63cb17aa-7af0-409d-a5bc-f5c3bd823c96-650x369.jpg 650w\" sizes=\"(max-width: 315px) 100vw, 315px\" \/><\/div><\/div><div class=\"wrapper\"><div class=\"title align-center\"><h3><a href=\"https:\/\/uelzener.de\/magazin\/pferd\/haeufige-fragen\/pferd-tot\/\">Was tun, wenn dein Pferd verstorben ist<\/a><\/h3><\/div><div class=\"img align-center\"><img decoding=\"async\" width=\"315\" height=\"180\" src=\"https:\/\/uelzener.de\/magazin\/app\/uploads\/2023\/06\/pferd-tot-315x180.jpg\" class=\"attachment-315x180 size-315x180 wp-post-image\" alt=\"Wei\u00dfes Pferd liegt tot auf einer gr\u00fcnen Wiese mit blauem Himmel im Hintergrund.\" \/><\/div><\/div><\/div>\n\n<h2>Die Weidemyopathie-Symptome<\/h2>\n<p>Nach der Aufnahme des Ahorns dauert es <strong>ein bis zwei Tage<\/strong>, bis die Symptome auftreten. Oft \u00e4hneln die Anzeichen einer beginnenden <a href=\"https:\/\/uelzener.de\/magazin\/pferd\/tiergesundheit\/kolik-beim-pferd\/\">Kolik<\/a>. F\u00fcr Pferdehalter aber auch Tier\u00e4rzte ist es schwierig, die Krankheit auf den ersten Blick zu erkennen. Auf die <strong>Vergiftung mit Bergahorn reagieren Pferde zudem sehr unterschiedlich<\/strong>. Mittlerweile ist sogar anzunehmen, dass das Gift auch \u00fcber Trinkwasser aufgenommen wird. Samen sowie Keimlinge kontaminieren die Tr\u00e4nken.<\/p>\n<p>Pferdebesitzer sollten jedoch auf <strong>folgende typische Weidemyopathie-Symptome<\/strong> achten:<\/p>\n<ul>\n<li>Steifheit<\/li>\n<li>Schw\u00e4che \/ Muskelschw\u00e4che<\/li>\n<li>Schwitzen<\/li>\n<li>Erh\u00f6hte Herz- und Atemfrequenz<\/li>\n<li>Depression<\/li>\n<li>Schlundverstopfung<\/li>\n<li>dunkler Urin<\/li>\n<\/ul>\n<h2>Wie k\u00f6nnen sich Pferdebesitzer sch\u00fctzen?<\/h2>\n<p>Erste Abhilfe k\u00f6nnen Pferdebesitzer mit dem <strong>Anbieten von frischem Trinkwasser<\/strong> schaffen \u2013 denn die Pferde nehmen das Gift auch \u00fcber stehendes Wasser auf. Ein zus\u00e4tzliches Angebot an Raufutter kann daf\u00fcr sorgen, dass die Pferde die Fl\u00fcgelfrucht oder den Keimling nicht aufnehmen. Wichtig ist, dass die Pferde <strong>maximal sechs Stunden auf der Weide stehen<\/strong>. Die Umgebung der Weide sollte <strong>auf Ahorn abgesucht und Keimlinge schnell beseitigt<\/strong> werden. Sicher ist sicher: Gegebenenfalls sollten Weiden f\u00fcr Pferde gesperrt oder B\u00e4ume abgeholzt werden.<\/p>\n<h2>Schnelle Behandlung bei atypischer Weidemyopathie<\/h2>\n<p>Kommt es zu einer Myopathie bei Ihrem Pferd ist <strong>schnelles Handeln<\/strong> gefragt. Der Tierarzt kann erkrankten Pferden mittels Infusionen von Elektrolyten und Zucker, Gabe von Schmerzmitteln und Verabreichung von Vitaminen und Antioxidantien helfen. Die Prognose h\u00e4ngt von der Schwere der Erkrankung ab. So lange die Pferde noch Stehen k\u00f6nnen, kann eine vollst\u00e4ndige Heilung erfolgen.<\/p>\n<p>Sch\u00fctze Dich vor hohen Tierarztkosten und schlie\u00dfe schon ab dem 3. Lebensmonat eine gute Pferde-Krankenversicherung ab.<\/p>\n\n<div class=\"banner\">\n    <a href=\"https:\/\/uelzener.de\/pferd\/herden-versicherung\/?agt=0000104925&sem=true&utm_medium=magazin&utm_source=wordpress&utm_campaign=pferd_kv&utm_content=banner    \">\n        <img decoding=\"async\" width=\"300\" height=\"212\" src=\"https:\/\/uelzener.de\/magazin\/app\/uploads\/2025\/01\/Pferde-Kranken-Versicherung.jpg\" class=\"attachment-medium size-medium\" alt=\"Banner Pferde-Kranken-Versicherung\" \/>    <\/a>\n<\/div>\n\n","protected":false},"excerpt":{"rendered":"<p>Pl\u00f6tzlich liegt ein totes Pferd auf der Weide. An diesem Schreckensszenario kann der Bergahorn schuld sein. Denn dieser Ahorn ist giftig f\u00fcr Pferde. Ist ein Pferd betroffen, gibt es oft keine Rettung mehr. So sch\u00fctzt Du Dein Pferd vor der t\u00f6dlichen Gefahr einer Weidemyopathie! Die Gefahr des Bergahorns f\u00fcr Pferde Im Fr\u00fchjahr und im Herbst [&hellip;]<\/p>\n","protected":false},"author":1,"featured_media":10878,"parent":11706,"menu_order":60,"comment_status":"open","ping_status":"open","template":"templates\/blog.php","meta":{"_acf_changed":false,"_crdt_document":"","footnotes":"","beyondwords_generate_audio":"","beyondwords_project_id":"","beyondwords_content_id":"","beyondwords_preview_token":"","beyondwords_player_style":"","beyondwords_language_id":"","beyondwords_title_voice_id":"","beyondwords_body_voice_id":"","beyondwords_summary_voice_id":"","beyondwords_error_message":"","beyondwords_disabled":"","beyondwords_delete_content":"","beyondwords_podcast_id":"","beyondwords_hash":"","publish_post_to_speechkit":"","speechkit_hash":"","speechkit_generate_audio":"","speechkit_project_id":"","speechkit_podcast_id":"","speechkit_error_message":"","speechkit_disabled":"","speechkit_access_key":"","speechkit_error":"","speechkit_info":"","speechkit_response":"","speechkit_retries":"","speechkit_status":"","speechkit_updated_at":"","_speechkit_link":"","_speechkit_text":""},"class_list":["post-10289","page","type-page","status-publish","has-post-thumbnail","hentry"],"acf":[],"yoast_head":"<!-- This site is optimized with the Yoast SEO Premium plugin  - https:\/\/yoast.com\/product\/yoast-seo-premium-wordpress\/ -->\n<title>Weidemyopathie erkennen und behandeln | Uelzener<\/title>\n<meta name=\"description\" content=\"Eine atypische Weidemyopathie kann f\u00fcr Pferde t\u00f6dlich enden \u25b6 Erfahre alles zu \u2713 Ursache Bergahorn \u2713 Symptome \u2713 Vorbeugung!\" \/>\n<meta name=\"robots\" content=\"index, follow, max-snippet:-1, max-image-preview:large, max-video-preview:-1\" \/>\n<link rel=\"canonical\" href=\"https:\/\/uelzener.de\/magazin\/pferd\/tiergesundheit\/weidemyopathie\/\" \/>\n<meta property=\"og:locale\" content=\"de_DE\" \/>\n<meta property=\"og:type\" content=\"article\" \/>\n<meta property=\"og:title\" content=\"Weidemyopathie: T\u00f6dliche Gefahr f\u00fcr Pferde\" \/>\n<meta property=\"og:description\" content=\"Eine atypische Weidemyopathie kann f\u00fcr Pferde t\u00f6dlich enden \u25b6 Erfahre alles zu \u2713 Ursache Bergahorn \u2713 Symptome \u2713 Vorbeugung!\" \/>\n<meta property=\"og:url\" content=\"https:\/\/uelzener.de\/magazin\/pferd\/tiergesundheit\/weidemyopathie\/\" \/>\n<meta property=\"og:site_name\" content=\"Uelzener Tier-Magazin\" \/>\n<meta property=\"article:publisher\" content=\"https:\/\/www.facebook.com\/Uelzener\" \/>\n<meta property=\"article:modified_time\" content=\"2025-09-11T09:56:36+00:00\" \/>\n<meta property=\"og:image\" content=\"https:\/\/uelzener.de\/magazin\/app\/uploads\/2020\/06\/8698f074-698d-4e0d-9a97-4f4ced7818e6-e1631779942820.jpg\" \/>\n\t<meta property=\"og:image:width\" content=\"952\" \/>\n\t<meta property=\"og:image:height\" content=\"449\" \/>\n\t<meta property=\"og:image:type\" content=\"image\/jpeg\" \/>\n<meta name=\"twitter:card\" content=\"summary_large_image\" \/>\n<meta name=\"twitter:label1\" content=\"Gesch\u00e4tzte Lesezeit\" \/>\n\t<meta name=\"twitter:data1\" content=\"4\u00a0Minuten\" \/>\n<script type=\"application\/ld+json\" class=\"yoast-schema-graph\">{\"@context\":\"https:\/\/schema.org\",\"@graph\":[{\"@type\":\"WebPage\",\"@id\":\"https:\/\/uelzener.de\/magazin\/pferd\/tiergesundheit\/weidemyopathie\/\",\"url\":\"https:\/\/uelzener.de\/magazin\/pferd\/tiergesundheit\/weidemyopathie\/\",\"name\":\"Weidemyopathie erkennen und behandeln | Uelzener\",\"isPartOf\":{\"@id\":\"https:\/\/uelzener.de\/magazin\/#website\"},\"primaryImageOfPage\":{\"@id\":\"https:\/\/uelzener.de\/magazin\/pferd\/tiergesundheit\/weidemyopathie\/#primaryimage\"},\"image\":{\"@id\":\"https:\/\/uelzener.de\/magazin\/pferd\/tiergesundheit\/weidemyopathie\/#primaryimage\"},\"thumbnailUrl\":\"https:\/\/uelzener.de\/magazin\/app\/uploads\/2020\/06\/8698f074-698d-4e0d-9a97-4f4ced7818e6-e1631779942820.jpg\",\"datePublished\":\"2020-06-04T00:00:00+00:00\",\"dateModified\":\"2025-09-11T09:56:36+00:00\",\"description\":\"Eine atypische Weidemyopathie kann f\u00fcr Pferde t\u00f6dlich enden \u25b6 Erfahre alles zu \u2713 Ursache Bergahorn \u2713 Symptome \u2713 Vorbeugung!\",\"breadcrumb\":{\"@id\":\"https:\/\/uelzener.de\/magazin\/pferd\/tiergesundheit\/weidemyopathie\/#breadcrumb\"},\"inLanguage\":\"de\",\"potentialAction\":[{\"@type\":\"ReadAction\",\"target\":[\"https:\/\/uelzener.de\/magazin\/pferd\/tiergesundheit\/weidemyopathie\/\"]}]},{\"@type\":\"ImageObject\",\"inLanguage\":\"de\",\"@id\":\"https:\/\/uelzener.de\/magazin\/pferd\/tiergesundheit\/weidemyopathie\/#primaryimage\",\"url\":\"https:\/\/uelzener.de\/magazin\/app\/uploads\/2020\/06\/8698f074-698d-4e0d-9a97-4f4ced7818e6-e1631779942820.jpg\",\"contentUrl\":\"https:\/\/uelzener.de\/magazin\/app\/uploads\/2020\/06\/8698f074-698d-4e0d-9a97-4f4ced7818e6-e1631779942820.jpg\",\"width\":952,\"height\":449},{\"@type\":\"WebSite\",\"@id\":\"https:\/\/uelzener.de\/magazin\/#website\",\"url\":\"https:\/\/uelzener.de\/magazin\/\",\"name\":\"Uelzener Tiermagazin\",\"description\":\"Online Tierratgeber der Uelzener Versicherungen\",\"publisher\":{\"@id\":\"https:\/\/uelzener.de\/magazin\/#organization\"},\"potentialAction\":[{\"@type\":\"SearchAction\",\"target\":{\"@type\":\"EntryPoint\",\"urlTemplate\":\"https:\/\/uelzener.de\/magazin\/?s={search_term_string}\"},\"query-input\":{\"@type\":\"PropertyValueSpecification\",\"valueRequired\":true,\"valueName\":\"search_term_string\"}}],\"inLanguage\":\"de\"},{\"@type\":\"Organization\",\"@id\":\"https:\/\/uelzener.de\/magazin\/#organization\",\"name\":\"Uelzener Versicherungen\",\"url\":\"https:\/\/uelzener.de\/magazin\/\",\"logo\":{\"@type\":\"ImageObject\",\"inLanguage\":\"de\",\"@id\":\"https:\/\/uelzener.de\/magazin\/#\/schema\/logo\/image\/\",\"url\":\"https:\/\/uelzener.de\/magazin\/app\/uploads\/2024\/11\/uelzener_allgemeine_versicherungsgesellschaft_a_g_logo.jpg\",\"contentUrl\":\"https:\/\/uelzener.de\/magazin\/app\/uploads\/2024\/11\/uelzener_allgemeine_versicherungsgesellschaft_a_g_logo.jpg\",\"width\":200,\"height\":200,\"caption\":\"Uelzener Versicherungen\"},\"image\":{\"@id\":\"https:\/\/uelzener.de\/magazin\/#\/schema\/logo\/image\/\"},\"sameAs\":[\"https:\/\/www.facebook.com\/Uelzener\",\"https:\/\/instagram.com\/uelzener\",\"https:\/\/www.xing.com\/pages\/uelzenerallgemeineversicherungs-gesellschafta-g\",\"https:\/\/www.youtube.com\/UelzenerVersicherungen\"]}]}<\/script>\n<!-- \/ Yoast SEO Premium plugin. -->","yoast_head_json":{"title":"Weidemyopathie erkennen und behandeln | Uelzener","description":"Eine atypische Weidemyopathie kann f\u00fcr Pferde t\u00f6dlich enden \u25b6 Erfahre alles zu \u2713 Ursache Bergahorn \u2713 Symptome \u2713 Vorbeugung!","robots":{"index":"index","follow":"follow","max-snippet":"max-snippet:-1","max-image-preview":"max-image-preview:large","max-video-preview":"max-video-preview:-1"},"canonical":"https:\/\/uelzener.de\/magazin\/pferd\/tiergesundheit\/weidemyopathie\/","og_locale":"de_DE","og_type":"article","og_title":"Weidemyopathie: T\u00f6dliche Gefahr f\u00fcr Pferde","og_description":"Eine atypische Weidemyopathie kann f\u00fcr Pferde t\u00f6dlich enden \u25b6 Erfahre alles zu \u2713 Ursache Bergahorn \u2713 Symptome \u2713 Vorbeugung!","og_url":"https:\/\/uelzener.de\/magazin\/pferd\/tiergesundheit\/weidemyopathie\/","og_site_name":"Uelzener Tier-Magazin","article_publisher":"https:\/\/www.facebook.com\/Uelzener","article_modified_time":"2025-09-11T09:56:36+00:00","og_image":[{"width":952,"height":449,"url":"https:\/\/uelzener.de\/magazin\/app\/uploads\/2020\/06\/8698f074-698d-4e0d-9a97-4f4ced7818e6-e1631779942820.jpg","type":"image\/jpeg"}],"twitter_card":"summary_large_image","twitter_misc":{"Gesch\u00e4tzte Lesezeit":"4\u00a0Minuten"},"schema":{"@context":"https:\/\/schema.org","@graph":[{"@type":"WebPage","@id":"https:\/\/uelzener.de\/magazin\/pferd\/tiergesundheit\/weidemyopathie\/","url":"https:\/\/uelzener.de\/magazin\/pferd\/tiergesundheit\/weidemyopathie\/","name":"Weidemyopathie erkennen und behandeln | Uelzener","isPartOf":{"@id":"https:\/\/uelzener.de\/magazin\/#website"},"primaryImageOfPage":{"@id":"https:\/\/uelzener.de\/magazin\/pferd\/tiergesundheit\/weidemyopathie\/#primaryimage"},"image":{"@id":"https:\/\/uelzener.de\/magazin\/pferd\/tiergesundheit\/weidemyopathie\/#primaryimage"},"thumbnailUrl":"https:\/\/uelzener.de\/magazin\/app\/uploads\/2020\/06\/8698f074-698d-4e0d-9a97-4f4ced7818e6-e1631779942820.jpg","datePublished":"2020-06-04T00:00:00+00:00","dateModified":"2025-09-11T09:56:36+00:00","description":"Eine atypische Weidemyopathie kann f\u00fcr Pferde t\u00f6dlich enden \u25b6 Erfahre alles zu \u2713 Ursache Bergahorn \u2713 Symptome \u2713 Vorbeugung!","breadcrumb":{"@id":"https:\/\/uelzener.de\/magazin\/pferd\/tiergesundheit\/weidemyopathie\/#breadcrumb"},"inLanguage":"de","potentialAction":[{"@type":"ReadAction","target":["https:\/\/uelzener.de\/magazin\/pferd\/tiergesundheit\/weidemyopathie\/"]}]},{"@type":"ImageObject","inLanguage":"de","@id":"https:\/\/uelzener.de\/magazin\/pferd\/tiergesundheit\/weidemyopathie\/#primaryimage","url":"https:\/\/uelzener.de\/magazin\/app\/uploads\/2020\/06\/8698f074-698d-4e0d-9a97-4f4ced7818e6-e1631779942820.jpg","contentUrl":"https:\/\/uelzener.de\/magazin\/app\/uploads\/2020\/06\/8698f074-698d-4e0d-9a97-4f4ced7818e6-e1631779942820.jpg","width":952,"height":449},{"@type":"WebSite","@id":"https:\/\/uelzener.de\/magazin\/#website","url":"https:\/\/uelzener.de\/magazin\/","name":"Uelzener Tiermagazin","description":"Online Tierratgeber der Uelzener Versicherungen","publisher":{"@id":"https:\/\/uelzener.de\/magazin\/#organization"},"potentialAction":[{"@type":"SearchAction","target":{"@type":"EntryPoint","urlTemplate":"https:\/\/uelzener.de\/magazin\/?s={search_term_string}"},"query-input":{"@type":"PropertyValueSpecification","valueRequired":true,"valueName":"search_term_string"}}],"inLanguage":"de"},{"@type":"Organization","@id":"https:\/\/uelzener.de\/magazin\/#organization","name":"Uelzener Versicherungen","url":"https:\/\/uelzener.de\/magazin\/","logo":{"@type":"ImageObject","inLanguage":"de","@id":"https:\/\/uelzener.de\/magazin\/#\/schema\/logo\/image\/","url":"https:\/\/uelzener.de\/magazin\/app\/uploads\/2024\/11\/uelzener_allgemeine_versicherungsgesellschaft_a_g_logo.jpg","contentUrl":"https:\/\/uelzener.de\/magazin\/app\/uploads\/2024\/11\/uelzener_allgemeine_versicherungsgesellschaft_a_g_logo.jpg","width":200,"height":200,"caption":"Uelzener Versicherungen"},"image":{"@id":"https:\/\/uelzener.de\/magazin\/#\/schema\/logo\/image\/"},"sameAs":["https:\/\/www.facebook.com\/Uelzener","https:\/\/instagram.com\/uelzener","https:\/\/www.xing.com\/pages\/uelzenerallgemeineversicherungs-gesellschafta-g","https:\/\/www.youtube.com\/UelzenerVersicherungen"]}]}},"_links":{"self":[{"href":"https:\/\/uelzener.de\/magazin\/wp-json\/wp\/v2\/pages\/10289","targetHints":{"allow":["GET"]}}],"collection":[{"href":"https:\/\/uelzener.de\/magazin\/wp-json\/wp\/v2\/pages"}],"about":[{"href":"https:\/\/uelzener.de\/magazin\/wp-json\/wp\/v2\/types\/page"}],"author":[{"embeddable":true,"href":"https:\/\/uelzener.de\/magazin\/wp-json\/wp\/v2\/users\/1"}],"replies":[{"embeddable":true,"href":"https:\/\/uelzener.de\/magazin\/wp-json\/wp\/v2\/comments?post=10289"}],"version-history":[{"count":11,"href":"https:\/\/uelzener.de\/magazin\/wp-json\/wp\/v2\/pages\/10289\/revisions"}],"predecessor-version":[{"id":19212,"href":"https:\/\/uelzener.de\/magazin\/wp-json\/wp\/v2\/pages\/10289\/revisions\/19212"}],"up":[{"embeddable":true,"href":"https:\/\/uelzener.de\/magazin\/wp-json\/wp\/v2\/pages\/11706"}],"wp:featuredmedia":[{"embeddable":true,"href":"https:\/\/uelzener.de\/magazin\/wp-json\/wp\/v2\/media\/10878"}],"wp:attachment":[{"href":"https:\/\/uelzener.de\/magazin\/wp-json\/wp\/v2\/media?parent=10289"}],"curies":[{"name":"wp","href":"https:\/\/api.w.org\/{rel}","templated":true}]}}