{"id":10286,"date":"2020-03-08T00:00:00","date_gmt":"2020-03-08T00:00:00","guid":{"rendered":""},"modified":"2023-03-14T08:44:43","modified_gmt":"2023-03-14T07:44:43","slug":"druse-pferd","status":"publish","type":"page","link":"https:\/\/uelzener.de\/magazin\/pferd\/tiergesundheit\/druse-pferd\/","title":{"rendered":"(Schock)Diagnose: Druse beim Pferd"},"content":{"rendered":"<p><strong>Dein Pferd hat Nasenausfluss, Husten, Fieber und geschwollene Lymphknoten: M\u00f6glicherweise hat die Infektionskrankheit Druse zugeschlagen. Der Erreger ist langlebig, die Behandlungsmethoden sind umstritten. Wie Du bei Deinem Pferd Druse erkennst und was Du dagegen tun kannst, erf\u00e4hrst Du hier.<\/strong><\/p>\n<p>Verursacht wird Druse beim Pferd durch das Bakterium Streptococcus equi. Es ist eine hoch ansteckende und f\u00fcr das Pferd schmerzhafte <strong>Erkrankung der oberen Atemwege<\/strong>. Doch obwohl die Krankheit quasi durch die Stallgasse galoppieren kann, ist sie anders als zum Beispiel die <a href=\"https:\/\/uelzener.de\/magazin\/pferd\/tiergesundheit\/equine-infektioese-anaemie\/\">infekti\u00f6se An\u00e4mie<\/a> beim zust\u00e4ndigen \u00f6rtlichen Veterin\u00e4ramt <strong>weder anzeige- noch meldepflichtig<\/strong>.<\/p>\n<h2>Krankheit verbreitet sich sehr schnell<\/h2>\n<p>Der Druse-Erreger kommt normalerweise in der Umwelt nicht vor, deshalb k\u00f6nnte man denken, diese Erkrankung sei eher selten. Doch weit gefehlt, jedes Jahr wieder h\u00e4ufen sich die Meldungen \u00fcber an Druse erkrankten Pferden. Zahlen dar\u00fcber, wie viele Pferde tats\u00e4chlich j\u00e4hrlich an Druse erkranken, fehlen aufgrund der <strong>nicht existierenden Anzeige- und Meldepflicht<\/strong>.<\/p>\n<h2>Typische Druse-Symptome erkennen<\/h2>\n<p>An Druse erkrankte Pferde zeigen meistens eines oder mehrere der folgenden Symptome:<\/p>\n<ul>\n<li>Fieber<\/li>\n<li>Mattigkeit und Schl\u00e4frigkeit<\/li>\n<li>Appetitlosigkeit<\/li>\n<li>eitriger gr\u00fcnlich-gelblicher Nasenausfluss<\/li>\n<li>Husten<\/li>\n<li>geschwollene Lymphknoten im Kopfbereich<\/li>\n<\/ul>\n<p>&nbsp;<\/p>\n<p>Dabei zeigen sich im fr\u00fchen Stadium der Druse vor allem Symptome wie <strong>Fieber, Mattigkeit und Appetitlosigkeit<\/strong>. Die typischen <strong>geschwollenen Lymphknoten und der eitrige Nasenausfluss<\/strong> zeigen sich meist erst ein paar Tage sp\u00e4ter.<\/p>\n<p>Sobald Du bei Deinem Pferd eines oder mehrere dieser typischen Druse-Symptome erkennen, solltest Du Deinen <strong>Tierarzt einschalten<\/strong>, um den Verdacht auf Druse untersuchen zu lassen und schnellstm\u00f6glich die n\u00e4chsten Schritte einleiten zu k\u00f6nnen. Wenn nur einzelne Symptome, wie zum Beispiel <a href=\"https:\/\/www.uelzener.de\/blog\/tier\/fieber-husten-nasenausfluss-hat-ihr-pferd-eine-erkaeltung.html\">Fieber bei Ihrem Pferd<\/a> auftreten, kann dies nat\u00fcrlich auch auf andere Erkrankungen (z.B. Erk\u00e4ltung) zur\u00fcckzuf\u00fchren sein. Um aber auf Nummer sicher zu gehen und eine Erkrankung an Druse auszuschlie\u00dfen, solltest Du trotzdem einen Tierarzt zu Rate ziehen.<\/p>\n<h2>\u00dcbertragung der Druse von Pferd zu Pferd<\/h2>\n<p>Es gibt zwei Wege auf denen der Erreger zu Deinem Pferd gelangen kann:<\/p>\n<ul>\n<li><strong>\u00dcbertragung durch ein krankes Pferd:<\/strong> Jedes akut erkrankte Pferd kann die Infektion auf ein gesundes Pferd \u00fcbertragen.<\/li>\n<li><strong>\u00dcbertragung durch Tr\u00e4gerpferde:<\/strong> Sogenannte Tr\u00e4gerpferde tragen das Bakterium zwar in sich, zeigen aber keinerlei Symptome einer Erkrankung. Somit sind diese Tr\u00e4gerpferde nicht erkennbar, was die Druse besonders ansteckend macht. Neueren Studien zufolge sind 20 Prozent aller einmal an Druse erkrankten Pferde danach chronische Tr\u00e4ger. Sie scheiden noch bis zu 36 Monate lang nach Ende der Erkrankung den Druse-Erreger aus.<\/li>\n<\/ul>\n<p>Zur \u00dcbertragung auf ein gesundes Pferd kann es kommen, wenn ein Pferd zum Beispiel aus der Gemeinschaftstr\u00e4nke auf der Weide trinkt, dasselbe Futter wie der Weidekumpel knabbert oder im Laufstall aus demselben Trog sein Kraftfutter frisst. In St\u00e4llen, wo viel Fluktuation herrscht, auf dem Turnier, bei Lehrg\u00e4ngen oder in Betrieben, in denen Pferde artgerecht in gr\u00f6\u00dferen Gruppen gehalten werden, kann Druse deshalb immer wieder auftreten.<\/p>\n<p>Au\u00dferdem kann auch der Mensch zu den passiven \u00dcbertr\u00e4gern geh\u00f6ren. Denn auch wenn der <strong>Mensch nicht an Druse erkranken kann<\/strong>, sind dennoch die Erreger-Bakterien der Druse vom Pferd auf den Menschen \u00fcbertragbar. Durch Kontakt mit erkrankten Tieren oder kontaminierten Gegenst\u00e4nden (z.B. Pflegeausr\u00fcstung) kann der Mensch deshalb die Bakterien \u00fcbertragen.<\/p>\n<h2>Inkubationszeit bei Druse betr\u00e4gt bis zu 14 Tage<\/h2>\n<p>Die Ansteckungsgefahr ist bei der Krankheit Druse aus verschiedenen Gr\u00fcnden sehr hoch. Einerseits sind die <strong>Erreger sehr langlebig<\/strong>, denn sie k\u00f6nnen sich bis zu vier Tage im Futter und bis zu acht Wochen im Wasser am Leben halten! Au\u00dferdem betr\u00e4gt die <strong>Inkubationszeit bei Druse zwischen drei und 14 Tagen<\/strong>. W\u00e4hrend dieser Inkubationszeit zeigt das Pferd noch keine sichtbaren Symptome, kann aber die Bakterien bereits ausscheiden und andere Pferde mit Druse anstecken. Um die Verbreitung der Krankheit einzud\u00e4mmen, solltest Du deshalb beim ersten Verdacht auf Druse bei Deinem Pferd sofort einen Tierarzt zu Rate ziehen.<\/p>\n<p><img decoding=\"async\" src=\"\/magazin\/app\/uploads\/2021\/02\/fe385013-20d0-4049-a4ad-fd67312cd588.jpg\" \/><\/p>\n<p>Wenn Du aufgrund von Druse-Symptomen einen Tierarzt rufst, nimmt dieser zun\u00e4chst <strong>verschiedene Tupferproben, also Schleim aus Nase, Rachen und dem Luftsack<\/strong>. Die Proben werden im Labor untersucht, dort kann das Druse-Bakterium zweifelsfrei identifiziert werden. Best\u00e4tigt sich der Verdacht, m\u00fcssen die befallenen Pferde sofort von den gesunden getrennt werden, im Stall sollte unverz\u00fcglich eine <strong>Quarant\u00e4ne-Station<\/strong> f\u00fcr die erkrankten Pferde eingerichtet werden. Im Verlauf der Krankheit bilden sich in vielen F\u00e4llen eitrige Abszesse in den Lymphknoten des Pferdes im Kopfbereich. Wenn diese dann platzen, entleert sich der Eiter meist \u00fcber die Nase.<\/p>\n<h2>Experten streiten \u00fcber die Behandlung<\/h2>\n<p>Die Behandlungsstrategie bei Druse ist umstritten. Viele Tier\u00e4rzte pl\u00e4dieren f\u00fcr individuelle Entscheidungen: Je nachdem, in welchem Stadium sich die Krankheit befindet, kann ein <strong>Antibiotikum<\/strong> sinnvoll sein oder nicht. Ganz zu Beginn kann es den Ausbruch oder die Intensit\u00e4t der Erkrankung verhindern bzw. verringern \u2013 aber hat sich erst einmal Eiter gebildet, ist die Gabe eines Antibiotikums wirkungslos. Experten streiten zudem dar\u00fcber, ob ein schlichtes <strong>Auskurieren durch Quarant\u00e4ne<\/strong> nicht m\u00f6glicherweise der bessere Weg sei, die Abwehrkr\u00e4fte des Pferdes f\u00fcr weitere Infektionen zu st\u00e4rken.<\/p>\n<h2>Verbreitung durch gr\u00fcndliches Desinfizieren eind\u00e4mmen<\/h2>\n<p>Eine gr\u00fcndliche Desinfektion des Stalles nach einem Druse-Ausbruch ist die beste Methode, den Erreger bestm\u00f6glich in seine Schranken zu weisen. <strong>Tr\u00e4nken, Eimer und Tr\u00f6ge sollten desinfiziert werden<\/strong>, und zwar nicht nur im Stall, sondern auch auf der Weide. Auf Nummer sicher geht, wer die Weide dann au\u00dferdem rund vier Wochen nicht nutzt. Klar ist aber: Druse ist und bleibt ein unangenehmer Begleiter der Pferde.<\/p>\n<p><a href=\"https:\/\/uelzener.de\/magazin\/pferd\/haeufige-fragen\/liste-haeufigste-pferdekrankheiten-operationen\/\">Mehr zu weiteren Pferdekrankheiten<\/a> hier im Uelzener Tiermagazin!<\/p>\n<h2>Checkliste: Druse beim Pferd<\/h2>\n<ul>\n<li><strong>Symptome<\/strong>: Typische Symptome sind Nasenausfluss, Husten, Fieber, Mattigkeit und geschwollene Lymphknoten im Kopfbereich<\/li>\n<li><strong>\u00dcbertragung<\/strong>: Von Pferd zu Pferd ist eine \u00dcbertragung durch Kontakt m\u00f6glich, au\u00dferdem im Tr\u00e4nkebereich bis zu acht Wochen lang<\/li>\n<li><strong>Behandlung<\/strong>: Erkrankte Tiere unverz\u00fcglich isolieren, Einmalhandschuhe benutzen, Handdesinfektion, Boxenruhe, t\u00e4gliche Temperaturkontrolle aller Pferde des Bestandes, Einrichtung eines Quarant\u00e4nebereichs<\/li>\n<\/ul>\n<h2>Finanzielle Sicherheit<\/h2>\n<p>Wenn es doch bei Deinem Pferd zu einer Ansteckung mit Druse kommt, bietet Dir unsere <a href=\"https:\/\/www.uelzener.de\/pferde\/versicherung\/pferde-krankenversicherung.html\" target=\"_blank\" rel=\"noopener\">Pferde-Krankenversicherung<\/a> finanzielle Sicherheit.<\/p>\n","protected":false},"excerpt":{"rendered":"<p>Dein Pferd hat Nasenausfluss, Husten, Fieber und geschwollene Lymphknoten: M\u00f6glicherweise hat die Infektionskrankheit Druse zugeschlagen. Der Erreger ist langlebig, die Behandlungsmethoden sind umstritten. Wie Du bei Deinem Pferd Druse erkennst und was Du dagegen tun kannst, erf\u00e4hrst Du hier. Verursacht wird Druse beim Pferd durch das Bakterium Streptococcus equi. Es ist eine hoch ansteckende und [&hellip;]<\/p>\n","protected":false},"author":1,"featured_media":10875,"parent":11706,"menu_order":56,"comment_status":"open","ping_status":"open","template":"templates\/blog.php","meta":{"_acf_changed":false,"_crdt_document":"","footnotes":"","beyondwords_generate_audio":"","beyondwords_project_id":"","beyondwords_content_id":"","beyondwords_preview_token":"","beyondwords_player_style":"","beyondwords_language_id":"","beyondwords_title_voice_id":"","beyondwords_body_voice_id":"","beyondwords_summary_voice_id":"","beyondwords_error_message":"","beyondwords_disabled":"","beyondwords_delete_content":"","beyondwords_podcast_id":"","beyondwords_hash":"","publish_post_to_speechkit":"","speechkit_hash":"","speechkit_generate_audio":"","speechkit_project_id":"","speechkit_podcast_id":"","speechkit_error_message":"","speechkit_disabled":"","speechkit_access_key":"","speechkit_error":"","speechkit_info":"","speechkit_response":"","speechkit_retries":"","speechkit_status":"","speechkit_updated_at":"","_speechkit_link":"","_speechkit_text":""},"class_list":["post-10286","page","type-page","status-publish","has-post-thumbnail","hentry"],"acf":[],"yoast_head":"<!-- This site is optimized with the Yoast SEO Premium plugin  - https:\/\/yoast.com\/product\/yoast-seo-premium-wordpress\/ -->\n<title>Druse beim Pferd erkennen und behandeln | Uelzener<\/title>\n<meta name=\"description\" content=\"Erfahre alles zum Thema Druse beim Pferd \u2713 Symptome \u2713 \u00dcbertragung \u2713 Inkubationszeit \u2713 Behandlung \u25b6 Jetzt schlaumachen!\" \/>\n<meta name=\"robots\" content=\"index, follow, max-snippet:-1, max-image-preview:large, max-video-preview:-1\" \/>\n<link rel=\"canonical\" href=\"https:\/\/uelzener.de\/magazin\/pferd\/tiergesundheit\/druse-pferd\/\" \/>\n<meta property=\"og:locale\" content=\"de_DE\" \/>\n<meta property=\"og:type\" content=\"article\" \/>\n<meta property=\"og:title\" content=\"(Schock)Diagnose: Druse beim Pferd\" \/>\n<meta property=\"og:description\" content=\"Erfahre alles zum Thema Druse beim Pferd \u2713 Symptome \u2713 \u00dcbertragung \u2713 Inkubationszeit \u2713 Behandlung \u25b6 Jetzt schlaumachen!\" \/>\n<meta property=\"og:url\" content=\"https:\/\/uelzener.de\/magazin\/pferd\/tiergesundheit\/druse-pferd\/\" \/>\n<meta property=\"og:site_name\" content=\"Uelzener Tier-Magazin\" \/>\n<meta property=\"article:publisher\" content=\"https:\/\/www.facebook.com\/Uelzener\" \/>\n<meta property=\"article:modified_time\" content=\"2023-03-14T07:44:43+00:00\" \/>\n<meta property=\"og:image\" content=\"https:\/\/uelzener.de\/magazin\/app\/uploads\/2020\/03\/1faece7d-e630-4d47-bb78-e6e77324cdc1.jpg\" \/>\n\t<meta property=\"og:image:width\" content=\"952\" \/>\n\t<meta property=\"og:image:height\" content=\"496\" \/>\n\t<meta property=\"og:image:type\" content=\"image\/jpeg\" \/>\n<meta name=\"twitter:card\" content=\"summary_large_image\" \/>\n<meta name=\"twitter:label1\" content=\"Gesch\u00e4tzte Lesezeit\" \/>\n\t<meta name=\"twitter:data1\" content=\"5\u00a0Minuten\" \/>\n<script type=\"application\/ld+json\" class=\"yoast-schema-graph\">{\"@context\":\"https:\/\/schema.org\",\"@graph\":[{\"@type\":\"WebPage\",\"@id\":\"https:\/\/uelzener.de\/magazin\/pferd\/tiergesundheit\/druse-pferd\/\",\"url\":\"https:\/\/uelzener.de\/magazin\/pferd\/tiergesundheit\/druse-pferd\/\",\"name\":\"Druse beim Pferd erkennen und behandeln | Uelzener\",\"isPartOf\":{\"@id\":\"https:\/\/uelzener.de\/magazin\/#website\"},\"primaryImageOfPage\":{\"@id\":\"https:\/\/uelzener.de\/magazin\/pferd\/tiergesundheit\/druse-pferd\/#primaryimage\"},\"image\":{\"@id\":\"https:\/\/uelzener.de\/magazin\/pferd\/tiergesundheit\/druse-pferd\/#primaryimage\"},\"thumbnailUrl\":\"https:\/\/uelzener.de\/magazin\/app\/uploads\/2020\/03\/1faece7d-e630-4d47-bb78-e6e77324cdc1.jpg\",\"datePublished\":\"2020-03-08T00:00:00+00:00\",\"dateModified\":\"2023-03-14T07:44:43+00:00\",\"description\":\"Erfahre alles zum Thema Druse beim Pferd \u2713 Symptome \u2713 \u00dcbertragung \u2713 Inkubationszeit \u2713 Behandlung \u25b6 Jetzt schlaumachen!\",\"breadcrumb\":{\"@id\":\"https:\/\/uelzener.de\/magazin\/pferd\/tiergesundheit\/druse-pferd\/#breadcrumb\"},\"inLanguage\":\"de\",\"potentialAction\":[{\"@type\":\"ReadAction\",\"target\":[\"https:\/\/uelzener.de\/magazin\/pferd\/tiergesundheit\/druse-pferd\/\"]}]},{\"@type\":\"ImageObject\",\"inLanguage\":\"de\",\"@id\":\"https:\/\/uelzener.de\/magazin\/pferd\/tiergesundheit\/druse-pferd\/#primaryimage\",\"url\":\"https:\/\/uelzener.de\/magazin\/app\/uploads\/2020\/03\/1faece7d-e630-4d47-bb78-e6e77324cdc1.jpg\",\"contentUrl\":\"https:\/\/uelzener.de\/magazin\/app\/uploads\/2020\/03\/1faece7d-e630-4d47-bb78-e6e77324cdc1.jpg\",\"width\":952,\"height\":496,\"caption\":\"Ein dunkelbraunes Pferd steht beim Tierarzt. Es ist an Druse erkrankt.\"},{\"@type\":\"WebSite\",\"@id\":\"https:\/\/uelzener.de\/magazin\/#website\",\"url\":\"https:\/\/uelzener.de\/magazin\/\",\"name\":\"Uelzener Tiermagazin\",\"description\":\"Online Tierratgeber der Uelzener Versicherungen\",\"publisher\":{\"@id\":\"https:\/\/uelzener.de\/magazin\/#organization\"},\"potentialAction\":[{\"@type\":\"SearchAction\",\"target\":{\"@type\":\"EntryPoint\",\"urlTemplate\":\"https:\/\/uelzener.de\/magazin\/?s={search_term_string}\"},\"query-input\":{\"@type\":\"PropertyValueSpecification\",\"valueRequired\":true,\"valueName\":\"search_term_string\"}}],\"inLanguage\":\"de\"},{\"@type\":\"Organization\",\"@id\":\"https:\/\/uelzener.de\/magazin\/#organization\",\"name\":\"Uelzener Versicherungen\",\"url\":\"https:\/\/uelzener.de\/magazin\/\",\"logo\":{\"@type\":\"ImageObject\",\"inLanguage\":\"de\",\"@id\":\"https:\/\/uelzener.de\/magazin\/#\/schema\/logo\/image\/\",\"url\":\"https:\/\/uelzener.de\/magazin\/app\/uploads\/2024\/11\/uelzener_allgemeine_versicherungsgesellschaft_a_g_logo.jpg\",\"contentUrl\":\"https:\/\/uelzener.de\/magazin\/app\/uploads\/2024\/11\/uelzener_allgemeine_versicherungsgesellschaft_a_g_logo.jpg\",\"width\":200,\"height\":200,\"caption\":\"Uelzener Versicherungen\"},\"image\":{\"@id\":\"https:\/\/uelzener.de\/magazin\/#\/schema\/logo\/image\/\"},\"sameAs\":[\"https:\/\/www.facebook.com\/Uelzener\",\"https:\/\/instagram.com\/uelzener\",\"https:\/\/www.xing.com\/pages\/uelzenerallgemeineversicherungs-gesellschafta-g\",\"https:\/\/www.youtube.com\/UelzenerVersicherungen\"]}]}<\/script>\n<!-- \/ Yoast SEO Premium plugin. -->","yoast_head_json":{"title":"Druse beim Pferd erkennen und behandeln | Uelzener","description":"Erfahre alles zum Thema Druse beim Pferd \u2713 Symptome \u2713 \u00dcbertragung \u2713 Inkubationszeit \u2713 Behandlung \u25b6 Jetzt schlaumachen!","robots":{"index":"index","follow":"follow","max-snippet":"max-snippet:-1","max-image-preview":"max-image-preview:large","max-video-preview":"max-video-preview:-1"},"canonical":"https:\/\/uelzener.de\/magazin\/pferd\/tiergesundheit\/druse-pferd\/","og_locale":"de_DE","og_type":"article","og_title":"(Schock)Diagnose: Druse beim Pferd","og_description":"Erfahre alles zum Thema Druse beim Pferd \u2713 Symptome \u2713 \u00dcbertragung \u2713 Inkubationszeit \u2713 Behandlung \u25b6 Jetzt schlaumachen!","og_url":"https:\/\/uelzener.de\/magazin\/pferd\/tiergesundheit\/druse-pferd\/","og_site_name":"Uelzener Tier-Magazin","article_publisher":"https:\/\/www.facebook.com\/Uelzener","article_modified_time":"2023-03-14T07:44:43+00:00","og_image":[{"width":952,"height":496,"url":"https:\/\/uelzener.de\/magazin\/app\/uploads\/2020\/03\/1faece7d-e630-4d47-bb78-e6e77324cdc1.jpg","type":"image\/jpeg"}],"twitter_card":"summary_large_image","twitter_misc":{"Gesch\u00e4tzte Lesezeit":"5\u00a0Minuten"},"schema":{"@context":"https:\/\/schema.org","@graph":[{"@type":"WebPage","@id":"https:\/\/uelzener.de\/magazin\/pferd\/tiergesundheit\/druse-pferd\/","url":"https:\/\/uelzener.de\/magazin\/pferd\/tiergesundheit\/druse-pferd\/","name":"Druse beim Pferd erkennen und behandeln | Uelzener","isPartOf":{"@id":"https:\/\/uelzener.de\/magazin\/#website"},"primaryImageOfPage":{"@id":"https:\/\/uelzener.de\/magazin\/pferd\/tiergesundheit\/druse-pferd\/#primaryimage"},"image":{"@id":"https:\/\/uelzener.de\/magazin\/pferd\/tiergesundheit\/druse-pferd\/#primaryimage"},"thumbnailUrl":"https:\/\/uelzener.de\/magazin\/app\/uploads\/2020\/03\/1faece7d-e630-4d47-bb78-e6e77324cdc1.jpg","datePublished":"2020-03-08T00:00:00+00:00","dateModified":"2023-03-14T07:44:43+00:00","description":"Erfahre alles zum Thema Druse beim Pferd \u2713 Symptome \u2713 \u00dcbertragung \u2713 Inkubationszeit \u2713 Behandlung \u25b6 Jetzt schlaumachen!","breadcrumb":{"@id":"https:\/\/uelzener.de\/magazin\/pferd\/tiergesundheit\/druse-pferd\/#breadcrumb"},"inLanguage":"de","potentialAction":[{"@type":"ReadAction","target":["https:\/\/uelzener.de\/magazin\/pferd\/tiergesundheit\/druse-pferd\/"]}]},{"@type":"ImageObject","inLanguage":"de","@id":"https:\/\/uelzener.de\/magazin\/pferd\/tiergesundheit\/druse-pferd\/#primaryimage","url":"https:\/\/uelzener.de\/magazin\/app\/uploads\/2020\/03\/1faece7d-e630-4d47-bb78-e6e77324cdc1.jpg","contentUrl":"https:\/\/uelzener.de\/magazin\/app\/uploads\/2020\/03\/1faece7d-e630-4d47-bb78-e6e77324cdc1.jpg","width":952,"height":496,"caption":"Ein dunkelbraunes Pferd steht beim Tierarzt. Es ist an Druse erkrankt."},{"@type":"WebSite","@id":"https:\/\/uelzener.de\/magazin\/#website","url":"https:\/\/uelzener.de\/magazin\/","name":"Uelzener Tiermagazin","description":"Online Tierratgeber der Uelzener Versicherungen","publisher":{"@id":"https:\/\/uelzener.de\/magazin\/#organization"},"potentialAction":[{"@type":"SearchAction","target":{"@type":"EntryPoint","urlTemplate":"https:\/\/uelzener.de\/magazin\/?s={search_term_string}"},"query-input":{"@type":"PropertyValueSpecification","valueRequired":true,"valueName":"search_term_string"}}],"inLanguage":"de"},{"@type":"Organization","@id":"https:\/\/uelzener.de\/magazin\/#organization","name":"Uelzener Versicherungen","url":"https:\/\/uelzener.de\/magazin\/","logo":{"@type":"ImageObject","inLanguage":"de","@id":"https:\/\/uelzener.de\/magazin\/#\/schema\/logo\/image\/","url":"https:\/\/uelzener.de\/magazin\/app\/uploads\/2024\/11\/uelzener_allgemeine_versicherungsgesellschaft_a_g_logo.jpg","contentUrl":"https:\/\/uelzener.de\/magazin\/app\/uploads\/2024\/11\/uelzener_allgemeine_versicherungsgesellschaft_a_g_logo.jpg","width":200,"height":200,"caption":"Uelzener Versicherungen"},"image":{"@id":"https:\/\/uelzener.de\/magazin\/#\/schema\/logo\/image\/"},"sameAs":["https:\/\/www.facebook.com\/Uelzener","https:\/\/instagram.com\/uelzener","https:\/\/www.xing.com\/pages\/uelzenerallgemeineversicherungs-gesellschafta-g","https:\/\/www.youtube.com\/UelzenerVersicherungen"]}]}},"_links":{"self":[{"href":"https:\/\/uelzener.de\/magazin\/wp-json\/wp\/v2\/pages\/10286","targetHints":{"allow":["GET"]}}],"collection":[{"href":"https:\/\/uelzener.de\/magazin\/wp-json\/wp\/v2\/pages"}],"about":[{"href":"https:\/\/uelzener.de\/magazin\/wp-json\/wp\/v2\/types\/page"}],"author":[{"embeddable":true,"href":"https:\/\/uelzener.de\/magazin\/wp-json\/wp\/v2\/users\/1"}],"replies":[{"embeddable":true,"href":"https:\/\/uelzener.de\/magazin\/wp-json\/wp\/v2\/comments?post=10286"}],"version-history":[{"count":8,"href":"https:\/\/uelzener.de\/magazin\/wp-json\/wp\/v2\/pages\/10286\/revisions"}],"predecessor-version":[{"id":14767,"href":"https:\/\/uelzener.de\/magazin\/wp-json\/wp\/v2\/pages\/10286\/revisions\/14767"}],"up":[{"embeddable":true,"href":"https:\/\/uelzener.de\/magazin\/wp-json\/wp\/v2\/pages\/11706"}],"wp:featuredmedia":[{"embeddable":true,"href":"https:\/\/uelzener.de\/magazin\/wp-json\/wp\/v2\/media\/10875"}],"wp:attachment":[{"href":"https:\/\/uelzener.de\/magazin\/wp-json\/wp\/v2\/media?parent=10286"}],"curies":[{"name":"wp","href":"https:\/\/api.w.org\/{rel}","templated":true}]}}