{"id":10285,"date":"2020-09-21T00:00:00","date_gmt":"2020-09-21T00:00:00","guid":{"rendered":""},"modified":"2023-03-23T11:27:32","modified_gmt":"2023-03-23T10:27:32","slug":"wie-schlafen-pferde","status":"publish","type":"page","link":"https:\/\/uelzener.de\/magazin\/pferd\/haeufige-fragen\/wie-schlafen-pferde\/","title":{"rendered":"Wie schlafen Pferde?"},"content":{"rendered":"<p><strong>W\u00e4hrend wir Menschen pro Nacht zwischen sechs und neun Stunden Schlaf am St\u00fcck brauchen, um fit durch den Tag zu kommen, schl\u00e4ft ein Pferd selten mehr als 20 Minuten am St\u00fcck \u2013 das aber mehrmals t\u00e4glich. Was du \u00fcber den Pferdeschlaf wissen solltest, liest du hier.<\/strong><\/p>\n<h2>Pferde sind Etappenschl\u00e4fer<\/h2>\n<p>Wir Menschen brauchen eine lange Phase des Schlafs, um uns gut zu erholen und erfrischt in den Tag zu starten. Auch f\u00fcr Pferde ist Schlaf wichtig, um zu regenerieren. Pferde bevorzugen allerdings eine Art \u201ePowernapping\u201c \u2013 selten dauert eine Schlafphase des Pferdes l\u00e4nger als 20 Minuten. Das allerdings kann f\u00fcnf- bis achtmal t\u00e4glich passieren, teils in der Nacht, teils aber auch in der Mittagszeit.<\/p>\n<h2>Schlafen und D\u00f6sen<\/h2>\n<p>Beim Pferd unterscheidet man zwischen zwei unterschiedlichen Arten des Schlafens sowie dem D\u00f6sen. Vereinfacht gesagt, gibt es neben dem D\u00f6sen den leichten und den tiefen Schlaf, den die Experten SW oder SWS-Schlaf (SW = Slow Wave, SWS = Slow Wave Sleep) und REM-Schlaf (REM = Rapid Eye Movement) nennen.<\/p>\n<p>Der Unterschied bei den Schlaf-Arten: Im leichten SWS-Schlaf ist die Muskulatur des Pferdes schon etwas entspannt, im REM-Schlaf dagegen werden Kreislauf und Atmung richtig heruntergefahren und die Muskulatur kommt in einen fast vollst\u00e4ndigen Entspannungszustand. W\u00e4hrend das Pferd beim D\u00f6sen grunds\u00e4tzlich steht, mit leicht gesenktem Hals und halboffenen Augen, oft auch auf einem Hinterbein ruhend, gestaltet sich dies anders beim SWS- und REM-Schlaf: Im leichten Schlaf kann das Pferd stehen oder in einer so genannten Brustlage liegen (Hals liegt nicht, Pferd liegt auf dem Brustkorb). Im REM- oder Tiefschlaf liegt das Pferd komplett auf der Seite, mit auf dem Boden liegenden Hals und Kopf. Oft ist ein Augenzucken zu erkennen \u2013 daher der Begriff Rapid Eye Movement. Das kommt daher, dass das Gehirn im Tiefschlaf arbeitet. REM-Schlaf ist f\u00fcr die Regeneration des Pferdes unerl\u00e4sslich!<\/p>\n<p>Beim D\u00f6sen nimmt das Pferd Umweltreize noch sehr schnell wahr, sein Fluchtinstinkt kann sozusagen von einem Moment auf den n\u00e4chsten in die h\u00f6chste Alarmbereitschaft versetzt werden. Je nach Schlafintensit\u00e4t sinkt selbstverst\u00e4ndlich auch die Reaktions-Schnelligkeit des Pferdes.<\/p>\n<h2>Schlafen in der Gemeinschaft?<\/h2>\n<p>Besonders auf der Weide kann man beobachten, dass niemals alle Pferde zur gleichen Zeit schlafen \u2013 es gibt sozusagen immer die, die aufpassen, und die, die sich erholen. Damit ein Pferd sich in seiner Box zum Schlafen hinlegt, muss die Box gen\u00fcgend Platz bieten und vor allem muss das Stroh- oder Sp\u00e4nelager dick und weich sein.<\/p>\n<h2>Schlaf auch im Stehen?<\/h2>\n<p>Es kommt uns wie ein kleines Wunder vor, dass Pferde auch im Stehen nicht nur d\u00f6sen, sondern sogar schlafen k\u00f6nnen; jedenfalls den SWS-Schlaf. W\u00e4hrend wir Menschen es kennen, dass wir beispielsweise sitzend einnicken und dann ruckartig wieder aufwachen, weil unsere Muskulatur erschlafft ist und wir pl\u00f6tzlich nach vorne kippen, kann ein Pferd sich im Schlaf aufrecht halten. Hierzu hat die Natur es mit einer sogenannten Spanns\u00e4genkonstruktion ausgestattet. Damit ist es dem Pferd m\u00f6glich, seine Kniescheibe so \u00fcber seinen Oberschenkelknochen zu legen und \u201eeinzuhaken\u201c, dass das Kniegelenk fixiert und steif ist. Das Sprunggelenk wird durch starke Sehnen gehalten. Im Schlaf wechselt das Pferd die Last von einem aufs andere Hinterbein und aktiviert auf diese Weise wechselnd seine Spanns\u00e4genkonstruktion zum sicheren Schlaf im Stehen.<\/p>\n<p><img decoding=\"async\" src=\"\/magazin\/app\/uploads\/2021\/02\/a82de534-a246-4c0d-8f72-20f6a2d24521.jpg\" \/><\/p>\n<p>Untersuchungen haben ergeben, dass Fohlen einen deutlich h\u00f6heren Schlafbedarf haben als adulte Pferde. W\u00e4hrend das erwachsene Pferd rund drei Stunden t\u00e4glich in Etappen schl\u00e4ft und weitere drei Stunden d\u00f6st, kann sich diese Zeit bei frisch geborenen Fohlen verdoppeln. Weiterhin fand man heraus, dass Stutfohlen h\u00e4ufiger in Seitenlage schlafen als Hengstfohlen. Und dass Pferde, die sportlich stark beansprucht werden, zum Beispiel Vielseitigkeitspferde, einen gr\u00f6\u00dferen Ruhebedarf haben als freizeitlich genutzte Pferde. Weiterhin wurde festgestellt, dass \u00e4ltere Pferde es weitgehend vermeiden, sich hinzulegen (au\u00dfer f\u00fcr den REM-Schlaf) \u2013 denn das Aufstehen macht ihnen mehr M\u00fche oder bereitet ihnen sogar Schmerzen. Darum ist es f\u00fcr \u00e4ltere Pferde besonders wichtig, ihnen viel Platz anzubieten und die Box gro\u00dfz\u00fcgig einzustreuen!<\/p>\n<p>M\u00f6chtest du noch mehr Wissenswertes \u00fcber Pferde? Hier haben wir <a href=\"https:\/\/uelzener.de\/magazin\/pferd\/tipps-fuer-den-alltag\/zehn-kuriose-fakten-ueber-pferde\/\">10 Pferde-Fakten<\/a> f\u00fcr dich gesammelt.<\/p>\n<h2>Checkliste Pferdeschlaf<\/h2>\n<ul>\n<li>Man unterscheidet zwischen D\u00f6sen und Schlafen.<\/li>\n<li>Zwei verschiedene Schlaf-Phasen gibt es: SWS-Schlaf (leichterer Schlaf) und REM-Schlaf (totale Entspannung).<\/li>\n<li>REM-Schlaf ist wichtig zur Regeneration, dabei muss das Pferd liegen. Ansonsten k\u00f6nnen Pferde aufgrund ihrer Spanns\u00e4genkonstruktion der Hinterbeine auch im Stehen schlafen.<\/li>\n<li>Je nach Alter und sportlicher Beanspruchung ist der Schlafbedarf unterschiedlich hoch.<\/li>\n<\/ul>\n","protected":false},"excerpt":{"rendered":"<p>W\u00e4hrend wir Menschen pro Nacht zwischen sechs und neun Stunden Schlaf am St\u00fcck brauchen, um fit durch den Tag zu kommen, schl\u00e4ft ein Pferd selten mehr als 20 Minuten am St\u00fcck \u2013 das aber mehrmals t\u00e4glich. Was du \u00fcber den Pferdeschlaf wissen solltest, liest du hier. Pferde sind Etappenschl\u00e4fer Wir Menschen brauchen eine lange Phase [&hellip;]<\/p>\n","protected":false},"author":1,"featured_media":10874,"parent":11685,"menu_order":21,"comment_status":"open","ping_status":"open","template":"templates\/blog.php","meta":{"_acf_changed":false,"_crdt_document":"","footnotes":"","beyondwords_generate_audio":"","beyondwords_project_id":"","beyondwords_content_id":"","beyondwords_preview_token":"","beyondwords_player_style":"","beyondwords_language_id":"","beyondwords_title_voice_id":"","beyondwords_body_voice_id":"","beyondwords_summary_voice_id":"","beyondwords_error_message":"","beyondwords_disabled":"","beyondwords_delete_content":"","beyondwords_podcast_id":"","beyondwords_hash":"","publish_post_to_speechkit":"","speechkit_hash":"","speechkit_generate_audio":"","speechkit_project_id":"","speechkit_podcast_id":"","speechkit_error_message":"","speechkit_disabled":"","speechkit_access_key":"","speechkit_error":"","speechkit_info":"","speechkit_response":"","speechkit_retries":"","speechkit_status":"","speechkit_updated_at":"","_speechkit_link":"","_speechkit_text":""},"class_list":["post-10285","page","type-page","status-publish","has-post-thumbnail","hentry"],"acf":[],"yoast_head":"<!-- This site is optimized with the Yoast SEO Premium plugin  - https:\/\/yoast.com\/product\/yoast-seo-premium-wordpress\/ -->\n<title>Wie schlafen Pferde? Alles \u00fcber den Pferdeschlaf | Uelzener<\/title>\n<meta name=\"description\" content=\"Wir erkl\u00e4ren, wie Pferde schlafen \u2713 t\u00e4glicher Schafbedarf \u2713 im Stehen &amp; Liegen \u2713 Unterschied Schlafen &amp; D\u00f6sen \u25b6 Mehr erfahren!\" \/>\n<meta name=\"robots\" content=\"index, follow, max-snippet:-1, max-image-preview:large, max-video-preview:-1\" \/>\n<link rel=\"canonical\" href=\"https:\/\/uelzener.de\/magazin\/pferd\/haeufige-fragen\/wie-schlafen-pferde\/\" \/>\n<meta property=\"og:locale\" content=\"de_DE\" \/>\n<meta property=\"og:type\" content=\"article\" \/>\n<meta property=\"og:title\" content=\"Wie schlafen Pferde?\" \/>\n<meta property=\"og:description\" content=\"Wir erkl\u00e4ren, wie Pferde schlafen \u2713 t\u00e4glicher Schafbedarf \u2713 im Stehen &amp; Liegen \u2713 Unterschied Schlafen &amp; D\u00f6sen \u25b6 Mehr erfahren!\" \/>\n<meta property=\"og:url\" content=\"https:\/\/uelzener.de\/magazin\/pferd\/haeufige-fragen\/wie-schlafen-pferde\/\" \/>\n<meta property=\"og:site_name\" content=\"Uelzener Tier-Magazin\" \/>\n<meta property=\"article:publisher\" content=\"https:\/\/www.facebook.com\/Uelzener\" \/>\n<meta property=\"article:modified_time\" content=\"2023-03-23T10:27:32+00:00\" \/>\n<meta property=\"og:image\" content=\"https:\/\/uelzener.de\/magazin\/app\/uploads\/2020\/09\/3dffe9c3-153f-4d04-9f94-59c3a3748312.jpg\" \/>\n\t<meta property=\"og:image:width\" content=\"1920\" \/>\n\t<meta property=\"og:image:height\" content=\"1001\" \/>\n\t<meta property=\"og:image:type\" content=\"image\/jpeg\" \/>\n<meta name=\"twitter:card\" content=\"summary_large_image\" \/>\n<meta name=\"twitter:label1\" content=\"Gesch\u00e4tzte Lesezeit\" \/>\n\t<meta name=\"twitter:data1\" content=\"4\u00a0Minuten\" \/>\n<script type=\"application\/ld+json\" class=\"yoast-schema-graph\">{\"@context\":\"https:\/\/schema.org\",\"@graph\":[{\"@type\":\"WebPage\",\"@id\":\"https:\/\/uelzener.de\/magazin\/pferd\/haeufige-fragen\/wie-schlafen-pferde\/\",\"url\":\"https:\/\/uelzener.de\/magazin\/pferd\/haeufige-fragen\/wie-schlafen-pferde\/\",\"name\":\"Wie schlafen Pferde? Alles \u00fcber den Pferdeschlaf | Uelzener\",\"isPartOf\":{\"@id\":\"https:\/\/uelzener.de\/magazin\/#website\"},\"primaryImageOfPage\":{\"@id\":\"https:\/\/uelzener.de\/magazin\/pferd\/haeufige-fragen\/wie-schlafen-pferde\/#primaryimage\"},\"image\":{\"@id\":\"https:\/\/uelzener.de\/magazin\/pferd\/haeufige-fragen\/wie-schlafen-pferde\/#primaryimage\"},\"thumbnailUrl\":\"https:\/\/uelzener.de\/magazin\/app\/uploads\/2020\/09\/3dffe9c3-153f-4d04-9f94-59c3a3748312.jpg\",\"datePublished\":\"2020-09-21T00:00:00+00:00\",\"dateModified\":\"2023-03-23T10:27:32+00:00\",\"description\":\"Wir erkl\u00e4ren, wie Pferde schlafen \u2713 t\u00e4glicher Schafbedarf \u2713 im Stehen & Liegen \u2713 Unterschied Schlafen & D\u00f6sen \u25b6 Mehr erfahren!\",\"breadcrumb\":{\"@id\":\"https:\/\/uelzener.de\/magazin\/pferd\/haeufige-fragen\/wie-schlafen-pferde\/#breadcrumb\"},\"inLanguage\":\"de\",\"potentialAction\":[{\"@type\":\"ReadAction\",\"target\":[\"https:\/\/uelzener.de\/magazin\/pferd\/haeufige-fragen\/wie-schlafen-pferde\/\"]}]},{\"@type\":\"ImageObject\",\"inLanguage\":\"de\",\"@id\":\"https:\/\/uelzener.de\/magazin\/pferd\/haeufige-fragen\/wie-schlafen-pferde\/#primaryimage\",\"url\":\"https:\/\/uelzener.de\/magazin\/app\/uploads\/2020\/09\/3dffe9c3-153f-4d04-9f94-59c3a3748312.jpg\",\"contentUrl\":\"https:\/\/uelzener.de\/magazin\/app\/uploads\/2020\/09\/3dffe9c3-153f-4d04-9f94-59c3a3748312.jpg\",\"width\":1920,\"height\":1001,\"caption\":\"Ein Pferd schl\u00e4ft im stehen vor blauem Himmel.\"},{\"@type\":\"WebSite\",\"@id\":\"https:\/\/uelzener.de\/magazin\/#website\",\"url\":\"https:\/\/uelzener.de\/magazin\/\",\"name\":\"Uelzener Tiermagazin\",\"description\":\"Online Tierratgeber der Uelzener Versicherungen\",\"publisher\":{\"@id\":\"https:\/\/uelzener.de\/magazin\/#organization\"},\"potentialAction\":[{\"@type\":\"SearchAction\",\"target\":{\"@type\":\"EntryPoint\",\"urlTemplate\":\"https:\/\/uelzener.de\/magazin\/?s={search_term_string}\"},\"query-input\":{\"@type\":\"PropertyValueSpecification\",\"valueRequired\":true,\"valueName\":\"search_term_string\"}}],\"inLanguage\":\"de\"},{\"@type\":\"Organization\",\"@id\":\"https:\/\/uelzener.de\/magazin\/#organization\",\"name\":\"Uelzener Versicherungen\",\"url\":\"https:\/\/uelzener.de\/magazin\/\",\"logo\":{\"@type\":\"ImageObject\",\"inLanguage\":\"de\",\"@id\":\"https:\/\/uelzener.de\/magazin\/#\/schema\/logo\/image\/\",\"url\":\"https:\/\/uelzener.de\/magazin\/app\/uploads\/2024\/11\/uelzener_allgemeine_versicherungsgesellschaft_a_g_logo.jpg\",\"contentUrl\":\"https:\/\/uelzener.de\/magazin\/app\/uploads\/2024\/11\/uelzener_allgemeine_versicherungsgesellschaft_a_g_logo.jpg\",\"width\":200,\"height\":200,\"caption\":\"Uelzener Versicherungen\"},\"image\":{\"@id\":\"https:\/\/uelzener.de\/magazin\/#\/schema\/logo\/image\/\"},\"sameAs\":[\"https:\/\/www.facebook.com\/Uelzener\",\"https:\/\/instagram.com\/uelzener\",\"https:\/\/www.xing.com\/pages\/uelzenerallgemeineversicherungs-gesellschafta-g\",\"https:\/\/www.youtube.com\/UelzenerVersicherungen\"]}]}<\/script>\n<!-- \/ Yoast SEO Premium plugin. -->","yoast_head_json":{"title":"Wie schlafen Pferde? Alles \u00fcber den Pferdeschlaf | Uelzener","description":"Wir erkl\u00e4ren, wie Pferde schlafen \u2713 t\u00e4glicher Schafbedarf \u2713 im Stehen & Liegen \u2713 Unterschied Schlafen & D\u00f6sen \u25b6 Mehr erfahren!","robots":{"index":"index","follow":"follow","max-snippet":"max-snippet:-1","max-image-preview":"max-image-preview:large","max-video-preview":"max-video-preview:-1"},"canonical":"https:\/\/uelzener.de\/magazin\/pferd\/haeufige-fragen\/wie-schlafen-pferde\/","og_locale":"de_DE","og_type":"article","og_title":"Wie schlafen Pferde?","og_description":"Wir erkl\u00e4ren, wie Pferde schlafen \u2713 t\u00e4glicher Schafbedarf \u2713 im Stehen & Liegen \u2713 Unterschied Schlafen & D\u00f6sen \u25b6 Mehr erfahren!","og_url":"https:\/\/uelzener.de\/magazin\/pferd\/haeufige-fragen\/wie-schlafen-pferde\/","og_site_name":"Uelzener Tier-Magazin","article_publisher":"https:\/\/www.facebook.com\/Uelzener","article_modified_time":"2023-03-23T10:27:32+00:00","og_image":[{"width":1920,"height":1001,"url":"https:\/\/uelzener.de\/magazin\/app\/uploads\/2020\/09\/3dffe9c3-153f-4d04-9f94-59c3a3748312.jpg","type":"image\/jpeg"}],"twitter_card":"summary_large_image","twitter_misc":{"Gesch\u00e4tzte Lesezeit":"4\u00a0Minuten"},"schema":{"@context":"https:\/\/schema.org","@graph":[{"@type":"WebPage","@id":"https:\/\/uelzener.de\/magazin\/pferd\/haeufige-fragen\/wie-schlafen-pferde\/","url":"https:\/\/uelzener.de\/magazin\/pferd\/haeufige-fragen\/wie-schlafen-pferde\/","name":"Wie schlafen Pferde? Alles \u00fcber den Pferdeschlaf | Uelzener","isPartOf":{"@id":"https:\/\/uelzener.de\/magazin\/#website"},"primaryImageOfPage":{"@id":"https:\/\/uelzener.de\/magazin\/pferd\/haeufige-fragen\/wie-schlafen-pferde\/#primaryimage"},"image":{"@id":"https:\/\/uelzener.de\/magazin\/pferd\/haeufige-fragen\/wie-schlafen-pferde\/#primaryimage"},"thumbnailUrl":"https:\/\/uelzener.de\/magazin\/app\/uploads\/2020\/09\/3dffe9c3-153f-4d04-9f94-59c3a3748312.jpg","datePublished":"2020-09-21T00:00:00+00:00","dateModified":"2023-03-23T10:27:32+00:00","description":"Wir erkl\u00e4ren, wie Pferde schlafen \u2713 t\u00e4glicher Schafbedarf \u2713 im Stehen & Liegen \u2713 Unterschied Schlafen & D\u00f6sen \u25b6 Mehr erfahren!","breadcrumb":{"@id":"https:\/\/uelzener.de\/magazin\/pferd\/haeufige-fragen\/wie-schlafen-pferde\/#breadcrumb"},"inLanguage":"de","potentialAction":[{"@type":"ReadAction","target":["https:\/\/uelzener.de\/magazin\/pferd\/haeufige-fragen\/wie-schlafen-pferde\/"]}]},{"@type":"ImageObject","inLanguage":"de","@id":"https:\/\/uelzener.de\/magazin\/pferd\/haeufige-fragen\/wie-schlafen-pferde\/#primaryimage","url":"https:\/\/uelzener.de\/magazin\/app\/uploads\/2020\/09\/3dffe9c3-153f-4d04-9f94-59c3a3748312.jpg","contentUrl":"https:\/\/uelzener.de\/magazin\/app\/uploads\/2020\/09\/3dffe9c3-153f-4d04-9f94-59c3a3748312.jpg","width":1920,"height":1001,"caption":"Ein Pferd schl\u00e4ft im stehen vor blauem Himmel."},{"@type":"WebSite","@id":"https:\/\/uelzener.de\/magazin\/#website","url":"https:\/\/uelzener.de\/magazin\/","name":"Uelzener Tiermagazin","description":"Online Tierratgeber der Uelzener Versicherungen","publisher":{"@id":"https:\/\/uelzener.de\/magazin\/#organization"},"potentialAction":[{"@type":"SearchAction","target":{"@type":"EntryPoint","urlTemplate":"https:\/\/uelzener.de\/magazin\/?s={search_term_string}"},"query-input":{"@type":"PropertyValueSpecification","valueRequired":true,"valueName":"search_term_string"}}],"inLanguage":"de"},{"@type":"Organization","@id":"https:\/\/uelzener.de\/magazin\/#organization","name":"Uelzener Versicherungen","url":"https:\/\/uelzener.de\/magazin\/","logo":{"@type":"ImageObject","inLanguage":"de","@id":"https:\/\/uelzener.de\/magazin\/#\/schema\/logo\/image\/","url":"https:\/\/uelzener.de\/magazin\/app\/uploads\/2024\/11\/uelzener_allgemeine_versicherungsgesellschaft_a_g_logo.jpg","contentUrl":"https:\/\/uelzener.de\/magazin\/app\/uploads\/2024\/11\/uelzener_allgemeine_versicherungsgesellschaft_a_g_logo.jpg","width":200,"height":200,"caption":"Uelzener Versicherungen"},"image":{"@id":"https:\/\/uelzener.de\/magazin\/#\/schema\/logo\/image\/"},"sameAs":["https:\/\/www.facebook.com\/Uelzener","https:\/\/instagram.com\/uelzener","https:\/\/www.xing.com\/pages\/uelzenerallgemeineversicherungs-gesellschafta-g","https:\/\/www.youtube.com\/UelzenerVersicherungen"]}]}},"_links":{"self":[{"href":"https:\/\/uelzener.de\/magazin\/wp-json\/wp\/v2\/pages\/10285","targetHints":{"allow":["GET"]}}],"collection":[{"href":"https:\/\/uelzener.de\/magazin\/wp-json\/wp\/v2\/pages"}],"about":[{"href":"https:\/\/uelzener.de\/magazin\/wp-json\/wp\/v2\/types\/page"}],"author":[{"embeddable":true,"href":"https:\/\/uelzener.de\/magazin\/wp-json\/wp\/v2\/users\/1"}],"replies":[{"embeddable":true,"href":"https:\/\/uelzener.de\/magazin\/wp-json\/wp\/v2\/comments?post=10285"}],"version-history":[{"count":8,"href":"https:\/\/uelzener.de\/magazin\/wp-json\/wp\/v2\/pages\/10285\/revisions"}],"predecessor-version":[{"id":13941,"href":"https:\/\/uelzener.de\/magazin\/wp-json\/wp\/v2\/pages\/10285\/revisions\/13941"}],"up":[{"embeddable":true,"href":"https:\/\/uelzener.de\/magazin\/wp-json\/wp\/v2\/pages\/11685"}],"wp:featuredmedia":[{"embeddable":true,"href":"https:\/\/uelzener.de\/magazin\/wp-json\/wp\/v2\/media\/10874"}],"wp:attachment":[{"href":"https:\/\/uelzener.de\/magazin\/wp-json\/wp\/v2\/media?parent=10285"}],"curies":[{"name":"wp","href":"https:\/\/api.w.org\/{rel}","templated":true}]}}