{"id":10283,"date":"2020-09-21T00:00:00","date_gmt":"2020-09-21T00:00:00","guid":{"rendered":""},"modified":"2024-07-16T11:36:08","modified_gmt":"2024-07-16T09:36:08","slug":"fuehrtraining-pferd","status":"publish","type":"page","link":"https:\/\/uelzener.de\/magazin\/pferd\/erziehung-und-training\/fuehrtraining-pferd\/","title":{"rendered":"F\u00fchrtraining: Pferde richtig f\u00fchren"},"content":{"rendered":"<p>Ein Pferd f\u00fchren, das klingt erst einmal ganz einfach. Doch nicht jedes Pferd folgt einem auf Schritt und Tritt! Hier findest du Tipps, wie du die F\u00fchrungsrolle \u00fcbernehmen kannst.<\/p>\n<p>Manche haben vielleicht das Gl\u00fcck, dass ihnen ihr Pferd auf Schritt und Tritt folgt, ohne dass sie daf\u00fcr viel Training absolvieren m\u00fcssen. Andere haben\u2019s schwer: Das Pferd l\u00e4uft weiter, obwohl man stehenbleibt, es rempelt einen an, bei\u00dft in den F\u00fchrstrick oder Z\u00fcgel, kommt nicht vom Fleck, l\u00e4sst sich m\u00fchevoll um jeden einzelnen Schritt bitten. Da macht schon das F\u00fchren von der Wiese zum Putzplatz oder sp\u00e4ter vom Putzplatz zur Reitbahn absolut keinen Spa\u00df.<\/p>\n<h2>Die Vertrauensfrage<\/h2>\n<p>In der Beziehung zwischen Pferd und Mensch kann nur einer von beiden der Rangh\u00f6here sein. Das ist mehr oder weniger die Kernforderung, die sich nicht nur auf den Umgang mit dem Pferd generell und das Reiten, sondern speziell auch auf das F\u00fchren bezieht. \u201eDer Mensch bestimmt den Weg\u201c, fasst es die Pferdewirtschaftsmeisterin Waltraud B\u00f6hmke zusammen. Sie hat sich seit Jahren daf\u00fcr eingesetzt, dass in der Berufsreiter-Ausbildung die Basis-Bodenarbeit ihren Platz findet und ist Mitglied im FN-Arbeitskreis Bodenarbeit. \u201eIm Ergebnis l\u00e4sst sich ein Pferd dann f\u00fchren, wenn es den Menschen als Rangh\u00f6heren akzeptiert und ihm damit auch vertraut und folgt\u201c, sagt die Ausbilderin. Doch wie bringe ich dem Pferd bei, dass es sich von mir f\u00fchren l\u00e4sst?<\/p>\n<h2>Dreimal \u201eK\u201c: Kompetenz, Konzentration, Konsequenz<\/h2>\n<p>Die meisten Probleme beim F\u00fchren von Pferden entstehen aus Unwissenheit oder Unachtsamkeit. \u201eDer Mensch findet immer wieder Entschuldigungen, warum es beim F\u00fchren diesmal nicht so funktioniert hat oder warum er sein Pferd erst gar nicht selbst zur Weide f\u00fchrt, sondern dies jemand anderem \u00fcberl\u00e4sst\u201c, beschreibt B\u00f6hmke ihren Alltag mit Pferdehaltern. \u201eWenn man aber eine klare Vorstellung davon hat, was man m\u00f6chte, und diese konsequent verfolgt, dann klappt das auch!\u201c, ist sich die Expertin sicher, die in vielen Kursen und Seminaren anderen Pferdehaltern beibringt, wie man Bodenarbeit sinnvoll gestaltet.<\/p>\n<p>Es f\u00e4ngt schon an mit der K\u00f6rperhaltung und -sprache: Der Mensch sollte sich beim F\u00fchren stets so positionieren, dass er das Pferd noch im Augenwinkel beobachten kann \u2013 Kopf des Pferdes ungef\u00e4hr auf Schulterh\u00f6he des Menschen. So sieht der Mensch, ob das Pferd aufmerksam ist, kann am Ohrenspiel ablesen, ob das Pferd sich auf den Menschen konzentriert oder seine Aufmerksamkeit beispielsweise schon lange zu der Stute der Nachbarherde abgewandert ist.<\/p>\n<p>Man sollte schon jungen Pferden das F\u00fchren konsequent beibringen und sie lehren, die K\u00f6rpersprache des Menschen zu verstehen: Geht der Mensch vorw\u00e4rts, soll das Pferd folgen (nicht \u00fcberholen!), bleibt er stehen, soll das Pferd ebenfalls stehenbleiben. Wendet der Mensch, folgt das Pferd. Soweit die Theorie.<\/p>\n<p>Viele Menschen widmen der Erziehung vom Boden aus allerdings nicht gen\u00fcgend Aufmerksamkeit, \u201ees wird auch heutzutage weniger gelehrt\u201c, stellt B\u00f6hmke fest. Statt das Pferd zu \u201elesen\u201c wird erwartet, dass der Vierbeiner Gedanken lesen kann und brav tut, was man sich vorstellt. Allein durch Konzentration auf das, was man tut, gepaart mit konsequenter Erziehung beim F\u00fchren lassen sich fast alle F\u00fchrungsdiskussion zwischen Mensch und Pferd verhindern. Und das ist wichtig. Nicht nur, weil ziehende oder schleichende Pferde einem auf die Nerven gehen, sondern weil es auch gef\u00e4hrlich werden kann, wenn das Pferd nicht das macht, was der Mensch von ihm erwartet.<\/p>\n<p>Das Prinzip KKK gilt nat\u00fcrlich auch f\u00fcr andere Trainingsarten wie dem <a href=\"https:\/\/uelzener.de\/magazin\/pferd\/erziehung-und-training\/intervalltraining-pferd\/\">Intervalltraining<\/a>.<\/p>\n<h2>Schritt f\u00fcr Schritt \u2013 so klappt\u2019s mit dem F\u00fchrtraining<\/h2>\n<p>Der wichtigste Grundsatz beim F\u00fchrtraining ist die positive Verst\u00e4rkung von erw\u00fcnschtem Verhalten. Wenn du Probleme mit dem F\u00fchren hast, suche dir zun\u00e4chst einen ruhigen Ort, wo m\u00f6glichst keine Ablenkung droht. So gelingt es am besten, sich voll und ganz auf das Pferd zu konzentrieren \u2013 und umgekehrt das Pferd auch auf sich.<\/p>\n<p>Die meisten Pferde sind es gewohnt, von links gef\u00fchrt zu werden \u2013 es ist aber \u00dcbungssache, ob man von links oder rechts f\u00fchrt. Gerade bei problematischen Pferden allerdings ist es ratsamer, zun\u00e4chst von links, also mit der rechten Hand, zu f\u00fchren, besonders wenn man Rechtsh\u00e4nder ist.<\/p>\n<p>Wenn du das Pferd am Halfter f\u00fchrst, gehe ein paar Schritte und halte wieder an, eine Stimmhilfe, zum Beispiel \u201eHooo\u201c oder \u201eHaaaalt\u201c ist sehr hilfreich. Falls du ein sehr eifriges Pferd hast: Nutze deinen K\u00f6rper. Richten dich auf, wenn du anhalten willst, touchiere das Pferd eventuell mit der Hand oder einer kleinen Gerte an der Brust oder am Buggelenk, damit es stehen bleibt.<\/p>\n<p>Wenn dein Pferd eher zu den gem\u00fctlichen Kandidaten geh\u00f6rt und sich zu sehr \u201ebitten l\u00e4sst\u201c, nimm eine l\u00e4ngere Gerte in die Hand, mit der du dem Pferd auf die Sitzbeinh\u00f6cker oder tiefer am Hinterbein leichte Impulse geben kannst. \u201eAuch ein Leitseil kann hilfreich sein, mit dessen Hilfe man das Pferd hinter sich touchieren kann\u201c, wei\u00df Waltraud B\u00f6hmke aus jahrelanger Erfahrung. Verwende auch hier eine Stimmhilfe zur Unterst\u00fctzung, beispielsweise \u201ekomm\u201c. Achte darauf, nicht dauerhaft am Strick oder Z\u00fcgel zu ziehen \u2013 durch Druck entsteht Gegendruck. \u201eZupfe\u201c lieber mehrfach am Strick oder Z\u00fcgel. Und vergiss auch hier das Loben nicht, wenn das Pferd korrekt reagiert!<\/p>\n<p>Konzentriere dich darauf, dein Pferd langfristig stets an einem leicht durchh\u00e4ngenden Strick oder Z\u00fcgel zu f\u00fchren und sorge konsequent daf\u00fcr, dass das Pferd nicht am Strick oder Z\u00fcgel knabbert. Auch hier: Lobe erw\u00fcnschtes Verhalten und trainiere es, bis es selbstverst\u00e4ndlich ist.<\/p>\n<p>Das F\u00fchren auf Trense ist vor dem Reiten \u00fcblich \u2013 diese Pferde haben aber meist auch schon F\u00fchrtraining hinter sich. Denn die Trense birgt gerade beim Lernen die Gefahr, dass man das Pferd bei unachtsamen Bewegungen oder wenn es gar zur Seite springt, im Maul verletzt. Au\u00dferdem kann das F\u00fchren auf Trense auch wichtig sein, wenn <a href=\"https:\/\/uelzener.de\/magazin\/pferd\/erziehung-und-training\/pferde-im-strassenverkehr\/\">Pferde im Stra\u00dfenverkehr<\/a> gef\u00fchrt werden. Denn die StVO schreibt vor, dass die f\u00fchrende Person geeignet sein muss, ausreichend auf die Tiere einwirken zu k\u00f6nnen. Deshalb ist ein F\u00fchrtraining mit deinem Pferd vor der Teilnahme am Stra\u00dfenverkehr zu empfehlen.<\/p>\n<p>Einen kompletten <a href=\"https:\/\/securemail.uelzener.de\/link?id=BCAAAABGd7m3lfMOLOIhx3uNR_1Qav4Ffx8-jQB0torD82ts_JEAAAArkVcb5HhXmrEzCmWJqo0sB-jWwxP-Kv-NVx0Kmdg8fi5FxjiiWz14sP0KF_8vdf5XM5J1XCFCkqrx-saTskqhWENXtVyg_d0Ba3IFCSmrXM5B4j1ETDoB1_2ChsPJIcopE1tIEcasZCAWC1dVrHh1pjQSsnrPmTcgw_LvV5BrPMZX-Xg6MtKcnrGg8Pg2NrM20\">Online-Kurs<\/a> zum F\u00fchrtraining findest du \u00fcbrigens bei wehorse. In diesem Kurs lernst du Schritt-f\u00fcr-Schritt, wie du ein Pferd sicher und korrekt f\u00fchrst. Zudem erh\u00e4ltst du hilfreiche Tipps f\u00fcr unsichere Situationen und einen Einstieg in den Bereich Horsemanship.<\/p>\n\n<div class=\"related_articles boxed\">\n    <h2>Mehr zum Thema<\/h2>\n    \n    <div class=\"wrapper\"><div class=\"title align-center\"><h3><a href=\"https:\/\/uelzener.de\/magazin\/pferd\/erziehung-und-training\/horsemanship-mit-dem-pferd-auf-augenhoehe\/\">Horsemanship: Mit dem Pferd auf Augenh\u00f6he<\/a><\/h3><\/div><div class=\"img align-center\"><img decoding=\"async\" width=\"315\" height=\"180\" src=\"https:\/\/uelzener.de\/magazin\/app\/uploads\/2024\/04\/Horsemanship-315x180.jpg\" class=\"attachment-315x180 size-315x180 wp-post-image\" alt=\"Frau Kuschelt ein wei\u00dfes Pferd. Rechts daneben steht ein braunes Pferd.\" \/><\/div><\/div><div class=\"wrapper\"><div class=\"title align-center\"><h3><a href=\"https:\/\/uelzener.de\/magazin\/pferd\/erziehung-und-training\/horse-agility-grundlagen-trainingsmethoden\/\">Horse Agility: Grundlagen und Trainingsmethoden<\/a><\/h3><\/div><div class=\"img align-center\"><img decoding=\"async\" width=\"315\" height=\"180\" src=\"https:\/\/uelzener.de\/magazin\/app\/uploads\/2024\/07\/horse-agility-315x180.jpg\" class=\"attachment-315x180 size-315x180 wp-post-image\" alt=\"Pferd beim Horse Agility Training.\" \/><\/div><\/div><\/div>\n\n<h2>Checkliste F\u00fchrtraining<\/h2>\n<ul>\n<li>F\u00fchrtraining kann fr\u00fch, sogar schon im Fohlenalter begonnen werden.<\/li>\n<li>Kompetenz, Konzentration und Konsequenz sind die wichtigsten Bestandteile des Trainings.<\/li>\n<li>Die Arbeit mit positiver Verst\u00e4rkung bringt relativ schnelle Erfolge.<\/li>\n<li>Training sollte am Halfter oder Knotenhalfter erfolgen, weil das F\u00fchren mit Trense Verletzungsgefahren birgt.<\/li>\n<\/ul>\n","protected":false},"excerpt":{"rendered":"<p>Ein Pferd f\u00fchren, das klingt erst einmal ganz einfach. Doch nicht jedes Pferd folgt einem auf Schritt und Tritt! Hier findest du Tipps, wie du die F\u00fchrungsrolle \u00fcbernehmen kannst. Manche haben vielleicht das Gl\u00fcck, dass ihnen ihr Pferd auf Schritt und Tritt folgt, ohne dass sie daf\u00fcr viel Training absolvieren m\u00fcssen. Andere haben\u2019s schwer: Das [&hellip;]<\/p>\n","protected":false},"author":1,"featured_media":10872,"parent":11689,"menu_order":41,"comment_status":"open","ping_status":"open","template":"templates\/blog.php","meta":{"_acf_changed":false,"_crdt_document":"","footnotes":"","beyondwords_generate_audio":"","beyondwords_project_id":"","beyondwords_content_id":"","beyondwords_preview_token":"","beyondwords_player_style":"","beyondwords_language_id":"","beyondwords_title_voice_id":"","beyondwords_body_voice_id":"","beyondwords_summary_voice_id":"","beyondwords_error_message":"","beyondwords_disabled":"","beyondwords_delete_content":"","beyondwords_podcast_id":"","beyondwords_hash":"","publish_post_to_speechkit":"","speechkit_hash":"","speechkit_generate_audio":"","speechkit_project_id":"","speechkit_podcast_id":"","speechkit_error_message":"","speechkit_disabled":"","speechkit_access_key":"","speechkit_error":"","speechkit_info":"","speechkit_response":"","speechkit_retries":"","speechkit_status":"","speechkit_updated_at":"","_speechkit_link":"","_speechkit_text":""},"class_list":["post-10283","page","type-page","status-publish","has-post-thumbnail","hentry"],"acf":[],"yoast_head":"<!-- This site is optimized with the Yoast SEO Premium plugin  - https:\/\/yoast.com\/product\/yoast-seo-premium-wordpress\/ -->\n<title>F\u00fchrtraining mit Deinem Pferd \u2013 Pferde richtig f\u00fchren | Uelzener<\/title>\n<meta name=\"description\" content=\"So lernst Du, Dein Pferd richtig zu f\u00fchren \u2713 Tipps f\u00fcr ein erfolgreiches F\u00fchrtraining mit Pferden \u25b6 Hier informieren!\" \/>\n<meta name=\"robots\" content=\"index, follow, max-snippet:-1, max-image-preview:large, max-video-preview:-1\" \/>\n<link rel=\"canonical\" href=\"https:\/\/uelzener.de\/magazin\/pferd\/erziehung-und-training\/fuehrtraining-pferd\/\" \/>\n<meta property=\"og:locale\" content=\"de_DE\" \/>\n<meta property=\"og:type\" content=\"article\" \/>\n<meta property=\"og:title\" content=\"F\u00fchrtraining: Pferde richtig f\u00fchren\" \/>\n<meta property=\"og:description\" content=\"So lernst Du, Dein Pferd richtig zu f\u00fchren \u2713 Tipps f\u00fcr ein erfolgreiches F\u00fchrtraining mit Pferden \u25b6 Hier informieren!\" \/>\n<meta property=\"og:url\" content=\"https:\/\/uelzener.de\/magazin\/pferd\/erziehung-und-training\/fuehrtraining-pferd\/\" \/>\n<meta property=\"og:site_name\" content=\"Uelzener Tier-Magazin\" \/>\n<meta property=\"article:publisher\" content=\"https:\/\/www.facebook.com\/Uelzener\" \/>\n<meta property=\"article:modified_time\" content=\"2024-07-16T09:36:08+00:00\" \/>\n<meta property=\"og:image\" content=\"https:\/\/uelzener.de\/magazin\/app\/uploads\/2020\/09\/5730c5e6-f10c-47fa-b3d2-c4126ce23e54-scaled.jpg\" \/>\n\t<meta property=\"og:image:width\" content=\"2560\" \/>\n\t<meta property=\"og:image:height\" content=\"1334\" \/>\n\t<meta property=\"og:image:type\" content=\"image\/jpeg\" \/>\n<meta name=\"twitter:card\" content=\"summary_large_image\" \/>\n<meta name=\"twitter:label1\" content=\"Gesch\u00e4tzte Lesezeit\" \/>\n\t<meta name=\"twitter:data1\" content=\"5\u00a0Minuten\" \/>\n<script type=\"application\/ld+json\" class=\"yoast-schema-graph\">{\"@context\":\"https:\/\/schema.org\",\"@graph\":[{\"@type\":\"WebPage\",\"@id\":\"https:\/\/uelzener.de\/magazin\/pferd\/erziehung-und-training\/fuehrtraining-pferd\/\",\"url\":\"https:\/\/uelzener.de\/magazin\/pferd\/erziehung-und-training\/fuehrtraining-pferd\/\",\"name\":\"F\u00fchrtraining mit Deinem Pferd \u2013 Pferde richtig f\u00fchren | Uelzener\",\"isPartOf\":{\"@id\":\"https:\/\/uelzener.de\/magazin\/#website\"},\"primaryImageOfPage\":{\"@id\":\"https:\/\/uelzener.de\/magazin\/pferd\/erziehung-und-training\/fuehrtraining-pferd\/#primaryimage\"},\"image\":{\"@id\":\"https:\/\/uelzener.de\/magazin\/pferd\/erziehung-und-training\/fuehrtraining-pferd\/#primaryimage\"},\"thumbnailUrl\":\"https:\/\/uelzener.de\/magazin\/app\/uploads\/2020\/09\/5730c5e6-f10c-47fa-b3d2-c4126ce23e54-scaled.jpg\",\"datePublished\":\"2020-09-21T00:00:00+00:00\",\"dateModified\":\"2024-07-16T09:36:08+00:00\",\"description\":\"So lernst Du, Dein Pferd richtig zu f\u00fchren \u2713 Tipps f\u00fcr ein erfolgreiches F\u00fchrtraining mit Pferden \u25b6 Hier informieren!\",\"breadcrumb\":{\"@id\":\"https:\/\/uelzener.de\/magazin\/pferd\/erziehung-und-training\/fuehrtraining-pferd\/#breadcrumb\"},\"inLanguage\":\"de\",\"potentialAction\":[{\"@type\":\"ReadAction\",\"target\":[\"https:\/\/uelzener.de\/magazin\/pferd\/erziehung-und-training\/fuehrtraining-pferd\/\"]}]},{\"@type\":\"ImageObject\",\"inLanguage\":\"de\",\"@id\":\"https:\/\/uelzener.de\/magazin\/pferd\/erziehung-und-training\/fuehrtraining-pferd\/#primaryimage\",\"url\":\"https:\/\/uelzener.de\/magazin\/app\/uploads\/2020\/09\/5730c5e6-f10c-47fa-b3d2-c4126ce23e54-scaled.jpg\",\"contentUrl\":\"https:\/\/uelzener.de\/magazin\/app\/uploads\/2020\/09\/5730c5e6-f10c-47fa-b3d2-c4126ce23e54-scaled.jpg\",\"width\":2560,\"height\":1334,\"caption\":\"Eine Frau l\u00e4uft mit ihrem Pferd \u00fcber eine gr\u00fcne Wiese, sie sind beim F\u00fchrtraining.\"},{\"@type\":\"WebSite\",\"@id\":\"https:\/\/uelzener.de\/magazin\/#website\",\"url\":\"https:\/\/uelzener.de\/magazin\/\",\"name\":\"Uelzener Tiermagazin\",\"description\":\"Online Tierratgeber der Uelzener Versicherungen\",\"publisher\":{\"@id\":\"https:\/\/uelzener.de\/magazin\/#organization\"},\"potentialAction\":[{\"@type\":\"SearchAction\",\"target\":{\"@type\":\"EntryPoint\",\"urlTemplate\":\"https:\/\/uelzener.de\/magazin\/?s={search_term_string}\"},\"query-input\":{\"@type\":\"PropertyValueSpecification\",\"valueRequired\":true,\"valueName\":\"search_term_string\"}}],\"inLanguage\":\"de\"},{\"@type\":\"Organization\",\"@id\":\"https:\/\/uelzener.de\/magazin\/#organization\",\"name\":\"Uelzener Versicherungen\",\"url\":\"https:\/\/uelzener.de\/magazin\/\",\"logo\":{\"@type\":\"ImageObject\",\"inLanguage\":\"de\",\"@id\":\"https:\/\/uelzener.de\/magazin\/#\/schema\/logo\/image\/\",\"url\":\"https:\/\/uelzener.de\/magazin\/app\/uploads\/2024\/11\/uelzener_allgemeine_versicherungsgesellschaft_a_g_logo.jpg\",\"contentUrl\":\"https:\/\/uelzener.de\/magazin\/app\/uploads\/2024\/11\/uelzener_allgemeine_versicherungsgesellschaft_a_g_logo.jpg\",\"width\":200,\"height\":200,\"caption\":\"Uelzener Versicherungen\"},\"image\":{\"@id\":\"https:\/\/uelzener.de\/magazin\/#\/schema\/logo\/image\/\"},\"sameAs\":[\"https:\/\/www.facebook.com\/Uelzener\",\"https:\/\/instagram.com\/uelzener\",\"https:\/\/www.xing.com\/pages\/uelzenerallgemeineversicherungs-gesellschafta-g\",\"https:\/\/www.youtube.com\/UelzenerVersicherungen\"]}]}<\/script>\n<!-- \/ Yoast SEO Premium plugin. -->","yoast_head_json":{"title":"F\u00fchrtraining mit Deinem Pferd \u2013 Pferde richtig f\u00fchren | Uelzener","description":"So lernst Du, Dein Pferd richtig zu f\u00fchren \u2713 Tipps f\u00fcr ein erfolgreiches F\u00fchrtraining mit Pferden \u25b6 Hier informieren!","robots":{"index":"index","follow":"follow","max-snippet":"max-snippet:-1","max-image-preview":"max-image-preview:large","max-video-preview":"max-video-preview:-1"},"canonical":"https:\/\/uelzener.de\/magazin\/pferd\/erziehung-und-training\/fuehrtraining-pferd\/","og_locale":"de_DE","og_type":"article","og_title":"F\u00fchrtraining: Pferde richtig f\u00fchren","og_description":"So lernst Du, Dein Pferd richtig zu f\u00fchren \u2713 Tipps f\u00fcr ein erfolgreiches F\u00fchrtraining mit Pferden \u25b6 Hier informieren!","og_url":"https:\/\/uelzener.de\/magazin\/pferd\/erziehung-und-training\/fuehrtraining-pferd\/","og_site_name":"Uelzener Tier-Magazin","article_publisher":"https:\/\/www.facebook.com\/Uelzener","article_modified_time":"2024-07-16T09:36:08+00:00","og_image":[{"width":2560,"height":1334,"url":"https:\/\/uelzener.de\/magazin\/app\/uploads\/2020\/09\/5730c5e6-f10c-47fa-b3d2-c4126ce23e54-scaled.jpg","type":"image\/jpeg"}],"twitter_card":"summary_large_image","twitter_misc":{"Gesch\u00e4tzte Lesezeit":"5\u00a0Minuten"},"schema":{"@context":"https:\/\/schema.org","@graph":[{"@type":"WebPage","@id":"https:\/\/uelzener.de\/magazin\/pferd\/erziehung-und-training\/fuehrtraining-pferd\/","url":"https:\/\/uelzener.de\/magazin\/pferd\/erziehung-und-training\/fuehrtraining-pferd\/","name":"F\u00fchrtraining mit Deinem Pferd \u2013 Pferde richtig f\u00fchren | Uelzener","isPartOf":{"@id":"https:\/\/uelzener.de\/magazin\/#website"},"primaryImageOfPage":{"@id":"https:\/\/uelzener.de\/magazin\/pferd\/erziehung-und-training\/fuehrtraining-pferd\/#primaryimage"},"image":{"@id":"https:\/\/uelzener.de\/magazin\/pferd\/erziehung-und-training\/fuehrtraining-pferd\/#primaryimage"},"thumbnailUrl":"https:\/\/uelzener.de\/magazin\/app\/uploads\/2020\/09\/5730c5e6-f10c-47fa-b3d2-c4126ce23e54-scaled.jpg","datePublished":"2020-09-21T00:00:00+00:00","dateModified":"2024-07-16T09:36:08+00:00","description":"So lernst Du, Dein Pferd richtig zu f\u00fchren \u2713 Tipps f\u00fcr ein erfolgreiches F\u00fchrtraining mit Pferden \u25b6 Hier informieren!","breadcrumb":{"@id":"https:\/\/uelzener.de\/magazin\/pferd\/erziehung-und-training\/fuehrtraining-pferd\/#breadcrumb"},"inLanguage":"de","potentialAction":[{"@type":"ReadAction","target":["https:\/\/uelzener.de\/magazin\/pferd\/erziehung-und-training\/fuehrtraining-pferd\/"]}]},{"@type":"ImageObject","inLanguage":"de","@id":"https:\/\/uelzener.de\/magazin\/pferd\/erziehung-und-training\/fuehrtraining-pferd\/#primaryimage","url":"https:\/\/uelzener.de\/magazin\/app\/uploads\/2020\/09\/5730c5e6-f10c-47fa-b3d2-c4126ce23e54-scaled.jpg","contentUrl":"https:\/\/uelzener.de\/magazin\/app\/uploads\/2020\/09\/5730c5e6-f10c-47fa-b3d2-c4126ce23e54-scaled.jpg","width":2560,"height":1334,"caption":"Eine Frau l\u00e4uft mit ihrem Pferd \u00fcber eine gr\u00fcne Wiese, sie sind beim F\u00fchrtraining."},{"@type":"WebSite","@id":"https:\/\/uelzener.de\/magazin\/#website","url":"https:\/\/uelzener.de\/magazin\/","name":"Uelzener Tiermagazin","description":"Online Tierratgeber der Uelzener Versicherungen","publisher":{"@id":"https:\/\/uelzener.de\/magazin\/#organization"},"potentialAction":[{"@type":"SearchAction","target":{"@type":"EntryPoint","urlTemplate":"https:\/\/uelzener.de\/magazin\/?s={search_term_string}"},"query-input":{"@type":"PropertyValueSpecification","valueRequired":true,"valueName":"search_term_string"}}],"inLanguage":"de"},{"@type":"Organization","@id":"https:\/\/uelzener.de\/magazin\/#organization","name":"Uelzener Versicherungen","url":"https:\/\/uelzener.de\/magazin\/","logo":{"@type":"ImageObject","inLanguage":"de","@id":"https:\/\/uelzener.de\/magazin\/#\/schema\/logo\/image\/","url":"https:\/\/uelzener.de\/magazin\/app\/uploads\/2024\/11\/uelzener_allgemeine_versicherungsgesellschaft_a_g_logo.jpg","contentUrl":"https:\/\/uelzener.de\/magazin\/app\/uploads\/2024\/11\/uelzener_allgemeine_versicherungsgesellschaft_a_g_logo.jpg","width":200,"height":200,"caption":"Uelzener Versicherungen"},"image":{"@id":"https:\/\/uelzener.de\/magazin\/#\/schema\/logo\/image\/"},"sameAs":["https:\/\/www.facebook.com\/Uelzener","https:\/\/instagram.com\/uelzener","https:\/\/www.xing.com\/pages\/uelzenerallgemeineversicherungs-gesellschafta-g","https:\/\/www.youtube.com\/UelzenerVersicherungen"]}]}},"_links":{"self":[{"href":"https:\/\/uelzener.de\/magazin\/wp-json\/wp\/v2\/pages\/10283","targetHints":{"allow":["GET"]}}],"collection":[{"href":"https:\/\/uelzener.de\/magazin\/wp-json\/wp\/v2\/pages"}],"about":[{"href":"https:\/\/uelzener.de\/magazin\/wp-json\/wp\/v2\/types\/page"}],"author":[{"embeddable":true,"href":"https:\/\/uelzener.de\/magazin\/wp-json\/wp\/v2\/users\/1"}],"replies":[{"embeddable":true,"href":"https:\/\/uelzener.de\/magazin\/wp-json\/wp\/v2\/comments?post=10283"}],"version-history":[{"count":12,"href":"https:\/\/uelzener.de\/magazin\/wp-json\/wp\/v2\/pages\/10283\/revisions"}],"predecessor-version":[{"id":17633,"href":"https:\/\/uelzener.de\/magazin\/wp-json\/wp\/v2\/pages\/10283\/revisions\/17633"}],"up":[{"embeddable":true,"href":"https:\/\/uelzener.de\/magazin\/wp-json\/wp\/v2\/pages\/11689"}],"wp:featuredmedia":[{"embeddable":true,"href":"https:\/\/uelzener.de\/magazin\/wp-json\/wp\/v2\/media\/10872"}],"wp:attachment":[{"href":"https:\/\/uelzener.de\/magazin\/wp-json\/wp\/v2\/media?parent=10283"}],"curies":[{"name":"wp","href":"https:\/\/api.w.org\/{rel}","templated":true}]}}