{"id":10281,"date":"2023-12-14T00:00:00","date_gmt":"2023-12-13T23:00:00","guid":{"rendered":""},"modified":"2024-07-01T15:38:03","modified_gmt":"2024-07-01T13:38:03","slug":"pferdetraining-auf-gefrorenem-boden","status":"publish","type":"page","link":"https:\/\/uelzener.de\/magazin\/pferd\/erziehung-und-training\/pferdetraining-auf-gefrorenem-boden\/","title":{"rendered":"Pferdetraining auf gefrorenem Boden: H\u00e4rtefall Winter"},"content":{"rendered":"<p>Der Winter h\u00e4lt viele Herausforderungen f\u00fcr Pferd und Reiterin oder Reiter bereit. Eine besondere Schwierigkeit f\u00fcr das Wintertraining bereiten uns Minustemperaturen und ein damit einhergehender gefrorener Boden. Besonders f\u00fcr das Reiten im Winter ohne Halle kann dies ein Hindernis sein. Wir schauen uns an, was man beachten sollte und wie sich Pferde trotz gefrorenen Bodens bewegen lassen.<\/p>\n<h2>Reitplatz oder Paddock gefroren: Was tun?<\/h2>\n<p>Unebener Boden stellt potenziell generell eine Gefahr dar, jedoch besonders, wenn er gefroren ist und unter den Hufen nicht nachgeben kann. So fragt man sich: Darf man den Reitplatz im Winter nutzen und auf gefrorenem Boden \u00fcberhaupt reiten? Gefrorene B\u00f6den mit vielen unebenen Stellen sind ein besonderes Risiko f\u00fcr das Wintertraining mit dem Pferd: Schnell kann das Tier sich vertreten und Muskeln, B\u00e4nder und Sehnen besch\u00e4digen. Ein Tierarztbesuch ist f\u00e4llig. Mit einer Pferdeversicherung bleibst du nicht allein mit der Tierarztrechnung.<\/p>\n\n<div class=\"banner\">\n    <a href=\"https:\/\/uelzener.de\/pferd?agt=0000104925&sem=true&utm_medium=magazin&utm_source=wordpress&utm_campaign=pferd&utm_content=banner\">\n        <img decoding=\"async\" width=\"300\" height=\"212\" src=\"https:\/\/uelzener.de\/magazin\/app\/uploads\/2025\/01\/Pferde-Versicherung.jpg\" class=\"attachment-medium size-medium\" alt=\"Banner Pferde-Versicherung\" \/>    <\/a>\n<\/div>\n\n<p>Um gef\u00e4hrliche Unebenheiten zu vermeiden, zieht man den Boden der Halle und des Au\u00dfenplatzes idealerweise bereits vor dem Einfrieren glatt. Den Reitplatz abzuziehen ist eine gute Gewohnheit, die hilft, Verletzungen zu vermeiden. Mit dieser Vorbereitung l\u00e4sst sich auch auf einem gefrorenen, harten Boden wetterangepasst trainieren.<\/p>\n<p>Vereiste Stellen sind ein zus\u00e4tzliches Problem f\u00fcr das Wintertraining mit dem Pferd. Sind auf dem Platz so viele Stellen vereist, dass man nicht sicher drum herum reiten kann, sollte auf das Training dort lieber \u00fcbergangsweise verzichtet werden.<\/p>\n<p>Wie sch\u00f6n w\u00e4re ein Boden, der trotz Minustemperaturen nicht gefriert. Die L\u00f6sung f\u00fcr diesen Wunsch hei\u00dft Magnesiumchlorid. Vor dem Frost auf dem Boden verteilt, kann es den Boden bis minus 10\u00b0C vor dem Frieren sch\u00fctzen. Es ist ungiftig und wirkt zudem staubbindend.<\/p>\n<p>Generell ist im Wintertraining die Aufw\u00e4rmphase besonders wichtig. So kann sich die Gelenkfl\u00fcssigkeit verteilen und Muskeln und Sehnen werden gut durchblutet. Die Aufw\u00e4rmphase sollte bei K\u00e4lte mindestens 15 Minuten betragen. Pferde, die drau\u00dfen gehalten werden, sollten bis zu einer halben Stunde Schritt gehen, bevor man an schnellere Gangarten denkt. So startet man bei kalten Temperaturen lieber mit einigen gef\u00fchrten Runden und ausgiebigerem Gymnastizieren am Boden.<\/p>\n<p><img decoding=\"async\" src=\"\/magazin\/app\/uploads\/2021\/02\/dca2ff90-a39d-46be-97ec-df3e225bc4eb.jpg\" \/><\/p>\n<h2>Gymnastik im Schritt und Trab<\/h2>\n<p>Wenn der Winter einen dazu zwingt, langsam oder gar nicht zu reiten, bietet es sich an, das Pferd im Rahmen des Wintertrainings ausgiebig zu gymnastizieren. Entsprechende \u00dcbungen lassen sich an der Hand oder im Sattel sowie im Schritt und in Ma\u00dfen auch im Trab durchf\u00fchren. Das Training kann auf jedem ebenen Boden durchgef\u00fchrt werden, egal ob in der Halle, auf dem Au\u00dfenplatz oder auf einem Feldweg in der freien Natur.<\/p>\n<p>Daf\u00fcr eignen sich alle Bahnfiguren, die die Biegung und Stellung f\u00f6rdern \u2013 beispielsweise Schlangenlinien, gro\u00dfe und kleine Achten oder Slalom um Pylonen herum. Das Trainieren von Seiteng\u00e4ngen f\u00f6rdert die Geraderichtung des Pferdes und den Schenkel- und Z\u00fcgelgehorsam.<\/p>\n<p>Auch \u00dcberg\u00e4nge vom Schritt zum Halt mit anschlie\u00dfendem R\u00fcckw\u00e4rtsrichten oder \u2013 bei ausreichend griffigem Boden \u2013 Schritt-Trab-\u00dcberg\u00e4nge sind gute \u00dcbungen auf winterlichem Boden. Sie f\u00f6rdern die Konzentration und Durchl\u00e4ssigkeit des Pferdes.<\/p>\n<h2>Beziehung pflegen mit Bodenarbeit<\/h2>\n<p>Wie w\u00e4re es zur Abwechslung mit einer kleinen Showlektion? Pli\u00e9, Spanischer Schritt und Co. sorgen f\u00fcr Spa\u00df und Motivation, f\u00f6rdern die Kommunikation und das Vertrauen zwischen Pferd und Reiter und sind gut f\u00fcr die Motorik und das Gleichgewicht des Pferdes. Aber auch ein entspannter Winterspaziergang in der Natur ist nicht zu verachten und f\u00fcr viele Pferde eine entspannte Abwechslung zum Trainingsalltag.<\/p>\n<h2>Das richtige Schuhwerk beim Wintertraining<\/h2>\n<p>Manche barf\u00fc\u00dfigen Pferde gehen auf hartem, gefrorenem Boden f\u00fchlig. F\u00fcr sie sind Hufschuhe im Winter eine M\u00f6glichkeit, mit den Verh\u00e4ltnissen zurechtzukommen. Hufschuhe m\u00fcssen optimal sitzen. Aber auch bei perfektem Sitz sollte man die Hufschuhe zun\u00e4chst vorsichtig und auf kurzen Strecken ausprobieren, da sich viele Pferde erst daran gew\u00f6hnen m\u00fcssen. So steht dem sicheren Wintertraining mit dem Pferd nichts mehr im Wege.<\/p>\n\n<div class=\"related_articles boxed\">\n    <h2>Mehr zum Thema<\/h2>\n    \n    <div class=\"wrapper\"><div class=\"title align-center\"><h3><a href=\"https:\/\/uelzener.de\/magazin\/pferd\/tipps-fuer-den-alltag\/das-richtige-eindecken-deines-pferdes\/\">Das richtige Eindecken deines Pferdes<\/a><\/h3><\/div><div class=\"img align-center\"><img decoding=\"async\" width=\"315\" height=\"180\" src=\"https:\/\/uelzener.de\/magazin\/app\/uploads\/2023\/11\/pferd-einecken-315x180.jpg\" class=\"attachment-315x180 size-315x180 wp-post-image\" alt=\"Eingedecktes Pferd steht in verschneiter Landschaft.\" \/><\/div><\/div><div class=\"wrapper\"><div class=\"title align-center\"><h3><a href=\"https:\/\/uelzener.de\/magazin\/pferd\/haltung\/brauchen-pferde-einen-warmen-stall\/\">Brauchen Pferde einen warmen Stall?<\/a><\/h3><\/div><div class=\"img align-center\"><img decoding=\"async\" width=\"315\" height=\"180\" src=\"https:\/\/uelzener.de\/magazin\/app\/uploads\/2021\/11\/Warmer-Stall-315x180.jpg\" class=\"attachment-315x180 size-315x180 wp-post-image\" alt=\"Pferd galoppiert im Schnee nach der Bewegung freut es sich auf seinen warmen Stall.\" \/><\/div><\/div><div class=\"wrapper\"><div class=\"title align-center\"><h3><a href=\"https:\/\/uelzener.de\/magazin\/pferd\/pflege\/diy-hufoel-natuerliche-hufpflege-selber-machen\/\">DIY Huf\u00f6l: Nat\u00fcrliche Hufpflege selber machen<\/a><\/h3><\/div><div class=\"img align-center\"><img decoding=\"async\" width=\"315\" height=\"180\" src=\"https:\/\/uelzener.de\/magazin\/app\/uploads\/2024\/06\/hufoel-315x180.jpg\" class=\"attachment-315x180 size-315x180 wp-post-image\" alt=\"Hufen werden mit Huf\u00f6l eingepinselt.\" \/><\/div><\/div><\/div>\n\n<h2>Fazit<\/h2>\n<p>Es l\u00e4sst sich viel daf\u00fcr tun, um gesund und unbeschwert mit dem <a href=\"https:\/\/uelzener.de\/magazin\/pferd\/tiergesundheit\/pferde-im-winter\/\">Pferd durch den Winter<\/a> zu kommen. Gefrorene B\u00f6den eine Herausforderung dar. Unebenheiten k\u00f6nnen zu Verletzungen f\u00fchren, doch mit rechtzeitiger Gl\u00e4ttung des Bodens und Einsatz von Magnesiumchlorid l\u00e4sst sich auch auf gefrorenem Untergrund ein Wintertraining mit dem Pferd durchf\u00fchren. Eine gute Nachricht, gerade, wenn man f\u00fcr eine <a href=\"https:\/\/uelzener.de\/magazin\/pferd\/haeufige-fragen\/weihnachtsquadrille\/\">Weihnachtsquadrille<\/a> trainieren m\u00f6chte. Die Bedeutung einer ausgiebigen Aufw\u00e4rmphase und das <a href=\"https:\/\/uelzener.de\/magazin\/pferd\/erziehung-und-training\/trockenreiten-beim-pferd\/\" target=\"_blank\" rel=\"noopener\">Trockenreiten<\/a> danach helfen, die Gesundheit der Pferde zu schonen. Daneben tr\u00e4gt eine entsprechende Ausr\u00fcstung zur Sicherheit bei.<\/p>\n<h2>FAQ: H\u00e4ufig gestellte Fragen zu Pferdetraining auf gefrorenem Boden<\/h2>\n<h3>Ab wann ist der Boden gefroren?<\/h3>\n<p>Bei Temperaturn unter 0 \u00b0C spricht man im Bereich von Landwirtschaft und Bauwirtschaft von Bodenfrost. Zu Bodenfrost kann es jedoch auch schon bei Plustemperaturen unter 4 \u00b0C kommen. Vorsicht beim Wintertraining mit dem Pferd ist also bereits angeraten, wenn sich die Temperaturanzeigen dem Nullpunkt n\u00e4hert.<\/p>\n<h3>D\u00fcrfen Pferde gefrorenes Gras fressen?<\/h3>\n<p>Es wird verschiedentlich diskutiert, ob gefrorenes Gras gesundheitlich bedenklich, gerade auch f\u00fcr immungeschw\u00e4chte oder vorerkrankte Pferde sein kann. Vor allem, wenn sie gr\u00f6\u00dfere Mengen gefrorenes Gras verzehren, geht manch ein Reitender von einem erh\u00f6hten <a href=\"https:\/\/uelzener.de\/magazin\/pferd\/tiergesundheit\/kolik-beim-pferd\/\">Kolikrisiko<\/a> aus. Auf der anderen Seite geht man davon aus, dass gefrorenes Gras ist in den meisten F\u00e4llen f\u00fcr Pferde unproblematisch ist. Erw\u00e4rmt sich das Gras doch durch intensives Kauen. Im Winter kommt ein weiteres m\u00f6gliches Problem hinzu. Im winterlichen Gras bildet sich je nach Temperatur und Sonnenlicht vermehrt Fruktan. Denn bei sonnigem aber kaltem Wetter wird die Photosynthese durch die k\u00fchlen Temperaturen gest\u00f6rt. Dies f\u00fchrt dazu, dass die produzierte Energie w\u00e4hrend der K\u00e4ltephase in der Pflanze in Form von Fruktan, einem langkettigen Kohlenhydrat, gespeichert wird. Es wird angenommen, dass Fruktan gesundheitliche Probleme, wie <a href=\"https:\/\/uelzener.de\/magazin\/pferd\/tiergesundheit\/kotwasser-beim-pferd\/\">Kotwasser<\/a>, Verdauungsprobleme oder Hufrehe, ausl\u00f6sen kann. Aus diesem und weiteren Gr\u00fcnden sollte man sich mit dem Thema <a href=\"https:\/\/uelzener.de\/magazin\/pferd\/ernaehrung\/winterfuetterung-pferd\/\">Winterf\u00fctterung<\/a>\u00a0besonders widmen.<\/p>\n","protected":false},"excerpt":{"rendered":"<p>Der Winter h\u00e4lt viele Herausforderungen f\u00fcr Pferd und Reiterin oder Reiter bereit. Eine besondere Schwierigkeit f\u00fcr das Wintertraining bereiten uns Minustemperaturen und ein damit einhergehender gefrorener Boden. Besonders f\u00fcr das Reiten im Winter ohne Halle kann dies ein Hindernis sein. Wir schauen uns an, was man beachten sollte und wie sich Pferde trotz gefrorenen Bodens [&hellip;]<\/p>\n","protected":false},"author":1,"featured_media":10870,"parent":11689,"menu_order":40,"comment_status":"open","ping_status":"open","template":"templates\/blog.php","meta":{"_acf_changed":false,"_crdt_document":"","footnotes":"","beyondwords_generate_audio":"0","beyondwords_project_id":"","beyondwords_content_id":"","beyondwords_preview_token":"","beyondwords_player_style":"","beyondwords_language_id":"","beyondwords_title_voice_id":"","beyondwords_body_voice_id":"","beyondwords_summary_voice_id":"","beyondwords_error_message":"","beyondwords_disabled":"","beyondwords_delete_content":"","beyondwords_podcast_id":"","beyondwords_hash":"","publish_post_to_speechkit":"","speechkit_hash":"","speechkit_generate_audio":"","speechkit_project_id":"","speechkit_podcast_id":"","speechkit_error_message":"","speechkit_disabled":"","speechkit_access_key":"","speechkit_error":"","speechkit_info":"","speechkit_response":"","speechkit_retries":"","speechkit_status":"","speechkit_updated_at":"","_speechkit_link":"","_speechkit_text":""},"class_list":["post-10281","page","type-page","status-publish","has-post-thumbnail","hentry"],"acf":[],"yoast_head":"<!-- This site is optimized with the Yoast SEO Premium plugin  - https:\/\/yoast.com\/product\/yoast-seo-premium-wordpress\/ -->\n<title>Pferdetraining auf gefrorenem Boden: H\u00e4rtefall Winter | Uelzener<\/title>\n<meta name=\"description\" content=\"Wintertraining mit dem Pferd bei gefrorenem Boden. Auf dem Platz und in der Halle. Reiten, Gymnastizieren, Bodenarbeit.\" \/>\n<meta name=\"robots\" content=\"index, follow, max-snippet:-1, max-image-preview:large, max-video-preview:-1\" \/>\n<link rel=\"canonical\" href=\"https:\/\/uelzener.de\/magazin\/pferd\/erziehung-und-training\/pferdetraining-auf-gefrorenem-boden\/\" \/>\n<meta property=\"og:locale\" content=\"de_DE\" \/>\n<meta property=\"og:type\" content=\"article\" \/>\n<meta property=\"og:title\" content=\"Pferdetraining auf gefrorenem Boden: H\u00e4rtefall Winter\" \/>\n<meta property=\"og:description\" content=\"Wintertraining mit dem Pferd bei gefrorenem Boden. Auf dem Platz und in der Halle. Reiten, Gymnastizieren, Bodenarbeit.\" \/>\n<meta property=\"og:url\" content=\"https:\/\/uelzener.de\/magazin\/pferd\/erziehung-und-training\/pferdetraining-auf-gefrorenem-boden\/\" \/>\n<meta property=\"og:site_name\" content=\"Uelzener Tier-Magazin\" \/>\n<meta property=\"article:publisher\" content=\"https:\/\/www.facebook.com\/Uelzener\" \/>\n<meta property=\"article:modified_time\" content=\"2024-07-01T13:38:03+00:00\" \/>\n<meta property=\"og:image\" content=\"https:\/\/uelzener.de\/magazin\/app\/uploads\/2020\/01\/d25496ee-9abb-4224-b951-2aeb79b5b803-scaled.jpg\" \/>\n\t<meta property=\"og:image:width\" content=\"2560\" \/>\n\t<meta property=\"og:image:height\" content=\"1334\" \/>\n\t<meta property=\"og:image:type\" content=\"image\/jpeg\" \/>\n<meta name=\"twitter:card\" content=\"summary_large_image\" \/>\n<meta name=\"twitter:label1\" content=\"Gesch\u00e4tzte Lesezeit\" \/>\n\t<meta name=\"twitter:data1\" content=\"5\u00a0Minuten\" \/>\n<script type=\"application\/ld+json\" class=\"yoast-schema-graph\">{\"@context\":\"https:\\\/\\\/schema.org\",\"@graph\":[{\"@type\":\"WebPage\",\"@id\":\"https:\\\/\\\/uelzener.de\\\/magazin\\\/pferd\\\/erziehung-und-training\\\/pferdetraining-auf-gefrorenem-boden\\\/\",\"url\":\"https:\\\/\\\/uelzener.de\\\/magazin\\\/pferd\\\/erziehung-und-training\\\/pferdetraining-auf-gefrorenem-boden\\\/\",\"name\":\"Pferdetraining auf gefrorenem Boden: H\u00e4rtefall Winter | Uelzener\",\"isPartOf\":{\"@id\":\"https:\\\/\\\/uelzener.de\\\/magazin\\\/#website\"},\"primaryImageOfPage\":{\"@id\":\"https:\\\/\\\/uelzener.de\\\/magazin\\\/pferd\\\/erziehung-und-training\\\/pferdetraining-auf-gefrorenem-boden\\\/#primaryimage\"},\"image\":{\"@id\":\"https:\\\/\\\/uelzener.de\\\/magazin\\\/pferd\\\/erziehung-und-training\\\/pferdetraining-auf-gefrorenem-boden\\\/#primaryimage\"},\"thumbnailUrl\":\"https:\\\/\\\/uelzener.de\\\/magazin\\\/app\\\/uploads\\\/2020\\\/01\\\/d25496ee-9abb-4224-b951-2aeb79b5b803-scaled.jpg\",\"datePublished\":\"2023-12-13T23:00:00+00:00\",\"dateModified\":\"2024-07-01T13:38:03+00:00\",\"description\":\"Wintertraining mit dem Pferd bei gefrorenem Boden. Auf dem Platz und in der Halle. Reiten, Gymnastizieren, Bodenarbeit.\",\"breadcrumb\":{\"@id\":\"https:\\\/\\\/uelzener.de\\\/magazin\\\/pferd\\\/erziehung-und-training\\\/pferdetraining-auf-gefrorenem-boden\\\/#breadcrumb\"},\"inLanguage\":\"de\",\"potentialAction\":[{\"@type\":\"ReadAction\",\"target\":[\"https:\\\/\\\/uelzener.de\\\/magazin\\\/pferd\\\/erziehung-und-training\\\/pferdetraining-auf-gefrorenem-boden\\\/\"]}]},{\"@type\":\"ImageObject\",\"inLanguage\":\"de\",\"@id\":\"https:\\\/\\\/uelzener.de\\\/magazin\\\/pferd\\\/erziehung-und-training\\\/pferdetraining-auf-gefrorenem-boden\\\/#primaryimage\",\"url\":\"https:\\\/\\\/uelzener.de\\\/magazin\\\/app\\\/uploads\\\/2020\\\/01\\\/d25496ee-9abb-4224-b951-2aeb79b5b803-scaled.jpg\",\"contentUrl\":\"https:\\\/\\\/uelzener.de\\\/magazin\\\/app\\\/uploads\\\/2020\\\/01\\\/d25496ee-9abb-4224-b951-2aeb79b5b803-scaled.jpg\",\"width\":2560,\"height\":1334,\"caption\":\"Young rider girl on bay horse walking on snowy field in winter. Winter equestrian activity background\"},{\"@type\":\"WebSite\",\"@id\":\"https:\\\/\\\/uelzener.de\\\/magazin\\\/#website\",\"url\":\"https:\\\/\\\/uelzener.de\\\/magazin\\\/\",\"name\":\"Uelzener Tiermagazin\",\"description\":\"Online Tierratgeber der Uelzener Versicherungen\",\"publisher\":{\"@id\":\"https:\\\/\\\/uelzener.de\\\/magazin\\\/#organization\"},\"potentialAction\":[{\"@type\":\"SearchAction\",\"target\":{\"@type\":\"EntryPoint\",\"urlTemplate\":\"https:\\\/\\\/uelzener.de\\\/magazin\\\/?s={search_term_string}\"},\"query-input\":{\"@type\":\"PropertyValueSpecification\",\"valueRequired\":true,\"valueName\":\"search_term_string\"}}],\"inLanguage\":\"de\"},{\"@type\":\"Organization\",\"@id\":\"https:\\\/\\\/uelzener.de\\\/magazin\\\/#organization\",\"name\":\"Uelzener Versicherungen\",\"url\":\"https:\\\/\\\/uelzener.de\\\/magazin\\\/\",\"logo\":{\"@type\":\"ImageObject\",\"inLanguage\":\"de\",\"@id\":\"https:\\\/\\\/uelzener.de\\\/magazin\\\/#\\\/schema\\\/logo\\\/image\\\/\",\"url\":\"https:\\\/\\\/uelzener.de\\\/magazin\\\/app\\\/uploads\\\/2024\\\/11\\\/uelzener_allgemeine_versicherungsgesellschaft_a_g_logo.jpg\",\"contentUrl\":\"https:\\\/\\\/uelzener.de\\\/magazin\\\/app\\\/uploads\\\/2024\\\/11\\\/uelzener_allgemeine_versicherungsgesellschaft_a_g_logo.jpg\",\"width\":200,\"height\":200,\"caption\":\"Uelzener Versicherungen\"},\"image\":{\"@id\":\"https:\\\/\\\/uelzener.de\\\/magazin\\\/#\\\/schema\\\/logo\\\/image\\\/\"},\"sameAs\":[\"https:\\\/\\\/www.facebook.com\\\/Uelzener\",\"https:\\\/\\\/instagram.com\\\/uelzener\",\"https:\\\/\\\/www.xing.com\\\/pages\\\/uelzenerallgemeineversicherungs-gesellschafta-g\",\"https:\\\/\\\/www.youtube.com\\\/UelzenerVersicherungen\"]}]}<\/script>\n<!-- \/ Yoast SEO Premium plugin. -->","yoast_head_json":{"title":"Pferdetraining auf gefrorenem Boden: H\u00e4rtefall Winter | Uelzener","description":"Wintertraining mit dem Pferd bei gefrorenem Boden. Auf dem Platz und in der Halle. Reiten, Gymnastizieren, Bodenarbeit.","robots":{"index":"index","follow":"follow","max-snippet":"max-snippet:-1","max-image-preview":"max-image-preview:large","max-video-preview":"max-video-preview:-1"},"canonical":"https:\/\/uelzener.de\/magazin\/pferd\/erziehung-und-training\/pferdetraining-auf-gefrorenem-boden\/","og_locale":"de_DE","og_type":"article","og_title":"Pferdetraining auf gefrorenem Boden: H\u00e4rtefall Winter","og_description":"Wintertraining mit dem Pferd bei gefrorenem Boden. Auf dem Platz und in der Halle. Reiten, Gymnastizieren, Bodenarbeit.","og_url":"https:\/\/uelzener.de\/magazin\/pferd\/erziehung-und-training\/pferdetraining-auf-gefrorenem-boden\/","og_site_name":"Uelzener Tier-Magazin","article_publisher":"https:\/\/www.facebook.com\/Uelzener","article_modified_time":"2024-07-01T13:38:03+00:00","og_image":[{"width":2560,"height":1334,"url":"https:\/\/uelzener.de\/magazin\/app\/uploads\/2020\/01\/d25496ee-9abb-4224-b951-2aeb79b5b803-scaled.jpg","type":"image\/jpeg"}],"twitter_card":"summary_large_image","twitter_misc":{"Gesch\u00e4tzte Lesezeit":"5\u00a0Minuten"},"schema":{"@context":"https:\/\/schema.org","@graph":[{"@type":"WebPage","@id":"https:\/\/uelzener.de\/magazin\/pferd\/erziehung-und-training\/pferdetraining-auf-gefrorenem-boden\/","url":"https:\/\/uelzener.de\/magazin\/pferd\/erziehung-und-training\/pferdetraining-auf-gefrorenem-boden\/","name":"Pferdetraining auf gefrorenem Boden: H\u00e4rtefall Winter | Uelzener","isPartOf":{"@id":"https:\/\/uelzener.de\/magazin\/#website"},"primaryImageOfPage":{"@id":"https:\/\/uelzener.de\/magazin\/pferd\/erziehung-und-training\/pferdetraining-auf-gefrorenem-boden\/#primaryimage"},"image":{"@id":"https:\/\/uelzener.de\/magazin\/pferd\/erziehung-und-training\/pferdetraining-auf-gefrorenem-boden\/#primaryimage"},"thumbnailUrl":"https:\/\/uelzener.de\/magazin\/app\/uploads\/2020\/01\/d25496ee-9abb-4224-b951-2aeb79b5b803-scaled.jpg","datePublished":"2023-12-13T23:00:00+00:00","dateModified":"2024-07-01T13:38:03+00:00","description":"Wintertraining mit dem Pferd bei gefrorenem Boden. Auf dem Platz und in der Halle. Reiten, Gymnastizieren, Bodenarbeit.","breadcrumb":{"@id":"https:\/\/uelzener.de\/magazin\/pferd\/erziehung-und-training\/pferdetraining-auf-gefrorenem-boden\/#breadcrumb"},"inLanguage":"de","potentialAction":[{"@type":"ReadAction","target":["https:\/\/uelzener.de\/magazin\/pferd\/erziehung-und-training\/pferdetraining-auf-gefrorenem-boden\/"]}]},{"@type":"ImageObject","inLanguage":"de","@id":"https:\/\/uelzener.de\/magazin\/pferd\/erziehung-und-training\/pferdetraining-auf-gefrorenem-boden\/#primaryimage","url":"https:\/\/uelzener.de\/magazin\/app\/uploads\/2020\/01\/d25496ee-9abb-4224-b951-2aeb79b5b803-scaled.jpg","contentUrl":"https:\/\/uelzener.de\/magazin\/app\/uploads\/2020\/01\/d25496ee-9abb-4224-b951-2aeb79b5b803-scaled.jpg","width":2560,"height":1334,"caption":"Young rider girl on bay horse walking on snowy field in winter. Winter equestrian activity background"},{"@type":"WebSite","@id":"https:\/\/uelzener.de\/magazin\/#website","url":"https:\/\/uelzener.de\/magazin\/","name":"Uelzener Tiermagazin","description":"Online Tierratgeber der Uelzener Versicherungen","publisher":{"@id":"https:\/\/uelzener.de\/magazin\/#organization"},"potentialAction":[{"@type":"SearchAction","target":{"@type":"EntryPoint","urlTemplate":"https:\/\/uelzener.de\/magazin\/?s={search_term_string}"},"query-input":{"@type":"PropertyValueSpecification","valueRequired":true,"valueName":"search_term_string"}}],"inLanguage":"de"},{"@type":"Organization","@id":"https:\/\/uelzener.de\/magazin\/#organization","name":"Uelzener Versicherungen","url":"https:\/\/uelzener.de\/magazin\/","logo":{"@type":"ImageObject","inLanguage":"de","@id":"https:\/\/uelzener.de\/magazin\/#\/schema\/logo\/image\/","url":"https:\/\/uelzener.de\/magazin\/app\/uploads\/2024\/11\/uelzener_allgemeine_versicherungsgesellschaft_a_g_logo.jpg","contentUrl":"https:\/\/uelzener.de\/magazin\/app\/uploads\/2024\/11\/uelzener_allgemeine_versicherungsgesellschaft_a_g_logo.jpg","width":200,"height":200,"caption":"Uelzener Versicherungen"},"image":{"@id":"https:\/\/uelzener.de\/magazin\/#\/schema\/logo\/image\/"},"sameAs":["https:\/\/www.facebook.com\/Uelzener","https:\/\/instagram.com\/uelzener","https:\/\/www.xing.com\/pages\/uelzenerallgemeineversicherungs-gesellschafta-g","https:\/\/www.youtube.com\/UelzenerVersicherungen"]}]}},"_links":{"self":[{"href":"https:\/\/uelzener.de\/magazin\/wp-json\/wp\/v2\/pages\/10281","targetHints":{"allow":["GET"]}}],"collection":[{"href":"https:\/\/uelzener.de\/magazin\/wp-json\/wp\/v2\/pages"}],"about":[{"href":"https:\/\/uelzener.de\/magazin\/wp-json\/wp\/v2\/types\/page"}],"author":[{"embeddable":true,"href":"https:\/\/uelzener.de\/magazin\/wp-json\/wp\/v2\/users\/1"}],"replies":[{"embeddable":true,"href":"https:\/\/uelzener.de\/magazin\/wp-json\/wp\/v2\/comments?post=10281"}],"version-history":[{"count":20,"href":"https:\/\/uelzener.de\/magazin\/wp-json\/wp\/v2\/pages\/10281\/revisions"}],"predecessor-version":[{"id":17565,"href":"https:\/\/uelzener.de\/magazin\/wp-json\/wp\/v2\/pages\/10281\/revisions\/17565"}],"up":[{"embeddable":true,"href":"https:\/\/uelzener.de\/magazin\/wp-json\/wp\/v2\/pages\/11689"}],"wp:featuredmedia":[{"embeddable":true,"href":"https:\/\/uelzener.de\/magazin\/wp-json\/wp\/v2\/media\/10870"}],"wp:attachment":[{"href":"https:\/\/uelzener.de\/magazin\/wp-json\/wp\/v2\/media?parent=10281"}],"curies":[{"name":"wp","href":"https:\/\/api.w.org\/{rel}","templated":true}]}}