{"id":10280,"date":"2019-11-12T00:00:00","date_gmt":"2019-11-12T00:00:00","guid":{"rendered":""},"modified":"2025-09-11T11:32:57","modified_gmt":"2025-09-11T09:32:57","slug":"reiten-lernen-tipps-fuer-die-sicherheit-bei-kindern","status":"publish","type":"page","link":"https:\/\/uelzener.de\/magazin\/pferd\/erziehung-und-training\/reiten-lernen-tipps-fuer-die-sicherheit-bei-kindern\/","title":{"rendered":"Reiten lernen: Tipps f\u00fcr die Sicherheit bei Kindern"},"content":{"rendered":"<p>Der \u201ePferdevirus\u201c beginnt meist ganz fr\u00fch. Doch selbst erfahrene Reitereltern, sollten einige Regeln beachten, damit das Reiten f\u00fcr ihre Kinder sicher startet.<\/p>\n<h2>Reiten lernen \u2013 zwischen Pferderomantik und Verantwortung<\/h2>\n<p>Die Begegnung mit dem Pferd und das Erlernen des Reitens hat <strong>positive Auswirkung auf Kinder<\/strong>. Durch den Umgang mit dem Pferd \u2013 wenn auch nur wenige Stunden in der Woche \u2013 erlernt das Kind Verantwortung und Selbstorganisation. Reiten f\u00f6rdert die Motorik und den Gleichgewichtssinn. Und vor allem sind Pferde eine mentale St\u00fctze und <strong>st\u00e4rken das Selbstvertrauen <\/strong>der kleinen Reitsch\u00fcler.<\/p>\n<p>Neben der Pferderomantik sollten Eltern jedoch nicht vergessen, dass Pferde Fluchttiere sind. Bereits von Anfang muss die Sicherheit von Kind und Pferd im Fokus stehen. Eine gute <a href=\"https:\/\/uelzener.de\/magazin\/pferd\/erziehung-und-training\/reitschule-kind\/\">Reitschule f\u00fcr das Kind<\/a> ist die Grundvoraussetzung, um es an den richtigen Umgang mit Pferden zu gew\u00f6hnen. Mit <strong>unseren Praxistipps<\/strong> bist du und dein Nachwuchs auf der sicheren Seite, wenn es ums Reiten lernen geht.<\/p>\n<h2>Reitunterricht mit Kinderaugen wahrnehmen<\/h2>\n<p>Sicherheit beim Reiten beginnt bereits vor dem Reitunterricht. Betrachte die Sattelkammer, Koppel und Stall mit Kinderaugen. Ist zum Beispiel das Putzzeug gut erreichbar? Desto mehr Aufgaben Kinder \u2013 unter Aufsicht \u2013 <strong>eigenst\u00e4ndig erledigen<\/strong> k\u00f6nnen, je selbstst\u00e4ndiger werden sie. Und besteht erst gar nicht die M\u00f6glichkeit, dass Kinder auf Hocker oder Strohballen steigen, um Dinge aus der Sattelkammer zu erreichen, kann auch kein b\u00f6ses Missgeschick passieren.<\/p>\n<p>Achtung: Beim Reiten ist Ordnung das halbe Leben. Legt der Ausbilder Wert darauf? Ist der Stall generell gepflegt? Diese <strong>Verhaltensweisen f\u00e4rben auf den Nachwuchs ab<\/strong>. Sauberkeit ist au\u00dferdem ein Anzeiger f\u00fcr die Qualit\u00e4t des Stalls und des Reitunterrichts.<\/p>\n<h2>Blick in die Vergangenheit: Wie hast du selbst das Reiten erlernt?<\/h2>\n<p>Kannst du dich noch an deinen ersten Reitunterricht oder deine ersten <a href=\"https:\/\/uelzener.de\/magazin\/pferd\/tipps-fuer-den-alltag\/reiterferien-im-herbst\/\">Reiterferien<\/a> erinnern? M\u00f6chtest du, dass dein Kind beim Reiten lernen die gleiche Erfahrung macht oder w\u00fcrdest du grundlegend etwas \u00e4ndern? Stelle dir unbedingt diese Fragen und achte bei der Reitschule darauf. <strong>Sicherheit und Kreativit\u00e4t gepaart mit fundierten Theoriekenntnissen <\/strong>geh\u00f6ren zu einem ausgewogenen Reitunterricht. Neben dem Reiten ist auch das Wissen \u00fcber das Pferd entscheidend. Nur so k\u00f6nnen Reitunf\u00e4lle vermieden werden.<\/p>\n\n<div class=\"related_articles boxed\">\n    <h2>Mehr zum Thema<\/h2>\n    \n    <div class=\"wrapper\"><div class=\"title align-center\"><h3><a href=\"https:\/\/uelzener.de\/magazin\/pferd\/haeufige-fragen\/haeufige-reitunfaelle\/\">H\u00e4ufige Reitunf\u00e4lle: Wobei verletzen sich Reiter:innen und Pferd am meisten?<\/a><\/h3><\/div><div class=\"img align-center\"><img decoding=\"async\" width=\"315\" height=\"180\" src=\"https:\/\/uelzener.de\/magazin\/app\/uploads\/2023\/05\/reitunfaelle-315x180.jpeg\" class=\"attachment-315x180 size-315x180 wp-post-image\" alt=\"Reiterin f\u00e4llt bei einem Reitunfall vom Pferd.\" \/><\/div><\/div><div class=\"wrapper\"><div class=\"title align-center\"><h3><a href=\"https:\/\/uelzener.de\/magazin\/pferd\/erziehung-und-training\/sicheres-aufsteigen-eine-unterschaetzte-schluesseluebung\/\">Sicheres Aufsteigen: Eine untersch\u00e4tzte Schl\u00fcssel\u00fcbung<\/a><\/h3><\/div><div class=\"img align-center\"><img decoding=\"async\" width=\"315\" height=\"180\" src=\"https:\/\/uelzener.de\/magazin\/app\/uploads\/2025\/07\/aufsteigen-beim-pferd-kreinberg-315x180.jpg\" class=\"attachment-315x180 size-315x180 wp-post-image\" alt=\"\" \/><\/div><\/div><div class=\"wrapper\"><div class=\"title align-center\"><h3><a href=\"https:\/\/uelzener.de\/magazin\/pferd\/rasseportrait\/welsh-pony\/\">Welsh-Pony: Vielf\u00e4ltige &#8222;Typen&#8220; f\u00fcr jede Vorliebe<\/a><\/h3><\/div><div class=\"img align-center\"><img decoding=\"async\" width=\"315\" height=\"180\" src=\"https:\/\/uelzener.de\/magazin\/app\/uploads\/2016\/08\/4d6ddaec-3876-4b27-8118-d15ebb0f8570-315x180.jpg\" class=\"attachment-315x180 size-315x180 wp-post-image\" alt=\"Ein braunes Welsh Pony steht vor B\u00e4umen mit herbstlich orangem Laub.\" srcset=\"https:\/\/uelzener.de\/magazin\/app\/uploads\/2016\/08\/4d6ddaec-3876-4b27-8118-d15ebb0f8570-315x180.jpg 315w, https:\/\/uelzener.de\/magazin\/app\/uploads\/2016\/08\/4d6ddaec-3876-4b27-8118-d15ebb0f8570-650x369.jpg 650w\" sizes=\"(max-width: 315px) 100vw, 315px\" \/><\/div><\/div><\/div>\n\n<h2>Wichtige Grundregeln mit deinen Kindern wiederholen<\/h2>\n<p>Vor dem ersten Reitunterricht oder den ersten Reiterferien solltest du mit deinem Kind die<strong> wichtigsten Grundlagen noch einmal durchgehen<\/strong>. Da es f\u00fcr Kinder oft schwierig ist, die Zeichen des Pferdes zu deuten und im Ernstfall in k\u00fcrzester Zeit richtig zu reagieren:<\/p>\n<ul>\n<li>Das Kind sollte wissen, dass man sich in der Umgebung von Pferden <strong>immer ruhig verh\u00e4lt<\/strong> und <strong>das Ann\u00e4hern von hinten tabu<\/strong> <strong>ist.<\/strong> Auch am <strong>Pferdekopf ist besondere Aufmerksamkeit<\/strong> geboten. Pferde k\u00f6nnen schnappen, wenn sie eine Leckerei vermuten oder sich bei hektischen Bewegungen erschrecken.<\/li>\n<\/ul>\n<h2>Reitweste, Reithelm und feste Schuhe: Voraussetzung f\u00fcr das Reiten lernen<\/h2>\n<p>Der beste Schutz beim Reitunterricht ist Vorsorge. Neben Sicherheit im Reitstall und korrekter Verhaltensweise am Pferd ist <strong>die Ausr\u00fcstung<\/strong> ein weiterer wichtiger Aspekt:<\/p>\n<ul>\n<li>Der Reithelm ist ein Muss. Er sch\u00fctzt aber nur dann den Kopf des Kindes, wenn er <strong>korrekt passt<\/strong>. Eltern sollten sich dieser Tatsache stets bewusst sein. Besonders im Wachstum der Kinder ist eine <strong>regelm\u00e4\u00dfige Kontrolle der Passform<\/strong> wichtig. Reitlehrer geben auch in puncto Ausr\u00fcstung gern eine Beratung.<\/li>\n<li>Besonders zu Beginn des Reitunterrichts sind Reitstiefel f\u00fcr Kinder eine teure Angelegenheit. <strong>Festes Schuhwerk<\/strong> sollte beim Reiten jedoch Pflicht sein. Schuhe mit einem <strong>kleinen Absatz<\/strong> ohne durchgehende Sohle verhindern das Durchrutschen am Steigb\u00fcgel. Besonders bei noch <strong>unsicherem Sitz sch\u00fctzt<\/strong>\u00a0der richtige Schuh vor Unf\u00e4llen.<\/li>\n<li>Reitwesten bieten <strong>Schutz beim Sturz vom Pferd<\/strong>. Sie verhindern schlimmere Verletzungen an Lunge, Brustkorb und Organen. Der passende Sitz der Weste ist auch hier wichtig. Schutz k\u00f6nnen auch <strong>Second-Hand-Westen<\/strong> bieten. Sie schonen au\u00dferdem deinen Geldbeutel.<\/li>\n<li>Lose <strong>herunterh\u00e4ngende Kleidung und offene Jacken<\/strong> sind ebenfalls <strong>ein Tabu <\/strong>beim Reiten. Sobald man irgendwo h\u00e4ngen bleibt, ist ein Unfall vorprogrammiert. Das gilt \u00fcbrigens f\u00fcr den Reitunterricht auf dem Pferd, wie auch f\u00fcr die Arbeit am Boden.<\/li>\n<\/ul>\n<p>Ist der Pferdevirus \u00fcbergesprungen, kannst du mit diesen Regeln und Tipps gelassen bleiben. F\u00fcr einen sicheren Umgang mit dem Pferd ist sein Kind ger\u00fcstet.<\/p>\n","protected":false},"excerpt":{"rendered":"<p>Der \u201ePferdevirus\u201c beginnt meist ganz fr\u00fch. Doch selbst erfahrene Reitereltern, sollten einige Regeln beachten, damit das Reiten f\u00fcr ihre Kinder sicher startet. Reiten lernen \u2013 zwischen Pferderomantik und Verantwortung Die Begegnung mit dem Pferd und das Erlernen des Reitens hat positive Auswirkung auf Kinder. Durch den Umgang mit dem Pferd \u2013 wenn auch nur wenige [&hellip;]<\/p>\n","protected":false},"author":1,"featured_media":10869,"parent":11689,"menu_order":39,"comment_status":"open","ping_status":"open","template":"templates\/blog.php","meta":{"_acf_changed":false,"_crdt_document":"","footnotes":"","beyondwords_generate_audio":"","beyondwords_project_id":"","beyondwords_content_id":"","beyondwords_preview_token":"","beyondwords_player_style":"","beyondwords_language_id":"","beyondwords_title_voice_id":"","beyondwords_body_voice_id":"","beyondwords_summary_voice_id":"","beyondwords_error_message":"","beyondwords_disabled":"","beyondwords_delete_content":"","beyondwords_podcast_id":"","beyondwords_hash":"","publish_post_to_speechkit":"","speechkit_hash":"","speechkit_generate_audio":"","speechkit_project_id":"","speechkit_podcast_id":"","speechkit_error_message":"","speechkit_disabled":"","speechkit_access_key":"","speechkit_error":"","speechkit_info":"","speechkit_response":"","speechkit_retries":"","speechkit_status":"","speechkit_updated_at":"","_speechkit_link":"","_speechkit_text":""},"class_list":["post-10280","page","type-page","status-publish","has-post-thumbnail","hentry"],"acf":[],"yoast_head":"<!-- This site is optimized with the Yoast SEO Premium plugin  - https:\/\/yoast.com\/product\/yoast-seo-premium-wordpress\/ -->\n<title>Reiten lernen: Tipps f\u00fcr die Sicherheit bei Kindern | Uelzener<\/title>\n<meta name=\"robots\" content=\"index, follow, max-snippet:-1, max-image-preview:large, max-video-preview:-1\" \/>\n<link rel=\"canonical\" href=\"https:\/\/uelzener.de\/magazin\/pferd\/erziehung-und-training\/reiten-lernen-tipps-fuer-die-sicherheit-bei-kindern\/\" \/>\n<meta property=\"og:locale\" content=\"de_DE\" \/>\n<meta property=\"og:type\" content=\"article\" \/>\n<meta property=\"og:title\" content=\"Reiten lernen: Tipps f\u00fcr die Sicherheit bei Kindern\" \/>\n<meta property=\"og:description\" content=\"Der \u201ePferdevirus\u201c beginnt meist ganz fr\u00fch. Doch selbst erfahrene Reitereltern, sollten einige Regeln beachten, damit das Reiten f\u00fcr ihre Kinder sicher startet. Reiten lernen \u2013 zwischen Pferderomantik und Verantwortung Die Begegnung mit dem Pferd und das Erlernen des Reitens hat positive Auswirkung auf Kinder. Durch den Umgang mit dem Pferd \u2013 wenn auch nur wenige [&hellip;]\" \/>\n<meta property=\"og:url\" content=\"https:\/\/uelzener.de\/magazin\/pferd\/erziehung-und-training\/reiten-lernen-tipps-fuer-die-sicherheit-bei-kindern\/\" \/>\n<meta property=\"og:site_name\" content=\"Uelzener Tier-Magazin\" \/>\n<meta property=\"article:publisher\" content=\"https:\/\/www.facebook.com\/Uelzener\" \/>\n<meta property=\"article:modified_time\" content=\"2025-09-11T09:32:57+00:00\" \/>\n<meta property=\"og:image\" content=\"https:\/\/uelzener.de\/magazin\/app\/uploads\/2019\/11\/97ad1718-5b9e-438d-9b5d-9e11dc64397a.jpg\" \/>\n\t<meta property=\"og:image:width\" content=\"952\" \/>\n\t<meta property=\"og:image:height\" content=\"496\" \/>\n\t<meta property=\"og:image:type\" content=\"image\/jpeg\" \/>\n<meta name=\"twitter:card\" content=\"summary_large_image\" \/>\n<meta name=\"twitter:label1\" content=\"Gesch\u00e4tzte Lesezeit\" \/>\n\t<meta name=\"twitter:data1\" content=\"4\u00a0Minuten\" \/>\n<script type=\"application\/ld+json\" class=\"yoast-schema-graph\">{\"@context\":\"https:\/\/schema.org\",\"@graph\":[{\"@type\":\"WebPage\",\"@id\":\"https:\/\/uelzener.de\/magazin\/pferd\/erziehung-und-training\/reiten-lernen-tipps-fuer-die-sicherheit-bei-kindern\/\",\"url\":\"https:\/\/uelzener.de\/magazin\/pferd\/erziehung-und-training\/reiten-lernen-tipps-fuer-die-sicherheit-bei-kindern\/\",\"name\":\"Reiten lernen: Tipps f\u00fcr die Sicherheit bei Kindern | Uelzener\",\"isPartOf\":{\"@id\":\"https:\/\/uelzener.de\/magazin\/#website\"},\"primaryImageOfPage\":{\"@id\":\"https:\/\/uelzener.de\/magazin\/pferd\/erziehung-und-training\/reiten-lernen-tipps-fuer-die-sicherheit-bei-kindern\/#primaryimage\"},\"image\":{\"@id\":\"https:\/\/uelzener.de\/magazin\/pferd\/erziehung-und-training\/reiten-lernen-tipps-fuer-die-sicherheit-bei-kindern\/#primaryimage\"},\"thumbnailUrl\":\"https:\/\/uelzener.de\/magazin\/app\/uploads\/2019\/11\/97ad1718-5b9e-438d-9b5d-9e11dc64397a.jpg\",\"datePublished\":\"2019-11-12T00:00:00+00:00\",\"dateModified\":\"2025-09-11T09:32:57+00:00\",\"breadcrumb\":{\"@id\":\"https:\/\/uelzener.de\/magazin\/pferd\/erziehung-und-training\/reiten-lernen-tipps-fuer-die-sicherheit-bei-kindern\/#breadcrumb\"},\"inLanguage\":\"de\",\"potentialAction\":[{\"@type\":\"ReadAction\",\"target\":[\"https:\/\/uelzener.de\/magazin\/pferd\/erziehung-und-training\/reiten-lernen-tipps-fuer-die-sicherheit-bei-kindern\/\"]}]},{\"@type\":\"ImageObject\",\"inLanguage\":\"de\",\"@id\":\"https:\/\/uelzener.de\/magazin\/pferd\/erziehung-und-training\/reiten-lernen-tipps-fuer-die-sicherheit-bei-kindern\/#primaryimage\",\"url\":\"https:\/\/uelzener.de\/magazin\/app\/uploads\/2019\/11\/97ad1718-5b9e-438d-9b5d-9e11dc64397a.jpg\",\"contentUrl\":\"https:\/\/uelzener.de\/magazin\/app\/uploads\/2019\/11\/97ad1718-5b9e-438d-9b5d-9e11dc64397a.jpg\",\"width\":952,\"height\":496,\"caption\":\"Ein kleines Kind putzt sein Trainingspferd, wenn Kinder reiten lernen ist Sicherheit am wichtigsten.\"},{\"@type\":\"WebSite\",\"@id\":\"https:\/\/uelzener.de\/magazin\/#website\",\"url\":\"https:\/\/uelzener.de\/magazin\/\",\"name\":\"Uelzener Tiermagazin\",\"description\":\"Online Tierratgeber der Uelzener Versicherungen\",\"publisher\":{\"@id\":\"https:\/\/uelzener.de\/magazin\/#organization\"},\"potentialAction\":[{\"@type\":\"SearchAction\",\"target\":{\"@type\":\"EntryPoint\",\"urlTemplate\":\"https:\/\/uelzener.de\/magazin\/?s={search_term_string}\"},\"query-input\":{\"@type\":\"PropertyValueSpecification\",\"valueRequired\":true,\"valueName\":\"search_term_string\"}}],\"inLanguage\":\"de\"},{\"@type\":\"Organization\",\"@id\":\"https:\/\/uelzener.de\/magazin\/#organization\",\"name\":\"Uelzener Versicherungen\",\"url\":\"https:\/\/uelzener.de\/magazin\/\",\"logo\":{\"@type\":\"ImageObject\",\"inLanguage\":\"de\",\"@id\":\"https:\/\/uelzener.de\/magazin\/#\/schema\/logo\/image\/\",\"url\":\"https:\/\/uelzener.de\/magazin\/app\/uploads\/2024\/11\/uelzener_allgemeine_versicherungsgesellschaft_a_g_logo.jpg\",\"contentUrl\":\"https:\/\/uelzener.de\/magazin\/app\/uploads\/2024\/11\/uelzener_allgemeine_versicherungsgesellschaft_a_g_logo.jpg\",\"width\":200,\"height\":200,\"caption\":\"Uelzener Versicherungen\"},\"image\":{\"@id\":\"https:\/\/uelzener.de\/magazin\/#\/schema\/logo\/image\/\"},\"sameAs\":[\"https:\/\/www.facebook.com\/Uelzener\",\"https:\/\/instagram.com\/uelzener\",\"https:\/\/www.xing.com\/pages\/uelzenerallgemeineversicherungs-gesellschafta-g\",\"https:\/\/www.youtube.com\/UelzenerVersicherungen\"]}]}<\/script>\n<!-- \/ Yoast SEO Premium plugin. -->","yoast_head_json":{"title":"Reiten lernen: Tipps f\u00fcr die Sicherheit bei Kindern | Uelzener","robots":{"index":"index","follow":"follow","max-snippet":"max-snippet:-1","max-image-preview":"max-image-preview:large","max-video-preview":"max-video-preview:-1"},"canonical":"https:\/\/uelzener.de\/magazin\/pferd\/erziehung-und-training\/reiten-lernen-tipps-fuer-die-sicherheit-bei-kindern\/","og_locale":"de_DE","og_type":"article","og_title":"Reiten lernen: Tipps f\u00fcr die Sicherheit bei Kindern","og_description":"Der \u201ePferdevirus\u201c beginnt meist ganz fr\u00fch. Doch selbst erfahrene Reitereltern, sollten einige Regeln beachten, damit das Reiten f\u00fcr ihre Kinder sicher startet. Reiten lernen \u2013 zwischen Pferderomantik und Verantwortung Die Begegnung mit dem Pferd und das Erlernen des Reitens hat positive Auswirkung auf Kinder. Durch den Umgang mit dem Pferd \u2013 wenn auch nur wenige [&hellip;]","og_url":"https:\/\/uelzener.de\/magazin\/pferd\/erziehung-und-training\/reiten-lernen-tipps-fuer-die-sicherheit-bei-kindern\/","og_site_name":"Uelzener Tier-Magazin","article_publisher":"https:\/\/www.facebook.com\/Uelzener","article_modified_time":"2025-09-11T09:32:57+00:00","og_image":[{"width":952,"height":496,"url":"https:\/\/uelzener.de\/magazin\/app\/uploads\/2019\/11\/97ad1718-5b9e-438d-9b5d-9e11dc64397a.jpg","type":"image\/jpeg"}],"twitter_card":"summary_large_image","twitter_misc":{"Gesch\u00e4tzte Lesezeit":"4\u00a0Minuten"},"schema":{"@context":"https:\/\/schema.org","@graph":[{"@type":"WebPage","@id":"https:\/\/uelzener.de\/magazin\/pferd\/erziehung-und-training\/reiten-lernen-tipps-fuer-die-sicherheit-bei-kindern\/","url":"https:\/\/uelzener.de\/magazin\/pferd\/erziehung-und-training\/reiten-lernen-tipps-fuer-die-sicherheit-bei-kindern\/","name":"Reiten lernen: Tipps f\u00fcr die Sicherheit bei Kindern | Uelzener","isPartOf":{"@id":"https:\/\/uelzener.de\/magazin\/#website"},"primaryImageOfPage":{"@id":"https:\/\/uelzener.de\/magazin\/pferd\/erziehung-und-training\/reiten-lernen-tipps-fuer-die-sicherheit-bei-kindern\/#primaryimage"},"image":{"@id":"https:\/\/uelzener.de\/magazin\/pferd\/erziehung-und-training\/reiten-lernen-tipps-fuer-die-sicherheit-bei-kindern\/#primaryimage"},"thumbnailUrl":"https:\/\/uelzener.de\/magazin\/app\/uploads\/2019\/11\/97ad1718-5b9e-438d-9b5d-9e11dc64397a.jpg","datePublished":"2019-11-12T00:00:00+00:00","dateModified":"2025-09-11T09:32:57+00:00","breadcrumb":{"@id":"https:\/\/uelzener.de\/magazin\/pferd\/erziehung-und-training\/reiten-lernen-tipps-fuer-die-sicherheit-bei-kindern\/#breadcrumb"},"inLanguage":"de","potentialAction":[{"@type":"ReadAction","target":["https:\/\/uelzener.de\/magazin\/pferd\/erziehung-und-training\/reiten-lernen-tipps-fuer-die-sicherheit-bei-kindern\/"]}]},{"@type":"ImageObject","inLanguage":"de","@id":"https:\/\/uelzener.de\/magazin\/pferd\/erziehung-und-training\/reiten-lernen-tipps-fuer-die-sicherheit-bei-kindern\/#primaryimage","url":"https:\/\/uelzener.de\/magazin\/app\/uploads\/2019\/11\/97ad1718-5b9e-438d-9b5d-9e11dc64397a.jpg","contentUrl":"https:\/\/uelzener.de\/magazin\/app\/uploads\/2019\/11\/97ad1718-5b9e-438d-9b5d-9e11dc64397a.jpg","width":952,"height":496,"caption":"Ein kleines Kind putzt sein Trainingspferd, wenn Kinder reiten lernen ist Sicherheit am wichtigsten."},{"@type":"WebSite","@id":"https:\/\/uelzener.de\/magazin\/#website","url":"https:\/\/uelzener.de\/magazin\/","name":"Uelzener Tiermagazin","description":"Online Tierratgeber der Uelzener Versicherungen","publisher":{"@id":"https:\/\/uelzener.de\/magazin\/#organization"},"potentialAction":[{"@type":"SearchAction","target":{"@type":"EntryPoint","urlTemplate":"https:\/\/uelzener.de\/magazin\/?s={search_term_string}"},"query-input":{"@type":"PropertyValueSpecification","valueRequired":true,"valueName":"search_term_string"}}],"inLanguage":"de"},{"@type":"Organization","@id":"https:\/\/uelzener.de\/magazin\/#organization","name":"Uelzener Versicherungen","url":"https:\/\/uelzener.de\/magazin\/","logo":{"@type":"ImageObject","inLanguage":"de","@id":"https:\/\/uelzener.de\/magazin\/#\/schema\/logo\/image\/","url":"https:\/\/uelzener.de\/magazin\/app\/uploads\/2024\/11\/uelzener_allgemeine_versicherungsgesellschaft_a_g_logo.jpg","contentUrl":"https:\/\/uelzener.de\/magazin\/app\/uploads\/2024\/11\/uelzener_allgemeine_versicherungsgesellschaft_a_g_logo.jpg","width":200,"height":200,"caption":"Uelzener Versicherungen"},"image":{"@id":"https:\/\/uelzener.de\/magazin\/#\/schema\/logo\/image\/"},"sameAs":["https:\/\/www.facebook.com\/Uelzener","https:\/\/instagram.com\/uelzener","https:\/\/www.xing.com\/pages\/uelzenerallgemeineversicherungs-gesellschafta-g","https:\/\/www.youtube.com\/UelzenerVersicherungen"]}]}},"_links":{"self":[{"href":"https:\/\/uelzener.de\/magazin\/wp-json\/wp\/v2\/pages\/10280","targetHints":{"allow":["GET"]}}],"collection":[{"href":"https:\/\/uelzener.de\/magazin\/wp-json\/wp\/v2\/pages"}],"about":[{"href":"https:\/\/uelzener.de\/magazin\/wp-json\/wp\/v2\/types\/page"}],"author":[{"embeddable":true,"href":"https:\/\/uelzener.de\/magazin\/wp-json\/wp\/v2\/users\/1"}],"replies":[{"embeddable":true,"href":"https:\/\/uelzener.de\/magazin\/wp-json\/wp\/v2\/comments?post=10280"}],"version-history":[{"count":11,"href":"https:\/\/uelzener.de\/magazin\/wp-json\/wp\/v2\/pages\/10280\/revisions"}],"predecessor-version":[{"id":19198,"href":"https:\/\/uelzener.de\/magazin\/wp-json\/wp\/v2\/pages\/10280\/revisions\/19198"}],"up":[{"embeddable":true,"href":"https:\/\/uelzener.de\/magazin\/wp-json\/wp\/v2\/pages\/11689"}],"wp:featuredmedia":[{"embeddable":true,"href":"https:\/\/uelzener.de\/magazin\/wp-json\/wp\/v2\/media\/10869"}],"wp:attachment":[{"href":"https:\/\/uelzener.de\/magazin\/wp-json\/wp\/v2\/media?parent=10280"}],"curies":[{"name":"wp","href":"https:\/\/api.w.org\/{rel}","templated":true}]}}