{"id":10279,"date":"2019-10-18T00:00:00","date_gmt":"2019-10-18T00:00:00","guid":{"rendered":""},"modified":"2023-07-18T14:21:06","modified_gmt":"2023-07-18T12:21:06","slug":"dressurarbeit-fuer-springpferde","status":"publish","type":"page","link":"https:\/\/uelzener.de\/magazin\/pferd\/erziehung-und-training\/dressurarbeit-fuer-springpferde\/","title":{"rendered":"Warum ist Dressurarbeit f\u00fcr Springpferde wichtig?"},"content":{"rendered":"<p>Mindestens genauso wichtig wie der Sprung selbst ist der Weg zwischen den Hindernissen. Dabei spielt das Niveau des Reitens keine Rolle. Nur mit einem Pferd, das sicher auf die Reiterhilfen reagiert, wird der Ritt im Parcours zum Erfolg.<\/p>\n<p>Den richtigen Absprungpunkt zu finden, die Wendungen exakt zu nehmen und die L\u00e4nge der Galoppspr\u00fcnge zu beeinflussen, gelingt nur mit einem durchl\u00e4ssigen und an den Hilfen stehenden Pferd. Wie Du die Trainingsfortschritte erzielen kannst und welche \u00dcbungen sinnvoll sind, erl\u00e4utert <strong>Pferdewirtschaftsmeister Michael Zimmermann<\/strong>, der selbst im Dressur- und Springsattel bis zur Klasse S erfolgreich unterwegs ist.<\/p>\n<h2>Springreiten vs. Dressurreiten: Gibt es einen Unterschied bei der Ausbildungsskala?<\/h2>\n<p>Erfolgreiche Ritte im Parcours lassen sich einzig und allein durch konsequente und gute Dressurarbeit erreichen. Dabei sind die Punkte der <strong>Ausbildungsskala <\/strong>\u2013 Takt, Losgelassenheit, Anlehnung, Schwung und Geraderichtung \u2013 genauso zu beachten, wie bei der Ausbildung zum Dressurpferd.<\/p>\n<p>Der sechste und letzte Punkt, <strong>die Versammlung<\/strong>, zeigt sich beim Springpferd zwar in einer komplett anderen Silhouette als beim piaffierenden Dressurpferd, aber es geht letztendlich um dasselbe: Kraftentfaltung aus der Hinterhand. Der Weg dorthin unterscheidet sich bei den beiden Disziplinen kaum. Doch was genau kann man tun, um die Punkte Durchl\u00e4ssigkeit und Kraft zu f\u00f6rdern? Welche Lektionen eignen sich?<\/p>\n<h2>Dressur\u00fcbungen f\u00fcr Springreiter: \u00dcberg\u00e4nge als ersten Schritt<\/h2>\n<p>\u00dcberg\u00e4nge <strong>zwischen den Gangarten<\/strong>, aber auch \u00dcberg\u00e4nge <strong>in den Gangarten <\/strong>sind der erste Baustein. Kurze Taktung in Trab-Galopp-\u00dcberg\u00e4ngen sorgen f\u00fcr eine aktive Hinterhand.<\/p>\n<p>Hier ist es ein guter Weg, die <strong>Anzahl der Galoppspr\u00fcnge<\/strong> zu reduzieren. Die ersten \u00dcberg\u00e4nge reitet man mit sechs Trabtritten und zehn Galoppspr\u00fcngen, dann werden die Galoppspr\u00fcnge immer weniger, im besten Fall bis nur noch ein Galoppsprung zwischen den Trabtritten liegt. Das ist eine \u00dcbung, die den <strong>Aufbau der Hinterhandmuskulatur<\/strong> positiv beeinflusst. Das Ganze kann man nat\u00fcrlich auch mit Schritt-Trab- oder Schritt-Galopp-\u00dcberg\u00e4ngen machen.<\/p>\n<p>Besonders wirkungsvoll sind \u00dcberg\u00e4nge zum Halten und daraus wieder schwungvoll antraben. Noch anspruchsvoller wird es, wenn man die ganze Parade zum Halten mit einer Pferdel\u00e4nge r\u00fcckw\u00e4rtsrichten und daraus wieder antraben kombiniert.<\/p>\n<h2><strong>Galopparbeit: \u00dcbung f\u00fcr fortgeschrittene Pferde<\/strong><\/h2>\n<p>Der <strong>Wechsel zwischen Handgalopp und Au\u00dfengalopp <\/strong>ist eine gute \u00dcbung, wenn das Pferd schon weiter ausgebildet ist. F\u00fcnf Spr\u00fcnge Handgalopp \u2013 Wechsel \u2013 sechs Spr\u00fcnge Au\u00dfengalopp \u2013 Wechsel \u2013 acht Spr\u00fcnge Handgalopp \u2013 Wechsel \u2013 sieben Spr\u00fcnge Au\u00dfengalopp. Immer vorher vornehmen, wie viele Spr\u00fcnge es jeweils sein sollen und versuchen, sich daranzuhalten \u2013 das f\u00f6rdert die pr\u00e4zise Hilfengebung.<\/p>\n<p><img decoding=\"async\" src=\"\/magazin\/app\/uploads\/2021\/02\/95f61af1-849a-4729-b1d3-81f13a0698d6.jpg\" \/><\/p>\n<p>Die <strong>\u00dcberg\u00e4nge<\/strong> in den Gangarten (vor allem im Galopp) sind auch sehr zielf\u00fchrend. Hierbei sollte man sich ebenfalls die jeweilige Anzahl der Galoppspr\u00fcnge vornehmen und dann genauso reiten. Also: acht Spr\u00fcnge verl\u00e4ngern, sechs Spr\u00fcnge verk\u00fcrzen, sieben verl\u00e4ngern, vier verk\u00fcrzen \u2013 immer wieder Abwechslung ins Geschehen bringen. <strong>Der Tipp<\/strong>: einfach zwei Stangen mit gro\u00dfem Abstand legen und mal mit mehr und mal mit weniger Galoppspr\u00fcngen dar\u00fcber zu reiten. <strong>Ein Sprung ist gar nicht notwendig.<\/strong><\/p>\n<p>,<img decoding=\"async\" src=\"\/magazin\/app\/uploads\/2021\/02\/fc85ce0f-0274-4a03-a725-cf1823f67324.jpg\" \/><\/p>\n<p>F\u00fcr noch mehr Unterhaltung im Training sorgen <strong>Kehrtvolten<\/strong>: Vor der Kehrtvolte Galoppspr\u00fcnge verl\u00e4ngern, in der Volte verk\u00fcrzen, danach wieder verl\u00e4ngern. Dasselbe gilt f\u00fcr <strong>Bahnfiguren mit engen Wendungen<\/strong> \u2013 halbe Bahn, L\u00e4nge der Bahn, generell Volten, <strong>Schlangenlinien mit Wechsel<\/strong> in der Bahnmitte (f\u00fcr Fortgeschrittene). Auch hier gilt es, das Pferd vor der Wendung zu versammeln. Der Fantasie sind keine Grenzen gesetzt.<\/p>\n<p>Die Galopparbeit muss auch keineswegs auf Platz oder Halle beschr\u00e4nkt bleiben. <strong>Im Gel\u00e4nde<\/strong> lassen sich auf langen Galoppstrecken oder abgem\u00e4hten Wiesen \u00dcberg\u00e4nge in und zwischen den Gangarten bestens <strong>trainieren<\/strong>.<\/p>\n<p>Langsam im Gel\u00e4nde Schritt bergauf und bergab reiten ist \u00fcbrigens auch ein <strong>Muskelaufbauprogramm.<\/strong> F\u00fcr <a href=\"https:\/\/uelzener.de\/magazin\/pferd\/tiergesundheit\/pferde-im-winter\/\">Pferde ist es gerade im Winter<\/a> eine sch\u00f6ne und gleichzeitig sinnvolle Abwechslung, wenn sonst h\u00e4ufig in der Halle trainiert wird.<\/p>\n<p><strong>Schulterherein, Travers oder Renvers: Seiteng\u00e4nge f\u00fcr den Muskelaufbau<\/strong><\/p>\n<p>Eine weitere \u00dcbung, die man nicht vergessen sollte, sind die<strong> Seiteng\u00e4nge. <\/strong>Auch wenn Schulterherein, Travers oder Renvers selbst im Parcours eher nicht gefragt sind, f\u00f6rdert das Reiten dieser Lektionen den <strong>Muskelaufbau <\/strong>ungemein.<\/p>\n<p>Bei korrektem Ablauf sind Seiteng\u00e4nge f\u00fcr den Aufbau von <strong>Schulter-,<\/strong> <strong>Bauch- und Brustmuskulatur<\/strong> des Pferdes ebenso zielf\u00fchrend, wie f\u00fcr die St\u00e4rkung der Hinterhandmuskulatur und die Verbesserung der <strong>Beweglichkeit von H\u00fcfte und Pferder\u00fccken<\/strong>. Es ist also immer sinnvoll, die Gymnastizierung des Springpferdes durch diese Lektionen zu unterst\u00fctzen.<\/p>\n<p><strong>Dressurreiten und Springreiten, wie aus einer Hand<\/strong><\/p>\n<p>Es gibt durchaus Springpferde, die sind dressurm\u00e4\u00dfig so weit geritten, dass sie Piaffe und Passage ebenso beherrschen wie die Galopp-Pirouette. Ihnen <strong>macht im Stechen so schnell keiner etwas vor<\/strong>, denn sie lassen sich fast \u201eauf dem Teller wenden\u201c und das Verk\u00fcrzen des Weges gelingt so problemlos.<\/p>\n<p>Nat\u00fcrlich muss nicht jedes Springpferd auf diesem Niveau dressurm\u00e4\u00dfig geritten werden. Generell sollte man sich aber immer vor Augen halten, dass <strong>Erfolge im Parcours<\/strong> eher anstehen, wenn die <strong>Durchl\u00e4ssigkeit der Pferde im Viereck <\/strong>erarbeitet wurde. Springpferde werden noch viel engagierter mitarbeiten, wenn sie dressurm\u00e4\u00dfig soweit aufgebaut und muskul\u00e4r gefestigt sind, dass ihnen das \u00dcberwinden der Hindernisse leichtf\u00e4llt. <strong>Der technische Ablauf des Sprunges<\/strong> ergibt sich aus dem gerittenen Rhythmus und dem richtigen Absprungpunkt. Beides l\u00e4sst sich durch gutes dressurm\u00e4\u00dfiges Reiten erreichen.<\/p>\n<p><strong>Abwechslung ist Trumpf f\u00fcr Dressur- und Springpferde<\/strong><\/p>\n<p>Nichts ist erm\u00fcdender f\u00fcr die <strong>Pferdemotivation<\/strong>, als sich t\u00e4glich wiederholende \u00dcbungseinheiten. Denken Sie einfach dar\u00fcber nach, <strong>Abwechslung ins Spiel <\/strong>zu bringen. Ein bis zweimal die Woche ist Training im Parcours angesagt. Wobei es hier mehr um das Reiten der Wege, als um das \u00dcberwinden der maximalen H\u00f6he geht. Dann sind regelm\u00e4\u00dfige Dressureinheiten, mal mit Schwerpunkt auf \u00dcberg\u00e4ngen, mal auf Seiteng\u00e4nge, mal auf Bahnfiguren einzubauen. Kletter- und Galopptraining im Gel\u00e4nde runden die Sache ab. Ab und zu mal ein Tag lockere <strong>Longenarbeit<\/strong> wird von den meisten Pferden auch dankbar angenommen.<\/p>\n<p>,<img decoding=\"async\" src=\"\/magazin\/app\/uploads\/2021\/02\/ccf1f7e2-b186-4678-bce6-719af1a7f7c3.jpg\" \/><\/p>\n<p>Was sich grunds\u00e4tzlich prima in die Dressurstunde einbauen l\u00e4sst, ist <strong>Stangenarbeit.<\/strong> Die Stangen k\u00f6nnen willk\u00fcrlich gelegt werden, um Rhythmus und L\u00e4nge der Galoppspr\u00fcnge zu trainieren. Sie k\u00f6nnen aber auch auf bestimmte Abst\u00e4nde oder als <strong>F\u00e4cher auf der Zirkellinie<\/strong> liegen.<\/p>\n<p>,<img decoding=\"async\" src=\"\/magazin\/app\/uploads\/2021\/02\/b67defc4-3eda-434b-a981-fe3640be9628.jpg\" \/><\/p>\n<p>Ein sch\u00f6nes Training f\u00fcr die <strong>Bauchmuskulatur und die Reaktionsschnelligkeit <\/strong>des Pferdes sind eine Reihe mit In-Outs. Vier oder f\u00fcnf kleine Hindernisse an der langen Seite hintereinander sind eine tolle Trainingsstrecke. Die M\u00f6glichkeiten \u00dcbungen zu gestalten sind schier endlos.<\/p>\n<p>,<img decoding=\"async\" src=\"\/magazin\/app\/uploads\/2021\/02\/9fc45496-9fb1-4530-92e9-c5dbdfbc42c6.jpg\" \/>,<\/p>\n<p>Wer h\u00e4ufiger auf sich selbst gestellt ist, der kann heute auf <strong>Trainingsapps <\/strong>zur\u00fcckgreifen. Hier werden die unterschiedlichsten \u00dcbungsbeispiele gegeben, h\u00e4ufig grafisch unterst\u00fctzt und immer wieder aktualisiert. Nat\u00fcrlich kann eine App <strong>keinen Trainer ersetzen<\/strong>, aber sie kann durchaus sinnvolle Anregungen schaffen.<\/p>\n<p>Mein grunds\u00e4tzlicher Trainingstipp: Suche Dir einen guten Trainer, erfreue Dich an kleinen Fortschritten und bringe Abwechslung ins Programm, dann steht dem <strong>Turniererfolg sicher<\/strong> nichts mehr im Wege.<\/p>\n<p>Leider k\u00f6nnen auch bei den \u00dcbungen immer mal <a href=\"https:\/\/uelzener.de\/magazin\/pferd\/haeufige-fragen\/haeufige-reitunfaelle\/\">Unf\u00e4lle<\/a> passieren und das Pferd oder auch Du als Reiter wirst verletzt. Aus diesem Grund ist es sehr wichtig, gut abgesichert zu sein und eine <a href=\"https:\/\/uelzener.de\/pferd\/pferde-krankenversicherung\/\">Pferde-Krankenversicherung<\/a> abzuschlie\u00dfen.<\/p>\n","protected":false},"excerpt":{"rendered":"<p>Mindestens genauso wichtig wie der Sprung selbst ist der Weg zwischen den Hindernissen. Dabei spielt das Niveau des Reitens keine Rolle. Nur mit einem Pferd, das sicher auf die Reiterhilfen reagiert, wird der Ritt im Parcours zum Erfolg. Den richtigen Absprungpunkt zu finden, die Wendungen exakt zu nehmen und die L\u00e4nge der Galoppspr\u00fcnge zu beeinflussen, [&hellip;]<\/p>\n","protected":false},"author":1,"featured_media":10868,"parent":11689,"menu_order":38,"comment_status":"open","ping_status":"open","template":"templates\/blog.php","meta":{"_acf_changed":false,"_crdt_document":"","footnotes":"","beyondwords_generate_audio":"","beyondwords_project_id":"","beyondwords_content_id":"","beyondwords_preview_token":"","beyondwords_player_style":"","beyondwords_language_id":"","beyondwords_title_voice_id":"","beyondwords_body_voice_id":"","beyondwords_summary_voice_id":"","beyondwords_error_message":"","beyondwords_disabled":"","beyondwords_delete_content":"","beyondwords_podcast_id":"","beyondwords_hash":"","publish_post_to_speechkit":"","speechkit_hash":"","speechkit_generate_audio":"","speechkit_project_id":"","speechkit_podcast_id":"","speechkit_error_message":"","speechkit_disabled":"","speechkit_access_key":"","speechkit_error":"","speechkit_info":"","speechkit_response":"","speechkit_retries":"","speechkit_status":"","speechkit_updated_at":"","_speechkit_link":"","_speechkit_text":""},"class_list":["post-10279","page","type-page","status-publish","has-post-thumbnail","hentry"],"acf":[],"yoast_head":"<!-- This site is optimized with the Yoast SEO Premium plugin  - https:\/\/yoast.com\/product\/yoast-seo-premium-wordpress\/ -->\n<title>Warum ist Dressurarbeit f\u00fcr Springpferde wichtig? | Uelzener<\/title>\n<meta name=\"robots\" content=\"index, follow, max-snippet:-1, max-image-preview:large, max-video-preview:-1\" \/>\n<link rel=\"canonical\" href=\"https:\/\/uelzener.de\/magazin\/pferd\/erziehung-und-training\/dressurarbeit-fuer-springpferde\/\" \/>\n<meta property=\"og:locale\" content=\"de_DE\" \/>\n<meta property=\"og:type\" content=\"article\" \/>\n<meta property=\"og:title\" content=\"Warum ist Dressurarbeit f\u00fcr Springpferde wichtig?\" \/>\n<meta property=\"og:description\" content=\"Mindestens genauso wichtig wie der Sprung selbst ist der Weg zwischen den Hindernissen. Dabei spielt das Niveau des Reitens keine Rolle. Nur mit einem Pferd, das sicher auf die Reiterhilfen reagiert, wird der Ritt im Parcours zum Erfolg. Den richtigen Absprungpunkt zu finden, die Wendungen exakt zu nehmen und die L\u00e4nge der Galoppspr\u00fcnge zu beeinflussen, [&hellip;]\" \/>\n<meta property=\"og:url\" content=\"https:\/\/uelzener.de\/magazin\/pferd\/erziehung-und-training\/dressurarbeit-fuer-springpferde\/\" \/>\n<meta property=\"og:site_name\" content=\"Uelzener Tier-Magazin\" \/>\n<meta property=\"article:publisher\" content=\"https:\/\/www.facebook.com\/Uelzener\" \/>\n<meta property=\"article:modified_time\" content=\"2023-07-18T12:21:06+00:00\" \/>\n<meta property=\"og:image\" content=\"https:\/\/uelzener.de\/magazin\/app\/uploads\/2019\/10\/e6ba358f-794e-4a14-99b4-3b5de83a0fb7.jpg\" \/>\n\t<meta property=\"og:image:width\" content=\"952\" \/>\n\t<meta property=\"og:image:height\" content=\"496\" \/>\n\t<meta property=\"og:image:type\" content=\"image\/jpeg\" \/>\n<meta name=\"twitter:card\" content=\"summary_large_image\" \/>\n<meta name=\"twitter:label1\" content=\"Gesch\u00e4tzte Lesezeit\" \/>\n\t<meta name=\"twitter:data1\" content=\"6\u00a0Minuten\" \/>\n<script type=\"application\/ld+json\" class=\"yoast-schema-graph\">{\"@context\":\"https:\/\/schema.org\",\"@graph\":[{\"@type\":\"WebPage\",\"@id\":\"https:\/\/uelzener.de\/magazin\/pferd\/erziehung-und-training\/dressurarbeit-fuer-springpferde\/\",\"url\":\"https:\/\/uelzener.de\/magazin\/pferd\/erziehung-und-training\/dressurarbeit-fuer-springpferde\/\",\"name\":\"Warum ist Dressurarbeit f\u00fcr Springpferde wichtig? | Uelzener\",\"isPartOf\":{\"@id\":\"https:\/\/uelzener.de\/magazin\/#website\"},\"primaryImageOfPage\":{\"@id\":\"https:\/\/uelzener.de\/magazin\/pferd\/erziehung-und-training\/dressurarbeit-fuer-springpferde\/#primaryimage\"},\"image\":{\"@id\":\"https:\/\/uelzener.de\/magazin\/pferd\/erziehung-und-training\/dressurarbeit-fuer-springpferde\/#primaryimage\"},\"thumbnailUrl\":\"https:\/\/uelzener.de\/magazin\/app\/uploads\/2019\/10\/e6ba358f-794e-4a14-99b4-3b5de83a0fb7.jpg\",\"datePublished\":\"2019-10-18T00:00:00+00:00\",\"dateModified\":\"2023-07-18T12:21:06+00:00\",\"breadcrumb\":{\"@id\":\"https:\/\/uelzener.de\/magazin\/pferd\/erziehung-und-training\/dressurarbeit-fuer-springpferde\/#breadcrumb\"},\"inLanguage\":\"de\",\"potentialAction\":[{\"@type\":\"ReadAction\",\"target\":[\"https:\/\/uelzener.de\/magazin\/pferd\/erziehung-und-training\/dressurarbeit-fuer-springpferde\/\"]}]},{\"@type\":\"ImageObject\",\"inLanguage\":\"de\",\"@id\":\"https:\/\/uelzener.de\/magazin\/pferd\/erziehung-und-training\/dressurarbeit-fuer-springpferde\/#primaryimage\",\"url\":\"https:\/\/uelzener.de\/magazin\/app\/uploads\/2019\/10\/e6ba358f-794e-4a14-99b4-3b5de83a0fb7.jpg\",\"contentUrl\":\"https:\/\/uelzener.de\/magazin\/app\/uploads\/2019\/10\/e6ba358f-794e-4a14-99b4-3b5de83a0fb7.jpg\",\"width\":952,\"height\":496,\"caption\":\"Eine Frau trainiert Ihr Sprungpferd im Dressurtraining.\"},{\"@type\":\"WebSite\",\"@id\":\"https:\/\/uelzener.de\/magazin\/#website\",\"url\":\"https:\/\/uelzener.de\/magazin\/\",\"name\":\"Uelzener Tiermagazin\",\"description\":\"Online Tierratgeber der Uelzener Versicherungen\",\"publisher\":{\"@id\":\"https:\/\/uelzener.de\/magazin\/#organization\"},\"potentialAction\":[{\"@type\":\"SearchAction\",\"target\":{\"@type\":\"EntryPoint\",\"urlTemplate\":\"https:\/\/uelzener.de\/magazin\/?s={search_term_string}\"},\"query-input\":{\"@type\":\"PropertyValueSpecification\",\"valueRequired\":true,\"valueName\":\"search_term_string\"}}],\"inLanguage\":\"de\"},{\"@type\":\"Organization\",\"@id\":\"https:\/\/uelzener.de\/magazin\/#organization\",\"name\":\"Uelzener Versicherungen\",\"url\":\"https:\/\/uelzener.de\/magazin\/\",\"logo\":{\"@type\":\"ImageObject\",\"inLanguage\":\"de\",\"@id\":\"https:\/\/uelzener.de\/magazin\/#\/schema\/logo\/image\/\",\"url\":\"https:\/\/uelzener.de\/magazin\/app\/uploads\/2024\/11\/uelzener_allgemeine_versicherungsgesellschaft_a_g_logo.jpg\",\"contentUrl\":\"https:\/\/uelzener.de\/magazin\/app\/uploads\/2024\/11\/uelzener_allgemeine_versicherungsgesellschaft_a_g_logo.jpg\",\"width\":200,\"height\":200,\"caption\":\"Uelzener Versicherungen\"},\"image\":{\"@id\":\"https:\/\/uelzener.de\/magazin\/#\/schema\/logo\/image\/\"},\"sameAs\":[\"https:\/\/www.facebook.com\/Uelzener\",\"https:\/\/instagram.com\/uelzener\",\"https:\/\/www.xing.com\/pages\/uelzenerallgemeineversicherungs-gesellschafta-g\",\"https:\/\/www.youtube.com\/UelzenerVersicherungen\"]}]}<\/script>\n<!-- \/ Yoast SEO Premium plugin. -->","yoast_head_json":{"title":"Warum ist Dressurarbeit f\u00fcr Springpferde wichtig? | Uelzener","robots":{"index":"index","follow":"follow","max-snippet":"max-snippet:-1","max-image-preview":"max-image-preview:large","max-video-preview":"max-video-preview:-1"},"canonical":"https:\/\/uelzener.de\/magazin\/pferd\/erziehung-und-training\/dressurarbeit-fuer-springpferde\/","og_locale":"de_DE","og_type":"article","og_title":"Warum ist Dressurarbeit f\u00fcr Springpferde wichtig?","og_description":"Mindestens genauso wichtig wie der Sprung selbst ist der Weg zwischen den Hindernissen. Dabei spielt das Niveau des Reitens keine Rolle. Nur mit einem Pferd, das sicher auf die Reiterhilfen reagiert, wird der Ritt im Parcours zum Erfolg. Den richtigen Absprungpunkt zu finden, die Wendungen exakt zu nehmen und die L\u00e4nge der Galoppspr\u00fcnge zu beeinflussen, [&hellip;]","og_url":"https:\/\/uelzener.de\/magazin\/pferd\/erziehung-und-training\/dressurarbeit-fuer-springpferde\/","og_site_name":"Uelzener Tier-Magazin","article_publisher":"https:\/\/www.facebook.com\/Uelzener","article_modified_time":"2023-07-18T12:21:06+00:00","og_image":[{"width":952,"height":496,"url":"https:\/\/uelzener.de\/magazin\/app\/uploads\/2019\/10\/e6ba358f-794e-4a14-99b4-3b5de83a0fb7.jpg","type":"image\/jpeg"}],"twitter_card":"summary_large_image","twitter_misc":{"Gesch\u00e4tzte Lesezeit":"6\u00a0Minuten"},"schema":{"@context":"https:\/\/schema.org","@graph":[{"@type":"WebPage","@id":"https:\/\/uelzener.de\/magazin\/pferd\/erziehung-und-training\/dressurarbeit-fuer-springpferde\/","url":"https:\/\/uelzener.de\/magazin\/pferd\/erziehung-und-training\/dressurarbeit-fuer-springpferde\/","name":"Warum ist Dressurarbeit f\u00fcr Springpferde wichtig? | Uelzener","isPartOf":{"@id":"https:\/\/uelzener.de\/magazin\/#website"},"primaryImageOfPage":{"@id":"https:\/\/uelzener.de\/magazin\/pferd\/erziehung-und-training\/dressurarbeit-fuer-springpferde\/#primaryimage"},"image":{"@id":"https:\/\/uelzener.de\/magazin\/pferd\/erziehung-und-training\/dressurarbeit-fuer-springpferde\/#primaryimage"},"thumbnailUrl":"https:\/\/uelzener.de\/magazin\/app\/uploads\/2019\/10\/e6ba358f-794e-4a14-99b4-3b5de83a0fb7.jpg","datePublished":"2019-10-18T00:00:00+00:00","dateModified":"2023-07-18T12:21:06+00:00","breadcrumb":{"@id":"https:\/\/uelzener.de\/magazin\/pferd\/erziehung-und-training\/dressurarbeit-fuer-springpferde\/#breadcrumb"},"inLanguage":"de","potentialAction":[{"@type":"ReadAction","target":["https:\/\/uelzener.de\/magazin\/pferd\/erziehung-und-training\/dressurarbeit-fuer-springpferde\/"]}]},{"@type":"ImageObject","inLanguage":"de","@id":"https:\/\/uelzener.de\/magazin\/pferd\/erziehung-und-training\/dressurarbeit-fuer-springpferde\/#primaryimage","url":"https:\/\/uelzener.de\/magazin\/app\/uploads\/2019\/10\/e6ba358f-794e-4a14-99b4-3b5de83a0fb7.jpg","contentUrl":"https:\/\/uelzener.de\/magazin\/app\/uploads\/2019\/10\/e6ba358f-794e-4a14-99b4-3b5de83a0fb7.jpg","width":952,"height":496,"caption":"Eine Frau trainiert Ihr Sprungpferd im Dressurtraining."},{"@type":"WebSite","@id":"https:\/\/uelzener.de\/magazin\/#website","url":"https:\/\/uelzener.de\/magazin\/","name":"Uelzener Tiermagazin","description":"Online Tierratgeber der Uelzener Versicherungen","publisher":{"@id":"https:\/\/uelzener.de\/magazin\/#organization"},"potentialAction":[{"@type":"SearchAction","target":{"@type":"EntryPoint","urlTemplate":"https:\/\/uelzener.de\/magazin\/?s={search_term_string}"},"query-input":{"@type":"PropertyValueSpecification","valueRequired":true,"valueName":"search_term_string"}}],"inLanguage":"de"},{"@type":"Organization","@id":"https:\/\/uelzener.de\/magazin\/#organization","name":"Uelzener Versicherungen","url":"https:\/\/uelzener.de\/magazin\/","logo":{"@type":"ImageObject","inLanguage":"de","@id":"https:\/\/uelzener.de\/magazin\/#\/schema\/logo\/image\/","url":"https:\/\/uelzener.de\/magazin\/app\/uploads\/2024\/11\/uelzener_allgemeine_versicherungsgesellschaft_a_g_logo.jpg","contentUrl":"https:\/\/uelzener.de\/magazin\/app\/uploads\/2024\/11\/uelzener_allgemeine_versicherungsgesellschaft_a_g_logo.jpg","width":200,"height":200,"caption":"Uelzener Versicherungen"},"image":{"@id":"https:\/\/uelzener.de\/magazin\/#\/schema\/logo\/image\/"},"sameAs":["https:\/\/www.facebook.com\/Uelzener","https:\/\/instagram.com\/uelzener","https:\/\/www.xing.com\/pages\/uelzenerallgemeineversicherungs-gesellschafta-g","https:\/\/www.youtube.com\/UelzenerVersicherungen"]}]}},"_links":{"self":[{"href":"https:\/\/uelzener.de\/magazin\/wp-json\/wp\/v2\/pages\/10279","targetHints":{"allow":["GET"]}}],"collection":[{"href":"https:\/\/uelzener.de\/magazin\/wp-json\/wp\/v2\/pages"}],"about":[{"href":"https:\/\/uelzener.de\/magazin\/wp-json\/wp\/v2\/types\/page"}],"author":[{"embeddable":true,"href":"https:\/\/uelzener.de\/magazin\/wp-json\/wp\/v2\/users\/1"}],"replies":[{"embeddable":true,"href":"https:\/\/uelzener.de\/magazin\/wp-json\/wp\/v2\/comments?post=10279"}],"version-history":[{"count":7,"href":"https:\/\/uelzener.de\/magazin\/wp-json\/wp\/v2\/pages\/10279\/revisions"}],"predecessor-version":[{"id":15957,"href":"https:\/\/uelzener.de\/magazin\/wp-json\/wp\/v2\/pages\/10279\/revisions\/15957"}],"up":[{"embeddable":true,"href":"https:\/\/uelzener.de\/magazin\/wp-json\/wp\/v2\/pages\/11689"}],"wp:featuredmedia":[{"embeddable":true,"href":"https:\/\/uelzener.de\/magazin\/wp-json\/wp\/v2\/media\/10868"}],"wp:attachment":[{"href":"https:\/\/uelzener.de\/magazin\/wp-json\/wp\/v2\/media?parent=10279"}],"curies":[{"name":"wp","href":"https:\/\/api.w.org\/{rel}","templated":true}]}}