{"id":10278,"date":"2019-08-14T00:00:00","date_gmt":"2019-08-14T00:00:00","guid":{"rendered":""},"modified":"2025-08-05T13:21:20","modified_gmt":"2025-08-05T11:21:20","slug":"reitunfall-erste-hilfe","status":"publish","type":"page","link":"https:\/\/uelzener.de\/magazin\/pferd\/tipps-fuer-den-alltag\/reitunfall-erste-hilfe\/","title":{"rendered":"Reitunfall: Erste Hilfe"},"content":{"rendered":"<p><strong>Wer es liebt, mit seinem Pferd durch Wald und Felder zu reiten, der sollte f\u00fcr (Not)F\u00e4lle gewappnet sein. Die beste Vorbereitung bietet ein Erste-Hilfe-Kurs. Wir erkl\u00e4ren, welche Ma\u00dfnahmen Du nach einem Sturz ergreifen solltest. <\/strong><\/p>\n<p>Die Seele baumeln lassen \u2013 das k\u00f6nnen viele Reiter bei einem entspannten Ausritt im Gel\u00e4nde. Erfahrene Pferde sind trittsicher, aber dennoch kann beim Ausreiten mehr passieren als beim Training auf dem Reitplatz oder in der Halle. Wenn pl\u00f6tzlich ein Vogel aus dem Geb\u00fcsch hochfliegt, ein Schuss knallt oder ein gro\u00dfer Trecker vorbeidonnert, ist es schnell passiert: Das Pferd erschrickt, macht einen Satz zur Seite und der <a href=\"https:\/\/uelzener.de\/magazin\/pferd\/tipps-fuer-den-alltag\/sturztraining-pferd\/\">Reiter liegt auf dem Boden<\/a>.<\/p>\n<p><strong>Handeln nach einem Reitunfall<\/strong><\/p>\n<p>Das oberste Gebot bei einem Reitunfall, wie einem Sturz vom Pferd, ist leichter gesagt als getan: Ruhe bewahren. Und sich dann an das Gelernte aus dem letzten Erste-Hilfe-Kurs erinnern. Ist dieser zu lange her? Vielleicht w\u00e4re genau jetzt der richtige Zeitpunkt, um die Kenntnisse aufzufrischen! Die Vereinigung der Freizeitreiter und -fahrer (VFD) veranstaltet Kurse, um im Notfall kompetent zu helfen. Sie werden von den Uelzener Versicherungen unterst\u00fctzt. Die Lehrg\u00e4nge f\u00fcr Kinder, Jugendliche und Erwachsene finden in der Reitanlage und direkt in der Natur statt. In Gruppen\u00fcbungen werden dabei Unfallsituationen ge\u00fcbt.<\/p>\n<p>Wenn der Unfall nun einmal passiert ist, hilft es nur noch, einen k\u00fchlen Kopf zu bewahren und die Situation so objektiv wie m\u00f6glich einzusch\u00e4tzen \u2013 auch wenn dies schwerf\u00e4llt, wenn die Freundin bewusstlos auf dem Boden liegt. Die Beteiligten sollten sich zuerst um die verletzte Person k\u00fcmmern. Atmet sie? Ist sie ansprechbar? Blutet sie? Diese Fragen helfen, den Ernst der Lage einzusch\u00e4tzen.<\/p>\n<p><strong>Hilfe rufen nach dem Reitunfall<\/strong><\/p>\n<p>Im n\u00e4chsten Schritt sollte der Notruf 112 gew\u00e4hlt werden. Deshalb ist es sinnvoll, immer ein Mobiltelefon mit geladenem Akku dabei zu haben. Die Sanit\u00e4ter werden zun\u00e4chst die relevanten W-Fragen stellen, also wer, wo, was und wie. Der Weg zum Unfallort sollte so exakt wie m\u00f6glich beschrieben werden. Auch die Information, dass es sich um einen Reitunfall handelt, ist relevant \u2013 die Helfer k\u00f6nnen zum Beispiel bei der Anfahrt das Martinshorn abstellen, um die Pferde nicht weiter in Panik zu versetzen.<\/p>\n<p>Wer ge\u00fcbt in Erste-Hilfe-Ma\u00dfnahmen ist, kann die verletzte Person bei Bedarf in die stabile Seitenlage bringen. Eine Decke oder eine Jacke k\u00f6nnen ebenfalls hilfreich sein, damit die gest\u00fcrzte Person nicht unterk\u00fchlt. Im Ernstfall ist eine Beatmung unumg\u00e4nglich \u2013 auch daf\u00fcr ist es wichtig, regelm\u00e4\u00dfig Auffrischungskurse zu absolvieren.<\/p>\n<p><strong>Sicherheit beim Ausreiten<\/strong><\/p>\n<p>Grunds\u00e4tzlich gibt es einige Tipps, die bei einem Ausritt beherzigt werden sollten:<\/p>\n<ul>\n<li>Reitkappe aufsetzen,<\/li>\n<li>gut sichtbare Kleidung tragen,<\/li>\n<li>Handy mitnehmen,<\/li>\n<li>Notfalldaten bei sich tragen,<\/li>\n<li>kleine Verbandstasche mitnehmen,<\/li>\n<li>vorzugsweise in der Gruppe reiten,<\/li>\n<li>geplante Reitroute im Stall mitteilen.<\/li>\n<\/ul>\n\n<div class=\"related_articles boxed\">\n    <h2>Mehr zum Thema<\/h2>\n    \n    <div class=\"wrapper\"><div class=\"title align-center\"><h3><a href=\"https:\/\/uelzener.de\/magazin\/pferd\/erziehung-und-training\/sicheres-aufsteigen-eine-unterschaetzte-schluesseluebung\/\">Sicheres Aufsteigen: Eine untersch\u00e4tzte Schl\u00fcssel\u00fcbung<\/a><\/h3><\/div><div class=\"img align-center\"><img decoding=\"async\" width=\"315\" height=\"180\" src=\"https:\/\/uelzener.de\/magazin\/app\/uploads\/2025\/07\/aufsteigen-beim-pferd-kreinberg-315x180.jpg\" class=\"attachment-315x180 size-315x180 wp-post-image\" alt=\"\" \/><\/div><\/div><div class=\"wrapper\"><div class=\"title align-center\"><h3><a href=\"https:\/\/uelzener.de\/magazin\/pferd\/tipps-fuer-den-alltag\/reitunfall-erste-hilfe\/\">Reitunfall: Erste Hilfe<\/a><\/h3><\/div><div class=\"img align-center\"><img decoding=\"async\" width=\"315\" height=\"180\" src=\"https:\/\/uelzener.de\/magazin\/app\/uploads\/2019\/08\/13c89c35-1d96-4ca8-addd-4709878059d1-315x180.jpg\" class=\"attachment-315x180 size-315x180 wp-post-image\" alt=\"Die zwei Frauen galoppieren sehr schnell, sollte etwas passieren, ist es wichtig das jemand Erste Hilfe leisten kann beim Reitunfall.\" srcset=\"https:\/\/uelzener.de\/magazin\/app\/uploads\/2019\/08\/13c89c35-1d96-4ca8-addd-4709878059d1-315x180.jpg 315w, https:\/\/uelzener.de\/magazin\/app\/uploads\/2019\/08\/13c89c35-1d96-4ca8-addd-4709878059d1-650x369.jpg 650w\" sizes=\"(max-width: 315px) 100vw, 315px\" \/><\/div><\/div><div class=\"wrapper\"><div class=\"title align-center\"><h3><a href=\"https:\/\/uelzener.de\/magazin\/pferd\/tipps-fuer-den-alltag\/aufsteigen-von-links-aufs-pferd\/\">Warum steigt man von links aufs Pferd?<\/a><\/h3><\/div><div class=\"img align-center\"><img decoding=\"async\" width=\"315\" height=\"180\" src=\"https:\/\/uelzener.de\/magazin\/app\/uploads\/2021\/10\/Pferd_aufsteigen_1024x450-315x180.jpg\" class=\"attachment-315x180 size-315x180 wp-post-image\" alt=\"Reiterin sattelt ein Pferd, sie will einen Reitausflug machen.\" \/><\/div><\/div><\/div>\n\n<p>Wenn die Route f\u00fcr den geplanten Ausritt an der Pinnwand im Reitstall h\u00e4ngt, k\u00f6nnen die Kollegen im Stall schneller reagieren, falls die Gruppe nicht wieder kommt. Au\u00dferdem muss niemand auf die Suche gehen und die Hilfe vom Notarzt und Rettungsdienst kann gezielter gesteuert werden.<\/p>\n<p>Die Uelzener Versicherungen bieten noch mehr Unbeschwertheit: Mit einer Reiter-Unfall-Versicherung gibt es Hilfe und finanzielle Unterst\u00fctzung auch nach dem Ungl\u00fcck.<\/p>\n\n<div class=\"banner\">\n    <a href=\"https:\/\/uelzener.de\/pferd\/reiter-unfallversicherung\/?agt=0000104925&sem=true&utm_medium=magazin&utm_source=wordpress&utm_campaign=reiterunfall&utm_content=banner\">\n        <img decoding=\"async\" width=\"300\" height=\"212\" src=\"https:\/\/uelzener.de\/magazin\/app\/uploads\/2025\/01\/Reiter-Unfall-Versicherung.jpg\" class=\"attachment-medium size-medium\" alt=\"Banner Reiter-Unfall-Versicherung\" \/>    <\/a>\n<\/div>\n\n","protected":false},"excerpt":{"rendered":"<p>Wer es liebt, mit seinem Pferd durch Wald und Felder zu reiten, der sollte f\u00fcr (Not)F\u00e4lle gewappnet sein. Die beste Vorbereitung bietet ein Erste-Hilfe-Kurs. Wir erkl\u00e4ren, welche Ma\u00dfnahmen Du nach einem Sturz ergreifen solltest. Die Seele baumeln lassen \u2013 das k\u00f6nnen viele Reiter bei einem entspannten Ausritt im Gel\u00e4nde. Erfahrene Pferde sind trittsicher, aber dennoch [&hellip;]<\/p>\n","protected":false},"author":1,"featured_media":10867,"parent":11703,"menu_order":14,"comment_status":"open","ping_status":"open","template":"templates\/blog.php","meta":{"_acf_changed":false,"_crdt_document":"","footnotes":"","beyondwords_generate_audio":"","beyondwords_project_id":"","beyondwords_content_id":"","beyondwords_preview_token":"","beyondwords_player_style":"","beyondwords_language_id":"","beyondwords_title_voice_id":"","beyondwords_body_voice_id":"","beyondwords_summary_voice_id":"","beyondwords_error_message":"","beyondwords_disabled":"","beyondwords_delete_content":"","beyondwords_podcast_id":"","beyondwords_hash":"","publish_post_to_speechkit":"","speechkit_hash":"","speechkit_generate_audio":"","speechkit_project_id":"","speechkit_podcast_id":"","speechkit_error_message":"","speechkit_disabled":"","speechkit_access_key":"","speechkit_error":"","speechkit_info":"","speechkit_response":"","speechkit_retries":"","speechkit_status":"","speechkit_updated_at":"","_speechkit_link":"","_speechkit_text":""},"class_list":["post-10278","page","type-page","status-publish","has-post-thumbnail","hentry"],"acf":[],"yoast_head":"<!-- This site is optimized with the Yoast SEO Premium plugin  - https:\/\/yoast.com\/product\/yoast-seo-premium-wordpress\/ -->\n<title>Reitunfall: Erste Hilfe | Uelzener Magazin<\/title>\n<meta name=\"robots\" content=\"index, follow, max-snippet:-1, max-image-preview:large, max-video-preview:-1\" \/>\n<link rel=\"canonical\" href=\"https:\/\/uelzener.de\/magazin\/pferd\/tipps-fuer-den-alltag\/reitunfall-erste-hilfe\/\" \/>\n<meta property=\"og:locale\" content=\"de_DE\" \/>\n<meta property=\"og:type\" content=\"article\" \/>\n<meta property=\"og:title\" content=\"Reitunfall: Erste Hilfe\" \/>\n<meta property=\"og:description\" content=\"Wer es liebt, mit seinem Pferd durch Wald und Felder zu reiten, der sollte f\u00fcr (Not)F\u00e4lle gewappnet sein. Die beste Vorbereitung bietet ein Erste-Hilfe-Kurs. Wir erkl\u00e4ren, welche Ma\u00dfnahmen Du nach einem Sturz ergreifen solltest. Die Seele baumeln lassen \u2013 das k\u00f6nnen viele Reiter bei einem entspannten Ausritt im Gel\u00e4nde. Erfahrene Pferde sind trittsicher, aber dennoch [&hellip;]\" \/>\n<meta property=\"og:url\" content=\"https:\/\/uelzener.de\/magazin\/pferd\/tipps-fuer-den-alltag\/reitunfall-erste-hilfe\/\" \/>\n<meta property=\"og:site_name\" content=\"Uelzener Tier-Magazin\" \/>\n<meta property=\"article:publisher\" content=\"https:\/\/www.facebook.com\/Uelzener\" \/>\n<meta property=\"article:modified_time\" content=\"2025-08-05T11:21:20+00:00\" \/>\n<meta property=\"og:image\" content=\"https:\/\/uelzener.de\/magazin\/app\/uploads\/2019\/08\/13c89c35-1d96-4ca8-addd-4709878059d1.jpg\" \/>\n\t<meta property=\"og:image:width\" content=\"650\" \/>\n\t<meta property=\"og:image:height\" content=\"433\" \/>\n\t<meta property=\"og:image:type\" content=\"image\/jpeg\" \/>\n<meta name=\"twitter:card\" content=\"summary_large_image\" \/>\n<meta name=\"twitter:label1\" content=\"Gesch\u00e4tzte Lesezeit\" \/>\n\t<meta name=\"twitter:data1\" content=\"3\u00a0Minuten\" \/>\n<script type=\"application\/ld+json\" class=\"yoast-schema-graph\">{\"@context\":\"https:\/\/schema.org\",\"@graph\":[{\"@type\":\"WebPage\",\"@id\":\"https:\/\/uelzener.de\/magazin\/pferd\/tipps-fuer-den-alltag\/reitunfall-erste-hilfe\/\",\"url\":\"https:\/\/uelzener.de\/magazin\/pferd\/tipps-fuer-den-alltag\/reitunfall-erste-hilfe\/\",\"name\":\"Reitunfall: Erste Hilfe | Uelzener Magazin\",\"isPartOf\":{\"@id\":\"https:\/\/uelzener.de\/magazin\/#website\"},\"primaryImageOfPage\":{\"@id\":\"https:\/\/uelzener.de\/magazin\/pferd\/tipps-fuer-den-alltag\/reitunfall-erste-hilfe\/#primaryimage\"},\"image\":{\"@id\":\"https:\/\/uelzener.de\/magazin\/pferd\/tipps-fuer-den-alltag\/reitunfall-erste-hilfe\/#primaryimage\"},\"thumbnailUrl\":\"https:\/\/uelzener.de\/magazin\/app\/uploads\/2019\/08\/13c89c35-1d96-4ca8-addd-4709878059d1.jpg\",\"datePublished\":\"2019-08-14T00:00:00+00:00\",\"dateModified\":\"2025-08-05T11:21:20+00:00\",\"breadcrumb\":{\"@id\":\"https:\/\/uelzener.de\/magazin\/pferd\/tipps-fuer-den-alltag\/reitunfall-erste-hilfe\/#breadcrumb\"},\"inLanguage\":\"de\",\"potentialAction\":[{\"@type\":\"ReadAction\",\"target\":[\"https:\/\/uelzener.de\/magazin\/pferd\/tipps-fuer-den-alltag\/reitunfall-erste-hilfe\/\"]}]},{\"@type\":\"ImageObject\",\"inLanguage\":\"de\",\"@id\":\"https:\/\/uelzener.de\/magazin\/pferd\/tipps-fuer-den-alltag\/reitunfall-erste-hilfe\/#primaryimage\",\"url\":\"https:\/\/uelzener.de\/magazin\/app\/uploads\/2019\/08\/13c89c35-1d96-4ca8-addd-4709878059d1.jpg\",\"contentUrl\":\"https:\/\/uelzener.de\/magazin\/app\/uploads\/2019\/08\/13c89c35-1d96-4ca8-addd-4709878059d1.jpg\",\"width\":650,\"height\":433,\"caption\":\"Die zwei Frauen galoppieren sehr schnell, sollte etwas passieren, ist es wichtig das jemand Erste Hilfe leisten kann beim Reitunfall.\"},{\"@type\":\"WebSite\",\"@id\":\"https:\/\/uelzener.de\/magazin\/#website\",\"url\":\"https:\/\/uelzener.de\/magazin\/\",\"name\":\"Uelzener Tiermagazin\",\"description\":\"Online Tierratgeber der Uelzener Versicherungen\",\"publisher\":{\"@id\":\"https:\/\/uelzener.de\/magazin\/#organization\"},\"potentialAction\":[{\"@type\":\"SearchAction\",\"target\":{\"@type\":\"EntryPoint\",\"urlTemplate\":\"https:\/\/uelzener.de\/magazin\/?s={search_term_string}\"},\"query-input\":{\"@type\":\"PropertyValueSpecification\",\"valueRequired\":true,\"valueName\":\"search_term_string\"}}],\"inLanguage\":\"de\"},{\"@type\":\"Organization\",\"@id\":\"https:\/\/uelzener.de\/magazin\/#organization\",\"name\":\"Uelzener Versicherungen\",\"url\":\"https:\/\/uelzener.de\/magazin\/\",\"logo\":{\"@type\":\"ImageObject\",\"inLanguage\":\"de\",\"@id\":\"https:\/\/uelzener.de\/magazin\/#\/schema\/logo\/image\/\",\"url\":\"https:\/\/uelzener.de\/magazin\/app\/uploads\/2024\/11\/uelzener_allgemeine_versicherungsgesellschaft_a_g_logo.jpg\",\"contentUrl\":\"https:\/\/uelzener.de\/magazin\/app\/uploads\/2024\/11\/uelzener_allgemeine_versicherungsgesellschaft_a_g_logo.jpg\",\"width\":200,\"height\":200,\"caption\":\"Uelzener Versicherungen\"},\"image\":{\"@id\":\"https:\/\/uelzener.de\/magazin\/#\/schema\/logo\/image\/\"},\"sameAs\":[\"https:\/\/www.facebook.com\/Uelzener\",\"https:\/\/instagram.com\/uelzener\",\"https:\/\/www.xing.com\/pages\/uelzenerallgemeineversicherungs-gesellschafta-g\",\"https:\/\/www.youtube.com\/UelzenerVersicherungen\"]}]}<\/script>\n<!-- \/ Yoast SEO Premium plugin. -->","yoast_head_json":{"title":"Reitunfall: Erste Hilfe | Uelzener Magazin","robots":{"index":"index","follow":"follow","max-snippet":"max-snippet:-1","max-image-preview":"max-image-preview:large","max-video-preview":"max-video-preview:-1"},"canonical":"https:\/\/uelzener.de\/magazin\/pferd\/tipps-fuer-den-alltag\/reitunfall-erste-hilfe\/","og_locale":"de_DE","og_type":"article","og_title":"Reitunfall: Erste Hilfe","og_description":"Wer es liebt, mit seinem Pferd durch Wald und Felder zu reiten, der sollte f\u00fcr (Not)F\u00e4lle gewappnet sein. Die beste Vorbereitung bietet ein Erste-Hilfe-Kurs. Wir erkl\u00e4ren, welche Ma\u00dfnahmen Du nach einem Sturz ergreifen solltest. Die Seele baumeln lassen \u2013 das k\u00f6nnen viele Reiter bei einem entspannten Ausritt im Gel\u00e4nde. Erfahrene Pferde sind trittsicher, aber dennoch [&hellip;]","og_url":"https:\/\/uelzener.de\/magazin\/pferd\/tipps-fuer-den-alltag\/reitunfall-erste-hilfe\/","og_site_name":"Uelzener Tier-Magazin","article_publisher":"https:\/\/www.facebook.com\/Uelzener","article_modified_time":"2025-08-05T11:21:20+00:00","og_image":[{"width":650,"height":433,"url":"https:\/\/uelzener.de\/magazin\/app\/uploads\/2019\/08\/13c89c35-1d96-4ca8-addd-4709878059d1.jpg","type":"image\/jpeg"}],"twitter_card":"summary_large_image","twitter_misc":{"Gesch\u00e4tzte Lesezeit":"3\u00a0Minuten"},"schema":{"@context":"https:\/\/schema.org","@graph":[{"@type":"WebPage","@id":"https:\/\/uelzener.de\/magazin\/pferd\/tipps-fuer-den-alltag\/reitunfall-erste-hilfe\/","url":"https:\/\/uelzener.de\/magazin\/pferd\/tipps-fuer-den-alltag\/reitunfall-erste-hilfe\/","name":"Reitunfall: Erste Hilfe | Uelzener Magazin","isPartOf":{"@id":"https:\/\/uelzener.de\/magazin\/#website"},"primaryImageOfPage":{"@id":"https:\/\/uelzener.de\/magazin\/pferd\/tipps-fuer-den-alltag\/reitunfall-erste-hilfe\/#primaryimage"},"image":{"@id":"https:\/\/uelzener.de\/magazin\/pferd\/tipps-fuer-den-alltag\/reitunfall-erste-hilfe\/#primaryimage"},"thumbnailUrl":"https:\/\/uelzener.de\/magazin\/app\/uploads\/2019\/08\/13c89c35-1d96-4ca8-addd-4709878059d1.jpg","datePublished":"2019-08-14T00:00:00+00:00","dateModified":"2025-08-05T11:21:20+00:00","breadcrumb":{"@id":"https:\/\/uelzener.de\/magazin\/pferd\/tipps-fuer-den-alltag\/reitunfall-erste-hilfe\/#breadcrumb"},"inLanguage":"de","potentialAction":[{"@type":"ReadAction","target":["https:\/\/uelzener.de\/magazin\/pferd\/tipps-fuer-den-alltag\/reitunfall-erste-hilfe\/"]}]},{"@type":"ImageObject","inLanguage":"de","@id":"https:\/\/uelzener.de\/magazin\/pferd\/tipps-fuer-den-alltag\/reitunfall-erste-hilfe\/#primaryimage","url":"https:\/\/uelzener.de\/magazin\/app\/uploads\/2019\/08\/13c89c35-1d96-4ca8-addd-4709878059d1.jpg","contentUrl":"https:\/\/uelzener.de\/magazin\/app\/uploads\/2019\/08\/13c89c35-1d96-4ca8-addd-4709878059d1.jpg","width":650,"height":433,"caption":"Die zwei Frauen galoppieren sehr schnell, sollte etwas passieren, ist es wichtig das jemand Erste Hilfe leisten kann beim Reitunfall."},{"@type":"WebSite","@id":"https:\/\/uelzener.de\/magazin\/#website","url":"https:\/\/uelzener.de\/magazin\/","name":"Uelzener Tiermagazin","description":"Online Tierratgeber der Uelzener Versicherungen","publisher":{"@id":"https:\/\/uelzener.de\/magazin\/#organization"},"potentialAction":[{"@type":"SearchAction","target":{"@type":"EntryPoint","urlTemplate":"https:\/\/uelzener.de\/magazin\/?s={search_term_string}"},"query-input":{"@type":"PropertyValueSpecification","valueRequired":true,"valueName":"search_term_string"}}],"inLanguage":"de"},{"@type":"Organization","@id":"https:\/\/uelzener.de\/magazin\/#organization","name":"Uelzener Versicherungen","url":"https:\/\/uelzener.de\/magazin\/","logo":{"@type":"ImageObject","inLanguage":"de","@id":"https:\/\/uelzener.de\/magazin\/#\/schema\/logo\/image\/","url":"https:\/\/uelzener.de\/magazin\/app\/uploads\/2024\/11\/uelzener_allgemeine_versicherungsgesellschaft_a_g_logo.jpg","contentUrl":"https:\/\/uelzener.de\/magazin\/app\/uploads\/2024\/11\/uelzener_allgemeine_versicherungsgesellschaft_a_g_logo.jpg","width":200,"height":200,"caption":"Uelzener Versicherungen"},"image":{"@id":"https:\/\/uelzener.de\/magazin\/#\/schema\/logo\/image\/"},"sameAs":["https:\/\/www.facebook.com\/Uelzener","https:\/\/instagram.com\/uelzener","https:\/\/www.xing.com\/pages\/uelzenerallgemeineversicherungs-gesellschafta-g","https:\/\/www.youtube.com\/UelzenerVersicherungen"]}]}},"_links":{"self":[{"href":"https:\/\/uelzener.de\/magazin\/wp-json\/wp\/v2\/pages\/10278","targetHints":{"allow":["GET"]}}],"collection":[{"href":"https:\/\/uelzener.de\/magazin\/wp-json\/wp\/v2\/pages"}],"about":[{"href":"https:\/\/uelzener.de\/magazin\/wp-json\/wp\/v2\/types\/page"}],"author":[{"embeddable":true,"href":"https:\/\/uelzener.de\/magazin\/wp-json\/wp\/v2\/users\/1"}],"replies":[{"embeddable":true,"href":"https:\/\/uelzener.de\/magazin\/wp-json\/wp\/v2\/comments?post=10278"}],"version-history":[{"count":9,"href":"https:\/\/uelzener.de\/magazin\/wp-json\/wp\/v2\/pages\/10278\/revisions"}],"predecessor-version":[{"id":18798,"href":"https:\/\/uelzener.de\/magazin\/wp-json\/wp\/v2\/pages\/10278\/revisions\/18798"}],"up":[{"embeddable":true,"href":"https:\/\/uelzener.de\/magazin\/wp-json\/wp\/v2\/pages\/11703"}],"wp:featuredmedia":[{"embeddable":true,"href":"https:\/\/uelzener.de\/magazin\/wp-json\/wp\/v2\/media\/10867"}],"wp:attachment":[{"href":"https:\/\/uelzener.de\/magazin\/wp-json\/wp\/v2\/media?parent=10278"}],"curies":[{"name":"wp","href":"https:\/\/api.w.org\/{rel}","templated":true}]}}