{"id":10274,"date":"2019-08-14T00:00:00","date_gmt":"2019-08-14T00:00:00","guid":{"rendered":""},"modified":"2023-04-26T09:55:17","modified_gmt":"2023-04-26T07:55:17","slug":"reitbeteiligung-tipps","status":"publish","type":"page","link":"https:\/\/uelzener.de\/magazin\/pferd\/tipps-fuer-den-alltag\/reitbeteiligung-tipps\/","title":{"rendered":"Reitbeteiligung: 8 Tipps, die alle gl\u00fccklich machen!"},"content":{"rendered":"<p>Wenn die Anschaffung und der Unterhalt des <a href=\"https:\/\/uelzener.de\/magazin\/pferd\/haltung\/erstes-eigenes-pferd\/\">ersten eigenen Pferdes<\/a> zu teuer oder die Zeit zu knapp ist, ist eine Reitbeteiligung eine gute Alternative. Beteiligung, Besitzer und Pferd m\u00fcssen jedoch zusammenpassen und folgende Tipps beachten, sonst ist Streit vorprogrammiert.<\/p>\n<h2>8-Punkte-Checkliste f\u00fcr eine optimale Reitbeteiligung<\/h2>\n<ul>\n<li>\n<h3>Verantwortung<\/h3>\n<p>Einer fremden Person zu erlauben, sich um seinen Liebling zu k\u00fcmmern, ist ein gro\u00dfer Schritt. Eine Reitbeteiligung tr\u00e4gt Verantwortung. Das Wohlbefinden und die Gesundheit des Pferdes stehen im Vordergrund. Ein pfleglicher Umgang gilt ebenfalls bei der Ausr\u00fcstung. Geht ein Teil des Equipments kaputt, sollte die Reitbeteiligung ehrlich sein und dem Besitzer Bescheid geben.<\/li>\n<li>\n<h3>Unterst\u00fctzung<\/h3>\n<p>Zuverl\u00e4ssig, p\u00fcnktlich, hilfsbereit \u2013 diese drei Punkte sollte eine Reitbeteiligung unbedingt beherzigen. Abmachungen, zum Beispiel die \u00dcbernahme des Stalldienstes, m\u00fcssen eingehalten werden. Aber auch wenn das Pferd pl\u00f6tzlich erkrankt, gilt es sich nicht vor au\u00dferplanm\u00e4\u00dfigen Diensten zu dr\u00fccken. Aber auch Pferdebesitzer d\u00fcrfen Abmachungen und Reitabsprachen nicht ohne Grund zur\u00fccknehmen.<\/li>\n<li>\n<h3>Notfall<\/h3>\n<p>Jeder hofft, dass der Ernstfall nie eintritt. Aber was, wenn doch? Ist der Pferdebesitzer nicht greifbar, aber dem Pferd geht es zunehmend schlechter, was darf die Reitbeteiligung eigenverantwortlich tun? Diese Notsituationen m\u00fcssen besprochen werden. Ist der Anruf beim Tierarzt in Ordnung oder gibt es einen weiteren Ansprechpartner aus dem Umfeld des Besitzers? Es gibt unterschiedliche M\u00f6glichkeiten und ist ein Vorgehen abgesprochen, kommt gar kein Streit auf. Dem Pferd kann zeitnah geholfen werden.<\/li>\n<li>\n<h3>Sicherheit<\/h3>\n<p>Als Reitbeteiligung gilt es nie eine andere Person auf das Pferd zu lassen \u2013 auch, wenn es sich um einen reiterfahrenen Freund handelt. Diese Entscheidung liegt allein beim Pferdebesitzer.<\/li>\n<li>\n<h3>Information<\/h3>\n<p>Es gibt keine bl\u00f6den Fragen. Als Reitbeteiligung sollte man sofort nachfragen, sobald etwas unklar ist. Lieber eine Frage zweimal stellen, als im Umgang mit dem Pferd etwas falsch zu machen. Ist man durch Urlaub oder einen Termin verhindert in den Stall zu fahren, darf diese Information nicht verschwiegen werden. Nur so k\u00f6nnen Reitbeteiligung und Pferdebesitzer eine Vertretung ausmachen. Au\u00dferdem sollte der Pferdebesitzer seine Reitbeteiligung regelm\u00e4\u00dfig \u00fcber wichtige Details zum Stall und zur Gesundheit des Pferdes informieren.<\/li>\n<li>\n<h3>Reiten<\/h3>\n<p>Was darf die Reitbeteiligung \u00fcberhaupt mit dem Pferd machen? Reitzeiten, Unterrichts- und Turnierteilnahme \u2013 diese Punkte sind wichtig f\u00fcr ein eingespieltes Miteinander. Die W\u00fcnsche einer Reitbeteiligung sollten mit den Vorstellungen des Pferdebesitzers bereits von Anfang an zusammenpassen. Aber auch die Regeln bei der Ausbildung d\u00fcrfen nicht komplett auseinanderklaffen. Klare Absprache und vor allem Ehrlichkeit sind bei der Suche nach Pferd oder Reiter wichtig.<\/p>\n<p>Selbst wenn der Vierbeiner noch so perfekt zu sein scheint, ergibt eine Reitbeteiligung nicht immer Sinn. Wenn das Pferd im Springen ausgebildet ist und das Herz der Reitbeteiligung an Turnierteilnahmen im Dressursport h\u00e4ngt, sind die Richtungen schwer in Einklang zu bringen. Gleiches gilt f\u00fcr den Pferdebesitzer. Die gemeinsamen Vorstellungen m\u00fcssen \u00fcbereinstimmen, auch wenn dringend eine helfende Hand gesucht wird.<\/li>\n<li>\n<h3>Kosten<\/h3>\n<p>Ein gro\u00dfer Streitpunkt k\u00f6nnen die Kosten sein. Damit die Partnerschaft dauerhaft harmonisch bleibt, ist ein Vertrag zwischen Pferdebesitzer und Reitbeteiligung hilfreich. Ist ein Betrag f\u00fcr Pflege und Reiten des Pferdes ausgemacht, muss die Abmachung unbedingt festgehalten werden. Hufschmied, Tierarzt und Co. \u2013 in einem Pferdeleben kommen auch schnell unerwartete Kosten auf. M\u00f6chten Reitbeteiligung und Pferdebesitzer sich diese Betr\u00e4ge prozentual teilen, nimmt eine genaue Abmachung in einem Vertrag sp\u00e4teren \u00c4rger.<\/li>\n<li>\n<h3>Haftung<\/h3>\n<p>Eine Reitbeteiligung erwirbt Haltereigenschaft, da sie regelm\u00e4\u00dfig und dauerhaft Zeit mit dem Pferd verbringt. Sie ist nicht zwangsl\u00e4ufig in der <a href=\"https:\/\/uelzener.de\/pferd\/reiter-unfallversicherung\/\">Pferdehaftpflicht<\/a>\u00a0der Pferdebesitzer eingeschlossen. Achtung: Verletzt sich eine Reitbeteiligung beim Umgang mit dem Pferd, sind diese Kosten ebenfalls nicht immer im Versicherungsumfang abgedeckt. Beim Spezialisten f\u00fcr Tierversicherungen \u2013 der Uelzener \u2013 sind eine oder mehrere Reitbeteiligungen automatisch in der Pferdehalter-Haftpflicht des Pferdebesitzers eingeschlossen. Eine Nennung des Namens ist nicht mehr erforderlich. So sind Pferdebesitzer und Reitbeteiligung optimal gesch\u00fctzt.<\/li>\n<\/ul>\n<h2>Zwischen Reitbeteiligung und Fremdreiter unterscheiden<\/h2>\n<p>Grunds\u00e4tzlich ist es wichtig, eine Reitbeteiligung vom sogenannten Fremd- und Gastreiter zu unterscheiden. Ein Fremd- und Gastreiter reitet das Pferd unregelm\u00e4\u00dfig ohne Zahlung eines Entgeltes. Die Reitbeteiligung hingegen verbringt regelm\u00e4\u00dfig Zeit mit dem Pferd und zahlt daf\u00fcr einen monatlichen Beitrag, sie erwirbt sogenannte \u201eHaltereigenschaften\u201c an dem Pferd.<\/p>\n<p>Die Mitversicherung des Fremdreiterrisikos ist in der Regel in jeder Pferdehaftpflicht enthalten, sodass eigene Sch\u00e4den geltend gemacht werden k\u00f6nnen. Anders ist es mit der Reitbeteiligung.<\/p>\n<h2>Wer zahlt im Schadensfall bei einer Reitbeteiligung?<\/h2>\n<p>Die Beteiligung wird oftmals nicht klar in den Bedingungen der Versicherer definiert. Im Idealfall wird die Reitbeteiligung hier dem privaten Tierh\u00fcter gleichgestellt und kann bei eigener Verletzung oder eigenen Sachsch\u00e4den Anspr\u00fcche gegen den Pferdehalter geltend machen.<\/p>\n<p>Eine Reitbeteiligung ist \u00fcbrigens bei der Uelzener kostenlos mitversichert. Das bedeutet ein H\u00f6chstma\u00df an Sicherheit f\u00fcr Pferdebesitzer:innen und f\u00fcr die Reitbeteiligung!<\/p>\n","protected":false},"excerpt":{"rendered":"<p>Wenn die Anschaffung und der Unterhalt des ersten eigenen Pferdes zu teuer oder die Zeit zu knapp ist, ist eine Reitbeteiligung eine gute Alternative. Beteiligung, Besitzer und Pferd m\u00fcssen jedoch zusammenpassen und folgende Tipps beachten, sonst ist Streit vorprogrammiert. 8-Punkte-Checkliste f\u00fcr eine optimale Reitbeteiligung Verantwortung Einer fremden Person zu erlauben, sich um seinen Liebling zu [&hellip;]<\/p>\n","protected":false},"author":1,"featured_media":10863,"parent":11703,"menu_order":12,"comment_status":"open","ping_status":"open","template":"templates\/blog.php","meta":{"_acf_changed":false,"_crdt_document":"","footnotes":"","beyondwords_generate_audio":"","beyondwords_project_id":"","beyondwords_content_id":"","beyondwords_preview_token":"","beyondwords_player_style":"","beyondwords_language_id":"","beyondwords_title_voice_id":"","beyondwords_body_voice_id":"","beyondwords_summary_voice_id":"","beyondwords_error_message":"","beyondwords_disabled":"","beyondwords_delete_content":"","beyondwords_podcast_id":"","beyondwords_hash":"","publish_post_to_speechkit":"","speechkit_hash":"","speechkit_generate_audio":"","speechkit_project_id":"","speechkit_podcast_id":"","speechkit_error_message":"","speechkit_disabled":"","speechkit_access_key":"","speechkit_error":"","speechkit_info":"","speechkit_response":"","speechkit_retries":"","speechkit_status":"","speechkit_updated_at":"","_speechkit_link":"","_speechkit_text":""},"class_list":["post-10274","page","type-page","status-publish","has-post-thumbnail","hentry"],"acf":[],"yoast_head":"<!-- This site is optimized with the Yoast SEO Premium plugin  - https:\/\/yoast.com\/product\/yoast-seo-premium-wordpress\/ -->\n<title>Reitbeteiligung: 8 Tipps, die alle gl\u00fccklich machen! | Uelzener<\/title>\n<meta name=\"robots\" content=\"index, follow, max-snippet:-1, max-image-preview:large, max-video-preview:-1\" \/>\n<link rel=\"canonical\" href=\"https:\/\/uelzener.de\/magazin\/pferd\/tipps-fuer-den-alltag\/reitbeteiligung-tipps\/\" \/>\n<meta property=\"og:locale\" content=\"de_DE\" \/>\n<meta property=\"og:type\" content=\"article\" \/>\n<meta property=\"og:title\" content=\"Reitbeteiligung: 8 Tipps, die alle gl\u00fccklich machen!\" \/>\n<meta property=\"og:description\" content=\"Wenn die Anschaffung und der Unterhalt des ersten eigenen Pferdes zu teuer oder die Zeit zu knapp ist, ist eine Reitbeteiligung eine gute Alternative. Beteiligung, Besitzer und Pferd m\u00fcssen jedoch zusammenpassen und folgende Tipps beachten, sonst ist Streit vorprogrammiert. 8-Punkte-Checkliste f\u00fcr eine optimale Reitbeteiligung Verantwortung Einer fremden Person zu erlauben, sich um seinen Liebling zu [&hellip;]\" \/>\n<meta property=\"og:url\" content=\"https:\/\/uelzener.de\/magazin\/pferd\/tipps-fuer-den-alltag\/reitbeteiligung-tipps\/\" \/>\n<meta property=\"og:site_name\" content=\"Uelzener Tier-Magazin\" \/>\n<meta property=\"article:publisher\" content=\"https:\/\/www.facebook.com\/Uelzener\" \/>\n<meta property=\"article:modified_time\" content=\"2023-04-26T07:55:17+00:00\" \/>\n<meta property=\"og:image\" content=\"https:\/\/uelzener.de\/magazin\/app\/uploads\/2019\/08\/8116b1be-3357-4c92-96f2-443bc00b3d85.jpg\" \/>\n\t<meta property=\"og:image:width\" content=\"650\" \/>\n\t<meta property=\"og:image:height\" content=\"433\" \/>\n\t<meta property=\"og:image:type\" content=\"image\/jpeg\" \/>\n<meta name=\"twitter:card\" content=\"summary_large_image\" \/>\n<meta name=\"twitter:label1\" content=\"Gesch\u00e4tzte Lesezeit\" \/>\n\t<meta name=\"twitter:data1\" content=\"4\u00a0Minuten\" \/>\n<script type=\"application\/ld+json\" class=\"yoast-schema-graph\">{\"@context\":\"https:\/\/schema.org\",\"@graph\":[{\"@type\":\"WebPage\",\"@id\":\"https:\/\/uelzener.de\/magazin\/pferd\/tipps-fuer-den-alltag\/reitbeteiligung-tipps\/\",\"url\":\"https:\/\/uelzener.de\/magazin\/pferd\/tipps-fuer-den-alltag\/reitbeteiligung-tipps\/\",\"name\":\"Reitbeteiligung: 8 Tipps, die alle gl\u00fccklich machen! | Uelzener\",\"isPartOf\":{\"@id\":\"https:\/\/uelzener.de\/magazin\/#website\"},\"primaryImageOfPage\":{\"@id\":\"https:\/\/uelzener.de\/magazin\/pferd\/tipps-fuer-den-alltag\/reitbeteiligung-tipps\/#primaryimage\"},\"image\":{\"@id\":\"https:\/\/uelzener.de\/magazin\/pferd\/tipps-fuer-den-alltag\/reitbeteiligung-tipps\/#primaryimage\"},\"thumbnailUrl\":\"https:\/\/uelzener.de\/magazin\/app\/uploads\/2019\/08\/8116b1be-3357-4c92-96f2-443bc00b3d85.jpg\",\"datePublished\":\"2019-08-14T00:00:00+00:00\",\"dateModified\":\"2023-04-26T07:55:17+00:00\",\"breadcrumb\":{\"@id\":\"https:\/\/uelzener.de\/magazin\/pferd\/tipps-fuer-den-alltag\/reitbeteiligung-tipps\/#breadcrumb\"},\"inLanguage\":\"de\",\"potentialAction\":[{\"@type\":\"ReadAction\",\"target\":[\"https:\/\/uelzener.de\/magazin\/pferd\/tipps-fuer-den-alltag\/reitbeteiligung-tipps\/\"]}]},{\"@type\":\"ImageObject\",\"inLanguage\":\"de\",\"@id\":\"https:\/\/uelzener.de\/magazin\/pferd\/tipps-fuer-den-alltag\/reitbeteiligung-tipps\/#primaryimage\",\"url\":\"https:\/\/uelzener.de\/magazin\/app\/uploads\/2019\/08\/8116b1be-3357-4c92-96f2-443bc00b3d85.jpg\",\"contentUrl\":\"https:\/\/uelzener.de\/magazin\/app\/uploads\/2019\/08\/8116b1be-3357-4c92-96f2-443bc00b3d85.jpg\",\"width\":650,\"height\":433,\"caption\":\"Eine Frau sitzt auf ihrem Pferd, sie hat eine Reitbeteiligng.\"},{\"@type\":\"WebSite\",\"@id\":\"https:\/\/uelzener.de\/magazin\/#website\",\"url\":\"https:\/\/uelzener.de\/magazin\/\",\"name\":\"Uelzener Tiermagazin\",\"description\":\"Online Tierratgeber der Uelzener Versicherungen\",\"publisher\":{\"@id\":\"https:\/\/uelzener.de\/magazin\/#organization\"},\"potentialAction\":[{\"@type\":\"SearchAction\",\"target\":{\"@type\":\"EntryPoint\",\"urlTemplate\":\"https:\/\/uelzener.de\/magazin\/?s={search_term_string}\"},\"query-input\":{\"@type\":\"PropertyValueSpecification\",\"valueRequired\":true,\"valueName\":\"search_term_string\"}}],\"inLanguage\":\"de\"},{\"@type\":\"Organization\",\"@id\":\"https:\/\/uelzener.de\/magazin\/#organization\",\"name\":\"Uelzener Versicherungen\",\"url\":\"https:\/\/uelzener.de\/magazin\/\",\"logo\":{\"@type\":\"ImageObject\",\"inLanguage\":\"de\",\"@id\":\"https:\/\/uelzener.de\/magazin\/#\/schema\/logo\/image\/\",\"url\":\"https:\/\/uelzener.de\/magazin\/app\/uploads\/2024\/11\/uelzener_allgemeine_versicherungsgesellschaft_a_g_logo.jpg\",\"contentUrl\":\"https:\/\/uelzener.de\/magazin\/app\/uploads\/2024\/11\/uelzener_allgemeine_versicherungsgesellschaft_a_g_logo.jpg\",\"width\":200,\"height\":200,\"caption\":\"Uelzener Versicherungen\"},\"image\":{\"@id\":\"https:\/\/uelzener.de\/magazin\/#\/schema\/logo\/image\/\"},\"sameAs\":[\"https:\/\/www.facebook.com\/Uelzener\",\"https:\/\/instagram.com\/uelzener\",\"https:\/\/www.xing.com\/pages\/uelzenerallgemeineversicherungs-gesellschafta-g\",\"https:\/\/www.youtube.com\/UelzenerVersicherungen\"]}]}<\/script>\n<!-- \/ Yoast SEO Premium plugin. -->","yoast_head_json":{"title":"Reitbeteiligung: 8 Tipps, die alle gl\u00fccklich machen! | Uelzener","robots":{"index":"index","follow":"follow","max-snippet":"max-snippet:-1","max-image-preview":"max-image-preview:large","max-video-preview":"max-video-preview:-1"},"canonical":"https:\/\/uelzener.de\/magazin\/pferd\/tipps-fuer-den-alltag\/reitbeteiligung-tipps\/","og_locale":"de_DE","og_type":"article","og_title":"Reitbeteiligung: 8 Tipps, die alle gl\u00fccklich machen!","og_description":"Wenn die Anschaffung und der Unterhalt des ersten eigenen Pferdes zu teuer oder die Zeit zu knapp ist, ist eine Reitbeteiligung eine gute Alternative. Beteiligung, Besitzer und Pferd m\u00fcssen jedoch zusammenpassen und folgende Tipps beachten, sonst ist Streit vorprogrammiert. 8-Punkte-Checkliste f\u00fcr eine optimale Reitbeteiligung Verantwortung Einer fremden Person zu erlauben, sich um seinen Liebling zu [&hellip;]","og_url":"https:\/\/uelzener.de\/magazin\/pferd\/tipps-fuer-den-alltag\/reitbeteiligung-tipps\/","og_site_name":"Uelzener Tier-Magazin","article_publisher":"https:\/\/www.facebook.com\/Uelzener","article_modified_time":"2023-04-26T07:55:17+00:00","og_image":[{"width":650,"height":433,"url":"https:\/\/uelzener.de\/magazin\/app\/uploads\/2019\/08\/8116b1be-3357-4c92-96f2-443bc00b3d85.jpg","type":"image\/jpeg"}],"twitter_card":"summary_large_image","twitter_misc":{"Gesch\u00e4tzte Lesezeit":"4\u00a0Minuten"},"schema":{"@context":"https:\/\/schema.org","@graph":[{"@type":"WebPage","@id":"https:\/\/uelzener.de\/magazin\/pferd\/tipps-fuer-den-alltag\/reitbeteiligung-tipps\/","url":"https:\/\/uelzener.de\/magazin\/pferd\/tipps-fuer-den-alltag\/reitbeteiligung-tipps\/","name":"Reitbeteiligung: 8 Tipps, die alle gl\u00fccklich machen! | Uelzener","isPartOf":{"@id":"https:\/\/uelzener.de\/magazin\/#website"},"primaryImageOfPage":{"@id":"https:\/\/uelzener.de\/magazin\/pferd\/tipps-fuer-den-alltag\/reitbeteiligung-tipps\/#primaryimage"},"image":{"@id":"https:\/\/uelzener.de\/magazin\/pferd\/tipps-fuer-den-alltag\/reitbeteiligung-tipps\/#primaryimage"},"thumbnailUrl":"https:\/\/uelzener.de\/magazin\/app\/uploads\/2019\/08\/8116b1be-3357-4c92-96f2-443bc00b3d85.jpg","datePublished":"2019-08-14T00:00:00+00:00","dateModified":"2023-04-26T07:55:17+00:00","breadcrumb":{"@id":"https:\/\/uelzener.de\/magazin\/pferd\/tipps-fuer-den-alltag\/reitbeteiligung-tipps\/#breadcrumb"},"inLanguage":"de","potentialAction":[{"@type":"ReadAction","target":["https:\/\/uelzener.de\/magazin\/pferd\/tipps-fuer-den-alltag\/reitbeteiligung-tipps\/"]}]},{"@type":"ImageObject","inLanguage":"de","@id":"https:\/\/uelzener.de\/magazin\/pferd\/tipps-fuer-den-alltag\/reitbeteiligung-tipps\/#primaryimage","url":"https:\/\/uelzener.de\/magazin\/app\/uploads\/2019\/08\/8116b1be-3357-4c92-96f2-443bc00b3d85.jpg","contentUrl":"https:\/\/uelzener.de\/magazin\/app\/uploads\/2019\/08\/8116b1be-3357-4c92-96f2-443bc00b3d85.jpg","width":650,"height":433,"caption":"Eine Frau sitzt auf ihrem Pferd, sie hat eine Reitbeteiligng."},{"@type":"WebSite","@id":"https:\/\/uelzener.de\/magazin\/#website","url":"https:\/\/uelzener.de\/magazin\/","name":"Uelzener Tiermagazin","description":"Online Tierratgeber der Uelzener Versicherungen","publisher":{"@id":"https:\/\/uelzener.de\/magazin\/#organization"},"potentialAction":[{"@type":"SearchAction","target":{"@type":"EntryPoint","urlTemplate":"https:\/\/uelzener.de\/magazin\/?s={search_term_string}"},"query-input":{"@type":"PropertyValueSpecification","valueRequired":true,"valueName":"search_term_string"}}],"inLanguage":"de"},{"@type":"Organization","@id":"https:\/\/uelzener.de\/magazin\/#organization","name":"Uelzener Versicherungen","url":"https:\/\/uelzener.de\/magazin\/","logo":{"@type":"ImageObject","inLanguage":"de","@id":"https:\/\/uelzener.de\/magazin\/#\/schema\/logo\/image\/","url":"https:\/\/uelzener.de\/magazin\/app\/uploads\/2024\/11\/uelzener_allgemeine_versicherungsgesellschaft_a_g_logo.jpg","contentUrl":"https:\/\/uelzener.de\/magazin\/app\/uploads\/2024\/11\/uelzener_allgemeine_versicherungsgesellschaft_a_g_logo.jpg","width":200,"height":200,"caption":"Uelzener Versicherungen"},"image":{"@id":"https:\/\/uelzener.de\/magazin\/#\/schema\/logo\/image\/"},"sameAs":["https:\/\/www.facebook.com\/Uelzener","https:\/\/instagram.com\/uelzener","https:\/\/www.xing.com\/pages\/uelzenerallgemeineversicherungs-gesellschafta-g","https:\/\/www.youtube.com\/UelzenerVersicherungen"]}]}},"_links":{"self":[{"href":"https:\/\/uelzener.de\/magazin\/wp-json\/wp\/v2\/pages\/10274","targetHints":{"allow":["GET"]}}],"collection":[{"href":"https:\/\/uelzener.de\/magazin\/wp-json\/wp\/v2\/pages"}],"about":[{"href":"https:\/\/uelzener.de\/magazin\/wp-json\/wp\/v2\/types\/page"}],"author":[{"embeddable":true,"href":"https:\/\/uelzener.de\/magazin\/wp-json\/wp\/v2\/users\/1"}],"replies":[{"embeddable":true,"href":"https:\/\/uelzener.de\/magazin\/wp-json\/wp\/v2\/comments?post=10274"}],"version-history":[{"count":15,"href":"https:\/\/uelzener.de\/magazin\/wp-json\/wp\/v2\/pages\/10274\/revisions"}],"predecessor-version":[{"id":15415,"href":"https:\/\/uelzener.de\/magazin\/wp-json\/wp\/v2\/pages\/10274\/revisions\/15415"}],"up":[{"embeddable":true,"href":"https:\/\/uelzener.de\/magazin\/wp-json\/wp\/v2\/pages\/11703"}],"wp:featuredmedia":[{"embeddable":true,"href":"https:\/\/uelzener.de\/magazin\/wp-json\/wp\/v2\/media\/10863"}],"wp:attachment":[{"href":"https:\/\/uelzener.de\/magazin\/wp-json\/wp\/v2\/media?parent=10274"}],"curies":[{"name":"wp","href":"https:\/\/api.w.org\/{rel}","templated":true}]}}