{"id":10269,"date":"2019-05-07T00:00:00","date_gmt":"2019-05-07T00:00:00","guid":{"rendered":""},"modified":"2024-05-23T12:05:09","modified_gmt":"2024-05-23T10:05:09","slug":"lewitzer","status":"publish","type":"page","link":"https:\/\/uelzener.de\/magazin\/pferd\/rasseportrait\/lewitzer\/","title":{"rendered":"Der Lewitzer: Das vielseitige Pony"},"content":{"rendered":"<p>Bis zum Zweiten Weltkrieg wurden in Deutschland nur wenige Kleinpferde gez\u00fcchtet. In Zeiten der DDR stieg der Bedarf an kleinen, pflegeleichten Pferden, die in verschiedenen Bereichen eingesetzt werden sollten. Die Zucht der Lewitzer begann.<\/p>\n<p>Der Lewitzer, auch Lewitzerschecke genannt, ist noch eine recht junge Pferderasse. Bekannt durch die rassetypische Tobianoscheckung, erfreut sich dieses Pony besonders bei kleinen Reitern gro\u00dfer Beliebtheit.<\/p>\n<h2>Charakter<\/h2>\n<p>Der Lewitzer eignet sich gut als Turnierpferd f\u00fcr <a href=\"https:\/\/uelzener.de\/magazin\/pferd\/erziehung-und-training\/reiten-lernen-tipps-fuer-die-sicherheit-bei-kindern\/\">Kinder<\/a> und Jugendliche. Er ist sehr umg\u00e4nglich und freundlich, bringt Charakterst\u00e4rke, Leistungsbereitschaft sowie Gelehrigkeit mit und besitzt ein schnelles Reaktionsverm\u00f6gen.<\/p>\n<p>Weitere Einsatzm\u00f6glichkeiten des Lewitzers finden sich im Spring-, Distanz- und Fahrsport, aber auch in der Vielseitigkeit ist er zu finden. Mit seiner gro\u00dfen Ausdauer ist er insgesamt ein robustes Pony.<\/p>\n<p><img decoding=\"async\" src=\"\/magazin\/app\/uploads\/2021\/02\/ab6ced08-73ff-4002-8584-b0b778e00f18.jpg\" \/><\/p>\n<h2>Aussehen<\/h2>\n<p>Der Lewitzer wird in vier verschiedenen Sektionen gez\u00fcchtet, die sich im K\u00f6rperbau, der Verwendung und im Stockma\u00df unterscheiden. Dennoch weisen alle Sektionen teilweise gleiche Merkmale auf.<\/p>\n<p>Die Lewitzer-Ponys haben je nach Sektion ein Stockma\u00df von 130 bis 148 Zentimetern und einen harmonischen K\u00f6rperbau mit ausgeglichenen K\u00f6rperproportionen. Der Kopf ist trocken mit gro\u00dfen, klaren Augen, einem leicht konkaven Nasenr\u00fccken und einer breiten Stirn. Die Ohren sind mittellang und beweglich. Gew\u00fcnscht ist au\u00dferdem eine ausreichende Ganaschenfreiheit.<\/p>\n<p>Der Widerrist ist ausgepr\u00e4gt, die Schultern bemuskelt mit guter Brusttiefe und -breite. Die Kruppe ist ebenfalls bemuskelt, ausreichend lang und m\u00e4\u00dfig geneigt. Der Schweif sitzt tief an.<\/p>\n<p>Das Fundament des Lewitzers ist kr\u00e4ftig und trocken mit wohl geformten Hufen und gut ausgebildeten Gelenken.<\/p>\n<p>Der Lewitzer ist f\u00fcr seine typische Fellf\u00e4rbung bekannt: Die Tobianoscheckung (Plattenscheckung). Das Zuchtziel sieht eine reine Tobianoscheckung vor, welche unterschiedlich stark ausgepr\u00e4gt ist. So gibt es fast einfarbige Lewitzer mit geringer Scheckung, aber auch Ponys mit gro\u00dfen wei\u00dfen Flecken und nur wenigen braunen Stellen.<\/p>\n<h2>Herkunft<\/h2>\n<p>Der Lewitzer stammt urspr\u00fcnglich aus Mecklenburg-Vorpommern und wird heute noch vorrangig dort gez\u00fcchtet. Die Zucht dieser jungen Rasse begann erst in den 1970er Jahren auf dem VEG (Volkseigenes Gut) Lewitz in der N\u00e4he von Neustadt-Glewe. Das Zuchtbuch ist seit 2005 geschlossen.<\/p>\n<p>An der Entstehung des Lewitzers waren vor allem heimische Ponyrassen, aber auch Araber, Trakehner und Englisches Vollblut beteiligt. Das Ziel der Zucht war ein williges, geschecktes Pony f\u00fcr Kinder, bei dem gro\u00dfen Wert auf Charakterfestigkeit und Leistungsbereitschaft gelegt wurde.<\/p>\n","protected":false},"excerpt":{"rendered":"<p>Bis zum Zweiten Weltkrieg wurden in Deutschland nur wenige Kleinpferde gez\u00fcchtet. In Zeiten der DDR stieg der Bedarf an kleinen, pflegeleichten Pferden, die in verschiedenen Bereichen eingesetzt werden sollten. Die Zucht der Lewitzer begann. Der Lewitzer, auch Lewitzerschecke genannt, ist noch eine recht junge Pferderasse. Bekannt durch die rassetypische Tobianoscheckung, erfreut sich dieses Pony besonders [&hellip;]<\/p>\n","protected":false},"author":1,"featured_media":10858,"parent":2490,"menu_order":10,"comment_status":"open","ping_status":"open","template":"templates\/blog.php","meta":{"_acf_changed":false,"_crdt_document":"","footnotes":"","beyondwords_generate_audio":"0","beyondwords_project_id":"","beyondwords_content_id":"","beyondwords_preview_token":"","beyondwords_player_style":"","beyondwords_language_id":"","beyondwords_title_voice_id":"","beyondwords_body_voice_id":"","beyondwords_summary_voice_id":"","beyondwords_error_message":"","beyondwords_disabled":"","beyondwords_delete_content":"","beyondwords_podcast_id":"","beyondwords_hash":"","publish_post_to_speechkit":"","speechkit_hash":"","speechkit_generate_audio":"","speechkit_project_id":"","speechkit_podcast_id":"","speechkit_error_message":"","speechkit_disabled":"","speechkit_access_key":"","speechkit_error":"","speechkit_info":"","speechkit_response":"","speechkit_retries":"","speechkit_status":"","speechkit_updated_at":"","_speechkit_link":"","_speechkit_text":""},"class_list":["post-10269","page","type-page","status-publish","has-post-thumbnail","hentry"],"acf":[],"yoast_head":"<!-- This site is optimized with the Yoast SEO Premium plugin  - https:\/\/yoast.com\/product\/yoast-seo-premium-wordpress\/ -->\n<title>Der Lewitzer: Das vielseitige Pony | Uelzener<\/title>\n<meta name=\"description\" content=\"Erfahre alles zur Pferderasse der Lewitzer \u2713 Herkunft \u2713 Aussehen \u2713 Gr\u00f6\u00dfe \u2713 Charakter \u25b6 Hier informieren!\" \/>\n<meta name=\"robots\" content=\"index, follow, max-snippet:-1, max-image-preview:large, max-video-preview:-1\" \/>\n<link rel=\"canonical\" href=\"https:\/\/uelzener.de\/magazin\/pferd\/rasseportrait\/lewitzer\/\" \/>\n<meta property=\"og:locale\" content=\"de_DE\" \/>\n<meta property=\"og:type\" content=\"article\" \/>\n<meta property=\"og:title\" content=\"Der Lewitzer: Das vielseitige Pony\" \/>\n<meta property=\"og:description\" content=\"Erfahre alles zur Pferderasse der Lewitzer \u2713 Herkunft \u2713 Aussehen \u2713 Gr\u00f6\u00dfe \u2713 Charakter \u25b6 Hier informieren!\" \/>\n<meta property=\"og:url\" content=\"https:\/\/uelzener.de\/magazin\/pferd\/rasseportrait\/lewitzer\/\" \/>\n<meta property=\"og:site_name\" content=\"Uelzener Tier-Magazin\" \/>\n<meta property=\"article:publisher\" content=\"https:\/\/www.facebook.com\/Uelzener\" \/>\n<meta property=\"article:modified_time\" content=\"2024-05-23T10:05:09+00:00\" \/>\n<meta property=\"og:image\" content=\"https:\/\/uelzener.de\/magazin\/app\/uploads\/2019\/05\/47a02e29-6ae0-402b-88f5-801364a2819d.jpg\" \/>\n\t<meta property=\"og:image:width\" content=\"650\" \/>\n\t<meta property=\"og:image:height\" content=\"433\" \/>\n\t<meta property=\"og:image:type\" content=\"image\/jpeg\" \/>\n<meta name=\"twitter:card\" content=\"summary_large_image\" \/>\n<meta name=\"twitter:label1\" content=\"Gesch\u00e4tzte Lesezeit\" \/>\n\t<meta name=\"twitter:data1\" content=\"2\u00a0Minuten\" \/>\n<script type=\"application\/ld+json\" class=\"yoast-schema-graph\">{\"@context\":\"https:\/\/schema.org\",\"@graph\":[{\"@type\":\"WebPage\",\"@id\":\"https:\/\/uelzener.de\/magazin\/pferd\/rasseportrait\/lewitzer\/\",\"url\":\"https:\/\/uelzener.de\/magazin\/pferd\/rasseportrait\/lewitzer\/\",\"name\":\"Der Lewitzer: Das vielseitige Pony | Uelzener\",\"isPartOf\":{\"@id\":\"https:\/\/uelzener.de\/magazin\/#website\"},\"primaryImageOfPage\":{\"@id\":\"https:\/\/uelzener.de\/magazin\/pferd\/rasseportrait\/lewitzer\/#primaryimage\"},\"image\":{\"@id\":\"https:\/\/uelzener.de\/magazin\/pferd\/rasseportrait\/lewitzer\/#primaryimage\"},\"thumbnailUrl\":\"https:\/\/uelzener.de\/magazin\/app\/uploads\/2019\/05\/47a02e29-6ae0-402b-88f5-801364a2819d.jpg\",\"datePublished\":\"2019-05-07T00:00:00+00:00\",\"dateModified\":\"2024-05-23T10:05:09+00:00\",\"description\":\"Erfahre alles zur Pferderasse der Lewitzer \u2713 Herkunft \u2713 Aussehen \u2713 Gr\u00f6\u00dfe \u2713 Charakter \u25b6 Hier informieren!\",\"breadcrumb\":{\"@id\":\"https:\/\/uelzener.de\/magazin\/pferd\/rasseportrait\/lewitzer\/#breadcrumb\"},\"inLanguage\":\"de\",\"potentialAction\":[{\"@type\":\"ReadAction\",\"target\":[\"https:\/\/uelzener.de\/magazin\/pferd\/rasseportrait\/lewitzer\/\"]}]},{\"@type\":\"ImageObject\",\"inLanguage\":\"de\",\"@id\":\"https:\/\/uelzener.de\/magazin\/pferd\/rasseportrait\/lewitzer\/#primaryimage\",\"url\":\"https:\/\/uelzener.de\/magazin\/app\/uploads\/2019\/05\/47a02e29-6ae0-402b-88f5-801364a2819d.jpg\",\"contentUrl\":\"https:\/\/uelzener.de\/magazin\/app\/uploads\/2019\/05\/47a02e29-6ae0-402b-88f5-801364a2819d.jpg\",\"width\":650,\"height\":433,\"caption\":\"Eine braun wei\u00dfe Lewitzerschecke l\u00e4uft freudig \u00fcber eine gr\u00fcne Wiese.\"},{\"@type\":\"WebSite\",\"@id\":\"https:\/\/uelzener.de\/magazin\/#website\",\"url\":\"https:\/\/uelzener.de\/magazin\/\",\"name\":\"Uelzener Tiermagazin\",\"description\":\"Online Tierratgeber der Uelzener Versicherungen\",\"publisher\":{\"@id\":\"https:\/\/uelzener.de\/magazin\/#organization\"},\"potentialAction\":[{\"@type\":\"SearchAction\",\"target\":{\"@type\":\"EntryPoint\",\"urlTemplate\":\"https:\/\/uelzener.de\/magazin\/?s={search_term_string}\"},\"query-input\":{\"@type\":\"PropertyValueSpecification\",\"valueRequired\":true,\"valueName\":\"search_term_string\"}}],\"inLanguage\":\"de\"},{\"@type\":\"Organization\",\"@id\":\"https:\/\/uelzener.de\/magazin\/#organization\",\"name\":\"Uelzener Versicherungen\",\"url\":\"https:\/\/uelzener.de\/magazin\/\",\"logo\":{\"@type\":\"ImageObject\",\"inLanguage\":\"de\",\"@id\":\"https:\/\/uelzener.de\/magazin\/#\/schema\/logo\/image\/\",\"url\":\"https:\/\/uelzener.de\/magazin\/app\/uploads\/2024\/11\/uelzener_allgemeine_versicherungsgesellschaft_a_g_logo.jpg\",\"contentUrl\":\"https:\/\/uelzener.de\/magazin\/app\/uploads\/2024\/11\/uelzener_allgemeine_versicherungsgesellschaft_a_g_logo.jpg\",\"width\":200,\"height\":200,\"caption\":\"Uelzener Versicherungen\"},\"image\":{\"@id\":\"https:\/\/uelzener.de\/magazin\/#\/schema\/logo\/image\/\"},\"sameAs\":[\"https:\/\/www.facebook.com\/Uelzener\",\"https:\/\/instagram.com\/uelzener\",\"https:\/\/www.xing.com\/pages\/uelzenerallgemeineversicherungs-gesellschafta-g\",\"https:\/\/www.youtube.com\/UelzenerVersicherungen\"]}]}<\/script>\n<!-- \/ Yoast SEO Premium plugin. -->","yoast_head_json":{"title":"Der Lewitzer: Das vielseitige Pony | Uelzener","description":"Erfahre alles zur Pferderasse der Lewitzer \u2713 Herkunft \u2713 Aussehen \u2713 Gr\u00f6\u00dfe \u2713 Charakter \u25b6 Hier informieren!","robots":{"index":"index","follow":"follow","max-snippet":"max-snippet:-1","max-image-preview":"max-image-preview:large","max-video-preview":"max-video-preview:-1"},"canonical":"https:\/\/uelzener.de\/magazin\/pferd\/rasseportrait\/lewitzer\/","og_locale":"de_DE","og_type":"article","og_title":"Der Lewitzer: Das vielseitige Pony","og_description":"Erfahre alles zur Pferderasse der Lewitzer \u2713 Herkunft \u2713 Aussehen \u2713 Gr\u00f6\u00dfe \u2713 Charakter \u25b6 Hier informieren!","og_url":"https:\/\/uelzener.de\/magazin\/pferd\/rasseportrait\/lewitzer\/","og_site_name":"Uelzener Tier-Magazin","article_publisher":"https:\/\/www.facebook.com\/Uelzener","article_modified_time":"2024-05-23T10:05:09+00:00","og_image":[{"width":650,"height":433,"url":"https:\/\/uelzener.de\/magazin\/app\/uploads\/2019\/05\/47a02e29-6ae0-402b-88f5-801364a2819d.jpg","type":"image\/jpeg"}],"twitter_card":"summary_large_image","twitter_misc":{"Gesch\u00e4tzte Lesezeit":"2\u00a0Minuten"},"schema":{"@context":"https:\/\/schema.org","@graph":[{"@type":"WebPage","@id":"https:\/\/uelzener.de\/magazin\/pferd\/rasseportrait\/lewitzer\/","url":"https:\/\/uelzener.de\/magazin\/pferd\/rasseportrait\/lewitzer\/","name":"Der Lewitzer: Das vielseitige Pony | Uelzener","isPartOf":{"@id":"https:\/\/uelzener.de\/magazin\/#website"},"primaryImageOfPage":{"@id":"https:\/\/uelzener.de\/magazin\/pferd\/rasseportrait\/lewitzer\/#primaryimage"},"image":{"@id":"https:\/\/uelzener.de\/magazin\/pferd\/rasseportrait\/lewitzer\/#primaryimage"},"thumbnailUrl":"https:\/\/uelzener.de\/magazin\/app\/uploads\/2019\/05\/47a02e29-6ae0-402b-88f5-801364a2819d.jpg","datePublished":"2019-05-07T00:00:00+00:00","dateModified":"2024-05-23T10:05:09+00:00","description":"Erfahre alles zur Pferderasse der Lewitzer \u2713 Herkunft \u2713 Aussehen \u2713 Gr\u00f6\u00dfe \u2713 Charakter \u25b6 Hier informieren!","breadcrumb":{"@id":"https:\/\/uelzener.de\/magazin\/pferd\/rasseportrait\/lewitzer\/#breadcrumb"},"inLanguage":"de","potentialAction":[{"@type":"ReadAction","target":["https:\/\/uelzener.de\/magazin\/pferd\/rasseportrait\/lewitzer\/"]}]},{"@type":"ImageObject","inLanguage":"de","@id":"https:\/\/uelzener.de\/magazin\/pferd\/rasseportrait\/lewitzer\/#primaryimage","url":"https:\/\/uelzener.de\/magazin\/app\/uploads\/2019\/05\/47a02e29-6ae0-402b-88f5-801364a2819d.jpg","contentUrl":"https:\/\/uelzener.de\/magazin\/app\/uploads\/2019\/05\/47a02e29-6ae0-402b-88f5-801364a2819d.jpg","width":650,"height":433,"caption":"Eine braun wei\u00dfe Lewitzerschecke l\u00e4uft freudig \u00fcber eine gr\u00fcne Wiese."},{"@type":"WebSite","@id":"https:\/\/uelzener.de\/magazin\/#website","url":"https:\/\/uelzener.de\/magazin\/","name":"Uelzener Tiermagazin","description":"Online Tierratgeber der Uelzener Versicherungen","publisher":{"@id":"https:\/\/uelzener.de\/magazin\/#organization"},"potentialAction":[{"@type":"SearchAction","target":{"@type":"EntryPoint","urlTemplate":"https:\/\/uelzener.de\/magazin\/?s={search_term_string}"},"query-input":{"@type":"PropertyValueSpecification","valueRequired":true,"valueName":"search_term_string"}}],"inLanguage":"de"},{"@type":"Organization","@id":"https:\/\/uelzener.de\/magazin\/#organization","name":"Uelzener Versicherungen","url":"https:\/\/uelzener.de\/magazin\/","logo":{"@type":"ImageObject","inLanguage":"de","@id":"https:\/\/uelzener.de\/magazin\/#\/schema\/logo\/image\/","url":"https:\/\/uelzener.de\/magazin\/app\/uploads\/2024\/11\/uelzener_allgemeine_versicherungsgesellschaft_a_g_logo.jpg","contentUrl":"https:\/\/uelzener.de\/magazin\/app\/uploads\/2024\/11\/uelzener_allgemeine_versicherungsgesellschaft_a_g_logo.jpg","width":200,"height":200,"caption":"Uelzener Versicherungen"},"image":{"@id":"https:\/\/uelzener.de\/magazin\/#\/schema\/logo\/image\/"},"sameAs":["https:\/\/www.facebook.com\/Uelzener","https:\/\/instagram.com\/uelzener","https:\/\/www.xing.com\/pages\/uelzenerallgemeineversicherungs-gesellschafta-g","https:\/\/www.youtube.com\/UelzenerVersicherungen"]}]}},"_links":{"self":[{"href":"https:\/\/uelzener.de\/magazin\/wp-json\/wp\/v2\/pages\/10269","targetHints":{"allow":["GET"]}}],"collection":[{"href":"https:\/\/uelzener.de\/magazin\/wp-json\/wp\/v2\/pages"}],"about":[{"href":"https:\/\/uelzener.de\/magazin\/wp-json\/wp\/v2\/types\/page"}],"author":[{"embeddable":true,"href":"https:\/\/uelzener.de\/magazin\/wp-json\/wp\/v2\/users\/1"}],"replies":[{"embeddable":true,"href":"https:\/\/uelzener.de\/magazin\/wp-json\/wp\/v2\/comments?post=10269"}],"version-history":[{"count":5,"href":"https:\/\/uelzener.de\/magazin\/wp-json\/wp\/v2\/pages\/10269\/revisions"}],"predecessor-version":[{"id":17433,"href":"https:\/\/uelzener.de\/magazin\/wp-json\/wp\/v2\/pages\/10269\/revisions\/17433"}],"up":[{"embeddable":true,"href":"https:\/\/uelzener.de\/magazin\/wp-json\/wp\/v2\/pages\/2490"}],"wp:featuredmedia":[{"embeddable":true,"href":"https:\/\/uelzener.de\/magazin\/wp-json\/wp\/v2\/media\/10858"}],"wp:attachment":[{"href":"https:\/\/uelzener.de\/magazin\/wp-json\/wp\/v2\/media?parent=10269"}],"curies":[{"name":"wp","href":"https:\/\/api.w.org\/{rel}","templated":true}]}}