{"id":10268,"date":"2019-06-14T00:00:00","date_gmt":"2019-06-14T00:00:00","guid":{"rendered":""},"modified":"2023-03-02T14:08:40","modified_gmt":"2023-03-02T13:08:40","slug":"turnierhelfer-wer-haftet-wenn-etwas-passiert","status":"publish","type":"page","link":"https:\/\/uelzener.de\/magazin\/pferd\/haeufige-fragen\/turnierhelfer-wer-haftet-wenn-etwas-passiert\/","title":{"rendered":"Turnierhelfer: Wer haftet, wenn etwas passiert?"},"content":{"rendered":"<p><strong>Pferdepfleger, Packesel, Seelentr\u00f6ster und gr\u00f6\u00dfter Fan: Der Turnierhelfer ist f\u00fcr jeden Reitsportler unverzichtbar. Die engagierten Helfer k\u00fcmmern sich um alle Belange von Mensch und Tier \u2013 aber wer k\u00fcmmert sich um sie, wenn etwas schiefl\u00e4uft?<\/strong><\/p>\n<p>Die Zeit ist knapp, w\u00e4hrend der Anreise zum Turnier herrscht Stau. Endlich angekommen, eilt der Reiter zur Meldestelle und schaut nach dem Zeitplan. Sein Turnierhelfer will schon mal das Pferd vom Anh\u00e4nger holen. Das Pferd erschrickt, und er wird zu Boden gerissen. Ein Beinbruch ist die Folge. Wer \u00fcbernimmt die Kosten?<\/p>\n<p><strong>Pferdebesitzer tr\u00e4gt das Risiko<\/strong><\/p>\n<p>Grunds\u00e4tzlich unterliegt jeder Tierhalter der Tierhalterhaftung gem\u00e4\u00df \u00a7 833 BGB. Richtet ein Pferd einen Schaden an, ist derjenige, der das Pferd h\u00e4lt, verpflichtet, f\u00fcr die Kosten aufzukommen.<\/p>\n<p>Oft ist es aber nicht nur der Besitzer, der das Pferd versorgt, sondern ein Dritter. \u00dcblicherweise ist ein Turnierhelfer ein Freund, ein Stallkollege oder ein aufopfernder Verwandter. Ihre Hilfe bei Pr\u00fcfungen ist eine kurzfristige Gef\u00e4lligkeit. Wenn also ein Dritter \u2013 hier der Turnierhelfer \u2013 gelegentlich ein fremdes Pferd versorgt, bleibt der Pferdebesitzer weiter haftbar, falls ein Ungl\u00fcck passiert.<\/p>\n<p><strong>Helfer und Reiter auf der sicheren Seite <\/strong><\/p>\n<p>Das Turnier kann f\u00fcr den Reiter also nicht nur ein erfolgreiches und emotionales, sondern auch ein teures Ereignis werden. Er muss f\u00fcr die Behandlungskosten und den eventuellen Verdienstausfall des Turnierhelfers aufkommen.<\/p>\n<p>Schutz bietet eine Pferdehalter-Haftpflicht-Versicherung. Bei vielen Versicherungsgesellschaften sind Fremd- und Gastreiter sowie Gef\u00e4lligkeitsleistungen nicht in der Pferdehalter-Haftpflicht-Versicherung eingeschlossen. Beim Spezialisten f\u00fcr Tier-Versicherungen, der Uelzener, sind diese Leistungen mitversichert. Neben dem Pferdehalter ist damit auch seine helfende Hand auf der sicheren Seite.<\/p>\n<p>Zwischen den Pr\u00fcfungen geht oft alles drunter und dr\u00fcber: Ein kleiner Irrtum kann dabei einen gro\u00dfen Schaden anrichten. Wird durch eine Unachtsamkeit des Turnierhelfers beim Versorgen des Pferdes ein fremdes Tier verletzt oder ein Gegenstand besch\u00e4digt, tr\u00e4gt der Pferdebesitzer ebenfalls das Risiko. Er haftet. Eine Pferdehalter-Haftpflicht-Versicherung sch\u00fctzt auch hier Turnierhelfer und Pferdehalter.<\/p>\n<p><strong>Risikofaktor Reitbeteiligung<\/strong><\/p>\n<p>Achtung: Nimmt ein Reiter seine Reitbeteiligung als Helfer mit zu einem Turnier, ist Vorsicht geboten. Denn eine st\u00e4ndige Reitbeteiligung erwirbt Haltereigenschaften und ist bei einem Unfall nicht zwingend \u00fcber die Haftpflicht-Versicherung des Pferdehalters abgesichert. Bei den Uelzener Versicherungen ist eine Reitbeteiligung aber kostenlos in der <a href=\"https:\/\/www.uelzener.de\/pferde\/versicherung\/pferdehalter-haftpflicht.html\" target=\"_blank\" rel=\"noopener\">Pferdehalter-Haftpflicht-Versicherung<\/a> des Besitzers mitversichert \u2013 auch als Turnierhelfer.<\/p>\n<p>Das Zusammentreffen vieler Pferde auf einem Turnier birgt auch Gefahren f\u00fcr ihre Gesundheit. In unserem Beitrag <a href=\"https:\/\/www.uelzener.de\/blog\/tier\/hochansteckend-2-schritte-gegen-pferdekrankheiten.html\" target=\"_blank\" rel=\"noopener\">Hochansteckend: 2 Schritte gegen Pferdekrankheiten<\/a> erf\u00e4hrst Du mehr zu Vorsichtsma\u00dfnahmen auf Pferdeveranstaltungen.<\/p>\n","protected":false},"excerpt":{"rendered":"<p>Pferdepfleger, Packesel, Seelentr\u00f6ster und gr\u00f6\u00dfter Fan: Der Turnierhelfer ist f\u00fcr jeden Reitsportler unverzichtbar. Die engagierten Helfer k\u00fcmmern sich um alle Belange von Mensch und Tier \u2013 aber wer k\u00fcmmert sich um sie, wenn etwas schiefl\u00e4uft? Die Zeit ist knapp, w\u00e4hrend der Anreise zum Turnier herrscht Stau. Endlich angekommen, eilt der Reiter zur Meldestelle und schaut [&hellip;]<\/p>\n","protected":false},"author":1,"featured_media":10857,"parent":11685,"menu_order":20,"comment_status":"open","ping_status":"open","template":"templates\/blog.php","meta":{"_acf_changed":false,"_crdt_document":"","footnotes":"","beyondwords_generate_audio":"","beyondwords_project_id":"","beyondwords_content_id":"","beyondwords_preview_token":"","beyondwords_player_style":"","beyondwords_language_id":"","beyondwords_title_voice_id":"","beyondwords_body_voice_id":"","beyondwords_summary_voice_id":"","beyondwords_error_message":"","beyondwords_disabled":"","beyondwords_delete_content":"","beyondwords_podcast_id":"","beyondwords_hash":"","publish_post_to_speechkit":"","speechkit_hash":"","speechkit_generate_audio":"","speechkit_project_id":"","speechkit_podcast_id":"","speechkit_error_message":"","speechkit_disabled":"","speechkit_access_key":"","speechkit_error":"","speechkit_info":"","speechkit_response":"","speechkit_retries":"","speechkit_status":"","speechkit_updated_at":"","_speechkit_link":"","_speechkit_text":""},"class_list":["post-10268","page","type-page","status-publish","has-post-thumbnail","hentry"],"acf":[],"yoast_head":"<!-- This site is optimized with the Yoast SEO Premium plugin  - https:\/\/yoast.com\/product\/yoast-seo-premium-wordpress\/ -->\n<title>Turnierhelfer: Wer haftet, wenn etwas passiert? | Uelzener<\/title>\n<meta name=\"robots\" content=\"index, follow, max-snippet:-1, max-image-preview:large, max-video-preview:-1\" \/>\n<link rel=\"canonical\" href=\"https:\/\/uelzener.de\/magazin\/pferd\/haeufige-fragen\/turnierhelfer-wer-haftet-wenn-etwas-passiert\/\" \/>\n<meta property=\"og:locale\" content=\"de_DE\" \/>\n<meta property=\"og:type\" content=\"article\" \/>\n<meta property=\"og:title\" content=\"Turnierhelfer: Wer haftet, wenn etwas passiert?\" \/>\n<meta property=\"og:description\" content=\"Pferdepfleger, Packesel, Seelentr\u00f6ster und gr\u00f6\u00dfter Fan: Der Turnierhelfer ist f\u00fcr jeden Reitsportler unverzichtbar. Die engagierten Helfer k\u00fcmmern sich um alle Belange von Mensch und Tier \u2013 aber wer k\u00fcmmert sich um sie, wenn etwas schiefl\u00e4uft? Die Zeit ist knapp, w\u00e4hrend der Anreise zum Turnier herrscht Stau. Endlich angekommen, eilt der Reiter zur Meldestelle und schaut [&hellip;]\" \/>\n<meta property=\"og:url\" content=\"https:\/\/uelzener.de\/magazin\/pferd\/haeufige-fragen\/turnierhelfer-wer-haftet-wenn-etwas-passiert\/\" \/>\n<meta property=\"og:site_name\" content=\"Uelzener Tier-Magazin\" \/>\n<meta property=\"article:publisher\" content=\"https:\/\/www.facebook.com\/Uelzener\" \/>\n<meta property=\"article:modified_time\" content=\"2023-03-02T13:08:40+00:00\" \/>\n<meta property=\"og:image\" content=\"https:\/\/uelzener.de\/magazin\/app\/uploads\/2019\/06\/e8be0d41-51d4-4d41-b57e-2fb26f80022f.jpg\" \/>\n\t<meta property=\"og:image:width\" content=\"650\" \/>\n\t<meta property=\"og:image:height\" content=\"433\" \/>\n\t<meta property=\"og:image:type\" content=\"image\/jpeg\" \/>\n<meta name=\"twitter:card\" content=\"summary_large_image\" \/>\n<meta name=\"twitter:label1\" content=\"Gesch\u00e4tzte Lesezeit\" \/>\n\t<meta name=\"twitter:data1\" content=\"2\u00a0Minuten\" \/>\n<script type=\"application\/ld+json\" class=\"yoast-schema-graph\">{\"@context\":\"https:\/\/schema.org\",\"@graph\":[{\"@type\":\"WebPage\",\"@id\":\"https:\/\/uelzener.de\/magazin\/pferd\/haeufige-fragen\/turnierhelfer-wer-haftet-wenn-etwas-passiert\/\",\"url\":\"https:\/\/uelzener.de\/magazin\/pferd\/haeufige-fragen\/turnierhelfer-wer-haftet-wenn-etwas-passiert\/\",\"name\":\"Turnierhelfer: Wer haftet, wenn etwas passiert? | Uelzener\",\"isPartOf\":{\"@id\":\"https:\/\/uelzener.de\/magazin\/#website\"},\"primaryImageOfPage\":{\"@id\":\"https:\/\/uelzener.de\/magazin\/pferd\/haeufige-fragen\/turnierhelfer-wer-haftet-wenn-etwas-passiert\/#primaryimage\"},\"image\":{\"@id\":\"https:\/\/uelzener.de\/magazin\/pferd\/haeufige-fragen\/turnierhelfer-wer-haftet-wenn-etwas-passiert\/#primaryimage\"},\"thumbnailUrl\":\"https:\/\/uelzener.de\/magazin\/app\/uploads\/2019\/06\/e8be0d41-51d4-4d41-b57e-2fb26f80022f.jpg\",\"datePublished\":\"2019-06-14T00:00:00+00:00\",\"dateModified\":\"2023-03-02T13:08:40+00:00\",\"breadcrumb\":{\"@id\":\"https:\/\/uelzener.de\/magazin\/pferd\/haeufige-fragen\/turnierhelfer-wer-haftet-wenn-etwas-passiert\/#breadcrumb\"},\"inLanguage\":\"de\",\"potentialAction\":[{\"@type\":\"ReadAction\",\"target\":[\"https:\/\/uelzener.de\/magazin\/pferd\/haeufige-fragen\/turnierhelfer-wer-haftet-wenn-etwas-passiert\/\"]}]},{\"@type\":\"ImageObject\",\"inLanguage\":\"de\",\"@id\":\"https:\/\/uelzener.de\/magazin\/pferd\/haeufige-fragen\/turnierhelfer-wer-haftet-wenn-etwas-passiert\/#primaryimage\",\"url\":\"https:\/\/uelzener.de\/magazin\/app\/uploads\/2019\/06\/e8be0d41-51d4-4d41-b57e-2fb26f80022f.jpg\",\"contentUrl\":\"https:\/\/uelzener.de\/magazin\/app\/uploads\/2019\/06\/e8be0d41-51d4-4d41-b57e-2fb26f80022f.jpg\",\"width\":650,\"height\":433,\"caption\":\"Die Tunierhelferin verl\u00e4dt das Pferd in den Anh\u00e4nger.\"},{\"@type\":\"WebSite\",\"@id\":\"https:\/\/uelzener.de\/magazin\/#website\",\"url\":\"https:\/\/uelzener.de\/magazin\/\",\"name\":\"Uelzener Tiermagazin\",\"description\":\"Online Tierratgeber der Uelzener Versicherungen\",\"publisher\":{\"@id\":\"https:\/\/uelzener.de\/magazin\/#organization\"},\"potentialAction\":[{\"@type\":\"SearchAction\",\"target\":{\"@type\":\"EntryPoint\",\"urlTemplate\":\"https:\/\/uelzener.de\/magazin\/?s={search_term_string}\"},\"query-input\":{\"@type\":\"PropertyValueSpecification\",\"valueRequired\":true,\"valueName\":\"search_term_string\"}}],\"inLanguage\":\"de\"},{\"@type\":\"Organization\",\"@id\":\"https:\/\/uelzener.de\/magazin\/#organization\",\"name\":\"Uelzener Versicherungen\",\"url\":\"https:\/\/uelzener.de\/magazin\/\",\"logo\":{\"@type\":\"ImageObject\",\"inLanguage\":\"de\",\"@id\":\"https:\/\/uelzener.de\/magazin\/#\/schema\/logo\/image\/\",\"url\":\"https:\/\/uelzener.de\/magazin\/app\/uploads\/2024\/11\/uelzener_allgemeine_versicherungsgesellschaft_a_g_logo.jpg\",\"contentUrl\":\"https:\/\/uelzener.de\/magazin\/app\/uploads\/2024\/11\/uelzener_allgemeine_versicherungsgesellschaft_a_g_logo.jpg\",\"width\":200,\"height\":200,\"caption\":\"Uelzener Versicherungen\"},\"image\":{\"@id\":\"https:\/\/uelzener.de\/magazin\/#\/schema\/logo\/image\/\"},\"sameAs\":[\"https:\/\/www.facebook.com\/Uelzener\",\"https:\/\/instagram.com\/uelzener\",\"https:\/\/www.xing.com\/pages\/uelzenerallgemeineversicherungs-gesellschafta-g\",\"https:\/\/www.youtube.com\/UelzenerVersicherungen\"]}]}<\/script>\n<!-- \/ Yoast SEO Premium plugin. -->","yoast_head_json":{"title":"Turnierhelfer: Wer haftet, wenn etwas passiert? | Uelzener","robots":{"index":"index","follow":"follow","max-snippet":"max-snippet:-1","max-image-preview":"max-image-preview:large","max-video-preview":"max-video-preview:-1"},"canonical":"https:\/\/uelzener.de\/magazin\/pferd\/haeufige-fragen\/turnierhelfer-wer-haftet-wenn-etwas-passiert\/","og_locale":"de_DE","og_type":"article","og_title":"Turnierhelfer: Wer haftet, wenn etwas passiert?","og_description":"Pferdepfleger, Packesel, Seelentr\u00f6ster und gr\u00f6\u00dfter Fan: Der Turnierhelfer ist f\u00fcr jeden Reitsportler unverzichtbar. Die engagierten Helfer k\u00fcmmern sich um alle Belange von Mensch und Tier \u2013 aber wer k\u00fcmmert sich um sie, wenn etwas schiefl\u00e4uft? Die Zeit ist knapp, w\u00e4hrend der Anreise zum Turnier herrscht Stau. Endlich angekommen, eilt der Reiter zur Meldestelle und schaut [&hellip;]","og_url":"https:\/\/uelzener.de\/magazin\/pferd\/haeufige-fragen\/turnierhelfer-wer-haftet-wenn-etwas-passiert\/","og_site_name":"Uelzener Tier-Magazin","article_publisher":"https:\/\/www.facebook.com\/Uelzener","article_modified_time":"2023-03-02T13:08:40+00:00","og_image":[{"width":650,"height":433,"url":"https:\/\/uelzener.de\/magazin\/app\/uploads\/2019\/06\/e8be0d41-51d4-4d41-b57e-2fb26f80022f.jpg","type":"image\/jpeg"}],"twitter_card":"summary_large_image","twitter_misc":{"Gesch\u00e4tzte Lesezeit":"2\u00a0Minuten"},"schema":{"@context":"https:\/\/schema.org","@graph":[{"@type":"WebPage","@id":"https:\/\/uelzener.de\/magazin\/pferd\/haeufige-fragen\/turnierhelfer-wer-haftet-wenn-etwas-passiert\/","url":"https:\/\/uelzener.de\/magazin\/pferd\/haeufige-fragen\/turnierhelfer-wer-haftet-wenn-etwas-passiert\/","name":"Turnierhelfer: Wer haftet, wenn etwas passiert? | Uelzener","isPartOf":{"@id":"https:\/\/uelzener.de\/magazin\/#website"},"primaryImageOfPage":{"@id":"https:\/\/uelzener.de\/magazin\/pferd\/haeufige-fragen\/turnierhelfer-wer-haftet-wenn-etwas-passiert\/#primaryimage"},"image":{"@id":"https:\/\/uelzener.de\/magazin\/pferd\/haeufige-fragen\/turnierhelfer-wer-haftet-wenn-etwas-passiert\/#primaryimage"},"thumbnailUrl":"https:\/\/uelzener.de\/magazin\/app\/uploads\/2019\/06\/e8be0d41-51d4-4d41-b57e-2fb26f80022f.jpg","datePublished":"2019-06-14T00:00:00+00:00","dateModified":"2023-03-02T13:08:40+00:00","breadcrumb":{"@id":"https:\/\/uelzener.de\/magazin\/pferd\/haeufige-fragen\/turnierhelfer-wer-haftet-wenn-etwas-passiert\/#breadcrumb"},"inLanguage":"de","potentialAction":[{"@type":"ReadAction","target":["https:\/\/uelzener.de\/magazin\/pferd\/haeufige-fragen\/turnierhelfer-wer-haftet-wenn-etwas-passiert\/"]}]},{"@type":"ImageObject","inLanguage":"de","@id":"https:\/\/uelzener.de\/magazin\/pferd\/haeufige-fragen\/turnierhelfer-wer-haftet-wenn-etwas-passiert\/#primaryimage","url":"https:\/\/uelzener.de\/magazin\/app\/uploads\/2019\/06\/e8be0d41-51d4-4d41-b57e-2fb26f80022f.jpg","contentUrl":"https:\/\/uelzener.de\/magazin\/app\/uploads\/2019\/06\/e8be0d41-51d4-4d41-b57e-2fb26f80022f.jpg","width":650,"height":433,"caption":"Die Tunierhelferin verl\u00e4dt das Pferd in den Anh\u00e4nger."},{"@type":"WebSite","@id":"https:\/\/uelzener.de\/magazin\/#website","url":"https:\/\/uelzener.de\/magazin\/","name":"Uelzener Tiermagazin","description":"Online Tierratgeber der Uelzener Versicherungen","publisher":{"@id":"https:\/\/uelzener.de\/magazin\/#organization"},"potentialAction":[{"@type":"SearchAction","target":{"@type":"EntryPoint","urlTemplate":"https:\/\/uelzener.de\/magazin\/?s={search_term_string}"},"query-input":{"@type":"PropertyValueSpecification","valueRequired":true,"valueName":"search_term_string"}}],"inLanguage":"de"},{"@type":"Organization","@id":"https:\/\/uelzener.de\/magazin\/#organization","name":"Uelzener Versicherungen","url":"https:\/\/uelzener.de\/magazin\/","logo":{"@type":"ImageObject","inLanguage":"de","@id":"https:\/\/uelzener.de\/magazin\/#\/schema\/logo\/image\/","url":"https:\/\/uelzener.de\/magazin\/app\/uploads\/2024\/11\/uelzener_allgemeine_versicherungsgesellschaft_a_g_logo.jpg","contentUrl":"https:\/\/uelzener.de\/magazin\/app\/uploads\/2024\/11\/uelzener_allgemeine_versicherungsgesellschaft_a_g_logo.jpg","width":200,"height":200,"caption":"Uelzener Versicherungen"},"image":{"@id":"https:\/\/uelzener.de\/magazin\/#\/schema\/logo\/image\/"},"sameAs":["https:\/\/www.facebook.com\/Uelzener","https:\/\/instagram.com\/uelzener","https:\/\/www.xing.com\/pages\/uelzenerallgemeineversicherungs-gesellschafta-g","https:\/\/www.youtube.com\/UelzenerVersicherungen"]}]}},"_links":{"self":[{"href":"https:\/\/uelzener.de\/magazin\/wp-json\/wp\/v2\/pages\/10268","targetHints":{"allow":["GET"]}}],"collection":[{"href":"https:\/\/uelzener.de\/magazin\/wp-json\/wp\/v2\/pages"}],"about":[{"href":"https:\/\/uelzener.de\/magazin\/wp-json\/wp\/v2\/types\/page"}],"author":[{"embeddable":true,"href":"https:\/\/uelzener.de\/magazin\/wp-json\/wp\/v2\/users\/1"}],"replies":[{"embeddable":true,"href":"https:\/\/uelzener.de\/magazin\/wp-json\/wp\/v2\/comments?post=10268"}],"version-history":[{"count":4,"href":"https:\/\/uelzener.de\/magazin\/wp-json\/wp\/v2\/pages\/10268\/revisions"}],"predecessor-version":[{"id":12704,"href":"https:\/\/uelzener.de\/magazin\/wp-json\/wp\/v2\/pages\/10268\/revisions\/12704"}],"up":[{"embeddable":true,"href":"https:\/\/uelzener.de\/magazin\/wp-json\/wp\/v2\/pages\/11685"}],"wp:featuredmedia":[{"embeddable":true,"href":"https:\/\/uelzener.de\/magazin\/wp-json\/wp\/v2\/media\/10857"}],"wp:attachment":[{"href":"https:\/\/uelzener.de\/magazin\/wp-json\/wp\/v2\/media?parent=10268"}],"curies":[{"name":"wp","href":"https:\/\/api.w.org\/{rel}","templated":true}]}}