{"id":10266,"date":"2019-06-13T00:00:00","date_gmt":"2019-06-13T00:00:00","guid":{"rendered":""},"modified":"2025-10-30T09:42:53","modified_gmt":"2025-10-30T08:42:53","slug":"pferd-lahmt","status":"publish","type":"page","link":"https:\/\/uelzener.de\/magazin\/pferd\/tiergesundheit\/pferd-lahmt\/","title":{"rendered":"Lahmheit erkennen und behandeln"},"content":{"rendered":"<p>Erkrankungen des Bewegungsapparats sind beim Pferd neben Atemwegserkrankungen und Erkrankungen des Verdauungstrakts der h\u00e4ufigste Grund f\u00fcr eine tier\u00e4rztliche Behandlung. Stimmt etwas am Bewegungsapparat nicht, sind erste Anzeichen h\u00e4ufig eine Lahmheit beim Pferd. Wenn ein Pferd lahmt, k\u00f6nnen die Ursachen sehr vielf\u00e4ltig sein und von einem Hufabszess bis hin zu einer Arthrose reichen. Wir geben einen \u00dcberblick \u00fcber die h\u00e4ufigsten Erkrankungen und deren Diagnostik.<\/p>\n<h2>Mein Pferd lahmt pl\u00f6tzlich stark<\/h2>\n<p>Lahmheiten k\u00f6nnen in ihrer Intensit\u00e4t sehr unterschiedlich sein. Manchmal braucht es ein geschultes Auge, um eine Lahmheit beim Pferd direkt zu erkennen. Schon wenn das Pferd verspannt aussieht oder einen steifen Gang hat, kann dies auf eine Lahmheit hinweisen. Bei leichter Lahmheit sprechen Reiter h\u00e4ufig davon, dass das <strong>Pferd tickt<\/strong>. Das umschreibt eine Unreinheit im Takt des Pferdes, die h\u00e4ufig erst so richtig beim Traben zur Geltung kommt. Bei einer dezenten Lahmheit des Pferdes muss nicht immer direkt der Tierarzt angerufen werden. Auch Pferde k\u00f6nnen <strong>Muskelkater<\/strong> haben oder sich einmal vertreten. Mit etwas <strong>Ruhe oder der Gabe von Schmerzmitteln<\/strong> kann sich eine Lahmheit auch gut von alleine auskurieren.<\/p>\n<p>Wenn ein <strong>Pferd pl\u00f6tzlich stark lahmt<\/strong> oder eine Gliedma\u00dfe vollst\u00e4ndig entlastet, sollte der Halter <strong>sofort handeln<\/strong> und einen Tierarzt verst\u00e4ndigen. Hier kann man schon von einem echten Notfall sprechen. Bis der Tierarzt da ist, sollte das Pferd ruhig stehen und nicht mehr viel herumlaufen. Erinnere dich auch immer an die Basics der <a href=\"https:\/\/uelzener.de\/magazin\/pferd\/tiergesundheit\/erste-hilfe-beim-pferd\/\">ersten Hilfe beim Pferd<\/a>.<\/p>\n<h2>Dein Pferd lahmt: Die Untersuchung vom Tierarzt<\/h2>\n<p>Wird der Tierarzt zu einem lahmen Pferd gerufen, muss er zun\u00e4chst herausfinden, welches Bein betroffen ist. Ist n\u00e4mlich keine offensichtliche Wunde oder Schwellung zu sehen, ist es teilweise nicht auf den ersten Blick erkennbar, welches Bein die Schmerzen verursacht. Durch den Entlastungsgang wird unser Auge get\u00e4uscht und es kann sein, dass wir das falsche Bein f\u00fcr die Lahmheit des Pferdes verantwortlich machen. Daher f\u00fchrt der Tierarzt als Erstes eine <strong>klinische Lahmheitsuntersuchung<\/strong> durch. Dazu wird das Pferd im Schritt und Trab an der Hand auf einem <strong>festen Untergrund<\/strong> gef\u00fchrt. Gegebenenfalls kann auch das Vorf\u00fchren an der Longe auf weichem Boden erforderlich sein. Der Tierarzt tastet das betroffene Bein ab, testet den Huf mit einer Hufzange und macht eine <strong>Beugeprobe<\/strong>.<\/p>\n<p>Ausschlaggebend f\u00fcr die weitere <strong>Behandlung und Diagnose<\/strong> durch den Tierarzt sind<\/p>\n<ul>\n<li>Dauer<\/li>\n<li>St\u00e4rke<\/li>\n<li>K\u00f6rperteil<\/li>\n<li>Schwellung<\/li>\n<li>Erh\u00f6hte Temperatur<\/li>\n<\/ul>\n<p>Besteht die Lahmheit z. B. \u00fcber einen <strong>l\u00e4ngeren Zeitraum<\/strong>, ist eine aufw\u00e4ndige Lahmheitsuntersuchung notwendig, um die Ursache des Schmerzes herauszufinden.<\/p>\n<p>Egal wodurch die Lahmheit des Pferdes verursacht wird: Die Kosten beim Tierarzt k\u00f6nnen sehr hoch sein, weshalb wir empfehlen, eine gute Pferdeversicherung abzuschlie\u00dfen. So bist du immer gesch\u00fctzt, sollte es zu einer Verletzung oder einer Krankheit an deinem Pferd kommen.<\/p>\n<h2>Ursachen, wenn Pferde lahmen<\/h2>\n<p>Die Ursachen f\u00fcr eine Lahmheit beim Pferd k\u00f6nnen vielseitig sein. Wenn dein Pferd tickt, kann das z. B. auch <strong>vom R\u00fccken ausgel\u00f6st<\/strong> werden und muss nicht direkt mit den Gliedma\u00dfen zu tun haben. Daher ist immer eine <strong>ganzheitliche Betrachtung<\/strong> wichtig. Eine einmalige, leichte Lahmheit des Pferdes kann z. B. auf einen Einschuss, einen Tritt auf der Koppel oder einfachen Muskelkater zur\u00fcckzuf\u00fchren sein. Kehrt die Lahmheit immer wieder zur\u00fcck, wird stetig schlimmer oder tritt nur in engen Wendungen auf, sollte ein Tierarzt gerufen werden. Hier k\u00f6nnten n\u00e4mlich ein <strong>Sehnenschaden<\/strong> oder sogar <strong>Arthrose beim Pferd<\/strong> die Ursache sein, das auf jeden Fall abgekl\u00e4rt werden sollte. Ist dein Pferd pl\u00f6tzlich stark lahm, deutet das auf eine <strong>akute Verletzung <\/strong>hin. Ursachen k\u00f6nnen z. B. eine Verletzung des Hufes und ein dadurch auftretender <strong>Hufabszess<\/strong> beim Pferd sein oder aber eine <strong>Koppelverletzung<\/strong> an R\u00fccken oder Schulter.<\/p>\n\n<div class=\"related_articles boxed\">\n    <h2>Mehr zum Thema<\/h2>\n    \n    <div class=\"wrapper\"><div class=\"title align-center\"><h3><a href=\"https:\/\/uelzener.de\/magazin\/pferd\/tiergesundheit\/arthrose-beim-pferd\/\">Arthrose beim Pferd: Ursachen, Symptome &#038; die richtige F\u00fctterung<\/a><\/h3><\/div><div class=\"img align-center\"><img decoding=\"async\" width=\"315\" height=\"180\" src=\"https:\/\/uelzener.de\/magazin\/app\/uploads\/2023\/09\/arthrose-pferd-315x180.jpg\" class=\"attachment-315x180 size-315x180 wp-post-image\" alt=\"Pferd wird auf Arthrose untersucht.\" \/><\/div><\/div><div class=\"wrapper\"><div class=\"title align-center\"><h3><a href=\"https:\/\/uelzener.de\/magazin\/pferd\/tiergesundheit\/hufrollen-syndrom-einfach-erklaert\/\">Wenn Pferde lahmen: Das Hufrollen-Syndrom einfach erkl\u00e4rt<\/a><\/h3><\/div><div class=\"img align-center\"><img decoding=\"async\" width=\"315\" height=\"138\" src=\"https:\/\/uelzener.de\/magazin\/app\/uploads\/2025\/10\/hufrollen.png\" class=\"attachment-315x180 size-315x180 wp-post-image\" alt=\"Pferd mit Hufrollen wird bearbeitet.\" \/><\/div><\/div><div class=\"wrapper\"><div class=\"title align-center\"><h3><a href=\"https:\/\/uelzener.de\/magazin\/pferd\/tiergesundheit\/hufgeschwuer-hufabszess-beim-pferd\/\">Hufgeschw\u00fcr und Hufabszess beim Pferd: Welche Versicherung zahlt?<\/a><\/h3><\/div><div class=\"img align-center\"><img decoding=\"async\" width=\"315\" height=\"180\" src=\"https:\/\/uelzener.de\/magazin\/app\/uploads\/2023\/01\/hufabzess-beim-pferd-315x180.jpg\" class=\"attachment-315x180 size-315x180 wp-post-image\" alt=\"Ein Hufabzess wird medizinisch behandelt.\" \/><\/div><\/div><\/div>\n\n<h3>Berufskrankheiten von Pferden<\/h3>\n<ul>\n<li>Beim\u00a0<strong>Springpferd\u00a0<\/strong>kommen aufgrund der hohen Belastungen eher das Palmar-Foot-Syndrom, Hufgelenkserkrankungen sowie Probleme mit dem Fesseltr\u00e4ger und den Kniegelenken vor.<\/li>\n<li>Das\u00a0<strong>Dressurpferd\u00a0<\/strong>neigt zu Sch\u00e4den im Bereich des Fesseltr\u00e4gers. Aber auch Fesselgelenksprobleme und \u00dcberlastungen des Unterst\u00fctzungsbands sowie R\u00fcckenprobleme geh\u00f6ren zu den Sportverletzungen.<\/li>\n<li>Das\u00a0<strong>Westernpferd\u00a0<\/strong>hingegen hat meist Schwierigkeiten mit der Hinterhand. Sprunggelenk oder Kniegelenk sind gr\u00f6\u00dftenteils betroffen. An der Vordergliedma\u00dfe kann ebenfalls das Palmar-Foot-Syndrom auftreten.<\/li>\n<li><strong>Islandpferde\u00a0<\/strong>neigen aufgrund der Belastung in ihrem Sport und der Genetik zu Spat.<\/li>\n<\/ul>\n<p><a href=\"https:\/\/uelzener.de\/magazin\/pferd\/haeufige-fragen\/liste-haeufigste-pferdekrankheiten-operationen\/\"><strong>Mehr zu weiteren Pferdekrankheiten<\/strong><\/a>\u00a0hier im Uelzener Tiermagazin!<\/p>\n<h2>FAQ: H\u00e4ufige Fragen zur Lahmheit beim Pferd<\/h2>\n<h3>Was kann ich tun, wenn mein Pferd lahmt?<\/h3>\n<p>Wenn dein Pferd leicht tickt, kannst du die Lahmheit beobachten und durch Schonung und evtl. Schmerzmittel alleine in den Griff bekommen. Bei schweren Lahmheiten und Schmerzen solltest du einen Tierarzt zurate ziehen.<\/p>\n<h3>Wie lange dauert eine Lahmheit beim Pferd?<\/h3>\n<p>Das ist unterschiedlich und h\u00e4ngt von der Ursache und Diagnose ab. Sehnensch\u00e4den k\u00f6nnen \u00fcber sechs Monate f\u00fcr Lahmheit und Schmerzen sorgen w\u00e4hrend ein fr\u00fch erkannter Einschuss beim Pferd schon nach wenigen Tagen ausgeheilt sein kann.<\/p>\n<h3>Ist es schlimm, wenn ein Pferd lahmt?<\/h3>\n<p>Wenn dein Pferd pl\u00f6tzlich stark lahmt, kann die Ursache schwerwiegender sein und ein Tierarzt sollte sich das genauer ansehen. Bei leichter Lahmheit oder einem Ticken k\u00f6nnen auch Verspannungen oder Muskelkater die Ursache sein. Diese Probleme klingen nach wenigen Tagen von alleine wieder ab und sind nicht schlimm.<\/p>\n","protected":false},"excerpt":{"rendered":"<p>Erkrankungen des Bewegungsapparats sind beim Pferd neben Atemwegserkrankungen und Erkrankungen des Verdauungstrakts der h\u00e4ufigste Grund f\u00fcr eine tier\u00e4rztliche Behandlung. Stimmt etwas am Bewegungsapparat nicht, sind erste Anzeichen h\u00e4ufig eine Lahmheit beim Pferd. Wenn ein Pferd lahmt, k\u00f6nnen die Ursachen sehr vielf\u00e4ltig sein und von einem Hufabszess bis hin zu einer Arthrose reichen. Wir geben einen [&hellip;]<\/p>\n","protected":false},"author":1,"featured_media":19395,"parent":11706,"menu_order":55,"comment_status":"open","ping_status":"open","template":"templates\/blog.php","meta":{"_acf_changed":false,"_crdt_document":"","footnotes":"","beyondwords_generate_audio":"0","beyondwords_project_id":"","beyondwords_content_id":"","beyondwords_preview_token":"","beyondwords_player_style":"","beyondwords_language_id":"","beyondwords_title_voice_id":"","beyondwords_body_voice_id":"","beyondwords_summary_voice_id":"","beyondwords_error_message":"","beyondwords_disabled":"","beyondwords_delete_content":"","beyondwords_podcast_id":"","beyondwords_hash":"","publish_post_to_speechkit":"","speechkit_hash":"","speechkit_generate_audio":"","speechkit_project_id":"","speechkit_podcast_id":"","speechkit_error_message":"","speechkit_disabled":"","speechkit_access_key":"","speechkit_error":"","speechkit_info":"","speechkit_response":"","speechkit_retries":"","speechkit_status":"","speechkit_updated_at":"","_speechkit_link":"","_speechkit_text":""},"class_list":["post-10266","page","type-page","status-publish","has-post-thumbnail","hentry"],"acf":[],"yoast_head":"<!-- This site is optimized with the Yoast SEO Premium plugin  - https:\/\/yoast.com\/product\/yoast-seo-premium-wordpress\/ -->\n<title>Dein Pferd lahmt? Lahmheit beim Pferd erkennen &amp; behandeln | Uelzener<\/title>\n<meta name=\"description\" content=\"Erfahre alles zu \u2713 m\u00f6glichen Ursachen einer Lahmheit beim Pferd \u2713 typischen Erkrankungen des Bewegungsapparates \u25b6 Jetzt lesen!\" \/>\n<meta name=\"robots\" content=\"index, follow, max-snippet:-1, max-image-preview:large, max-video-preview:-1\" \/>\n<link rel=\"canonical\" href=\"https:\/\/uelzener.de\/magazin\/pferd\/tiergesundheit\/pferd-lahmt\/\" \/>\n<meta property=\"og:locale\" content=\"de_DE\" \/>\n<meta property=\"og:type\" content=\"article\" \/>\n<meta property=\"og:title\" content=\"Lahmheit erkennen und behandeln\" \/>\n<meta property=\"og:description\" content=\"Erfahre alles zu \u2713 m\u00f6glichen Ursachen einer Lahmheit beim Pferd \u2713 typischen Erkrankungen des Bewegungsapparates \u25b6 Jetzt lesen!\" \/>\n<meta property=\"og:url\" content=\"https:\/\/uelzener.de\/magazin\/pferd\/tiergesundheit\/pferd-lahmt\/\" \/>\n<meta property=\"og:site_name\" content=\"Uelzener Tier-Magazin\" \/>\n<meta property=\"article:publisher\" content=\"https:\/\/www.facebook.com\/Uelzener\" \/>\n<meta property=\"article:modified_time\" content=\"2025-10-30T08:42:53+00:00\" \/>\n<meta property=\"og:image\" content=\"https:\/\/uelzener.de\/magazin\/app\/uploads\/2025\/10\/lahmheit-pferd.png\" \/>\n\t<meta property=\"og:image:width\" content=\"1025\" \/>\n\t<meta property=\"og:image:height\" content=\"450\" \/>\n\t<meta property=\"og:image:type\" content=\"image\/png\" \/>\n<meta name=\"twitter:card\" content=\"summary_large_image\" \/>\n<meta name=\"twitter:label1\" content=\"Gesch\u00e4tzte Lesezeit\" \/>\n\t<meta name=\"twitter:data1\" content=\"5\u00a0Minuten\" \/>\n<script type=\"application\/ld+json\" class=\"yoast-schema-graph\">{\"@context\":\"https:\/\/schema.org\",\"@graph\":[{\"@type\":\"WebPage\",\"@id\":\"https:\/\/uelzener.de\/magazin\/pferd\/tiergesundheit\/pferd-lahmt\/\",\"url\":\"https:\/\/uelzener.de\/magazin\/pferd\/tiergesundheit\/pferd-lahmt\/\",\"name\":\"Dein Pferd lahmt? Lahmheit beim Pferd erkennen & behandeln | Uelzener\",\"isPartOf\":{\"@id\":\"https:\/\/uelzener.de\/magazin\/#website\"},\"primaryImageOfPage\":{\"@id\":\"https:\/\/uelzener.de\/magazin\/pferd\/tiergesundheit\/pferd-lahmt\/#primaryimage\"},\"image\":{\"@id\":\"https:\/\/uelzener.de\/magazin\/pferd\/tiergesundheit\/pferd-lahmt\/#primaryimage\"},\"thumbnailUrl\":\"https:\/\/uelzener.de\/magazin\/app\/uploads\/2025\/10\/lahmheit-pferd.png\",\"datePublished\":\"2019-06-13T00:00:00+00:00\",\"dateModified\":\"2025-10-30T08:42:53+00:00\",\"description\":\"Erfahre alles zu \u2713 m\u00f6glichen Ursachen einer Lahmheit beim Pferd \u2713 typischen Erkrankungen des Bewegungsapparates \u25b6 Jetzt lesen!\",\"breadcrumb\":{\"@id\":\"https:\/\/uelzener.de\/magazin\/pferd\/tiergesundheit\/pferd-lahmt\/#breadcrumb\"},\"inLanguage\":\"de\",\"potentialAction\":[{\"@type\":\"ReadAction\",\"target\":[\"https:\/\/uelzener.de\/magazin\/pferd\/tiergesundheit\/pferd-lahmt\/\"]}]},{\"@type\":\"ImageObject\",\"inLanguage\":\"de\",\"@id\":\"https:\/\/uelzener.de\/magazin\/pferd\/tiergesundheit\/pferd-lahmt\/#primaryimage\",\"url\":\"https:\/\/uelzener.de\/magazin\/app\/uploads\/2025\/10\/lahmheit-pferd.png\",\"contentUrl\":\"https:\/\/uelzener.de\/magazin\/app\/uploads\/2025\/10\/lahmheit-pferd.png\",\"width\":1025,\"height\":450,\"caption\":\"Arzt untersucht Pferd auf Lahmheit.\"},{\"@type\":\"WebSite\",\"@id\":\"https:\/\/uelzener.de\/magazin\/#website\",\"url\":\"https:\/\/uelzener.de\/magazin\/\",\"name\":\"Uelzener Tiermagazin\",\"description\":\"Online Tierratgeber der Uelzener Versicherungen\",\"publisher\":{\"@id\":\"https:\/\/uelzener.de\/magazin\/#organization\"},\"potentialAction\":[{\"@type\":\"SearchAction\",\"target\":{\"@type\":\"EntryPoint\",\"urlTemplate\":\"https:\/\/uelzener.de\/magazin\/?s={search_term_string}\"},\"query-input\":{\"@type\":\"PropertyValueSpecification\",\"valueRequired\":true,\"valueName\":\"search_term_string\"}}],\"inLanguage\":\"de\"},{\"@type\":\"Organization\",\"@id\":\"https:\/\/uelzener.de\/magazin\/#organization\",\"name\":\"Uelzener Versicherungen\",\"url\":\"https:\/\/uelzener.de\/magazin\/\",\"logo\":{\"@type\":\"ImageObject\",\"inLanguage\":\"de\",\"@id\":\"https:\/\/uelzener.de\/magazin\/#\/schema\/logo\/image\/\",\"url\":\"https:\/\/uelzener.de\/magazin\/app\/uploads\/2024\/11\/uelzener_allgemeine_versicherungsgesellschaft_a_g_logo.jpg\",\"contentUrl\":\"https:\/\/uelzener.de\/magazin\/app\/uploads\/2024\/11\/uelzener_allgemeine_versicherungsgesellschaft_a_g_logo.jpg\",\"width\":200,\"height\":200,\"caption\":\"Uelzener Versicherungen\"},\"image\":{\"@id\":\"https:\/\/uelzener.de\/magazin\/#\/schema\/logo\/image\/\"},\"sameAs\":[\"https:\/\/www.facebook.com\/Uelzener\",\"https:\/\/instagram.com\/uelzener\",\"https:\/\/www.xing.com\/pages\/uelzenerallgemeineversicherungs-gesellschafta-g\",\"https:\/\/www.youtube.com\/UelzenerVersicherungen\"]}]}<\/script>\n<!-- \/ Yoast SEO Premium plugin. -->","yoast_head_json":{"title":"Dein Pferd lahmt? Lahmheit beim Pferd erkennen & behandeln | Uelzener","description":"Erfahre alles zu \u2713 m\u00f6glichen Ursachen einer Lahmheit beim Pferd \u2713 typischen Erkrankungen des Bewegungsapparates \u25b6 Jetzt lesen!","robots":{"index":"index","follow":"follow","max-snippet":"max-snippet:-1","max-image-preview":"max-image-preview:large","max-video-preview":"max-video-preview:-1"},"canonical":"https:\/\/uelzener.de\/magazin\/pferd\/tiergesundheit\/pferd-lahmt\/","og_locale":"de_DE","og_type":"article","og_title":"Lahmheit erkennen und behandeln","og_description":"Erfahre alles zu \u2713 m\u00f6glichen Ursachen einer Lahmheit beim Pferd \u2713 typischen Erkrankungen des Bewegungsapparates \u25b6 Jetzt lesen!","og_url":"https:\/\/uelzener.de\/magazin\/pferd\/tiergesundheit\/pferd-lahmt\/","og_site_name":"Uelzener Tier-Magazin","article_publisher":"https:\/\/www.facebook.com\/Uelzener","article_modified_time":"2025-10-30T08:42:53+00:00","og_image":[{"width":1025,"height":450,"url":"https:\/\/uelzener.de\/magazin\/app\/uploads\/2025\/10\/lahmheit-pferd.png","type":"image\/png"}],"twitter_card":"summary_large_image","twitter_misc":{"Gesch\u00e4tzte Lesezeit":"5\u00a0Minuten"},"schema":{"@context":"https:\/\/schema.org","@graph":[{"@type":"WebPage","@id":"https:\/\/uelzener.de\/magazin\/pferd\/tiergesundheit\/pferd-lahmt\/","url":"https:\/\/uelzener.de\/magazin\/pferd\/tiergesundheit\/pferd-lahmt\/","name":"Dein Pferd lahmt? Lahmheit beim Pferd erkennen & behandeln | Uelzener","isPartOf":{"@id":"https:\/\/uelzener.de\/magazin\/#website"},"primaryImageOfPage":{"@id":"https:\/\/uelzener.de\/magazin\/pferd\/tiergesundheit\/pferd-lahmt\/#primaryimage"},"image":{"@id":"https:\/\/uelzener.de\/magazin\/pferd\/tiergesundheit\/pferd-lahmt\/#primaryimage"},"thumbnailUrl":"https:\/\/uelzener.de\/magazin\/app\/uploads\/2025\/10\/lahmheit-pferd.png","datePublished":"2019-06-13T00:00:00+00:00","dateModified":"2025-10-30T08:42:53+00:00","description":"Erfahre alles zu \u2713 m\u00f6glichen Ursachen einer Lahmheit beim Pferd \u2713 typischen Erkrankungen des Bewegungsapparates \u25b6 Jetzt lesen!","breadcrumb":{"@id":"https:\/\/uelzener.de\/magazin\/pferd\/tiergesundheit\/pferd-lahmt\/#breadcrumb"},"inLanguage":"de","potentialAction":[{"@type":"ReadAction","target":["https:\/\/uelzener.de\/magazin\/pferd\/tiergesundheit\/pferd-lahmt\/"]}]},{"@type":"ImageObject","inLanguage":"de","@id":"https:\/\/uelzener.de\/magazin\/pferd\/tiergesundheit\/pferd-lahmt\/#primaryimage","url":"https:\/\/uelzener.de\/magazin\/app\/uploads\/2025\/10\/lahmheit-pferd.png","contentUrl":"https:\/\/uelzener.de\/magazin\/app\/uploads\/2025\/10\/lahmheit-pferd.png","width":1025,"height":450,"caption":"Arzt untersucht Pferd auf Lahmheit."},{"@type":"WebSite","@id":"https:\/\/uelzener.de\/magazin\/#website","url":"https:\/\/uelzener.de\/magazin\/","name":"Uelzener Tiermagazin","description":"Online Tierratgeber der Uelzener Versicherungen","publisher":{"@id":"https:\/\/uelzener.de\/magazin\/#organization"},"potentialAction":[{"@type":"SearchAction","target":{"@type":"EntryPoint","urlTemplate":"https:\/\/uelzener.de\/magazin\/?s={search_term_string}"},"query-input":{"@type":"PropertyValueSpecification","valueRequired":true,"valueName":"search_term_string"}}],"inLanguage":"de"},{"@type":"Organization","@id":"https:\/\/uelzener.de\/magazin\/#organization","name":"Uelzener Versicherungen","url":"https:\/\/uelzener.de\/magazin\/","logo":{"@type":"ImageObject","inLanguage":"de","@id":"https:\/\/uelzener.de\/magazin\/#\/schema\/logo\/image\/","url":"https:\/\/uelzener.de\/magazin\/app\/uploads\/2024\/11\/uelzener_allgemeine_versicherungsgesellschaft_a_g_logo.jpg","contentUrl":"https:\/\/uelzener.de\/magazin\/app\/uploads\/2024\/11\/uelzener_allgemeine_versicherungsgesellschaft_a_g_logo.jpg","width":200,"height":200,"caption":"Uelzener Versicherungen"},"image":{"@id":"https:\/\/uelzener.de\/magazin\/#\/schema\/logo\/image\/"},"sameAs":["https:\/\/www.facebook.com\/Uelzener","https:\/\/instagram.com\/uelzener","https:\/\/www.xing.com\/pages\/uelzenerallgemeineversicherungs-gesellschafta-g","https:\/\/www.youtube.com\/UelzenerVersicherungen"]}]}},"_links":{"self":[{"href":"https:\/\/uelzener.de\/magazin\/wp-json\/wp\/v2\/pages\/10266","targetHints":{"allow":["GET"]}}],"collection":[{"href":"https:\/\/uelzener.de\/magazin\/wp-json\/wp\/v2\/pages"}],"about":[{"href":"https:\/\/uelzener.de\/magazin\/wp-json\/wp\/v2\/types\/page"}],"author":[{"embeddable":true,"href":"https:\/\/uelzener.de\/magazin\/wp-json\/wp\/v2\/users\/1"}],"replies":[{"embeddable":true,"href":"https:\/\/uelzener.de\/magazin\/wp-json\/wp\/v2\/comments?post=10266"}],"version-history":[{"count":11,"href":"https:\/\/uelzener.de\/magazin\/wp-json\/wp\/v2\/pages\/10266\/revisions"}],"predecessor-version":[{"id":19396,"href":"https:\/\/uelzener.de\/magazin\/wp-json\/wp\/v2\/pages\/10266\/revisions\/19396"}],"up":[{"embeddable":true,"href":"https:\/\/uelzener.de\/magazin\/wp-json\/wp\/v2\/pages\/11706"}],"wp:featuredmedia":[{"embeddable":true,"href":"https:\/\/uelzener.de\/magazin\/wp-json\/wp\/v2\/media\/19395"}],"wp:attachment":[{"href":"https:\/\/uelzener.de\/magazin\/wp-json\/wp\/v2\/media?parent=10266"}],"curies":[{"name":"wp","href":"https:\/\/api.w.org\/{rel}","templated":true}]}}