{"id":10264,"date":"2024-05-14T00:00:00","date_gmt":"2024-05-13T22:00:00","guid":{"rendered":""},"modified":"2025-04-15T09:09:33","modified_gmt":"2025-04-15T07:09:33","slug":"herpes-pferd","status":"publish","type":"page","link":"https:\/\/uelzener.de\/magazin\/pferd\/tiergesundheit\/herpes-pferd\/","title":{"rendered":"Herpes beim Pferd: Das solltest du wissen"},"content":{"rendered":"<p>Wie Menschen tragen viele Pferde Herpesviren in sich. Diese k\u00f6nnen sich im Organismus verbergen, zum Beispiel in den Nervenzellen oder den Schleimh\u00e4uten, ohne Symptome auszul\u00f6sen. Bricht die Krankheit jedoch aus, sind die aktiven Viren hoch ansteckend und l\u00f6sen je nach Virentyp unterschiedliche Beschwerden aus. In diesem Beitrag erf\u00e4hrst du, was bei einer Erkrankung des Pferdes zu tun ist und wie du Herpes bei deinem Pferd vorbeugst.<\/p>\n<h2>Was ist Herpes bei Pferden?<\/h2>\n<p>Herpes ist eine Erkrankung, die durch umh\u00fcllte Viren ausgel\u00f6st wird. Zusammengefasst werden diese als <strong>Equine Herpesviren<\/strong> (EHV). Dass die Viren umh\u00fcllt sind, macht sie recht resistent und erschwert es dir, eine \u00dcbertragung durch hygienische Ma\u00dfnahmen zu verhindern. Bricht die Krankheit daher bei einem Pferd aus, sind durch Ansteckung schnell auch andere Pferde betroffen: Die Viren verbreiten sich \u00fcber direkten Kontakt untereinander, aber auch indirekt durch Menschen und Gegenst\u00e4nde.<\/p>\n<p>Insgesamt gibt es f\u00fcnf Typen, gekennzeichnet durch die Abk\u00fcrzungen <strong>EHV 1 bis EHV 5.<\/strong><\/p>\n<h2>Herpes beim Pferd: Symptome<\/h2>\n<p>Es gibt f\u00fcr jeden Virentyp charakteristische Symptome:<\/p>\n<ul>\n<li>EHV 1: Atemwegserkrankungen mit Husten und Nasenausfluss, Fieber, Fressunlust, St\u00f6rungen des Gleichgewichtssinns, L\u00e4hmungserscheinungen, Abort bei Stuten und dadurch Fehlgeburten oder geschw\u00e4chte Fohlen<\/li>\n<li>EHV 2: Augenentz\u00fcndungen, Atemwegsinfekte<\/li>\n<li>EHV 3: Bl\u00e4schen im Genitalbereich (hier erfolgt die \u00dcbertragung beim Deckakt)<\/li>\n<li>EHV 4: Symptome \u00e4hnlich EHV 1, oft milderer Verlauf<\/li>\n<li>EHV 5: Bindehautentz\u00fcndung, Atemwegserkrankungen, gesteigerte Herzfrequenz aufgrund von Atembeschwerden und Fieber<\/li>\n<\/ul>\n<p>Am h\u00e4ufigsten wird in Deutschland statistisch EHV 1 oder EHV 4 diagnostiziert. Das Equine Herpesvirus ist \u00fcbrigens in Deutschland ebenso wie Druse beim Pferd <strong>nicht meldepflichtig<\/strong>.<\/p>\n<h2>\u00dcbertragung des Herpesvirus beim Pferd<\/h2>\n<p>Im Organismus deines Pferdes schlummernde Viren sind inaktiv und l\u00f6sen keine Symptome aus. Verschiedene Faktoren beg\u00fcnstigen, dass die Herpesviren aktiv werden und es zum <strong>Ausbruch<\/strong> kommt. Ausl\u00f6ser sind oft <strong>psychischer oder physischer Stress<\/strong>. Aktive Erreger verbreiten sich auf vielseitige Weise:<\/p>\n<ul>\n<li>direkte \u00dcbertragung durch Tr\u00f6pfchen beim Schnauben oder Husten<\/li>\n<li>Menschen, die mit einem betroffenen Tier Kontakt hatten<\/li>\n<li>Ber\u00fchren von Zubeh\u00f6r wie Sattel oder Pflegeutensilien<\/li>\n<li>Reinigungsutensilien<\/li>\n<li>Futter- und Wassertrog<\/li>\n<\/ul>\n<p>So wie du bei einer Erk\u00e4ltung durch Husten und Niesen andere Menschen in der Umgebung anstecken kannst, funktioniert also auch die \u00dcbertragung der Viren bei Pferden. Gelangen Viren durch den Kontakt mit deinem Pferd an deine Finger oder an Gegenst\u00e4nde, sind sie dort noch eine Weile infekti\u00f6s und werden durch die sogenannte <strong>Schmierinfektion<\/strong> mit jedem weiteren Kontakt verbreitet.<\/p>\n<h2>Wie lange ist Herpes beim Pferd ansteckend?<\/h2>\n<p>Die <strong>Inkubationszeit betr\u00e4gt zwei bis zehn Tage<\/strong>. Ob dein Pferd in dieser Zeit ansteckend ist, h\u00e4ngt von der Virenlast ab. Nach dem Kontakt mit aktiven Herpesviren vermehren sich die Viren und damit steigt die Wahrscheinlichkeit, dass gr\u00f6\u00dfere Mengen der Erreger ausgeschieden werden. Unter Umst\u00e4nden kann dein Pferd einige Wochen aktive Viren ausscheiden und somit ansteckend sein.<\/p>\n<h2>Welche Folgen hat Herpes f\u00fcr das Pferd?<\/h2>\n<p>Die m\u00f6glichen Folgen sind vor allem vom Virentyp, von der Schwere des Verlaufs und der Behandlung abh\u00e4ngig. Verf\u00fcgt dein Pferd \u00fcber ein gutes Immunsystem und ist zum Zeitpunkt der Infektion nicht gestresst, entwickelt es m\u00f6glicherweise nur geringf\u00fcgige Symptome. Bei Symptomen solltest du nicht z\u00f6gern, deinen <strong>Tierarzt \u00a0oder deine Tier\u00e4rztin zu konsultieren<\/strong>.<\/p>\n<h2>Behandlung von EHV<\/h2>\n<p>Das Herpesvirus selbst kann urs\u00e4chlich nicht bek\u00e4mpft werden. Ist dein Pferd einmal infiziert, verbleiben nach der akuten Erkrankung inaktive Viren im K\u00f6rper, die bei Stress oder geschw\u00e4chtem Immunsystem wieder aktiv werden k\u00f6nnen.<\/p>\n<h3>Symptomatische Behandlung<\/h3>\n<p>Die <strong>medikament\u00f6se Behandlung<\/strong> richtet sich nach den Symptomen. \u00dcblich ist die Gabe von entz\u00fcndungshemmenden Medikamenten und Antibiotika. Zus\u00e4tzlich helfen Mittel zur Unterst\u00fctzung des Immunsystems und des Kreislaufs.<\/p>\n<h3>Isolation des Pferdes<\/h3>\n<p>Wird bei deinem Pferd Herpes festgestellt, musst du es <strong>von anderen Pferden abgesondert isolieren<\/strong> und auf sorgf\u00e4ltige Hygienema\u00dfnahmen achten. Das gilt auch, wenn es erfreulicherweise nur einen milden Verlauf hat.<\/p>\n<h3>Quarant\u00e4ne f\u00fcr den Betrieb<\/h3>\n<p>Ist ein Pferd in einem Stall betroffen, sind auch f\u00fcr alle anderen Tiere dort Vorsichtsma\u00dfnahmen zu treffen. Die Isolation deines Pferdes dient dazu, andere im Stall zu sch\u00fctzen. Neben der internen Isolation betroffener Pferde gilt <strong>f\u00fcr den gesamten Stall eine Quarant\u00e4ne \u2013 <\/strong>es soll keine \u00dcbertragung nach au\u00dfen erfolgen. Stallbetreiber und Reiterh\u00f6fe sichern sich gerne mit einer <a href=\"https:\/\/uelzener.de\/betrieb\/betriebshaftpflicht-pferd\/\">Betriebshaftpflichtversicherung<\/a> gegen derartige Eventualit\u00e4ten ab.<\/p>\n<h2>Vorbeugende Ma\u00dfnahmen<\/h2>\n<p>Der allgemeinen Vorbeugung dienen ein stabiles Immunsystem, gesunde Ern\u00e4hrung und Stressvermeidung.<\/p>\n<h2>Impfung<\/h2>\n<h3><img decoding=\"async\" class=\"alignnone wp-image-17209 size-large\" src=\"https:\/\/uelzener.de\/magazin\/app\/uploads\/2024\/03\/Pferd1-1024x1024.jpg\" alt=\"Uelzener Infografik: 4 Fakten zum Impfen von Pferden.\" width=\"1024\" height=\"1024\" srcset=\"https:\/\/uelzener.de\/magazin\/app\/uploads\/2024\/03\/Pferd1-1024x1024.jpg 1024w, https:\/\/uelzener.de\/magazin\/app\/uploads\/2024\/03\/Pferd1-300x300.jpg 300w, https:\/\/uelzener.de\/magazin\/app\/uploads\/2024\/03\/Pferd1-150x150.jpg 150w, https:\/\/uelzener.de\/magazin\/app\/uploads\/2024\/03\/Pferd1-768x768.jpg 768w, https:\/\/uelzener.de\/magazin\/app\/uploads\/2024\/03\/Pferd1-1026x1026.jpg 1026w, https:\/\/uelzener.de\/magazin\/app\/uploads\/2024\/03\/Pferd1-668x668.jpg 668w, https:\/\/uelzener.de\/magazin\/app\/uploads\/2024\/03\/Pferd1.jpg 1080w\" sizes=\"(max-width: 1024px) 100vw, 1024px\" \/><\/h3>\n<p>&nbsp;<\/p>\n<p>Gegen das Equine Herpesvirus gibt es Impfstoffe. Sie verhindern <strong>nicht hundertprozentig<\/strong> die Infektion und Ausbreitung, d\u00e4mmen die Risiken aber ein. Die Impfung muss nach einer Grundimmunisierung regelm\u00e4\u00dfig aufgefrischt werden, dennoch kann sich dein Pferd infizieren. Impfungen und Behandlungen sind leider immer auch mit <strong>Tierarztkosten<\/strong> verbunden. Diesbez\u00fcglich kannst du dich mit einer guten Pferde-Krankenversicherung absichern.<\/p>\n\n<div class=\"banner\">\n    <a href=\"https:\/\/uelzener.de\/pferd\/herden-versicherung\/?agt=0000104925&sem=true&utm_medium=magazin&utm_source=wordpress&utm_campaign=pferd_kv&utm_content=banner    \">\n        <img decoding=\"async\" width=\"300\" height=\"212\" src=\"https:\/\/uelzener.de\/magazin\/app\/uploads\/2025\/01\/Pferde-Kranken-Versicherung.jpg\" class=\"attachment-medium size-medium\" alt=\"Banner Pferde-Kranken-Versicherung\" \/>    <\/a>\n<\/div>\n\n<h2>Herpes fr\u00fchzeitig behandeln<\/h2>\n<p>Immer wieder kommt es zu gr\u00f6\u00dferen Ausbr\u00fcchen von Pferdeherpes und der Isolation ganzer Betriebe. Du selbst kannst durch die Impfung, die Unterst\u00fctzung des Immunsystems, artgerechtes Futter, gute Haltungsbedingungen und Stressvermeidung viel zur Vorbeugung tun. Ist dein Pferd trotzdem einmal betroffen, hilft ihm eine fr\u00fchzeitige Behandlung der Symptome.<\/p>\n<h2>Schutzma\u00dfnahmen vor Herpes bei Pferden auf Turnieren und Veranstaltungen<\/h2>\n<p>Damit eine Ausbreitung der Herpesviren und anderen infekti\u00f6sen Krankheiten gar nicht infrage kommt, sind Hygienema\u00dfnahmen f\u00fcr Teilnehmer und Veranstalter essenziell:<\/p>\n<p>\u2022\u00a0\u00a0 \u00a0kein Zutritt f\u00fcr Besucher zu den Stallungen<br \/>\n\u2022\u00a0\u00a0 \u00a0Leinenzwang f\u00fcr Hunde<br \/>\n\u2022\u00a0\u00a0 \u00a0kein Abfegen von Pferdeanh\u00e4ngern auf dem Turnier<br \/>\n\u2022\u00a0\u00a0 \u00a0regelm\u00e4\u00dfige Reinigung und Desinfektion viel frequentierter Bereiche w\u00e4hrend der Veranstaltung<br \/>\n\u2022\u00a0\u00a0 \u00a0direkten Kontakt zwischen Pferden weitestgehend vermeiden<br \/>\n\u2022\u00a0\u00a0 \u00a0Pferd-zu-Mensch Kontakt sollte auf das N\u00f6tigste beschr\u00e4nkt werden<br \/>\n\u2022\u00a0\u00a0 \u00a0Reiter sollten nur selbst mitgebrachte Utensilien und Ausr\u00fcstungen nutzen<br \/>\n\u2022\u00a0\u00a0 \u00a0keine gemeinsamen Tr\u00e4nken: Reiter sollen nur ihre mitgebrachten Eimer zum Tr\u00e4nken verwenden<\/p>\n<p><img decoding=\"async\" class=\"alignnone wp-image-17205 size-large\" src=\"https:\/\/uelzener.de\/magazin\/app\/uploads\/2024\/03\/Pferd6-1024x1024.jpg\" alt=\"Uelzener Infografik: Wie viele Pferde ein Deutschland sind geimpft?\" width=\"1024\" height=\"1024\" srcset=\"https:\/\/uelzener.de\/magazin\/app\/uploads\/2024\/03\/Pferd6-1024x1024.jpg 1024w, https:\/\/uelzener.de\/magazin\/app\/uploads\/2024\/03\/Pferd6-300x300.jpg 300w, https:\/\/uelzener.de\/magazin\/app\/uploads\/2024\/03\/Pferd6-150x150.jpg 150w, https:\/\/uelzener.de\/magazin\/app\/uploads\/2024\/03\/Pferd6-768x768.jpg 768w, https:\/\/uelzener.de\/magazin\/app\/uploads\/2024\/03\/Pferd6-1026x1026.jpg 1026w, https:\/\/uelzener.de\/magazin\/app\/uploads\/2024\/03\/Pferd6-668x668.jpg 668w, https:\/\/uelzener.de\/magazin\/app\/uploads\/2024\/03\/Pferd6.jpg 1080w\" sizes=\"(max-width: 1024px) 100vw, 1024px\" \/><\/p>\n<h2>Turnierheimkehrer im Blick behalten<\/h2>\n<p>Pferdebetriebe sollten Turnierheimkehrer genau beobachten und die K\u00f6rpertemperatur \u00fcberpr\u00fcfen. Jede Turnierteilnahme ist eine Herausforderung f\u00fcr das Immunsystem der Pferde. Es ist nicht selten, dass Pferde mit Krankheiten aus Stallzelten zur\u00fcckkommen. Das T\u00fcckische beim Herpesvirus: Bei der Vielzahl betroffener Pferde sind keine \u00e4u\u00dferen Anzeichen zu bemerken. Einmal infizierte Pferde bleiben ihr ganzes Leben Tr\u00e4ger des Virus.<\/p>\n\n<div class=\"related_articles boxed\">\n    <h2>Mehr zum Thema<\/h2>\n    \n    <div class=\"wrapper\"><div class=\"title align-center\"><h3><a href=\"https:\/\/uelzener.de\/magazin\/pferd\/haeufige-fragen\/liste-haeufigste-pferdekrankheiten-operationen\/\">Liste der h\u00e4ufigsten Pferdekrankheiten und Operationen<\/a><\/h3><\/div><div class=\"img align-center\"><img decoding=\"async\" width=\"315\" height=\"180\" src=\"https:\/\/uelzener.de\/magazin\/app\/uploads\/2023\/01\/haeufige-pferdekrankheiten-operationen-315x180.jpg\" class=\"attachment-315x180 size-315x180 wp-post-image\" alt=\"\u00c4rztin untersucht Pferd auf Krankheiten. Wird eine OP notwendig sein?\" \/><\/div><\/div><div class=\"wrapper\"><div class=\"title align-center\"><h3><a href=\"https:\/\/uelzener.de\/magazin\/pferd\/tiergesundheit\/druse-pferd\/\">(Schock)Diagnose: Druse beim Pferd<\/a><\/h3><\/div><div class=\"img align-center\"><img decoding=\"async\" width=\"315\" height=\"180\" src=\"https:\/\/uelzener.de\/magazin\/app\/uploads\/2020\/03\/1faece7d-e630-4d47-bb78-e6e77324cdc1-315x180.jpg\" class=\"attachment-315x180 size-315x180 wp-post-image\" alt=\"Ein dunkelbraunes Pferd steht beim Tierarzt. Es ist an Druse erkrankt.\" \/><\/div><\/div><div class=\"wrapper\"><div class=\"title align-center\"><h3><a href=\"https:\/\/uelzener.de\/magazin\/pferd\/tiergesundheit\/geschwollene-schlauchtasche-beim-pferd\/\">Geschwollene Schlauchtasche beim Pferd: Was steckt dahinter?<\/a><\/h3><\/div><div class=\"img align-center\"><img decoding=\"async\" width=\"315\" height=\"180\" src=\"https:\/\/uelzener.de\/magazin\/app\/uploads\/2025\/04\/schlauchtasche-315x180.jpg\" class=\"attachment-315x180 size-315x180 wp-post-image\" alt=\"Schlauchtasche beim Pferd.\" \/><\/div><\/div><\/div>\n\n<h2>FAQ: H\u00e4ufig gestellte Fragen<\/h2>\n<h3>Wie gef\u00e4hrlich ist Herpes (EHV) f\u00fcr mein Pferd?<\/h3>\n<p>Das kommt immer auf den jeweiligen Typ und dem Verlauf der Krankheit an. Es gibt durchaus sehr milde Verl\u00e4ufe, aber auch schwere Folgen und Totgeburten sind m\u00f6glich.<\/p>\n<h3>Gibt es eine Impfung gegen Herpes bei Pferden?<\/h3>\n<p>Es gibt Impfstoffe gegen EHV 1 und EHV 4, die das Risiko eines schweren Verlaufs sowie das Ansteckungsrisiko senken.<\/p>\n<h3>Wie kann ich mein Pferd vor den Herpesviren sch\u00fctzen?<\/h3>\n<p>Vermeide nach M\u00f6glichkeit Stress, unterst\u00fctze das Immunsystem \u00fcber die Ern\u00e4hrung und sorge f\u00fcr optimale Haltungsbedingungen. Zus\u00e4tzlich kannst du dein Pferd auch gegen das Virus impfen.<\/p>\n","protected":false},"excerpt":{"rendered":"<p>Wie Menschen tragen viele Pferde Herpesviren in sich. Diese k\u00f6nnen sich im Organismus verbergen, zum Beispiel in den Nervenzellen oder den Schleimh\u00e4uten, ohne Symptome auszul\u00f6sen. Bricht die Krankheit jedoch aus, sind die aktiven Viren hoch ansteckend und l\u00f6sen je nach Virentyp unterschiedliche Beschwerden aus. In diesem Beitrag erf\u00e4hrst du, was bei einer Erkrankung des Pferdes [&hellip;]<\/p>\n","protected":false},"author":1,"featured_media":13423,"parent":11706,"menu_order":54,"comment_status":"closed","ping_status":"closed","template":"templates\/blog.php","meta":{"_acf_changed":false,"_crdt_document":"","footnotes":"","beyondwords_generate_audio":"0","beyondwords_project_id":"","beyondwords_content_id":"","beyondwords_preview_token":"","beyondwords_player_style":"","beyondwords_language_id":"","beyondwords_title_voice_id":"","beyondwords_body_voice_id":"","beyondwords_summary_voice_id":"","beyondwords_error_message":"","beyondwords_disabled":"","beyondwords_delete_content":"","beyondwords_podcast_id":"","beyondwords_hash":"","publish_post_to_speechkit":"","speechkit_hash":"","speechkit_generate_audio":"","speechkit_project_id":"","speechkit_podcast_id":"","speechkit_error_message":"","speechkit_disabled":"","speechkit_access_key":"","speechkit_error":"","speechkit_info":"","speechkit_response":"","speechkit_retries":"","speechkit_status":"","speechkit_updated_at":"","_speechkit_link":"","_speechkit_text":""},"class_list":["post-10264","page","type-page","status-publish","has-post-thumbnail","hentry"],"acf":[],"yoast_head":"<!-- This site is optimized with the Yoast SEO Premium plugin  - https:\/\/yoast.com\/product\/yoast-seo-premium-wordpress\/ -->\n<title>Herpes beim Pferd \u2013 fr\u00fchzeitig erkennen und vorbeugen | Uelzener<\/title>\n<meta name=\"description\" content=\"Erfahre alles zu Herpes bei Pferden \u2713 Symptome \u2713 Vorbeugung &amp; Hygienema\u00dfnahmen \u2713 finanzielle Absicherung \u25b6 Hier informieren!\" \/>\n<meta name=\"robots\" content=\"index, follow, max-snippet:-1, max-image-preview:large, max-video-preview:-1\" \/>\n<link rel=\"canonical\" href=\"https:\/\/uelzener.de\/magazin\/pferd\/tiergesundheit\/herpes-pferd\/\" \/>\n<meta property=\"og:locale\" content=\"de_DE\" \/>\n<meta property=\"og:type\" content=\"article\" \/>\n<meta property=\"og:title\" content=\"Herpes beim Pferd: Das solltest du wissen\" \/>\n<meta property=\"og:description\" content=\"Erfahre alles zu Herpes bei Pferden \u2713 Symptome \u2713 Vorbeugung &amp; Hygienema\u00dfnahmen \u2713 finanzielle Absicherung \u25b6 Hier informieren!\" \/>\n<meta property=\"og:url\" content=\"https:\/\/uelzener.de\/magazin\/pferd\/tiergesundheit\/herpes-pferd\/\" \/>\n<meta property=\"og:site_name\" content=\"Uelzener Tier-Magazin\" \/>\n<meta property=\"article:publisher\" content=\"https:\/\/www.facebook.com\/Uelzener\" \/>\n<meta property=\"article:modified_time\" content=\"2025-04-15T07:09:33+00:00\" \/>\n<meta property=\"og:image\" content=\"https:\/\/uelzener.de\/magazin\/app\/uploads\/2022\/05\/herpes-beim-pferd.jpg\" \/>\n\t<meta property=\"og:image:width\" content=\"1024\" \/>\n\t<meta property=\"og:image:height\" content=\"450\" \/>\n\t<meta property=\"og:image:type\" content=\"image\/jpeg\" \/>\n<meta name=\"twitter:card\" content=\"summary_large_image\" \/>\n<meta name=\"twitter:label1\" content=\"Gesch\u00e4tzte Lesezeit\" \/>\n\t<meta name=\"twitter:data1\" content=\"7\u00a0Minuten\" \/>\n<script type=\"application\/ld+json\" class=\"yoast-schema-graph\">{\"@context\":\"https:\/\/schema.org\",\"@graph\":[{\"@type\":\"WebPage\",\"@id\":\"https:\/\/uelzener.de\/magazin\/pferd\/tiergesundheit\/herpes-pferd\/\",\"url\":\"https:\/\/uelzener.de\/magazin\/pferd\/tiergesundheit\/herpes-pferd\/\",\"name\":\"Herpes beim Pferd \u2013 fr\u00fchzeitig erkennen und vorbeugen | Uelzener\",\"isPartOf\":{\"@id\":\"https:\/\/uelzener.de\/magazin\/#website\"},\"primaryImageOfPage\":{\"@id\":\"https:\/\/uelzener.de\/magazin\/pferd\/tiergesundheit\/herpes-pferd\/#primaryimage\"},\"image\":{\"@id\":\"https:\/\/uelzener.de\/magazin\/pferd\/tiergesundheit\/herpes-pferd\/#primaryimage\"},\"thumbnailUrl\":\"https:\/\/uelzener.de\/magazin\/app\/uploads\/2022\/05\/herpes-beim-pferd.jpg\",\"datePublished\":\"2024-05-13T22:00:00+00:00\",\"dateModified\":\"2025-04-15T07:09:33+00:00\",\"description\":\"Erfahre alles zu Herpes bei Pferden \u2713 Symptome \u2713 Vorbeugung & Hygienema\u00dfnahmen \u2713 finanzielle Absicherung \u25b6 Hier informieren!\",\"breadcrumb\":{\"@id\":\"https:\/\/uelzener.de\/magazin\/pferd\/tiergesundheit\/herpes-pferd\/#breadcrumb\"},\"inLanguage\":\"de\",\"potentialAction\":[{\"@type\":\"ReadAction\",\"target\":[\"https:\/\/uelzener.de\/magazin\/pferd\/tiergesundheit\/herpes-pferd\/\"]}]},{\"@type\":\"ImageObject\",\"inLanguage\":\"de\",\"@id\":\"https:\/\/uelzener.de\/magazin\/pferd\/tiergesundheit\/herpes-pferd\/#primaryimage\",\"url\":\"https:\/\/uelzener.de\/magazin\/app\/uploads\/2022\/05\/herpes-beim-pferd.jpg\",\"contentUrl\":\"https:\/\/uelzener.de\/magazin\/app\/uploads\/2022\/05\/herpes-beim-pferd.jpg\",\"width\":1024,\"height\":450,\"caption\":\"Pferd mit Herpes steht im Stall\"},{\"@type\":\"WebSite\",\"@id\":\"https:\/\/uelzener.de\/magazin\/#website\",\"url\":\"https:\/\/uelzener.de\/magazin\/\",\"name\":\"Uelzener Tiermagazin\",\"description\":\"Online Tierratgeber der Uelzener Versicherungen\",\"publisher\":{\"@id\":\"https:\/\/uelzener.de\/magazin\/#organization\"},\"potentialAction\":[{\"@type\":\"SearchAction\",\"target\":{\"@type\":\"EntryPoint\",\"urlTemplate\":\"https:\/\/uelzener.de\/magazin\/?s={search_term_string}\"},\"query-input\":{\"@type\":\"PropertyValueSpecification\",\"valueRequired\":true,\"valueName\":\"search_term_string\"}}],\"inLanguage\":\"de\"},{\"@type\":\"Organization\",\"@id\":\"https:\/\/uelzener.de\/magazin\/#organization\",\"name\":\"Uelzener Versicherungen\",\"url\":\"https:\/\/uelzener.de\/magazin\/\",\"logo\":{\"@type\":\"ImageObject\",\"inLanguage\":\"de\",\"@id\":\"https:\/\/uelzener.de\/magazin\/#\/schema\/logo\/image\/\",\"url\":\"https:\/\/uelzener.de\/magazin\/app\/uploads\/2024\/11\/uelzener_allgemeine_versicherungsgesellschaft_a_g_logo.jpg\",\"contentUrl\":\"https:\/\/uelzener.de\/magazin\/app\/uploads\/2024\/11\/uelzener_allgemeine_versicherungsgesellschaft_a_g_logo.jpg\",\"width\":200,\"height\":200,\"caption\":\"Uelzener Versicherungen\"},\"image\":{\"@id\":\"https:\/\/uelzener.de\/magazin\/#\/schema\/logo\/image\/\"},\"sameAs\":[\"https:\/\/www.facebook.com\/Uelzener\",\"https:\/\/instagram.com\/uelzener\",\"https:\/\/www.xing.com\/pages\/uelzenerallgemeineversicherungs-gesellschafta-g\",\"https:\/\/www.youtube.com\/UelzenerVersicherungen\"]}]}<\/script>\n<!-- \/ Yoast SEO Premium plugin. -->","yoast_head_json":{"title":"Herpes beim Pferd \u2013 fr\u00fchzeitig erkennen und vorbeugen | Uelzener","description":"Erfahre alles zu Herpes bei Pferden \u2713 Symptome \u2713 Vorbeugung & Hygienema\u00dfnahmen \u2713 finanzielle Absicherung \u25b6 Hier informieren!","robots":{"index":"index","follow":"follow","max-snippet":"max-snippet:-1","max-image-preview":"max-image-preview:large","max-video-preview":"max-video-preview:-1"},"canonical":"https:\/\/uelzener.de\/magazin\/pferd\/tiergesundheit\/herpes-pferd\/","og_locale":"de_DE","og_type":"article","og_title":"Herpes beim Pferd: Das solltest du wissen","og_description":"Erfahre alles zu Herpes bei Pferden \u2713 Symptome \u2713 Vorbeugung & Hygienema\u00dfnahmen \u2713 finanzielle Absicherung \u25b6 Hier informieren!","og_url":"https:\/\/uelzener.de\/magazin\/pferd\/tiergesundheit\/herpes-pferd\/","og_site_name":"Uelzener Tier-Magazin","article_publisher":"https:\/\/www.facebook.com\/Uelzener","article_modified_time":"2025-04-15T07:09:33+00:00","og_image":[{"width":1024,"height":450,"url":"https:\/\/uelzener.de\/magazin\/app\/uploads\/2022\/05\/herpes-beim-pferd.jpg","type":"image\/jpeg"}],"twitter_card":"summary_large_image","twitter_misc":{"Gesch\u00e4tzte Lesezeit":"7\u00a0Minuten"},"schema":{"@context":"https:\/\/schema.org","@graph":[{"@type":"WebPage","@id":"https:\/\/uelzener.de\/magazin\/pferd\/tiergesundheit\/herpes-pferd\/","url":"https:\/\/uelzener.de\/magazin\/pferd\/tiergesundheit\/herpes-pferd\/","name":"Herpes beim Pferd \u2013 fr\u00fchzeitig erkennen und vorbeugen | Uelzener","isPartOf":{"@id":"https:\/\/uelzener.de\/magazin\/#website"},"primaryImageOfPage":{"@id":"https:\/\/uelzener.de\/magazin\/pferd\/tiergesundheit\/herpes-pferd\/#primaryimage"},"image":{"@id":"https:\/\/uelzener.de\/magazin\/pferd\/tiergesundheit\/herpes-pferd\/#primaryimage"},"thumbnailUrl":"https:\/\/uelzener.de\/magazin\/app\/uploads\/2022\/05\/herpes-beim-pferd.jpg","datePublished":"2024-05-13T22:00:00+00:00","dateModified":"2025-04-15T07:09:33+00:00","description":"Erfahre alles zu Herpes bei Pferden \u2713 Symptome \u2713 Vorbeugung & Hygienema\u00dfnahmen \u2713 finanzielle Absicherung \u25b6 Hier informieren!","breadcrumb":{"@id":"https:\/\/uelzener.de\/magazin\/pferd\/tiergesundheit\/herpes-pferd\/#breadcrumb"},"inLanguage":"de","potentialAction":[{"@type":"ReadAction","target":["https:\/\/uelzener.de\/magazin\/pferd\/tiergesundheit\/herpes-pferd\/"]}]},{"@type":"ImageObject","inLanguage":"de","@id":"https:\/\/uelzener.de\/magazin\/pferd\/tiergesundheit\/herpes-pferd\/#primaryimage","url":"https:\/\/uelzener.de\/magazin\/app\/uploads\/2022\/05\/herpes-beim-pferd.jpg","contentUrl":"https:\/\/uelzener.de\/magazin\/app\/uploads\/2022\/05\/herpes-beim-pferd.jpg","width":1024,"height":450,"caption":"Pferd mit Herpes steht im Stall"},{"@type":"WebSite","@id":"https:\/\/uelzener.de\/magazin\/#website","url":"https:\/\/uelzener.de\/magazin\/","name":"Uelzener Tiermagazin","description":"Online Tierratgeber der Uelzener Versicherungen","publisher":{"@id":"https:\/\/uelzener.de\/magazin\/#organization"},"potentialAction":[{"@type":"SearchAction","target":{"@type":"EntryPoint","urlTemplate":"https:\/\/uelzener.de\/magazin\/?s={search_term_string}"},"query-input":{"@type":"PropertyValueSpecification","valueRequired":true,"valueName":"search_term_string"}}],"inLanguage":"de"},{"@type":"Organization","@id":"https:\/\/uelzener.de\/magazin\/#organization","name":"Uelzener Versicherungen","url":"https:\/\/uelzener.de\/magazin\/","logo":{"@type":"ImageObject","inLanguage":"de","@id":"https:\/\/uelzener.de\/magazin\/#\/schema\/logo\/image\/","url":"https:\/\/uelzener.de\/magazin\/app\/uploads\/2024\/11\/uelzener_allgemeine_versicherungsgesellschaft_a_g_logo.jpg","contentUrl":"https:\/\/uelzener.de\/magazin\/app\/uploads\/2024\/11\/uelzener_allgemeine_versicherungsgesellschaft_a_g_logo.jpg","width":200,"height":200,"caption":"Uelzener Versicherungen"},"image":{"@id":"https:\/\/uelzener.de\/magazin\/#\/schema\/logo\/image\/"},"sameAs":["https:\/\/www.facebook.com\/Uelzener","https:\/\/instagram.com\/uelzener","https:\/\/www.xing.com\/pages\/uelzenerallgemeineversicherungs-gesellschafta-g","https:\/\/www.youtube.com\/UelzenerVersicherungen"]}]}},"_links":{"self":[{"href":"https:\/\/uelzener.de\/magazin\/wp-json\/wp\/v2\/pages\/10264","targetHints":{"allow":["GET"]}}],"collection":[{"href":"https:\/\/uelzener.de\/magazin\/wp-json\/wp\/v2\/pages"}],"about":[{"href":"https:\/\/uelzener.de\/magazin\/wp-json\/wp\/v2\/types\/page"}],"author":[{"embeddable":true,"href":"https:\/\/uelzener.de\/magazin\/wp-json\/wp\/v2\/users\/1"}],"replies":[{"embeddable":true,"href":"https:\/\/uelzener.de\/magazin\/wp-json\/wp\/v2\/comments?post=10264"}],"version-history":[{"count":16,"href":"https:\/\/uelzener.de\/magazin\/wp-json\/wp\/v2\/pages\/10264\/revisions"}],"predecessor-version":[{"id":18390,"href":"https:\/\/uelzener.de\/magazin\/wp-json\/wp\/v2\/pages\/10264\/revisions\/18390"}],"up":[{"embeddable":true,"href":"https:\/\/uelzener.de\/magazin\/wp-json\/wp\/v2\/pages\/11706"}],"wp:featuredmedia":[{"embeddable":true,"href":"https:\/\/uelzener.de\/magazin\/wp-json\/wp\/v2\/media\/13423"}],"wp:attachment":[{"href":"https:\/\/uelzener.de\/magazin\/wp-json\/wp\/v2\/media?parent=10264"}],"curies":[{"name":"wp","href":"https:\/\/api.w.org\/{rel}","templated":true}]}}