{"id":10263,"date":"2019-05-07T00:00:00","date_gmt":"2019-05-07T00:00:00","guid":{"rendered":""},"modified":"2023-03-02T13:57:16","modified_gmt":"2023-03-02T12:57:16","slug":"halsring-reiten-pferd","status":"publish","type":"page","link":"https:\/\/uelzener.de\/magazin\/pferd\/erziehung-und-training\/halsring-reiten-pferd\/","title":{"rendered":"Reiten mit Halsring Schritt f\u00fcr Schritt erlernen"},"content":{"rendered":"<p><strong>Viele Reiter suchen nach einer tieferen Verbindung zu ihrem Pferd und w\u00fcnschen sich ein Reiten mit feinen Signalen und weniger Hilfsmitteln. Auf diesem Wege lassen sich viele Ausbildungsziele \u00fcberpr\u00fcfen: Reagiert mein Pferd auch ohne Zaumzeug auf meine Sitz- und Schenkelhilfen? Bleibt es weiterhin ausbalanciert unter mir, oder verliert es das Gleichgewicht? Habe ich die Z\u00fcgelhilfen doch mehr gebraucht als gedacht? Damit das Reiten mit Halsring f\u00fcr Pferd und Mensch zu einer guten und sicheren Erfahrung wird, m\u00f6chten wir Dir im Folgenden hilfreiche Ideen mit auf den Weg geben.<\/strong><\/p>\n<h2>Reiten ohne Zaumzeug<\/h2>\n<p>Grunds\u00e4tzlich gilt, dass beim Reiten mit Halsring vom Pferd nur das realistisch erwartet werden kann, was bereits mit Trense sicher abrufbar ist. Die Orientierung auf dem Weg zum Reiten ohne Zaumzeug erfolgt also vom Leichten zum Schweren.<\/p>\n<p>In der Praxis sollte das Pferd zun\u00e4chst einmal in Tempo und Richtung sicher bestimmbar sein. Es sollte auf eine feine Hilfengebung hin zuverl\u00e4ssig anhalten, r\u00fcckw\u00e4rts richten und Wendungen oder Richtungswechsel in allen drei rundgangarten durchl\u00e4ssig und sicher an den Hilfen stehend gemeinsam mit Ihnen meistern k\u00f6nnen. Auch \u00dcberg\u00e4nge zwischen und innerhalb der Gangarten sollte dem Pferd keine M\u00fche bereiten.<\/p>\n<p>Der Reiter sollte in Schritt, Trab und Galopp ausbalanciert und z\u00fcgelunabh\u00e4ngig sitzen.<\/p>\n<p>Eine weitere wichtige Basis f\u00fcr das Reiten ohne Zaumzeug ist, dass Pferd und Mensch im Alltag und in ungewohnten Situationen stets die Ruhe bewahren. <a href=\"https:\/\/uelzener.de\/magazin\/pferd\/erziehung-und-training\/pferd-mensch-beziehung\/\">Vertrauen zwischen Mensch und Tier<\/a> ist sehr wichtig.<\/p>\n<p>Nimm Dir auf dem Weg zum Reiten ohne Zaumzeug immer wieder bewusst Zeit, Wendungen und \u00dcberg\u00e4nge zwischen und innerhalb der Gangarten ohne Z\u00fcgelhilfen zu reiten. Unterschiedliche Hufschlagfiguren kannst Du beispielsweise mit der Vorstellung, eine Linie vor sich zu sehen, \u00fcben. Denke daran, gut vorauszuschauen und Deinen Oberk\u00f6rper in die neue Bewegungsrichtung zu drehen. Der innere wie der \u00e4u\u00dfere Schenkel dienen als jeweilige seitliche Begrenzung. Existenziell wichtig ist, dass das Pferd in jeder Situation auch bei eventuell auftretenden Irritationen punktgenau und ohne den Einsatz der Z\u00fcgel angehalten werden kann.<\/p>\n","protected":false},"excerpt":{"rendered":"<p>Viele Reiter suchen nach einer tieferen Verbindung zu ihrem Pferd und w\u00fcnschen sich ein Reiten mit feinen Signalen und weniger Hilfsmitteln. Auf diesem Wege lassen sich viele Ausbildungsziele \u00fcberpr\u00fcfen: Reagiert mein Pferd auch ohne Zaumzeug auf meine Sitz- und Schenkelhilfen? Bleibt es weiterhin ausbalanciert unter mir, oder verliert es das Gleichgewicht? Habe ich die Z\u00fcgelhilfen [&hellip;]<\/p>\n","protected":false},"author":1,"featured_media":10852,"parent":11689,"menu_order":36,"comment_status":"open","ping_status":"open","template":"templates\/blog.php","meta":{"_acf_changed":false,"_crdt_document":"","footnotes":"","beyondwords_generate_audio":"","beyondwords_project_id":"","beyondwords_content_id":"","beyondwords_preview_token":"","beyondwords_player_style":"","beyondwords_language_id":"","beyondwords_title_voice_id":"","beyondwords_body_voice_id":"","beyondwords_summary_voice_id":"","beyondwords_error_message":"","beyondwords_disabled":"","beyondwords_delete_content":"","beyondwords_podcast_id":"","beyondwords_hash":"","publish_post_to_speechkit":"","speechkit_hash":"","speechkit_generate_audio":"","speechkit_project_id":"","speechkit_podcast_id":"","speechkit_error_message":"","speechkit_disabled":"","speechkit_access_key":"","speechkit_error":"","speechkit_info":"","speechkit_response":"","speechkit_retries":"","speechkit_status":"","speechkit_updated_at":"","_speechkit_link":"","_speechkit_text":""},"class_list":["post-10263","page","type-page","status-publish","has-post-thumbnail","hentry"],"acf":[],"yoast_head":"<!-- This site is optimized with the Yoast SEO Premium plugin  - https:\/\/yoast.com\/product\/yoast-seo-premium-wordpress\/ -->\n<title>Mit Halsring reiten \u2013 Schritt f\u00fcr Schritt erlernen | Uelzener<\/title>\n<meta name=\"description\" content=\"Wir zeigen Dir, wie Du lernst, Dein Pferd mit Halsring zu reiten \u2713 Vorbereitung \u2713 Ausbildungstipps \u25b6 Mehr erfahren!\" \/>\n<meta name=\"robots\" content=\"index, follow, max-snippet:-1, max-image-preview:large, max-video-preview:-1\" \/>\n<link rel=\"canonical\" href=\"https:\/\/uelzener.de\/magazin\/pferd\/erziehung-und-training\/halsring-reiten-pferd\/\" \/>\n<meta property=\"og:locale\" content=\"de_DE\" \/>\n<meta property=\"og:type\" content=\"article\" \/>\n<meta property=\"og:title\" content=\"Reiten mit Halsring Schritt f\u00fcr Schritt erlernen\" \/>\n<meta property=\"og:description\" content=\"Wir zeigen Dir, wie Du lernst, Dein Pferd mit Halsring zu reiten \u2713 Vorbereitung \u2713 Ausbildungstipps \u25b6 Mehr erfahren!\" \/>\n<meta property=\"og:url\" content=\"https:\/\/uelzener.de\/magazin\/pferd\/erziehung-und-training\/halsring-reiten-pferd\/\" \/>\n<meta property=\"og:site_name\" content=\"Uelzener Tier-Magazin\" \/>\n<meta property=\"article:publisher\" content=\"https:\/\/www.facebook.com\/Uelzener\" \/>\n<meta property=\"article:modified_time\" content=\"2023-03-02T12:57:16+00:00\" \/>\n<meta property=\"og:image\" content=\"https:\/\/uelzener.de\/magazin\/app\/uploads\/2019\/05\/016c1123-9533-4cfa-9797-d2c672d161f4.jpg\" \/>\n\t<meta property=\"og:image:width\" content=\"650\" \/>\n\t<meta property=\"og:image:height\" content=\"433\" \/>\n\t<meta property=\"og:image:type\" content=\"image\/jpeg\" \/>\n<meta name=\"twitter:card\" content=\"summary_large_image\" \/>\n<meta name=\"twitter:label1\" content=\"Gesch\u00e4tzte Lesezeit\" \/>\n\t<meta name=\"twitter:data1\" content=\"2\u00a0Minuten\" \/>\n<script type=\"application\/ld+json\" class=\"yoast-schema-graph\">{\"@context\":\"https:\/\/schema.org\",\"@graph\":[{\"@type\":\"WebPage\",\"@id\":\"https:\/\/uelzener.de\/magazin\/pferd\/erziehung-und-training\/halsring-reiten-pferd\/\",\"url\":\"https:\/\/uelzener.de\/magazin\/pferd\/erziehung-und-training\/halsring-reiten-pferd\/\",\"name\":\"Mit Halsring reiten \u2013 Schritt f\u00fcr Schritt erlernen | Uelzener\",\"isPartOf\":{\"@id\":\"https:\/\/uelzener.de\/magazin\/#website\"},\"primaryImageOfPage\":{\"@id\":\"https:\/\/uelzener.de\/magazin\/pferd\/erziehung-und-training\/halsring-reiten-pferd\/#primaryimage\"},\"image\":{\"@id\":\"https:\/\/uelzener.de\/magazin\/pferd\/erziehung-und-training\/halsring-reiten-pferd\/#primaryimage\"},\"thumbnailUrl\":\"https:\/\/uelzener.de\/magazin\/app\/uploads\/2019\/05\/016c1123-9533-4cfa-9797-d2c672d161f4.jpg\",\"datePublished\":\"2019-05-07T00:00:00+00:00\",\"dateModified\":\"2023-03-02T12:57:16+00:00\",\"description\":\"Wir zeigen Dir, wie Du lernst, Dein Pferd mit Halsring zu reiten \u2713 Vorbereitung \u2713 Ausbildungstipps \u25b6 Mehr erfahren!\",\"breadcrumb\":{\"@id\":\"https:\/\/uelzener.de\/magazin\/pferd\/erziehung-und-training\/halsring-reiten-pferd\/#breadcrumb\"},\"inLanguage\":\"de\",\"potentialAction\":[{\"@type\":\"ReadAction\",\"target\":[\"https:\/\/uelzener.de\/magazin\/pferd\/erziehung-und-training\/halsring-reiten-pferd\/\"]}]},{\"@type\":\"ImageObject\",\"inLanguage\":\"de\",\"@id\":\"https:\/\/uelzener.de\/magazin\/pferd\/erziehung-und-training\/halsring-reiten-pferd\/#primaryimage\",\"url\":\"https:\/\/uelzener.de\/magazin\/app\/uploads\/2019\/05\/016c1123-9533-4cfa-9797-d2c672d161f4.jpg\",\"contentUrl\":\"https:\/\/uelzener.de\/magazin\/app\/uploads\/2019\/05\/016c1123-9533-4cfa-9797-d2c672d161f4.jpg\",\"width\":650,\"height\":433,\"caption\":\"Eine Frau reitet ihr Pferd ohne Zaumzeug, sie benutzt nur einen Halsring.\"},{\"@type\":\"WebSite\",\"@id\":\"https:\/\/uelzener.de\/magazin\/#website\",\"url\":\"https:\/\/uelzener.de\/magazin\/\",\"name\":\"Uelzener Tiermagazin\",\"description\":\"Online Tierratgeber der Uelzener Versicherungen\",\"publisher\":{\"@id\":\"https:\/\/uelzener.de\/magazin\/#organization\"},\"potentialAction\":[{\"@type\":\"SearchAction\",\"target\":{\"@type\":\"EntryPoint\",\"urlTemplate\":\"https:\/\/uelzener.de\/magazin\/?s={search_term_string}\"},\"query-input\":{\"@type\":\"PropertyValueSpecification\",\"valueRequired\":true,\"valueName\":\"search_term_string\"}}],\"inLanguage\":\"de\"},{\"@type\":\"Organization\",\"@id\":\"https:\/\/uelzener.de\/magazin\/#organization\",\"name\":\"Uelzener Versicherungen\",\"url\":\"https:\/\/uelzener.de\/magazin\/\",\"logo\":{\"@type\":\"ImageObject\",\"inLanguage\":\"de\",\"@id\":\"https:\/\/uelzener.de\/magazin\/#\/schema\/logo\/image\/\",\"url\":\"https:\/\/uelzener.de\/magazin\/app\/uploads\/2024\/11\/uelzener_allgemeine_versicherungsgesellschaft_a_g_logo.jpg\",\"contentUrl\":\"https:\/\/uelzener.de\/magazin\/app\/uploads\/2024\/11\/uelzener_allgemeine_versicherungsgesellschaft_a_g_logo.jpg\",\"width\":200,\"height\":200,\"caption\":\"Uelzener Versicherungen\"},\"image\":{\"@id\":\"https:\/\/uelzener.de\/magazin\/#\/schema\/logo\/image\/\"},\"sameAs\":[\"https:\/\/www.facebook.com\/Uelzener\",\"https:\/\/instagram.com\/uelzener\",\"https:\/\/www.xing.com\/pages\/uelzenerallgemeineversicherungs-gesellschafta-g\",\"https:\/\/www.youtube.com\/UelzenerVersicherungen\"]}]}<\/script>\n<!-- \/ Yoast SEO Premium plugin. -->","yoast_head_json":{"title":"Mit Halsring reiten \u2013 Schritt f\u00fcr Schritt erlernen | Uelzener","description":"Wir zeigen Dir, wie Du lernst, Dein Pferd mit Halsring zu reiten \u2713 Vorbereitung \u2713 Ausbildungstipps \u25b6 Mehr erfahren!","robots":{"index":"index","follow":"follow","max-snippet":"max-snippet:-1","max-image-preview":"max-image-preview:large","max-video-preview":"max-video-preview:-1"},"canonical":"https:\/\/uelzener.de\/magazin\/pferd\/erziehung-und-training\/halsring-reiten-pferd\/","og_locale":"de_DE","og_type":"article","og_title":"Reiten mit Halsring Schritt f\u00fcr Schritt erlernen","og_description":"Wir zeigen Dir, wie Du lernst, Dein Pferd mit Halsring zu reiten \u2713 Vorbereitung \u2713 Ausbildungstipps \u25b6 Mehr erfahren!","og_url":"https:\/\/uelzener.de\/magazin\/pferd\/erziehung-und-training\/halsring-reiten-pferd\/","og_site_name":"Uelzener Tier-Magazin","article_publisher":"https:\/\/www.facebook.com\/Uelzener","article_modified_time":"2023-03-02T12:57:16+00:00","og_image":[{"width":650,"height":433,"url":"https:\/\/uelzener.de\/magazin\/app\/uploads\/2019\/05\/016c1123-9533-4cfa-9797-d2c672d161f4.jpg","type":"image\/jpeg"}],"twitter_card":"summary_large_image","twitter_misc":{"Gesch\u00e4tzte Lesezeit":"2\u00a0Minuten"},"schema":{"@context":"https:\/\/schema.org","@graph":[{"@type":"WebPage","@id":"https:\/\/uelzener.de\/magazin\/pferd\/erziehung-und-training\/halsring-reiten-pferd\/","url":"https:\/\/uelzener.de\/magazin\/pferd\/erziehung-und-training\/halsring-reiten-pferd\/","name":"Mit Halsring reiten \u2013 Schritt f\u00fcr Schritt erlernen | Uelzener","isPartOf":{"@id":"https:\/\/uelzener.de\/magazin\/#website"},"primaryImageOfPage":{"@id":"https:\/\/uelzener.de\/magazin\/pferd\/erziehung-und-training\/halsring-reiten-pferd\/#primaryimage"},"image":{"@id":"https:\/\/uelzener.de\/magazin\/pferd\/erziehung-und-training\/halsring-reiten-pferd\/#primaryimage"},"thumbnailUrl":"https:\/\/uelzener.de\/magazin\/app\/uploads\/2019\/05\/016c1123-9533-4cfa-9797-d2c672d161f4.jpg","datePublished":"2019-05-07T00:00:00+00:00","dateModified":"2023-03-02T12:57:16+00:00","description":"Wir zeigen Dir, wie Du lernst, Dein Pferd mit Halsring zu reiten \u2713 Vorbereitung \u2713 Ausbildungstipps \u25b6 Mehr erfahren!","breadcrumb":{"@id":"https:\/\/uelzener.de\/magazin\/pferd\/erziehung-und-training\/halsring-reiten-pferd\/#breadcrumb"},"inLanguage":"de","potentialAction":[{"@type":"ReadAction","target":["https:\/\/uelzener.de\/magazin\/pferd\/erziehung-und-training\/halsring-reiten-pferd\/"]}]},{"@type":"ImageObject","inLanguage":"de","@id":"https:\/\/uelzener.de\/magazin\/pferd\/erziehung-und-training\/halsring-reiten-pferd\/#primaryimage","url":"https:\/\/uelzener.de\/magazin\/app\/uploads\/2019\/05\/016c1123-9533-4cfa-9797-d2c672d161f4.jpg","contentUrl":"https:\/\/uelzener.de\/magazin\/app\/uploads\/2019\/05\/016c1123-9533-4cfa-9797-d2c672d161f4.jpg","width":650,"height":433,"caption":"Eine Frau reitet ihr Pferd ohne Zaumzeug, sie benutzt nur einen Halsring."},{"@type":"WebSite","@id":"https:\/\/uelzener.de\/magazin\/#website","url":"https:\/\/uelzener.de\/magazin\/","name":"Uelzener Tiermagazin","description":"Online Tierratgeber der Uelzener Versicherungen","publisher":{"@id":"https:\/\/uelzener.de\/magazin\/#organization"},"potentialAction":[{"@type":"SearchAction","target":{"@type":"EntryPoint","urlTemplate":"https:\/\/uelzener.de\/magazin\/?s={search_term_string}"},"query-input":{"@type":"PropertyValueSpecification","valueRequired":true,"valueName":"search_term_string"}}],"inLanguage":"de"},{"@type":"Organization","@id":"https:\/\/uelzener.de\/magazin\/#organization","name":"Uelzener Versicherungen","url":"https:\/\/uelzener.de\/magazin\/","logo":{"@type":"ImageObject","inLanguage":"de","@id":"https:\/\/uelzener.de\/magazin\/#\/schema\/logo\/image\/","url":"https:\/\/uelzener.de\/magazin\/app\/uploads\/2024\/11\/uelzener_allgemeine_versicherungsgesellschaft_a_g_logo.jpg","contentUrl":"https:\/\/uelzener.de\/magazin\/app\/uploads\/2024\/11\/uelzener_allgemeine_versicherungsgesellschaft_a_g_logo.jpg","width":200,"height":200,"caption":"Uelzener Versicherungen"},"image":{"@id":"https:\/\/uelzener.de\/magazin\/#\/schema\/logo\/image\/"},"sameAs":["https:\/\/www.facebook.com\/Uelzener","https:\/\/instagram.com\/uelzener","https:\/\/www.xing.com\/pages\/uelzenerallgemeineversicherungs-gesellschafta-g","https:\/\/www.youtube.com\/UelzenerVersicherungen"]}]}},"_links":{"self":[{"href":"https:\/\/uelzener.de\/magazin\/wp-json\/wp\/v2\/pages\/10263","targetHints":{"allow":["GET"]}}],"collection":[{"href":"https:\/\/uelzener.de\/magazin\/wp-json\/wp\/v2\/pages"}],"about":[{"href":"https:\/\/uelzener.de\/magazin\/wp-json\/wp\/v2\/types\/page"}],"author":[{"embeddable":true,"href":"https:\/\/uelzener.de\/magazin\/wp-json\/wp\/v2\/users\/1"}],"replies":[{"embeddable":true,"href":"https:\/\/uelzener.de\/magazin\/wp-json\/wp\/v2\/comments?post=10263"}],"version-history":[{"count":6,"href":"https:\/\/uelzener.de\/magazin\/wp-json\/wp\/v2\/pages\/10263\/revisions"}],"predecessor-version":[{"id":13903,"href":"https:\/\/uelzener.de\/magazin\/wp-json\/wp\/v2\/pages\/10263\/revisions\/13903"}],"up":[{"embeddable":true,"href":"https:\/\/uelzener.de\/magazin\/wp-json\/wp\/v2\/pages\/11689"}],"wp:featuredmedia":[{"embeddable":true,"href":"https:\/\/uelzener.de\/magazin\/wp-json\/wp\/v2\/media\/10852"}],"wp:attachment":[{"href":"https:\/\/uelzener.de\/magazin\/wp-json\/wp\/v2\/media?parent=10263"}],"curies":[{"name":"wp","href":"https:\/\/api.w.org\/{rel}","templated":true}]}}