{"id":10262,"date":"2019-03-25T00:00:00","date_gmt":"2019-03-25T00:00:00","guid":{"rendered":""},"modified":"2025-06-17T09:15:47","modified_gmt":"2025-06-17T07:15:47","slug":"angstfrei-zum-schmied","status":"publish","type":"page","link":"https:\/\/uelzener.de\/magazin\/pferd\/erziehung-und-training\/angstfrei-zum-schmied\/","title":{"rendered":"Angstfrei zum Schmied"},"content":{"rendered":"<p><strong>Ist es einfach nur Gl\u00fcck, wenn ein Pferd beim Schmied brav ist? Oder gibt es Faktoren, die dazu beitragen? Wir haben hier einige Tipps, wie Du Dein Pferd so vorbereitest dass der Hufschmied oder -pfleger ihm keine Angst macht. <\/strong><\/p>\n<p>Das Pferd l\u00e4sst sich kaum aus seiner Box f\u00fchren, es schnaubt aufgeregt, will sp\u00e4ter nicht still stehen \u2013 manche Vierbeiner reagieren aufgeregt und \u00e4ngstlich, wenn der Schmied um die Ecke kommt und an den Hufen des Pferdes arbeiten will. Kein Wunder, schlie\u00dflich liegt es\u00a0 in der Natur des Pferdes, skeptisch gegen\u00fcber Unbekanntem oder Unangenehmem zu sein und geh\u00f6rt zum \u00dcberlebensinstinkt. Das Pferd ist ein Fluchttier, und immer wenn es sich bedroht f\u00fchlt, will es der Situation entfliehen.<\/p>\n<p>Und bedrohlich kann es auf jeden Fall wirken, wenn der Schmied kommt: Er ist dem Pferd nicht bekannt, hantiert mit Dingen, die f\u00fcr das Pferd ungewohnt sind, bringt Ger\u00fcche mit aus anderen St\u00e4llen, von anderen Pferden und vom Schmieden des Eisens. Abgesehen davon kann Angst vor dem Schmied durch ganz banale Problematiken entstehen:<\/p>\n<ul>\n<li>Das Pferd hat in jungen Jahren schlechte Erfahrungen gemacht<\/li>\n<li>Das Pferd wurde bisher nicht konsequent genug erzogen<\/li>\n<li>Der Pferdebesitzer \u00fcbertr\u00e4gt seine Angst vor der Situation auf das Pferd<\/li>\n<\/ul>\n<p>&nbsp;<\/p>\n<p><strong>Wie kann man das Pferd auf den Schmied vorbereiten?<\/strong><\/p>\n<p>Pferdehalter und Schmied k\u00f6nnen gleicherma\u00dfen dazu beitragen, dass eine Angst-Situation gar nicht erst entsteht. Das sind unsere f\u00fcnf wichtigsten Tipps:<\/p>\n<p>&nbsp;<\/p>\n<p>1. Das Wichtigste ist, dass das Pferd Vertrauen hat \u2013 am besten zu seiner Bezugsperson, dem Besitzer. Dieser sollte sein Pferd jeden Tag ein bisschen darauf vorbereiten, dass der Schmied regelm\u00e4\u00dfig kommt. Damit er seine Arbeit verrichten kann, muss das Pferd ruhig stehen und zuverl\u00e4ssig die Hufe geben \u2013 eigentlich banal, aber dennoch sollten das Hufegeben und das Stillstehen mit einem angehobenen Huf t\u00e4glich konsequent trainiert und belohnt werden.<\/p>\n<p>&nbsp;<\/p>\n<p>2. In den meisten St\u00e4llen gibt es heutzutage keinen ausgewiesenen Schmiedeplatz mehr, und das kann von Vorteil sein. Ein einf\u00fchlsamer Schmied versucht, das Pferd m\u00f6glichst nah bei seinen Boxennachbarn zu lassen. Dort befindet es sich in Gesellschaft und gewohnter Umgebung, das gibt schon mal ein St\u00fcck Vertrauen.<\/p>\n<p>&nbsp;<\/p>\n<p>3. Weiterhin sollte der Besitzer daf\u00fcr sorgen, dass das Pferd optimal vorbereitet und ausger\u00fcstet ist f\u00fcr den Besuch des <a href=\"https:\/\/uelzener.de\/magazin\/pferd\/erziehung-und-training\/angstfrei-zum-schmied\/\">Hufschmieds<\/a>. Ein passendes Halfter, je nach Temperament des Pferdes, sowie ein gen\u00fcgend langer Strick sind die Mindestanforderungen.<\/p>\n<p>&nbsp;<\/p>\n<p>4. Au\u00dferdem sollten Pferde es kennen, angebunden zu stehen \u2013 auch das ist in vielen F\u00e4llen eine reine Erziehungsfrage. Nur bei jungen oder sehr verunsicherten Pferden, die eventuell schon schlechte Erfahrungen gemacht haben, kann es Ausnahmen geben: Das Pferd sollte dann nicht angebunden, sondern von einem erfahrenen Helfer festgehalten werden. Fachkundige Helfer stellen sich dabei aus Sicherheitsgr\u00fcnden seitlich vom Pferd, etwa auf Kopfh\u00f6he, hin, sodass sie nicht \u00fcberrannt werden, falls es doch mal brenzlig wird.<\/p>\n<p>&nbsp;<\/p>\n<p>5. Der Platz, an dem die Hufe des Pferdes bearbeitet werden, sollte ruhig sein. Wenn\u00a0 st\u00e4ndig Leute mit ihren Pferden vorbeigehen, lenkt das alle nur ab. Doch nicht nur die Atmosph\u00e4re, auch die Personen selbst sollten Ruhe ausstrahlen und sich ausreichend Zeit lassen.<\/p>\n<p>&nbsp;<\/p>\n<p><strong>Wenn die Panik um sich greift<\/strong><\/p>\n<p>Gerade in den ersten zwei bis drei Jahren eines Pferdelebens werden die entscheidenden Weichen gestellt, ob das Pferd dem Schmied grunds\u00e4tzlich vertrauensvoll begegnet. Dabei ist wichtig, schon im Fohlenalter mit der Erziehung vom Boden aus zu beginnen. Denn auch hier gilt das alte Sprichwort: \u201eWas H\u00e4nschen nicht lernt, lernt Hans nimmermehr\u201c.<\/p>\n","protected":false},"excerpt":{"rendered":"<p>Ist es einfach nur Gl\u00fcck, wenn ein Pferd beim Schmied brav ist? Oder gibt es Faktoren, die dazu beitragen? Wir haben hier einige Tipps, wie Du Dein Pferd so vorbereitest dass der Hufschmied oder -pfleger ihm keine Angst macht. Das Pferd l\u00e4sst sich kaum aus seiner Box f\u00fchren, es schnaubt aufgeregt, will sp\u00e4ter nicht still [&hellip;]<\/p>\n","protected":false},"author":1,"featured_media":10851,"parent":11689,"menu_order":35,"comment_status":"open","ping_status":"open","template":"templates\/blog.php","meta":{"_acf_changed":false,"_crdt_document":"","footnotes":"","beyondwords_generate_audio":"","beyondwords_project_id":"","beyondwords_content_id":"","beyondwords_preview_token":"","beyondwords_player_style":"","beyondwords_language_id":"","beyondwords_title_voice_id":"","beyondwords_body_voice_id":"","beyondwords_summary_voice_id":"","beyondwords_error_message":"","beyondwords_disabled":"","beyondwords_delete_content":"","beyondwords_podcast_id":"","beyondwords_hash":"","publish_post_to_speechkit":"","speechkit_hash":"","speechkit_generate_audio":"","speechkit_project_id":"","speechkit_podcast_id":"","speechkit_error_message":"","speechkit_disabled":"","speechkit_access_key":"","speechkit_error":"","speechkit_info":"","speechkit_response":"","speechkit_retries":"","speechkit_status":"","speechkit_updated_at":"","_speechkit_link":"","_speechkit_text":""},"class_list":["post-10262","page","type-page","status-publish","has-post-thumbnail","hentry"],"acf":[],"yoast_head":"<!-- This site is optimized with the Yoast SEO Premium plugin  - https:\/\/yoast.com\/product\/yoast-seo-premium-wordpress\/ -->\n<title>Angstfrei zum Schmied | Uelzener<\/title>\n<meta name=\"robots\" content=\"index, follow, max-snippet:-1, max-image-preview:large, max-video-preview:-1\" \/>\n<link rel=\"canonical\" href=\"https:\/\/uelzener.de\/magazin\/pferd\/erziehung-und-training\/angstfrei-zum-schmied\/\" \/>\n<meta property=\"og:locale\" content=\"de_DE\" \/>\n<meta property=\"og:type\" content=\"article\" \/>\n<meta property=\"og:title\" content=\"Angstfrei zum Schmied\" \/>\n<meta property=\"og:description\" content=\"Ist es einfach nur Gl\u00fcck, wenn ein Pferd beim Schmied brav ist? Oder gibt es Faktoren, die dazu beitragen? Wir haben hier einige Tipps, wie Du Dein Pferd so vorbereitest dass der Hufschmied oder -pfleger ihm keine Angst macht. Das Pferd l\u00e4sst sich kaum aus seiner Box f\u00fchren, es schnaubt aufgeregt, will sp\u00e4ter nicht still [&hellip;]\" \/>\n<meta property=\"og:url\" content=\"https:\/\/uelzener.de\/magazin\/pferd\/erziehung-und-training\/angstfrei-zum-schmied\/\" \/>\n<meta property=\"og:site_name\" content=\"Uelzener Tier-Magazin\" \/>\n<meta property=\"article:publisher\" content=\"https:\/\/www.facebook.com\/Uelzener\" \/>\n<meta property=\"article:modified_time\" content=\"2025-06-17T07:15:47+00:00\" \/>\n<meta property=\"og:image\" content=\"https:\/\/uelzener.de\/magazin\/app\/uploads\/2019\/03\/691b392e-4156-4c8a-84d9-6e7e87f74401.jpg\" \/>\n\t<meta property=\"og:image:width\" content=\"650\" \/>\n\t<meta property=\"og:image:height\" content=\"433\" \/>\n\t<meta property=\"og:image:type\" content=\"image\/jpeg\" \/>\n<meta name=\"twitter:card\" content=\"summary_large_image\" \/>\n<meta name=\"twitter:label1\" content=\"Gesch\u00e4tzte Lesezeit\" \/>\n\t<meta name=\"twitter:data1\" content=\"4\u00a0Minuten\" \/>\n<script type=\"application\/ld+json\" class=\"yoast-schema-graph\">{\"@context\":\"https:\/\/schema.org\",\"@graph\":[{\"@type\":\"WebPage\",\"@id\":\"https:\/\/uelzener.de\/magazin\/pferd\/erziehung-und-training\/angstfrei-zum-schmied\/\",\"url\":\"https:\/\/uelzener.de\/magazin\/pferd\/erziehung-und-training\/angstfrei-zum-schmied\/\",\"name\":\"Angstfrei zum Schmied | Uelzener\",\"isPartOf\":{\"@id\":\"https:\/\/uelzener.de\/magazin\/#website\"},\"primaryImageOfPage\":{\"@id\":\"https:\/\/uelzener.de\/magazin\/pferd\/erziehung-und-training\/angstfrei-zum-schmied\/#primaryimage\"},\"image\":{\"@id\":\"https:\/\/uelzener.de\/magazin\/pferd\/erziehung-und-training\/angstfrei-zum-schmied\/#primaryimage\"},\"thumbnailUrl\":\"https:\/\/uelzener.de\/magazin\/app\/uploads\/2019\/03\/691b392e-4156-4c8a-84d9-6e7e87f74401.jpg\",\"datePublished\":\"2019-03-25T00:00:00+00:00\",\"dateModified\":\"2025-06-17T07:15:47+00:00\",\"breadcrumb\":{\"@id\":\"https:\/\/uelzener.de\/magazin\/pferd\/erziehung-und-training\/angstfrei-zum-schmied\/#breadcrumb\"},\"inLanguage\":\"de\",\"potentialAction\":[{\"@type\":\"ReadAction\",\"target\":[\"https:\/\/uelzener.de\/magazin\/pferd\/erziehung-und-training\/angstfrei-zum-schmied\/\"]}]},{\"@type\":\"ImageObject\",\"inLanguage\":\"de\",\"@id\":\"https:\/\/uelzener.de\/magazin\/pferd\/erziehung-und-training\/angstfrei-zum-schmied\/#primaryimage\",\"url\":\"https:\/\/uelzener.de\/magazin\/app\/uploads\/2019\/03\/691b392e-4156-4c8a-84d9-6e7e87f74401.jpg\",\"contentUrl\":\"https:\/\/uelzener.de\/magazin\/app\/uploads\/2019\/03\/691b392e-4156-4c8a-84d9-6e7e87f74401.jpg\",\"width\":650,\"height\":433,\"caption\":\"Ein Pferd bekommt vom Hufschmied ein neues Hufeisen angepasst.\"},{\"@type\":\"WebSite\",\"@id\":\"https:\/\/uelzener.de\/magazin\/#website\",\"url\":\"https:\/\/uelzener.de\/magazin\/\",\"name\":\"Uelzener Tiermagazin\",\"description\":\"Online Tierratgeber der Uelzener Versicherungen\",\"publisher\":{\"@id\":\"https:\/\/uelzener.de\/magazin\/#organization\"},\"potentialAction\":[{\"@type\":\"SearchAction\",\"target\":{\"@type\":\"EntryPoint\",\"urlTemplate\":\"https:\/\/uelzener.de\/magazin\/?s={search_term_string}\"},\"query-input\":{\"@type\":\"PropertyValueSpecification\",\"valueRequired\":true,\"valueName\":\"search_term_string\"}}],\"inLanguage\":\"de\"},{\"@type\":\"Organization\",\"@id\":\"https:\/\/uelzener.de\/magazin\/#organization\",\"name\":\"Uelzener Versicherungen\",\"url\":\"https:\/\/uelzener.de\/magazin\/\",\"logo\":{\"@type\":\"ImageObject\",\"inLanguage\":\"de\",\"@id\":\"https:\/\/uelzener.de\/magazin\/#\/schema\/logo\/image\/\",\"url\":\"https:\/\/uelzener.de\/magazin\/app\/uploads\/2024\/11\/uelzener_allgemeine_versicherungsgesellschaft_a_g_logo.jpg\",\"contentUrl\":\"https:\/\/uelzener.de\/magazin\/app\/uploads\/2024\/11\/uelzener_allgemeine_versicherungsgesellschaft_a_g_logo.jpg\",\"width\":200,\"height\":200,\"caption\":\"Uelzener Versicherungen\"},\"image\":{\"@id\":\"https:\/\/uelzener.de\/magazin\/#\/schema\/logo\/image\/\"},\"sameAs\":[\"https:\/\/www.facebook.com\/Uelzener\",\"https:\/\/instagram.com\/uelzener\",\"https:\/\/www.xing.com\/pages\/uelzenerallgemeineversicherungs-gesellschafta-g\",\"https:\/\/www.youtube.com\/UelzenerVersicherungen\"]}]}<\/script>\n<!-- \/ Yoast SEO Premium plugin. -->","yoast_head_json":{"title":"Angstfrei zum Schmied | Uelzener","robots":{"index":"index","follow":"follow","max-snippet":"max-snippet:-1","max-image-preview":"max-image-preview:large","max-video-preview":"max-video-preview:-1"},"canonical":"https:\/\/uelzener.de\/magazin\/pferd\/erziehung-und-training\/angstfrei-zum-schmied\/","og_locale":"de_DE","og_type":"article","og_title":"Angstfrei zum Schmied","og_description":"Ist es einfach nur Gl\u00fcck, wenn ein Pferd beim Schmied brav ist? Oder gibt es Faktoren, die dazu beitragen? Wir haben hier einige Tipps, wie Du Dein Pferd so vorbereitest dass der Hufschmied oder -pfleger ihm keine Angst macht. Das Pferd l\u00e4sst sich kaum aus seiner Box f\u00fchren, es schnaubt aufgeregt, will sp\u00e4ter nicht still [&hellip;]","og_url":"https:\/\/uelzener.de\/magazin\/pferd\/erziehung-und-training\/angstfrei-zum-schmied\/","og_site_name":"Uelzener Tier-Magazin","article_publisher":"https:\/\/www.facebook.com\/Uelzener","article_modified_time":"2025-06-17T07:15:47+00:00","og_image":[{"width":650,"height":433,"url":"https:\/\/uelzener.de\/magazin\/app\/uploads\/2019\/03\/691b392e-4156-4c8a-84d9-6e7e87f74401.jpg","type":"image\/jpeg"}],"twitter_card":"summary_large_image","twitter_misc":{"Gesch\u00e4tzte Lesezeit":"4\u00a0Minuten"},"schema":{"@context":"https:\/\/schema.org","@graph":[{"@type":"WebPage","@id":"https:\/\/uelzener.de\/magazin\/pferd\/erziehung-und-training\/angstfrei-zum-schmied\/","url":"https:\/\/uelzener.de\/magazin\/pferd\/erziehung-und-training\/angstfrei-zum-schmied\/","name":"Angstfrei zum Schmied | Uelzener","isPartOf":{"@id":"https:\/\/uelzener.de\/magazin\/#website"},"primaryImageOfPage":{"@id":"https:\/\/uelzener.de\/magazin\/pferd\/erziehung-und-training\/angstfrei-zum-schmied\/#primaryimage"},"image":{"@id":"https:\/\/uelzener.de\/magazin\/pferd\/erziehung-und-training\/angstfrei-zum-schmied\/#primaryimage"},"thumbnailUrl":"https:\/\/uelzener.de\/magazin\/app\/uploads\/2019\/03\/691b392e-4156-4c8a-84d9-6e7e87f74401.jpg","datePublished":"2019-03-25T00:00:00+00:00","dateModified":"2025-06-17T07:15:47+00:00","breadcrumb":{"@id":"https:\/\/uelzener.de\/magazin\/pferd\/erziehung-und-training\/angstfrei-zum-schmied\/#breadcrumb"},"inLanguage":"de","potentialAction":[{"@type":"ReadAction","target":["https:\/\/uelzener.de\/magazin\/pferd\/erziehung-und-training\/angstfrei-zum-schmied\/"]}]},{"@type":"ImageObject","inLanguage":"de","@id":"https:\/\/uelzener.de\/magazin\/pferd\/erziehung-und-training\/angstfrei-zum-schmied\/#primaryimage","url":"https:\/\/uelzener.de\/magazin\/app\/uploads\/2019\/03\/691b392e-4156-4c8a-84d9-6e7e87f74401.jpg","contentUrl":"https:\/\/uelzener.de\/magazin\/app\/uploads\/2019\/03\/691b392e-4156-4c8a-84d9-6e7e87f74401.jpg","width":650,"height":433,"caption":"Ein Pferd bekommt vom Hufschmied ein neues Hufeisen angepasst."},{"@type":"WebSite","@id":"https:\/\/uelzener.de\/magazin\/#website","url":"https:\/\/uelzener.de\/magazin\/","name":"Uelzener Tiermagazin","description":"Online Tierratgeber der Uelzener Versicherungen","publisher":{"@id":"https:\/\/uelzener.de\/magazin\/#organization"},"potentialAction":[{"@type":"SearchAction","target":{"@type":"EntryPoint","urlTemplate":"https:\/\/uelzener.de\/magazin\/?s={search_term_string}"},"query-input":{"@type":"PropertyValueSpecification","valueRequired":true,"valueName":"search_term_string"}}],"inLanguage":"de"},{"@type":"Organization","@id":"https:\/\/uelzener.de\/magazin\/#organization","name":"Uelzener Versicherungen","url":"https:\/\/uelzener.de\/magazin\/","logo":{"@type":"ImageObject","inLanguage":"de","@id":"https:\/\/uelzener.de\/magazin\/#\/schema\/logo\/image\/","url":"https:\/\/uelzener.de\/magazin\/app\/uploads\/2024\/11\/uelzener_allgemeine_versicherungsgesellschaft_a_g_logo.jpg","contentUrl":"https:\/\/uelzener.de\/magazin\/app\/uploads\/2024\/11\/uelzener_allgemeine_versicherungsgesellschaft_a_g_logo.jpg","width":200,"height":200,"caption":"Uelzener Versicherungen"},"image":{"@id":"https:\/\/uelzener.de\/magazin\/#\/schema\/logo\/image\/"},"sameAs":["https:\/\/www.facebook.com\/Uelzener","https:\/\/instagram.com\/uelzener","https:\/\/www.xing.com\/pages\/uelzenerallgemeineversicherungs-gesellschafta-g","https:\/\/www.youtube.com\/UelzenerVersicherungen"]}]}},"_links":{"self":[{"href":"https:\/\/uelzener.de\/magazin\/wp-json\/wp\/v2\/pages\/10262","targetHints":{"allow":["GET"]}}],"collection":[{"href":"https:\/\/uelzener.de\/magazin\/wp-json\/wp\/v2\/pages"}],"about":[{"href":"https:\/\/uelzener.de\/magazin\/wp-json\/wp\/v2\/types\/page"}],"author":[{"embeddable":true,"href":"https:\/\/uelzener.de\/magazin\/wp-json\/wp\/v2\/users\/1"}],"replies":[{"embeddable":true,"href":"https:\/\/uelzener.de\/magazin\/wp-json\/wp\/v2\/comments?post=10262"}],"version-history":[{"count":6,"href":"https:\/\/uelzener.de\/magazin\/wp-json\/wp\/v2\/pages\/10262\/revisions"}],"predecessor-version":[{"id":18581,"href":"https:\/\/uelzener.de\/magazin\/wp-json\/wp\/v2\/pages\/10262\/revisions\/18581"}],"up":[{"embeddable":true,"href":"https:\/\/uelzener.de\/magazin\/wp-json\/wp\/v2\/pages\/11689"}],"wp:featuredmedia":[{"embeddable":true,"href":"https:\/\/uelzener.de\/magazin\/wp-json\/wp\/v2\/media\/10851"}],"wp:attachment":[{"href":"https:\/\/uelzener.de\/magazin\/wp-json\/wp\/v2\/media?parent=10262"}],"curies":[{"name":"wp","href":"https:\/\/api.w.org\/{rel}","templated":true}]}}