{"id":10261,"date":"2019-03-25T00:00:00","date_gmt":"2019-03-25T00:00:00","guid":{"rendered":""},"modified":"2023-05-17T16:06:58","modified_gmt":"2023-05-17T14:06:58","slug":"knabstrupper","status":"publish","type":"page","link":"https:\/\/uelzener.de\/magazin\/pferd\/rasseportrait\/knabstrupper\/","title":{"rendered":"Der Knabstrupper"},"content":{"rendered":"<p>Der wohl ber\u00fchmteste Knabstrupper der Welt l\u00e4sst sich von einem frechen rothaarigen M\u00e4dchen hochheben und hei\u00dft \u201eKleiner Onkel\u201c. Was die Pferderasse, die in Astrid Lindgrens Kinderb\u00fcchern eine charmante Nebenrolle spielt, sonst ausmacht, erf\u00e4hrst Du in unserem Rasseportr\u00e4t.<\/p>\n<p>Die schwedische Autorin Astrid Lindgren hat sich scheinbar nicht zuf\u00e4llig die d\u00e4nische Pferderasse ausgesucht. Die Charaktereigenschaften des Knabstruppers \u201eKleiner Onkel\u201c passen perfekt zum Lebensstil von <a href=\"https:\/\/uelzener.de\/magazin\/pferd\/haeufige-fragen\/das-pferd-von-pippi-langstrumpf-20-spannende-fakten\/\">Pippi Langstrumpf<\/a>: umg\u00e4nglich, gelehrig, freundlich, nervenstark und verl\u00e4sslich.<\/p>\n<h2>Das Interieur<\/h2>\n<p>Der hochintelligente Knabstrupper braucht eine konsequente und gute Ausbildung. Dann meistert er gemeinsam mit seinem Reiter auch anspruchsvolle Aufgaben bereitwillig und der Ehrgeiz des Pferdes wird geweckt.<\/p>\n<p>F\u00fcr Freizeitreiter kann ein Knabstrupper jedoch ebenfalls ein exzellenter Partner sein. Ihre Besitzer sollten aber ausreichend Zeit mitbringen: Die d\u00e4nische Pferderasse will besch\u00e4ftigt und gefordert werden. Durch das eigenwillige Temperament passt die Pferderasse sehr gut zu erfahrenen Reitern. Das Warmblut eignet sich durch die hohe Leistungsbereitschaft als Reit- sowie Fahrpferd. Als Fahrpferd ist es aber nat\u00fcrlich sehr wichtig, dass Du einen <a href=\"https:\/\/uelzener.de\/magazin\/pferd\/erziehung-und-training\/kutschenfuehrerschein\/\">Kutschenf\u00fchrerschein<\/a> machst und eine <a href=\"https:\/\/uelzener.de\/pferd\/pferde-haftpflichtversicherung\/\">Pferde-Haftpflichtversicherung<\/a> abschlie\u00dft, da Du mit der Kutsche ein Verkehrsteilnehmer bist.<\/p>\n<h2>Das Ex\u00adte\u00adri\u00adeur<\/h2>\n<p>Klassischerweise z\u00e4hlt ein Knabstrupper zu den Gro\u00dfpferde-Typen mit einem Stockma\u00df von 153 bis 157 Zentimetern. Die umg\u00e4ngliche Rasse wird zus\u00e4tzlich auch als Pony-Typ mit einem Stockma\u00df von bis zu 148 Zentimetern gez\u00fcchtet. Das Auff\u00e4lligste ist jedoch die typische Fellf\u00e4rbung. Sie wird in f\u00fcnf verschiedene Varianten unterteilt:<\/p>\n<ul>\n<li>Der \u201eVolltiger\u201c ist ein Pferd mit Tigerscheckung am ganzen K\u00f6rper. Die Flecken k\u00f6nnen schwarz, braun oder r\u00f6tlich sein.<\/li>\n<li>Der \u201eSchabracktiger\u201c hat die typische Fleckung nur auf Kruppe und R\u00fccken, ansonsten eine dunklere Grundfarbe.<\/li>\n<li>Der \u201eSchneeflockentiger\u201c hat kleine, helle Flecken auf dunklem Fell.<\/li>\n<li>Der \u201eWei\u00dfgeborene\u201c ist komplett wei\u00df. Er wird im Gegensatz zum Schimmel bereits wei\u00df geboren.<\/li>\n<li>Der \u201eEinfarbige\u201c ist ohne jegliche Spur eines Mantels. Bei ihnen ist die Tigerscheckengenetik rezessiv.<\/li>\n<\/ul>\n<h2>Die Herkunft<\/h2>\n<p>Der Knabstrupper ist die \u00e4lteste Pferderasse D\u00e4nemarks. Sie gelten als Nachfahren der Frederiksborger Rasse, die als Kriegspferde gez\u00fcchtet wurden. Ein getigerter Hengst wurde 1660 erstmalig am k\u00f6niglichen Frederiksborger Gest\u00fct beschrieben. W\u00e4hrend des Barocks erlebte der Tigerschecke seinen H\u00f6hepunkt. Schlachtr\u00f6sser wurden nicht mehr ben\u00f6tigt, stattdessen schm\u00fcckten sich die barocken F\u00fcrsten mit den au\u00dfergew\u00f6hnlichen Pferden.<\/p>\n<p>Ihren Namen haben die intelligenten Tiere von Major Villars Lunn nach Knabstrup. Nach der Schlie\u00dfung des k\u00f6niglichen Gest\u00fcts z\u00fcchtete er die Rasse weiter. Ihm gelang es, die pr\u00e4gnante Fellf\u00e4rbung zu erhalten. Ein Brand beendete die Tigerscheckenzucht auf Gut Knabstrup. Nur wenige der alten Blutlinie blieben \u00fcbrig. Ein Verband f\u00fcr die Knabstrupperzucht gr\u00fcndete sich erst 1972 in D\u00e4nemark.<\/p>\n","protected":false},"excerpt":{"rendered":"<p>Der wohl ber\u00fchmteste Knabstrupper der Welt l\u00e4sst sich von einem frechen rothaarigen M\u00e4dchen hochheben und hei\u00dft \u201eKleiner Onkel\u201c. Was die Pferderasse, die in Astrid Lindgrens Kinderb\u00fcchern eine charmante Nebenrolle spielt, sonst ausmacht, erf\u00e4hrst Du in unserem Rasseportr\u00e4t. Die schwedische Autorin Astrid Lindgren hat sich scheinbar nicht zuf\u00e4llig die d\u00e4nische Pferderasse ausgesucht. Die Charaktereigenschaften des Knabstruppers [&hellip;]<\/p>\n","protected":false},"author":1,"featured_media":10850,"parent":2490,"menu_order":9,"comment_status":"open","ping_status":"open","template":"templates\/blog.php","meta":{"_acf_changed":false,"_crdt_document":"","footnotes":"","beyondwords_generate_audio":"","beyondwords_project_id":"","beyondwords_content_id":"","beyondwords_preview_token":"","beyondwords_player_style":"","beyondwords_language_id":"","beyondwords_title_voice_id":"","beyondwords_body_voice_id":"","beyondwords_summary_voice_id":"","beyondwords_error_message":"","beyondwords_disabled":"","beyondwords_delete_content":"","beyondwords_podcast_id":"","beyondwords_hash":"","publish_post_to_speechkit":"","speechkit_hash":"","speechkit_generate_audio":"","speechkit_project_id":"","speechkit_podcast_id":"","speechkit_error_message":"","speechkit_disabled":"","speechkit_access_key":"","speechkit_error":"","speechkit_info":"","speechkit_response":"","speechkit_retries":"","speechkit_status":"","speechkit_updated_at":"","_speechkit_link":"","_speechkit_text":""},"class_list":["post-10261","page","type-page","status-publish","has-post-thumbnail","hentry"],"acf":[],"yoast_head":"<!-- This site is optimized with the Yoast SEO Premium plugin  - https:\/\/yoast.com\/product\/yoast-seo-premium-wordpress\/ -->\n<title>Der Knabstrupper | Uelzener<\/title>\n<meta name=\"robots\" content=\"index, follow, max-snippet:-1, max-image-preview:large, max-video-preview:-1\" \/>\n<link rel=\"canonical\" href=\"https:\/\/uelzener.de\/magazin\/pferd\/rasseportrait\/knabstrupper\/\" \/>\n<meta property=\"og:locale\" content=\"de_DE\" \/>\n<meta property=\"og:type\" content=\"article\" \/>\n<meta property=\"og:title\" content=\"Der Knabstrupper\" \/>\n<meta property=\"og:description\" content=\"Der wohl ber\u00fchmteste Knabstrupper der Welt l\u00e4sst sich von einem frechen rothaarigen M\u00e4dchen hochheben und hei\u00dft \u201eKleiner Onkel\u201c. Was die Pferderasse, die in Astrid Lindgrens Kinderb\u00fcchern eine charmante Nebenrolle spielt, sonst ausmacht, erf\u00e4hrst Du in unserem Rasseportr\u00e4t. Die schwedische Autorin Astrid Lindgren hat sich scheinbar nicht zuf\u00e4llig die d\u00e4nische Pferderasse ausgesucht. Die Charaktereigenschaften des Knabstruppers [&hellip;]\" \/>\n<meta property=\"og:url\" content=\"https:\/\/uelzener.de\/magazin\/pferd\/rasseportrait\/knabstrupper\/\" \/>\n<meta property=\"og:site_name\" content=\"Uelzener Tier-Magazin\" \/>\n<meta property=\"article:publisher\" content=\"https:\/\/www.facebook.com\/Uelzener\" \/>\n<meta property=\"article:modified_time\" content=\"2023-05-17T14:06:58+00:00\" \/>\n<meta property=\"og:image\" content=\"https:\/\/uelzener.de\/magazin\/app\/uploads\/2019\/03\/032de328-29bf-4e16-89bd-6e15d4b2c559.jpg\" \/>\n\t<meta property=\"og:image:width\" content=\"650\" \/>\n\t<meta property=\"og:image:height\" content=\"432\" \/>\n\t<meta property=\"og:image:type\" content=\"image\/jpeg\" \/>\n<meta name=\"twitter:card\" content=\"summary_large_image\" \/>\n<meta name=\"twitter:label1\" content=\"Gesch\u00e4tzte Lesezeit\" \/>\n\t<meta name=\"twitter:data1\" content=\"2\u00a0Minuten\" \/>\n<script type=\"application\/ld+json\" class=\"yoast-schema-graph\">{\"@context\":\"https:\/\/schema.org\",\"@graph\":[{\"@type\":\"WebPage\",\"@id\":\"https:\/\/uelzener.de\/magazin\/pferd\/rasseportrait\/knabstrupper\/\",\"url\":\"https:\/\/uelzener.de\/magazin\/pferd\/rasseportrait\/knabstrupper\/\",\"name\":\"Der Knabstrupper | Uelzener\",\"isPartOf\":{\"@id\":\"https:\/\/uelzener.de\/magazin\/#website\"},\"primaryImageOfPage\":{\"@id\":\"https:\/\/uelzener.de\/magazin\/pferd\/rasseportrait\/knabstrupper\/#primaryimage\"},\"image\":{\"@id\":\"https:\/\/uelzener.de\/magazin\/pferd\/rasseportrait\/knabstrupper\/#primaryimage\"},\"thumbnailUrl\":\"https:\/\/uelzener.de\/magazin\/app\/uploads\/2019\/03\/032de328-29bf-4e16-89bd-6e15d4b2c559.jpg\",\"datePublished\":\"2019-03-25T00:00:00+00:00\",\"dateModified\":\"2023-05-17T14:06:58+00:00\",\"breadcrumb\":{\"@id\":\"https:\/\/uelzener.de\/magazin\/pferd\/rasseportrait\/knabstrupper\/#breadcrumb\"},\"inLanguage\":\"de\",\"potentialAction\":[{\"@type\":\"ReadAction\",\"target\":[\"https:\/\/uelzener.de\/magazin\/pferd\/rasseportrait\/knabstrupper\/\"]}]},{\"@type\":\"ImageObject\",\"inLanguage\":\"de\",\"@id\":\"https:\/\/uelzener.de\/magazin\/pferd\/rasseportrait\/knabstrupper\/#primaryimage\",\"url\":\"https:\/\/uelzener.de\/magazin\/app\/uploads\/2019\/03\/032de328-29bf-4e16-89bd-6e15d4b2c559.jpg\",\"contentUrl\":\"https:\/\/uelzener.de\/magazin\/app\/uploads\/2019\/03\/032de328-29bf-4e16-89bd-6e15d4b2c559.jpg\",\"width\":650,\"height\":432,\"caption\":\"Ein wei\u00dfer Knabstrupper mit schwarzen Punkten galoppiert \u00fcber eine gr\u00fcne Wiese\"},{\"@type\":\"WebSite\",\"@id\":\"https:\/\/uelzener.de\/magazin\/#website\",\"url\":\"https:\/\/uelzener.de\/magazin\/\",\"name\":\"Uelzener Tiermagazin\",\"description\":\"Online Tierratgeber der Uelzener Versicherungen\",\"publisher\":{\"@id\":\"https:\/\/uelzener.de\/magazin\/#organization\"},\"potentialAction\":[{\"@type\":\"SearchAction\",\"target\":{\"@type\":\"EntryPoint\",\"urlTemplate\":\"https:\/\/uelzener.de\/magazin\/?s={search_term_string}\"},\"query-input\":{\"@type\":\"PropertyValueSpecification\",\"valueRequired\":true,\"valueName\":\"search_term_string\"}}],\"inLanguage\":\"de\"},{\"@type\":\"Organization\",\"@id\":\"https:\/\/uelzener.de\/magazin\/#organization\",\"name\":\"Uelzener Versicherungen\",\"url\":\"https:\/\/uelzener.de\/magazin\/\",\"logo\":{\"@type\":\"ImageObject\",\"inLanguage\":\"de\",\"@id\":\"https:\/\/uelzener.de\/magazin\/#\/schema\/logo\/image\/\",\"url\":\"https:\/\/uelzener.de\/magazin\/app\/uploads\/2024\/11\/uelzener_allgemeine_versicherungsgesellschaft_a_g_logo.jpg\",\"contentUrl\":\"https:\/\/uelzener.de\/magazin\/app\/uploads\/2024\/11\/uelzener_allgemeine_versicherungsgesellschaft_a_g_logo.jpg\",\"width\":200,\"height\":200,\"caption\":\"Uelzener Versicherungen\"},\"image\":{\"@id\":\"https:\/\/uelzener.de\/magazin\/#\/schema\/logo\/image\/\"},\"sameAs\":[\"https:\/\/www.facebook.com\/Uelzener\",\"https:\/\/instagram.com\/uelzener\",\"https:\/\/www.xing.com\/pages\/uelzenerallgemeineversicherungs-gesellschafta-g\",\"https:\/\/www.youtube.com\/UelzenerVersicherungen\"]}]}<\/script>\n<!-- \/ Yoast SEO Premium plugin. -->","yoast_head_json":{"title":"Der Knabstrupper | Uelzener","robots":{"index":"index","follow":"follow","max-snippet":"max-snippet:-1","max-image-preview":"max-image-preview:large","max-video-preview":"max-video-preview:-1"},"canonical":"https:\/\/uelzener.de\/magazin\/pferd\/rasseportrait\/knabstrupper\/","og_locale":"de_DE","og_type":"article","og_title":"Der Knabstrupper","og_description":"Der wohl ber\u00fchmteste Knabstrupper der Welt l\u00e4sst sich von einem frechen rothaarigen M\u00e4dchen hochheben und hei\u00dft \u201eKleiner Onkel\u201c. Was die Pferderasse, die in Astrid Lindgrens Kinderb\u00fcchern eine charmante Nebenrolle spielt, sonst ausmacht, erf\u00e4hrst Du in unserem Rasseportr\u00e4t. Die schwedische Autorin Astrid Lindgren hat sich scheinbar nicht zuf\u00e4llig die d\u00e4nische Pferderasse ausgesucht. Die Charaktereigenschaften des Knabstruppers [&hellip;]","og_url":"https:\/\/uelzener.de\/magazin\/pferd\/rasseportrait\/knabstrupper\/","og_site_name":"Uelzener Tier-Magazin","article_publisher":"https:\/\/www.facebook.com\/Uelzener","article_modified_time":"2023-05-17T14:06:58+00:00","og_image":[{"width":650,"height":432,"url":"https:\/\/uelzener.de\/magazin\/app\/uploads\/2019\/03\/032de328-29bf-4e16-89bd-6e15d4b2c559.jpg","type":"image\/jpeg"}],"twitter_card":"summary_large_image","twitter_misc":{"Gesch\u00e4tzte Lesezeit":"2\u00a0Minuten"},"schema":{"@context":"https:\/\/schema.org","@graph":[{"@type":"WebPage","@id":"https:\/\/uelzener.de\/magazin\/pferd\/rasseportrait\/knabstrupper\/","url":"https:\/\/uelzener.de\/magazin\/pferd\/rasseportrait\/knabstrupper\/","name":"Der Knabstrupper | Uelzener","isPartOf":{"@id":"https:\/\/uelzener.de\/magazin\/#website"},"primaryImageOfPage":{"@id":"https:\/\/uelzener.de\/magazin\/pferd\/rasseportrait\/knabstrupper\/#primaryimage"},"image":{"@id":"https:\/\/uelzener.de\/magazin\/pferd\/rasseportrait\/knabstrupper\/#primaryimage"},"thumbnailUrl":"https:\/\/uelzener.de\/magazin\/app\/uploads\/2019\/03\/032de328-29bf-4e16-89bd-6e15d4b2c559.jpg","datePublished":"2019-03-25T00:00:00+00:00","dateModified":"2023-05-17T14:06:58+00:00","breadcrumb":{"@id":"https:\/\/uelzener.de\/magazin\/pferd\/rasseportrait\/knabstrupper\/#breadcrumb"},"inLanguage":"de","potentialAction":[{"@type":"ReadAction","target":["https:\/\/uelzener.de\/magazin\/pferd\/rasseportrait\/knabstrupper\/"]}]},{"@type":"ImageObject","inLanguage":"de","@id":"https:\/\/uelzener.de\/magazin\/pferd\/rasseportrait\/knabstrupper\/#primaryimage","url":"https:\/\/uelzener.de\/magazin\/app\/uploads\/2019\/03\/032de328-29bf-4e16-89bd-6e15d4b2c559.jpg","contentUrl":"https:\/\/uelzener.de\/magazin\/app\/uploads\/2019\/03\/032de328-29bf-4e16-89bd-6e15d4b2c559.jpg","width":650,"height":432,"caption":"Ein wei\u00dfer Knabstrupper mit schwarzen Punkten galoppiert \u00fcber eine gr\u00fcne Wiese"},{"@type":"WebSite","@id":"https:\/\/uelzener.de\/magazin\/#website","url":"https:\/\/uelzener.de\/magazin\/","name":"Uelzener Tiermagazin","description":"Online Tierratgeber der Uelzener Versicherungen","publisher":{"@id":"https:\/\/uelzener.de\/magazin\/#organization"},"potentialAction":[{"@type":"SearchAction","target":{"@type":"EntryPoint","urlTemplate":"https:\/\/uelzener.de\/magazin\/?s={search_term_string}"},"query-input":{"@type":"PropertyValueSpecification","valueRequired":true,"valueName":"search_term_string"}}],"inLanguage":"de"},{"@type":"Organization","@id":"https:\/\/uelzener.de\/magazin\/#organization","name":"Uelzener Versicherungen","url":"https:\/\/uelzener.de\/magazin\/","logo":{"@type":"ImageObject","inLanguage":"de","@id":"https:\/\/uelzener.de\/magazin\/#\/schema\/logo\/image\/","url":"https:\/\/uelzener.de\/magazin\/app\/uploads\/2024\/11\/uelzener_allgemeine_versicherungsgesellschaft_a_g_logo.jpg","contentUrl":"https:\/\/uelzener.de\/magazin\/app\/uploads\/2024\/11\/uelzener_allgemeine_versicherungsgesellschaft_a_g_logo.jpg","width":200,"height":200,"caption":"Uelzener Versicherungen"},"image":{"@id":"https:\/\/uelzener.de\/magazin\/#\/schema\/logo\/image\/"},"sameAs":["https:\/\/www.facebook.com\/Uelzener","https:\/\/instagram.com\/uelzener","https:\/\/www.xing.com\/pages\/uelzenerallgemeineversicherungs-gesellschafta-g","https:\/\/www.youtube.com\/UelzenerVersicherungen"]}]}},"_links":{"self":[{"href":"https:\/\/uelzener.de\/magazin\/wp-json\/wp\/v2\/pages\/10261","targetHints":{"allow":["GET"]}}],"collection":[{"href":"https:\/\/uelzener.de\/magazin\/wp-json\/wp\/v2\/pages"}],"about":[{"href":"https:\/\/uelzener.de\/magazin\/wp-json\/wp\/v2\/types\/page"}],"author":[{"embeddable":true,"href":"https:\/\/uelzener.de\/magazin\/wp-json\/wp\/v2\/users\/1"}],"replies":[{"embeddable":true,"href":"https:\/\/uelzener.de\/magazin\/wp-json\/wp\/v2\/comments?post=10261"}],"version-history":[{"count":10,"href":"https:\/\/uelzener.de\/magazin\/wp-json\/wp\/v2\/pages\/10261\/revisions"}],"predecessor-version":[{"id":15582,"href":"https:\/\/uelzener.de\/magazin\/wp-json\/wp\/v2\/pages\/10261\/revisions\/15582"}],"up":[{"embeddable":true,"href":"https:\/\/uelzener.de\/magazin\/wp-json\/wp\/v2\/pages\/2490"}],"wp:featuredmedia":[{"embeddable":true,"href":"https:\/\/uelzener.de\/magazin\/wp-json\/wp\/v2\/media\/10850"}],"wp:attachment":[{"href":"https:\/\/uelzener.de\/magazin\/wp-json\/wp\/v2\/media?parent=10261"}],"curies":[{"name":"wp","href":"https:\/\/api.w.org\/{rel}","templated":true}]}}