{"id":10260,"date":"2022-12-28T12:00:00","date_gmt":"2022-12-28T11:00:00","guid":{"rendered":""},"modified":"2025-11-13T10:39:29","modified_gmt":"2025-11-13T09:39:29","slug":"strahlfaeule-pferd","status":"publish","type":"page","link":"https:\/\/uelzener.de\/magazin\/pferd\/tiergesundheit\/strahlfaeule-pferd\/","title":{"rendered":"Strahlf\u00e4ule: eine bakterielle Huferkrankung, der du vorbeugen kannst"},"content":{"rendered":"<p>Der Pferdehuf ist hohen Belastungen ausgesetzt, denen er durch einen komplexen Mechanismus standh\u00e4lt. Eine Erkrankung des Strahls schr\u00e4nkt den gesamten Bewegungsapparat deines Pferdes ein und kann unbehandelt schwere Folgen haben. Durch sorgf\u00e4ltige Pflege und artgerechte Haltungsbedingungen kannst du jedoch weitgehend vorbeugen. In diesem Artikel findest du alle Informationen, die du \u00fcber das Thema Strahlf\u00e4ule beim Pferd wissen solltest.<\/p>\n<h2>Daran erkennst du den Strahl<\/h2>\n<p>Betrachtest du einen gesunden Pferdehuf, erkennst du ein keilf\u00f6rmiges Gebilde, welches sich nach vorne verj\u00fcngt. Dies ist der Strahl. Mittig und jeweils seitlich verlaufen Vertiefungen &#8211; die Strahlfurchen. Die Beschaffenheit des Strahls ist ledrig und z\u00e4h, aber flexibel: Bei Belastung dehnt sich der Strahl und federt sie dadurch vergleichbar einem Sto\u00dfd\u00e4mpfer ab. Durch diesen komplexen Mechanismus wird zugleich der Blutfluss unterst\u00fctzt.<\/p>\n<h2>Was ist Strahlf\u00e4ule beim Pferd?<\/h2>\n<p>Ausl\u00f6ser f\u00fcr Strahlf\u00e4ule sind Bakterien, die in die mittlere und anschlie\u00dfend in die seitlichen Furchen des Strahls eindringen. Dort zersetzen sie durch ihre Aktivit\u00e4t das Gewebe und l\u00f6sen einen F\u00e4ulnisprozess aus. \u00dcberwiegend verantwortlich ist der Erreger Fusobacterium necrophorum, ein Spindelbakterium. In einem geeigneten Milieu vermehren sich die Bakterien und dringen weiter in das Strahlhorn vor. Der komplexe Bewegungsmechanismus des Hufes und die Elastizit\u00e4t werden zunehmend beeintr\u00e4chtigt. Der F\u00e4ulnisprozess kann sich unbehandelt auf das gesamte Horn und die Hufwand ausdehnen. F\u00fcr dein Pferd wird dies zunehmend schmerzhaft und durch die Beeintr\u00e4chtigung am Huf funktioniert der d\u00e4mpfende, entlastende Mechanismus nicht mehr.<\/p>\n<h3>Anf\u00e4lligkeit des Hufstrahls<\/h3>\n<p>Sowohl beim Stehen als auch beim Laufen ist der Hufstrahl mit seinem abfedernden Mechanismus, dem Dehnen und Zusammenziehen, sehr gefordert. Am Boden kommt er zudem mit Erregern in Kontakt, wodurch unter bestimmten Bedingungen ein erh\u00f6htes Risiko f\u00fcr Erkrankungen des Strahls gegeben ist.<\/p>\n<p>Bewegungsmangel f\u00fchrt dagegen zu einer eingeschr\u00e4nkten Blutzirkulation, worunter die N\u00e4hrstoffversorgung leidet. Auf diese ist jedoch die Huflederhaut angewiesen: Sie ist an der Entstehung von neuem Hufhorn beteiligt. Mangelt es hier an Qualit\u00e4t, f\u00fchrt das zu einer h\u00f6heren Belastung nebst fehlender St\u00fctze des Strahls. Dies beg\u00fcnstigt das Eindringen und die Aktivit\u00e4t von F\u00e4ulnisbakterien.<\/p>\n<h2>Strahlf\u00e4ule erkennen<\/h2>\n<p>Strahlf\u00e4ulnis bemerkst du bereits fr\u00fchzeitig durch optische Ver\u00e4nderungen in den Furchen w\u00e4hrend der Hufpflege. Beim Auskratzen kannst du feststellen, dass sie schmaler als \u00fcblich wirken, eventuell auch tiefer. Durch die zersetzende T\u00e4tigkeit der Bakterien bildet sich eine dunklere, schmierige Konsistenz, die faulig riecht. Im fortschreitenden Stadium breitet sich der F\u00e4ulnisprozess von den Furchen in den umgebenden Strahl aus und es k\u00f6nnen sich Hornbereiche l\u00f6sen. Mit zunehmender Zersetzung empfindet dein Pferd schlie\u00dflich Schmerzen und beginnt zu lahmen. Dringen die Bakterien bis zum Ballenhorn vor, folgen entz\u00fcndliche Prozesse bis hin zu den R\u00e4ndern und es entstehen Ringe an der Hornwand.<\/p>\n<h2>Warum ist die Erkrankung so gef\u00e4hrlich?<\/h2>\n<p>Problematisch ist es f\u00fcr dein Pferd, wenn dem Verlauf nicht Einhalt geboten wird, da die Bakterien immer tiefer in das Horn vordringen. Das gesamte Strahlhorn ist zunehmender F\u00e4ulnis ausgesetzt; sp\u00e4testens bei einer Lederhautentz\u00fcndung wird dein Pferd starke Schmerzen empfinden und lahmen. Zudem werden Folgeerkrankungen beg\u00fcnstigt.<\/p>\n<h3>M\u00f6gliche Folgen<\/h3>\n<p>Wird die fortschreitende Strahlerkrankung nicht behandelt und der Strahl zersetzt sich, kommt es zur verst\u00e4rkten Abl\u00f6sung des Horns bis bin zur Freilegung der sensiblen Lederhaut, die nun schutzlos ist. Ebenso kann sich die F\u00e4ulnis auf die Hufw\u00e4nde und die Sohle ausdehnen. Am strapazierten Strahl und dem umliegenden Hufkomplex ist die Bildung von Wucherungen m\u00f6glich; es entsteht Strahlkrebs.<\/p>\n<h3>Exkurs: weitere h\u00e4ufige Huferkrankungen<\/h3>\n<p>Einige weitere Huferkrankungen k\u00f6nnen im Zusammenhang beziehungsweise in Folge der Strahlf\u00e4ule auftreten, aber auch andere Ursachen haben:<\/p>\n<ul>\n<li>Abszess: eitrige Entz\u00fcndung der Huflederhaut<\/li>\n<li><a href=\"https:\/\/uelzener.de\/magazin\/pferd\/tiergesundheit\/hufgeschwuer-hufabszess-beim-pferd\/\">Hufgeschw\u00fcr<\/a>: Zersetzung des Horns im Bereich der Sohle<\/li>\n<li>Hufrollenentz\u00fcndung: \u00dcberlastung und Entz\u00fcndung der Beugesehne am Strahlbein<\/li>\n<li>(Zehenwand-) Hornspalte: m\u00f6gliche tiefe Huf-Entz\u00fcndungsprozesse durch Kerbe zwischen Kron- und Tragrand<\/li>\n<li><a href=\"https:\/\/uelzener.de\/magazin\/pferd\/tiergesundheit\/hufrehe\/\">Hufrehe<\/a>: Entz\u00fcndung der Huflederhaut mit m\u00f6glicher Abl\u00f6sung der Hufkapsel<\/li>\n<\/ul>\n<h2>Ursachen einer Infektion durch Strahlf\u00e4ulebakterien<\/h2>\n<p>Die ausl\u00f6senden F\u00e4ulnisbakterien sind naturgem\u00e4\u00df im Verdauungstrakt deines Pferdes vorhanden und werden mit dem Kot ausgeschieden. Finden sie am Boden ein feuchtes und warmes Milieu vor, vermehren sie sich und zersetzen die Ausscheidungen deines Pferdes. Dadurch k\u00f6nnen sie ebenso wie das aggressive Zersetzungsprodukt Ammoniak in Kontakt mit dem Strahl kommen. Finden die Bakterien auch in den Strahlfurchen ein geeignetes Milieu vor, k\u00f6nnen sie sich dort ebenfalls gut vermehren und ihrer zersetzenden T\u00e4tigkeit nachgehen.<\/p>\n<p>Aus diesem Sachverhalt resultieren in logischer Konsequenz einige m\u00f6gliche Ursachen f\u00fcr die Erkrankung:<\/p>\n<ul>\n<li>mangelnde Stallhygiene<\/li>\n<li>mangelndes Ab\u00e4ppeln im Freien &#8211; feuchte Einstreu oder feuchter Boden im Freiland<\/li>\n<li>mangelnde Hufpflege<\/li>\n<\/ul>\n<p>Weiterhin kann die Widerstandsf\u00e4higkeit des Strahls unter Bewegungsmangel leiden. Eine fehlerhafte Ern\u00e4hrung f\u00fchrt langfristig zu St\u00f6rungen im Organismus &#8211; m\u00f6glich sind auch solche der Hornbildung. Das erh\u00f6ht ebenfalls die Anf\u00e4lligkeit gegen\u00fcber Huferkrankungen. Bei Fehlstellungen wie dem Zwanghuf, einem hinten verengten Bereich des Hufes, kann die mittige Strahlfurche derart in Mitleidenschaft gezogen werden, dass sich dort Taschen bilden, die F\u00e4ulnisbakterien ein willkommenes Milieu bieten.<\/p>\n<h3>Hygiene und Pflege<\/h3>\n<p>Eine saubere und trockene Umgebung ist wichtig f\u00fcr dein Pferd. Es sollte weder im Stall in seinen Ausscheidungen stehen m\u00fcssen noch auf einer st\u00e4ndig nassen, matschigen, vollge\u00e4ppelten Koppel. Zur guten Pflege und Hygiene z\u00e4hlt au\u00dferdem das regelm\u00e4\u00dfige Auskratzen der Hufe, die du dabei zugleich einer Inspektion unterziehen kannst. Die erforderlichen Ma\u00dfnahmen durch den Hufschmied sind ebenfalls nicht zu vernachl\u00e4ssigen.<\/p>\n<h3>Ern\u00e4hrung<\/h3>\n<p><a href=\"https:\/\/uelzener.de\/magazin\/pferd\/ernaehrung\/was-fressen-pferde\/\">Was Pferde fressen<\/a> und dessen Zusammensetzung sind mit ausschlaggebend f\u00fcr die Qualit\u00e4t des gesamten Hufkomplexes. Sowohl eine \u00dcber- als auch eine Unterversorgung mit verschiedenen N\u00e4hrstoffen kann sich auf die Widerstandsf\u00e4higkeit und Konsistenz des Strahls auswirken. Ein Mangel an Zink und Biotin kommt daf\u00fcr ebenso infrage wie ein Zuviel an Eiwei\u00df und Zucker.<\/p>\n<h2>Strahlf\u00e4ule behandeln<\/h2>\n<p>Die exakte Behandlung richtet sich nach der Schwere der Erkrankung. Eine leichte Strahlf\u00e4ule im Anfangsstadium kannst du vermutlich selbst behandeln. Sicherer ist es jedoch, einen Tierarzt hinzuzuziehen, da er den Zustand des Strahls medizinisch beurteilen kann. Zur Behandlung muss der Huf von Verschmutzungen befreit und ges\u00e4ubert werden, um anschlie\u00dfend Desinfektionsmittel wie Wasserstoffperoxid aufzutragen. Gibt es bereits faules oder gel\u00f6stes Horngewebe, ist dieses fachgerecht durch den Hufschmied oder den Tierarzt zu entfernen. Neben der Behandlung deines Pferdes selbst ist die Unterbringung zu \u00fcberpr\u00fcfen, um gegebenenfalls Missst\u00e4nde abzustellen. Auf jeden Fall sollte dein Pferd nun trocken und in sauberer Einstreu stehen.<\/p>\n<h3>Hausmittel zur Behandlung<\/h3>\n<p>Als wirksame Hausmittel um Strahlf\u00e4ule zu behandeln, gelten im Anfangsstadium Kupfersulfat, allerdings nicht bei offenen Wunden, Teebaum\u00f6l, Honig und Zwiebeln, Zahnpasta oder Essig.<\/p>\n\n<div class=\"related_articles boxed\">\n    <h2>Mehr zum Thema<\/h2>\n    \n    <div class=\"wrapper\"><div class=\"title align-center\"><h3><a href=\"https:\/\/uelzener.de\/magazin\/pferd\/tiergesundheit\/hufrollen-syndrom-einfach-erklaert\/\">Wenn Pferde lahmen: Das Hufrollen-Syndrom einfach erkl\u00e4rt<\/a><\/h3><\/div><div class=\"img align-center\"><img decoding=\"async\" width=\"315\" height=\"138\" src=\"https:\/\/uelzener.de\/magazin\/app\/uploads\/2025\/10\/hufrollen.png\" class=\"attachment-315x180 size-315x180 wp-post-image\" alt=\"Pferd mit Hufrollen wird bearbeitet.\" \/><\/div><\/div><div class=\"wrapper\"><div class=\"title align-center\"><h3><a href=\"https:\/\/uelzener.de\/magazin\/pferd\/pflege\/diy-hufoel-natuerliche-hufpflege-selber-machen\/\">DIY Huf\u00f6l: Nat\u00fcrliche Hufpflege selber machen<\/a><\/h3><\/div><div class=\"img align-center\"><img decoding=\"async\" width=\"315\" height=\"180\" src=\"https:\/\/uelzener.de\/magazin\/app\/uploads\/2024\/06\/hufoel-315x180.jpg\" class=\"attachment-315x180 size-315x180 wp-post-image\" alt=\"Hufen werden mit Huf\u00f6l eingepinselt.\" \/><\/div><\/div><\/div>\n\n<h3>Wie lange dauert die Behandlung?<\/h3>\n<p>Der Behandlungserfolg ist in erster Linie davon abh\u00e4ngig, ob eventuelle Missst\u00e4nde f\u00fcr dein Pferd umgehend beseitigt werden. Demnach variiert auch die Behandlungsdauer, die zus\u00e4tzlich vom Fortschritt der Huferkrankung beeinflusst wird. Im Anfangsstadium kannst du mit bis zu zwei Wochen rechnen, ein endg\u00fcltiger Behandlungserfolg kann sich aber selbst bei sorgf\u00e4ltigem Vorgehen im fortgeschrittenen Stadium auch zehn bis elf Wochen hinziehen. Da aufwendige und langwierige Ma\u00dfnahmen teuer sind, ist es sinnvoll, wenn du eine Pferde-Krankenversicherung abgeschlossen hast.<\/p>\n\n<div class=\"banner\">\n    <a href=\"https:\/\/uelzener.de\/pferd\/herden-versicherung\/?agt=0000104925&sem=true&utm_medium=magazin&utm_source=wordpress&utm_campaign=pferd_kv&utm_content=banner    \">\n        <img decoding=\"async\" width=\"300\" height=\"212\" src=\"https:\/\/uelzener.de\/magazin\/app\/uploads\/2025\/01\/Pferde-Kranken-Versicherung.jpg\" class=\"attachment-medium size-medium\" alt=\"Banner Pferde-Kranken-Versicherung\" \/>    <\/a>\n<\/div>\n\n<h2>Vorbeugende Ma\u00dfnahmen<\/h2>\n<p>Die Grundprinzipien zur Vorbeugung sind Hygiene und Pflege. Alles, was urs\u00e4chlich f\u00fcr die Erkrankung sein kann, ist in der Haltung zu beachten. Wichtig ist vor allem die saubere und trockene <a href=\"https:\/\/uelzener.de\/magazin\/pferd\/haltung\/einstreu-stroh-pellets-pferd\/\">Einstreu beim Pferd<\/a>. Feuchtigkeit und Ausscheidungen sind kontraproduktiv. Dein Pferd ben\u00f6tigt regelm\u00e4\u00dfig Bewegung sowie sorgf\u00e4ltige Hufpflege &#8211; auch durch den Schmied &#8211; und eine ausgewogene Ern\u00e4hrung.<br \/>\nL\u00e4sst du die erforderliche Sorgfalt walten, hast du gute Chancen, der Strahlf\u00e4uleerkrankung vorzubeugen. Auf jeden Fall tr\u00e4gt aber eine liebevolle, artgerechte Pflege dazu bei, eine sich anbahnende Infektion fr\u00fchzeitig zu erkennen und einzugreifen, bevor sie sich weiter auf den Huf ausbreitet.<\/p>\n<h2>Fazit: Strahlf\u00e4ulnis ist im Anfangsstadium gut behandelbar<\/h2>\n<p>Du kannst kaum vollst\u00e4ndig vermeiden, dass dein Pferd mit F\u00e4ulnisbakterien in Kontakt kommt. Ob sie sich in den Strahlfurchen ansiedeln, vermehren und Zersetzungsprozesse einleiten, kannst du jedoch durch Hygiene- und Pflegema\u00dfnahmen beeinflussen. Bei guter Hufpflege erkennst du eine sich anbahnende Erkrankung zudem fr\u00fchzeitig und kannst den Huf entsprechend behandeln. Im fortgeschrittenen Stadium ist die Angelegenheit dagegen zunehmend schmerzhaft f\u00fcr dein Pferd, die Behandlung gestaltet sich langwieriger und es sind Folgeerkrankungen m\u00f6glich.<\/p>\n<h2>FAQ: H\u00e4ufig gestellte Fragen zur Strahlf\u00e4ule<\/h2>\n<h3>Mit welchen Folgen muss ich bei einer unbehandelten Strahlf\u00e4ule f\u00fcr mein Pferd rechnen?<\/h3>\n<p>Unbehandelt f\u00fchrt die Erkrankung zu Lahmheit und breitet sich seitlich sowie in die Tiefe im Huf aus. Das ist schmerzhaft und mit verschiedenen Begleiterscheinungen verbunden bis hin zu Hornverlust und Strahlkrebs. H3: Was hilft am besten gegen Strahlf\u00e4ule?<br \/>\nHygiene, Pflege, eine ausgewogene Ern\u00e4hrung und regelm\u00e4\u00dfige Hufkontrollen sind die besten Ma\u00dfnahmen gegen Strahlf\u00e4ulebakterien.<\/p>\n<h3>Was sind Anzeichen f\u00fcr Strahlf\u00e4ule beim Pferd?<\/h3>\n<p>Sie zeigt sich zun\u00e4chst in den Strahlfurchen, wo sich eine faulige Schmiere bildet, die auch \u00fcbel riecht.<\/p>\n<p><a href=\"https:\/\/uelzener.de\/magazin\/pferd\/haeufige-fragen\/liste-haeufigste-pferdekrankheiten-operationen\/\">Mehr zu weiteren Pferdekrankheiten<\/a> hier im Uelzener Tiermagazin!<\/p>\n","protected":false},"excerpt":{"rendered":"<p>Der Pferdehuf ist hohen Belastungen ausgesetzt, denen er durch einen komplexen Mechanismus standh\u00e4lt. Eine Erkrankung des Strahls schr\u00e4nkt den gesamten Bewegungsapparat deines Pferdes ein und kann unbehandelt schwere Folgen haben. Durch sorgf\u00e4ltige Pflege und artgerechte Haltungsbedingungen kannst du jedoch weitgehend vorbeugen. In diesem Artikel findest du alle Informationen, die du \u00fcber das Thema Strahlf\u00e4ule beim [&hellip;]<\/p>\n","protected":false},"author":11,"featured_media":14626,"parent":11706,"menu_order":53,"comment_status":"closed","ping_status":"closed","template":"templates\/blog.php","meta":{"_acf_changed":false,"_crdt_document":"","footnotes":"","beyondwords_generate_audio":"0","beyondwords_project_id":"","beyondwords_content_id":"","beyondwords_preview_token":"","beyondwords_player_style":"","beyondwords_language_id":"","beyondwords_title_voice_id":"","beyondwords_body_voice_id":"","beyondwords_summary_voice_id":"","beyondwords_error_message":"","beyondwords_disabled":"","beyondwords_delete_content":"","beyondwords_podcast_id":"","beyondwords_hash":"","publish_post_to_speechkit":"","speechkit_hash":"","speechkit_generate_audio":"","speechkit_project_id":"","speechkit_podcast_id":"","speechkit_error_message":"","speechkit_disabled":"","speechkit_access_key":"","speechkit_error":"","speechkit_info":"","speechkit_response":"","speechkit_retries":"","speechkit_status":"","speechkit_updated_at":"","_speechkit_link":"","_speechkit_text":""},"class_list":["post-10260","page","type-page","status-publish","has-post-thumbnail","hentry"],"acf":[],"yoast_head":"<!-- This site is optimized with the Yoast SEO Premium plugin  - https:\/\/yoast.com\/product\/yoast-seo-premium-wordpress\/ -->\n<title>Strahlf\u00e4ule beim Pferd \u2013 erkennen und behandeln | Uelzener Tier-Magazin<\/title>\n<meta name=\"description\" content=\"Wie entsteht Strahlf\u00e4ule beim Pferd? \u25b6 Erfahre hier alles \u00fcber \u2713 Ursachen &amp; Ausl\u00f6ser \u2713 Anzeichen \u2713 Behandlung &amp; Vorbeugung!\" \/>\n<meta name=\"robots\" content=\"index, follow, max-snippet:-1, max-image-preview:large, max-video-preview:-1\" \/>\n<link rel=\"canonical\" href=\"https:\/\/uelzener.de\/magazin\/pferd\/tiergesundheit\/strahlfaeule-pferd\/\" \/>\n<meta property=\"og:locale\" content=\"de_DE\" \/>\n<meta property=\"og:type\" content=\"article\" \/>\n<meta property=\"og:title\" content=\"Strahlf\u00e4ule: eine bakterielle Huferkrankung, der du vorbeugen kannst\" \/>\n<meta property=\"og:description\" content=\"Wie entsteht Strahlf\u00e4ule beim Pferd? \u25b6 Erfahre hier alles \u00fcber \u2713 Ursachen &amp; Ausl\u00f6ser \u2713 Anzeichen \u2713 Behandlung &amp; Vorbeugung!\" \/>\n<meta property=\"og:url\" content=\"https:\/\/uelzener.de\/magazin\/pferd\/tiergesundheit\/strahlfaeule-pferd\/\" \/>\n<meta property=\"og:site_name\" content=\"Uelzener Tier-Magazin\" \/>\n<meta property=\"article:publisher\" content=\"https:\/\/www.facebook.com\/Uelzener\" \/>\n<meta property=\"article:modified_time\" content=\"2025-11-13T09:39:29+00:00\" \/>\n<meta property=\"og:image\" content=\"https:\/\/uelzener.de\/magazin\/app\/uploads\/2022\/12\/strahlfaeule.jpg\" \/>\n\t<meta property=\"og:image:width\" content=\"1025\" \/>\n\t<meta property=\"og:image:height\" content=\"450\" \/>\n\t<meta property=\"og:image:type\" content=\"image\/jpeg\" \/>\n<meta name=\"twitter:card\" content=\"summary_large_image\" \/>\n<meta name=\"twitter:label1\" content=\"Gesch\u00e4tzte Lesezeit\" \/>\n\t<meta name=\"twitter:data1\" content=\"8\u00a0Minuten\" \/>\n<script type=\"application\/ld+json\" class=\"yoast-schema-graph\">{\"@context\":\"https:\/\/schema.org\",\"@graph\":[{\"@type\":\"WebPage\",\"@id\":\"https:\/\/uelzener.de\/magazin\/pferd\/tiergesundheit\/strahlfaeule-pferd\/\",\"url\":\"https:\/\/uelzener.de\/magazin\/pferd\/tiergesundheit\/strahlfaeule-pferd\/\",\"name\":\"Strahlf\u00e4ule beim Pferd \u2013 erkennen und behandeln | Uelzener Tier-Magazin\",\"isPartOf\":{\"@id\":\"https:\/\/uelzener.de\/magazin\/#website\"},\"primaryImageOfPage\":{\"@id\":\"https:\/\/uelzener.de\/magazin\/pferd\/tiergesundheit\/strahlfaeule-pferd\/#primaryimage\"},\"image\":{\"@id\":\"https:\/\/uelzener.de\/magazin\/pferd\/tiergesundheit\/strahlfaeule-pferd\/#primaryimage\"},\"thumbnailUrl\":\"https:\/\/uelzener.de\/magazin\/app\/uploads\/2022\/12\/strahlfaeule.jpg\",\"datePublished\":\"2022-12-28T11:00:00+00:00\",\"dateModified\":\"2025-11-13T09:39:29+00:00\",\"description\":\"Wie entsteht Strahlf\u00e4ule beim Pferd? \u25b6 Erfahre hier alles \u00fcber \u2713 Ursachen & Ausl\u00f6ser \u2713 Anzeichen \u2713 Behandlung & Vorbeugung!\",\"breadcrumb\":{\"@id\":\"https:\/\/uelzener.de\/magazin\/pferd\/tiergesundheit\/strahlfaeule-pferd\/#breadcrumb\"},\"inLanguage\":\"de\",\"potentialAction\":[{\"@type\":\"ReadAction\",\"target\":[\"https:\/\/uelzener.de\/magazin\/pferd\/tiergesundheit\/strahlfaeule-pferd\/\"]}]},{\"@type\":\"ImageObject\",\"inLanguage\":\"de\",\"@id\":\"https:\/\/uelzener.de\/magazin\/pferd\/tiergesundheit\/strahlfaeule-pferd\/#primaryimage\",\"url\":\"https:\/\/uelzener.de\/magazin\/app\/uploads\/2022\/12\/strahlfaeule.jpg\",\"contentUrl\":\"https:\/\/uelzener.de\/magazin\/app\/uploads\/2022\/12\/strahlfaeule.jpg\",\"width\":1025,\"height\":450,\"caption\":\"Strahlf\u00e4ule kannst du mit einfachen Tipps vorbeugen.\"},{\"@type\":\"WebSite\",\"@id\":\"https:\/\/uelzener.de\/magazin\/#website\",\"url\":\"https:\/\/uelzener.de\/magazin\/\",\"name\":\"Uelzener Tiermagazin\",\"description\":\"Online Tierratgeber der Uelzener Versicherungen\",\"publisher\":{\"@id\":\"https:\/\/uelzener.de\/magazin\/#organization\"},\"potentialAction\":[{\"@type\":\"SearchAction\",\"target\":{\"@type\":\"EntryPoint\",\"urlTemplate\":\"https:\/\/uelzener.de\/magazin\/?s={search_term_string}\"},\"query-input\":{\"@type\":\"PropertyValueSpecification\",\"valueRequired\":true,\"valueName\":\"search_term_string\"}}],\"inLanguage\":\"de\"},{\"@type\":\"Organization\",\"@id\":\"https:\/\/uelzener.de\/magazin\/#organization\",\"name\":\"Uelzener Versicherungen\",\"url\":\"https:\/\/uelzener.de\/magazin\/\",\"logo\":{\"@type\":\"ImageObject\",\"inLanguage\":\"de\",\"@id\":\"https:\/\/uelzener.de\/magazin\/#\/schema\/logo\/image\/\",\"url\":\"https:\/\/uelzener.de\/magazin\/app\/uploads\/2024\/11\/uelzener_allgemeine_versicherungsgesellschaft_a_g_logo.jpg\",\"contentUrl\":\"https:\/\/uelzener.de\/magazin\/app\/uploads\/2024\/11\/uelzener_allgemeine_versicherungsgesellschaft_a_g_logo.jpg\",\"width\":200,\"height\":200,\"caption\":\"Uelzener Versicherungen\"},\"image\":{\"@id\":\"https:\/\/uelzener.de\/magazin\/#\/schema\/logo\/image\/\"},\"sameAs\":[\"https:\/\/www.facebook.com\/Uelzener\",\"https:\/\/instagram.com\/uelzener\",\"https:\/\/www.xing.com\/pages\/uelzenerallgemeineversicherungs-gesellschafta-g\",\"https:\/\/www.youtube.com\/UelzenerVersicherungen\"]}]}<\/script>\n<!-- \/ Yoast SEO Premium plugin. -->","yoast_head_json":{"title":"Strahlf\u00e4ule beim Pferd \u2013 erkennen und behandeln | Uelzener Tier-Magazin","description":"Wie entsteht Strahlf\u00e4ule beim Pferd? \u25b6 Erfahre hier alles \u00fcber \u2713 Ursachen & Ausl\u00f6ser \u2713 Anzeichen \u2713 Behandlung & Vorbeugung!","robots":{"index":"index","follow":"follow","max-snippet":"max-snippet:-1","max-image-preview":"max-image-preview:large","max-video-preview":"max-video-preview:-1"},"canonical":"https:\/\/uelzener.de\/magazin\/pferd\/tiergesundheit\/strahlfaeule-pferd\/","og_locale":"de_DE","og_type":"article","og_title":"Strahlf\u00e4ule: eine bakterielle Huferkrankung, der du vorbeugen kannst","og_description":"Wie entsteht Strahlf\u00e4ule beim Pferd? \u25b6 Erfahre hier alles \u00fcber \u2713 Ursachen & Ausl\u00f6ser \u2713 Anzeichen \u2713 Behandlung & Vorbeugung!","og_url":"https:\/\/uelzener.de\/magazin\/pferd\/tiergesundheit\/strahlfaeule-pferd\/","og_site_name":"Uelzener Tier-Magazin","article_publisher":"https:\/\/www.facebook.com\/Uelzener","article_modified_time":"2025-11-13T09:39:29+00:00","og_image":[{"width":1025,"height":450,"url":"https:\/\/uelzener.de\/magazin\/app\/uploads\/2022\/12\/strahlfaeule.jpg","type":"image\/jpeg"}],"twitter_card":"summary_large_image","twitter_misc":{"Gesch\u00e4tzte Lesezeit":"8\u00a0Minuten"},"schema":{"@context":"https:\/\/schema.org","@graph":[{"@type":"WebPage","@id":"https:\/\/uelzener.de\/magazin\/pferd\/tiergesundheit\/strahlfaeule-pferd\/","url":"https:\/\/uelzener.de\/magazin\/pferd\/tiergesundheit\/strahlfaeule-pferd\/","name":"Strahlf\u00e4ule beim Pferd \u2013 erkennen und behandeln | Uelzener Tier-Magazin","isPartOf":{"@id":"https:\/\/uelzener.de\/magazin\/#website"},"primaryImageOfPage":{"@id":"https:\/\/uelzener.de\/magazin\/pferd\/tiergesundheit\/strahlfaeule-pferd\/#primaryimage"},"image":{"@id":"https:\/\/uelzener.de\/magazin\/pferd\/tiergesundheit\/strahlfaeule-pferd\/#primaryimage"},"thumbnailUrl":"https:\/\/uelzener.de\/magazin\/app\/uploads\/2022\/12\/strahlfaeule.jpg","datePublished":"2022-12-28T11:00:00+00:00","dateModified":"2025-11-13T09:39:29+00:00","description":"Wie entsteht Strahlf\u00e4ule beim Pferd? \u25b6 Erfahre hier alles \u00fcber \u2713 Ursachen & Ausl\u00f6ser \u2713 Anzeichen \u2713 Behandlung & Vorbeugung!","breadcrumb":{"@id":"https:\/\/uelzener.de\/magazin\/pferd\/tiergesundheit\/strahlfaeule-pferd\/#breadcrumb"},"inLanguage":"de","potentialAction":[{"@type":"ReadAction","target":["https:\/\/uelzener.de\/magazin\/pferd\/tiergesundheit\/strahlfaeule-pferd\/"]}]},{"@type":"ImageObject","inLanguage":"de","@id":"https:\/\/uelzener.de\/magazin\/pferd\/tiergesundheit\/strahlfaeule-pferd\/#primaryimage","url":"https:\/\/uelzener.de\/magazin\/app\/uploads\/2022\/12\/strahlfaeule.jpg","contentUrl":"https:\/\/uelzener.de\/magazin\/app\/uploads\/2022\/12\/strahlfaeule.jpg","width":1025,"height":450,"caption":"Strahlf\u00e4ule kannst du mit einfachen Tipps vorbeugen."},{"@type":"WebSite","@id":"https:\/\/uelzener.de\/magazin\/#website","url":"https:\/\/uelzener.de\/magazin\/","name":"Uelzener Tiermagazin","description":"Online Tierratgeber der Uelzener Versicherungen","publisher":{"@id":"https:\/\/uelzener.de\/magazin\/#organization"},"potentialAction":[{"@type":"SearchAction","target":{"@type":"EntryPoint","urlTemplate":"https:\/\/uelzener.de\/magazin\/?s={search_term_string}"},"query-input":{"@type":"PropertyValueSpecification","valueRequired":true,"valueName":"search_term_string"}}],"inLanguage":"de"},{"@type":"Organization","@id":"https:\/\/uelzener.de\/magazin\/#organization","name":"Uelzener Versicherungen","url":"https:\/\/uelzener.de\/magazin\/","logo":{"@type":"ImageObject","inLanguage":"de","@id":"https:\/\/uelzener.de\/magazin\/#\/schema\/logo\/image\/","url":"https:\/\/uelzener.de\/magazin\/app\/uploads\/2024\/11\/uelzener_allgemeine_versicherungsgesellschaft_a_g_logo.jpg","contentUrl":"https:\/\/uelzener.de\/magazin\/app\/uploads\/2024\/11\/uelzener_allgemeine_versicherungsgesellschaft_a_g_logo.jpg","width":200,"height":200,"caption":"Uelzener Versicherungen"},"image":{"@id":"https:\/\/uelzener.de\/magazin\/#\/schema\/logo\/image\/"},"sameAs":["https:\/\/www.facebook.com\/Uelzener","https:\/\/instagram.com\/uelzener","https:\/\/www.xing.com\/pages\/uelzenerallgemeineversicherungs-gesellschafta-g","https:\/\/www.youtube.com\/UelzenerVersicherungen"]}]}},"_links":{"self":[{"href":"https:\/\/uelzener.de\/magazin\/wp-json\/wp\/v2\/pages\/10260","targetHints":{"allow":["GET"]}}],"collection":[{"href":"https:\/\/uelzener.de\/magazin\/wp-json\/wp\/v2\/pages"}],"about":[{"href":"https:\/\/uelzener.de\/magazin\/wp-json\/wp\/v2\/types\/page"}],"author":[{"embeddable":true,"href":"https:\/\/uelzener.de\/magazin\/wp-json\/wp\/v2\/users\/11"}],"replies":[{"embeddable":true,"href":"https:\/\/uelzener.de\/magazin\/wp-json\/wp\/v2\/comments?post=10260"}],"version-history":[{"count":15,"href":"https:\/\/uelzener.de\/magazin\/wp-json\/wp\/v2\/pages\/10260\/revisions"}],"predecessor-version":[{"id":19436,"href":"https:\/\/uelzener.de\/magazin\/wp-json\/wp\/v2\/pages\/10260\/revisions\/19436"}],"up":[{"embeddable":true,"href":"https:\/\/uelzener.de\/magazin\/wp-json\/wp\/v2\/pages\/11706"}],"wp:featuredmedia":[{"embeddable":true,"href":"https:\/\/uelzener.de\/magazin\/wp-json\/wp\/v2\/media\/14626"}],"wp:attachment":[{"href":"https:\/\/uelzener.de\/magazin\/wp-json\/wp\/v2\/media?parent=10260"}],"curies":[{"name":"wp","href":"https:\/\/api.w.org\/{rel}","templated":true}]}}