{"id":10258,"date":"2018-12-04T00:00:00","date_gmt":"2018-12-04T00:00:00","guid":{"rendered":""},"modified":"2025-10-14T16:36:03","modified_gmt":"2025-10-14T14:36:03","slug":"mauke-pferd","status":"publish","type":"page","link":"https:\/\/uelzener.de\/magazin\/pferd\/tiergesundheit\/mauke-pferd\/","title":{"rendered":"Mauke beim Pferd fr\u00fchzeitig erkennen und behandeln"},"content":{"rendered":"<p>Mauke ist ein Sammelbegriff f\u00fcr entz\u00fcndete Hautpartien der Fesseln von Pferden. Bakterien dringen in Defekte der Haut ein, sch\u00e4digen sie und breiten sich aus. Gef\u00f6rdert wird die Mauke, wenn Pferde auf feuchtem, matschigem und kothaltigem Boden stehen. Die Vorfahren unserer Pferde kommen urspr\u00fcnglich aus trockenen Steppengebieten, daher ist ihre Haut bei dauerhafter N\u00e4sse angreifbarer f\u00fcr Verletzungen.<\/p>\n<h2><strong>Ursachen: Stress, Futter und Co. <\/strong><\/h2>\n<p>Durch die vermehrte N\u00e4sse im Winter k\u00f6nnen B\u00f6den im Paddock oder auf der Weide schwerer ges\u00e4ubert werden. Das Ammoniak in Pferde\u00e4pfeln und Urin im feuchten Boden greift die Haut an. F\u00fcr Mauke k\u00f6nnen aber eine Vielzahl von Gr\u00fcnden verantwortlich sein:<\/p>\n<ul>\n<li>Eine falsche F\u00fctterung \u2013 zu viel Eiwei\u00df und St\u00e4rke \u2013 beg\u00fcnstigt die Mauke. Pferdebesitzer k\u00f6nnen durch eine passgenaue Umstellung f\u00fcr ihr Pferd das Risiko mindern. Tier\u00e4rzte geben Hilfestellung bei der richtigen Futterumstellung.<\/li>\n<li>Stress, beispielweise durch einen Stallwechsel oder starke Ersch\u00f6pfung schw\u00e4chen das Immunsystem. Die Haut des Pferdes hat nicht mehr ausreichend Kraft und bietet keinen optimalen Schutz.<\/li>\n<li>Verursachen Sand, Stroh oder Heu kleine Risse an der Fessel, ist der Weg f\u00fcr Bakterien offen. Mauke kann sich schneller ausbreiten. Eine Kontrolle und Pflege der Fesseln geh\u00f6rt zum Pflichtprogramm jedes Pferdebesitzers.<\/li>\n<li>Ist die Box unhygienisch und schlecht gepflegt, greift die nasse Einstreu, durchsetzt mit Urin und Kot, die Haut an. Hier mehr zur richtigen Wahl beim Einstreu f\u00fcr Pferde.<\/li>\n<\/ul>\n<div class=\"acf-label\">\n<p class=\"description\">\n<div class=\"related_articles boxed\">\n    <h2>Mehr zum Thema<\/h2>\n    \n    <div class=\"wrapper\"><div class=\"title align-center\"><h3><a href=\"https:\/\/uelzener.de\/magazin\/pferd\/tiergesundheit\/mauke-pferd\/\">Mauke beim Pferd fr\u00fchzeitig erkennen und behandeln<\/a><\/h3><\/div><div class=\"img align-center\"><img decoding=\"async\" width=\"315\" height=\"180\" src=\"https:\/\/uelzener.de\/magazin\/app\/uploads\/2018\/12\/0e5a862b-5d6d-4fab-8d13-fff391b113be-315x180.jpg\" class=\"attachment-315x180 size-315x180 wp-post-image\" alt=\"Ein von Mauke befallenes Pferd steht auf einem Erdboden.\" srcset=\"https:\/\/uelzener.de\/magazin\/app\/uploads\/2018\/12\/0e5a862b-5d6d-4fab-8d13-fff391b113be-315x180.jpg 315w, https:\/\/uelzener.de\/magazin\/app\/uploads\/2018\/12\/0e5a862b-5d6d-4fab-8d13-fff391b113be-650x369.jpg 650w\" sizes=\"(max-width: 315px) 100vw, 315px\" \/><\/div><\/div><div class=\"wrapper\"><div class=\"title align-center\"><h3><a href=\"https:\/\/uelzener.de\/magazin\/pferd\/pflege\/hufglocken-schutz-fuer-pferdebein\/\">Hufglocken: Wichtiger Schutz f\u00fcrs Pferdebein<\/a><\/h3><\/div><div class=\"img align-center\"><img decoding=\"async\" width=\"315\" height=\"138\" src=\"https:\/\/uelzener.de\/magazin\/app\/uploads\/2025\/10\/hufglocken.png\" class=\"attachment-315x180 size-315x180 wp-post-image\" alt=\"Hufglocken f\u00fcr Pferde aus Gummi.\" \/><\/div><\/div><div class=\"wrapper\"><div class=\"title align-center\"><h3><a href=\"https:\/\/uelzener.de\/magazin\/pferd\/haltung\/einstreu-stroh-pellets-pferd\/\">Einstreu f\u00fcr Pferde: So triffst du die richtige Wahl!<\/a><\/h3><\/div><div class=\"img align-center\"><img decoding=\"async\" width=\"315\" height=\"180\" src=\"https:\/\/uelzener.de\/magazin\/app\/uploads\/2022\/12\/einstreu-pferd-315x180.jpg\" class=\"attachment-315x180 size-315x180 wp-post-image\" alt=\"Alter Holzstall mit Heu als Einstreu f\u00fcr Pferde.\" \/><\/div><\/div><\/div>\n<\/p>\n<\/div>\n<h2><strong>Anzeichen: Regelm\u00e4\u00dfig Kontrollieren<\/strong><\/h2>\n<p>Am h\u00e4ufigsten kommt Mauke an der Fessel des Pferdes vor. Erste Warnzeichen sind Hautr\u00f6tungen. Merkt der Pferdebesitzer, dass die Fesselbeuge sich w\u00e4rmer anf\u00fchlt, kann dies ein Anzeichen f\u00fcr eine beginnende Entz\u00fcndung sein. Die betroffene Stelle sollte vom Pferdebesitzer regelm\u00e4\u00dfig kontrolliert werden. Geschwollene Bereiche, Risse in der Haut und Bl\u00e4schen sind weitere Anzeichen einer Mauke. Ist die Mauke fortgeschritten tritt oft auch Wundfl\u00fcssigkeit aus oder es entsteht Schorf. Eine Behandlung von Mauke ist unausweichlich, da die Krankheit sonst chronisch werden kann.<\/p>\n<h2><strong>Arten: Nass oder trocken<\/strong><\/h2>\n<p>Mauke ist nicht gleich Mauke. Prinzipiell kann man die Krankheit in zwei Arten unterscheiden:<\/p>\n<ul>\n<li>N\u00e4ssende Mauke: Bei der n\u00e4ssenden Mauke tritt eine klare teils eitrige Fl\u00fcssigkeit aus der Wunde aus. Die betroffene Stelle wird dick und ein schmieriger Film, oft mit Bl\u00e4schen, bildet sich.<\/li>\n<li>Trockene Mauke: Ist die Haut por\u00f6s spricht man von einer trockenen Mauke. Es bildet sich Schorf. Achtung: Normalerweise ist Schorf ein Anzeichen f\u00fcr Heilung einer Wunde, bei Mauke ist es nicht so. Die trockenen Stellen werden gr\u00f6\u00dfer und eine dicke Kruste entsteht.<\/li>\n<\/ul>\n<h2><strong>Behandeln: Sauber und trocken halten<\/strong><\/h2>\n<p>Bei jedem Pferd kann die Mauke anders verlaufen. Generell gilt: Sauber und trocken halten. Die Hautkrankheit wird in der Regel mit Salben und Waschlotionen behandelt. F\u00fcr die passende Therapie und Vorsorgema\u00dfnahmen sollte ein Tierarzt zu Rate gezogen werden.<\/p>\n<h2><strong>Vorbeugen: Pflegen und reinigen<\/strong><\/h2>\n<p>Wenn Pferdebesitzer ein paar Regeln im gemeinsamen Alltag befolgen, kann das Risiko einer Mauke beim Pferd verringert werden:<\/p>\n<ol>\n<li>Bei Regen und N\u00e4sse die Fessel gr\u00fcndlich trocknen<\/li>\n<li>Fesselbeuge nicht zu oft waschen<\/li>\n<li>Zur Reinigung der Fessel ist eine weiches Br\u00fcste ideal<\/li>\n<li>Nur ges\u00e4uberte Gamaschen und Hufglocken benutzen<\/li>\n<li>Pferd nicht zu lange auf feuchter Wiese oder Paddock stehen lassen<\/li>\n<\/ol>\n","protected":false},"excerpt":{"rendered":"<p>Mauke ist ein Sammelbegriff f\u00fcr entz\u00fcndete Hautpartien der Fesseln von Pferden. Bakterien dringen in Defekte der Haut ein, sch\u00e4digen sie und breiten sich aus. Gef\u00f6rdert wird die Mauke, wenn Pferde auf feuchtem, matschigem und kothaltigem Boden stehen. Die Vorfahren unserer Pferde kommen urspr\u00fcnglich aus trockenen Steppengebieten, daher ist ihre Haut bei dauerhafter N\u00e4sse angreifbarer f\u00fcr [&hellip;]<\/p>\n","protected":false},"author":1,"featured_media":10847,"parent":11706,"menu_order":51,"comment_status":"open","ping_status":"open","template":"templates\/blog.php","meta":{"_acf_changed":false,"_crdt_document":"","footnotes":"","beyondwords_generate_audio":"0","beyondwords_project_id":"","beyondwords_content_id":"","beyondwords_preview_token":"","beyondwords_player_style":"","beyondwords_language_id":"","beyondwords_title_voice_id":"","beyondwords_body_voice_id":"","beyondwords_summary_voice_id":"","beyondwords_error_message":"","beyondwords_disabled":"","beyondwords_delete_content":"","beyondwords_podcast_id":"","beyondwords_hash":"","publish_post_to_speechkit":"","speechkit_hash":"","speechkit_generate_audio":"","speechkit_project_id":"","speechkit_podcast_id":"","speechkit_error_message":"","speechkit_disabled":"","speechkit_access_key":"","speechkit_error":"","speechkit_info":"","speechkit_response":"","speechkit_retries":"","speechkit_status":"","speechkit_updated_at":"","_speechkit_link":"","_speechkit_text":""},"class_list":["post-10258","page","type-page","status-publish","has-post-thumbnail","hentry"],"acf":[],"yoast_head":"<!-- This site is optimized with the Yoast SEO Premium plugin  - https:\/\/yoast.com\/product\/yoast-seo-premium-wordpress\/ -->\n<title>Mauke beim Pferd \u2013 erkennen und behandeln | Uelzener<\/title>\n<meta name=\"description\" content=\"Erfahre alles zur Mauke beim Pferd \u2713 Ursachen \u2713 Anzeichen \u2713 Arten \u2713 Behandlung \u2713 Vorbeugung \u25b6 Hier informieren!\" \/>\n<meta name=\"robots\" content=\"index, follow, max-snippet:-1, max-image-preview:large, max-video-preview:-1\" \/>\n<link rel=\"canonical\" href=\"https:\/\/uelzener.de\/magazin\/pferd\/tiergesundheit\/mauke-pferd\/\" \/>\n<meta property=\"og:locale\" content=\"de_DE\" \/>\n<meta property=\"og:type\" content=\"article\" \/>\n<meta property=\"og:title\" content=\"Mauke beim Pferd fr\u00fchzeitig erkennen und behandeln\" \/>\n<meta property=\"og:description\" content=\"Erfahre alles zur Mauke beim Pferd \u2713 Ursachen \u2713 Anzeichen \u2713 Arten \u2713 Behandlung \u2713 Vorbeugung \u25b6 Hier informieren!\" \/>\n<meta property=\"og:url\" content=\"https:\/\/uelzener.de\/magazin\/pferd\/tiergesundheit\/mauke-pferd\/\" \/>\n<meta property=\"og:site_name\" content=\"Uelzener Tier-Magazin\" \/>\n<meta property=\"article:publisher\" content=\"https:\/\/www.facebook.com\/Uelzener\" \/>\n<meta property=\"article:modified_time\" content=\"2025-10-14T14:36:03+00:00\" \/>\n<meta property=\"og:image\" content=\"https:\/\/uelzener.de\/magazin\/app\/uploads\/2018\/12\/0e5a862b-5d6d-4fab-8d13-fff391b113be.jpg\" \/>\n\t<meta property=\"og:image:width\" content=\"650\" \/>\n\t<meta property=\"og:image:height\" content=\"433\" \/>\n\t<meta property=\"og:image:type\" content=\"image\/jpeg\" \/>\n<meta name=\"twitter:card\" content=\"summary_large_image\" \/>\n<meta name=\"twitter:label1\" content=\"Gesch\u00e4tzte Lesezeit\" \/>\n\t<meta name=\"twitter:data1\" content=\"3\u00a0Minuten\" \/>\n<script type=\"application\/ld+json\" class=\"yoast-schema-graph\">{\"@context\":\"https:\/\/schema.org\",\"@graph\":[{\"@type\":\"WebPage\",\"@id\":\"https:\/\/uelzener.de\/magazin\/pferd\/tiergesundheit\/mauke-pferd\/\",\"url\":\"https:\/\/uelzener.de\/magazin\/pferd\/tiergesundheit\/mauke-pferd\/\",\"name\":\"Mauke beim Pferd \u2013 erkennen und behandeln | Uelzener\",\"isPartOf\":{\"@id\":\"https:\/\/uelzener.de\/magazin\/#website\"},\"primaryImageOfPage\":{\"@id\":\"https:\/\/uelzener.de\/magazin\/pferd\/tiergesundheit\/mauke-pferd\/#primaryimage\"},\"image\":{\"@id\":\"https:\/\/uelzener.de\/magazin\/pferd\/tiergesundheit\/mauke-pferd\/#primaryimage\"},\"thumbnailUrl\":\"https:\/\/uelzener.de\/magazin\/app\/uploads\/2018\/12\/0e5a862b-5d6d-4fab-8d13-fff391b113be.jpg\",\"datePublished\":\"2018-12-04T00:00:00+00:00\",\"dateModified\":\"2025-10-14T14:36:03+00:00\",\"description\":\"Erfahre alles zur Mauke beim Pferd \u2713 Ursachen \u2713 Anzeichen \u2713 Arten \u2713 Behandlung \u2713 Vorbeugung \u25b6 Hier informieren!\",\"breadcrumb\":{\"@id\":\"https:\/\/uelzener.de\/magazin\/pferd\/tiergesundheit\/mauke-pferd\/#breadcrumb\"},\"inLanguage\":\"de\",\"potentialAction\":[{\"@type\":\"ReadAction\",\"target\":[\"https:\/\/uelzener.de\/magazin\/pferd\/tiergesundheit\/mauke-pferd\/\"]}]},{\"@type\":\"ImageObject\",\"inLanguage\":\"de\",\"@id\":\"https:\/\/uelzener.de\/magazin\/pferd\/tiergesundheit\/mauke-pferd\/#primaryimage\",\"url\":\"https:\/\/uelzener.de\/magazin\/app\/uploads\/2018\/12\/0e5a862b-5d6d-4fab-8d13-fff391b113be.jpg\",\"contentUrl\":\"https:\/\/uelzener.de\/magazin\/app\/uploads\/2018\/12\/0e5a862b-5d6d-4fab-8d13-fff391b113be.jpg\",\"width\":650,\"height\":433,\"caption\":\"Ein von Mauke befallenes Pferd steht auf einem Erdboden.\"},{\"@type\":\"WebSite\",\"@id\":\"https:\/\/uelzener.de\/magazin\/#website\",\"url\":\"https:\/\/uelzener.de\/magazin\/\",\"name\":\"Uelzener Tiermagazin\",\"description\":\"Online Tierratgeber der Uelzener Versicherungen\",\"publisher\":{\"@id\":\"https:\/\/uelzener.de\/magazin\/#organization\"},\"potentialAction\":[{\"@type\":\"SearchAction\",\"target\":{\"@type\":\"EntryPoint\",\"urlTemplate\":\"https:\/\/uelzener.de\/magazin\/?s={search_term_string}\"},\"query-input\":{\"@type\":\"PropertyValueSpecification\",\"valueRequired\":true,\"valueName\":\"search_term_string\"}}],\"inLanguage\":\"de\"},{\"@type\":\"Organization\",\"@id\":\"https:\/\/uelzener.de\/magazin\/#organization\",\"name\":\"Uelzener Versicherungen\",\"url\":\"https:\/\/uelzener.de\/magazin\/\",\"logo\":{\"@type\":\"ImageObject\",\"inLanguage\":\"de\",\"@id\":\"https:\/\/uelzener.de\/magazin\/#\/schema\/logo\/image\/\",\"url\":\"https:\/\/uelzener.de\/magazin\/app\/uploads\/2024\/11\/uelzener_allgemeine_versicherungsgesellschaft_a_g_logo.jpg\",\"contentUrl\":\"https:\/\/uelzener.de\/magazin\/app\/uploads\/2024\/11\/uelzener_allgemeine_versicherungsgesellschaft_a_g_logo.jpg\",\"width\":200,\"height\":200,\"caption\":\"Uelzener Versicherungen\"},\"image\":{\"@id\":\"https:\/\/uelzener.de\/magazin\/#\/schema\/logo\/image\/\"},\"sameAs\":[\"https:\/\/www.facebook.com\/Uelzener\",\"https:\/\/instagram.com\/uelzener\",\"https:\/\/www.xing.com\/pages\/uelzenerallgemeineversicherungs-gesellschafta-g\",\"https:\/\/www.youtube.com\/UelzenerVersicherungen\"]}]}<\/script>\n<!-- \/ Yoast SEO Premium plugin. -->","yoast_head_json":{"title":"Mauke beim Pferd \u2013 erkennen und behandeln | Uelzener","description":"Erfahre alles zur Mauke beim Pferd \u2713 Ursachen \u2713 Anzeichen \u2713 Arten \u2713 Behandlung \u2713 Vorbeugung \u25b6 Hier informieren!","robots":{"index":"index","follow":"follow","max-snippet":"max-snippet:-1","max-image-preview":"max-image-preview:large","max-video-preview":"max-video-preview:-1"},"canonical":"https:\/\/uelzener.de\/magazin\/pferd\/tiergesundheit\/mauke-pferd\/","og_locale":"de_DE","og_type":"article","og_title":"Mauke beim Pferd fr\u00fchzeitig erkennen und behandeln","og_description":"Erfahre alles zur Mauke beim Pferd \u2713 Ursachen \u2713 Anzeichen \u2713 Arten \u2713 Behandlung \u2713 Vorbeugung \u25b6 Hier informieren!","og_url":"https:\/\/uelzener.de\/magazin\/pferd\/tiergesundheit\/mauke-pferd\/","og_site_name":"Uelzener Tier-Magazin","article_publisher":"https:\/\/www.facebook.com\/Uelzener","article_modified_time":"2025-10-14T14:36:03+00:00","og_image":[{"width":650,"height":433,"url":"https:\/\/uelzener.de\/magazin\/app\/uploads\/2018\/12\/0e5a862b-5d6d-4fab-8d13-fff391b113be.jpg","type":"image\/jpeg"}],"twitter_card":"summary_large_image","twitter_misc":{"Gesch\u00e4tzte Lesezeit":"3\u00a0Minuten"},"schema":{"@context":"https:\/\/schema.org","@graph":[{"@type":"WebPage","@id":"https:\/\/uelzener.de\/magazin\/pferd\/tiergesundheit\/mauke-pferd\/","url":"https:\/\/uelzener.de\/magazin\/pferd\/tiergesundheit\/mauke-pferd\/","name":"Mauke beim Pferd \u2013 erkennen und behandeln | Uelzener","isPartOf":{"@id":"https:\/\/uelzener.de\/magazin\/#website"},"primaryImageOfPage":{"@id":"https:\/\/uelzener.de\/magazin\/pferd\/tiergesundheit\/mauke-pferd\/#primaryimage"},"image":{"@id":"https:\/\/uelzener.de\/magazin\/pferd\/tiergesundheit\/mauke-pferd\/#primaryimage"},"thumbnailUrl":"https:\/\/uelzener.de\/magazin\/app\/uploads\/2018\/12\/0e5a862b-5d6d-4fab-8d13-fff391b113be.jpg","datePublished":"2018-12-04T00:00:00+00:00","dateModified":"2025-10-14T14:36:03+00:00","description":"Erfahre alles zur Mauke beim Pferd \u2713 Ursachen \u2713 Anzeichen \u2713 Arten \u2713 Behandlung \u2713 Vorbeugung \u25b6 Hier informieren!","breadcrumb":{"@id":"https:\/\/uelzener.de\/magazin\/pferd\/tiergesundheit\/mauke-pferd\/#breadcrumb"},"inLanguage":"de","potentialAction":[{"@type":"ReadAction","target":["https:\/\/uelzener.de\/magazin\/pferd\/tiergesundheit\/mauke-pferd\/"]}]},{"@type":"ImageObject","inLanguage":"de","@id":"https:\/\/uelzener.de\/magazin\/pferd\/tiergesundheit\/mauke-pferd\/#primaryimage","url":"https:\/\/uelzener.de\/magazin\/app\/uploads\/2018\/12\/0e5a862b-5d6d-4fab-8d13-fff391b113be.jpg","contentUrl":"https:\/\/uelzener.de\/magazin\/app\/uploads\/2018\/12\/0e5a862b-5d6d-4fab-8d13-fff391b113be.jpg","width":650,"height":433,"caption":"Ein von Mauke befallenes Pferd steht auf einem Erdboden."},{"@type":"WebSite","@id":"https:\/\/uelzener.de\/magazin\/#website","url":"https:\/\/uelzener.de\/magazin\/","name":"Uelzener Tiermagazin","description":"Online Tierratgeber der Uelzener Versicherungen","publisher":{"@id":"https:\/\/uelzener.de\/magazin\/#organization"},"potentialAction":[{"@type":"SearchAction","target":{"@type":"EntryPoint","urlTemplate":"https:\/\/uelzener.de\/magazin\/?s={search_term_string}"},"query-input":{"@type":"PropertyValueSpecification","valueRequired":true,"valueName":"search_term_string"}}],"inLanguage":"de"},{"@type":"Organization","@id":"https:\/\/uelzener.de\/magazin\/#organization","name":"Uelzener Versicherungen","url":"https:\/\/uelzener.de\/magazin\/","logo":{"@type":"ImageObject","inLanguage":"de","@id":"https:\/\/uelzener.de\/magazin\/#\/schema\/logo\/image\/","url":"https:\/\/uelzener.de\/magazin\/app\/uploads\/2024\/11\/uelzener_allgemeine_versicherungsgesellschaft_a_g_logo.jpg","contentUrl":"https:\/\/uelzener.de\/magazin\/app\/uploads\/2024\/11\/uelzener_allgemeine_versicherungsgesellschaft_a_g_logo.jpg","width":200,"height":200,"caption":"Uelzener Versicherungen"},"image":{"@id":"https:\/\/uelzener.de\/magazin\/#\/schema\/logo\/image\/"},"sameAs":["https:\/\/www.facebook.com\/Uelzener","https:\/\/instagram.com\/uelzener","https:\/\/www.xing.com\/pages\/uelzenerallgemeineversicherungs-gesellschafta-g","https:\/\/www.youtube.com\/UelzenerVersicherungen"]}]}},"_links":{"self":[{"href":"https:\/\/uelzener.de\/magazin\/wp-json\/wp\/v2\/pages\/10258","targetHints":{"allow":["GET"]}}],"collection":[{"href":"https:\/\/uelzener.de\/magazin\/wp-json\/wp\/v2\/pages"}],"about":[{"href":"https:\/\/uelzener.de\/magazin\/wp-json\/wp\/v2\/types\/page"}],"author":[{"embeddable":true,"href":"https:\/\/uelzener.de\/magazin\/wp-json\/wp\/v2\/users\/1"}],"replies":[{"embeddable":true,"href":"https:\/\/uelzener.de\/magazin\/wp-json\/wp\/v2\/comments?post=10258"}],"version-history":[{"count":11,"href":"https:\/\/uelzener.de\/magazin\/wp-json\/wp\/v2\/pages\/10258\/revisions"}],"predecessor-version":[{"id":19351,"href":"https:\/\/uelzener.de\/magazin\/wp-json\/wp\/v2\/pages\/10258\/revisions\/19351"}],"up":[{"embeddable":true,"href":"https:\/\/uelzener.de\/magazin\/wp-json\/wp\/v2\/pages\/11706"}],"wp:featuredmedia":[{"embeddable":true,"href":"https:\/\/uelzener.de\/magazin\/wp-json\/wp\/v2\/media\/10847"}],"wp:attachment":[{"href":"https:\/\/uelzener.de\/magazin\/wp-json\/wp\/v2\/media?parent=10258"}],"curies":[{"name":"wp","href":"https:\/\/api.w.org\/{rel}","templated":true}]}}