{"id":10256,"date":"2016-08-26T00:00:00","date_gmt":"2016-08-26T00:00:00","guid":{"rendered":""},"modified":"2025-09-11T11:32:09","modified_gmt":"2025-09-11T09:32:09","slug":"welsh-pony","status":"publish","type":"page","link":"https:\/\/uelzener.de\/magazin\/pferd\/rasseportrait\/welsh-pony\/","title":{"rendered":"Welsh-Pony: Vielf\u00e4ltige &#8222;Typen&#8220; f\u00fcr jede Vorliebe"},"content":{"rendered":"<p><strong>Seit vielen Jahrhunderten ist das Welsh-Pony bei kleinen und gro\u00dfen Reitern beliebt. Kein Wunder: Kaum eine Ponyrasse bietet so viele unterschiedliche Typen \u2013 von Welsh A bis D ist f\u00fcr jedes Alter und jeden Anspruch etwas dabei.<\/strong><\/p>\n<p>Das Welsh-Pony ist eine weltweit beliebte Ponyrasse. Das Besondere: Es gibt vier verschiedene Welsh-Typen, die sich in Gr\u00f6\u00dfe und Fundament unterscheiden und daher in vier Sektionen unterteilt wurden. Je nach Sektion eignet sich das Welsh-Pony daher sowohl f\u00fcr Kinder als auch f\u00fcr Erwachsene. 1901 wurde die \u201eWelsh Pony and Cob Society\u201c (WPCS) in Gro\u00dfbritannien gegr\u00fcndet. Seit 1960 werden keine anderen Rassen mehr eingekreuzt.<\/p>\n<p>Diese gro\u00dfe Auswahl an Welsh-Ponys bietet etwas Passendes f\u00fcr die ganze Familie und jede Reiter-Vorliebe. Kein Wunder, dass das Welsh-Pony auch in Deutschland verbreitet ist. Dazu kommt seine unkomplizierte Haltung: Das Welsh ist robust und unempfindlich und kann gut im Offenstall gehalten werden. Wer also ein elegantes Pony f\u00fcr die Freizeit oder f\u00fcr ein Kind mit Turnierambitionen sucht, wird bei den Welsh-Ponys garantiert f\u00fcndig:<\/p>\n<p><strong>Welsh A: Reitpony f\u00fcr Kinder<\/strong><\/p>\n<p>Das Welsh-Mountain-Pony (Sektion A) ist ein beliebtes Reitpony f\u00fcr Kinder. Es bildet die urspr\u00fcngliche Rasse der Welsh-Ponys und hat ein Stockma\u00df von bis zu 1,22 Meter. Seine Geschichte reicht bis zu den Kelten zur\u00fcck. Das Welsh-Mountain war daher schon zur R\u00f6merzeit ein beliebtes Pony der walisischen Bauern. Durch die jahrhundertelange raue Aufzucht in den Bergen von Wales hat sich eine robuste, trittsichere, gen\u00fcgsame und ausdauernde Rasse entwickelt. Die intelligenten, fr\u00f6hlichen Ponies eignen sich f\u00fcr Springen, Dressur, Fahrsport, als Freizeitpony und f\u00fcr die in Gro\u00dfbritannien beliebten \u201eMounted Games\u201c, bei denen es auf Schnelligkeit und Geschicklichkeit ankommt. Typisch f\u00fcr das Welsh-Mountain-Pony ist sein kleiner, schmaler, edler Kopf.<\/p>\n\n<div class=\"related_articles boxed\">\n    <h2>Mehr zum Thema<\/h2>\n    \n    <div class=\"wrapper\"><div class=\"title align-center\"><h3><a href=\"https:\/\/uelzener.de\/magazin\/hund\/erziehung-und-training\/obedience-gehorsam-mit-freude\/\">Obedience: Gehorsam mit Freude<\/a><\/h3><\/div><div class=\"img align-center\"><img decoding=\"async\" width=\"315\" height=\"180\" src=\"https:\/\/uelzener.de\/magazin\/app\/uploads\/2024\/09\/Obedience-Hund-Training-315x180.jpg\" class=\"attachment-315x180 size-315x180 wp-post-image\" alt=\"\" \/><\/div><\/div><div class=\"wrapper\"><div class=\"title align-center\"><h3><a href=\"https:\/\/uelzener.de\/magazin\/pferd\/haltung\/erstes-eigenes-pferd\/\">Pferdekauf: Das erste eigene Pferd<\/a><\/h3><\/div><div class=\"img align-center\"><img decoding=\"async\" width=\"315\" height=\"180\" src=\"https:\/\/uelzener.de\/magazin\/app\/uploads\/2022\/09\/Wann-bereit-fuer-eigenes-Pferd-315x180.jpg\" class=\"attachment-315x180 size-315x180 wp-post-image\" alt=\"Erstes eigenes Pferd: Ein wei\u00dfes Pferd versucht der Reiterin ein K\u00fcsschen zu geben.\" \/><\/div><\/div><div class=\"wrapper\"><div class=\"title align-center\"><h3><a href=\"https:\/\/uelzener.de\/magazin\/pferd\/erziehung-und-training\/reiten-lernen-tipps-fuer-die-sicherheit-bei-kindern\/\">Reiten lernen: Tipps f\u00fcr die Sicherheit bei Kindern<\/a><\/h3><\/div><div class=\"img align-center\"><img decoding=\"async\" width=\"315\" height=\"180\" src=\"https:\/\/uelzener.de\/magazin\/app\/uploads\/2019\/11\/97ad1718-5b9e-438d-9b5d-9e11dc64397a-315x180.jpg\" class=\"attachment-315x180 size-315x180 wp-post-image\" alt=\"Ein kleines Kind putzt sein Trainingspferd, wenn Kinder reiten lernen ist Sicherheit am wichtigsten.\" \/><\/div><\/div><\/div>\n\n<p><strong>Welsh B: Freizeitpartner f\u00fcr Jugendliche<\/strong><\/p>\n<p>Das Welsh-Pony (Sektion B) ist eine gr\u00f6\u00dfere Ausgabe des Welsh-Mountain-Ponys. Es hat ein Stockma\u00df bis 1,37 Meter und entstand durch die Kreuzung von Welsh-Mountain-Ponies unter anderem mit englischen Vollbl\u00fctern. Neben H\u00e4rte, Ausdauer und Springverm\u00f6gen hat es viel Temperament und eignet sich f\u00fcr die Vielseitigkeit, Springen und Dressur sowie den Fahrsport. Es ist ein gutes Pony f\u00fcr gr\u00f6\u00dfere Kinder, die bereits fortgeschritten reiten.<\/p>\n\n<div class=\"banner\">\n    <a href=\"https:\/\/uelzener.de\/pferd\/herden-versicherung\/?agt=0000104925&sem=true&utm_medium=magazin&utm_source=wordpress&utm_campaign=pferd_kv&utm_content=banner    \">\n        <img decoding=\"async\" width=\"300\" height=\"212\" src=\"https:\/\/uelzener.de\/magazin\/app\/uploads\/2025\/01\/Pferde-Kranken-Versicherung.jpg\" class=\"attachment-medium size-medium\" alt=\"Banner Pferde-Kranken-Versicherung\" \/>    <\/a>\n<\/div>\n\n<p><strong>Welsh C: Reitpferd f\u00fcr leichte Erwachsene<\/strong><\/p>\n<p>Das Welsh-Pony im Cob-Typ (Sektion C) ist durch Kreuzung von Welsh A- oder B-Ponys mit den schwereren Welsh Cobs entstanden. Es erreicht bis 1,37 Meter Stockma\u00df und vereint die Eigenschaften der beiden kleineren Sektionen wie Spring- und Dressurveranlagung, Ausdauer und Leistungswille mit denen der Sektion D wie kr\u00e4ftiger K\u00f6rperbau, starke Bemuskelung und ausgeglichenes Temperament. Durch seinen stabileren K\u00f6rperbau eignet es sich auch f\u00fcr leichtere Erwachsene.<\/p>\n<p><strong>Welsh D: Tragf\u00e4higer Partner f\u00fcr Freizeit und Turnier<\/strong><\/p>\n<p>Das Welsh Cob (Sektion D) ist schlie\u00dflich die gr\u00f6\u00dfte und kr\u00e4ftigste Sektion der Welsh-Ponys. Sein Stockma\u00df reicht ab 1,38 Meter aufw\u00e4rts. Das Welsh Cob entstand durch Einkreuzung von spanischen Pferden, Kaltbl\u00fctern und Kutschpferden. Es eignet sich sehr gut als Fahrpferd, als Freizeitpferd f\u00fcr Kinder und Erwachsene, als ausdauerndes, trittsicheres Pferd f\u00fcr Jagden und Vielseitigkeit und auch als Turnierpony f\u00fcr Spring- und Dressurpr\u00fcfungen.<\/p>\n","protected":false},"excerpt":{"rendered":"<p>Seit vielen Jahrhunderten ist das Welsh-Pony bei kleinen und gro\u00dfen Reitern beliebt. Kein Wunder: Kaum eine Ponyrasse bietet so viele unterschiedliche Typen \u2013 von Welsh A bis D ist f\u00fcr jedes Alter und jeden Anspruch etwas dabei. Das Welsh-Pony ist eine weltweit beliebte Ponyrasse. Das Besondere: Es gibt vier verschiedene Welsh-Typen, die sich in Gr\u00f6\u00dfe [&hellip;]<\/p>\n","protected":false},"author":1,"featured_media":10845,"parent":2490,"menu_order":8,"comment_status":"open","ping_status":"open","template":"templates\/blog.php","meta":{"_acf_changed":false,"_crdt_document":"","footnotes":"","beyondwords_generate_audio":"","beyondwords_project_id":"","beyondwords_content_id":"","beyondwords_preview_token":"","beyondwords_player_style":"","beyondwords_language_id":"","beyondwords_title_voice_id":"","beyondwords_body_voice_id":"","beyondwords_summary_voice_id":"","beyondwords_error_message":"","beyondwords_disabled":"","beyondwords_delete_content":"","beyondwords_podcast_id":"","beyondwords_hash":"","publish_post_to_speechkit":"","speechkit_hash":"","speechkit_generate_audio":"","speechkit_project_id":"","speechkit_podcast_id":"","speechkit_error_message":"","speechkit_disabled":"","speechkit_access_key":"","speechkit_error":"","speechkit_info":"","speechkit_response":"","speechkit_retries":"","speechkit_status":"","speechkit_updated_at":"","_speechkit_link":"","_speechkit_text":""},"class_list":["post-10256","page","type-page","status-publish","has-post-thumbnail","hentry"],"acf":[],"yoast_head":"<!-- This site is optimized with the Yoast SEO Premium plugin  - https:\/\/yoast.com\/product\/yoast-seo-premium-wordpress\/ -->\n<title>Welsh Pony im Rasseportrait \u2013 alle Typen im \u00dcberblick | Uelzener<\/title>\n<meta name=\"description\" content=\"Erfahre alles zu den verschiedenen Typen \u2713 A \u2713 B \u2713 C \u2713 D der Pferderasse Welsh Pony \u25b6 Hier informieren!\" \/>\n<meta name=\"robots\" content=\"index, follow, max-snippet:-1, max-image-preview:large, max-video-preview:-1\" \/>\n<link rel=\"canonical\" href=\"https:\/\/uelzener.de\/magazin\/pferd\/rasseportrait\/welsh-pony\/\" \/>\n<meta property=\"og:locale\" content=\"de_DE\" \/>\n<meta property=\"og:type\" content=\"article\" \/>\n<meta property=\"og:title\" content=\"Welsh-Pony: Vielf\u00e4ltige &quot;Typen&quot; f\u00fcr jede Vorliebe\" \/>\n<meta property=\"og:description\" content=\"Erfahre alles zu den verschiedenen Typen \u2713 A \u2713 B \u2713 C \u2713 D der Pferderasse Welsh Pony \u25b6 Hier informieren!\" \/>\n<meta property=\"og:url\" content=\"https:\/\/uelzener.de\/magazin\/pferd\/rasseportrait\/welsh-pony\/\" \/>\n<meta property=\"og:site_name\" content=\"Uelzener Tier-Magazin\" \/>\n<meta property=\"article:publisher\" content=\"https:\/\/www.facebook.com\/Uelzener\" \/>\n<meta property=\"article:modified_time\" content=\"2025-09-11T09:32:09+00:00\" \/>\n<meta property=\"og:image\" content=\"https:\/\/uelzener.de\/magazin\/app\/uploads\/2016\/08\/4d6ddaec-3876-4b27-8118-d15ebb0f8570.jpg\" \/>\n\t<meta property=\"og:image:width\" content=\"650\" \/>\n\t<meta property=\"og:image:height\" content=\"432\" \/>\n\t<meta property=\"og:image:type\" content=\"image\/jpeg\" \/>\n<meta name=\"twitter:card\" content=\"summary_large_image\" \/>\n<meta name=\"twitter:label1\" content=\"Gesch\u00e4tzte Lesezeit\" \/>\n\t<meta name=\"twitter:data1\" content=\"3\u00a0Minuten\" \/>\n<script type=\"application\/ld+json\" class=\"yoast-schema-graph\">{\"@context\":\"https:\/\/schema.org\",\"@graph\":[{\"@type\":\"WebPage\",\"@id\":\"https:\/\/uelzener.de\/magazin\/pferd\/rasseportrait\/welsh-pony\/\",\"url\":\"https:\/\/uelzener.de\/magazin\/pferd\/rasseportrait\/welsh-pony\/\",\"name\":\"Welsh Pony im Rasseportrait \u2013 alle Typen im \u00dcberblick | Uelzener\",\"isPartOf\":{\"@id\":\"https:\/\/uelzener.de\/magazin\/#website\"},\"primaryImageOfPage\":{\"@id\":\"https:\/\/uelzener.de\/magazin\/pferd\/rasseportrait\/welsh-pony\/#primaryimage\"},\"image\":{\"@id\":\"https:\/\/uelzener.de\/magazin\/pferd\/rasseportrait\/welsh-pony\/#primaryimage\"},\"thumbnailUrl\":\"https:\/\/uelzener.de\/magazin\/app\/uploads\/2016\/08\/4d6ddaec-3876-4b27-8118-d15ebb0f8570.jpg\",\"datePublished\":\"2016-08-26T00:00:00+00:00\",\"dateModified\":\"2025-09-11T09:32:09+00:00\",\"description\":\"Erfahre alles zu den verschiedenen Typen \u2713 A \u2713 B \u2713 C \u2713 D der Pferderasse Welsh Pony \u25b6 Hier informieren!\",\"breadcrumb\":{\"@id\":\"https:\/\/uelzener.de\/magazin\/pferd\/rasseportrait\/welsh-pony\/#breadcrumb\"},\"inLanguage\":\"de\",\"potentialAction\":[{\"@type\":\"ReadAction\",\"target\":[\"https:\/\/uelzener.de\/magazin\/pferd\/rasseportrait\/welsh-pony\/\"]}]},{\"@type\":\"ImageObject\",\"inLanguage\":\"de\",\"@id\":\"https:\/\/uelzener.de\/magazin\/pferd\/rasseportrait\/welsh-pony\/#primaryimage\",\"url\":\"https:\/\/uelzener.de\/magazin\/app\/uploads\/2016\/08\/4d6ddaec-3876-4b27-8118-d15ebb0f8570.jpg\",\"contentUrl\":\"https:\/\/uelzener.de\/magazin\/app\/uploads\/2016\/08\/4d6ddaec-3876-4b27-8118-d15ebb0f8570.jpg\",\"width\":650,\"height\":432,\"caption\":\"Ein braunes Welsh Pony steht vor B\u00e4umen mit herbstlich orangem Laub.\"},{\"@type\":\"WebSite\",\"@id\":\"https:\/\/uelzener.de\/magazin\/#website\",\"url\":\"https:\/\/uelzener.de\/magazin\/\",\"name\":\"Uelzener Tiermagazin\",\"description\":\"Online Tierratgeber der Uelzener Versicherungen\",\"publisher\":{\"@id\":\"https:\/\/uelzener.de\/magazin\/#organization\"},\"potentialAction\":[{\"@type\":\"SearchAction\",\"target\":{\"@type\":\"EntryPoint\",\"urlTemplate\":\"https:\/\/uelzener.de\/magazin\/?s={search_term_string}\"},\"query-input\":{\"@type\":\"PropertyValueSpecification\",\"valueRequired\":true,\"valueName\":\"search_term_string\"}}],\"inLanguage\":\"de\"},{\"@type\":\"Organization\",\"@id\":\"https:\/\/uelzener.de\/magazin\/#organization\",\"name\":\"Uelzener Versicherungen\",\"url\":\"https:\/\/uelzener.de\/magazin\/\",\"logo\":{\"@type\":\"ImageObject\",\"inLanguage\":\"de\",\"@id\":\"https:\/\/uelzener.de\/magazin\/#\/schema\/logo\/image\/\",\"url\":\"https:\/\/uelzener.de\/magazin\/app\/uploads\/2024\/11\/uelzener_allgemeine_versicherungsgesellschaft_a_g_logo.jpg\",\"contentUrl\":\"https:\/\/uelzener.de\/magazin\/app\/uploads\/2024\/11\/uelzener_allgemeine_versicherungsgesellschaft_a_g_logo.jpg\",\"width\":200,\"height\":200,\"caption\":\"Uelzener Versicherungen\"},\"image\":{\"@id\":\"https:\/\/uelzener.de\/magazin\/#\/schema\/logo\/image\/\"},\"sameAs\":[\"https:\/\/www.facebook.com\/Uelzener\",\"https:\/\/instagram.com\/uelzener\",\"https:\/\/www.xing.com\/pages\/uelzenerallgemeineversicherungs-gesellschafta-g\",\"https:\/\/www.youtube.com\/UelzenerVersicherungen\"]}]}<\/script>\n<!-- \/ Yoast SEO Premium plugin. -->","yoast_head_json":{"title":"Welsh Pony im Rasseportrait \u2013 alle Typen im \u00dcberblick | Uelzener","description":"Erfahre alles zu den verschiedenen Typen \u2713 A \u2713 B \u2713 C \u2713 D der Pferderasse Welsh Pony \u25b6 Hier informieren!","robots":{"index":"index","follow":"follow","max-snippet":"max-snippet:-1","max-image-preview":"max-image-preview:large","max-video-preview":"max-video-preview:-1"},"canonical":"https:\/\/uelzener.de\/magazin\/pferd\/rasseportrait\/welsh-pony\/","og_locale":"de_DE","og_type":"article","og_title":"Welsh-Pony: Vielf\u00e4ltige \"Typen\" f\u00fcr jede Vorliebe","og_description":"Erfahre alles zu den verschiedenen Typen \u2713 A \u2713 B \u2713 C \u2713 D der Pferderasse Welsh Pony \u25b6 Hier informieren!","og_url":"https:\/\/uelzener.de\/magazin\/pferd\/rasseportrait\/welsh-pony\/","og_site_name":"Uelzener Tier-Magazin","article_publisher":"https:\/\/www.facebook.com\/Uelzener","article_modified_time":"2025-09-11T09:32:09+00:00","og_image":[{"width":650,"height":432,"url":"https:\/\/uelzener.de\/magazin\/app\/uploads\/2016\/08\/4d6ddaec-3876-4b27-8118-d15ebb0f8570.jpg","type":"image\/jpeg"}],"twitter_card":"summary_large_image","twitter_misc":{"Gesch\u00e4tzte Lesezeit":"3\u00a0Minuten"},"schema":{"@context":"https:\/\/schema.org","@graph":[{"@type":"WebPage","@id":"https:\/\/uelzener.de\/magazin\/pferd\/rasseportrait\/welsh-pony\/","url":"https:\/\/uelzener.de\/magazin\/pferd\/rasseportrait\/welsh-pony\/","name":"Welsh Pony im Rasseportrait \u2013 alle Typen im \u00dcberblick | Uelzener","isPartOf":{"@id":"https:\/\/uelzener.de\/magazin\/#website"},"primaryImageOfPage":{"@id":"https:\/\/uelzener.de\/magazin\/pferd\/rasseportrait\/welsh-pony\/#primaryimage"},"image":{"@id":"https:\/\/uelzener.de\/magazin\/pferd\/rasseportrait\/welsh-pony\/#primaryimage"},"thumbnailUrl":"https:\/\/uelzener.de\/magazin\/app\/uploads\/2016\/08\/4d6ddaec-3876-4b27-8118-d15ebb0f8570.jpg","datePublished":"2016-08-26T00:00:00+00:00","dateModified":"2025-09-11T09:32:09+00:00","description":"Erfahre alles zu den verschiedenen Typen \u2713 A \u2713 B \u2713 C \u2713 D der Pferderasse Welsh Pony \u25b6 Hier informieren!","breadcrumb":{"@id":"https:\/\/uelzener.de\/magazin\/pferd\/rasseportrait\/welsh-pony\/#breadcrumb"},"inLanguage":"de","potentialAction":[{"@type":"ReadAction","target":["https:\/\/uelzener.de\/magazin\/pferd\/rasseportrait\/welsh-pony\/"]}]},{"@type":"ImageObject","inLanguage":"de","@id":"https:\/\/uelzener.de\/magazin\/pferd\/rasseportrait\/welsh-pony\/#primaryimage","url":"https:\/\/uelzener.de\/magazin\/app\/uploads\/2016\/08\/4d6ddaec-3876-4b27-8118-d15ebb0f8570.jpg","contentUrl":"https:\/\/uelzener.de\/magazin\/app\/uploads\/2016\/08\/4d6ddaec-3876-4b27-8118-d15ebb0f8570.jpg","width":650,"height":432,"caption":"Ein braunes Welsh Pony steht vor B\u00e4umen mit herbstlich orangem Laub."},{"@type":"WebSite","@id":"https:\/\/uelzener.de\/magazin\/#website","url":"https:\/\/uelzener.de\/magazin\/","name":"Uelzener Tiermagazin","description":"Online Tierratgeber der Uelzener Versicherungen","publisher":{"@id":"https:\/\/uelzener.de\/magazin\/#organization"},"potentialAction":[{"@type":"SearchAction","target":{"@type":"EntryPoint","urlTemplate":"https:\/\/uelzener.de\/magazin\/?s={search_term_string}"},"query-input":{"@type":"PropertyValueSpecification","valueRequired":true,"valueName":"search_term_string"}}],"inLanguage":"de"},{"@type":"Organization","@id":"https:\/\/uelzener.de\/magazin\/#organization","name":"Uelzener Versicherungen","url":"https:\/\/uelzener.de\/magazin\/","logo":{"@type":"ImageObject","inLanguage":"de","@id":"https:\/\/uelzener.de\/magazin\/#\/schema\/logo\/image\/","url":"https:\/\/uelzener.de\/magazin\/app\/uploads\/2024\/11\/uelzener_allgemeine_versicherungsgesellschaft_a_g_logo.jpg","contentUrl":"https:\/\/uelzener.de\/magazin\/app\/uploads\/2024\/11\/uelzener_allgemeine_versicherungsgesellschaft_a_g_logo.jpg","width":200,"height":200,"caption":"Uelzener Versicherungen"},"image":{"@id":"https:\/\/uelzener.de\/magazin\/#\/schema\/logo\/image\/"},"sameAs":["https:\/\/www.facebook.com\/Uelzener","https:\/\/instagram.com\/uelzener","https:\/\/www.xing.com\/pages\/uelzenerallgemeineversicherungs-gesellschafta-g","https:\/\/www.youtube.com\/UelzenerVersicherungen"]}]}},"_links":{"self":[{"href":"https:\/\/uelzener.de\/magazin\/wp-json\/wp\/v2\/pages\/10256","targetHints":{"allow":["GET"]}}],"collection":[{"href":"https:\/\/uelzener.de\/magazin\/wp-json\/wp\/v2\/pages"}],"about":[{"href":"https:\/\/uelzener.de\/magazin\/wp-json\/wp\/v2\/types\/page"}],"author":[{"embeddable":true,"href":"https:\/\/uelzener.de\/magazin\/wp-json\/wp\/v2\/users\/1"}],"replies":[{"embeddable":true,"href":"https:\/\/uelzener.de\/magazin\/wp-json\/wp\/v2\/comments?post=10256"}],"version-history":[{"count":7,"href":"https:\/\/uelzener.de\/magazin\/wp-json\/wp\/v2\/pages\/10256\/revisions"}],"predecessor-version":[{"id":19197,"href":"https:\/\/uelzener.de\/magazin\/wp-json\/wp\/v2\/pages\/10256\/revisions\/19197"}],"up":[{"embeddable":true,"href":"https:\/\/uelzener.de\/magazin\/wp-json\/wp\/v2\/pages\/2490"}],"wp:featuredmedia":[{"embeddable":true,"href":"https:\/\/uelzener.de\/magazin\/wp-json\/wp\/v2\/media\/10845"}],"wp:attachment":[{"href":"https:\/\/uelzener.de\/magazin\/wp-json\/wp\/v2\/media?parent=10256"}],"curies":[{"name":"wp","href":"https:\/\/api.w.org\/{rel}","templated":true}]}}