{"id":10255,"date":"2018-10-17T00:00:00","date_gmt":"2018-10-17T00:00:00","guid":{"rendered":""},"modified":"2025-09-11T11:47:44","modified_gmt":"2025-09-11T09:47:44","slug":"noriker","status":"publish","type":"page","link":"https:\/\/uelzener.de\/magazin\/pferd\/rasseportrait\/noriker\/","title":{"rendered":"Der Noriker: vielseitiges Schwergewicht aus den Alpen"},"content":{"rendered":"<p>Wer sich f\u00fcr einen Noriker interessiert, bekommt ein entspanntes Pferd, das auch f\u00fcr Anf\u00e4nger geeignet ist. Als ehemaliges Gebirgspferd ist er ausgeglichen, trittsicher und verl\u00e4sslich.<\/p>\n<h2>Herkunft<\/h2>\n<p>Die Urspr\u00fcnge des Norikers reichen weit in die Vergangenheit zur\u00fcck. Namensgebend f\u00fcr den Noriker ist die r\u00f6mische Provinz Noricum, die Teile der \u00f6stlichen Alpen (z. B. K\u00e4rnten, Steiermark, Salzburg) sowie Bayerns umfasste. Vermutlich lebten bereits vor der Eroberung durch die R\u00f6mer Pferde im Alpenraum, die von den Kelten genutzt wurden. Sp\u00e4ter kamen mit den R\u00f6mern weitere Pferde hinzu, die m\u00f6glicherweise mit den vorhandenen gekreuzt wurden.<\/p>\n<p>Ab dem Mittelalter waren die Pferde aus dieser Region als Noriker bekannt und wurden unter anderem als Transportmittel beim Warenverkehr zwischen den L\u00e4ndern n\u00f6rdlich und s\u00fcdlich der Alpen eingesetzt.<\/p>\n<p>Ab dem 16. Jahrhundert wurden auch barocke Pferderassen (zum Beispiel Neapolitaner, Spanier, Kladruber) in die Rasse eingekreuzt, um sie zu veredeln. Diese leichteren Pferde wurden von den Salzburger Erzbisch\u00f6fen auch bei Paradefahrten eingesetzt. Seit 1903 gibt es ein Zuchtbuch und seit 1925 einen Zuchtverband (\u201eARGE Noriker\u201c).<\/p>\n<p>Im 20. Jahrhundert versuchte man, den Noriker etwas leichter zu machen, sodass aus dem urspr\u00fcnglichen Wirtschaftspferd zunehmend ein Reit- und Kutschpferd wurde. Im Pinzgau ist der Noriker als Pinzgauer bekannt.<\/p>\n\n<div class=\"related_articles boxed\">\n    <h2>Mehr zum Thema<\/h2>\n    \n    <div class=\"wrapper\"><div class=\"title align-center\"><h3><a href=\"https:\/\/uelzener.de\/magazin\/pferd\/haeufige-fragen\/wie-viel-ps-hat-pferd\/\">Wie viel PS hat ein Pferd?<\/a><\/h3><\/div><div class=\"img align-center\"><img decoding=\"async\" width=\"315\" height=\"180\" src=\"https:\/\/uelzener.de\/magazin\/app\/uploads\/2023\/10\/wie-viel-ps-hat-pferd-315x180.jpg\" class=\"attachment-315x180 size-315x180 wp-post-image\" alt=\"Pferd beim Pferderennen: Wie viel PS hat ein Pferd?\" \/><\/div><\/div><div class=\"wrapper\"><div class=\"title align-center\"><h3><a href=\"https:\/\/uelzener.de\/magazin\/pferd\/haeufige-fragen\/haeufige-reitunfaelle\/\">H\u00e4ufige Reitunf\u00e4lle: Wobei verletzen sich Reiter:innen und Pferd am meisten?<\/a><\/h3><\/div><div class=\"img align-center\"><img decoding=\"async\" width=\"315\" height=\"180\" src=\"https:\/\/uelzener.de\/magazin\/app\/uploads\/2023\/05\/reitunfaelle-315x180.jpeg\" class=\"attachment-315x180 size-315x180 wp-post-image\" alt=\"Reiterin f\u00e4llt bei einem Reitunfall vom Pferd.\" \/><\/div><\/div><div class=\"wrapper\"><div class=\"title align-center\"><h3><a href=\"https:\/\/uelzener.de\/magazin\/pferd\/rasseportrait\/robustpferde-urspruenglich-anpassungsfaehig-vielseitig\/\">Robustpferde: Urspr\u00fcnglich, anpassungsf\u00e4hig, vielseitig<\/a><\/h3><\/div><div class=\"img align-center\"><img decoding=\"async\" width=\"315\" height=\"180\" src=\"https:\/\/uelzener.de\/magazin\/app\/uploads\/2025\/01\/islandpferde-robustpferde-315x180.jpg\" class=\"attachment-315x180 size-315x180 wp-post-image\" alt=\"Drei Islandpferde stehen auf einer Wiese\" \/><\/div><\/div><\/div>\n\n<h2>Aussehen<\/h2>\n<p>Der Noriker ist heutzutage ein mittelschweres Pferd mit einem durchschnittlichen Stockma\u00df zwischen 158 und 165 cm. Es hat einen kr\u00e4ftigen und kompakten K\u00f6rperbau, Ramsnasen und lange M\u00e4hne zeugen von den barocken Einschl\u00e4gen.<\/p>\n<p>Bei den Fellfarben gibt es eine gro\u00dfe Bandbreite: Neben Rappen, F\u00fcchsen, Braunen und Schimmeln kommen Schecken, Tigerschecken und Mohrenk\u00f6pfe\/Blauschimmel vor.<\/p>\n<h2>Einsatz<\/h2>\n<p>Durch seine Herkunft ist er anspruchslos, robust und gesund. Er eignet sich besonders f\u00fcr den Fahrsport, aber auch als verl\u00e4ssliches Freizeitpferd, besonders f\u00fcr Ausritte und f\u00fcr ruhige Wanderritte. Aber auch f\u00fcr die \u201eklassischen\u201c Kaltblutaufgaben wie zum Beispiel Holzr\u00fccken ist er bestens geeignet und wird in der Forstwirtschaft in bergigem Gel\u00e4nde wieder eingesetzt.<\/p>\n<h2>Charakter<\/h2>\n<p>In puncto Haltung ist der Noriker unkompliziert. Offenstallhaltung mit mehreren Kameraden gleichen Temperaments, regelm\u00e4\u00dfige Bewegung und sachgerechte F\u00fctterung mit kontrolliertem Weidegang (wegen der schlanken Linie) sind f\u00fcr ihn optimal. Ansonsten ist der Noriker pflegeleicht und nicht krankheitsanf\u00e4llig. Das bedeutet aber nicht, dass keine Pferde-Krankenversicherung ben\u00f6tigt wird, da es leider trotzdem immer mal zu Reitunf\u00e4llen aber auch Krankheiten kommen kann. Durch seine Herkunft macht ihm raues Wetter nichts aus, vorausgesetzt er hat einen geeigneten Unterstand (passend f\u00fcr seine K\u00f6rperma\u00dfe!) und einen matschfreien Auslauf. Dann wird man an dem entspannten Pferd viel Freude haben.<\/p>\n\n<div class=\"banner\">\n    <a href=\"https:\/\/uelzener.de\/pferd\/herden-versicherung\/?agt=0000104925&sem=true&utm_medium=magazin&utm_source=wordpress&utm_campaign=pferd_kv&utm_content=banner    \">\n        <img decoding=\"async\" width=\"300\" height=\"212\" src=\"https:\/\/uelzener.de\/magazin\/app\/uploads\/2025\/01\/Pferde-Kranken-Versicherung.jpg\" class=\"attachment-medium size-medium\" alt=\"Banner Pferde-Kranken-Versicherung\" \/>    <\/a>\n<\/div>\n\n","protected":false},"excerpt":{"rendered":"<p>Wer sich f\u00fcr einen Noriker interessiert, bekommt ein entspanntes Pferd, das auch f\u00fcr Anf\u00e4nger geeignet ist. Als ehemaliges Gebirgspferd ist er ausgeglichen, trittsicher und verl\u00e4sslich. Herkunft Die Urspr\u00fcnge des Norikers reichen weit in die Vergangenheit zur\u00fcck. Namensgebend f\u00fcr den Noriker ist die r\u00f6mische Provinz Noricum, die Teile der \u00f6stlichen Alpen (z. B. K\u00e4rnten, Steiermark, Salzburg) [&hellip;]<\/p>\n","protected":false},"author":1,"featured_media":10844,"parent":2490,"menu_order":7,"comment_status":"open","ping_status":"open","template":"templates\/blog.php","meta":{"_acf_changed":false,"_crdt_document":"","footnotes":"","beyondwords_generate_audio":"","beyondwords_project_id":"","beyondwords_content_id":"","beyondwords_preview_token":"","beyondwords_player_style":"","beyondwords_language_id":"","beyondwords_title_voice_id":"","beyondwords_body_voice_id":"","beyondwords_summary_voice_id":"","beyondwords_error_message":"","beyondwords_disabled":"","beyondwords_delete_content":"","beyondwords_podcast_id":"","beyondwords_hash":"","publish_post_to_speechkit":"","speechkit_hash":"","speechkit_generate_audio":"","speechkit_project_id":"","speechkit_podcast_id":"","speechkit_error_message":"","speechkit_disabled":"","speechkit_access_key":"","speechkit_error":"","speechkit_info":"","speechkit_response":"","speechkit_retries":"","speechkit_status":"","speechkit_updated_at":"","_speechkit_link":"","_speechkit_text":""},"class_list":["post-10255","page","type-page","status-publish","has-post-thumbnail","hentry"],"acf":[],"yoast_head":"<!-- This site is optimized with the Yoast SEO Premium plugin  - https:\/\/yoast.com\/product\/yoast-seo-premium-wordpress\/ -->\n<title>Noriker im Rasseportrait \u2013 Herkunft, Aussehen &amp; Charakter | Uelzener<\/title>\n<meta name=\"description\" content=\"Erfahre alles zur Pferderasse Noriker \u2713 Herkunft \u2713 Aussehen \u2713 Gr\u00f6\u00dfe \u2713 Charakter \u2713 Haltung \u25b6 Hier informieren!\" \/>\n<meta name=\"robots\" content=\"index, follow, max-snippet:-1, max-image-preview:large, max-video-preview:-1\" \/>\n<link rel=\"canonical\" href=\"https:\/\/uelzener.de\/magazin\/pferd\/rasseportrait\/noriker\/\" \/>\n<meta property=\"og:locale\" content=\"de_DE\" \/>\n<meta property=\"og:type\" content=\"article\" \/>\n<meta property=\"og:title\" content=\"Der Noriker: vielseitiges Schwergewicht aus den Alpen\" \/>\n<meta property=\"og:description\" content=\"Erfahre alles zur Pferderasse Noriker \u2713 Herkunft \u2713 Aussehen \u2713 Gr\u00f6\u00dfe \u2713 Charakter \u2713 Haltung \u25b6 Hier informieren!\" \/>\n<meta property=\"og:url\" content=\"https:\/\/uelzener.de\/magazin\/pferd\/rasseportrait\/noriker\/\" \/>\n<meta property=\"og:site_name\" content=\"Uelzener Tier-Magazin\" \/>\n<meta property=\"article:publisher\" content=\"https:\/\/www.facebook.com\/Uelzener\" \/>\n<meta property=\"article:modified_time\" content=\"2025-09-11T09:47:44+00:00\" \/>\n<meta property=\"og:image\" content=\"https:\/\/uelzener.de\/magazin\/app\/uploads\/2018\/10\/031e5048-0ddd-489d-a428-5fa49419b63d.jpg\" \/>\n\t<meta property=\"og:image:width\" content=\"650\" \/>\n\t<meta property=\"og:image:height\" content=\"433\" \/>\n\t<meta property=\"og:image:type\" content=\"image\/jpeg\" \/>\n<meta name=\"twitter:card\" content=\"summary_large_image\" \/>\n<meta name=\"twitter:label1\" content=\"Gesch\u00e4tzte Lesezeit\" \/>\n\t<meta name=\"twitter:data1\" content=\"3\u00a0Minuten\" \/>\n<script type=\"application\/ld+json\" class=\"yoast-schema-graph\">{\"@context\":\"https:\/\/schema.org\",\"@graph\":[{\"@type\":\"WebPage\",\"@id\":\"https:\/\/uelzener.de\/magazin\/pferd\/rasseportrait\/noriker\/\",\"url\":\"https:\/\/uelzener.de\/magazin\/pferd\/rasseportrait\/noriker\/\",\"name\":\"Noriker im Rasseportrait \u2013 Herkunft, Aussehen & Charakter | Uelzener\",\"isPartOf\":{\"@id\":\"https:\/\/uelzener.de\/magazin\/#website\"},\"primaryImageOfPage\":{\"@id\":\"https:\/\/uelzener.de\/magazin\/pferd\/rasseportrait\/noriker\/#primaryimage\"},\"image\":{\"@id\":\"https:\/\/uelzener.de\/magazin\/pferd\/rasseportrait\/noriker\/#primaryimage\"},\"thumbnailUrl\":\"https:\/\/uelzener.de\/magazin\/app\/uploads\/2018\/10\/031e5048-0ddd-489d-a428-5fa49419b63d.jpg\",\"datePublished\":\"2018-10-17T00:00:00+00:00\",\"dateModified\":\"2025-09-11T09:47:44+00:00\",\"description\":\"Erfahre alles zur Pferderasse Noriker \u2713 Herkunft \u2713 Aussehen \u2713 Gr\u00f6\u00dfe \u2713 Charakter \u2713 Haltung \u25b6 Hier informieren!\",\"breadcrumb\":{\"@id\":\"https:\/\/uelzener.de\/magazin\/pferd\/rasseportrait\/noriker\/#breadcrumb\"},\"inLanguage\":\"de\",\"potentialAction\":[{\"@type\":\"ReadAction\",\"target\":[\"https:\/\/uelzener.de\/magazin\/pferd\/rasseportrait\/noriker\/\"]}]},{\"@type\":\"ImageObject\",\"inLanguage\":\"de\",\"@id\":\"https:\/\/uelzener.de\/magazin\/pferd\/rasseportrait\/noriker\/#primaryimage\",\"url\":\"https:\/\/uelzener.de\/magazin\/app\/uploads\/2018\/10\/031e5048-0ddd-489d-a428-5fa49419b63d.jpg\",\"contentUrl\":\"https:\/\/uelzener.de\/magazin\/app\/uploads\/2018\/10\/031e5048-0ddd-489d-a428-5fa49419b63d.jpg\",\"width\":650,\"height\":433,\"caption\":\"Ein dunkelbrauner Noriker steht vor einen bergigen Waldlandschaft.\"},{\"@type\":\"WebSite\",\"@id\":\"https:\/\/uelzener.de\/magazin\/#website\",\"url\":\"https:\/\/uelzener.de\/magazin\/\",\"name\":\"Uelzener Tiermagazin\",\"description\":\"Online Tierratgeber der Uelzener Versicherungen\",\"publisher\":{\"@id\":\"https:\/\/uelzener.de\/magazin\/#organization\"},\"potentialAction\":[{\"@type\":\"SearchAction\",\"target\":{\"@type\":\"EntryPoint\",\"urlTemplate\":\"https:\/\/uelzener.de\/magazin\/?s={search_term_string}\"},\"query-input\":{\"@type\":\"PropertyValueSpecification\",\"valueRequired\":true,\"valueName\":\"search_term_string\"}}],\"inLanguage\":\"de\"},{\"@type\":\"Organization\",\"@id\":\"https:\/\/uelzener.de\/magazin\/#organization\",\"name\":\"Uelzener Versicherungen\",\"url\":\"https:\/\/uelzener.de\/magazin\/\",\"logo\":{\"@type\":\"ImageObject\",\"inLanguage\":\"de\",\"@id\":\"https:\/\/uelzener.de\/magazin\/#\/schema\/logo\/image\/\",\"url\":\"https:\/\/uelzener.de\/magazin\/app\/uploads\/2024\/11\/uelzener_allgemeine_versicherungsgesellschaft_a_g_logo.jpg\",\"contentUrl\":\"https:\/\/uelzener.de\/magazin\/app\/uploads\/2024\/11\/uelzener_allgemeine_versicherungsgesellschaft_a_g_logo.jpg\",\"width\":200,\"height\":200,\"caption\":\"Uelzener Versicherungen\"},\"image\":{\"@id\":\"https:\/\/uelzener.de\/magazin\/#\/schema\/logo\/image\/\"},\"sameAs\":[\"https:\/\/www.facebook.com\/Uelzener\",\"https:\/\/instagram.com\/uelzener\",\"https:\/\/www.xing.com\/pages\/uelzenerallgemeineversicherungs-gesellschafta-g\",\"https:\/\/www.youtube.com\/UelzenerVersicherungen\"]}]}<\/script>\n<!-- \/ Yoast SEO Premium plugin. -->","yoast_head_json":{"title":"Noriker im Rasseportrait \u2013 Herkunft, Aussehen & Charakter | Uelzener","description":"Erfahre alles zur Pferderasse Noriker \u2713 Herkunft \u2713 Aussehen \u2713 Gr\u00f6\u00dfe \u2713 Charakter \u2713 Haltung \u25b6 Hier informieren!","robots":{"index":"index","follow":"follow","max-snippet":"max-snippet:-1","max-image-preview":"max-image-preview:large","max-video-preview":"max-video-preview:-1"},"canonical":"https:\/\/uelzener.de\/magazin\/pferd\/rasseportrait\/noriker\/","og_locale":"de_DE","og_type":"article","og_title":"Der Noriker: vielseitiges Schwergewicht aus den Alpen","og_description":"Erfahre alles zur Pferderasse Noriker \u2713 Herkunft \u2713 Aussehen \u2713 Gr\u00f6\u00dfe \u2713 Charakter \u2713 Haltung \u25b6 Hier informieren!","og_url":"https:\/\/uelzener.de\/magazin\/pferd\/rasseportrait\/noriker\/","og_site_name":"Uelzener Tier-Magazin","article_publisher":"https:\/\/www.facebook.com\/Uelzener","article_modified_time":"2025-09-11T09:47:44+00:00","og_image":[{"width":650,"height":433,"url":"https:\/\/uelzener.de\/magazin\/app\/uploads\/2018\/10\/031e5048-0ddd-489d-a428-5fa49419b63d.jpg","type":"image\/jpeg"}],"twitter_card":"summary_large_image","twitter_misc":{"Gesch\u00e4tzte Lesezeit":"3\u00a0Minuten"},"schema":{"@context":"https:\/\/schema.org","@graph":[{"@type":"WebPage","@id":"https:\/\/uelzener.de\/magazin\/pferd\/rasseportrait\/noriker\/","url":"https:\/\/uelzener.de\/magazin\/pferd\/rasseportrait\/noriker\/","name":"Noriker im Rasseportrait \u2013 Herkunft, Aussehen & Charakter | Uelzener","isPartOf":{"@id":"https:\/\/uelzener.de\/magazin\/#website"},"primaryImageOfPage":{"@id":"https:\/\/uelzener.de\/magazin\/pferd\/rasseportrait\/noriker\/#primaryimage"},"image":{"@id":"https:\/\/uelzener.de\/magazin\/pferd\/rasseportrait\/noriker\/#primaryimage"},"thumbnailUrl":"https:\/\/uelzener.de\/magazin\/app\/uploads\/2018\/10\/031e5048-0ddd-489d-a428-5fa49419b63d.jpg","datePublished":"2018-10-17T00:00:00+00:00","dateModified":"2025-09-11T09:47:44+00:00","description":"Erfahre alles zur Pferderasse Noriker \u2713 Herkunft \u2713 Aussehen \u2713 Gr\u00f6\u00dfe \u2713 Charakter \u2713 Haltung \u25b6 Hier informieren!","breadcrumb":{"@id":"https:\/\/uelzener.de\/magazin\/pferd\/rasseportrait\/noriker\/#breadcrumb"},"inLanguage":"de","potentialAction":[{"@type":"ReadAction","target":["https:\/\/uelzener.de\/magazin\/pferd\/rasseportrait\/noriker\/"]}]},{"@type":"ImageObject","inLanguage":"de","@id":"https:\/\/uelzener.de\/magazin\/pferd\/rasseportrait\/noriker\/#primaryimage","url":"https:\/\/uelzener.de\/magazin\/app\/uploads\/2018\/10\/031e5048-0ddd-489d-a428-5fa49419b63d.jpg","contentUrl":"https:\/\/uelzener.de\/magazin\/app\/uploads\/2018\/10\/031e5048-0ddd-489d-a428-5fa49419b63d.jpg","width":650,"height":433,"caption":"Ein dunkelbrauner Noriker steht vor einen bergigen Waldlandschaft."},{"@type":"WebSite","@id":"https:\/\/uelzener.de\/magazin\/#website","url":"https:\/\/uelzener.de\/magazin\/","name":"Uelzener Tiermagazin","description":"Online Tierratgeber der Uelzener Versicherungen","publisher":{"@id":"https:\/\/uelzener.de\/magazin\/#organization"},"potentialAction":[{"@type":"SearchAction","target":{"@type":"EntryPoint","urlTemplate":"https:\/\/uelzener.de\/magazin\/?s={search_term_string}"},"query-input":{"@type":"PropertyValueSpecification","valueRequired":true,"valueName":"search_term_string"}}],"inLanguage":"de"},{"@type":"Organization","@id":"https:\/\/uelzener.de\/magazin\/#organization","name":"Uelzener Versicherungen","url":"https:\/\/uelzener.de\/magazin\/","logo":{"@type":"ImageObject","inLanguage":"de","@id":"https:\/\/uelzener.de\/magazin\/#\/schema\/logo\/image\/","url":"https:\/\/uelzener.de\/magazin\/app\/uploads\/2024\/11\/uelzener_allgemeine_versicherungsgesellschaft_a_g_logo.jpg","contentUrl":"https:\/\/uelzener.de\/magazin\/app\/uploads\/2024\/11\/uelzener_allgemeine_versicherungsgesellschaft_a_g_logo.jpg","width":200,"height":200,"caption":"Uelzener Versicherungen"},"image":{"@id":"https:\/\/uelzener.de\/magazin\/#\/schema\/logo\/image\/"},"sameAs":["https:\/\/www.facebook.com\/Uelzener","https:\/\/instagram.com\/uelzener","https:\/\/www.xing.com\/pages\/uelzenerallgemeineversicherungs-gesellschafta-g","https:\/\/www.youtube.com\/UelzenerVersicherungen"]}]}},"_links":{"self":[{"href":"https:\/\/uelzener.de\/magazin\/wp-json\/wp\/v2\/pages\/10255","targetHints":{"allow":["GET"]}}],"collection":[{"href":"https:\/\/uelzener.de\/magazin\/wp-json\/wp\/v2\/pages"}],"about":[{"href":"https:\/\/uelzener.de\/magazin\/wp-json\/wp\/v2\/types\/page"}],"author":[{"embeddable":true,"href":"https:\/\/uelzener.de\/magazin\/wp-json\/wp\/v2\/users\/1"}],"replies":[{"embeddable":true,"href":"https:\/\/uelzener.de\/magazin\/wp-json\/wp\/v2\/comments?post=10255"}],"version-history":[{"count":11,"href":"https:\/\/uelzener.de\/magazin\/wp-json\/wp\/v2\/pages\/10255\/revisions"}],"predecessor-version":[{"id":19206,"href":"https:\/\/uelzener.de\/magazin\/wp-json\/wp\/v2\/pages\/10255\/revisions\/19206"}],"up":[{"embeddable":true,"href":"https:\/\/uelzener.de\/magazin\/wp-json\/wp\/v2\/pages\/2490"}],"wp:featuredmedia":[{"embeddable":true,"href":"https:\/\/uelzener.de\/magazin\/wp-json\/wp\/v2\/media\/10844"}],"wp:attachment":[{"href":"https:\/\/uelzener.de\/magazin\/wp-json\/wp\/v2\/media?parent=10255"}],"curies":[{"name":"wp","href":"https:\/\/api.w.org\/{rel}","templated":true}]}}