{"id":10249,"date":"2015-11-12T00:00:00","date_gmt":"2015-11-12T00:00:00","guid":{"rendered":""},"modified":"2023-02-21T09:14:28","modified_gmt":"2023-02-21T08:14:28","slug":"shire-horse","status":"publish","type":"page","link":"https:\/\/uelzener.de\/magazin\/pferd\/rasseportrait\/shire-horse\/","title":{"rendered":"Shire Horse"},"content":{"rendered":"<p><strong>Das Shire Horse blickt auf eine lange Geschichte zur\u00fcck. Seine Vorfahren kamen mit den Normannen nach England und wurden urspr\u00fcnglich als Ritterpferde gez\u00fcchtet, die geeignet waren, das Gewicht des Ritters samt R\u00fcstung zu tragen. Als man kein Ritterpferde mehr ben\u00f6tigte, wurde es als Acker- und Kutschpferd verwendet. Mit Beginn der industriellen Revolution stieg der Bedarf an starken Arbeitspferden zun\u00e4chst, bis er durch die Erfindung der Dampfmaschine wieder sank. Dadurch schwand auch die Zahl der Shire Horses. Allerdings bem\u00fchten sich verschiedene Z\u00fcchter, unter ihnen auch englische Brauereien, um den Erhalt der gro\u00dfen Pferde. Einige Brauereien haben bis heute Showgespanne mit Shire Horses. Die \u201eShire Horse Society\u201c wurde bereits 1878 gegr\u00fcndet.<\/strong><\/p>\n<p>Das durchschnittliche Stockma\u00df liegt bei Shire Horses um 1,75 m. Es gibt aber auch einzelne Pferde, die eine Gr\u00f6\u00dfe \u00fcber 1,90 m erreichen. Damit gilt das Shire Horse als die gr\u00f6\u00dfte Pferderasse der Welt. Braune kommen am h\u00e4ufigsten vor, gefolgt von Rappen und Schimmeln. Typisch f\u00fcr das Shire Horse sind seine gro\u00dffl\u00e4chigen Abzeichen und der starke Behang an den Fesseln. Neben den schweren gibt es heute auch leichtere Vertreter. Shire Horses werden in Shows, als Therapie-, Reit- und Kutschpferde genutzt. Auch in der Forstwirtschaft wird das Shire Horse dank seiner legend\u00e4ren Zugkraft wieder\u00a0 eingesetzt.<\/p>\n<p>Den Namen \u201eShire Horse\u201c bekamen die starken Pferde, weil sie haupts\u00e4chlich in englischen Grafschaften (\u201eShires\u201c) gez\u00fcchtet wurden. Sie werden oft als \u201egentle giants\u201c (sanfte Riesen) bezeichnet, denn sie sind trotz Gr\u00f6\u00dfe und Kraft im Umgang ruhig, freundlich und menschenbezogen. Sie eignen sich zum Kutsche fahren ebenso wie f\u00fcr lange, entspannte Ausritte, gerade wegen ihrer Gelassenheit und Nervenst\u00e4rke. F\u00fcr h\u00f6here Dressurlektionen oder Springen sind sie aufgrund ihres Gewichts (bis 1200 kg) nicht geeignet.<\/p>\n<p>Shire Horses sind Sp\u00e4tentwickler. Auch wenn sie bereits als J\u00e4hrlinge sehr gro\u00df sind, sollte man ihnen Zeit bis zum f\u00fcnften Lebensjahr geben, bevor sie eingeritten werden. Beim Kauf eines Shire Horse ist zudem zu beachten, dass eine herk\u00f6mmliche Box schlichtweg zu klein ist. Hier sollte entweder eine besonders gro\u00dfe Box vorhanden sein, oder ein Offenstall. Auch bei der Anschaffung von Sattel, Trense und weiterem Zubeh\u00f6r muss bedacht werden, dass die Auswahl in \u201eShire-Gr\u00f6\u00dfe\u201c\u00a0 etwas kleiner ist.<\/p>\n<p>Ansonsten sind Shire Horses unkomplizierte Pferde. Lediglich die Fesseln sollten regelm\u00e4\u00dfig nach Anzeichen von Mauke abgetastet werden und der Behang muss gepflegt werden. Zur Vorbeugung sollte das Shire Horse (wie alle anderen Pferde auch) nicht dauerhaft im Matsch stehen und der Auslauf sollte t\u00e4glich mehrmals abgesammelt werden. Als Futter sind neben gutem Heu und Weidegang auf nicht zu fetter Weide Mineralfutter und nur wenig Kraftfutter (je nach Leistung) ausreichend. So kann man seinem sanften Riesen ein sch\u00f6nes und artgerechtes Leben bieten.<\/p>\n","protected":false},"excerpt":{"rendered":"<p>Das Shire Horse blickt auf eine lange Geschichte zur\u00fcck. Seine Vorfahren kamen mit den Normannen nach England und wurden urspr\u00fcnglich als Ritterpferde gez\u00fcchtet, die geeignet waren, das Gewicht des Ritters samt R\u00fcstung zu tragen. Als man kein Ritterpferde mehr ben\u00f6tigte, wurde es als Acker- und Kutschpferd verwendet. Mit Beginn der industriellen Revolution stieg der Bedarf [&hellip;]<\/p>\n","protected":false},"author":1,"featured_media":10838,"parent":2490,"menu_order":5,"comment_status":"open","ping_status":"open","template":"templates\/blog.php","meta":{"_acf_changed":false,"_crdt_document":"","footnotes":"","beyondwords_generate_audio":"","beyondwords_project_id":"","beyondwords_content_id":"","beyondwords_preview_token":"","beyondwords_player_style":"","beyondwords_language_id":"","beyondwords_title_voice_id":"","beyondwords_body_voice_id":"","beyondwords_summary_voice_id":"","beyondwords_error_message":"","beyondwords_disabled":"","beyondwords_delete_content":"","beyondwords_podcast_id":"","beyondwords_hash":"","publish_post_to_speechkit":"","speechkit_hash":"","speechkit_generate_audio":"","speechkit_project_id":"","speechkit_podcast_id":"","speechkit_error_message":"","speechkit_disabled":"","speechkit_access_key":"","speechkit_error":"","speechkit_info":"","speechkit_response":"","speechkit_retries":"","speechkit_status":"","speechkit_updated_at":"","_speechkit_link":"","_speechkit_text":""},"class_list":["post-10249","page","type-page","status-publish","has-post-thumbnail","hentry"],"acf":[],"yoast_head":"<!-- This site is optimized with the Yoast SEO Premium plugin  - https:\/\/yoast.com\/product\/yoast-seo-premium-wordpress\/ -->\n<title>Shire Horse | Uelzener<\/title>\n<meta name=\"robots\" content=\"index, follow, max-snippet:-1, max-image-preview:large, max-video-preview:-1\" \/>\n<link rel=\"canonical\" href=\"https:\/\/uelzener.de\/magazin\/pferd\/rasseportrait\/shire-horse\/\" \/>\n<meta property=\"og:locale\" content=\"de_DE\" \/>\n<meta property=\"og:type\" content=\"article\" \/>\n<meta property=\"og:title\" content=\"Shire Horse\" \/>\n<meta property=\"og:description\" content=\"Das Shire Horse blickt auf eine lange Geschichte zur\u00fcck. Seine Vorfahren kamen mit den Normannen nach England und wurden urspr\u00fcnglich als Ritterpferde gez\u00fcchtet, die geeignet waren, das Gewicht des Ritters samt R\u00fcstung zu tragen. Als man kein Ritterpferde mehr ben\u00f6tigte, wurde es als Acker- und Kutschpferd verwendet. Mit Beginn der industriellen Revolution stieg der Bedarf [&hellip;]\" \/>\n<meta property=\"og:url\" content=\"https:\/\/uelzener.de\/magazin\/pferd\/rasseportrait\/shire-horse\/\" \/>\n<meta property=\"og:site_name\" content=\"Uelzener Tier-Magazin\" \/>\n<meta property=\"article:publisher\" content=\"https:\/\/www.facebook.com\/Uelzener\" \/>\n<meta property=\"article:modified_time\" content=\"2023-02-21T08:14:28+00:00\" \/>\n<meta property=\"og:image\" content=\"https:\/\/uelzener.de\/magazin\/app\/uploads\/2015\/11\/1841022a-c8e4-48f0-8ac9-828e8f99abbd.jpg\" \/>\n\t<meta property=\"og:image:width\" content=\"650\" \/>\n\t<meta property=\"og:image:height\" content=\"432\" \/>\n\t<meta property=\"og:image:type\" content=\"image\/jpeg\" \/>\n<meta name=\"twitter:card\" content=\"summary_large_image\" \/>\n<meta name=\"twitter:label1\" content=\"Gesch\u00e4tzte Lesezeit\" \/>\n\t<meta name=\"twitter:data1\" content=\"2\u00a0Minuten\" \/>\n<script type=\"application\/ld+json\" class=\"yoast-schema-graph\">{\"@context\":\"https:\/\/schema.org\",\"@graph\":[{\"@type\":\"WebPage\",\"@id\":\"https:\/\/uelzener.de\/magazin\/pferd\/rasseportrait\/shire-horse\/\",\"url\":\"https:\/\/uelzener.de\/magazin\/pferd\/rasseportrait\/shire-horse\/\",\"name\":\"Shire Horse | Uelzener\",\"isPartOf\":{\"@id\":\"https:\/\/uelzener.de\/magazin\/#website\"},\"primaryImageOfPage\":{\"@id\":\"https:\/\/uelzener.de\/magazin\/pferd\/rasseportrait\/shire-horse\/#primaryimage\"},\"image\":{\"@id\":\"https:\/\/uelzener.de\/magazin\/pferd\/rasseportrait\/shire-horse\/#primaryimage\"},\"thumbnailUrl\":\"https:\/\/uelzener.de\/magazin\/app\/uploads\/2015\/11\/1841022a-c8e4-48f0-8ac9-828e8f99abbd.jpg\",\"datePublished\":\"2015-11-12T00:00:00+00:00\",\"dateModified\":\"2023-02-21T08:14:28+00:00\",\"breadcrumb\":{\"@id\":\"https:\/\/uelzener.de\/magazin\/pferd\/rasseportrait\/shire-horse\/#breadcrumb\"},\"inLanguage\":\"de\",\"potentialAction\":[{\"@type\":\"ReadAction\",\"target\":[\"https:\/\/uelzener.de\/magazin\/pferd\/rasseportrait\/shire-horse\/\"]}]},{\"@type\":\"ImageObject\",\"inLanguage\":\"de\",\"@id\":\"https:\/\/uelzener.de\/magazin\/pferd\/rasseportrait\/shire-horse\/#primaryimage\",\"url\":\"https:\/\/uelzener.de\/magazin\/app\/uploads\/2015\/11\/1841022a-c8e4-48f0-8ac9-828e8f99abbd.jpg\",\"contentUrl\":\"https:\/\/uelzener.de\/magazin\/app\/uploads\/2015\/11\/1841022a-c8e4-48f0-8ac9-828e8f99abbd.jpg\",\"width\":650,\"height\":432,\"caption\":\"Ein dunkelbraunes Shire Horse gallopiert majest\u00e4tisch \u00fcber eine Wiese\"},{\"@type\":\"WebSite\",\"@id\":\"https:\/\/uelzener.de\/magazin\/#website\",\"url\":\"https:\/\/uelzener.de\/magazin\/\",\"name\":\"Uelzener Tiermagazin\",\"description\":\"Online Tierratgeber der Uelzener Versicherungen\",\"publisher\":{\"@id\":\"https:\/\/uelzener.de\/magazin\/#organization\"},\"potentialAction\":[{\"@type\":\"SearchAction\",\"target\":{\"@type\":\"EntryPoint\",\"urlTemplate\":\"https:\/\/uelzener.de\/magazin\/?s={search_term_string}\"},\"query-input\":{\"@type\":\"PropertyValueSpecification\",\"valueRequired\":true,\"valueName\":\"search_term_string\"}}],\"inLanguage\":\"de\"},{\"@type\":\"Organization\",\"@id\":\"https:\/\/uelzener.de\/magazin\/#organization\",\"name\":\"Uelzener Versicherungen\",\"url\":\"https:\/\/uelzener.de\/magazin\/\",\"logo\":{\"@type\":\"ImageObject\",\"inLanguage\":\"de\",\"@id\":\"https:\/\/uelzener.de\/magazin\/#\/schema\/logo\/image\/\",\"url\":\"https:\/\/uelzener.de\/magazin\/app\/uploads\/2024\/11\/uelzener_allgemeine_versicherungsgesellschaft_a_g_logo.jpg\",\"contentUrl\":\"https:\/\/uelzener.de\/magazin\/app\/uploads\/2024\/11\/uelzener_allgemeine_versicherungsgesellschaft_a_g_logo.jpg\",\"width\":200,\"height\":200,\"caption\":\"Uelzener Versicherungen\"},\"image\":{\"@id\":\"https:\/\/uelzener.de\/magazin\/#\/schema\/logo\/image\/\"},\"sameAs\":[\"https:\/\/www.facebook.com\/Uelzener\",\"https:\/\/instagram.com\/uelzener\",\"https:\/\/www.xing.com\/pages\/uelzenerallgemeineversicherungs-gesellschafta-g\",\"https:\/\/www.youtube.com\/UelzenerVersicherungen\"]}]}<\/script>\n<!-- \/ Yoast SEO Premium plugin. -->","yoast_head_json":{"title":"Shire Horse | Uelzener","robots":{"index":"index","follow":"follow","max-snippet":"max-snippet:-1","max-image-preview":"max-image-preview:large","max-video-preview":"max-video-preview:-1"},"canonical":"https:\/\/uelzener.de\/magazin\/pferd\/rasseportrait\/shire-horse\/","og_locale":"de_DE","og_type":"article","og_title":"Shire Horse","og_description":"Das Shire Horse blickt auf eine lange Geschichte zur\u00fcck. Seine Vorfahren kamen mit den Normannen nach England und wurden urspr\u00fcnglich als Ritterpferde gez\u00fcchtet, die geeignet waren, das Gewicht des Ritters samt R\u00fcstung zu tragen. Als man kein Ritterpferde mehr ben\u00f6tigte, wurde es als Acker- und Kutschpferd verwendet. Mit Beginn der industriellen Revolution stieg der Bedarf [&hellip;]","og_url":"https:\/\/uelzener.de\/magazin\/pferd\/rasseportrait\/shire-horse\/","og_site_name":"Uelzener Tier-Magazin","article_publisher":"https:\/\/www.facebook.com\/Uelzener","article_modified_time":"2023-02-21T08:14:28+00:00","og_image":[{"width":650,"height":432,"url":"https:\/\/uelzener.de\/magazin\/app\/uploads\/2015\/11\/1841022a-c8e4-48f0-8ac9-828e8f99abbd.jpg","type":"image\/jpeg"}],"twitter_card":"summary_large_image","twitter_misc":{"Gesch\u00e4tzte Lesezeit":"2\u00a0Minuten"},"schema":{"@context":"https:\/\/schema.org","@graph":[{"@type":"WebPage","@id":"https:\/\/uelzener.de\/magazin\/pferd\/rasseportrait\/shire-horse\/","url":"https:\/\/uelzener.de\/magazin\/pferd\/rasseportrait\/shire-horse\/","name":"Shire Horse | Uelzener","isPartOf":{"@id":"https:\/\/uelzener.de\/magazin\/#website"},"primaryImageOfPage":{"@id":"https:\/\/uelzener.de\/magazin\/pferd\/rasseportrait\/shire-horse\/#primaryimage"},"image":{"@id":"https:\/\/uelzener.de\/magazin\/pferd\/rasseportrait\/shire-horse\/#primaryimage"},"thumbnailUrl":"https:\/\/uelzener.de\/magazin\/app\/uploads\/2015\/11\/1841022a-c8e4-48f0-8ac9-828e8f99abbd.jpg","datePublished":"2015-11-12T00:00:00+00:00","dateModified":"2023-02-21T08:14:28+00:00","breadcrumb":{"@id":"https:\/\/uelzener.de\/magazin\/pferd\/rasseportrait\/shire-horse\/#breadcrumb"},"inLanguage":"de","potentialAction":[{"@type":"ReadAction","target":["https:\/\/uelzener.de\/magazin\/pferd\/rasseportrait\/shire-horse\/"]}]},{"@type":"ImageObject","inLanguage":"de","@id":"https:\/\/uelzener.de\/magazin\/pferd\/rasseportrait\/shire-horse\/#primaryimage","url":"https:\/\/uelzener.de\/magazin\/app\/uploads\/2015\/11\/1841022a-c8e4-48f0-8ac9-828e8f99abbd.jpg","contentUrl":"https:\/\/uelzener.de\/magazin\/app\/uploads\/2015\/11\/1841022a-c8e4-48f0-8ac9-828e8f99abbd.jpg","width":650,"height":432,"caption":"Ein dunkelbraunes Shire Horse gallopiert majest\u00e4tisch \u00fcber eine Wiese"},{"@type":"WebSite","@id":"https:\/\/uelzener.de\/magazin\/#website","url":"https:\/\/uelzener.de\/magazin\/","name":"Uelzener Tiermagazin","description":"Online Tierratgeber der Uelzener Versicherungen","publisher":{"@id":"https:\/\/uelzener.de\/magazin\/#organization"},"potentialAction":[{"@type":"SearchAction","target":{"@type":"EntryPoint","urlTemplate":"https:\/\/uelzener.de\/magazin\/?s={search_term_string}"},"query-input":{"@type":"PropertyValueSpecification","valueRequired":true,"valueName":"search_term_string"}}],"inLanguage":"de"},{"@type":"Organization","@id":"https:\/\/uelzener.de\/magazin\/#organization","name":"Uelzener Versicherungen","url":"https:\/\/uelzener.de\/magazin\/","logo":{"@type":"ImageObject","inLanguage":"de","@id":"https:\/\/uelzener.de\/magazin\/#\/schema\/logo\/image\/","url":"https:\/\/uelzener.de\/magazin\/app\/uploads\/2024\/11\/uelzener_allgemeine_versicherungsgesellschaft_a_g_logo.jpg","contentUrl":"https:\/\/uelzener.de\/magazin\/app\/uploads\/2024\/11\/uelzener_allgemeine_versicherungsgesellschaft_a_g_logo.jpg","width":200,"height":200,"caption":"Uelzener Versicherungen"},"image":{"@id":"https:\/\/uelzener.de\/magazin\/#\/schema\/logo\/image\/"},"sameAs":["https:\/\/www.facebook.com\/Uelzener","https:\/\/instagram.com\/uelzener","https:\/\/www.xing.com\/pages\/uelzenerallgemeineversicherungs-gesellschafta-g","https:\/\/www.youtube.com\/UelzenerVersicherungen"]}]}},"_links":{"self":[{"href":"https:\/\/uelzener.de\/magazin\/wp-json\/wp\/v2\/pages\/10249","targetHints":{"allow":["GET"]}}],"collection":[{"href":"https:\/\/uelzener.de\/magazin\/wp-json\/wp\/v2\/pages"}],"about":[{"href":"https:\/\/uelzener.de\/magazin\/wp-json\/wp\/v2\/types\/page"}],"author":[{"embeddable":true,"href":"https:\/\/uelzener.de\/magazin\/wp-json\/wp\/v2\/users\/1"}],"replies":[{"embeddable":true,"href":"https:\/\/uelzener.de\/magazin\/wp-json\/wp\/v2\/comments?post=10249"}],"version-history":[{"count":3,"href":"https:\/\/uelzener.de\/magazin\/wp-json\/wp\/v2\/pages\/10249\/revisions"}],"predecessor-version":[{"id":12253,"href":"https:\/\/uelzener.de\/magazin\/wp-json\/wp\/v2\/pages\/10249\/revisions\/12253"}],"up":[{"embeddable":true,"href":"https:\/\/uelzener.de\/magazin\/wp-json\/wp\/v2\/pages\/2490"}],"wp:featuredmedia":[{"embeddable":true,"href":"https:\/\/uelzener.de\/magazin\/wp-json\/wp\/v2\/media\/10838"}],"wp:attachment":[{"href":"https:\/\/uelzener.de\/magazin\/wp-json\/wp\/v2\/media?parent=10249"}],"curies":[{"name":"wp","href":"https:\/\/api.w.org\/{rel}","templated":true}]}}