{"id":10242,"date":"2017-04-06T00:00:00","date_gmt":"2017-04-06T00:00:00","guid":{"rendered":""},"modified":"2025-09-11T11:51:00","modified_gmt":"2025-09-11T09:51:00","slug":"tinker","status":"publish","type":"page","link":"https:\/\/uelzener.de\/magazin\/pferd\/rasseportrait\/tinker\/","title":{"rendered":"Tinker: ausgeglichene Freizeitpartner"},"content":{"rendered":"<p><strong>Der Tinker ist eine erst seit kurzem bei uns in Mode gekommene Pferderasse. Urspr\u00fcnglich waren Tinker einfache Arbeitspferde, die irische fahrende H\u00e4ndler vor ihre Wagen spannten.<\/strong><\/p>\n<p>Schecken wurden im Mittelalter und in sp\u00e4teren Jahrhunderten h\u00e4ufig von den Zuchten in den Adelsh\u00e4usern ausgeschlossen, da ihre Zeichnung nicht edel genug schien. So kam die einfache Bev\u00f6lkerung g\u00fcnstig zu gescheckten Pferden. Sie wurden oft an das fahrende Volk (in Irland damals abwertend als \u201eTinker\u201c, zu deutsch \u201eKesselflicker\u201c bezeichnet) weiter gegeben, das unter anderem mit dem Sammeln von Altmetall sein Geld verdiente. Da die heute \u201eTraveller\u201c genannten Angeh\u00f6rigen dieser Volksgruppe irischen Ursprungs ein gutes H\u00e4ndchen f\u00fcr Pferde hatten, entstand auch ohne Zuchtbuch eine robuste, nervenstarke und arbeitswillige Pferderasse, zu der unter anderem auch Clydesdales, <a href=\"https:\/\/uelzener.de\/magazin\/pferd\/rasseportrait\/shire-horse\/\">Shire Horses<\/a> und Hackneys ihren Beitrag geleistet haben. Auf \u00e4u\u00dferliche Merkmale wie Gr\u00f6\u00dfe und K\u00f6rperbau wurde weniger Wert gelegt, Hauptsache das Pferd war umg\u00e4nglich, kr\u00e4ftig und gesund.<\/p>\n<p>Der Tinker ist auch heute noch das Pferd der Traveller in Irland. Die Bezeichnung \u201eTinker\u201c wird wegen ihrer negativen Bedeutung allerdings nur in Deutschland verwendet. Im englischen Sprachraum hei\u00dft er Cob, Irish (Coloured) Cob oder Gypsy Cob (Gypsy = Zigeuner). Aufgrund der gro\u00dfen Nachfrage vom Festland wurde 1998 die Irish Cob Society (ICS) gegr\u00fcndet. Tinker, die mit anderen Rassen gekreuzt wurden, werden auch weiterhin als Tinker bezeichnet, allerdings wird nur der Tinker die Anerkennung als Irish Cob erhalten, der die hierf\u00fcr festgelegten Zuchtstandards des Irish Cob Studbook erreicht. Die anderen Pferde k\u00f6nnen als \u201eIrish Cob Kreuzungen\u201c erfasst oder in andere Zuchtb\u00fccher als Tinker eingetragen werden. In Deutschland existieren seit 2005 ein von der FN anerkannter Rassestandard sowie ein Ursprungszuchtbuch f\u00fcr den Tinker. Einen international einheitlichen Zuchtstandard gibt es bisher nicht.<\/p>\n\n<div class=\"banner\">\n    <a href=\"https:\/\/uelzener.de\/pferd\/herden-versicherung\/?agt=0000104925&sem=true&utm_medium=magazin&utm_source=wordpress&utm_campaign=pferd_kv&utm_content=banner    \">\n        <img decoding=\"async\" width=\"300\" height=\"212\" src=\"https:\/\/uelzener.de\/magazin\/app\/uploads\/2025\/01\/Pferde-Kranken-Versicherung.jpg\" class=\"attachment-medium size-medium\" alt=\"Banner Pferde-Kranken-Versicherung\" \/>    <\/a>\n<\/div>\n\n<p>In Deutschland hat der Tinker ein Stockma\u00df von 135 bis 160 cm. Typisch sind f\u00fcr ihn au\u00dferdem der lange Behang sowie seine kompakte Statur, der gro\u00dfe Kopf sowie die kr\u00e4ftigen Beine und die gespaltene Kruppe. Da der Tinker urspr\u00fcnglich als Zugpferd gez\u00fcchtet wurde, ist die Tragf\u00e4higkeit seines R\u00fcckens eher begrenzt. Die Pferde sind trotz ihres Erscheinungsbildes keine Gewichtstr\u00e4ger und sollten daher keine zu schweren Reiter tragen. Besonders ist auf eine gute, den R\u00fccken kr\u00e4ftigende Grundausbildung zu achten.<\/p>\n\n<div class=\"related_articles boxed\">\n    <h2>Mehr zum Thema<\/h2>\n    \n    <div class=\"wrapper\"><div class=\"title align-center\"><h3><a href=\"https:\/\/uelzener.de\/magazin\/pferd\/tiergesundheit\/milbenbefall-beim-pferd\/\">Milbenbefall beim Pferd: Kleine Plagegeister, gro\u00dfe Auswirkung<\/a><\/h3><\/div><div class=\"img align-center\"><img decoding=\"async\" width=\"315\" height=\"138\" src=\"https:\/\/uelzener.de\/magazin\/app\/uploads\/2025\/09\/milben-pferd.png\" class=\"attachment-315x180 size-315x180 wp-post-image\" alt=\"Pferd mit langer M\u00e4hne auf Wiese.\" \/><\/div><\/div><div class=\"wrapper\"><div class=\"title align-center\"><h3><a href=\"https:\/\/uelzener.de\/magazin\/pferd\/ernaehrung\/was-fressen-pferde\/\">Was fressen Pferde<\/a><\/h3><\/div><div class=\"img align-center\"><img decoding=\"async\" width=\"315\" height=\"180\" src=\"https:\/\/uelzener.de\/magazin\/app\/uploads\/2022\/11\/was-fressen-pferde-315x180.jpg\" class=\"attachment-315x180 size-315x180 wp-post-image\" alt=\"Braunes Pferd knabbert vertr\u00e4umt an einem Apfel am Baum. Was d\u00fcrfen Pferde alles fressen?\" \/><\/div><\/div><div class=\"wrapper\"><div class=\"title align-center\"><h3><a href=\"https:\/\/uelzener.de\/magazin\/pferd\/ernaehrung\/fressbremse-fuer-pferde\/\">Fressbremse f\u00fcr Pferde: Kleiner Helfer im Kampf gegen \u00dcbergewicht<\/a><\/h3><\/div><div class=\"img align-center\"><img decoding=\"async\" width=\"315\" height=\"180\" src=\"https:\/\/uelzener.de\/magazin\/app\/uploads\/2023\/05\/fressbremse-pferd-315x180.jpg\" class=\"attachment-315x180 size-315x180 wp-post-image\" alt=\"Grasendes Pferd mit Fressbremse\" \/><\/div><\/div><\/div>\n\n<p>Beachtet man die oben genannten Dinge, ist der Tinker ein gutes Reitpferd, besonders durch sein ausgeglichenes, freundliches Wesen. Aufgrund seiner Herkunft ist er nat\u00fcrlich das ideale Kutschpferd, aber auch f\u00fcr entspannte Gel\u00e4nderitte geeignet. Allerdings kann er auch ganz gut auf stur schalten, wenn ihm etwas nicht passt. Tinker k\u00f6nnen problemlos im Offenstall gehalten werden. Da sie sehr leichtfutterig sind, muss auf die schlanke Linie geachtet werden. Dann wird man an seinem Tinker viel Freude haben.<\/p>\n","protected":false},"excerpt":{"rendered":"<p>Der Tinker ist eine erst seit kurzem bei uns in Mode gekommene Pferderasse. Urspr\u00fcnglich waren Tinker einfache Arbeitspferde, die irische fahrende H\u00e4ndler vor ihre Wagen spannten. Schecken wurden im Mittelalter und in sp\u00e4teren Jahrhunderten h\u00e4ufig von den Zuchten in den Adelsh\u00e4usern ausgeschlossen, da ihre Zeichnung nicht edel genug schien. So kam die einfache Bev\u00f6lkerung g\u00fcnstig [&hellip;]<\/p>\n","protected":false},"author":1,"featured_media":10831,"parent":2490,"menu_order":4,"comment_status":"open","ping_status":"open","template":"templates\/blog.php","meta":{"_acf_changed":false,"_crdt_document":"","footnotes":"","beyondwords_generate_audio":"","beyondwords_project_id":"","beyondwords_content_id":"","beyondwords_preview_token":"","beyondwords_player_style":"","beyondwords_language_id":"","beyondwords_title_voice_id":"","beyondwords_body_voice_id":"","beyondwords_summary_voice_id":"","beyondwords_error_message":"","beyondwords_disabled":"","beyondwords_delete_content":"","beyondwords_podcast_id":"","beyondwords_hash":"","publish_post_to_speechkit":"","speechkit_hash":"","speechkit_generate_audio":"","speechkit_project_id":"","speechkit_podcast_id":"","speechkit_error_message":"","speechkit_disabled":"","speechkit_access_key":"","speechkit_error":"","speechkit_info":"","speechkit_response":"","speechkit_retries":"","speechkit_status":"","speechkit_updated_at":"","_speechkit_link":"","_speechkit_text":""},"class_list":["post-10242","page","type-page","status-publish","has-post-thumbnail","hentry"],"acf":[],"yoast_head":"<!-- This site is optimized with the Yoast SEO Premium plugin  - https:\/\/yoast.com\/product\/yoast-seo-premium-wordpress\/ -->\n<title>Tinker im Rasseportrait \u2013 Herkunft, Aussehen &amp; Charakter | Uelzener<\/title>\n<meta name=\"description\" content=\"Erfahre alles zur Pferderasse Tinker \u2713 Herkunft \u2713 Aussehen \u2713 Gr\u00f6\u00dfe \u2713 Charakter \u2713 Haltung \u25b6 Hier informieren!\" \/>\n<meta name=\"robots\" content=\"index, follow, max-snippet:-1, max-image-preview:large, max-video-preview:-1\" \/>\n<link rel=\"canonical\" href=\"https:\/\/uelzener.de\/magazin\/pferd\/rasseportrait\/tinker\/\" \/>\n<meta property=\"og:locale\" content=\"de_DE\" \/>\n<meta property=\"og:type\" content=\"article\" \/>\n<meta property=\"og:title\" content=\"Tinker: ausgeglichene Freizeitpartner\" \/>\n<meta property=\"og:description\" content=\"Erfahre alles zur Pferderasse Tinker \u2713 Herkunft \u2713 Aussehen \u2713 Gr\u00f6\u00dfe \u2713 Charakter \u2713 Haltung \u25b6 Hier informieren!\" \/>\n<meta property=\"og:url\" content=\"https:\/\/uelzener.de\/magazin\/pferd\/rasseportrait\/tinker\/\" \/>\n<meta property=\"og:site_name\" content=\"Uelzener Tier-Magazin\" \/>\n<meta property=\"article:publisher\" content=\"https:\/\/www.facebook.com\/Uelzener\" \/>\n<meta property=\"article:modified_time\" content=\"2025-09-11T09:51:00+00:00\" \/>\n<meta property=\"og:image\" content=\"https:\/\/uelzener.de\/magazin\/app\/uploads\/2017\/04\/dd83b61b-2bef-4caf-927e-9d6789a5e385.jpg\" \/>\n\t<meta property=\"og:image:width\" content=\"650\" \/>\n\t<meta property=\"og:image:height\" content=\"432\" \/>\n\t<meta property=\"og:image:type\" content=\"image\/jpeg\" \/>\n<meta name=\"twitter:card\" content=\"summary_large_image\" \/>\n<meta name=\"twitter:label1\" content=\"Gesch\u00e4tzte Lesezeit\" \/>\n\t<meta name=\"twitter:data1\" content=\"3\u00a0Minuten\" \/>\n<script type=\"application\/ld+json\" class=\"yoast-schema-graph\">{\"@context\":\"https:\/\/schema.org\",\"@graph\":[{\"@type\":\"WebPage\",\"@id\":\"https:\/\/uelzener.de\/magazin\/pferd\/rasseportrait\/tinker\/\",\"url\":\"https:\/\/uelzener.de\/magazin\/pferd\/rasseportrait\/tinker\/\",\"name\":\"Tinker im Rasseportrait \u2013 Herkunft, Aussehen & Charakter | Uelzener\",\"isPartOf\":{\"@id\":\"https:\/\/uelzener.de\/magazin\/#website\"},\"primaryImageOfPage\":{\"@id\":\"https:\/\/uelzener.de\/magazin\/pferd\/rasseportrait\/tinker\/#primaryimage\"},\"image\":{\"@id\":\"https:\/\/uelzener.de\/magazin\/pferd\/rasseportrait\/tinker\/#primaryimage\"},\"thumbnailUrl\":\"https:\/\/uelzener.de\/magazin\/app\/uploads\/2017\/04\/dd83b61b-2bef-4caf-927e-9d6789a5e385.jpg\",\"datePublished\":\"2017-04-06T00:00:00+00:00\",\"dateModified\":\"2025-09-11T09:51:00+00:00\",\"description\":\"Erfahre alles zur Pferderasse Tinker \u2713 Herkunft \u2713 Aussehen \u2713 Gr\u00f6\u00dfe \u2713 Charakter \u2713 Haltung \u25b6 Hier informieren!\",\"breadcrumb\":{\"@id\":\"https:\/\/uelzener.de\/magazin\/pferd\/rasseportrait\/tinker\/#breadcrumb\"},\"inLanguage\":\"de\",\"potentialAction\":[{\"@type\":\"ReadAction\",\"target\":[\"https:\/\/uelzener.de\/magazin\/pferd\/rasseportrait\/tinker\/\"]}]},{\"@type\":\"ImageObject\",\"inLanguage\":\"de\",\"@id\":\"https:\/\/uelzener.de\/magazin\/pferd\/rasseportrait\/tinker\/#primaryimage\",\"url\":\"https:\/\/uelzener.de\/magazin\/app\/uploads\/2017\/04\/dd83b61b-2bef-4caf-927e-9d6789a5e385.jpg\",\"contentUrl\":\"https:\/\/uelzener.de\/magazin\/app\/uploads\/2017\/04\/dd83b61b-2bef-4caf-927e-9d6789a5e385.jpg\",\"width\":650,\"height\":432,\"caption\":\"Ein schwarz- wei\u00dfes Tinker-Pferd gallopiert \u00fcber eine gr\u00fcne Wiese.\"},{\"@type\":\"WebSite\",\"@id\":\"https:\/\/uelzener.de\/magazin\/#website\",\"url\":\"https:\/\/uelzener.de\/magazin\/\",\"name\":\"Uelzener Tiermagazin\",\"description\":\"Online Tierratgeber der Uelzener Versicherungen\",\"publisher\":{\"@id\":\"https:\/\/uelzener.de\/magazin\/#organization\"},\"potentialAction\":[{\"@type\":\"SearchAction\",\"target\":{\"@type\":\"EntryPoint\",\"urlTemplate\":\"https:\/\/uelzener.de\/magazin\/?s={search_term_string}\"},\"query-input\":{\"@type\":\"PropertyValueSpecification\",\"valueRequired\":true,\"valueName\":\"search_term_string\"}}],\"inLanguage\":\"de\"},{\"@type\":\"Organization\",\"@id\":\"https:\/\/uelzener.de\/magazin\/#organization\",\"name\":\"Uelzener Versicherungen\",\"url\":\"https:\/\/uelzener.de\/magazin\/\",\"logo\":{\"@type\":\"ImageObject\",\"inLanguage\":\"de\",\"@id\":\"https:\/\/uelzener.de\/magazin\/#\/schema\/logo\/image\/\",\"url\":\"https:\/\/uelzener.de\/magazin\/app\/uploads\/2024\/11\/uelzener_allgemeine_versicherungsgesellschaft_a_g_logo.jpg\",\"contentUrl\":\"https:\/\/uelzener.de\/magazin\/app\/uploads\/2024\/11\/uelzener_allgemeine_versicherungsgesellschaft_a_g_logo.jpg\",\"width\":200,\"height\":200,\"caption\":\"Uelzener Versicherungen\"},\"image\":{\"@id\":\"https:\/\/uelzener.de\/magazin\/#\/schema\/logo\/image\/\"},\"sameAs\":[\"https:\/\/www.facebook.com\/Uelzener\",\"https:\/\/instagram.com\/uelzener\",\"https:\/\/www.xing.com\/pages\/uelzenerallgemeineversicherungs-gesellschafta-g\",\"https:\/\/www.youtube.com\/UelzenerVersicherungen\"]}]}<\/script>\n<!-- \/ Yoast SEO Premium plugin. -->","yoast_head_json":{"title":"Tinker im Rasseportrait \u2013 Herkunft, Aussehen & Charakter | Uelzener","description":"Erfahre alles zur Pferderasse Tinker \u2713 Herkunft \u2713 Aussehen \u2713 Gr\u00f6\u00dfe \u2713 Charakter \u2713 Haltung \u25b6 Hier informieren!","robots":{"index":"index","follow":"follow","max-snippet":"max-snippet:-1","max-image-preview":"max-image-preview:large","max-video-preview":"max-video-preview:-1"},"canonical":"https:\/\/uelzener.de\/magazin\/pferd\/rasseportrait\/tinker\/","og_locale":"de_DE","og_type":"article","og_title":"Tinker: ausgeglichene Freizeitpartner","og_description":"Erfahre alles zur Pferderasse Tinker \u2713 Herkunft \u2713 Aussehen \u2713 Gr\u00f6\u00dfe \u2713 Charakter \u2713 Haltung \u25b6 Hier informieren!","og_url":"https:\/\/uelzener.de\/magazin\/pferd\/rasseportrait\/tinker\/","og_site_name":"Uelzener Tier-Magazin","article_publisher":"https:\/\/www.facebook.com\/Uelzener","article_modified_time":"2025-09-11T09:51:00+00:00","og_image":[{"width":650,"height":432,"url":"https:\/\/uelzener.de\/magazin\/app\/uploads\/2017\/04\/dd83b61b-2bef-4caf-927e-9d6789a5e385.jpg","type":"image\/jpeg"}],"twitter_card":"summary_large_image","twitter_misc":{"Gesch\u00e4tzte Lesezeit":"3\u00a0Minuten"},"schema":{"@context":"https:\/\/schema.org","@graph":[{"@type":"WebPage","@id":"https:\/\/uelzener.de\/magazin\/pferd\/rasseportrait\/tinker\/","url":"https:\/\/uelzener.de\/magazin\/pferd\/rasseportrait\/tinker\/","name":"Tinker im Rasseportrait \u2013 Herkunft, Aussehen & Charakter | Uelzener","isPartOf":{"@id":"https:\/\/uelzener.de\/magazin\/#website"},"primaryImageOfPage":{"@id":"https:\/\/uelzener.de\/magazin\/pferd\/rasseportrait\/tinker\/#primaryimage"},"image":{"@id":"https:\/\/uelzener.de\/magazin\/pferd\/rasseportrait\/tinker\/#primaryimage"},"thumbnailUrl":"https:\/\/uelzener.de\/magazin\/app\/uploads\/2017\/04\/dd83b61b-2bef-4caf-927e-9d6789a5e385.jpg","datePublished":"2017-04-06T00:00:00+00:00","dateModified":"2025-09-11T09:51:00+00:00","description":"Erfahre alles zur Pferderasse Tinker \u2713 Herkunft \u2713 Aussehen \u2713 Gr\u00f6\u00dfe \u2713 Charakter \u2713 Haltung \u25b6 Hier informieren!","breadcrumb":{"@id":"https:\/\/uelzener.de\/magazin\/pferd\/rasseportrait\/tinker\/#breadcrumb"},"inLanguage":"de","potentialAction":[{"@type":"ReadAction","target":["https:\/\/uelzener.de\/magazin\/pferd\/rasseportrait\/tinker\/"]}]},{"@type":"ImageObject","inLanguage":"de","@id":"https:\/\/uelzener.de\/magazin\/pferd\/rasseportrait\/tinker\/#primaryimage","url":"https:\/\/uelzener.de\/magazin\/app\/uploads\/2017\/04\/dd83b61b-2bef-4caf-927e-9d6789a5e385.jpg","contentUrl":"https:\/\/uelzener.de\/magazin\/app\/uploads\/2017\/04\/dd83b61b-2bef-4caf-927e-9d6789a5e385.jpg","width":650,"height":432,"caption":"Ein schwarz- wei\u00dfes Tinker-Pferd gallopiert \u00fcber eine gr\u00fcne Wiese."},{"@type":"WebSite","@id":"https:\/\/uelzener.de\/magazin\/#website","url":"https:\/\/uelzener.de\/magazin\/","name":"Uelzener Tiermagazin","description":"Online Tierratgeber der Uelzener Versicherungen","publisher":{"@id":"https:\/\/uelzener.de\/magazin\/#organization"},"potentialAction":[{"@type":"SearchAction","target":{"@type":"EntryPoint","urlTemplate":"https:\/\/uelzener.de\/magazin\/?s={search_term_string}"},"query-input":{"@type":"PropertyValueSpecification","valueRequired":true,"valueName":"search_term_string"}}],"inLanguage":"de"},{"@type":"Organization","@id":"https:\/\/uelzener.de\/magazin\/#organization","name":"Uelzener Versicherungen","url":"https:\/\/uelzener.de\/magazin\/","logo":{"@type":"ImageObject","inLanguage":"de","@id":"https:\/\/uelzener.de\/magazin\/#\/schema\/logo\/image\/","url":"https:\/\/uelzener.de\/magazin\/app\/uploads\/2024\/11\/uelzener_allgemeine_versicherungsgesellschaft_a_g_logo.jpg","contentUrl":"https:\/\/uelzener.de\/magazin\/app\/uploads\/2024\/11\/uelzener_allgemeine_versicherungsgesellschaft_a_g_logo.jpg","width":200,"height":200,"caption":"Uelzener Versicherungen"},"image":{"@id":"https:\/\/uelzener.de\/magazin\/#\/schema\/logo\/image\/"},"sameAs":["https:\/\/www.facebook.com\/Uelzener","https:\/\/instagram.com\/uelzener","https:\/\/www.xing.com\/pages\/uelzenerallgemeineversicherungs-gesellschafta-g","https:\/\/www.youtube.com\/UelzenerVersicherungen"]}]}},"_links":{"self":[{"href":"https:\/\/uelzener.de\/magazin\/wp-json\/wp\/v2\/pages\/10242","targetHints":{"allow":["GET"]}}],"collection":[{"href":"https:\/\/uelzener.de\/magazin\/wp-json\/wp\/v2\/pages"}],"about":[{"href":"https:\/\/uelzener.de\/magazin\/wp-json\/wp\/v2\/types\/page"}],"author":[{"embeddable":true,"href":"https:\/\/uelzener.de\/magazin\/wp-json\/wp\/v2\/users\/1"}],"replies":[{"embeddable":true,"href":"https:\/\/uelzener.de\/magazin\/wp-json\/wp\/v2\/comments?post=10242"}],"version-history":[{"count":8,"href":"https:\/\/uelzener.de\/magazin\/wp-json\/wp\/v2\/pages\/10242\/revisions"}],"predecessor-version":[{"id":19207,"href":"https:\/\/uelzener.de\/magazin\/wp-json\/wp\/v2\/pages\/10242\/revisions\/19207"}],"up":[{"embeddable":true,"href":"https:\/\/uelzener.de\/magazin\/wp-json\/wp\/v2\/pages\/2490"}],"wp:featuredmedia":[{"embeddable":true,"href":"https:\/\/uelzener.de\/magazin\/wp-json\/wp\/v2\/media\/10831"}],"wp:attachment":[{"href":"https:\/\/uelzener.de\/magazin\/wp-json\/wp\/v2\/media?parent=10242"}],"curies":[{"name":"wp","href":"https:\/\/api.w.org\/{rel}","templated":true}]}}