{"id":10241,"date":"2023-04-10T13:15:00","date_gmt":"2023-04-10T11:15:00","guid":{"rendered":""},"modified":"2025-09-11T11:42:13","modified_gmt":"2025-09-11T09:42:13","slug":"quarter-horse","status":"publish","type":"page","link":"https:\/\/uelzener.de\/magazin\/pferd\/rasseportrait\/quarter-horse\/","title":{"rendered":"Quarter Horse: ein St\u00fcck &#8222;Wilder Westen&#8220;"},"content":{"rendered":"<p>Neben dem Appaloosa und dem American Paint Horse steht das American Quarter Horse wie kein anderes Pferd f\u00fcr den \u201eWilden Westen\u201c und f\u00fcr Freiheit und Abenteuer. Das ehemalige Pferd der Cowboys ist heute auch in Europa eine viel gefragte Rasse im Freizeit- und Westernbereich und ganz nebenbei die Pferderasse mit den weltweit meisten eingetragenen Pferden.<\/p>\n<h2>Entstehung<\/h2>\n<p>Die Entstehung des American Quarter Horse reicht zur\u00fcck bis in die Zeit der Eroberung S\u00fcd- und Nordamerikas, als die Europ\u00e4er ihre Pferde mitbrachten. W\u00e4hrend in S\u00fcdamerika durch die Spanier und Portugiesen vornehmlich Andalusier, Berber und Arabische Vollbl\u00fcter eingef\u00fchrt wurden, kamen in Nordamerika mit den Siedlern Englische Vollbl\u00fcter, verschiedene Ponyrassen sowie Kaltbl\u00fcter ins Land. Aus dieser bunten Mischung entwickelten sich nach und nach die American Quarter Horses. Man z\u00fcchtete Pferde f\u00fcr den Zweck, f\u00fcr den man es gerade brauchte: Als Reitpferd, zum Herden h\u00fcten, als Acker- und Kutschpferd und (es waren viele wettbegeisterte Engl\u00e4nder im Land) als Rennpferd.<\/p>\n<p>Besonders beliebt waren Kurzstreckenrennen, die gr\u00f6\u00dftenteils auf der Hauptstra\u00dfe eines Dorfes ausgetragen wurden und wegen ihrer Distanz von etwa 400 Metern Viertelmeilenrennen, englisch: A-quarter-of-a-mile-races, genannt wurden (eine Meile hat etwa 1.600 Meter). Von da war es nicht mehr weit bis zum \u201eQuarter Horse\u201c. Seinen endg\u00fcltigen Namen erhielt das American Quarter Horse allerdings erst mit der Gr\u00fcndung des Zuchtbuches im Jahr 1940.<\/p>\n<h2>Eigenschaften und Einsatz des Quarter Horses<\/h2>\n<p>Das American Quarter Horse hat ein Stockma\u00df zwischen 145 und 160 Zentimetern, ist besonders an der Hinterhand gut bemuskelt und wirkt daher oftmals leicht \u00fcberbaut. Alle Fellfarben bis auf Schecken sind zugelassen. Es ist sehr lernf\u00e4hig, nervenstark, mit viel Temperament, aber trotzdem gelassen, ausdauernd und robust. Seine starke Hinterhand macht es sehr wendig und erm\u00f6glicht enorm schnelle Sprints. Besonders geeignet sind American Quarter Horses nat\u00fcrlich f\u00fcr Westerndisziplinen wie Reining, Pleasure, Trail oder f\u00fcr die Rinderarbeit. Sie sind verl\u00e4ssliche Freizeitpferde im Gel\u00e4nde und f\u00fcr Wanderritte und aufgrund ihrer Gelassenheit und Freundlichkeit sehr gut f\u00fcr Anf\u00e4nger geeignet.<\/p>\n<p>Die hervorstechende Eigenschaft der American Quarter Horses ist ihre Vielseitigkeit, die sich aus ihrer Entstehungsgeschichte ergibt. Um den vielen Einsatzgebieten gerecht zu werden, z\u00fcchtet man heutzutage verschiedene Typen, etwa f\u00fcr Rennen oder f\u00fcr Westerndisziplinen wie zum Beispiel Reining. Eine Besonderheit ist der ber\u00fchmte \u201eCow Sense\u201c, der es ihnen erm\u00f6glicht, auf die Bewegungen des Rindes blitzschnell zu reagieren und so eigenst\u00e4ndig ein Rind aus der Herde abzusondern. Pferde mit viel Cow Sense werden bis heute auf den Farmen und bei gro\u00dfen Turnieren (\u201eCutting\u201c, \u201eWorking Cow Horse\u201c) eingesetzt.<\/p>\n\n<div class=\"related_articles boxed\">\n    <h2>Mehr zum Thema<\/h2>\n    \n    <div class=\"wrapper\"><div class=\"title align-center\"><h3><a href=\"https:\/\/uelzener.de\/magazin\/pferd\/haeufige-fragen\/wie-viel-ps-hat-pferd\/\">Wie viel PS hat ein Pferd?<\/a><\/h3><\/div><div class=\"img align-center\"><img decoding=\"async\" width=\"315\" height=\"180\" src=\"https:\/\/uelzener.de\/magazin\/app\/uploads\/2023\/10\/wie-viel-ps-hat-pferd-315x180.jpg\" class=\"attachment-315x180 size-315x180 wp-post-image\" alt=\"Pferd beim Pferderennen: Wie viel PS hat ein Pferd?\" \/><\/div><\/div><div class=\"wrapper\"><div class=\"title align-center\"><h3><a href=\"https:\/\/uelzener.de\/magazin\/pferd\/rasseportrait\/vollblut-araber\/\">Arabisches Vollblut<\/a><\/h3><\/div><div class=\"img align-center\"><img decoding=\"async\" width=\"315\" height=\"180\" src=\"https:\/\/uelzener.de\/magazin\/app\/uploads\/2015\/07\/85a80896-c93f-4e4a-9443-9d29fc26b44a-315x180.jpg\" class=\"attachment-315x180 size-315x180 wp-post-image\" alt=\"Zwei strahlend wei\u00dfe arabische Vollbl\u00fcter stehen sich gegen\u00fcber\" srcset=\"https:\/\/uelzener.de\/magazin\/app\/uploads\/2015\/07\/85a80896-c93f-4e4a-9443-9d29fc26b44a-315x180.jpg 315w, https:\/\/uelzener.de\/magazin\/app\/uploads\/2015\/07\/85a80896-c93f-4e4a-9443-9d29fc26b44a-650x369.jpg 650w\" sizes=\"(max-width: 315px) 100vw, 315px\" \/><\/div><\/div><div class=\"wrapper\"><div class=\"title align-center\"><h3><a href=\"https:\/\/uelzener.de\/magazin\/pferd\/rasseportrait\/mustang\/\">Mustang<\/a><\/h3><\/div><div class=\"img align-center\"><img decoding=\"async\" width=\"315\" height=\"180\" src=\"https:\/\/uelzener.de\/magazin\/app\/uploads\/2018\/01\/930905ae-2164-49dc-9951-9770f3b3ce7d-315x180.jpg\" class=\"attachment-315x180 size-315x180 wp-post-image\" alt=\"Ein hellbraunes Mustang-Pferd galoppiert durch einen winterlichen Wald. Der Boden ist vom Schnee wei\u00df bedeckt.\" srcset=\"https:\/\/uelzener.de\/magazin\/app\/uploads\/2018\/01\/930905ae-2164-49dc-9951-9770f3b3ce7d-315x180.jpg 315w, https:\/\/uelzener.de\/magazin\/app\/uploads\/2018\/01\/930905ae-2164-49dc-9951-9770f3b3ce7d-650x369.jpg 650w\" sizes=\"(max-width: 315px) 100vw, 315px\" \/><\/div><\/div><\/div>\n\n<h2>Lebenserwartung<\/h2>\n<p>Die Lebenserwartung eines Quarter Horses h\u00e4ngt von verschiedenen Faktoren ab, wie der Pflege, Ern\u00e4hrung, Genetik, Gesundheit und Aktivit\u00e4tsniveau. Im Durchschnitt kann man jedoch sagen, dass Quarter Horses etwa 25 bis 30 Jahre alt werden.<\/p>\n<p>Es ist wichtig, dass Besitzer:innen sich um ihre Tiere k\u00fcmmern und sicherstellen, dass sie eine angemessene Ern\u00e4hrung, Pflege und Bewegung erhalten, um ihre Gesundheit und Lebenserwartung zu f\u00f6rdern. Regelm\u00e4\u00dfige tier\u00e4rztliche Untersuchungen und Impfungen sind daher empfehlenswert, um potenzielle gesundheitliche Probleme fr\u00fchzeitig zu erkenne und zu behandeln.<\/p>\n\n<div class=\"banner\">\n    <a href=\"https:\/\/uelzener.de\/pferd\/herden-versicherung\/?agt=0000104925&sem=true&utm_medium=magazin&utm_source=wordpress&utm_campaign=pferd_kv&utm_content=banner    \">\n        <img decoding=\"async\" width=\"300\" height=\"212\" src=\"https:\/\/uelzener.de\/magazin\/app\/uploads\/2025\/01\/Pferde-Kranken-Versicherung.jpg\" class=\"attachment-medium size-medium\" alt=\"Banner Pferde-Kranken-Versicherung\" \/>    <\/a>\n<\/div>\n\n<h2>FAQ: H\u00e4ufig gestellte Fragen zu Quarter Horse<\/h2>\n<h3>Ist ein Quarter Horse geeignet als Anf\u00e4nger-Pferd?<\/h3>\n<p>Quarter Horses sind bekannt f\u00fcr ihre St\u00e4rke, Wendigkeit und Intelligenz, was sie zu einer guten Wahl f\u00fcr Anf\u00e4nger:innen machen kann, solange das Pferd selbst gut ausgebildet und erfahren ist. Allerdings sollten Anf\u00e4nger_innen sich bewusst sein, dass Quarter Horses oft als Sportpferde eingesetzt werden und daher m\u00f6glicherweise einen h\u00f6heren Trainingsbedarf haben als andere Pferderassen, die f\u00fcr Anf\u00e4nger geeignet sind. Au\u00dferdem ist es wichtig zu bedenken, dass jedes Pferd, unabh\u00e4ngig von der Rasse, seine eigene Pers\u00f6nlichkeit und Temperament hat. Es ist deshalb ratsam, mit erfahrenen Trainer:innen oder Reitlehrer:innen zusammenzuarbeiten, um das richtige Pferd auszuw\u00e4hlen und um sicherzustellen, dass du die richtigen F\u00e4higkeiten und Kenntnisse hast, um ein Pferd zu trainieren und zu reiten.<\/p>\n<h3>Wie viel kostet ein Quarter Horse?<\/h3>\n<p>Der einzige Nachteil der American Quarter Horses ist ihr recht hoher Preis. Daf\u00fcr bekommt man aber auch einen vielseitigen Freizeitpartner, der mit einem durch dick und d\u00fcnn geht.<\/p>\n","protected":false},"excerpt":{"rendered":"<p>Neben dem Appaloosa und dem American Paint Horse steht das American Quarter Horse wie kein anderes Pferd f\u00fcr den \u201eWilden Westen\u201c und f\u00fcr Freiheit und Abenteuer. Das ehemalige Pferd der Cowboys ist heute auch in Europa eine viel gefragte Rasse im Freizeit- und Westernbereich und ganz nebenbei die Pferderasse mit den weltweit meisten eingetragenen Pferden. [&hellip;]<\/p>\n","protected":false},"author":1,"featured_media":15248,"parent":2490,"menu_order":0,"comment_status":"open","ping_status":"open","template":"templates\/blog.php","meta":{"_acf_changed":false,"_crdt_document":"","footnotes":"","beyondwords_generate_audio":"0","beyondwords_project_id":"","beyondwords_content_id":"","beyondwords_preview_token":"","beyondwords_player_style":"","beyondwords_language_id":"","beyondwords_title_voice_id":"","beyondwords_body_voice_id":"","beyondwords_summary_voice_id":"","beyondwords_error_message":"","beyondwords_disabled":"","beyondwords_delete_content":"","beyondwords_podcast_id":"","beyondwords_hash":"","publish_post_to_speechkit":"","speechkit_hash":"","speechkit_generate_audio":"","speechkit_project_id":"","speechkit_podcast_id":"","speechkit_error_message":"","speechkit_disabled":"","speechkit_access_key":"","speechkit_error":"","speechkit_info":"","speechkit_response":"","speechkit_retries":"","speechkit_status":"","speechkit_updated_at":"","_speechkit_link":"","_speechkit_text":""},"class_list":["post-10241","page","type-page","status-publish","has-post-thumbnail","hentry"],"acf":[],"yoast_head":"<!-- This site is optimized with the Yoast SEO Premium plugin  - https:\/\/yoast.com\/product\/yoast-seo-premium-wordpress\/ -->\n<title>American Quarter Horse im Rasseportrait | Uelzener<\/title>\n<meta name=\"description\" content=\"Erfahre alles zum American Quarter Horse \u2713 Herkunft \u2713 Aussehen \u2713 Gr\u00f6\u00dfe \u2713 Charakter \u2713 Einsatzbereiche \u25b6 Hier informieren!\" \/>\n<meta name=\"robots\" content=\"index, follow, max-snippet:-1, max-image-preview:large, max-video-preview:-1\" \/>\n<link rel=\"canonical\" href=\"https:\/\/uelzener.de\/magazin\/pferd\/rasseportrait\/quarter-horse\/\" \/>\n<meta property=\"og:locale\" content=\"de_DE\" \/>\n<meta property=\"og:type\" content=\"article\" \/>\n<meta property=\"og:title\" content=\"Quarter Horse: ein St\u00fcck &quot;Wilder Westen&quot;\" \/>\n<meta property=\"og:description\" content=\"Erfahre alles zum American Quarter Horse \u2713 Herkunft \u2713 Aussehen \u2713 Gr\u00f6\u00dfe \u2713 Charakter \u2713 Einsatzbereiche \u25b6 Hier informieren!\" \/>\n<meta property=\"og:url\" content=\"https:\/\/uelzener.de\/magazin\/pferd\/rasseportrait\/quarter-horse\/\" \/>\n<meta property=\"og:site_name\" content=\"Uelzener Tier-Magazin\" \/>\n<meta property=\"article:publisher\" content=\"https:\/\/www.facebook.com\/Uelzener\" \/>\n<meta property=\"article:modified_time\" content=\"2025-09-11T09:42:13+00:00\" \/>\n<meta property=\"og:image\" content=\"https:\/\/uelzener.de\/magazin\/app\/uploads\/2023\/04\/quarter-horse.jpg\" \/>\n\t<meta property=\"og:image:width\" content=\"1025\" \/>\n\t<meta property=\"og:image:height\" content=\"450\" \/>\n\t<meta property=\"og:image:type\" content=\"image\/jpeg\" \/>\n<meta name=\"twitter:card\" content=\"summary_large_image\" \/>\n<meta name=\"twitter:label1\" content=\"Gesch\u00e4tzte Lesezeit\" \/>\n\t<meta name=\"twitter:data1\" content=\"4\u00a0Minuten\" \/>\n<script type=\"application\/ld+json\" class=\"yoast-schema-graph\">{\"@context\":\"https:\/\/schema.org\",\"@graph\":[{\"@type\":\"WebPage\",\"@id\":\"https:\/\/uelzener.de\/magazin\/pferd\/rasseportrait\/quarter-horse\/\",\"url\":\"https:\/\/uelzener.de\/magazin\/pferd\/rasseportrait\/quarter-horse\/\",\"name\":\"American Quarter Horse im Rasseportrait | Uelzener\",\"isPartOf\":{\"@id\":\"https:\/\/uelzener.de\/magazin\/#website\"},\"primaryImageOfPage\":{\"@id\":\"https:\/\/uelzener.de\/magazin\/pferd\/rasseportrait\/quarter-horse\/#primaryimage\"},\"image\":{\"@id\":\"https:\/\/uelzener.de\/magazin\/pferd\/rasseportrait\/quarter-horse\/#primaryimage\"},\"thumbnailUrl\":\"https:\/\/uelzener.de\/magazin\/app\/uploads\/2023\/04\/quarter-horse.jpg\",\"datePublished\":\"2023-04-10T11:15:00+00:00\",\"dateModified\":\"2025-09-11T09:42:13+00:00\",\"description\":\"Erfahre alles zum American Quarter Horse \u2713 Herkunft \u2713 Aussehen \u2713 Gr\u00f6\u00dfe \u2713 Charakter \u2713 Einsatzbereiche \u25b6 Hier informieren!\",\"breadcrumb\":{\"@id\":\"https:\/\/uelzener.de\/magazin\/pferd\/rasseportrait\/quarter-horse\/#breadcrumb\"},\"inLanguage\":\"de\",\"potentialAction\":[{\"@type\":\"ReadAction\",\"target\":[\"https:\/\/uelzener.de\/magazin\/pferd\/rasseportrait\/quarter-horse\/\"]}]},{\"@type\":\"ImageObject\",\"inLanguage\":\"de\",\"@id\":\"https:\/\/uelzener.de\/magazin\/pferd\/rasseportrait\/quarter-horse\/#primaryimage\",\"url\":\"https:\/\/uelzener.de\/magazin\/app\/uploads\/2023\/04\/quarter-horse.jpg\",\"contentUrl\":\"https:\/\/uelzener.de\/magazin\/app\/uploads\/2023\/04\/quarter-horse.jpg\",\"width\":1025,\"height\":450,\"caption\":\"Braunes Quarter Horse auf einer gr\u00fcnen Wiese.\"},{\"@type\":\"WebSite\",\"@id\":\"https:\/\/uelzener.de\/magazin\/#website\",\"url\":\"https:\/\/uelzener.de\/magazin\/\",\"name\":\"Uelzener Tiermagazin\",\"description\":\"Online Tierratgeber der Uelzener Versicherungen\",\"publisher\":{\"@id\":\"https:\/\/uelzener.de\/magazin\/#organization\"},\"potentialAction\":[{\"@type\":\"SearchAction\",\"target\":{\"@type\":\"EntryPoint\",\"urlTemplate\":\"https:\/\/uelzener.de\/magazin\/?s={search_term_string}\"},\"query-input\":{\"@type\":\"PropertyValueSpecification\",\"valueRequired\":true,\"valueName\":\"search_term_string\"}}],\"inLanguage\":\"de\"},{\"@type\":\"Organization\",\"@id\":\"https:\/\/uelzener.de\/magazin\/#organization\",\"name\":\"Uelzener Versicherungen\",\"url\":\"https:\/\/uelzener.de\/magazin\/\",\"logo\":{\"@type\":\"ImageObject\",\"inLanguage\":\"de\",\"@id\":\"https:\/\/uelzener.de\/magazin\/#\/schema\/logo\/image\/\",\"url\":\"https:\/\/uelzener.de\/magazin\/app\/uploads\/2024\/11\/uelzener_allgemeine_versicherungsgesellschaft_a_g_logo.jpg\",\"contentUrl\":\"https:\/\/uelzener.de\/magazin\/app\/uploads\/2024\/11\/uelzener_allgemeine_versicherungsgesellschaft_a_g_logo.jpg\",\"width\":200,\"height\":200,\"caption\":\"Uelzener Versicherungen\"},\"image\":{\"@id\":\"https:\/\/uelzener.de\/magazin\/#\/schema\/logo\/image\/\"},\"sameAs\":[\"https:\/\/www.facebook.com\/Uelzener\",\"https:\/\/instagram.com\/uelzener\",\"https:\/\/www.xing.com\/pages\/uelzenerallgemeineversicherungs-gesellschafta-g\",\"https:\/\/www.youtube.com\/UelzenerVersicherungen\"]}]}<\/script>\n<!-- \/ Yoast SEO Premium plugin. -->","yoast_head_json":{"title":"American Quarter Horse im Rasseportrait | Uelzener","description":"Erfahre alles zum American Quarter Horse \u2713 Herkunft \u2713 Aussehen \u2713 Gr\u00f6\u00dfe \u2713 Charakter \u2713 Einsatzbereiche \u25b6 Hier informieren!","robots":{"index":"index","follow":"follow","max-snippet":"max-snippet:-1","max-image-preview":"max-image-preview:large","max-video-preview":"max-video-preview:-1"},"canonical":"https:\/\/uelzener.de\/magazin\/pferd\/rasseportrait\/quarter-horse\/","og_locale":"de_DE","og_type":"article","og_title":"Quarter Horse: ein St\u00fcck \"Wilder Westen\"","og_description":"Erfahre alles zum American Quarter Horse \u2713 Herkunft \u2713 Aussehen \u2713 Gr\u00f6\u00dfe \u2713 Charakter \u2713 Einsatzbereiche \u25b6 Hier informieren!","og_url":"https:\/\/uelzener.de\/magazin\/pferd\/rasseportrait\/quarter-horse\/","og_site_name":"Uelzener Tier-Magazin","article_publisher":"https:\/\/www.facebook.com\/Uelzener","article_modified_time":"2025-09-11T09:42:13+00:00","og_image":[{"width":1025,"height":450,"url":"https:\/\/uelzener.de\/magazin\/app\/uploads\/2023\/04\/quarter-horse.jpg","type":"image\/jpeg"}],"twitter_card":"summary_large_image","twitter_misc":{"Gesch\u00e4tzte Lesezeit":"4\u00a0Minuten"},"schema":{"@context":"https:\/\/schema.org","@graph":[{"@type":"WebPage","@id":"https:\/\/uelzener.de\/magazin\/pferd\/rasseportrait\/quarter-horse\/","url":"https:\/\/uelzener.de\/magazin\/pferd\/rasseportrait\/quarter-horse\/","name":"American Quarter Horse im Rasseportrait | Uelzener","isPartOf":{"@id":"https:\/\/uelzener.de\/magazin\/#website"},"primaryImageOfPage":{"@id":"https:\/\/uelzener.de\/magazin\/pferd\/rasseportrait\/quarter-horse\/#primaryimage"},"image":{"@id":"https:\/\/uelzener.de\/magazin\/pferd\/rasseportrait\/quarter-horse\/#primaryimage"},"thumbnailUrl":"https:\/\/uelzener.de\/magazin\/app\/uploads\/2023\/04\/quarter-horse.jpg","datePublished":"2023-04-10T11:15:00+00:00","dateModified":"2025-09-11T09:42:13+00:00","description":"Erfahre alles zum American Quarter Horse \u2713 Herkunft \u2713 Aussehen \u2713 Gr\u00f6\u00dfe \u2713 Charakter \u2713 Einsatzbereiche \u25b6 Hier informieren!","breadcrumb":{"@id":"https:\/\/uelzener.de\/magazin\/pferd\/rasseportrait\/quarter-horse\/#breadcrumb"},"inLanguage":"de","potentialAction":[{"@type":"ReadAction","target":["https:\/\/uelzener.de\/magazin\/pferd\/rasseportrait\/quarter-horse\/"]}]},{"@type":"ImageObject","inLanguage":"de","@id":"https:\/\/uelzener.de\/magazin\/pferd\/rasseportrait\/quarter-horse\/#primaryimage","url":"https:\/\/uelzener.de\/magazin\/app\/uploads\/2023\/04\/quarter-horse.jpg","contentUrl":"https:\/\/uelzener.de\/magazin\/app\/uploads\/2023\/04\/quarter-horse.jpg","width":1025,"height":450,"caption":"Braunes Quarter Horse auf einer gr\u00fcnen Wiese."},{"@type":"WebSite","@id":"https:\/\/uelzener.de\/magazin\/#website","url":"https:\/\/uelzener.de\/magazin\/","name":"Uelzener Tiermagazin","description":"Online Tierratgeber der Uelzener Versicherungen","publisher":{"@id":"https:\/\/uelzener.de\/magazin\/#organization"},"potentialAction":[{"@type":"SearchAction","target":{"@type":"EntryPoint","urlTemplate":"https:\/\/uelzener.de\/magazin\/?s={search_term_string}"},"query-input":{"@type":"PropertyValueSpecification","valueRequired":true,"valueName":"search_term_string"}}],"inLanguage":"de"},{"@type":"Organization","@id":"https:\/\/uelzener.de\/magazin\/#organization","name":"Uelzener Versicherungen","url":"https:\/\/uelzener.de\/magazin\/","logo":{"@type":"ImageObject","inLanguage":"de","@id":"https:\/\/uelzener.de\/magazin\/#\/schema\/logo\/image\/","url":"https:\/\/uelzener.de\/magazin\/app\/uploads\/2024\/11\/uelzener_allgemeine_versicherungsgesellschaft_a_g_logo.jpg","contentUrl":"https:\/\/uelzener.de\/magazin\/app\/uploads\/2024\/11\/uelzener_allgemeine_versicherungsgesellschaft_a_g_logo.jpg","width":200,"height":200,"caption":"Uelzener Versicherungen"},"image":{"@id":"https:\/\/uelzener.de\/magazin\/#\/schema\/logo\/image\/"},"sameAs":["https:\/\/www.facebook.com\/Uelzener","https:\/\/instagram.com\/uelzener","https:\/\/www.xing.com\/pages\/uelzenerallgemeineversicherungs-gesellschafta-g","https:\/\/www.youtube.com\/UelzenerVersicherungen"]}]}},"_links":{"self":[{"href":"https:\/\/uelzener.de\/magazin\/wp-json\/wp\/v2\/pages\/10241","targetHints":{"allow":["GET"]}}],"collection":[{"href":"https:\/\/uelzener.de\/magazin\/wp-json\/wp\/v2\/pages"}],"about":[{"href":"https:\/\/uelzener.de\/magazin\/wp-json\/wp\/v2\/types\/page"}],"author":[{"embeddable":true,"href":"https:\/\/uelzener.de\/magazin\/wp-json\/wp\/v2\/users\/1"}],"replies":[{"embeddable":true,"href":"https:\/\/uelzener.de\/magazin\/wp-json\/wp\/v2\/comments?post=10241"}],"version-history":[{"count":12,"href":"https:\/\/uelzener.de\/magazin\/wp-json\/wp\/v2\/pages\/10241\/revisions"}],"predecessor-version":[{"id":19202,"href":"https:\/\/uelzener.de\/magazin\/wp-json\/wp\/v2\/pages\/10241\/revisions\/19202"}],"up":[{"embeddable":true,"href":"https:\/\/uelzener.de\/magazin\/wp-json\/wp\/v2\/pages\/2490"}],"wp:featuredmedia":[{"embeddable":true,"href":"https:\/\/uelzener.de\/magazin\/wp-json\/wp\/v2\/media\/15248"}],"wp:attachment":[{"href":"https:\/\/uelzener.de\/magazin\/wp-json\/wp\/v2\/media?parent=10241"}],"curies":[{"name":"wp","href":"https:\/\/api.w.org\/{rel}","templated":true}]}}