{"id":10239,"date":"2023-02-16T15:00:00","date_gmt":"2023-02-16T14:00:00","guid":{"rendered":""},"modified":"2023-12-18T16:32:50","modified_gmt":"2023-12-18T15:32:50","slug":"pferd-scheren","status":"publish","type":"page","link":"https:\/\/uelzener.de\/magazin\/pferd\/haeufige-fragen\/pferd-scheren\/","title":{"rendered":"Pferd scheren: Ja oder Nein?"},"content":{"rendered":"<p>Sp\u00e4testens wenn die Dauer des Trockenreitens die Zeit des eigentlichen Trainings \u00fcbersteigt, stellt sich die Frage nach dem Scheren eines Pferdes. Das ist oftmals ein hei\u00df diskutierter Punkt unter Stallkollegen, bei dem es die verschiedensten Ansichten gibt. Wann der beste Zeitpunkt zum Scheren des Pferdes ist und welche Schurarten es gibt, erf\u00e4hrst du in diesem Beitrag.<\/p>\n<h2>Warum sollte man Pferde scheren?<\/h2>\n<p>Fest steht, dass in der freien Wildbahn niemand die Pferde schert. Sie ben\u00f6tigen, wenn sie den Witterungsverh\u00e4ltnissen ausgesetzt sind, in jedem Fall ihr <strong>Winterfell<\/strong> und das <strong>dichte Unterfell<\/strong> um sich <strong>gegen K\u00e4lte und N\u00e4sse<\/strong> zu sch\u00fctzen. Leben die Pferde das ganze Jahr im <strong>Offenstall<\/strong> und werden nicht gearbeitet, so kann es durchaus ratsam sein, vom Scheren abzusehen.<\/p>\n<p>Werden Pferde <strong>regelm\u00e4\u00dfig geritten<\/strong> und fangen bereits nach kurzer Zeit an zu schwitzen, dann kann es zum Wohle und f\u00fcr die Gesundheit des Pferdes angebracht sein, sie <strong>ganz oder teilweise vom Winterfell zu befreien<\/strong>. Sind Pferde mit dickem Fell nach dem Reiten n\u00e4mlich nass geschwitzt, ben\u00f6tigen sie oft lange Zeit, um wieder trocken zu werden. Die Gefahr, dass sie sich dabei erk\u00e4lten, ist durchaus gegeben.<\/p>\n<h2>Wann am besten das Pferd scheren?<\/h2>\n<p><strong>Ende Oktober bis Anfang November<\/strong> ist die beste Zeit zum Scheren. Je nachdem, wie \u00fcppig das Fell gewachsen ist, schneiden manche Reiter:innen im <strong>Januar oder Februar<\/strong> nach. Das Scheren sollte erst beginnen, wenn das Winterfell vollst\u00e4ndig ausgebildet ist und das Pferd beim Reiten deutlich mehr schwitzt als sonst. \u00dcblicherweise ist dies Ende Oktober der Fall. Nach dem ersten Scheren ist ein <strong>regelm\u00e4\u00dfiges Nachscheren des Fells erforderlich<\/strong>. Das Scheren ist jedoch <strong>keine reine Winterangelegenheit<\/strong>: Bei vielen <strong>\u00e4lteren Pferden<\/strong> empfiehlt sich eine <strong>Fr\u00fchjahres- und Sommerschur<\/strong>.<\/p>\n<p>Pferde mit <a href=\"https:\/\/uelzener.de\/magazin\/pferd\/tiergesundheit\/equines-cushing-syndrom-bei-pferden-ursachen-symptome-therapiemoeglichkeiten\/\">Equinem Cushing-Syndrom<\/a> leiden bei hohen Temperaturen \u00fcbrigens unter ihrem dichten Fell. Wenn \u00e4ltere Pferde und Cushing-Patienten weniger Fell mit sich herumschleppen m\u00fcssen, ist das besser f\u00fcr den Kreislauf.<\/p>\n<p>Alte Pferde verlieren ihr Winterfell oft nicht mehr richtig. Bei hohen Temperaturen schwitzen sie dann zu stark und werden schlapp. Pferdebesitzer:innen haben dann die Wahl zwischen verschiedenen Haarschnitten \u2013 passend zum jeweiligen Pferd.<\/p>\n<h2>Komplett- und Teilschur beim Pferd<\/h2>\n<p>Grunds\u00e4tzlich gibt es 2 M\u00f6glichkeiten des Scherens, entweder komplett oder nur mit einer Teilschur, bei der in gewissen K\u00f6rperregionen (Hals, R\u00fccken, Kruppe) das Winterfell belassen wird.<\/p>\n<h3>Teilschur-Arten:<\/h3>\n<ul>\n<li>Beim <strong>Deckenschnitt<\/strong> bleibt das Fell am Kopf, an den Beinen und vom Widerrist bis zur Kruppe stehen. Dieser Schnitt ist f\u00fcr Pferde mit empfindlicher Lendengegend geeignet.<\/li>\n<li>Beim <strong>Hunter- oder Jagdschnitt<\/strong> bleiben nur Sattellage, Kopf und Beine Das Pferd ben\u00f6tigt jedoch eine Decke.<\/li>\n<li>Der <strong>Rallyeschnitt<\/strong> eignet sich auch f\u00fcr dicke Pferde, die schnell ins Schwitzen Der Streifen verl\u00e4uft von der Halsunterseite \u00fcber Brust und Bauch bis zur Hinterhand. Pferde mit Streifenschnitt ben\u00f6tigen nicht unbedingt eine Decke.<\/li>\n<\/ul>\n<p>Gerade wenn die <a href=\"https:\/\/uelzener.de\/magazin\/pferd\/tiergesundheit\/pferde-im-winter\/\">Pferde im Winter<\/a> auf die Weide d\u00fcrfen oder ins Gel\u00e4nde gehen, bietet sich die <strong>Teilschur<\/strong> an.<\/p>\n<p>\u201eWir scheren unsere Pferde, die ein dichtes Winterfell bekommen, mit einer Teilschur\u201c, berichtet Ulrike G\u00f6ddecke, Inhaberin der \u201eReitschule G\u00f6ddecke\u201c in Grevenbroich. \u201eDadurch, dass wir den R\u00fccken stehen lassen, haben die Pferde bei Ausritten oder in den Stunden auf dem Paddock noch K\u00e4lteschutz, ohne dass wir immer <a href=\"https:\/\/uelzener.de\/magazin\/pferd\/tipps-fuer-den-alltag\/das-richtige-eindecken-deines-pferdes\/\">eindecken<\/a> m\u00fcssen. Dennoch schwitzen sie bei den Reitstunden nicht und das Erk\u00e4ltungsrisiko ist stark minimiert. Wir haben bei uns damit beste Erfahrungen gemacht.\u201c<\/p>\n<h3>Pferde scheren: Muster und Motive<\/h3>\n<p>Das Scheren eines Pferdes sollte generell nur aus praktischen Gr\u00fcnden erfolgen, nicht aus \u00e4sthetischen. Wenn jedoch aus bestimmten Gr\u00fcnden eine Schur notwendig wird, besteht die M\u00f6glichkeit, diese mit <strong>originellen Schermustern<\/strong> zu versch\u00f6nern. Solche Muster werden oft auf dem hinteren Teil des Pferdes, der <strong>Kruppe<\/strong>, eingearbeitet.<\/p>\n<p>Die Designs variieren <strong>von einfachen Herzen bis hin zu komplexeren, individuellen Kreationen<\/strong>. Es gibt <strong>keine Grenzen<\/strong> f\u00fcr die k\u00fcnstlerische Gestaltung. F\u00fcr grundlegende Muster k\u00f6nnen <strong>vorgefertigte Schablonen<\/strong> verwendet werden. F\u00fcr detailliertere Designs eignen sich kleine, akkubetriebene <strong>Schermaschinen<\/strong>, die auch bei der Detailarbeit am Pferdekopf hilfreich sind.<\/p>\n<h2>Pferd scheren: So funktioniert\u2019s!<\/h2>\n<ul>\n<li>Achte darauf, dass das Pferd im Vorfeld trocken und sauber ist.<\/li>\n<li>Gew\u00f6hne das Pferd vorsichtig an das ungewohnte Ger\u00e4usch und die Ber\u00fchrung mit der Schermaschine.<\/li>\n<li>Die Schermaschine muss \u00fcber scharfe Scherbl\u00e4tter verf\u00fcgen und immer wieder ge\u00f6lt werden, damit sie gleichm\u00e4\u00dfig l\u00e4uft und nicht zu hei\u00df wird.<\/li>\n<li>Geschoren wird immer gegen den Fellstrich, die Scherbahnen sollten sich leicht \u00fcberschneiden und Tasthaare sowie das Innenohr d\u00fcrfen keinesfalls geschoren werden \u2013 dies ist tierschutzwidrig.<\/li>\n<li>Decke nach dem Scheren das Pferd mit einer geeigneten Winterdecke ein. Achte dabei darauf, dass du geeignete Outdoor-Decken verwendest, wenn du dein geschorenes Pferd auch im Winter auf die Weide oder in den Paddock l\u00e4sst.<\/li>\n<\/ul>\n<h2>H\u00e4ufige Fragen zum Pferde scheren<\/h2>\n<h3>Wann ist es sinnvoll ein Pferd zu scheren?<\/h3>\n<p>Ende Oktober bis Anfang November gilt als optimaler Zeitpunkt f\u00fcr das Scheren von Pferden. Abh\u00e4ngig vom Wachstum des Fells kann eine Nachschur im Januar oder Februar n\u00f6tig sein.<\/p>\n<h3>Wie schere ich mein Pferd am besten?<\/h3>\n<p>Geschoren wird immer gegen den Fellstrich, die Scherbahnen sollten sich leicht \u00fcberschneiden und Tasthaare sowie das Innenohr d\u00fcrfen keinesfalls geschoren werden. Nach dem Scheren sollte das Pferd mit einer passenden Winterdecke eingedeckt werden, insbesondere f\u00fcr den Aufenthalt im Freien.<\/p>\n<h3>Kann man ein Pferd auch im Sommer scheren?<\/h3>\n<p>In bestimmten F\u00e4llen ist es notwendig, ein Pferd auch im Sommer zu scheren. Dies betrifft vor allem \u00e4ltere Pferde, die Schwierigkeiten haben, ihr Winterfell vollst\u00e4ndig abzulegen, sowie nordische Rassen wie den Isl\u00e4nder, deren dichtes Fell im Sommer an den Stellen, an denen sie besonders schwitzen, ausged\u00fcnnt werden sollte.<\/p>\n","protected":false},"excerpt":{"rendered":"<p>Sp\u00e4testens wenn die Dauer des Trockenreitens die Zeit des eigentlichen Trainings \u00fcbersteigt, stellt sich die Frage nach dem Scheren eines Pferdes. Das ist oftmals ein hei\u00df diskutierter Punkt unter Stallkollegen, bei dem es die verschiedensten Ansichten gibt. Wann der beste Zeitpunkt zum Scheren des Pferdes ist und welche Schurarten es gibt, erf\u00e4hrst du in diesem [&hellip;]<\/p>\n","protected":false},"author":1,"featured_media":14937,"parent":11685,"menu_order":24,"comment_status":"open","ping_status":"open","template":"templates\/blog.php","meta":{"_acf_changed":false,"_crdt_document":"","footnotes":"","beyondwords_generate_audio":"0","beyondwords_project_id":"","beyondwords_content_id":"","beyondwords_preview_token":"","beyondwords_player_style":"","beyondwords_language_id":"","beyondwords_title_voice_id":"","beyondwords_body_voice_id":"","beyondwords_summary_voice_id":"","beyondwords_error_message":"","beyondwords_disabled":"","beyondwords_delete_content":"","beyondwords_podcast_id":"","beyondwords_hash":"","publish_post_to_speechkit":"","speechkit_hash":"","speechkit_generate_audio":"","speechkit_project_id":"","speechkit_podcast_id":"","speechkit_error_message":"","speechkit_disabled":"","speechkit_access_key":"","speechkit_error":"","speechkit_info":"","speechkit_response":"","speechkit_retries":"","speechkit_status":"","speechkit_updated_at":"","_speechkit_link":"","_speechkit_text":""},"class_list":["post-10239","page","type-page","status-publish","has-post-thumbnail","hentry"],"acf":[],"yoast_head":"<!-- This site is optimized with the Yoast SEO Premium plugin  - https:\/\/yoast.com\/product\/yoast-seo-premium-wordpress\/ -->\n<title>Pferd scheren: Ja oder Nein? | Uelzener Tier-Magazin<\/title>\n<meta name=\"description\" content=\"Erfahre, wann es sinnvoll ist, dein Pferd \ud83d\udc34 zu scheren und wie du dabei am besten vorgehst. \u25b6 Hier informieren!\" \/>\n<meta name=\"robots\" content=\"index, follow, max-snippet:-1, max-image-preview:large, max-video-preview:-1\" \/>\n<link rel=\"canonical\" href=\"https:\/\/uelzener.de\/magazin\/pferd\/haeufige-fragen\/pferd-scheren\/\" \/>\n<meta property=\"og:locale\" content=\"de_DE\" \/>\n<meta property=\"og:type\" content=\"article\" \/>\n<meta property=\"og:title\" content=\"Pferd scheren: Ja oder Nein?\" \/>\n<meta property=\"og:description\" content=\"Erfahre, wann es sinnvoll ist, dein Pferd \ud83d\udc34 zu scheren und wie du dabei am besten vorgehst. \u25b6 Hier informieren!\" \/>\n<meta property=\"og:url\" content=\"https:\/\/uelzener.de\/magazin\/pferd\/haeufige-fragen\/pferd-scheren\/\" \/>\n<meta property=\"og:site_name\" content=\"Uelzener Tier-Magazin\" \/>\n<meta property=\"article:publisher\" content=\"https:\/\/www.facebook.com\/Uelzener\" \/>\n<meta property=\"article:modified_time\" content=\"2023-12-18T15:32:50+00:00\" \/>\n<meta property=\"og:image\" content=\"https:\/\/uelzener.de\/magazin\/app\/uploads\/2023\/02\/pferd-geschoren.jpg\" \/>\n\t<meta property=\"og:image:width\" content=\"1025\" \/>\n\t<meta property=\"og:image:height\" content=\"450\" \/>\n\t<meta property=\"og:image:type\" content=\"image\/jpeg\" \/>\n<meta name=\"twitter:card\" content=\"summary_large_image\" \/>\n<meta name=\"twitter:label1\" content=\"Gesch\u00e4tzte Lesezeit\" \/>\n\t<meta name=\"twitter:data1\" content=\"4\u00a0Minuten\" \/>\n<script type=\"application\/ld+json\" class=\"yoast-schema-graph\">{\"@context\":\"https:\/\/schema.org\",\"@graph\":[{\"@type\":\"WebPage\",\"@id\":\"https:\/\/uelzener.de\/magazin\/pferd\/haeufige-fragen\/pferd-scheren\/\",\"url\":\"https:\/\/uelzener.de\/magazin\/pferd\/haeufige-fragen\/pferd-scheren\/\",\"name\":\"Pferd scheren: Ja oder Nein? | Uelzener Tier-Magazin\",\"isPartOf\":{\"@id\":\"https:\/\/uelzener.de\/magazin\/#website\"},\"primaryImageOfPage\":{\"@id\":\"https:\/\/uelzener.de\/magazin\/pferd\/haeufige-fragen\/pferd-scheren\/#primaryimage\"},\"image\":{\"@id\":\"https:\/\/uelzener.de\/magazin\/pferd\/haeufige-fragen\/pferd-scheren\/#primaryimage\"},\"thumbnailUrl\":\"https:\/\/uelzener.de\/magazin\/app\/uploads\/2023\/02\/pferd-geschoren.jpg\",\"datePublished\":\"2023-02-16T14:00:00+00:00\",\"dateModified\":\"2023-12-18T15:32:50+00:00\",\"description\":\"Erfahre, wann es sinnvoll ist, dein Pferd \ud83d\udc34 zu scheren und wie du dabei am besten vorgehst. \u25b6 Hier informieren!\",\"breadcrumb\":{\"@id\":\"https:\/\/uelzener.de\/magazin\/pferd\/haeufige-fragen\/pferd-scheren\/#breadcrumb\"},\"inLanguage\":\"de\",\"potentialAction\":[{\"@type\":\"ReadAction\",\"target\":[\"https:\/\/uelzener.de\/magazin\/pferd\/haeufige-fragen\/pferd-scheren\/\"]}]},{\"@type\":\"ImageObject\",\"inLanguage\":\"de\",\"@id\":\"https:\/\/uelzener.de\/magazin\/pferd\/haeufige-fragen\/pferd-scheren\/#primaryimage\",\"url\":\"https:\/\/uelzener.de\/magazin\/app\/uploads\/2023\/02\/pferd-geschoren.jpg\",\"contentUrl\":\"https:\/\/uelzener.de\/magazin\/app\/uploads\/2023\/02\/pferd-geschoren.jpg\",\"width\":1025,\"height\":450,\"caption\":\"Ein Pferd mit einem geschorenen Muster im Fell.\"},{\"@type\":\"WebSite\",\"@id\":\"https:\/\/uelzener.de\/magazin\/#website\",\"url\":\"https:\/\/uelzener.de\/magazin\/\",\"name\":\"Uelzener Tiermagazin\",\"description\":\"Online Tierratgeber der Uelzener Versicherungen\",\"publisher\":{\"@id\":\"https:\/\/uelzener.de\/magazin\/#organization\"},\"potentialAction\":[{\"@type\":\"SearchAction\",\"target\":{\"@type\":\"EntryPoint\",\"urlTemplate\":\"https:\/\/uelzener.de\/magazin\/?s={search_term_string}\"},\"query-input\":{\"@type\":\"PropertyValueSpecification\",\"valueRequired\":true,\"valueName\":\"search_term_string\"}}],\"inLanguage\":\"de\"},{\"@type\":\"Organization\",\"@id\":\"https:\/\/uelzener.de\/magazin\/#organization\",\"name\":\"Uelzener Versicherungen\",\"url\":\"https:\/\/uelzener.de\/magazin\/\",\"logo\":{\"@type\":\"ImageObject\",\"inLanguage\":\"de\",\"@id\":\"https:\/\/uelzener.de\/magazin\/#\/schema\/logo\/image\/\",\"url\":\"https:\/\/uelzener.de\/magazin\/app\/uploads\/2024\/11\/uelzener_allgemeine_versicherungsgesellschaft_a_g_logo.jpg\",\"contentUrl\":\"https:\/\/uelzener.de\/magazin\/app\/uploads\/2024\/11\/uelzener_allgemeine_versicherungsgesellschaft_a_g_logo.jpg\",\"width\":200,\"height\":200,\"caption\":\"Uelzener Versicherungen\"},\"image\":{\"@id\":\"https:\/\/uelzener.de\/magazin\/#\/schema\/logo\/image\/\"},\"sameAs\":[\"https:\/\/www.facebook.com\/Uelzener\",\"https:\/\/instagram.com\/uelzener\",\"https:\/\/www.xing.com\/pages\/uelzenerallgemeineversicherungs-gesellschafta-g\",\"https:\/\/www.youtube.com\/UelzenerVersicherungen\"]}]}<\/script>\n<!-- \/ Yoast SEO Premium plugin. -->","yoast_head_json":{"title":"Pferd scheren: Ja oder Nein? | Uelzener Tier-Magazin","description":"Erfahre, wann es sinnvoll ist, dein Pferd \ud83d\udc34 zu scheren und wie du dabei am besten vorgehst. \u25b6 Hier informieren!","robots":{"index":"index","follow":"follow","max-snippet":"max-snippet:-1","max-image-preview":"max-image-preview:large","max-video-preview":"max-video-preview:-1"},"canonical":"https:\/\/uelzener.de\/magazin\/pferd\/haeufige-fragen\/pferd-scheren\/","og_locale":"de_DE","og_type":"article","og_title":"Pferd scheren: Ja oder Nein?","og_description":"Erfahre, wann es sinnvoll ist, dein Pferd \ud83d\udc34 zu scheren und wie du dabei am besten vorgehst. \u25b6 Hier informieren!","og_url":"https:\/\/uelzener.de\/magazin\/pferd\/haeufige-fragen\/pferd-scheren\/","og_site_name":"Uelzener Tier-Magazin","article_publisher":"https:\/\/www.facebook.com\/Uelzener","article_modified_time":"2023-12-18T15:32:50+00:00","og_image":[{"width":1025,"height":450,"url":"https:\/\/uelzener.de\/magazin\/app\/uploads\/2023\/02\/pferd-geschoren.jpg","type":"image\/jpeg"}],"twitter_card":"summary_large_image","twitter_misc":{"Gesch\u00e4tzte Lesezeit":"4\u00a0Minuten"},"schema":{"@context":"https:\/\/schema.org","@graph":[{"@type":"WebPage","@id":"https:\/\/uelzener.de\/magazin\/pferd\/haeufige-fragen\/pferd-scheren\/","url":"https:\/\/uelzener.de\/magazin\/pferd\/haeufige-fragen\/pferd-scheren\/","name":"Pferd scheren: Ja oder Nein? | Uelzener Tier-Magazin","isPartOf":{"@id":"https:\/\/uelzener.de\/magazin\/#website"},"primaryImageOfPage":{"@id":"https:\/\/uelzener.de\/magazin\/pferd\/haeufige-fragen\/pferd-scheren\/#primaryimage"},"image":{"@id":"https:\/\/uelzener.de\/magazin\/pferd\/haeufige-fragen\/pferd-scheren\/#primaryimage"},"thumbnailUrl":"https:\/\/uelzener.de\/magazin\/app\/uploads\/2023\/02\/pferd-geschoren.jpg","datePublished":"2023-02-16T14:00:00+00:00","dateModified":"2023-12-18T15:32:50+00:00","description":"Erfahre, wann es sinnvoll ist, dein Pferd \ud83d\udc34 zu scheren und wie du dabei am besten vorgehst. \u25b6 Hier informieren!","breadcrumb":{"@id":"https:\/\/uelzener.de\/magazin\/pferd\/haeufige-fragen\/pferd-scheren\/#breadcrumb"},"inLanguage":"de","potentialAction":[{"@type":"ReadAction","target":["https:\/\/uelzener.de\/magazin\/pferd\/haeufige-fragen\/pferd-scheren\/"]}]},{"@type":"ImageObject","inLanguage":"de","@id":"https:\/\/uelzener.de\/magazin\/pferd\/haeufige-fragen\/pferd-scheren\/#primaryimage","url":"https:\/\/uelzener.de\/magazin\/app\/uploads\/2023\/02\/pferd-geschoren.jpg","contentUrl":"https:\/\/uelzener.de\/magazin\/app\/uploads\/2023\/02\/pferd-geschoren.jpg","width":1025,"height":450,"caption":"Ein Pferd mit einem geschorenen Muster im Fell."},{"@type":"WebSite","@id":"https:\/\/uelzener.de\/magazin\/#website","url":"https:\/\/uelzener.de\/magazin\/","name":"Uelzener Tiermagazin","description":"Online Tierratgeber der Uelzener Versicherungen","publisher":{"@id":"https:\/\/uelzener.de\/magazin\/#organization"},"potentialAction":[{"@type":"SearchAction","target":{"@type":"EntryPoint","urlTemplate":"https:\/\/uelzener.de\/magazin\/?s={search_term_string}"},"query-input":{"@type":"PropertyValueSpecification","valueRequired":true,"valueName":"search_term_string"}}],"inLanguage":"de"},{"@type":"Organization","@id":"https:\/\/uelzener.de\/magazin\/#organization","name":"Uelzener Versicherungen","url":"https:\/\/uelzener.de\/magazin\/","logo":{"@type":"ImageObject","inLanguage":"de","@id":"https:\/\/uelzener.de\/magazin\/#\/schema\/logo\/image\/","url":"https:\/\/uelzener.de\/magazin\/app\/uploads\/2024\/11\/uelzener_allgemeine_versicherungsgesellschaft_a_g_logo.jpg","contentUrl":"https:\/\/uelzener.de\/magazin\/app\/uploads\/2024\/11\/uelzener_allgemeine_versicherungsgesellschaft_a_g_logo.jpg","width":200,"height":200,"caption":"Uelzener Versicherungen"},"image":{"@id":"https:\/\/uelzener.de\/magazin\/#\/schema\/logo\/image\/"},"sameAs":["https:\/\/www.facebook.com\/Uelzener","https:\/\/instagram.com\/uelzener","https:\/\/www.xing.com\/pages\/uelzenerallgemeineversicherungs-gesellschafta-g","https:\/\/www.youtube.com\/UelzenerVersicherungen"]}]}},"_links":{"self":[{"href":"https:\/\/uelzener.de\/magazin\/wp-json\/wp\/v2\/pages\/10239","targetHints":{"allow":["GET"]}}],"collection":[{"href":"https:\/\/uelzener.de\/magazin\/wp-json\/wp\/v2\/pages"}],"about":[{"href":"https:\/\/uelzener.de\/magazin\/wp-json\/wp\/v2\/types\/page"}],"author":[{"embeddable":true,"href":"https:\/\/uelzener.de\/magazin\/wp-json\/wp\/v2\/users\/1"}],"replies":[{"embeddable":true,"href":"https:\/\/uelzener.de\/magazin\/wp-json\/wp\/v2\/comments?post=10239"}],"version-history":[{"count":16,"href":"https:\/\/uelzener.de\/magazin\/wp-json\/wp\/v2\/pages\/10239\/revisions"}],"predecessor-version":[{"id":16833,"href":"https:\/\/uelzener.de\/magazin\/wp-json\/wp\/v2\/pages\/10239\/revisions\/16833"}],"up":[{"embeddable":true,"href":"https:\/\/uelzener.de\/magazin\/wp-json\/wp\/v2\/pages\/11685"}],"wp:featuredmedia":[{"embeddable":true,"href":"https:\/\/uelzener.de\/magazin\/wp-json\/wp\/v2\/media\/14937"}],"wp:attachment":[{"href":"https:\/\/uelzener.de\/magazin\/wp-json\/wp\/v2\/media?parent=10239"}],"curies":[{"name":"wp","href":"https:\/\/api.w.org\/{rel}","templated":true}]}}