{"id":10238,"date":"2015-02-10T00:00:00","date_gmt":"2015-02-10T00:00:00","guid":{"rendered":""},"modified":"2024-01-25T15:27:54","modified_gmt":"2024-01-25T14:27:54","slug":"winterfuetterung-pferd","status":"publish","type":"page","link":"https:\/\/uelzener.de\/magazin\/pferd\/ernaehrung\/winterfuetterung-pferd\/","title":{"rendered":"Tipps f\u00fcr die Winterf\u00fctterung"},"content":{"rendered":"<p>Im Sommer nehmen Pferde viele wichtige Stoffe \u00fcber das frische Weidegras auf: Proteine und Kohlenhydrate, Vitamine und Mineralstoffe sowie gen\u00fcgend Rohfaser. Im Winter sieht das ein wenig anders aus. Die meisten Pferde stehen im Stall oder auf dem Paddock. Aber auch Weideg\u00e4nger sind jetzt nicht mehr ausreichend versorgt: Das Gras hat im Winter weniger Inhaltsstoffe als im Sommer. Das Pferd m\u00fcsste also deutlich mehr fressen, um seinen Bedarf zu decken. Das geht in der Regel nicht, weil Gras bei niedrigen Temperaturen nicht mehr w\u00e4chst. Also muss zugef\u00fcttert werden.<\/p>\n<h2>Heu \/ Heulage<\/h2>\n<p>Ganz oben steht nat\u00fcrlich eine ausreichende Menge an qualitativ hochwertigem Heu oder hochwertiger Heulage. Es sollte von gr\u00fcnlicher Farbe sein, dazu staubfrei \u2013 gegebenenfalls durch einen <a href=\"https:\/\/uelzener.de\/magazin\/pferd\/tiergesundheit\/heubedampfer\/\">Heubedampfer<\/a> \u2013 und angenehm duften und aus dem letzten Sommer stammen. Die Faustformel 1,5 Kilo Heu pro 100 Kilo Lebendgewicht kann man mit 10 Prozent Winterzuschlag versehen, bei alten Pferden oder bei Pferden mit wenig Winterfell k\u00f6nnen es ruhig 20 Prozent oder mehr sein. Heu wird mehrmals am Tag gereicht, damit keine l\u00e4ngeren Fresspausen entstehen.<\/p>\n<h2>Vitamin- und Mineralstoffbedarf<\/h2>\n<p>Ein weiterer wichtiger Faktor ist der Vitamin- und Mineralstoffbedarf. Er kann \u00fcber ein gutes Erg\u00e4nzungsfutter gedeckt werden. Damit sind Ponies und Pferde im Erhaltungsbedarf, also Pferde, die im Winter keine oder nur wenig Leistung vollbringen, in der Regel gut versorgt.<\/p>\n<p>&nbsp;<\/p>\n<p><audio src=\"https:\/\/uelzener.de\/magazin\/app\/uploads\/2024\/01\/231206_Uelzener_Podcast_Pferde_im_Winter_radionews.mp3\" controls=\"controls\"><\/audio><\/p>\n<p><em>Ein Radiobeitrag mit Dr. Garlipp von den Uelzener Versicherungen zum Thema Kolik und Pferde im Winter. Im Dezember 2023 und Januar 2024 unter anderem ausgestrahlt auf den Radiosendern Donau 3 FM, Radio Schlagerparadies, ROCK ANTENNE Hamburg und Radio Frankfurt.<\/em><\/p>\n<h2>Kraftfutter<\/h2>\n<p>Anders sieht es bei Pferden mit einem erh\u00f6hten Energiebedarf, wie Senioren und Pferde mit hohem Blutanteil sowie Reitpferden im Training aus: Sie brauchen oftmals mehr Energie. Hier kann Kraftfutter wie zum Beispiel Hafer oder M\u00fcsli zum Einsatz kommen. Allerdings ist Augenma\u00df gefragt: Besonders bei Pferden und Ponies, die trainiert werden, muss die tats\u00e4chliche Leistung gut eingesch\u00e4tzt und die F\u00fctterung entsprechend angepasst werden, damit das Pferd nicht verfettet. Generell sollte auch hier die optimale Heuversorgung an erster Stelle stehen.<\/p>\n<h2>\u00d6l<\/h2>\n<p>Wer nicht soviel Kraftfutter geben m\u00f6chte, kann gesunden Pferden alternativ etwas \u00d6l f\u00fcttern. Gut geeignet ist Lein\u00f6l. In kleinen Mengen zugef\u00fcttert, liefert es Energie, ohne die Verdauung zu stark zu belasten. Wichtig: Ranziges \u00d6l nicht mehr verf\u00fcttern.<\/p>\n<h2>R\u00fcbenschnitzel und Wasseraufnahme<\/h2>\n<p>Ebenfalls eine gute Alternative zu reinem Kraftfutter sind R\u00fcbenschnitzel. Sie enthalten viel Rohfaser, sind daher leicht verdaulich und werden von den meisten Pferden gerne genommen. Wichtig ist, dass sie in pelletierter Form mindestens 12 Stunden vorher mit ausreichend Wasser eingeweicht werden m\u00fcssen. Angenehmer Nebeneffekt: Wenn man die Schnitzel mit etwas mehr Wasser als n\u00f6tig einweicht, trinken die Pferde die \u00fcberstehende Br\u00fche gerne mit \u2013 ein zus\u00e4tzlicher Pluspunkt bei der Wasseraufnahme, die man auch im Winter und besonders bei Senioren immer im Blick haben sollte.<\/p>\n<p>Neben der F\u00fctterung gibt es auch beim <a href=\"https:\/\/uelzener.de\/magazin\/pferd\/erziehung-und-training\/pferdetraining-auf-gefrorenem-boden\/\">Trainings-Merkmale, die du im Winter beachten solltest<\/a>.<\/p>\n","protected":false},"excerpt":{"rendered":"<p>Im Sommer nehmen Pferde viele wichtige Stoffe \u00fcber das frische Weidegras auf: Proteine und Kohlenhydrate, Vitamine und Mineralstoffe sowie gen\u00fcgend Rohfaser. Im Winter sieht das ein wenig anders aus. Die meisten Pferde stehen im Stall oder auf dem Paddock. Aber auch Weideg\u00e4nger sind jetzt nicht mehr ausreichend versorgt: Das Gras hat im Winter weniger Inhaltsstoffe [&hellip;]<\/p>\n","protected":false},"author":1,"featured_media":10827,"parent":11672,"menu_order":9,"comment_status":"open","ping_status":"open","template":"templates\/blog.php","meta":{"_acf_changed":false,"_crdt_document":"","footnotes":"","beyondwords_generate_audio":"0","beyondwords_project_id":"","beyondwords_content_id":"","beyondwords_preview_token":"","beyondwords_player_style":"","beyondwords_language_id":"","beyondwords_title_voice_id":"","beyondwords_body_voice_id":"","beyondwords_summary_voice_id":"","beyondwords_error_message":"","beyondwords_disabled":"","beyondwords_delete_content":"","beyondwords_podcast_id":"","beyondwords_hash":"","publish_post_to_speechkit":"","speechkit_hash":"","speechkit_generate_audio":"","speechkit_project_id":"","speechkit_podcast_id":"","speechkit_error_message":"","speechkit_disabled":"","speechkit_access_key":"","speechkit_error":"","speechkit_info":"","speechkit_response":"","speechkit_retries":"","speechkit_status":"","speechkit_updated_at":"","_speechkit_link":"","_speechkit_text":""},"class_list":["post-10238","page","type-page","status-publish","has-post-thumbnail","hentry"],"acf":[],"yoast_head":"<!-- This site is optimized with the Yoast SEO Premium plugin  - https:\/\/yoast.com\/product\/yoast-seo-premium-wordpress\/ -->\n<title>Tipps f\u00fcr die Winterf\u00fctterung | Uelzener<\/title>\n<meta name=\"robots\" content=\"index, follow, max-snippet:-1, max-image-preview:large, max-video-preview:-1\" \/>\n<link rel=\"canonical\" href=\"https:\/\/uelzener.de\/magazin\/pferd\/ernaehrung\/winterfuetterung-pferd\/\" \/>\n<meta property=\"og:locale\" content=\"de_DE\" \/>\n<meta property=\"og:type\" content=\"article\" \/>\n<meta property=\"og:title\" content=\"Tipps f\u00fcr die Winterf\u00fctterung\" \/>\n<meta property=\"og:description\" content=\"Im Sommer nehmen Pferde viele wichtige Stoffe \u00fcber das frische Weidegras auf: Proteine und Kohlenhydrate, Vitamine und Mineralstoffe sowie gen\u00fcgend Rohfaser. Im Winter sieht das ein wenig anders aus. Die meisten Pferde stehen im Stall oder auf dem Paddock. Aber auch Weideg\u00e4nger sind jetzt nicht mehr ausreichend versorgt: Das Gras hat im Winter weniger Inhaltsstoffe [&hellip;]\" \/>\n<meta property=\"og:url\" content=\"https:\/\/uelzener.de\/magazin\/pferd\/ernaehrung\/winterfuetterung-pferd\/\" \/>\n<meta property=\"og:site_name\" content=\"Uelzener Tier-Magazin\" \/>\n<meta property=\"article:publisher\" content=\"https:\/\/www.facebook.com\/Uelzener\" \/>\n<meta property=\"article:modified_time\" content=\"2024-01-25T14:27:54+00:00\" \/>\n<meta property=\"og:image\" content=\"https:\/\/uelzener.de\/magazin\/app\/uploads\/2015\/02\/cc1d3d97-a0f9-479d-af2e-8c47d351049e.jpg\" \/>\n\t<meta property=\"og:image:width\" content=\"650\" \/>\n\t<meta property=\"og:image:height\" content=\"432\" \/>\n\t<meta property=\"og:image:type\" content=\"image\/jpeg\" \/>\n<meta name=\"twitter:card\" content=\"summary_large_image\" \/>\n<meta name=\"twitter:label1\" content=\"Gesch\u00e4tzte Lesezeit\" \/>\n\t<meta name=\"twitter:data1\" content=\"3\u00a0Minuten\" \/>\n<script type=\"application\/ld+json\" class=\"yoast-schema-graph\">{\"@context\":\"https:\/\/schema.org\",\"@graph\":[{\"@type\":\"WebPage\",\"@id\":\"https:\/\/uelzener.de\/magazin\/pferd\/ernaehrung\/winterfuetterung-pferd\/\",\"url\":\"https:\/\/uelzener.de\/magazin\/pferd\/ernaehrung\/winterfuetterung-pferd\/\",\"name\":\"Tipps f\u00fcr die Winterf\u00fctterung | Uelzener\",\"isPartOf\":{\"@id\":\"https:\/\/uelzener.de\/magazin\/#website\"},\"primaryImageOfPage\":{\"@id\":\"https:\/\/uelzener.de\/magazin\/pferd\/ernaehrung\/winterfuetterung-pferd\/#primaryimage\"},\"image\":{\"@id\":\"https:\/\/uelzener.de\/magazin\/pferd\/ernaehrung\/winterfuetterung-pferd\/#primaryimage\"},\"thumbnailUrl\":\"https:\/\/uelzener.de\/magazin\/app\/uploads\/2015\/02\/cc1d3d97-a0f9-479d-af2e-8c47d351049e.jpg\",\"datePublished\":\"2015-02-10T00:00:00+00:00\",\"dateModified\":\"2024-01-25T14:27:54+00:00\",\"breadcrumb\":{\"@id\":\"https:\/\/uelzener.de\/magazin\/pferd\/ernaehrung\/winterfuetterung-pferd\/#breadcrumb\"},\"inLanguage\":\"de\",\"potentialAction\":[{\"@type\":\"ReadAction\",\"target\":[\"https:\/\/uelzener.de\/magazin\/pferd\/ernaehrung\/winterfuetterung-pferd\/\"]}]},{\"@type\":\"ImageObject\",\"inLanguage\":\"de\",\"@id\":\"https:\/\/uelzener.de\/magazin\/pferd\/ernaehrung\/winterfuetterung-pferd\/#primaryimage\",\"url\":\"https:\/\/uelzener.de\/magazin\/app\/uploads\/2015\/02\/cc1d3d97-a0f9-479d-af2e-8c47d351049e.jpg\",\"contentUrl\":\"https:\/\/uelzener.de\/magazin\/app\/uploads\/2015\/02\/cc1d3d97-a0f9-479d-af2e-8c47d351049e.jpg\",\"width\":650,\"height\":432,\"caption\":\"Zwei Pferde lassen sich im Winter ihr spezielles Futter schmecken.\"},{\"@type\":\"WebSite\",\"@id\":\"https:\/\/uelzener.de\/magazin\/#website\",\"url\":\"https:\/\/uelzener.de\/magazin\/\",\"name\":\"Uelzener Tiermagazin\",\"description\":\"Online Tierratgeber der Uelzener Versicherungen\",\"publisher\":{\"@id\":\"https:\/\/uelzener.de\/magazin\/#organization\"},\"potentialAction\":[{\"@type\":\"SearchAction\",\"target\":{\"@type\":\"EntryPoint\",\"urlTemplate\":\"https:\/\/uelzener.de\/magazin\/?s={search_term_string}\"},\"query-input\":{\"@type\":\"PropertyValueSpecification\",\"valueRequired\":true,\"valueName\":\"search_term_string\"}}],\"inLanguage\":\"de\"},{\"@type\":\"Organization\",\"@id\":\"https:\/\/uelzener.de\/magazin\/#organization\",\"name\":\"Uelzener Versicherungen\",\"url\":\"https:\/\/uelzener.de\/magazin\/\",\"logo\":{\"@type\":\"ImageObject\",\"inLanguage\":\"de\",\"@id\":\"https:\/\/uelzener.de\/magazin\/#\/schema\/logo\/image\/\",\"url\":\"https:\/\/uelzener.de\/magazin\/app\/uploads\/2024\/11\/uelzener_allgemeine_versicherungsgesellschaft_a_g_logo.jpg\",\"contentUrl\":\"https:\/\/uelzener.de\/magazin\/app\/uploads\/2024\/11\/uelzener_allgemeine_versicherungsgesellschaft_a_g_logo.jpg\",\"width\":200,\"height\":200,\"caption\":\"Uelzener Versicherungen\"},\"image\":{\"@id\":\"https:\/\/uelzener.de\/magazin\/#\/schema\/logo\/image\/\"},\"sameAs\":[\"https:\/\/www.facebook.com\/Uelzener\",\"https:\/\/instagram.com\/uelzener\",\"https:\/\/www.xing.com\/pages\/uelzenerallgemeineversicherungs-gesellschafta-g\",\"https:\/\/www.youtube.com\/UelzenerVersicherungen\"]}]}<\/script>\n<!-- \/ Yoast SEO Premium plugin. -->","yoast_head_json":{"title":"Tipps f\u00fcr die Winterf\u00fctterung | Uelzener","robots":{"index":"index","follow":"follow","max-snippet":"max-snippet:-1","max-image-preview":"max-image-preview:large","max-video-preview":"max-video-preview:-1"},"canonical":"https:\/\/uelzener.de\/magazin\/pferd\/ernaehrung\/winterfuetterung-pferd\/","og_locale":"de_DE","og_type":"article","og_title":"Tipps f\u00fcr die Winterf\u00fctterung","og_description":"Im Sommer nehmen Pferde viele wichtige Stoffe \u00fcber das frische Weidegras auf: Proteine und Kohlenhydrate, Vitamine und Mineralstoffe sowie gen\u00fcgend Rohfaser. Im Winter sieht das ein wenig anders aus. Die meisten Pferde stehen im Stall oder auf dem Paddock. Aber auch Weideg\u00e4nger sind jetzt nicht mehr ausreichend versorgt: Das Gras hat im Winter weniger Inhaltsstoffe [&hellip;]","og_url":"https:\/\/uelzener.de\/magazin\/pferd\/ernaehrung\/winterfuetterung-pferd\/","og_site_name":"Uelzener Tier-Magazin","article_publisher":"https:\/\/www.facebook.com\/Uelzener","article_modified_time":"2024-01-25T14:27:54+00:00","og_image":[{"width":650,"height":432,"url":"https:\/\/uelzener.de\/magazin\/app\/uploads\/2015\/02\/cc1d3d97-a0f9-479d-af2e-8c47d351049e.jpg","type":"image\/jpeg"}],"twitter_card":"summary_large_image","twitter_misc":{"Gesch\u00e4tzte Lesezeit":"3\u00a0Minuten"},"schema":{"@context":"https:\/\/schema.org","@graph":[{"@type":"WebPage","@id":"https:\/\/uelzener.de\/magazin\/pferd\/ernaehrung\/winterfuetterung-pferd\/","url":"https:\/\/uelzener.de\/magazin\/pferd\/ernaehrung\/winterfuetterung-pferd\/","name":"Tipps f\u00fcr die Winterf\u00fctterung | Uelzener","isPartOf":{"@id":"https:\/\/uelzener.de\/magazin\/#website"},"primaryImageOfPage":{"@id":"https:\/\/uelzener.de\/magazin\/pferd\/ernaehrung\/winterfuetterung-pferd\/#primaryimage"},"image":{"@id":"https:\/\/uelzener.de\/magazin\/pferd\/ernaehrung\/winterfuetterung-pferd\/#primaryimage"},"thumbnailUrl":"https:\/\/uelzener.de\/magazin\/app\/uploads\/2015\/02\/cc1d3d97-a0f9-479d-af2e-8c47d351049e.jpg","datePublished":"2015-02-10T00:00:00+00:00","dateModified":"2024-01-25T14:27:54+00:00","breadcrumb":{"@id":"https:\/\/uelzener.de\/magazin\/pferd\/ernaehrung\/winterfuetterung-pferd\/#breadcrumb"},"inLanguage":"de","potentialAction":[{"@type":"ReadAction","target":["https:\/\/uelzener.de\/magazin\/pferd\/ernaehrung\/winterfuetterung-pferd\/"]}]},{"@type":"ImageObject","inLanguage":"de","@id":"https:\/\/uelzener.de\/magazin\/pferd\/ernaehrung\/winterfuetterung-pferd\/#primaryimage","url":"https:\/\/uelzener.de\/magazin\/app\/uploads\/2015\/02\/cc1d3d97-a0f9-479d-af2e-8c47d351049e.jpg","contentUrl":"https:\/\/uelzener.de\/magazin\/app\/uploads\/2015\/02\/cc1d3d97-a0f9-479d-af2e-8c47d351049e.jpg","width":650,"height":432,"caption":"Zwei Pferde lassen sich im Winter ihr spezielles Futter schmecken."},{"@type":"WebSite","@id":"https:\/\/uelzener.de\/magazin\/#website","url":"https:\/\/uelzener.de\/magazin\/","name":"Uelzener Tiermagazin","description":"Online Tierratgeber der Uelzener Versicherungen","publisher":{"@id":"https:\/\/uelzener.de\/magazin\/#organization"},"potentialAction":[{"@type":"SearchAction","target":{"@type":"EntryPoint","urlTemplate":"https:\/\/uelzener.de\/magazin\/?s={search_term_string}"},"query-input":{"@type":"PropertyValueSpecification","valueRequired":true,"valueName":"search_term_string"}}],"inLanguage":"de"},{"@type":"Organization","@id":"https:\/\/uelzener.de\/magazin\/#organization","name":"Uelzener Versicherungen","url":"https:\/\/uelzener.de\/magazin\/","logo":{"@type":"ImageObject","inLanguage":"de","@id":"https:\/\/uelzener.de\/magazin\/#\/schema\/logo\/image\/","url":"https:\/\/uelzener.de\/magazin\/app\/uploads\/2024\/11\/uelzener_allgemeine_versicherungsgesellschaft_a_g_logo.jpg","contentUrl":"https:\/\/uelzener.de\/magazin\/app\/uploads\/2024\/11\/uelzener_allgemeine_versicherungsgesellschaft_a_g_logo.jpg","width":200,"height":200,"caption":"Uelzener Versicherungen"},"image":{"@id":"https:\/\/uelzener.de\/magazin\/#\/schema\/logo\/image\/"},"sameAs":["https:\/\/www.facebook.com\/Uelzener","https:\/\/instagram.com\/uelzener","https:\/\/www.xing.com\/pages\/uelzenerallgemeineversicherungs-gesellschafta-g","https:\/\/www.youtube.com\/UelzenerVersicherungen"]}]}},"_links":{"self":[{"href":"https:\/\/uelzener.de\/magazin\/wp-json\/wp\/v2\/pages\/10238","targetHints":{"allow":["GET"]}}],"collection":[{"href":"https:\/\/uelzener.de\/magazin\/wp-json\/wp\/v2\/pages"}],"about":[{"href":"https:\/\/uelzener.de\/magazin\/wp-json\/wp\/v2\/types\/page"}],"author":[{"embeddable":true,"href":"https:\/\/uelzener.de\/magazin\/wp-json\/wp\/v2\/users\/1"}],"replies":[{"embeddable":true,"href":"https:\/\/uelzener.de\/magazin\/wp-json\/wp\/v2\/comments?post=10238"}],"version-history":[{"count":8,"href":"https:\/\/uelzener.de\/magazin\/wp-json\/wp\/v2\/pages\/10238\/revisions"}],"predecessor-version":[{"id":16954,"href":"https:\/\/uelzener.de\/magazin\/wp-json\/wp\/v2\/pages\/10238\/revisions\/16954"}],"up":[{"embeddable":true,"href":"https:\/\/uelzener.de\/magazin\/wp-json\/wp\/v2\/pages\/11672"}],"wp:featuredmedia":[{"embeddable":true,"href":"https:\/\/uelzener.de\/magazin\/wp-json\/wp\/v2\/media\/10827"}],"wp:attachment":[{"href":"https:\/\/uelzener.de\/magazin\/wp-json\/wp\/v2\/media?parent=10238"}],"curies":[{"name":"wp","href":"https:\/\/api.w.org\/{rel}","templated":true}]}}