{"id":10237,"date":"2023-03-17T16:00:00","date_gmt":"2023-03-17T15:00:00","guid":{"rendered":""},"modified":"2025-03-24T09:35:47","modified_gmt":"2025-03-24T08:35:47","slug":"fellwechsel-pferd","status":"publish","type":"page","link":"https:\/\/uelzener.de\/magazin\/pferd\/tiergesundheit\/fellwechsel-pferd\/","title":{"rendered":"Fellwechsel beim Pferd: Alles, was du wissen musst"},"content":{"rendered":"<p>Sp\u00e4testens wenn das Pferd sich nach dem W\u00e4lzen sch\u00fcttelt und dabei in einer Wolke aus Staub und Haaren verschwindet, ist klar: Es ist wieder Fellwechsel-Zeit. Nervig f\u00fcr den Besitzer, aber noch nerviger f\u00fcr das Pferd. Denn es juckt und kribbelt \u00fcberall, sodass es sich nur noch mit Schubbern, Beknabbern und W\u00e4lzen zu helfen wei\u00df. In diesem Artikel erf\u00e4hrst du alles Wichtige, das du \u00fcber den Fellwechsel beim Pferd wissen musst.<\/p>\n<h2>Welche Haare sind vom Fellwechsel betroffen?<\/h2>\n<p>Beim Fellwechsel im Fr\u00fchjahr verliert das Pferd etwas zwischen Januar und M\u00e4rz die langen Deckhaare und die wolligen Unterhaare. Stattdessen w\u00e4chst ein kurzes Sommerfell. Dieses verliert sich wiederum, wenn die Tage im Herbst k\u00fcrzer werden. So findet etwa zwischen September und November der Wechsel vom Sommer- zum Winterfell statt. Dabei sind die Haare um Maul und Augen, au\u00dferdem Schweif und M\u00e4hne beim Fellwechsel nicht betroffen.<\/p>\n<h2>Fellwechsel unterst\u00fctzen<\/h2>\n<p>W\u00e4hrend des Fellwechsels bildet sich, ausgenommen von Schweif und M\u00e4hne, die komplette Behaarung des Pferdes neu. Kein Wunder also, dass der Fellwechsel eine energieraubende Phase f\u00fcr unsere vierbeinigen Freunde ist. Sie ben\u00f6tigen w\u00e4hrend dieser Zeit unbedingt ausreichend N\u00e4hrstoffe. Stehen diese nicht entsprechend zur Verf\u00fcgung, kann es zu Infekten und anderen Erkrankungen kommen. So kann ein N\u00e4hrstoffmangel beispielsweise die Entstehung von <a href=\"https:\/\/uelzener.de\/magazin\/pferd\/tiergesundheit\/mauke-pferd\/\">Mauke<\/a> und <a href=\"https:\/\/uelzener.de\/magazin\/pferd\/tiergesundheit\/kotwasser-beim-pferd\/\">Kotwasser<\/a> beg\u00fcnstigen.<\/p>\n<p>Der erh\u00f6hte Energieverbrauch f\u00e4llt \u00fcbrigens nicht erst an, wenn f\u00fcr uns Menschen sichtbar das alte Fell abgegeben wird. Viel fr\u00fcher bilden sich unterhalb der Haut die neuen Haare, die die alten Haare dann nach und nach hinausschieben. W\u00e4hrend der Phase der Haarbildung ben\u00f6tigen die Tiere bereits zus\u00e4tzliche Energie. Haben Pferde f\u00fcr den anspruchsvollen Fellwechsel nicht ausreichend Reserven, l\u00e4sst sich der kraftraubende Prozess der Haarentstehung mit Extragaben von N\u00e4hrstoffen unterst\u00fctzen.<\/p>\n<p>Als Vorsorge kann man etwas Lein\u00f6l und ein gutes Mineralfutter geben. Unter anderem sind die Spurenelemente Zink, Kupfer, Mangan und Selen sowie die Vitamine Biotin und Fols\u00e4ure jetzt f\u00fcr den Organismus wichtig. Pferde k\u00f6nnen w\u00e4hrend dieser anspruchsvollen Zeit zus\u00e4tzliche Kohlenhydrate als Energiespender und Aminos\u00e4uren, Vitamine und Mineralstoffe, um neue Haare zu bilden, bekommen. Au\u00dferdem sollte grunds\u00e4tzlich Wert auf eine bedarfsgerechte F\u00fctterung mit qualitativ hochwertigem Grundfutter gelegt werden. Dann sind in der Regel keine Supplementierungen n\u00f6tig.<\/p>\n<p>Gesunde, j\u00fcngere Pferde, die mit einer normalen Futterration versorgt werden, k\u00f6nnen den Fellwechsel meist m\u00fchelos bew\u00e4ltigen. Trotzdem sollte man ihnen in dieser Zeit keine H\u00f6chstleistungen abverlangen.<\/p>\n<p>\u00c4ltere und chronisch kranke Pferde haben es da schwerer: Bei ihnen funktioniert der Stoffwechsel nicht mehr so reibungslos, sodass sie oft im Fellwechsel abnehmen. Es k\u00f6nnen aber auch Stoffwechselerkrankungen wie das <a href=\"https:\/\/uelzener.de\/magazin\/pferd\/tiergesundheit\/equines-cushing-syndrom-bei-pferden-ursachen-symptome-therapiemoeglichkeiten\/\">Equine Cushing-Syndrom<\/a> f\u00fcr einen verz\u00f6gerten Fellwechsel verantwortlich sein. Bei ganz schweren F\u00e4llen kann dann oftmals nur noch helfen, das Pferd zu scheren, um die langen Zottel loszuwerden.<\/p>\n<p>Wechselt das Pferd nur schlecht das Fell, kann eine Blutanalyse durch den Tierarzt Klarheit bringen, denn es k\u00f6nnen Mangelerscheinungen zugrunde. Wenn Pferde jetzt matt und anf\u00e4llig f\u00fcr Infekte sind, liegt das oft daran, dass der Organismus nicht genug Reserven hat, um neben dem Fellwechsel die Muskeln und das Immunsystem optimal zu versorgen. Kahle Stellen k\u00f6nnen ein Hinweis auf eine Pilzinfektion sein.<\/p>\n<p>\u00dcbrigens \u00fcbernimmt die Uelzener die Kosten, die bei notwendigen Untersuchungen und Diagnose anfallen.<\/p>\n<h2>Fellwechsel mit Hausmitteln unterst\u00fctzen<\/h2>\n<p>Der Fellwechsel l\u00e4sst sich mit Hausmitteln und pflanzlichen Stoffen unterst\u00fctzen. Dabei sollte man immer Wirkungen und Nebenwirkungen im Blick behalten und sich im Zweifel tier\u00e4rztlich beraten lassen:<\/p>\n<ul>\n<li>Gr\u00fcner Tee (kann Durchblutung und Lymphsystem anregen und das Blut reinigen. Vorsicht beim Einsatz im Pferdesport, da Gr\u00fcner Tee Teein\/Koffein enth\u00e4lt. Zudem k\u00f6nnen Pferde das Koffein nicht in der Leber abbauen und daher nur sehr langsam ausscheiden bei einer Halbwertszeit von 42 Stunden.)<\/li>\n<li>Lein\u00f6l in kleinen Mengen und nach tier\u00e4rztlicher R\u00fccksprache<\/li>\n<li>Mash (angereichert mit Kr\u00e4utern, wie Quecke, Hagebutten, Brennnessel, Klette, L\u00f6wenzahn)<\/li>\n<li>Bierhefe (unterst\u00fctzt die Bildung neuer Zellen)<\/li>\n<li>Hagebutten (Vitamin C und Biotin)<\/li>\n<li>Brennnessel<\/li>\n<li>L\u00f6wenzahn<\/li>\n<li>Zink f\u00f6rdert Zellteilung, Haarwachstum, Bildung von Keratin, das ein Hauptbestandteil der Haare ist. (In falscher\/zu hoher Dosierung besteht Vergiftungsgefahr. Zink sollte nur bei erwiesenem Mangel und tier\u00e4rztlicher Empfehlung gegeben werden.)<\/li>\n<\/ul>\n<p>Da Probleme mit dem Fell auch auf Erkrankungen und <a href=\"https:\/\/uelzener.de\/magazin\/pferd\/haeufige-fragen\/liste-haeufigste-pferdekrankheiten-operationen\/\">Fellwechselst\u00f6rungen<\/a> hinweisen k\u00f6nnen, sollte man im Zweifel tier\u00e4rztlichen Rat hinzuziehen.<\/p>\n<h2>Wann kommen Pferde in den Fellwechsel?<\/h2>\n<p>Der Fellwechsel wird durch die Tageslichtl\u00e4nge gesteuert. Werden die Tage im Fr\u00fchling l\u00e4nger, startet der Pferdek\u00f6rper das Fellwechsel-Programm. Meist findet der Fellwechsel im Fr\u00fchling zwischen Januar und M\u00e4rz statt. Werden die Tage im Herbst k\u00fcrzer, so findet etwa zwischen September und November der Wechsel vom Sommer- zum Winterfell statt. \u00a0So sind <a href=\"https:\/\/uelzener.de\/magazin\/pferd\/tiergesundheit\/pferde-im-winter\/\">Pferde im Winter<\/a> gut vor kalten Temperaturen gesch\u00fctzt. Denn die Haare sind \u00fcber sogenannte Follikel mit Muskeln verbunden. Bei K\u00e4lte stellen sich die Haare auf, sodass eine w\u00e4rmende isolierende Schicht entsteht. Bei Hitze erweitern sich Blutgef\u00e4\u00dfe. Dadurch legen sich die Haare der <a href=\"https:\/\/uelzener.de\/magazin\/pferd\/tipps-fuer-den-alltag\/pferd-hitzschlag-vermeiden\/\">Pferde bei Hitze<\/a> flach auf die Haut und die Hautoberfl\u00e4che k\u00fchlt sich auf diese Weise ab.<\/p>\n<h2>Wie lange dauert der Fellwechsel beim Pferd?<\/h2>\n<p>Die Dauer des Fellwechsels ist abh\u00e4ngig von Rasse, Haltungsbedingungen, Wetter und Alter des Pferdes. Der komplette Fellwechsel kann zwischen einigen Wochen und bis zu zwei Monaten dauern.<\/p>\n<p>Der Fellwechsel verl\u00e4uft in vier Phasen. Wobei f\u00fcr uns Menschen \u00e4u\u00dferlich sichtbar lediglich die letzte der Phasen ist:<\/p>\n<ul>\n<li>Wachstumsphase: Haare wachsen und werden mit N\u00e4hrstoffen versorgt. Gibt es einen N\u00e4hrstoffmangel wirkt sich der in dieser Phase aus.<\/li>\n<li>Ruhephase: Das Wachstum stagniert und die Haare werden nicht mehr mit N\u00e4hrstoffen versorgt.<\/li>\n<li>\u00dcbergangsphase: Neu gebildete Haare wachsen nach und lockern und schieben alte Haare heraus.<\/li>\n<li>Haarwechsel: Alte Haare fallen aus und sichtbar wird das neue Fell.<\/li>\n<\/ul>\n<p>Das, was allgemein als Fellwechsel bezeichnet wird, ist eigentlich lediglich die letzte Phase, der Haarwechsel.<\/p>\n<h2>Fazit:<\/h2>\n<p>Der Fellwechsel verl\u00e4uft in mehreren Phasen, von denen eigentlich lediglich die letzte Phase von uns Menschen als solcher bezeichnet wird. Pferde ben\u00f6tigen jedoch gerade auch w\u00e4hrend der ersten, f\u00fcr uns unsichtbaren Phasen, vermehrt N\u00e4hrstoffe. Dies sollte man bei der F\u00fctterung ber\u00fccksichtigen.<\/p>\n<p>Der Fellwechsel ist f\u00fcr unsere vierbeinigen Freunde eine anstrengende und energieraubende Phase. Besonders \u00e4ltere und erkrankte Pferde ben\u00f6tigen w\u00e4hrend dieser Zeit besondere Unterst\u00fctzung und R\u00fccksichtnahme. Probleme mit dem Fell k\u00f6nnen auch Hinweise auf Erkrankungen sein. Daher sollte man im Zweifel eine tier\u00e4rztliche Meinung einholen.<\/p>\n\n<div class=\"related_articles boxed\">\n    <h2>Mehr zum Thema<\/h2>\n    \n    <div class=\"wrapper\"><div class=\"title align-center\"><h3><a href=\"https:\/\/uelzener.de\/magazin\/pferd\/pflege\/diy-hufoel-natuerliche-hufpflege-selber-machen\/\">DIY Huf\u00f6l: Nat\u00fcrliche Hufpflege selber machen<\/a><\/h3><\/div><div class=\"img align-center\"><img decoding=\"async\" width=\"315\" height=\"180\" src=\"https:\/\/uelzener.de\/magazin\/app\/uploads\/2024\/06\/hufoel-315x180.jpg\" class=\"attachment-315x180 size-315x180 wp-post-image\" alt=\"Hufen werden mit Huf\u00f6l eingepinselt.\" \/><\/div><\/div><div class=\"wrapper\"><div class=\"title align-center\"><h3><a href=\"https:\/\/uelzener.de\/magazin\/pferd\/haeufige-fragen\/pferd-scheren\/\">Pferd scheren: Ja oder Nein?<\/a><\/h3><\/div><div class=\"img align-center\"><img decoding=\"async\" width=\"315\" height=\"180\" src=\"https:\/\/uelzener.de\/magazin\/app\/uploads\/2023\/02\/pferd-geschoren-315x180.jpg\" class=\"attachment-315x180 size-315x180 wp-post-image\" alt=\"Ein Pferd mit einem geschorenen Muster im Fell.\" \/><\/div><\/div><div class=\"wrapper\"><div class=\"title align-center\"><h3><a href=\"https:\/\/uelzener.de\/magazin\/pferd\/pflege\/pferd-richtig-putzen\/\">Pferd richtig putzen: Wissenswertes rund um die Pflege<\/a><\/h3><\/div><div class=\"img align-center\"><img decoding=\"async\" width=\"315\" height=\"180\" src=\"https:\/\/uelzener.de\/magazin\/app\/uploads\/2024\/06\/pferd-richtig-putzen-315x180.jpg\" class=\"attachment-315x180 size-315x180 wp-post-image\" alt=\"Mann putzt ein Pferd im Freien.\" \/><\/div><\/div><\/div>\n\n<h2>FAQ: H\u00e4ufig gestellte Fragen<\/h2>\n<h3>Welche B\u00fcrste beim Fellwechsel?<\/h3>\n<p>Gerade w\u00e4hrend des Fellwechsels ist das m\u00f6glichst t\u00e4gliche Putzen besonders n\u00f6tig. Es hilft dem Pferd, die gel\u00f6sten Haare loszuwerden und einen unangenehmen Juckreiz durch lose Haare zu vermeiden. Au\u00dferdem sollte Pferden im Fellwechsel die M\u00f6glichkeit gegeben werden, sich zu w\u00e4lzen und zu scheuern (ohne Decke).<\/p>\n<p>N\u00fctzliche Werkzeuge sind:<\/p>\n<ul>\n<li>Fellwechsel-B\u00fcrsten, die die Unterwolle entfernen<\/li>\n<li>Putzhandschuhe, mit unterschiedlich starken Noppen, zum Entfernen der Haare und f\u00fcr wohltuende Massagen<\/li>\n<\/ul>\n<p>Das Werkzeug sollte vor allem seinen Zweck erf\u00fcllen und dabei die Haut oder das Deckhaar des Pferdes, beispielsweise durch scharfe Kanten, nicht besch\u00e4digt.<\/p>\n<h3>Schlappheit w\u00e4hrend Fellwechsel \u2013 ist das normal?<\/h3>\n<p>W\u00e4hrend des Fellwechsels ben\u00f6tigen Pferde viel Energie und N\u00e4hrstoffe. Schlappheit w\u00e4hrend des Fellwechsels ist leider keine Seltenheit und sollte Anlass geben, sich Gedanken \u00fcber die N\u00e4hrstoffversorgung zu machen. M\u00f6glicherweise hat das Pferd nicht genug Reserven, um w\u00e4hrend des Fellwechsels die Muskeln und den Stoffwechsel optimal zu versorgen. So kann es mitunter zu Schlappheit und schneller Ersch\u00f6pfung kommen. Dem kann mit zus\u00e4tzlichen Gaben von N\u00e4hrstoffen entgegengewirkt werden. N\u00f6tig ist dazu die Untersuchung durch einen oder eine Tier\u00e4rzt:in und eine Laboruntersuchung, die genaueren Aufschluss \u00fcber m\u00f6gliche M\u00e4ngel geben kann.<\/p>\n<h3>Warum husten Pferde im Fellwechsel?<\/h3>\n<p>Der Fellwechsel ist f\u00fcr Pferde energieraubend. Fehlen wom\u00f6glich N\u00e4hrstoffe, so kann das Immunsystem des Pferdes mitunter geschw\u00e4cht sein. Dies kann die Anf\u00e4lligkeit f\u00fcr Infekte und Atemwegserkrankungen wie <a href=\"https:\/\/uelzener.de\/magazin\/pferd\/tiergesundheit\/daempfigkeit-atemwegserkrankungen-beim-pferd\/\">D\u00e4mpfigkeit<\/a> beg\u00fcnstigten und m\u00f6glicherweise auch dazu f\u00fchren, dass Pferde w\u00e4hrend des Fellwechsels dazu neigen zu husten.<\/p>\n<p>Ein weiterer Grund f\u00fcr verst\u00e4rktes Husten kann durch die mit Staub und Partikeln angereicherte Luft verursacht werden. Die Partikelbelastung in der Luft steigt an, wenn Pferde, wom\u00f6glich auch eine gr\u00f6\u00dfere Anzahl auf engem Raum, in einem Stall ihr Fell verlieren, sich schubbern und so verst\u00e4rkt Staub und Partikel in die Luft abgegeben werden.<\/p>\n","protected":false},"excerpt":{"rendered":"<p>Sp\u00e4testens wenn das Pferd sich nach dem W\u00e4lzen sch\u00fcttelt und dabei in einer Wolke aus Staub und Haaren verschwindet, ist klar: Es ist wieder Fellwechsel-Zeit. Nervig f\u00fcr den Besitzer, aber noch nerviger f\u00fcr das Pferd. Denn es juckt und kribbelt \u00fcberall, sodass es sich nur noch mit Schubbern, Beknabbern und W\u00e4lzen zu helfen wei\u00df. In [&hellip;]<\/p>\n","protected":false},"author":1,"featured_media":15120,"parent":11706,"menu_order":75,"comment_status":"open","ping_status":"open","template":"templates\/blog.php","meta":{"_acf_changed":false,"_crdt_document":"","footnotes":"","beyondwords_generate_audio":"0","beyondwords_project_id":"","beyondwords_content_id":"","beyondwords_preview_token":"","beyondwords_player_style":"","beyondwords_language_id":"","beyondwords_title_voice_id":"","beyondwords_body_voice_id":"","beyondwords_summary_voice_id":"","beyondwords_error_message":"","beyondwords_disabled":"","beyondwords_delete_content":"","beyondwords_podcast_id":"","beyondwords_hash":"","publish_post_to_speechkit":"","speechkit_hash":"","speechkit_generate_audio":"","speechkit_project_id":"","speechkit_podcast_id":"","speechkit_error_message":"","speechkit_disabled":"","speechkit_access_key":"","speechkit_error":"","speechkit_info":"","speechkit_response":"","speechkit_retries":"","speechkit_status":"","speechkit_updated_at":"","_speechkit_link":"","_speechkit_text":""},"class_list":["post-10237","page","type-page","status-publish","has-post-thumbnail","hentry"],"acf":[],"yoast_head":"<!-- This site is optimized with the Yoast SEO Premium plugin  - https:\/\/yoast.com\/product\/yoast-seo-premium-wordpress\/ -->\n<title>Fellwechsel beim Pferd: Alles, was du wissen musst | Uelzener Tier-Magazin<\/title>\n<meta name=\"description\" content=\"Tipps zur Unterst\u00fctzung des Fellwechsels beim Pferd \u2713 F\u00fctterung \u2713 regelm\u00e4\u00dfiges Putzen \u2713 passendes Equipment \u25b6 Mehr erfahren!\" \/>\n<meta name=\"robots\" content=\"index, follow, max-snippet:-1, max-image-preview:large, max-video-preview:-1\" \/>\n<link rel=\"canonical\" href=\"https:\/\/uelzener.de\/magazin\/pferd\/tiergesundheit\/fellwechsel-pferd\/\" \/>\n<meta property=\"og:locale\" content=\"de_DE\" \/>\n<meta property=\"og:type\" content=\"article\" \/>\n<meta property=\"og:title\" content=\"Fellwechsel beim Pferd: Alles, was du wissen musst\" \/>\n<meta property=\"og:description\" content=\"Tipps zur Unterst\u00fctzung des Fellwechsels beim Pferd \u2713 F\u00fctterung \u2713 regelm\u00e4\u00dfiges Putzen \u2713 passendes Equipment \u25b6 Mehr erfahren!\" \/>\n<meta property=\"og:url\" content=\"https:\/\/uelzener.de\/magazin\/pferd\/tiergesundheit\/fellwechsel-pferd\/\" \/>\n<meta property=\"og:site_name\" content=\"Uelzener Tier-Magazin\" \/>\n<meta property=\"article:publisher\" content=\"https:\/\/www.facebook.com\/Uelzener\" \/>\n<meta property=\"article:modified_time\" content=\"2025-03-24T08:35:47+00:00\" \/>\n<meta property=\"og:image\" content=\"https:\/\/uelzener.de\/magazin\/app\/uploads\/2023\/03\/fellwechsel-pferd.jpg\" \/>\n\t<meta property=\"og:image:width\" content=\"1025\" \/>\n\t<meta property=\"og:image:height\" content=\"450\" \/>\n\t<meta property=\"og:image:type\" content=\"image\/jpeg\" \/>\n<meta name=\"twitter:card\" content=\"summary_large_image\" \/>\n<meta name=\"twitter:label1\" content=\"Gesch\u00e4tzte Lesezeit\" \/>\n\t<meta name=\"twitter:data1\" content=\"8\u00a0Minuten\" \/>\n<script type=\"application\/ld+json\" class=\"yoast-schema-graph\">{\"@context\":\"https:\/\/schema.org\",\"@graph\":[{\"@type\":\"WebPage\",\"@id\":\"https:\/\/uelzener.de\/magazin\/pferd\/tiergesundheit\/fellwechsel-pferd\/\",\"url\":\"https:\/\/uelzener.de\/magazin\/pferd\/tiergesundheit\/fellwechsel-pferd\/\",\"name\":\"Fellwechsel beim Pferd: Alles, was du wissen musst | Uelzener Tier-Magazin\",\"isPartOf\":{\"@id\":\"https:\/\/uelzener.de\/magazin\/#website\"},\"primaryImageOfPage\":{\"@id\":\"https:\/\/uelzener.de\/magazin\/pferd\/tiergesundheit\/fellwechsel-pferd\/#primaryimage\"},\"image\":{\"@id\":\"https:\/\/uelzener.de\/magazin\/pferd\/tiergesundheit\/fellwechsel-pferd\/#primaryimage\"},\"thumbnailUrl\":\"https:\/\/uelzener.de\/magazin\/app\/uploads\/2023\/03\/fellwechsel-pferd.jpg\",\"datePublished\":\"2023-03-17T15:00:00+00:00\",\"dateModified\":\"2025-03-24T08:35:47+00:00\",\"description\":\"Tipps zur Unterst\u00fctzung des Fellwechsels beim Pferd \u2713 F\u00fctterung \u2713 regelm\u00e4\u00dfiges Putzen \u2713 passendes Equipment \u25b6 Mehr erfahren!\",\"breadcrumb\":{\"@id\":\"https:\/\/uelzener.de\/magazin\/pferd\/tiergesundheit\/fellwechsel-pferd\/#breadcrumb\"},\"inLanguage\":\"de\",\"potentialAction\":[{\"@type\":\"ReadAction\",\"target\":[\"https:\/\/uelzener.de\/magazin\/pferd\/tiergesundheit\/fellwechsel-pferd\/\"]}]},{\"@type\":\"ImageObject\",\"inLanguage\":\"de\",\"@id\":\"https:\/\/uelzener.de\/magazin\/pferd\/tiergesundheit\/fellwechsel-pferd\/#primaryimage\",\"url\":\"https:\/\/uelzener.de\/magazin\/app\/uploads\/2023\/03\/fellwechsel-pferd.jpg\",\"contentUrl\":\"https:\/\/uelzener.de\/magazin\/app\/uploads\/2023\/03\/fellwechsel-pferd.jpg\",\"width\":1025,\"height\":450,\"caption\":\"Wie Fellwechsel beim Pferd unterst\u00fctzen?\"},{\"@type\":\"WebSite\",\"@id\":\"https:\/\/uelzener.de\/magazin\/#website\",\"url\":\"https:\/\/uelzener.de\/magazin\/\",\"name\":\"Uelzener Tiermagazin\",\"description\":\"Online Tierratgeber der Uelzener Versicherungen\",\"publisher\":{\"@id\":\"https:\/\/uelzener.de\/magazin\/#organization\"},\"potentialAction\":[{\"@type\":\"SearchAction\",\"target\":{\"@type\":\"EntryPoint\",\"urlTemplate\":\"https:\/\/uelzener.de\/magazin\/?s={search_term_string}\"},\"query-input\":{\"@type\":\"PropertyValueSpecification\",\"valueRequired\":true,\"valueName\":\"search_term_string\"}}],\"inLanguage\":\"de\"},{\"@type\":\"Organization\",\"@id\":\"https:\/\/uelzener.de\/magazin\/#organization\",\"name\":\"Uelzener Versicherungen\",\"url\":\"https:\/\/uelzener.de\/magazin\/\",\"logo\":{\"@type\":\"ImageObject\",\"inLanguage\":\"de\",\"@id\":\"https:\/\/uelzener.de\/magazin\/#\/schema\/logo\/image\/\",\"url\":\"https:\/\/uelzener.de\/magazin\/app\/uploads\/2024\/11\/uelzener_allgemeine_versicherungsgesellschaft_a_g_logo.jpg\",\"contentUrl\":\"https:\/\/uelzener.de\/magazin\/app\/uploads\/2024\/11\/uelzener_allgemeine_versicherungsgesellschaft_a_g_logo.jpg\",\"width\":200,\"height\":200,\"caption\":\"Uelzener Versicherungen\"},\"image\":{\"@id\":\"https:\/\/uelzener.de\/magazin\/#\/schema\/logo\/image\/\"},\"sameAs\":[\"https:\/\/www.facebook.com\/Uelzener\",\"https:\/\/instagram.com\/uelzener\",\"https:\/\/www.xing.com\/pages\/uelzenerallgemeineversicherungs-gesellschafta-g\",\"https:\/\/www.youtube.com\/UelzenerVersicherungen\"]}]}<\/script>\n<!-- \/ Yoast SEO Premium plugin. -->","yoast_head_json":{"title":"Fellwechsel beim Pferd: Alles, was du wissen musst | Uelzener Tier-Magazin","description":"Tipps zur Unterst\u00fctzung des Fellwechsels beim Pferd \u2713 F\u00fctterung \u2713 regelm\u00e4\u00dfiges Putzen \u2713 passendes Equipment \u25b6 Mehr erfahren!","robots":{"index":"index","follow":"follow","max-snippet":"max-snippet:-1","max-image-preview":"max-image-preview:large","max-video-preview":"max-video-preview:-1"},"canonical":"https:\/\/uelzener.de\/magazin\/pferd\/tiergesundheit\/fellwechsel-pferd\/","og_locale":"de_DE","og_type":"article","og_title":"Fellwechsel beim Pferd: Alles, was du wissen musst","og_description":"Tipps zur Unterst\u00fctzung des Fellwechsels beim Pferd \u2713 F\u00fctterung \u2713 regelm\u00e4\u00dfiges Putzen \u2713 passendes Equipment \u25b6 Mehr erfahren!","og_url":"https:\/\/uelzener.de\/magazin\/pferd\/tiergesundheit\/fellwechsel-pferd\/","og_site_name":"Uelzener Tier-Magazin","article_publisher":"https:\/\/www.facebook.com\/Uelzener","article_modified_time":"2025-03-24T08:35:47+00:00","og_image":[{"width":1025,"height":450,"url":"https:\/\/uelzener.de\/magazin\/app\/uploads\/2023\/03\/fellwechsel-pferd.jpg","type":"image\/jpeg"}],"twitter_card":"summary_large_image","twitter_misc":{"Gesch\u00e4tzte Lesezeit":"8\u00a0Minuten"},"schema":{"@context":"https:\/\/schema.org","@graph":[{"@type":"WebPage","@id":"https:\/\/uelzener.de\/magazin\/pferd\/tiergesundheit\/fellwechsel-pferd\/","url":"https:\/\/uelzener.de\/magazin\/pferd\/tiergesundheit\/fellwechsel-pferd\/","name":"Fellwechsel beim Pferd: Alles, was du wissen musst | Uelzener Tier-Magazin","isPartOf":{"@id":"https:\/\/uelzener.de\/magazin\/#website"},"primaryImageOfPage":{"@id":"https:\/\/uelzener.de\/magazin\/pferd\/tiergesundheit\/fellwechsel-pferd\/#primaryimage"},"image":{"@id":"https:\/\/uelzener.de\/magazin\/pferd\/tiergesundheit\/fellwechsel-pferd\/#primaryimage"},"thumbnailUrl":"https:\/\/uelzener.de\/magazin\/app\/uploads\/2023\/03\/fellwechsel-pferd.jpg","datePublished":"2023-03-17T15:00:00+00:00","dateModified":"2025-03-24T08:35:47+00:00","description":"Tipps zur Unterst\u00fctzung des Fellwechsels beim Pferd \u2713 F\u00fctterung \u2713 regelm\u00e4\u00dfiges Putzen \u2713 passendes Equipment \u25b6 Mehr erfahren!","breadcrumb":{"@id":"https:\/\/uelzener.de\/magazin\/pferd\/tiergesundheit\/fellwechsel-pferd\/#breadcrumb"},"inLanguage":"de","potentialAction":[{"@type":"ReadAction","target":["https:\/\/uelzener.de\/magazin\/pferd\/tiergesundheit\/fellwechsel-pferd\/"]}]},{"@type":"ImageObject","inLanguage":"de","@id":"https:\/\/uelzener.de\/magazin\/pferd\/tiergesundheit\/fellwechsel-pferd\/#primaryimage","url":"https:\/\/uelzener.de\/magazin\/app\/uploads\/2023\/03\/fellwechsel-pferd.jpg","contentUrl":"https:\/\/uelzener.de\/magazin\/app\/uploads\/2023\/03\/fellwechsel-pferd.jpg","width":1025,"height":450,"caption":"Wie Fellwechsel beim Pferd unterst\u00fctzen?"},{"@type":"WebSite","@id":"https:\/\/uelzener.de\/magazin\/#website","url":"https:\/\/uelzener.de\/magazin\/","name":"Uelzener Tiermagazin","description":"Online Tierratgeber der Uelzener Versicherungen","publisher":{"@id":"https:\/\/uelzener.de\/magazin\/#organization"},"potentialAction":[{"@type":"SearchAction","target":{"@type":"EntryPoint","urlTemplate":"https:\/\/uelzener.de\/magazin\/?s={search_term_string}"},"query-input":{"@type":"PropertyValueSpecification","valueRequired":true,"valueName":"search_term_string"}}],"inLanguage":"de"},{"@type":"Organization","@id":"https:\/\/uelzener.de\/magazin\/#organization","name":"Uelzener Versicherungen","url":"https:\/\/uelzener.de\/magazin\/","logo":{"@type":"ImageObject","inLanguage":"de","@id":"https:\/\/uelzener.de\/magazin\/#\/schema\/logo\/image\/","url":"https:\/\/uelzener.de\/magazin\/app\/uploads\/2024\/11\/uelzener_allgemeine_versicherungsgesellschaft_a_g_logo.jpg","contentUrl":"https:\/\/uelzener.de\/magazin\/app\/uploads\/2024\/11\/uelzener_allgemeine_versicherungsgesellschaft_a_g_logo.jpg","width":200,"height":200,"caption":"Uelzener Versicherungen"},"image":{"@id":"https:\/\/uelzener.de\/magazin\/#\/schema\/logo\/image\/"},"sameAs":["https:\/\/www.facebook.com\/Uelzener","https:\/\/instagram.com\/uelzener","https:\/\/www.xing.com\/pages\/uelzenerallgemeineversicherungs-gesellschafta-g","https:\/\/www.youtube.com\/UelzenerVersicherungen"]}]}},"_links":{"self":[{"href":"https:\/\/uelzener.de\/magazin\/wp-json\/wp\/v2\/pages\/10237","targetHints":{"allow":["GET"]}}],"collection":[{"href":"https:\/\/uelzener.de\/magazin\/wp-json\/wp\/v2\/pages"}],"about":[{"href":"https:\/\/uelzener.de\/magazin\/wp-json\/wp\/v2\/types\/page"}],"author":[{"embeddable":true,"href":"https:\/\/uelzener.de\/magazin\/wp-json\/wp\/v2\/users\/1"}],"replies":[{"embeddable":true,"href":"https:\/\/uelzener.de\/magazin\/wp-json\/wp\/v2\/comments?post=10237"}],"version-history":[{"count":21,"href":"https:\/\/uelzener.de\/magazin\/wp-json\/wp\/v2\/pages\/10237\/revisions"}],"predecessor-version":[{"id":18275,"href":"https:\/\/uelzener.de\/magazin\/wp-json\/wp\/v2\/pages\/10237\/revisions\/18275"}],"up":[{"embeddable":true,"href":"https:\/\/uelzener.de\/magazin\/wp-json\/wp\/v2\/pages\/11706"}],"wp:featuredmedia":[{"embeddable":true,"href":"https:\/\/uelzener.de\/magazin\/wp-json\/wp\/v2\/media\/15120"}],"wp:attachment":[{"href":"https:\/\/uelzener.de\/magazin\/wp-json\/wp\/v2\/media?parent=10237"}],"curies":[{"name":"wp","href":"https:\/\/api.w.org\/{rel}","templated":true}]}}