{"id":10231,"date":"2015-09-09T00:00:00","date_gmt":"2015-09-09T00:00:00","guid":{"rendered":""},"modified":"2024-05-23T12:01:48","modified_gmt":"2024-05-23T10:01:48","slug":"fjordpferd","status":"publish","type":"page","link":"https:\/\/uelzener.de\/magazin\/pferd\/rasseportrait\/fjordpferd\/","title":{"rendered":"Das Fjordpferd"},"content":{"rendered":"<p>Fjordpferde sind einiges gew\u00f6hnt: Stammen sie doch aus der s\u00fcdwestlichen Ecke Norwegens (dem Vestlandet), die zu den regenreichsten Regionen in Europa z\u00e4hlt. Die bis 150 cm gro\u00dfen, kr\u00e4ftigen Norwegischen Fjordpferde stammen von den Pferden der Wikinger ab, die ihre eigenen Ponies mit denen kreuzten, die sie vor gut 1000 Jahren von ihren Raubz\u00fcgen rund um die Nordsee und die Britischen Inseln mitbrachten. Nach und nach entwickelte sich aus den Wikingerponies ein kleines Arbeitspferd, das in der Land- und Forstwirtschaft eingesetzt werden konnte: Es war robust, gen\u00fcgsam und kam mit dem kargen und bergigen Gel\u00e4nde gut zurecht. Erst Ende des 19. Jahrhunderts begann man in Norwegen, nur noch reinrassige Fjordpferde zur Zucht zuzulassen, da Einkreuzungen mit anderen Pferderassen ungen\u00fcgende Ergebnisse brachten.<\/p>\n<p>Diese strenge Selektion (letztlich gehen die heutigen Fjordpferde alle auf nur einen Hengst zur\u00fcck) f\u00fchrte unter anderem zum unverkennbaren Aussehen des kleinen Pferdes: Seine typischen Merkmale sind die Fellfarbe (Falbe in verschiedenen Schattierungen), der dunkle Aalstrich, der sich meist deutlich in der au\u00dfen wei\u00dfen M\u00e4hne abzeichnet, das helle Maul sowie die mehr oder weniger deutliche Zebrazeichnung an den Beinen. Weitere Merkmale sind der muskul\u00f6se K\u00f6rperbau und die kr\u00e4ftigen Beine. Einer alten Tradition folgend, wird die M\u00e4hne der Fjordpferde zu einer Stehm\u00e4hne geschnitten.<\/p>\n<p>Nachdem es in der Landwirtschaft immer weniger Verwendung fand, erlebte das Fjordpferd in der zweiten H\u00e4lfte des 20. Jahrhunderts einen Aufschwung als Freizeitpferd. Aufgrund seiner Gen\u00fcgsamkeit, Ausdauer und Leistungsbereitschaft eignete es sich gut als verl\u00e4sslicher Partner im Gel\u00e4nde, zum Beispiel bei Wander- und Distanzritten. Auch im Fahrsport tauchen immer mehr Fjordpferde auf. Man sieht sie auch bei Westernturnieren, in der Dressur und bei leichten Springpr\u00fcfungen. Aufgrund seiner Gelassenheit und Freundlichkeit dem Menschen gegen\u00fcber eignet es sich hervorragend als Kinderreitpferd und wird aus diesem Grund auch oft als Therapiepferd eingesetzt.<\/p>\n<p>Interessierst du dich f\u00fcr den Wilden Westen und seine Pferde? Dann ist der <a href=\"https:\/\/uelzener.de\/magazin\/pferd\/rasseportrait\/quarter-horse\/\">Quarter Horse<\/a> etwas f\u00fcr dich.<\/p>\n<p>Fjordpferde sind, wie viele andere Robustrassen auch, Sp\u00e4tentwickler. Daher sollte man sie nicht vor dem vierten oder f\u00fcnften Lebensjahr einreiten. Daf\u00fcr k\u00f6nnen sie 30 Jahre oder \u00e4lter werden. Wie andere Pferderassen brauchen Fjordpferde eine solide Grundausbildung und Erziehung, damit sie ihre Rolle als Freizeitpferd sp\u00e4ter gut und verl\u00e4sslich ausf\u00fcllen k\u00f6nnen.<\/p>\n<p>Bei der Haltung lieben es Fjordpferde robust: Im Offenstall in kleinen Gruppen f\u00fchlen sie sich am wohlsten. Die <a href=\"https:\/\/uelzener.de\/magazin\/pferd\/erziehung-und-training\/kutschenfuehrerschein\/\">Pferde sind im Winter<\/a> durch ihr dichtes Winterfell gut gesch\u00fctzt, brauchen aber trotzdem einen sauberen, wind- und regendichten Unterstand, der genug Platz f\u00fcr alle bietet. Der Weidegang sollte im Sommer begrenzt werden, da sie schnell zu dick werden. Bei korrekter Haltung und Reitweise hat man also lange Freude mit \u201eseinem\u201c Fjordi.<\/p>\n","protected":false},"excerpt":{"rendered":"<p>Fjordpferde sind einiges gew\u00f6hnt: Stammen sie doch aus der s\u00fcdwestlichen Ecke Norwegens (dem Vestlandet), die zu den regenreichsten Regionen in Europa z\u00e4hlt. Die bis 150 cm gro\u00dfen, kr\u00e4ftigen Norwegischen Fjordpferde stammen von den Pferden der Wikinger ab, die ihre eigenen Ponies mit denen kreuzten, die sie vor gut 1000 Jahren von ihren Raubz\u00fcgen rund um [&hellip;]<\/p>\n","protected":false},"author":1,"featured_media":10820,"parent":2490,"menu_order":15,"comment_status":"open","ping_status":"open","template":"templates\/blog.php","meta":{"_acf_changed":false,"_crdt_document":"","footnotes":"","beyondwords_generate_audio":"","beyondwords_project_id":"","beyondwords_content_id":"","beyondwords_preview_token":"","beyondwords_player_style":"","beyondwords_language_id":"","beyondwords_title_voice_id":"","beyondwords_body_voice_id":"","beyondwords_summary_voice_id":"","beyondwords_error_message":"","beyondwords_disabled":"","beyondwords_delete_content":"","beyondwords_podcast_id":"","beyondwords_hash":"","publish_post_to_speechkit":"","speechkit_hash":"","speechkit_generate_audio":"","speechkit_project_id":"","speechkit_podcast_id":"","speechkit_error_message":"","speechkit_disabled":"","speechkit_access_key":"","speechkit_error":"","speechkit_info":"","speechkit_response":"","speechkit_retries":"","speechkit_status":"","speechkit_updated_at":"","_speechkit_link":"","_speechkit_text":""},"class_list":["post-10231","page","type-page","status-publish","has-post-thumbnail","hentry"],"acf":[],"yoast_head":"<!-- This site is optimized with the Yoast SEO Premium plugin  - https:\/\/yoast.com\/product\/yoast-seo-premium-wordpress\/ -->\n<title>Das Fjordpferd | Uelzener<\/title>\n<meta name=\"description\" content=\"Erfahre alles zur Pferderasse der Fjordpferde \u2713 Herkunft \u2713 Aussehen \u2713 Gr\u00f6\u00dfe \u2713 Charakter \u25b6 Hier informieren!\" \/>\n<meta name=\"robots\" content=\"index, follow, max-snippet:-1, max-image-preview:large, max-video-preview:-1\" \/>\n<link rel=\"canonical\" href=\"https:\/\/uelzener.de\/magazin\/pferd\/rasseportrait\/fjordpferd\/\" \/>\n<meta property=\"og:locale\" content=\"de_DE\" \/>\n<meta property=\"og:type\" content=\"article\" \/>\n<meta property=\"og:title\" content=\"Das Fjordpferd\" \/>\n<meta property=\"og:description\" content=\"Erfahre alles zur Pferderasse der Fjordpferde \u2713 Herkunft \u2713 Aussehen \u2713 Gr\u00f6\u00dfe \u2713 Charakter \u25b6 Hier informieren!\" \/>\n<meta property=\"og:url\" content=\"https:\/\/uelzener.de\/magazin\/pferd\/rasseportrait\/fjordpferd\/\" \/>\n<meta property=\"og:site_name\" content=\"Uelzener Tier-Magazin\" \/>\n<meta property=\"article:publisher\" content=\"https:\/\/www.facebook.com\/Uelzener\" \/>\n<meta property=\"article:modified_time\" content=\"2024-05-23T10:01:48+00:00\" \/>\n<meta property=\"og:image\" content=\"https:\/\/uelzener.de\/magazin\/app\/uploads\/2015\/09\/262cf5e1-cdf7-4b7f-880b-d64b913924ee.jpg\" \/>\n\t<meta property=\"og:image:width\" content=\"650\" \/>\n\t<meta property=\"og:image:height\" content=\"432\" \/>\n\t<meta property=\"og:image:type\" content=\"image\/jpeg\" \/>\n<meta name=\"twitter:card\" content=\"summary_large_image\" \/>\n<meta name=\"twitter:label1\" content=\"Gesch\u00e4tzte Lesezeit\" \/>\n\t<meta name=\"twitter:data1\" content=\"2\u00a0Minuten\" \/>\n<script type=\"application\/ld+json\" class=\"yoast-schema-graph\">{\"@context\":\"https:\/\/schema.org\",\"@graph\":[{\"@type\":\"WebPage\",\"@id\":\"https:\/\/uelzener.de\/magazin\/pferd\/rasseportrait\/fjordpferd\/\",\"url\":\"https:\/\/uelzener.de\/magazin\/pferd\/rasseportrait\/fjordpferd\/\",\"name\":\"Das Fjordpferd | Uelzener\",\"isPartOf\":{\"@id\":\"https:\/\/uelzener.de\/magazin\/#website\"},\"primaryImageOfPage\":{\"@id\":\"https:\/\/uelzener.de\/magazin\/pferd\/rasseportrait\/fjordpferd\/#primaryimage\"},\"image\":{\"@id\":\"https:\/\/uelzener.de\/magazin\/pferd\/rasseportrait\/fjordpferd\/#primaryimage\"},\"thumbnailUrl\":\"https:\/\/uelzener.de\/magazin\/app\/uploads\/2015\/09\/262cf5e1-cdf7-4b7f-880b-d64b913924ee.jpg\",\"datePublished\":\"2015-09-09T00:00:00+00:00\",\"dateModified\":\"2024-05-23T10:01:48+00:00\",\"description\":\"Erfahre alles zur Pferderasse der Fjordpferde \u2713 Herkunft \u2713 Aussehen \u2713 Gr\u00f6\u00dfe \u2713 Charakter \u25b6 Hier informieren!\",\"breadcrumb\":{\"@id\":\"https:\/\/uelzener.de\/magazin\/pferd\/rasseportrait\/fjordpferd\/#breadcrumb\"},\"inLanguage\":\"de\",\"potentialAction\":[{\"@type\":\"ReadAction\",\"target\":[\"https:\/\/uelzener.de\/magazin\/pferd\/rasseportrait\/fjordpferd\/\"]}]},{\"@type\":\"ImageObject\",\"inLanguage\":\"de\",\"@id\":\"https:\/\/uelzener.de\/magazin\/pferd\/rasseportrait\/fjordpferd\/#primaryimage\",\"url\":\"https:\/\/uelzener.de\/magazin\/app\/uploads\/2015\/09\/262cf5e1-cdf7-4b7f-880b-d64b913924ee.jpg\",\"contentUrl\":\"https:\/\/uelzener.de\/magazin\/app\/uploads\/2015\/09\/262cf5e1-cdf7-4b7f-880b-d64b913924ee.jpg\",\"width\":650,\"height\":432,\"caption\":\"Zwei Fjordpferde laufen \u00fcber eine Weide\"},{\"@type\":\"WebSite\",\"@id\":\"https:\/\/uelzener.de\/magazin\/#website\",\"url\":\"https:\/\/uelzener.de\/magazin\/\",\"name\":\"Uelzener Tiermagazin\",\"description\":\"Online Tierratgeber der Uelzener Versicherungen\",\"publisher\":{\"@id\":\"https:\/\/uelzener.de\/magazin\/#organization\"},\"potentialAction\":[{\"@type\":\"SearchAction\",\"target\":{\"@type\":\"EntryPoint\",\"urlTemplate\":\"https:\/\/uelzener.de\/magazin\/?s={search_term_string}\"},\"query-input\":{\"@type\":\"PropertyValueSpecification\",\"valueRequired\":true,\"valueName\":\"search_term_string\"}}],\"inLanguage\":\"de\"},{\"@type\":\"Organization\",\"@id\":\"https:\/\/uelzener.de\/magazin\/#organization\",\"name\":\"Uelzener Versicherungen\",\"url\":\"https:\/\/uelzener.de\/magazin\/\",\"logo\":{\"@type\":\"ImageObject\",\"inLanguage\":\"de\",\"@id\":\"https:\/\/uelzener.de\/magazin\/#\/schema\/logo\/image\/\",\"url\":\"https:\/\/uelzener.de\/magazin\/app\/uploads\/2024\/11\/uelzener_allgemeine_versicherungsgesellschaft_a_g_logo.jpg\",\"contentUrl\":\"https:\/\/uelzener.de\/magazin\/app\/uploads\/2024\/11\/uelzener_allgemeine_versicherungsgesellschaft_a_g_logo.jpg\",\"width\":200,\"height\":200,\"caption\":\"Uelzener Versicherungen\"},\"image\":{\"@id\":\"https:\/\/uelzener.de\/magazin\/#\/schema\/logo\/image\/\"},\"sameAs\":[\"https:\/\/www.facebook.com\/Uelzener\",\"https:\/\/instagram.com\/uelzener\",\"https:\/\/www.xing.com\/pages\/uelzenerallgemeineversicherungs-gesellschafta-g\",\"https:\/\/www.youtube.com\/UelzenerVersicherungen\"]}]}<\/script>\n<!-- \/ Yoast SEO Premium plugin. -->","yoast_head_json":{"title":"Das Fjordpferd | Uelzener","description":"Erfahre alles zur Pferderasse der Fjordpferde \u2713 Herkunft \u2713 Aussehen \u2713 Gr\u00f6\u00dfe \u2713 Charakter \u25b6 Hier informieren!","robots":{"index":"index","follow":"follow","max-snippet":"max-snippet:-1","max-image-preview":"max-image-preview:large","max-video-preview":"max-video-preview:-1"},"canonical":"https:\/\/uelzener.de\/magazin\/pferd\/rasseportrait\/fjordpferd\/","og_locale":"de_DE","og_type":"article","og_title":"Das Fjordpferd","og_description":"Erfahre alles zur Pferderasse der Fjordpferde \u2713 Herkunft \u2713 Aussehen \u2713 Gr\u00f6\u00dfe \u2713 Charakter \u25b6 Hier informieren!","og_url":"https:\/\/uelzener.de\/magazin\/pferd\/rasseportrait\/fjordpferd\/","og_site_name":"Uelzener Tier-Magazin","article_publisher":"https:\/\/www.facebook.com\/Uelzener","article_modified_time":"2024-05-23T10:01:48+00:00","og_image":[{"width":650,"height":432,"url":"https:\/\/uelzener.de\/magazin\/app\/uploads\/2015\/09\/262cf5e1-cdf7-4b7f-880b-d64b913924ee.jpg","type":"image\/jpeg"}],"twitter_card":"summary_large_image","twitter_misc":{"Gesch\u00e4tzte Lesezeit":"2\u00a0Minuten"},"schema":{"@context":"https:\/\/schema.org","@graph":[{"@type":"WebPage","@id":"https:\/\/uelzener.de\/magazin\/pferd\/rasseportrait\/fjordpferd\/","url":"https:\/\/uelzener.de\/magazin\/pferd\/rasseportrait\/fjordpferd\/","name":"Das Fjordpferd | Uelzener","isPartOf":{"@id":"https:\/\/uelzener.de\/magazin\/#website"},"primaryImageOfPage":{"@id":"https:\/\/uelzener.de\/magazin\/pferd\/rasseportrait\/fjordpferd\/#primaryimage"},"image":{"@id":"https:\/\/uelzener.de\/magazin\/pferd\/rasseportrait\/fjordpferd\/#primaryimage"},"thumbnailUrl":"https:\/\/uelzener.de\/magazin\/app\/uploads\/2015\/09\/262cf5e1-cdf7-4b7f-880b-d64b913924ee.jpg","datePublished":"2015-09-09T00:00:00+00:00","dateModified":"2024-05-23T10:01:48+00:00","description":"Erfahre alles zur Pferderasse der Fjordpferde \u2713 Herkunft \u2713 Aussehen \u2713 Gr\u00f6\u00dfe \u2713 Charakter \u25b6 Hier informieren!","breadcrumb":{"@id":"https:\/\/uelzener.de\/magazin\/pferd\/rasseportrait\/fjordpferd\/#breadcrumb"},"inLanguage":"de","potentialAction":[{"@type":"ReadAction","target":["https:\/\/uelzener.de\/magazin\/pferd\/rasseportrait\/fjordpferd\/"]}]},{"@type":"ImageObject","inLanguage":"de","@id":"https:\/\/uelzener.de\/magazin\/pferd\/rasseportrait\/fjordpferd\/#primaryimage","url":"https:\/\/uelzener.de\/magazin\/app\/uploads\/2015\/09\/262cf5e1-cdf7-4b7f-880b-d64b913924ee.jpg","contentUrl":"https:\/\/uelzener.de\/magazin\/app\/uploads\/2015\/09\/262cf5e1-cdf7-4b7f-880b-d64b913924ee.jpg","width":650,"height":432,"caption":"Zwei Fjordpferde laufen \u00fcber eine Weide"},{"@type":"WebSite","@id":"https:\/\/uelzener.de\/magazin\/#website","url":"https:\/\/uelzener.de\/magazin\/","name":"Uelzener Tiermagazin","description":"Online Tierratgeber der Uelzener Versicherungen","publisher":{"@id":"https:\/\/uelzener.de\/magazin\/#organization"},"potentialAction":[{"@type":"SearchAction","target":{"@type":"EntryPoint","urlTemplate":"https:\/\/uelzener.de\/magazin\/?s={search_term_string}"},"query-input":{"@type":"PropertyValueSpecification","valueRequired":true,"valueName":"search_term_string"}}],"inLanguage":"de"},{"@type":"Organization","@id":"https:\/\/uelzener.de\/magazin\/#organization","name":"Uelzener Versicherungen","url":"https:\/\/uelzener.de\/magazin\/","logo":{"@type":"ImageObject","inLanguage":"de","@id":"https:\/\/uelzener.de\/magazin\/#\/schema\/logo\/image\/","url":"https:\/\/uelzener.de\/magazin\/app\/uploads\/2024\/11\/uelzener_allgemeine_versicherungsgesellschaft_a_g_logo.jpg","contentUrl":"https:\/\/uelzener.de\/magazin\/app\/uploads\/2024\/11\/uelzener_allgemeine_versicherungsgesellschaft_a_g_logo.jpg","width":200,"height":200,"caption":"Uelzener Versicherungen"},"image":{"@id":"https:\/\/uelzener.de\/magazin\/#\/schema\/logo\/image\/"},"sameAs":["https:\/\/www.facebook.com\/Uelzener","https:\/\/instagram.com\/uelzener","https:\/\/www.xing.com\/pages\/uelzenerallgemeineversicherungs-gesellschafta-g","https:\/\/www.youtube.com\/UelzenerVersicherungen"]}]}},"_links":{"self":[{"href":"https:\/\/uelzener.de\/magazin\/wp-json\/wp\/v2\/pages\/10231","targetHints":{"allow":["GET"]}}],"collection":[{"href":"https:\/\/uelzener.de\/magazin\/wp-json\/wp\/v2\/pages"}],"about":[{"href":"https:\/\/uelzener.de\/magazin\/wp-json\/wp\/v2\/types\/page"}],"author":[{"embeddable":true,"href":"https:\/\/uelzener.de\/magazin\/wp-json\/wp\/v2\/users\/1"}],"replies":[{"embeddable":true,"href":"https:\/\/uelzener.de\/magazin\/wp-json\/wp\/v2\/comments?post=10231"}],"version-history":[{"count":9,"href":"https:\/\/uelzener.de\/magazin\/wp-json\/wp\/v2\/pages\/10231\/revisions"}],"predecessor-version":[{"id":17431,"href":"https:\/\/uelzener.de\/magazin\/wp-json\/wp\/v2\/pages\/10231\/revisions\/17431"}],"up":[{"embeddable":true,"href":"https:\/\/uelzener.de\/magazin\/wp-json\/wp\/v2\/pages\/2490"}],"wp:featuredmedia":[{"embeddable":true,"href":"https:\/\/uelzener.de\/magazin\/wp-json\/wp\/v2\/media\/10820"}],"wp:attachment":[{"href":"https:\/\/uelzener.de\/magazin\/wp-json\/wp\/v2\/media?parent=10231"}],"curies":[{"name":"wp","href":"https:\/\/api.w.org\/{rel}","templated":true}]}}