{"id":10226,"date":"2014-11-12T00:00:00","date_gmt":"2014-11-12T00:00:00","guid":{"rendered":""},"modified":"2024-01-24T12:15:30","modified_gmt":"2024-01-24T11:15:30","slug":"pferdeweide-im-herbst","status":"publish","type":"page","link":"https:\/\/uelzener.de\/magazin\/pferd\/haltung\/pferdeweide-im-herbst\/","title":{"rendered":"Pferdeweide im Herbst"},"content":{"rendered":"<p><strong>Ist es sinnvoll, Pferde im sp\u00e4ten Herbst noch auf die Weide zu lassen? Pferde sind Lauftiere und sollten sich immer ausreichend bewegen d\u00fcrfen. Gerade wenn keine gro\u00dfen Ausl\u00e4ufe zur Verf\u00fcgung stehen und die Pferde den Tag in kleinen Paddocks oder sogar in der Box verbringen m\u00fcssten, ist Weidegang auch im Herbst essentiell f\u00fcr Gesundheit und Wohlbefinden.<\/strong><\/p>\n<p>Allerdings gibt es da auch einiges zu beachten. Ab Oktober, wenn es k\u00fchler wird, w\u00e4chst das Gras langsamer. Untersuchungen haben ergeben, dass jetzt die Fruktangehalte in Gr\u00e4sern erh\u00f6ht sein k\u00f6nnen. Gr\u00e4ser bilden Fruktane als Reservekohlenhydrate, in denen sie Energie aus der Photosynthese speichern. Hohe Fruktangehalte entstehen, wenn viel Energie durch die Sonneneinstrahlung und die auf Hochtouren laufende Photosynthese zur Verf\u00fcgung steht, diese Energie durch k\u00fchle Temperaturen und das langsamere Wachstum im Herbst aber nur nach und nach verbraucht werden kann. Die \u00fcbersch\u00fcssige Energie wird dann als Fruktan zwischengespeichert. Auch die Pflanzenart macht einen Unterschied: Besonders viel Fruktane scheinen sich in den Weidelgras-Sorten zu bilden, w\u00e4hrend andere Gr\u00e4ser wie das Knauelgras offenbar weniger Fruktane haben.<\/p>\n<p>Der zweite Nachteil des langsam wachsenden Grases ist klar: Die Wiese wird sehr schnell kurz geknabbert. Hier ist besondere Vorsicht geboten, denn wenn Pferde beginnen, das Gras mit Wurzeln ausrei\u00dfen, besteht durch die erh\u00f6hte Aufnahme von Erde die Gefahr einer <a href=\"https:\/\/uelzener.de\/magazin\/pferd\/tiergesundheit\/kolik-beim-pferd\/\">Sandkolik<\/a>. Eine kurz genagte Grasnarbe f\u00f6rdert zudem die Ausbreitung von unerw\u00fcnschten Pflanzen wie Wei\u00dfklee und Hahnenfu\u00df, zum Nachteil der Gr\u00e4ser. Drittens versp\u00fcren Pferde im Herbst ein erh\u00f6htes Wanderbed\u00fcrfnis auf der Suche nach neuen Weidegr\u00fcnden, besonders wenn die heimische Weide nicht mehr viel bietet. Als Folge \u2013 das kennt jeder Pferdebesitzer &#8211; entwickeln Pferde, die sich langweilen, eine ungeheure Kreativit\u00e4t bei ihren Ausbruchsversuchen, manchmal mit sehr unangenehmen Folgen.<\/p>\n<p>Sollen die Pferde also auch im Sp\u00e4therbst noch auf die Koppel, ist es sinnvoll, ihnen zus\u00e4tzlich Heu anzubieten. Durch diese \u201eUnterlage\u201c verschwindet der erste Hei\u00dfhunger. Die Pferde knabbern weniger intensiv, das schont die Grasnarbe und verringert dadurch auch die Aufnahme von eventuell hohen Fruktangehalten. Zudem sind die Pferde besch\u00e4ftigt und lassen mit vollem Magen eher den Weidezaun in Ruhe. Kommen die Pferde stundenweise auf die Koppel, ist die beste Zeit am Nachmittag, nach einem ausgedehnten \u201eHeufr\u00fchst\u00fcck\u201c. Abgefressene Weiden sollten rechtzeitig geschlossen werden, das hei\u00dft, bevor sie auf \u201eGolfrasenl\u00e4nge\u201c abgeknabbert wurden. Weidehygiene durch t\u00e4gliches Absammeln der Kothaufen und die regelm\u00e4\u00dfige Kontrolle der Z\u00e4une und stromf\u00fchrenden Litzen verstehen sich auch im Sp\u00e4therbst von selbst. So k\u00f6nnen die letzten sch\u00f6nen Tage des Jahres auf der Weide entspannt genossen werden.<\/p>\n","protected":false},"excerpt":{"rendered":"<p>Ist es sinnvoll, Pferde im sp\u00e4ten Herbst noch auf die Weide zu lassen? Pferde sind Lauftiere und sollten sich immer ausreichend bewegen d\u00fcrfen. Gerade wenn keine gro\u00dfen Ausl\u00e4ufe zur Verf\u00fcgung stehen und die Pferde den Tag in kleinen Paddocks oder sogar in der Box verbringen m\u00fcssten, ist Weidegang auch im Herbst essentiell f\u00fcr Gesundheit und [&hellip;]<\/p>\n","protected":false},"author":1,"featured_media":10815,"parent":11678,"menu_order":9,"comment_status":"open","ping_status":"open","template":"templates\/blog.php","meta":{"_acf_changed":false,"_crdt_document":"","footnotes":"","beyondwords_generate_audio":"0","beyondwords_project_id":"","beyondwords_content_id":"","beyondwords_preview_token":"","beyondwords_player_style":"","beyondwords_language_id":"","beyondwords_title_voice_id":"","beyondwords_body_voice_id":"","beyondwords_summary_voice_id":"","beyondwords_error_message":"","beyondwords_disabled":"","beyondwords_delete_content":"","beyondwords_podcast_id":"","beyondwords_hash":"","publish_post_to_speechkit":"","speechkit_hash":"","speechkit_generate_audio":"","speechkit_project_id":"","speechkit_podcast_id":"","speechkit_error_message":"","speechkit_disabled":"","speechkit_access_key":"","speechkit_error":"","speechkit_info":"","speechkit_response":"","speechkit_retries":"","speechkit_status":"","speechkit_updated_at":"","_speechkit_link":"","_speechkit_text":""},"class_list":["post-10226","page","type-page","status-publish","has-post-thumbnail","hentry"],"acf":[],"yoast_head":"<!-- This site is optimized with the Yoast SEO Premium plugin  - https:\/\/yoast.com\/product\/yoast-seo-premium-wordpress\/ -->\n<title>Pferdeweide im Herbst | Uelzener<\/title>\n<meta name=\"robots\" content=\"index, follow, max-snippet:-1, max-image-preview:large, max-video-preview:-1\" \/>\n<link rel=\"canonical\" href=\"https:\/\/uelzener.de\/magazin\/pferd\/haltung\/pferdeweide-im-herbst\/\" \/>\n<meta property=\"og:locale\" content=\"de_DE\" \/>\n<meta property=\"og:type\" content=\"article\" \/>\n<meta property=\"og:title\" content=\"Pferdeweide im Herbst\" \/>\n<meta property=\"og:description\" content=\"Ist es sinnvoll, Pferde im sp\u00e4ten Herbst noch auf die Weide zu lassen? Pferde sind Lauftiere und sollten sich immer ausreichend bewegen d\u00fcrfen. Gerade wenn keine gro\u00dfen Ausl\u00e4ufe zur Verf\u00fcgung stehen und die Pferde den Tag in kleinen Paddocks oder sogar in der Box verbringen m\u00fcssten, ist Weidegang auch im Herbst essentiell f\u00fcr Gesundheit und [&hellip;]\" \/>\n<meta property=\"og:url\" content=\"https:\/\/uelzener.de\/magazin\/pferd\/haltung\/pferdeweide-im-herbst\/\" \/>\n<meta property=\"og:site_name\" content=\"Uelzener Tier-Magazin\" \/>\n<meta property=\"article:publisher\" content=\"https:\/\/www.facebook.com\/Uelzener\" \/>\n<meta property=\"article:modified_time\" content=\"2024-01-24T11:15:30+00:00\" \/>\n<meta property=\"og:image\" content=\"https:\/\/uelzener.de\/magazin\/app\/uploads\/2014\/11\/9b2f0d4e-0dfb-4e43-a317-74ebb02992ac.jpg\" \/>\n\t<meta property=\"og:image:width\" content=\"650\" \/>\n\t<meta property=\"og:image:height\" content=\"432\" \/>\n\t<meta property=\"og:image:type\" content=\"image\/jpeg\" \/>\n<meta name=\"twitter:card\" content=\"summary_large_image\" \/>\n<meta name=\"twitter:label1\" content=\"Gesch\u00e4tzte Lesezeit\" \/>\n\t<meta name=\"twitter:data1\" content=\"2\u00a0Minuten\" \/>\n<script type=\"application\/ld+json\" class=\"yoast-schema-graph\">{\"@context\":\"https:\/\/schema.org\",\"@graph\":[{\"@type\":\"WebPage\",\"@id\":\"https:\/\/uelzener.de\/magazin\/pferd\/haltung\/pferdeweide-im-herbst\/\",\"url\":\"https:\/\/uelzener.de\/magazin\/pferd\/haltung\/pferdeweide-im-herbst\/\",\"name\":\"Pferdeweide im Herbst | Uelzener\",\"isPartOf\":{\"@id\":\"https:\/\/uelzener.de\/magazin\/#website\"},\"primaryImageOfPage\":{\"@id\":\"https:\/\/uelzener.de\/magazin\/pferd\/haltung\/pferdeweide-im-herbst\/#primaryimage\"},\"image\":{\"@id\":\"https:\/\/uelzener.de\/magazin\/pferd\/haltung\/pferdeweide-im-herbst\/#primaryimage\"},\"thumbnailUrl\":\"https:\/\/uelzener.de\/magazin\/app\/uploads\/2014\/11\/9b2f0d4e-0dfb-4e43-a317-74ebb02992ac.jpg\",\"datePublished\":\"2014-11-12T00:00:00+00:00\",\"dateModified\":\"2024-01-24T11:15:30+00:00\",\"breadcrumb\":{\"@id\":\"https:\/\/uelzener.de\/magazin\/pferd\/haltung\/pferdeweide-im-herbst\/#breadcrumb\"},\"inLanguage\":\"de\",\"potentialAction\":[{\"@type\":\"ReadAction\",\"target\":[\"https:\/\/uelzener.de\/magazin\/pferd\/haltung\/pferdeweide-im-herbst\/\"]}]},{\"@type\":\"ImageObject\",\"inLanguage\":\"de\",\"@id\":\"https:\/\/uelzener.de\/magazin\/pferd\/haltung\/pferdeweide-im-herbst\/#primaryimage\",\"url\":\"https:\/\/uelzener.de\/magazin\/app\/uploads\/2014\/11\/9b2f0d4e-0dfb-4e43-a317-74ebb02992ac.jpg\",\"contentUrl\":\"https:\/\/uelzener.de\/magazin\/app\/uploads\/2014\/11\/9b2f0d4e-0dfb-4e43-a317-74ebb02992ac.jpg\",\"width\":650,\"height\":432,\"caption\":\"Die Pferdeherde steht im Herbst drau\u00dfen auf der Weide.\"},{\"@type\":\"WebSite\",\"@id\":\"https:\/\/uelzener.de\/magazin\/#website\",\"url\":\"https:\/\/uelzener.de\/magazin\/\",\"name\":\"Uelzener Tiermagazin\",\"description\":\"Online Tierratgeber der Uelzener Versicherungen\",\"publisher\":{\"@id\":\"https:\/\/uelzener.de\/magazin\/#organization\"},\"potentialAction\":[{\"@type\":\"SearchAction\",\"target\":{\"@type\":\"EntryPoint\",\"urlTemplate\":\"https:\/\/uelzener.de\/magazin\/?s={search_term_string}\"},\"query-input\":{\"@type\":\"PropertyValueSpecification\",\"valueRequired\":true,\"valueName\":\"search_term_string\"}}],\"inLanguage\":\"de\"},{\"@type\":\"Organization\",\"@id\":\"https:\/\/uelzener.de\/magazin\/#organization\",\"name\":\"Uelzener Versicherungen\",\"url\":\"https:\/\/uelzener.de\/magazin\/\",\"logo\":{\"@type\":\"ImageObject\",\"inLanguage\":\"de\",\"@id\":\"https:\/\/uelzener.de\/magazin\/#\/schema\/logo\/image\/\",\"url\":\"https:\/\/uelzener.de\/magazin\/app\/uploads\/2024\/11\/uelzener_allgemeine_versicherungsgesellschaft_a_g_logo.jpg\",\"contentUrl\":\"https:\/\/uelzener.de\/magazin\/app\/uploads\/2024\/11\/uelzener_allgemeine_versicherungsgesellschaft_a_g_logo.jpg\",\"width\":200,\"height\":200,\"caption\":\"Uelzener Versicherungen\"},\"image\":{\"@id\":\"https:\/\/uelzener.de\/magazin\/#\/schema\/logo\/image\/\"},\"sameAs\":[\"https:\/\/www.facebook.com\/Uelzener\",\"https:\/\/instagram.com\/uelzener\",\"https:\/\/www.xing.com\/pages\/uelzenerallgemeineversicherungs-gesellschafta-g\",\"https:\/\/www.youtube.com\/UelzenerVersicherungen\"]}]}<\/script>\n<!-- \/ Yoast SEO Premium plugin. -->","yoast_head_json":{"title":"Pferdeweide im Herbst | Uelzener","robots":{"index":"index","follow":"follow","max-snippet":"max-snippet:-1","max-image-preview":"max-image-preview:large","max-video-preview":"max-video-preview:-1"},"canonical":"https:\/\/uelzener.de\/magazin\/pferd\/haltung\/pferdeweide-im-herbst\/","og_locale":"de_DE","og_type":"article","og_title":"Pferdeweide im Herbst","og_description":"Ist es sinnvoll, Pferde im sp\u00e4ten Herbst noch auf die Weide zu lassen? Pferde sind Lauftiere und sollten sich immer ausreichend bewegen d\u00fcrfen. Gerade wenn keine gro\u00dfen Ausl\u00e4ufe zur Verf\u00fcgung stehen und die Pferde den Tag in kleinen Paddocks oder sogar in der Box verbringen m\u00fcssten, ist Weidegang auch im Herbst essentiell f\u00fcr Gesundheit und [&hellip;]","og_url":"https:\/\/uelzener.de\/magazin\/pferd\/haltung\/pferdeweide-im-herbst\/","og_site_name":"Uelzener Tier-Magazin","article_publisher":"https:\/\/www.facebook.com\/Uelzener","article_modified_time":"2024-01-24T11:15:30+00:00","og_image":[{"width":650,"height":432,"url":"https:\/\/uelzener.de\/magazin\/app\/uploads\/2014\/11\/9b2f0d4e-0dfb-4e43-a317-74ebb02992ac.jpg","type":"image\/jpeg"}],"twitter_card":"summary_large_image","twitter_misc":{"Gesch\u00e4tzte Lesezeit":"2\u00a0Minuten"},"schema":{"@context":"https:\/\/schema.org","@graph":[{"@type":"WebPage","@id":"https:\/\/uelzener.de\/magazin\/pferd\/haltung\/pferdeweide-im-herbst\/","url":"https:\/\/uelzener.de\/magazin\/pferd\/haltung\/pferdeweide-im-herbst\/","name":"Pferdeweide im Herbst | Uelzener","isPartOf":{"@id":"https:\/\/uelzener.de\/magazin\/#website"},"primaryImageOfPage":{"@id":"https:\/\/uelzener.de\/magazin\/pferd\/haltung\/pferdeweide-im-herbst\/#primaryimage"},"image":{"@id":"https:\/\/uelzener.de\/magazin\/pferd\/haltung\/pferdeweide-im-herbst\/#primaryimage"},"thumbnailUrl":"https:\/\/uelzener.de\/magazin\/app\/uploads\/2014\/11\/9b2f0d4e-0dfb-4e43-a317-74ebb02992ac.jpg","datePublished":"2014-11-12T00:00:00+00:00","dateModified":"2024-01-24T11:15:30+00:00","breadcrumb":{"@id":"https:\/\/uelzener.de\/magazin\/pferd\/haltung\/pferdeweide-im-herbst\/#breadcrumb"},"inLanguage":"de","potentialAction":[{"@type":"ReadAction","target":["https:\/\/uelzener.de\/magazin\/pferd\/haltung\/pferdeweide-im-herbst\/"]}]},{"@type":"ImageObject","inLanguage":"de","@id":"https:\/\/uelzener.de\/magazin\/pferd\/haltung\/pferdeweide-im-herbst\/#primaryimage","url":"https:\/\/uelzener.de\/magazin\/app\/uploads\/2014\/11\/9b2f0d4e-0dfb-4e43-a317-74ebb02992ac.jpg","contentUrl":"https:\/\/uelzener.de\/magazin\/app\/uploads\/2014\/11\/9b2f0d4e-0dfb-4e43-a317-74ebb02992ac.jpg","width":650,"height":432,"caption":"Die Pferdeherde steht im Herbst drau\u00dfen auf der Weide."},{"@type":"WebSite","@id":"https:\/\/uelzener.de\/magazin\/#website","url":"https:\/\/uelzener.de\/magazin\/","name":"Uelzener Tiermagazin","description":"Online Tierratgeber der Uelzener Versicherungen","publisher":{"@id":"https:\/\/uelzener.de\/magazin\/#organization"},"potentialAction":[{"@type":"SearchAction","target":{"@type":"EntryPoint","urlTemplate":"https:\/\/uelzener.de\/magazin\/?s={search_term_string}"},"query-input":{"@type":"PropertyValueSpecification","valueRequired":true,"valueName":"search_term_string"}}],"inLanguage":"de"},{"@type":"Organization","@id":"https:\/\/uelzener.de\/magazin\/#organization","name":"Uelzener Versicherungen","url":"https:\/\/uelzener.de\/magazin\/","logo":{"@type":"ImageObject","inLanguage":"de","@id":"https:\/\/uelzener.de\/magazin\/#\/schema\/logo\/image\/","url":"https:\/\/uelzener.de\/magazin\/app\/uploads\/2024\/11\/uelzener_allgemeine_versicherungsgesellschaft_a_g_logo.jpg","contentUrl":"https:\/\/uelzener.de\/magazin\/app\/uploads\/2024\/11\/uelzener_allgemeine_versicherungsgesellschaft_a_g_logo.jpg","width":200,"height":200,"caption":"Uelzener Versicherungen"},"image":{"@id":"https:\/\/uelzener.de\/magazin\/#\/schema\/logo\/image\/"},"sameAs":["https:\/\/www.facebook.com\/Uelzener","https:\/\/instagram.com\/uelzener","https:\/\/www.xing.com\/pages\/uelzenerallgemeineversicherungs-gesellschafta-g","https:\/\/www.youtube.com\/UelzenerVersicherungen"]}]}},"_links":{"self":[{"href":"https:\/\/uelzener.de\/magazin\/wp-json\/wp\/v2\/pages\/10226","targetHints":{"allow":["GET"]}}],"collection":[{"href":"https:\/\/uelzener.de\/magazin\/wp-json\/wp\/v2\/pages"}],"about":[{"href":"https:\/\/uelzener.de\/magazin\/wp-json\/wp\/v2\/types\/page"}],"author":[{"embeddable":true,"href":"https:\/\/uelzener.de\/magazin\/wp-json\/wp\/v2\/users\/1"}],"replies":[{"embeddable":true,"href":"https:\/\/uelzener.de\/magazin\/wp-json\/wp\/v2\/comments?post=10226"}],"version-history":[{"count":4,"href":"https:\/\/uelzener.de\/magazin\/wp-json\/wp\/v2\/pages\/10226\/revisions"}],"predecessor-version":[{"id":16923,"href":"https:\/\/uelzener.de\/magazin\/wp-json\/wp\/v2\/pages\/10226\/revisions\/16923"}],"up":[{"embeddable":true,"href":"https:\/\/uelzener.de\/magazin\/wp-json\/wp\/v2\/pages\/11678"}],"wp:featuredmedia":[{"embeddable":true,"href":"https:\/\/uelzener.de\/magazin\/wp-json\/wp\/v2\/media\/10815"}],"wp:attachment":[{"href":"https:\/\/uelzener.de\/magazin\/wp-json\/wp\/v2\/media?parent=10226"}],"curies":[{"name":"wp","href":"https:\/\/api.w.org\/{rel}","templated":true}]}}