{"id":10225,"date":"2015-02-27T00:00:00","date_gmt":"2015-02-27T00:00:00","guid":{"rendered":""},"modified":"2024-01-31T10:41:27","modified_gmt":"2024-01-31T09:41:27","slug":"stallklima-pferd","status":"publish","type":"page","link":"https:\/\/uelzener.de\/magazin\/pferd\/tiergesundheit\/stallklima-pferd\/","title":{"rendered":"Gutes Stallklima f\u00fcr gesunde Atemwege"},"content":{"rendered":"<p>Husten ist in der Winterzeit bei vielen der allt\u00e4gliche Begleiter. Allerdings nicht nur bei den Menschen, auch viele Pferde husten um diese Jahreszeit. Denn viele Pferdebesitzer halten im Winter aus Angst um die Gesundheit ihrer Vierbeiner die Fenster geschlossen. Das Gegenteil w\u00e4re richtig, denn das Pferd als Steppentier braucht st\u00e4ndige Frischluftzufuhr, um gesund zu bleiben.<\/p>\n<p>Folgendes Klima sollte im Stall herrschen: Luftfeuchtigkeit 60 bis 80 Prozent, die Temperatur liegt g\u00fcnstigerweise zwischen 12 und 16 Grad. Aufgrund ihrer guten Thermoregulation k\u00f6nnen Pferde problemlos auch gr\u00f6\u00dfere Temperaturschwankungen ausgleichen. Ein optimales Stallklima st\u00e4rkt zudem die Abwehrkr\u00e4fte. Problematisch wird es, wenn durch geschlossene Fenster Temperatur und Luftfeuchte ansteigen und sch\u00e4dliche Gase und Staub im Stall quasi eingeschlossen sind.<\/p>\n<h2>Eine Belastung f\u00fcr die Atemwege sind vor allem diese Stoffe<\/h2>\n<ul>\n<li>Kohlenstoffdioxid (CO\u2082) entsteht durch die Atmung von Lebewesen. Daher erh\u00f6ht sich in einem geschlossenen Raum bei Anwesenheit von Tieren oder Menschen die Konzentration kontinuierlich. Es entsteht auch durch mikrobielle Zersetzung von Urin und Kot.<\/li>\n<li>Ammoniak (NH3) entsteht durch die Zersetzung von Harnstoff aus Urin oder Kot unter Luftabschluss. Es bildet mit Wasser eine stark reizende Lauge, die auch im feuchten Milieu der Atemwege entsteht und Lunge und Bronchien angreift sowie die Augen reizt. Eine dauerhafte Belastung erh\u00f6ht zudem die Infektanf\u00e4lligkeit. Ammoniak hat einen scharfen, bei\u00dfenden Geruch.<\/li>\n<li>Schimmel ist eine weitere gro\u00dfe Gefahr f\u00fcr die Atemwege. Er entsteht an den W\u00e4nden bei W\u00e4rme und hoher Luftfeuchtigkeit.<\/li>\n<li>Auch Krankheitserreger f\u00fchlen sich im feuchtwarmen Milieu geschlossener St\u00e4lle wohl.<\/li>\n<li>Dazu kommt die Staubbelastung durch Heu und Stroh. Je nach Qualit\u00e4t k\u00f6nnen auch hier Schimmelsporen enthalten sein.<\/li>\n<\/ul>\n<h2>Das ist zu beachten, um diesen Cocktail an ungesunden Stoffen in der Luft zu verringern<\/h2>\n<ul>\n<li>Fenster auf, auch nachts. In gut durchl\u00fcfteten St\u00e4llen sind weniger Gase nachweisbar, weil ein permanenter Gasaustausch gew\u00e4hrleistet ist, die Staubbelastung sinkt. Die Temperatur n\u00e4hert sich den nat\u00fcrlichen Werten an. Achtung: Zugluft vermeiden.<\/li>\n<li>Eine t\u00e4glich und komplett von Kot und Urin ges\u00e4uberte Box ist Pflicht. Dreckige Einstreu ist die Hauptquelle f\u00fcr sch\u00e4dliche Gase. Die Pferde haben ihre Nase beim Schlafen zudem dicht an der Einstreu, wo die Konzentration der Gase am h\u00f6chsten ist. <a href=\"https:\/\/uelzener.de\/magazin\/pferd\/haltung\/einstreu-stroh-pellets-pferd\/\">Hier erf\u00e4hrst du mehr \u00fcber die richtige Einstreu f\u00fcr Pferde<\/a>.<\/li>\n<li>Pferde tags\u00fcber herausstellen, auch im Winter. So wird die Frischluftzufuhr maximiert, zus\u00e4tzlich zu den anderen Pluspunkten f\u00fcr K\u00f6rper und Seele des Pferdes.<\/li>\n<li>Wenn m\u00f6glich, Paddockbox oder Box mit Au\u00dfenfenster organisieren, damit das Pferd sich selbst frische Luft verschaffen kann.<\/li>\n<\/ul>\n<p>Werden diese Punkte befolgt, hat man schon viel f\u00fcr ein gutes Stallklima getan. Es sorgt f\u00fcr Wohlbefinden beim Pferd und hilft, vielen zum Teil schweren Erkrankungen vorzubeugen.<\/p>\n<p>Ziehst du aber den Umzug in einen anderen Stall in Betracht, um die Haltungsbedingungen zu verbessern, so haben wir hier im Online-Magazin alles Wichtige zum <a href=\"https:\/\/uelzener.de\/magazin\/pferd\/haltung\/stallwechsel-pferd-klebt\/\" target=\"_blank\" rel=\"noopener\">Stallwechsel<\/a> f\u00fcr dich zusammengefasst.<\/p>\n<p>Auch trotz vieler Schutzma\u00dfnahmen solltest du dich und dein Pferd sch\u00fctzen und eine Pferde-Krankenversicherung abschlie\u00dfen. Leider kann es immer zu unvorhergesehenen <a href=\"https:\/\/uelzener.de\/magazin\/pferd\/haeufige-fragen\/liste-haeufigste-pferdekrankheiten-operationen\/\" target=\"_blank\" rel=\"noopener\">Pferde-Krankheiten<\/a> kommen, die mit hohen Tierarztkosten verbunden sind. Die Versicherung sch\u00fctzt dich vor diesen hohen Kosten.<\/p>\n\n<div class=\"banner\">\n    <a href=\"https:\/\/uelzener.de\/pferd\/herden-versicherung\/?agt=0000104925&sem=true&utm_medium=magazin&utm_source=wordpress&utm_campaign=pferd_kv&utm_content=banner    \">\n        <img decoding=\"async\" width=\"300\" height=\"212\" src=\"https:\/\/uelzener.de\/magazin\/app\/uploads\/2025\/01\/Pferde-Kranken-Versicherung.jpg\" class=\"attachment-medium size-medium\" alt=\"Banner Pferde-Kranken-Versicherung\" \/>    <\/a>\n<\/div>\n\n","protected":false},"excerpt":{"rendered":"<p>Husten ist in der Winterzeit bei vielen der allt\u00e4gliche Begleiter. Allerdings nicht nur bei den Menschen, auch viele Pferde husten um diese Jahreszeit. Denn viele Pferdebesitzer halten im Winter aus Angst um die Gesundheit ihrer Vierbeiner die Fenster geschlossen. Das Gegenteil w\u00e4re richtig, denn das Pferd als Steppentier braucht st\u00e4ndige Frischluftzufuhr, um gesund zu bleiben. [&hellip;]<\/p>\n","protected":false},"author":1,"featured_media":10814,"parent":11706,"menu_order":72,"comment_status":"open","ping_status":"open","template":"templates\/blog.php","meta":{"_acf_changed":false,"_crdt_document":"","footnotes":"","beyondwords_generate_audio":"0","beyondwords_project_id":"","beyondwords_content_id":"","beyondwords_preview_token":"","beyondwords_player_style":"","beyondwords_language_id":"","beyondwords_title_voice_id":"","beyondwords_body_voice_id":"","beyondwords_summary_voice_id":"","beyondwords_error_message":"","beyondwords_disabled":"","beyondwords_delete_content":"","beyondwords_podcast_id":"","beyondwords_hash":"","publish_post_to_speechkit":"","speechkit_hash":"","speechkit_generate_audio":"","speechkit_project_id":"","speechkit_podcast_id":"","speechkit_error_message":"","speechkit_disabled":"","speechkit_access_key":"","speechkit_error":"","speechkit_info":"","speechkit_response":"","speechkit_retries":"","speechkit_status":"","speechkit_updated_at":"","_speechkit_link":"","_speechkit_text":""},"class_list":["post-10225","page","type-page","status-publish","has-post-thumbnail","hentry"],"acf":[],"yoast_head":"<!-- This site is optimized with the Yoast SEO Premium plugin  - https:\/\/yoast.com\/product\/yoast-seo-premium-wordpress\/ -->\n<title>Gutes Stallklima f\u00fcr gesunde Atemwege | Uelzener<\/title>\n<meta name=\"robots\" content=\"index, follow, max-snippet:-1, max-image-preview:large, max-video-preview:-1\" \/>\n<link rel=\"canonical\" href=\"https:\/\/uelzener.de\/magazin\/pferd\/tiergesundheit\/stallklima-pferd\/\" \/>\n<meta property=\"og:locale\" content=\"de_DE\" \/>\n<meta property=\"og:type\" content=\"article\" \/>\n<meta property=\"og:title\" content=\"Gutes Stallklima f\u00fcr gesunde Atemwege\" \/>\n<meta property=\"og:description\" content=\"Husten ist in der Winterzeit bei vielen der allt\u00e4gliche Begleiter. Allerdings nicht nur bei den Menschen, auch viele Pferde husten um diese Jahreszeit. Denn viele Pferdebesitzer halten im Winter aus Angst um die Gesundheit ihrer Vierbeiner die Fenster geschlossen. Das Gegenteil w\u00e4re richtig, denn das Pferd als Steppentier braucht st\u00e4ndige Frischluftzufuhr, um gesund zu bleiben. [&hellip;]\" \/>\n<meta property=\"og:url\" content=\"https:\/\/uelzener.de\/magazin\/pferd\/tiergesundheit\/stallklima-pferd\/\" \/>\n<meta property=\"og:site_name\" content=\"Uelzener Tier-Magazin\" \/>\n<meta property=\"article:publisher\" content=\"https:\/\/www.facebook.com\/Uelzener\" \/>\n<meta property=\"article:modified_time\" content=\"2024-01-31T09:41:27+00:00\" \/>\n<meta property=\"og:image\" content=\"https:\/\/uelzener.de\/magazin\/app\/uploads\/2015\/02\/74225b6a-f76a-4ace-9ea0-63202823fbde.jpg\" \/>\n\t<meta property=\"og:image:width\" content=\"650\" \/>\n\t<meta property=\"og:image:height\" content=\"432\" \/>\n\t<meta property=\"og:image:type\" content=\"image\/jpeg\" \/>\n<meta name=\"twitter:card\" content=\"summary_large_image\" \/>\n<meta name=\"twitter:label1\" content=\"Gesch\u00e4tzte Lesezeit\" \/>\n\t<meta name=\"twitter:data1\" content=\"3\u00a0Minuten\" \/>\n<script type=\"application\/ld+json\" class=\"yoast-schema-graph\">{\"@context\":\"https:\/\/schema.org\",\"@graph\":[{\"@type\":\"WebPage\",\"@id\":\"https:\/\/uelzener.de\/magazin\/pferd\/tiergesundheit\/stallklima-pferd\/\",\"url\":\"https:\/\/uelzener.de\/magazin\/pferd\/tiergesundheit\/stallklima-pferd\/\",\"name\":\"Gutes Stallklima f\u00fcr gesunde Atemwege | Uelzener\",\"isPartOf\":{\"@id\":\"https:\/\/uelzener.de\/magazin\/#website\"},\"primaryImageOfPage\":{\"@id\":\"https:\/\/uelzener.de\/magazin\/pferd\/tiergesundheit\/stallklima-pferd\/#primaryimage\"},\"image\":{\"@id\":\"https:\/\/uelzener.de\/magazin\/pferd\/tiergesundheit\/stallklima-pferd\/#primaryimage\"},\"thumbnailUrl\":\"https:\/\/uelzener.de\/magazin\/app\/uploads\/2015\/02\/74225b6a-f76a-4ace-9ea0-63202823fbde.jpg\",\"datePublished\":\"2015-02-27T00:00:00+00:00\",\"dateModified\":\"2024-01-31T09:41:27+00:00\",\"breadcrumb\":{\"@id\":\"https:\/\/uelzener.de\/magazin\/pferd\/tiergesundheit\/stallklima-pferd\/#breadcrumb\"},\"inLanguage\":\"de\",\"potentialAction\":[{\"@type\":\"ReadAction\",\"target\":[\"https:\/\/uelzener.de\/magazin\/pferd\/tiergesundheit\/stallklima-pferd\/\"]}]},{\"@type\":\"ImageObject\",\"inLanguage\":\"de\",\"@id\":\"https:\/\/uelzener.de\/magazin\/pferd\/tiergesundheit\/stallklima-pferd\/#primaryimage\",\"url\":\"https:\/\/uelzener.de\/magazin\/app\/uploads\/2015\/02\/74225b6a-f76a-4ace-9ea0-63202823fbde.jpg\",\"contentUrl\":\"https:\/\/uelzener.de\/magazin\/app\/uploads\/2015\/02\/74225b6a-f76a-4ace-9ea0-63202823fbde.jpg\",\"width\":650,\"height\":432,\"caption\":\"Die Pferde stehen im Stall\"},{\"@type\":\"WebSite\",\"@id\":\"https:\/\/uelzener.de\/magazin\/#website\",\"url\":\"https:\/\/uelzener.de\/magazin\/\",\"name\":\"Uelzener Tiermagazin\",\"description\":\"Online Tierratgeber der Uelzener Versicherungen\",\"publisher\":{\"@id\":\"https:\/\/uelzener.de\/magazin\/#organization\"},\"potentialAction\":[{\"@type\":\"SearchAction\",\"target\":{\"@type\":\"EntryPoint\",\"urlTemplate\":\"https:\/\/uelzener.de\/magazin\/?s={search_term_string}\"},\"query-input\":{\"@type\":\"PropertyValueSpecification\",\"valueRequired\":true,\"valueName\":\"search_term_string\"}}],\"inLanguage\":\"de\"},{\"@type\":\"Organization\",\"@id\":\"https:\/\/uelzener.de\/magazin\/#organization\",\"name\":\"Uelzener Versicherungen\",\"url\":\"https:\/\/uelzener.de\/magazin\/\",\"logo\":{\"@type\":\"ImageObject\",\"inLanguage\":\"de\",\"@id\":\"https:\/\/uelzener.de\/magazin\/#\/schema\/logo\/image\/\",\"url\":\"https:\/\/uelzener.de\/magazin\/app\/uploads\/2024\/11\/uelzener_allgemeine_versicherungsgesellschaft_a_g_logo.jpg\",\"contentUrl\":\"https:\/\/uelzener.de\/magazin\/app\/uploads\/2024\/11\/uelzener_allgemeine_versicherungsgesellschaft_a_g_logo.jpg\",\"width\":200,\"height\":200,\"caption\":\"Uelzener Versicherungen\"},\"image\":{\"@id\":\"https:\/\/uelzener.de\/magazin\/#\/schema\/logo\/image\/\"},\"sameAs\":[\"https:\/\/www.facebook.com\/Uelzener\",\"https:\/\/instagram.com\/uelzener\",\"https:\/\/www.xing.com\/pages\/uelzenerallgemeineversicherungs-gesellschafta-g\",\"https:\/\/www.youtube.com\/UelzenerVersicherungen\"]}]}<\/script>\n<!-- \/ Yoast SEO Premium plugin. -->","yoast_head_json":{"title":"Gutes Stallklima f\u00fcr gesunde Atemwege | Uelzener","robots":{"index":"index","follow":"follow","max-snippet":"max-snippet:-1","max-image-preview":"max-image-preview:large","max-video-preview":"max-video-preview:-1"},"canonical":"https:\/\/uelzener.de\/magazin\/pferd\/tiergesundheit\/stallklima-pferd\/","og_locale":"de_DE","og_type":"article","og_title":"Gutes Stallklima f\u00fcr gesunde Atemwege","og_description":"Husten ist in der Winterzeit bei vielen der allt\u00e4gliche Begleiter. Allerdings nicht nur bei den Menschen, auch viele Pferde husten um diese Jahreszeit. Denn viele Pferdebesitzer halten im Winter aus Angst um die Gesundheit ihrer Vierbeiner die Fenster geschlossen. Das Gegenteil w\u00e4re richtig, denn das Pferd als Steppentier braucht st\u00e4ndige Frischluftzufuhr, um gesund zu bleiben. [&hellip;]","og_url":"https:\/\/uelzener.de\/magazin\/pferd\/tiergesundheit\/stallklima-pferd\/","og_site_name":"Uelzener Tier-Magazin","article_publisher":"https:\/\/www.facebook.com\/Uelzener","article_modified_time":"2024-01-31T09:41:27+00:00","og_image":[{"width":650,"height":432,"url":"https:\/\/uelzener.de\/magazin\/app\/uploads\/2015\/02\/74225b6a-f76a-4ace-9ea0-63202823fbde.jpg","type":"image\/jpeg"}],"twitter_card":"summary_large_image","twitter_misc":{"Gesch\u00e4tzte Lesezeit":"3\u00a0Minuten"},"schema":{"@context":"https:\/\/schema.org","@graph":[{"@type":"WebPage","@id":"https:\/\/uelzener.de\/magazin\/pferd\/tiergesundheit\/stallklima-pferd\/","url":"https:\/\/uelzener.de\/magazin\/pferd\/tiergesundheit\/stallklima-pferd\/","name":"Gutes Stallklima f\u00fcr gesunde Atemwege | Uelzener","isPartOf":{"@id":"https:\/\/uelzener.de\/magazin\/#website"},"primaryImageOfPage":{"@id":"https:\/\/uelzener.de\/magazin\/pferd\/tiergesundheit\/stallklima-pferd\/#primaryimage"},"image":{"@id":"https:\/\/uelzener.de\/magazin\/pferd\/tiergesundheit\/stallklima-pferd\/#primaryimage"},"thumbnailUrl":"https:\/\/uelzener.de\/magazin\/app\/uploads\/2015\/02\/74225b6a-f76a-4ace-9ea0-63202823fbde.jpg","datePublished":"2015-02-27T00:00:00+00:00","dateModified":"2024-01-31T09:41:27+00:00","breadcrumb":{"@id":"https:\/\/uelzener.de\/magazin\/pferd\/tiergesundheit\/stallklima-pferd\/#breadcrumb"},"inLanguage":"de","potentialAction":[{"@type":"ReadAction","target":["https:\/\/uelzener.de\/magazin\/pferd\/tiergesundheit\/stallklima-pferd\/"]}]},{"@type":"ImageObject","inLanguage":"de","@id":"https:\/\/uelzener.de\/magazin\/pferd\/tiergesundheit\/stallklima-pferd\/#primaryimage","url":"https:\/\/uelzener.de\/magazin\/app\/uploads\/2015\/02\/74225b6a-f76a-4ace-9ea0-63202823fbde.jpg","contentUrl":"https:\/\/uelzener.de\/magazin\/app\/uploads\/2015\/02\/74225b6a-f76a-4ace-9ea0-63202823fbde.jpg","width":650,"height":432,"caption":"Die Pferde stehen im Stall"},{"@type":"WebSite","@id":"https:\/\/uelzener.de\/magazin\/#website","url":"https:\/\/uelzener.de\/magazin\/","name":"Uelzener Tiermagazin","description":"Online Tierratgeber der Uelzener Versicherungen","publisher":{"@id":"https:\/\/uelzener.de\/magazin\/#organization"},"potentialAction":[{"@type":"SearchAction","target":{"@type":"EntryPoint","urlTemplate":"https:\/\/uelzener.de\/magazin\/?s={search_term_string}"},"query-input":{"@type":"PropertyValueSpecification","valueRequired":true,"valueName":"search_term_string"}}],"inLanguage":"de"},{"@type":"Organization","@id":"https:\/\/uelzener.de\/magazin\/#organization","name":"Uelzener Versicherungen","url":"https:\/\/uelzener.de\/magazin\/","logo":{"@type":"ImageObject","inLanguage":"de","@id":"https:\/\/uelzener.de\/magazin\/#\/schema\/logo\/image\/","url":"https:\/\/uelzener.de\/magazin\/app\/uploads\/2024\/11\/uelzener_allgemeine_versicherungsgesellschaft_a_g_logo.jpg","contentUrl":"https:\/\/uelzener.de\/magazin\/app\/uploads\/2024\/11\/uelzener_allgemeine_versicherungsgesellschaft_a_g_logo.jpg","width":200,"height":200,"caption":"Uelzener Versicherungen"},"image":{"@id":"https:\/\/uelzener.de\/magazin\/#\/schema\/logo\/image\/"},"sameAs":["https:\/\/www.facebook.com\/Uelzener","https:\/\/instagram.com\/uelzener","https:\/\/www.xing.com\/pages\/uelzenerallgemeineversicherungs-gesellschafta-g","https:\/\/www.youtube.com\/UelzenerVersicherungen"]}]}},"_links":{"self":[{"href":"https:\/\/uelzener.de\/magazin\/wp-json\/wp\/v2\/pages\/10225","targetHints":{"allow":["GET"]}}],"collection":[{"href":"https:\/\/uelzener.de\/magazin\/wp-json\/wp\/v2\/pages"}],"about":[{"href":"https:\/\/uelzener.de\/magazin\/wp-json\/wp\/v2\/types\/page"}],"author":[{"embeddable":true,"href":"https:\/\/uelzener.de\/magazin\/wp-json\/wp\/v2\/users\/1"}],"replies":[{"embeddable":true,"href":"https:\/\/uelzener.de\/magazin\/wp-json\/wp\/v2\/comments?post=10225"}],"version-history":[{"count":12,"href":"https:\/\/uelzener.de\/magazin\/wp-json\/wp\/v2\/pages\/10225\/revisions"}],"predecessor-version":[{"id":16975,"href":"https:\/\/uelzener.de\/magazin\/wp-json\/wp\/v2\/pages\/10225\/revisions\/16975"}],"up":[{"embeddable":true,"href":"https:\/\/uelzener.de\/magazin\/wp-json\/wp\/v2\/pages\/11706"}],"wp:featuredmedia":[{"embeddable":true,"href":"https:\/\/uelzener.de\/magazin\/wp-json\/wp\/v2\/media\/10814"}],"wp:attachment":[{"href":"https:\/\/uelzener.de\/magazin\/wp-json\/wp\/v2\/media?parent=10225"}],"curies":[{"name":"wp","href":"https:\/\/api.w.org\/{rel}","templated":true}]}}