{"id":10222,"date":"2017-01-26T00:00:00","date_gmt":"2017-01-26T00:00:00","guid":{"rendered":""},"modified":"2024-04-22T09:19:03","modified_gmt":"2024-04-22T07:19:03","slug":"handarbeit-pferd","status":"publish","type":"page","link":"https:\/\/uelzener.de\/magazin\/pferd\/erziehung-und-training\/handarbeit-pferd\/","title":{"rendered":"Einf\u00fchrung in die Handarbeit mit Pferden"},"content":{"rendered":"<p>Die Arbeit an der Hand hat den gro\u00dfen Vorteil, dass Du Deinem (jungen) Pferd die Z\u00fcgelhilfen ohne Reitergewicht zun\u00e4chst einmal erkl\u00e4ren kannst. So kann sich die Remonte ganz in Ruhe und ohne sich auf den Menschen auf seinem R\u00fccken konzentrieren zu m\u00fcssen an das Gebiss gew\u00f6hnen. Weiter beinhaltet die <a href=\"https:\/\/uelzener.de\/magazin\/pferd\/erziehung-und-training\/horsemanship-mit-dem-pferd-auf-augenhoehe\/\">Arbeit an der Hand<\/a> auch f\u00fcr das weiter fortgeschrittene Pferd einige Vorteile. So verbessert sie die Kommunikation zwischen Mensch und Pferd und der Reiter kann von unten \u2013 auch wenn etwas einmal nicht klappen mag \u2013 aus einer anderen Perspektive die Thematik betrachten, bearbeiten und quasi die L\u00f6sung \u201emit in den Sattel nehmen\u201c. Auch <a href=\"https:\/\/uelzener.de\/magazin\/pferd\/erziehung-und-training\/haltung-ponys\/\">Ponys<\/a> die aufgrund ihrer K\u00f6rpergr\u00f6\u00dfe nicht von einem weiter ausgebildeten Reiter geritten werden k\u00f6nnen, sowie rekonvaleszenten oder \u00e4lteren Pferden bietet die Arbeit an der Hand Abwechslung und eine sinnvolle Gymnastizierungsm\u00f6glichkeit. Zudem lassen sich anspruchsvolle Lektionen, wie beispielsweise die Piaffe \u2013 eine gute Vorbereitung vorausgesetzt \u2013 wunderbar vom Boden aus erarbeiten.<br \/>\nBevor Du mit der Arbeit an der Hand beginnst, sollte eine gewisse Grundkommunikation vorhanden sein. Dein Pferd sollte grunds\u00e4tzlich nat\u00fcrlich schon an das <a href=\"https:\/\/uelzener.de\/magazin\/pferd\/tiergesundheit\/zahnkrankheiten-pferd\/\">Gebiss<\/a> gew\u00f6hnt sein, sich von beiden H\u00e4nden sicher f\u00fchren lassen und dabei auf eine feine K\u00f6rpersprache Deinerseits hin anhalten und antreten oder sich r\u00fcckw\u00e4rtsrichten lassen. Es hat bereits gelernt auf ein Zeigen oder leichtes(!) Anlegen der Gerte hin dieser zu weichen. Auch gef\u00fchrte Tempounterschiede Schritt \u2013 Trab \u2013 Schritt oder Halt \u2013 Trab \u2013 Halt sollten abrufbar sein.<br \/>\nZur Ausr\u00fcstung empfiehlt sich ein einfach-gebrochenes Trensengebiss, die sogenannte Schenkel- oder Knebeltrense gew\u00e4hrt hier durch ihre seitlich angebrachten Stege eine sehr gute beidseitige Begrenzung, die das Gebiss ruhig im Pferdemaul platziert. Weiter solltest Du auf festes Schuhwerk, eine eng anliegende Kleidung und Handschuhe achten. Eine Touchiergerte, je nach Pferdegr\u00f6\u00dfe mit einer L\u00e4nge von 1,50 bis 1,70 Meter, die nicht zu schwer in der Hand liegt und zu Beginn auch nicht zu viel Eigenbewegung hat, l\u00e4sst Dich die Hinterhand m\u00fchelos erreichen.<br \/>\nHalte Dein Pferd nun zun\u00e4chst einmal am Hufschlag an und positioniere Dich zu Beginn ungef\u00e4hr auf H\u00f6he des Pferdekopfes im 90-Grad-Winkel gegen die Bewegungsrichtung des Pferdes. Achte auf gen\u00fcgend seitlichen Abstand zu diesem. Befindest Du Dich auf der linken Hand, so greife mit dieser den Z\u00fcgel direkt vor dem Trensenring. Du kannst mit dem Zeigefinger den Trensenring noch zus\u00e4tzlich umfassen. Der \u00e4u\u00dfere Z\u00fcgel kommt kurz vor dem Widerrist \u00fcber dem Hals des Pferdes zum Liegen und wird gemeinsam mit der Touchiergerte (wobei die Gertenspitze nach hinten zeigt) in die rechte Hand gelegt. Im Halten wird die Gertenspitze nahe dem Pferd auf dem Boden abgelegt. Zum Angehen drehe Dich um und f\u00fchre Deine rechte Hand und die Touchiergerte, mit Abstand und parallel zum Pferd, ungef\u00e4hr auf H\u00f6he seines Kniegelenkes. Lege die Gerte nun leicht an das Pferd an, gib gegebenenfalls ein Stimmsignal und achte darauf, nicht in Versuchung zu geraten, das Pferd durch ein Vornehmen Deinerlinken Hand zum Angehen bewegen zu wollen. Denke an eine klare Linienf\u00fchrung zun\u00e4chst am Hufschlag und auf eine gleichm\u00e4\u00dfige Schrittl\u00e4nge. Wird Dein Pferd zu eilig, halte an. F\u00fchre lieber f\u00fcnf Schritte sch\u00f6n, als viele Schritte irgendwie! Der \u00e4u\u00dfere Z\u00fcgel bestimmt, wie beim Reiten, den Grad der seitlichen Abstellung. Die innere Hand (in unserem Fall die Linke) befindet sich ungef\u00e4hr auf der Maulh\u00f6he des Pferdes, ger\u00e4t es in der Kopf-Hals-Positionierung zu tief oder zu hoch, wirke dem Maulwinkel folgend sanft gleichm\u00e4\u00dfig nach oben ein, um es wieder korrekt zu positionieren. Eine kleine Vibration, ebenfalls dem Maulwinkel nach oben folgend, kann verbremsende Wirkung haben, sollte Dein Pferd einmal zu schnell werden. Zum Anhalten verlangsame Deine Schritte etwas, atme tief ein und aus, drehe dich gegen die Bewegungsrichtung und schlie\u00dfe beide H\u00e4nde etwas und gib gegebenenfalls noch ein Stimmkommando \u201eHaaaaalt!\u201c \u00dcbe zun\u00e4chst auf beiden H\u00e4nden ein sicheres Angehen und Anhalten. Hiernach sind Deiner Kreativit\u00e4t keine Grenzen gesetzt: Du kannst verschiedene Hufschlagfiguren oder Schritt-Trab-Schritt-\u00dcberg\u00e4nge f\u00fchren, R\u00fcckw\u00e4rtsrichten oder Seiteng\u00e4nge mit hinzunehmen. In jedem Fall solltest Du schon von Beginn an einen versierten Ausbilder um Hilfestellung bitten, damit sich bei Dir und Deinem Pferd keine fehlerhaften Bewegungsmuster manifestieren. Anfangs gestaltet sich die Arbeit an der Hand gerade f\u00fcr den Menschen koordinativ als durchaus anspruchsvoll. Du wirst jedoch sehen, dass sich dieses Gef\u00fchl mit ein wenig Routine aufl\u00f6st und diese Form der Besch\u00e4ftigung Pferd und Mensch viel Freude bereiten kann!<\/p>\n<p>Viel Freude bei den ersten Schritten an der Hand w\u00fcnscht Dir<\/p>\n<p>Deine Nicole K\u00fcnzel<\/p>\n<p>Nicole K\u00fcnzel bildet Mensch und Pferd in der klassischen Reitkunst aus. Freude, Leichtigkeit und Harmonie sowie eine positive Grundeinstellung sind Werte, die sie ihren Sch\u00fclern vermitteln m\u00f6chte. Neben der Pferdeausbildung ist das Schreiben ihre weitere Leidenschaft. Sie ist Autorin mehrerer Pferdefachb\u00fccher und gr\u00fcndete 2014 den evipo Verlag <a href=\"http:\/\/www.evipo-verlag.com\">www.evipo-verlag.com<\/a>. In Hannover etablierte sie ihr eigenes Ausbildungszentrum evipo <a href=\"http:\/\/www.evipo.de\">www.evipo.de<\/a>.<\/p>\n<p>&nbsp;<\/p>\n","protected":false},"excerpt":{"rendered":"<p>Die Arbeit an der Hand hat den gro\u00dfen Vorteil, dass Du Deinem (jungen) Pferd die Z\u00fcgelhilfen ohne Reitergewicht zun\u00e4chst einmal erkl\u00e4ren kannst. So kann sich die Remonte ganz in Ruhe und ohne sich auf den Menschen auf seinem R\u00fccken konzentrieren zu m\u00fcssen an das Gebiss gew\u00f6hnen. Weiter beinhaltet die Arbeit an der Hand auch f\u00fcr [&hellip;]<\/p>\n","protected":false},"author":1,"featured_media":12731,"parent":11689,"menu_order":57,"comment_status":"open","ping_status":"open","template":"templates\/blog.php","meta":{"_acf_changed":false,"_crdt_document":"","footnotes":"","beyondwords_generate_audio":"0","beyondwords_project_id":"","beyondwords_content_id":"","beyondwords_preview_token":"","beyondwords_player_style":"","beyondwords_language_id":"","beyondwords_title_voice_id":"","beyondwords_body_voice_id":"","beyondwords_summary_voice_id":"","beyondwords_error_message":"","beyondwords_disabled":"","beyondwords_delete_content":"","beyondwords_podcast_id":"","beyondwords_hash":"","publish_post_to_speechkit":"","speechkit_hash":"","speechkit_generate_audio":"","speechkit_project_id":"","speechkit_podcast_id":"","speechkit_error_message":"","speechkit_disabled":"","speechkit_access_key":"","speechkit_error":"","speechkit_info":"","speechkit_response":"","speechkit_retries":"","speechkit_status":"","speechkit_updated_at":"","_speechkit_link":"","_speechkit_text":""},"class_list":["post-10222","page","type-page","status-publish","has-post-thumbnail","hentry"],"acf":[],"yoast_head":"<!-- This site is optimized with the Yoast SEO Premium plugin  - https:\/\/yoast.com\/product\/yoast-seo-premium-wordpress\/ -->\n<title>Handarbeit mit Pferden \u2013 so gelingt der Einstieg | Uelzener<\/title>\n<meta name=\"description\" content=\"So beginnst Du die Handarbeit mit Deinem Pferd \u2713 Vorbereitung \u2713 Ausr\u00fcstung \u2713 Trainingsschritte \u2713 Vorteile \u25b6 Hier informieren!\" \/>\n<meta name=\"robots\" content=\"index, follow, max-snippet:-1, max-image-preview:large, max-video-preview:-1\" \/>\n<link rel=\"canonical\" href=\"https:\/\/uelzener.de\/magazin\/pferd\/erziehung-und-training\/handarbeit-pferd\/\" \/>\n<meta property=\"og:locale\" content=\"de_DE\" \/>\n<meta property=\"og:type\" content=\"article\" \/>\n<meta property=\"og:title\" content=\"Einf\u00fchrung in die Handarbeit mit Pferden\" \/>\n<meta property=\"og:description\" content=\"So beginnst Du die Handarbeit mit Deinem Pferd \u2713 Vorbereitung \u2713 Ausr\u00fcstung \u2713 Trainingsschritte \u2713 Vorteile \u25b6 Hier informieren!\" \/>\n<meta property=\"og:url\" content=\"https:\/\/uelzener.de\/magazin\/pferd\/erziehung-und-training\/handarbeit-pferd\/\" \/>\n<meta property=\"og:site_name\" content=\"Uelzener Tier-Magazin\" \/>\n<meta property=\"article:publisher\" content=\"https:\/\/www.facebook.com\/Uelzener\" \/>\n<meta property=\"article:modified_time\" content=\"2024-04-22T07:19:03+00:00\" \/>\n<meta property=\"og:image\" content=\"https:\/\/uelzener.de\/magazin\/app\/uploads\/2021\/09\/1024x450_Graues-Pferd-am-Zuegel.jpg\" \/>\n\t<meta property=\"og:image:width\" content=\"1024\" \/>\n\t<meta property=\"og:image:height\" content=\"450\" \/>\n\t<meta property=\"og:image:type\" content=\"image\/jpeg\" \/>\n<meta name=\"twitter:card\" content=\"summary_large_image\" \/>\n<meta name=\"twitter:label1\" content=\"Gesch\u00e4tzte Lesezeit\" \/>\n\t<meta name=\"twitter:data1\" content=\"4\u00a0Minuten\" \/>\n<script type=\"application\/ld+json\" class=\"yoast-schema-graph\">{\"@context\":\"https:\/\/schema.org\",\"@graph\":[{\"@type\":\"WebPage\",\"@id\":\"https:\/\/uelzener.de\/magazin\/pferd\/erziehung-und-training\/handarbeit-pferd\/\",\"url\":\"https:\/\/uelzener.de\/magazin\/pferd\/erziehung-und-training\/handarbeit-pferd\/\",\"name\":\"Handarbeit mit Pferden \u2013 so gelingt der Einstieg | Uelzener\",\"isPartOf\":{\"@id\":\"https:\/\/uelzener.de\/magazin\/#website\"},\"primaryImageOfPage\":{\"@id\":\"https:\/\/uelzener.de\/magazin\/pferd\/erziehung-und-training\/handarbeit-pferd\/#primaryimage\"},\"image\":{\"@id\":\"https:\/\/uelzener.de\/magazin\/pferd\/erziehung-und-training\/handarbeit-pferd\/#primaryimage\"},\"thumbnailUrl\":\"https:\/\/uelzener.de\/magazin\/app\/uploads\/2021\/09\/1024x450_Graues-Pferd-am-Zuegel.jpg\",\"datePublished\":\"2017-01-26T00:00:00+00:00\",\"dateModified\":\"2024-04-22T07:19:03+00:00\",\"description\":\"So beginnst Du die Handarbeit mit Deinem Pferd \u2713 Vorbereitung \u2713 Ausr\u00fcstung \u2713 Trainingsschritte \u2713 Vorteile \u25b6 Hier informieren!\",\"breadcrumb\":{\"@id\":\"https:\/\/uelzener.de\/magazin\/pferd\/erziehung-und-training\/handarbeit-pferd\/#breadcrumb\"},\"inLanguage\":\"de\",\"potentialAction\":[{\"@type\":\"ReadAction\",\"target\":[\"https:\/\/uelzener.de\/magazin\/pferd\/erziehung-und-training\/handarbeit-pferd\/\"]}]},{\"@type\":\"ImageObject\",\"inLanguage\":\"de\",\"@id\":\"https:\/\/uelzener.de\/magazin\/pferd\/erziehung-und-training\/handarbeit-pferd\/#primaryimage\",\"url\":\"https:\/\/uelzener.de\/magazin\/app\/uploads\/2021\/09\/1024x450_Graues-Pferd-am-Zuegel.jpg\",\"contentUrl\":\"https:\/\/uelzener.de\/magazin\/app\/uploads\/2021\/09\/1024x450_Graues-Pferd-am-Zuegel.jpg\",\"width\":1024,\"height\":450,\"caption\":\"Graues Pferd wird am Z\u00fcgel auf dem Trainingsplatz herumgef\u00fchrt.\"},{\"@type\":\"WebSite\",\"@id\":\"https:\/\/uelzener.de\/magazin\/#website\",\"url\":\"https:\/\/uelzener.de\/magazin\/\",\"name\":\"Uelzener Tiermagazin\",\"description\":\"Online Tierratgeber der Uelzener Versicherungen\",\"publisher\":{\"@id\":\"https:\/\/uelzener.de\/magazin\/#organization\"},\"potentialAction\":[{\"@type\":\"SearchAction\",\"target\":{\"@type\":\"EntryPoint\",\"urlTemplate\":\"https:\/\/uelzener.de\/magazin\/?s={search_term_string}\"},\"query-input\":{\"@type\":\"PropertyValueSpecification\",\"valueRequired\":true,\"valueName\":\"search_term_string\"}}],\"inLanguage\":\"de\"},{\"@type\":\"Organization\",\"@id\":\"https:\/\/uelzener.de\/magazin\/#organization\",\"name\":\"Uelzener Versicherungen\",\"url\":\"https:\/\/uelzener.de\/magazin\/\",\"logo\":{\"@type\":\"ImageObject\",\"inLanguage\":\"de\",\"@id\":\"https:\/\/uelzener.de\/magazin\/#\/schema\/logo\/image\/\",\"url\":\"https:\/\/uelzener.de\/magazin\/app\/uploads\/2024\/11\/uelzener_allgemeine_versicherungsgesellschaft_a_g_logo.jpg\",\"contentUrl\":\"https:\/\/uelzener.de\/magazin\/app\/uploads\/2024\/11\/uelzener_allgemeine_versicherungsgesellschaft_a_g_logo.jpg\",\"width\":200,\"height\":200,\"caption\":\"Uelzener Versicherungen\"},\"image\":{\"@id\":\"https:\/\/uelzener.de\/magazin\/#\/schema\/logo\/image\/\"},\"sameAs\":[\"https:\/\/www.facebook.com\/Uelzener\",\"https:\/\/instagram.com\/uelzener\",\"https:\/\/www.xing.com\/pages\/uelzenerallgemeineversicherungs-gesellschafta-g\",\"https:\/\/www.youtube.com\/UelzenerVersicherungen\"]}]}<\/script>\n<!-- \/ Yoast SEO Premium plugin. -->","yoast_head_json":{"title":"Handarbeit mit Pferden \u2013 so gelingt der Einstieg | Uelzener","description":"So beginnst Du die Handarbeit mit Deinem Pferd \u2713 Vorbereitung \u2713 Ausr\u00fcstung \u2713 Trainingsschritte \u2713 Vorteile \u25b6 Hier informieren!","robots":{"index":"index","follow":"follow","max-snippet":"max-snippet:-1","max-image-preview":"max-image-preview:large","max-video-preview":"max-video-preview:-1"},"canonical":"https:\/\/uelzener.de\/magazin\/pferd\/erziehung-und-training\/handarbeit-pferd\/","og_locale":"de_DE","og_type":"article","og_title":"Einf\u00fchrung in die Handarbeit mit Pferden","og_description":"So beginnst Du die Handarbeit mit Deinem Pferd \u2713 Vorbereitung \u2713 Ausr\u00fcstung \u2713 Trainingsschritte \u2713 Vorteile \u25b6 Hier informieren!","og_url":"https:\/\/uelzener.de\/magazin\/pferd\/erziehung-und-training\/handarbeit-pferd\/","og_site_name":"Uelzener Tier-Magazin","article_publisher":"https:\/\/www.facebook.com\/Uelzener","article_modified_time":"2024-04-22T07:19:03+00:00","og_image":[{"width":1024,"height":450,"url":"https:\/\/uelzener.de\/magazin\/app\/uploads\/2021\/09\/1024x450_Graues-Pferd-am-Zuegel.jpg","type":"image\/jpeg"}],"twitter_card":"summary_large_image","twitter_misc":{"Gesch\u00e4tzte Lesezeit":"4\u00a0Minuten"},"schema":{"@context":"https:\/\/schema.org","@graph":[{"@type":"WebPage","@id":"https:\/\/uelzener.de\/magazin\/pferd\/erziehung-und-training\/handarbeit-pferd\/","url":"https:\/\/uelzener.de\/magazin\/pferd\/erziehung-und-training\/handarbeit-pferd\/","name":"Handarbeit mit Pferden \u2013 so gelingt der Einstieg | Uelzener","isPartOf":{"@id":"https:\/\/uelzener.de\/magazin\/#website"},"primaryImageOfPage":{"@id":"https:\/\/uelzener.de\/magazin\/pferd\/erziehung-und-training\/handarbeit-pferd\/#primaryimage"},"image":{"@id":"https:\/\/uelzener.de\/magazin\/pferd\/erziehung-und-training\/handarbeit-pferd\/#primaryimage"},"thumbnailUrl":"https:\/\/uelzener.de\/magazin\/app\/uploads\/2021\/09\/1024x450_Graues-Pferd-am-Zuegel.jpg","datePublished":"2017-01-26T00:00:00+00:00","dateModified":"2024-04-22T07:19:03+00:00","description":"So beginnst Du die Handarbeit mit Deinem Pferd \u2713 Vorbereitung \u2713 Ausr\u00fcstung \u2713 Trainingsschritte \u2713 Vorteile \u25b6 Hier informieren!","breadcrumb":{"@id":"https:\/\/uelzener.de\/magazin\/pferd\/erziehung-und-training\/handarbeit-pferd\/#breadcrumb"},"inLanguage":"de","potentialAction":[{"@type":"ReadAction","target":["https:\/\/uelzener.de\/magazin\/pferd\/erziehung-und-training\/handarbeit-pferd\/"]}]},{"@type":"ImageObject","inLanguage":"de","@id":"https:\/\/uelzener.de\/magazin\/pferd\/erziehung-und-training\/handarbeit-pferd\/#primaryimage","url":"https:\/\/uelzener.de\/magazin\/app\/uploads\/2021\/09\/1024x450_Graues-Pferd-am-Zuegel.jpg","contentUrl":"https:\/\/uelzener.de\/magazin\/app\/uploads\/2021\/09\/1024x450_Graues-Pferd-am-Zuegel.jpg","width":1024,"height":450,"caption":"Graues Pferd wird am Z\u00fcgel auf dem Trainingsplatz herumgef\u00fchrt."},{"@type":"WebSite","@id":"https:\/\/uelzener.de\/magazin\/#website","url":"https:\/\/uelzener.de\/magazin\/","name":"Uelzener Tiermagazin","description":"Online Tierratgeber der Uelzener Versicherungen","publisher":{"@id":"https:\/\/uelzener.de\/magazin\/#organization"},"potentialAction":[{"@type":"SearchAction","target":{"@type":"EntryPoint","urlTemplate":"https:\/\/uelzener.de\/magazin\/?s={search_term_string}"},"query-input":{"@type":"PropertyValueSpecification","valueRequired":true,"valueName":"search_term_string"}}],"inLanguage":"de"},{"@type":"Organization","@id":"https:\/\/uelzener.de\/magazin\/#organization","name":"Uelzener Versicherungen","url":"https:\/\/uelzener.de\/magazin\/","logo":{"@type":"ImageObject","inLanguage":"de","@id":"https:\/\/uelzener.de\/magazin\/#\/schema\/logo\/image\/","url":"https:\/\/uelzener.de\/magazin\/app\/uploads\/2024\/11\/uelzener_allgemeine_versicherungsgesellschaft_a_g_logo.jpg","contentUrl":"https:\/\/uelzener.de\/magazin\/app\/uploads\/2024\/11\/uelzener_allgemeine_versicherungsgesellschaft_a_g_logo.jpg","width":200,"height":200,"caption":"Uelzener Versicherungen"},"image":{"@id":"https:\/\/uelzener.de\/magazin\/#\/schema\/logo\/image\/"},"sameAs":["https:\/\/www.facebook.com\/Uelzener","https:\/\/instagram.com\/uelzener","https:\/\/www.xing.com\/pages\/uelzenerallgemeineversicherungs-gesellschafta-g","https:\/\/www.youtube.com\/UelzenerVersicherungen"]}]}},"_links":{"self":[{"href":"https:\/\/uelzener.de\/magazin\/wp-json\/wp\/v2\/pages\/10222","targetHints":{"allow":["GET"]}}],"collection":[{"href":"https:\/\/uelzener.de\/magazin\/wp-json\/wp\/v2\/pages"}],"about":[{"href":"https:\/\/uelzener.de\/magazin\/wp-json\/wp\/v2\/types\/page"}],"author":[{"embeddable":true,"href":"https:\/\/uelzener.de\/magazin\/wp-json\/wp\/v2\/users\/1"}],"replies":[{"embeddable":true,"href":"https:\/\/uelzener.de\/magazin\/wp-json\/wp\/v2\/comments?post=10222"}],"version-history":[{"count":12,"href":"https:\/\/uelzener.de\/magazin\/wp-json\/wp\/v2\/pages\/10222\/revisions"}],"predecessor-version":[{"id":17341,"href":"https:\/\/uelzener.de\/magazin\/wp-json\/wp\/v2\/pages\/10222\/revisions\/17341"}],"up":[{"embeddable":true,"href":"https:\/\/uelzener.de\/magazin\/wp-json\/wp\/v2\/pages\/11689"}],"wp:featuredmedia":[{"embeddable":true,"href":"https:\/\/uelzener.de\/magazin\/wp-json\/wp\/v2\/media\/12731"}],"wp:attachment":[{"href":"https:\/\/uelzener.de\/magazin\/wp-json\/wp\/v2\/media?parent=10222"}],"curies":[{"name":"wp","href":"https:\/\/api.w.org\/{rel}","templated":true}]}}