{"id":10218,"date":"2016-05-19T00:00:00","date_gmt":"2016-05-19T00:00:00","guid":{"rendered":""},"modified":"2025-01-23T16:18:24","modified_gmt":"2025-01-23T15:18:24","slug":"ragdoll","status":"publish","type":"page","link":"https:\/\/uelzener.de\/magazin\/katze\/rasseportrait\/ragdoll\/","title":{"rendered":"Die Ragdoll"},"content":{"rendered":"<p>Bei der Bezeichnung \u201eRagdoll\u201c denkt man zun\u00e4chst nicht unbedingt an eine Katzenrasse. Dennoch werden Ragdolls aufgrund ihres entspannten Wesens und ihres h\u00fcbschen Aussehens immer beliebter.<\/p>\n<h2>Aussehen<\/h2>\n<p>Ragdolls (englisch f\u00fcr \u201eStoffpuppe\u201c) sind gro\u00dfe Katzen mit einem halblangen Fell und blauen Augen. Kater k\u00f6nnen bis 10 Kilo wiegen, Katzen sind deutlich leichter. Da Ragdolls Pointkatzen sind, werden sie wei\u00df geboren und entwickeln ihre typischen Fellfarben erst im Lauf der Zeit. Typisch f\u00fcr Pointkatzen sind dunkle Gesichtsmaske und Ohren sowie dunkle Beine, Pfoten und Schwanz. Bei Ragdolls gibt es vor allem Farbvarianten von schwarz, braun und rot sowie verschiedene Fellzeichnungen. Typisch sind au\u00dferdem ihre Halskrause und der lange, buschige Schwanz.<\/p>\n<p>Entstanden sind Ragdolls Anfang der 1960er Jahre in Kalifornien durch die Z\u00fcchterin Ann Baker. Sie verpaarte eine Point- und eine wei\u00dfe Langhaarkatze namens \u201eJosephine\u201c. Der Name \u201eRagdoll\u201c kommt daher, dass sich diese Katzen beim Hochnehmen komplett \u201eh\u00e4ngen lassen\u201c wie eine schlaffe Stoffpuppe. Fr\u00fchere Vermutungen, diese Tatsache w\u00fcrde auf eine verringerte Schmerzempfindlichkeit der Katzen hinweisen, haben sich nicht best\u00e4tigt.<\/p>\n<h2>Charakter<\/h2>\n<p>Die gro\u00dfen Ragdolls sind anh\u00e4ngliche und menschenbezogene Tiere. Ihr freundliches, gutm\u00fctiges Wesen und ihr ruhiges Temperament machen sie zu einer geeigneten Katze f\u00fcr einen Haushalt mit Kindern. Sie verstehen sich auch gut mit anderen Katzen und mit freundlichen Hunden. Das hei\u00dft allerdings nicht, dass man sich mit einer Ragdoll \u201enur\u201c ein lebendiges Sofakissen ins Haus holt. Ragdolls sind schlaue Katzen, die gerne spielen und immer neue Ideen aushecken, ohne dabei gleich ein Tr\u00fcmmerfeld in der Wohnung zu hinterlassen. Sie sind gerne im Brennpunkt des Geschehens und folgen ihrem Besitzer \u00fcberall hin, damit ihnen ja nichts Wichtiges entgeht.<\/p>\n<h2>Haltung<\/h2>\n<p>Ragdolls k\u00f6nnen gut als reine Wohnungskatzen gehalten werden, solange im Haus genug los ist. Den ganzen Tag alleine in der Wohnung zu bleiben, ist nichts f\u00fcr sie. Auch \u00fcber einen Artgenossen freuen sie sich, aber ebenso wichtig ist der regelm\u00e4\u00dfige Kontakt zu ihren Menschen. Trotz des Interesses an den h\u00e4uslichen Aktivit\u00e4ten anderer Mitbewohner wird die Ragdoll dabei nie aufdringlich, sondern ist als stille Beobachterin einfach dabei. Sie ist zudem deutlich weniger \u201egespr\u00e4chig\u201c als manch andere Katzenrasse. Auch Fremden gegen\u00fcber ist sie zutraulich und offen.<\/p>\n<p>Ragdolls brauchen neben dem regelm\u00e4\u00dfigen K\u00e4mmen oder B\u00fcrsten des Fells (etwa einmal die Woche) keine besondere Pflege. Allerdings k\u00f6nnen ihr ruhiger Charakter und ihr mittlerer Bewegungsdrang schnell zu \u00dcbergewicht f\u00fchren. Daher muss besonders auf eine nicht zu reichhaltige Ern\u00e4hrung geachtet werden. Die Katze vegetarisch zu ern\u00e4hren ist jedoch nicht zielf\u00fchrend. Vielmehr sollte darauf geachtet werden, dass Ern\u00e4hrung trotzdem ausgewogen ist, den nat\u00fcrlichen Bed\u00fcrfnissen von Katzen entspricht und sie mit allen wichtigen N\u00e4hrstoffen versorgt.<\/p>\n\n<div class=\"related_articles boxed\">\n    <h2>Mehr zum Thema<\/h2>\n    \n    <div class=\"wrapper\"><div class=\"title align-center\"><h3><a href=\"https:\/\/uelzener.de\/magazin\/katze\/haltung\/wohnungskatze-beschaeftigen\/\">Wohnungskatze besch\u00e4ftigen: Tipps f\u00fcr den Alltag<\/a><\/h3><\/div><div class=\"img align-center\"><img decoding=\"async\" width=\"315\" height=\"180\" src=\"https:\/\/uelzener.de\/magazin\/app\/uploads\/2022\/07\/Header_Magazin_Wohnungskatze-beschaeftigen-315x180.jpg\" class=\"attachment-315x180 size-315x180 wp-post-image\" alt=\"Katze springt in der Wohnung von Stuhl zu Stuhl, eine Wohnungskatze zu besch\u00e4ftigen ist nicht leicht.\" \/><\/div><\/div><div class=\"wrapper\"><div class=\"title align-center\"><h3><a href=\"https:\/\/uelzener.de\/magazin\/katze\/ernaehrung\/katze-vegetarisch-ernaehren\/\">Katzen vegan oder vegetarisch ern\u00e4hren: Von Tier\u00e4rzten nicht empfohlen<\/a><\/h3><\/div><div class=\"img align-center\"><img decoding=\"async\" width=\"315\" height=\"180\" src=\"https:\/\/uelzener.de\/magazin\/app\/uploads\/2019\/11\/41298606-0172-4129-8882-3466adfe105a-315x180.jpg\" class=\"attachment-315x180 size-315x180 wp-post-image\" alt=\"Eine Katze vegan oder vegetarisch zu ern\u00e4hren ist nicht artgerecht.\" \/><\/div><\/div><div class=\"wrapper\"><div class=\"title align-center\"><h3><a href=\"https:\/\/uelzener.de\/magazin\/katze\/rasseportrait\/katzenrassen-die-haeufiger-krank-werden\/\">Katzenrassen, die h\u00e4ufiger krank werden<\/a><\/h3><\/div><div class=\"img align-center\"><img decoding=\"async\" width=\"315\" height=\"180\" src=\"https:\/\/uelzener.de\/magazin\/app\/uploads\/2025\/01\/abessinier-315x180.jpg\" class=\"attachment-315x180 size-315x180 wp-post-image\" alt=\"Abessinier-Katze\" \/><\/div><\/div><\/div>\n\n<p>Wer auf der Suche nach einem friedlichen und anh\u00e4nglichen Familienmitglied auf vier Samtpfoten ist, wird mit der Ragdoll garantiert Gl\u00fcck haben.<\/p>\n","protected":false},"excerpt":{"rendered":"<p>Bei der Bezeichnung \u201eRagdoll\u201c denkt man zun\u00e4chst nicht unbedingt an eine Katzenrasse. Dennoch werden Ragdolls aufgrund ihres entspannten Wesens und ihres h\u00fcbschen Aussehens immer beliebter. Aussehen Ragdolls (englisch f\u00fcr \u201eStoffpuppe\u201c) sind gro\u00dfe Katzen mit einem halblangen Fell und blauen Augen. Kater k\u00f6nnen bis 10 Kilo wiegen, Katzen sind deutlich leichter. Da Ragdolls Pointkatzen sind, werden [&hellip;]<\/p>\n","protected":false},"author":1,"featured_media":10807,"parent":2482,"menu_order":22,"comment_status":"open","ping_status":"open","template":"templates\/blog.php","meta":{"_acf_changed":false,"_crdt_document":"","footnotes":"","beyondwords_generate_audio":"0","beyondwords_project_id":"","beyondwords_content_id":"","beyondwords_preview_token":"","beyondwords_player_style":"","beyondwords_language_id":"","beyondwords_title_voice_id":"","beyondwords_body_voice_id":"","beyondwords_summary_voice_id":"","beyondwords_error_message":"","beyondwords_disabled":"","beyondwords_delete_content":"","beyondwords_podcast_id":"","beyondwords_hash":"","publish_post_to_speechkit":"","speechkit_hash":"","speechkit_generate_audio":"","speechkit_project_id":"","speechkit_podcast_id":"","speechkit_error_message":"","speechkit_disabled":"","speechkit_access_key":"","speechkit_error":"","speechkit_info":"","speechkit_response":"","speechkit_retries":"","speechkit_status":"","speechkit_updated_at":"","_speechkit_link":"","_speechkit_text":""},"class_list":["post-10218","page","type-page","status-publish","has-post-thumbnail","hentry"],"acf":[],"yoast_head":"<!-- This site is optimized with the Yoast SEO Premium plugin  - https:\/\/yoast.com\/product\/yoast-seo-premium-wordpress\/ -->\n<title>Ragdoll im Rasseportrait \u2013 Herkunft, Charakter &amp; Haltung | Uelzener<\/title>\n<meta name=\"description\" content=\"Erfahre alles zur Katzenrasse Ragdoll \u2713 Herkunft \u2713 Aussehen \u2713 Charakter \u2713 Haltung \u2713 Pflege \u25b6 Hier informieren!\" \/>\n<meta name=\"robots\" content=\"index, follow, max-snippet:-1, max-image-preview:large, max-video-preview:-1\" \/>\n<link rel=\"canonical\" href=\"https:\/\/uelzener.de\/magazin\/katze\/rasseportrait\/ragdoll\/\" \/>\n<meta property=\"og:locale\" content=\"de_DE\" \/>\n<meta property=\"og:type\" content=\"article\" \/>\n<meta property=\"og:title\" content=\"Die Ragdoll\" \/>\n<meta property=\"og:description\" content=\"Erfahre alles zur Katzenrasse Ragdoll \u2713 Herkunft \u2713 Aussehen \u2713 Charakter \u2713 Haltung \u2713 Pflege \u25b6 Hier informieren!\" \/>\n<meta property=\"og:url\" content=\"https:\/\/uelzener.de\/magazin\/katze\/rasseportrait\/ragdoll\/\" \/>\n<meta property=\"og:site_name\" content=\"Uelzener Tier-Magazin\" \/>\n<meta property=\"article:publisher\" content=\"https:\/\/www.facebook.com\/Uelzener\" \/>\n<meta property=\"article:modified_time\" content=\"2025-01-23T15:18:24+00:00\" \/>\n<meta property=\"og:image\" content=\"https:\/\/uelzener.de\/magazin\/app\/uploads\/2016\/05\/c6a23bdc-f84c-43bb-b185-efe8914b2c32.jpg\" \/>\n\t<meta property=\"og:image:width\" content=\"650\" \/>\n\t<meta property=\"og:image:height\" content=\"432\" \/>\n\t<meta property=\"og:image:type\" content=\"image\/jpeg\" \/>\n<meta name=\"twitter:card\" content=\"summary_large_image\" \/>\n<meta name=\"twitter:label1\" content=\"Gesch\u00e4tzte Lesezeit\" \/>\n\t<meta name=\"twitter:data1\" content=\"2\u00a0Minuten\" \/>\n<script type=\"application\/ld+json\" class=\"yoast-schema-graph\">{\"@context\":\"https:\/\/schema.org\",\"@graph\":[{\"@type\":\"WebPage\",\"@id\":\"https:\/\/uelzener.de\/magazin\/katze\/rasseportrait\/ragdoll\/\",\"url\":\"https:\/\/uelzener.de\/magazin\/katze\/rasseportrait\/ragdoll\/\",\"name\":\"Ragdoll im Rasseportrait \u2013 Herkunft, Charakter & Haltung | Uelzener\",\"isPartOf\":{\"@id\":\"https:\/\/uelzener.de\/magazin\/#website\"},\"primaryImageOfPage\":{\"@id\":\"https:\/\/uelzener.de\/magazin\/katze\/rasseportrait\/ragdoll\/#primaryimage\"},\"image\":{\"@id\":\"https:\/\/uelzener.de\/magazin\/katze\/rasseportrait\/ragdoll\/#primaryimage\"},\"thumbnailUrl\":\"https:\/\/uelzener.de\/magazin\/app\/uploads\/2016\/05\/c6a23bdc-f84c-43bb-b185-efe8914b2c32.jpg\",\"datePublished\":\"2016-05-19T00:00:00+00:00\",\"dateModified\":\"2025-01-23T15:18:24+00:00\",\"description\":\"Erfahre alles zur Katzenrasse Ragdoll \u2713 Herkunft \u2713 Aussehen \u2713 Charakter \u2713 Haltung \u2713 Pflege \u25b6 Hier informieren!\",\"breadcrumb\":{\"@id\":\"https:\/\/uelzener.de\/magazin\/katze\/rasseportrait\/ragdoll\/#breadcrumb\"},\"inLanguage\":\"de\",\"potentialAction\":[{\"@type\":\"ReadAction\",\"target\":[\"https:\/\/uelzener.de\/magazin\/katze\/rasseportrait\/ragdoll\/\"]}]},{\"@type\":\"ImageObject\",\"inLanguage\":\"de\",\"@id\":\"https:\/\/uelzener.de\/magazin\/katze\/rasseportrait\/ragdoll\/#primaryimage\",\"url\":\"https:\/\/uelzener.de\/magazin\/app\/uploads\/2016\/05\/c6a23bdc-f84c-43bb-b185-efe8914b2c32.jpg\",\"contentUrl\":\"https:\/\/uelzener.de\/magazin\/app\/uploads\/2016\/05\/c6a23bdc-f84c-43bb-b185-efe8914b2c32.jpg\",\"width\":650,\"height\":432,\"caption\":\"Eine Ragdoll Katze liegt mit ihrem Spielzeug auf dem Boden.\"},{\"@type\":\"WebSite\",\"@id\":\"https:\/\/uelzener.de\/magazin\/#website\",\"url\":\"https:\/\/uelzener.de\/magazin\/\",\"name\":\"Uelzener Tiermagazin\",\"description\":\"Online Tierratgeber der Uelzener Versicherungen\",\"publisher\":{\"@id\":\"https:\/\/uelzener.de\/magazin\/#organization\"},\"potentialAction\":[{\"@type\":\"SearchAction\",\"target\":{\"@type\":\"EntryPoint\",\"urlTemplate\":\"https:\/\/uelzener.de\/magazin\/?s={search_term_string}\"},\"query-input\":{\"@type\":\"PropertyValueSpecification\",\"valueRequired\":true,\"valueName\":\"search_term_string\"}}],\"inLanguage\":\"de\"},{\"@type\":\"Organization\",\"@id\":\"https:\/\/uelzener.de\/magazin\/#organization\",\"name\":\"Uelzener Versicherungen\",\"url\":\"https:\/\/uelzener.de\/magazin\/\",\"logo\":{\"@type\":\"ImageObject\",\"inLanguage\":\"de\",\"@id\":\"https:\/\/uelzener.de\/magazin\/#\/schema\/logo\/image\/\",\"url\":\"https:\/\/uelzener.de\/magazin\/app\/uploads\/2024\/11\/uelzener_allgemeine_versicherungsgesellschaft_a_g_logo.jpg\",\"contentUrl\":\"https:\/\/uelzener.de\/magazin\/app\/uploads\/2024\/11\/uelzener_allgemeine_versicherungsgesellschaft_a_g_logo.jpg\",\"width\":200,\"height\":200,\"caption\":\"Uelzener Versicherungen\"},\"image\":{\"@id\":\"https:\/\/uelzener.de\/magazin\/#\/schema\/logo\/image\/\"},\"sameAs\":[\"https:\/\/www.facebook.com\/Uelzener\",\"https:\/\/instagram.com\/uelzener\",\"https:\/\/www.xing.com\/pages\/uelzenerallgemeineversicherungs-gesellschafta-g\",\"https:\/\/www.youtube.com\/UelzenerVersicherungen\"]}]}<\/script>\n<!-- \/ Yoast SEO Premium plugin. -->","yoast_head_json":{"title":"Ragdoll im Rasseportrait \u2013 Herkunft, Charakter & Haltung | Uelzener","description":"Erfahre alles zur Katzenrasse Ragdoll \u2713 Herkunft \u2713 Aussehen \u2713 Charakter \u2713 Haltung \u2713 Pflege \u25b6 Hier informieren!","robots":{"index":"index","follow":"follow","max-snippet":"max-snippet:-1","max-image-preview":"max-image-preview:large","max-video-preview":"max-video-preview:-1"},"canonical":"https:\/\/uelzener.de\/magazin\/katze\/rasseportrait\/ragdoll\/","og_locale":"de_DE","og_type":"article","og_title":"Die Ragdoll","og_description":"Erfahre alles zur Katzenrasse Ragdoll \u2713 Herkunft \u2713 Aussehen \u2713 Charakter \u2713 Haltung \u2713 Pflege \u25b6 Hier informieren!","og_url":"https:\/\/uelzener.de\/magazin\/katze\/rasseportrait\/ragdoll\/","og_site_name":"Uelzener Tier-Magazin","article_publisher":"https:\/\/www.facebook.com\/Uelzener","article_modified_time":"2025-01-23T15:18:24+00:00","og_image":[{"width":650,"height":432,"url":"https:\/\/uelzener.de\/magazin\/app\/uploads\/2016\/05\/c6a23bdc-f84c-43bb-b185-efe8914b2c32.jpg","type":"image\/jpeg"}],"twitter_card":"summary_large_image","twitter_misc":{"Gesch\u00e4tzte Lesezeit":"2\u00a0Minuten"},"schema":{"@context":"https:\/\/schema.org","@graph":[{"@type":"WebPage","@id":"https:\/\/uelzener.de\/magazin\/katze\/rasseportrait\/ragdoll\/","url":"https:\/\/uelzener.de\/magazin\/katze\/rasseportrait\/ragdoll\/","name":"Ragdoll im Rasseportrait \u2013 Herkunft, Charakter & Haltung | Uelzener","isPartOf":{"@id":"https:\/\/uelzener.de\/magazin\/#website"},"primaryImageOfPage":{"@id":"https:\/\/uelzener.de\/magazin\/katze\/rasseportrait\/ragdoll\/#primaryimage"},"image":{"@id":"https:\/\/uelzener.de\/magazin\/katze\/rasseportrait\/ragdoll\/#primaryimage"},"thumbnailUrl":"https:\/\/uelzener.de\/magazin\/app\/uploads\/2016\/05\/c6a23bdc-f84c-43bb-b185-efe8914b2c32.jpg","datePublished":"2016-05-19T00:00:00+00:00","dateModified":"2025-01-23T15:18:24+00:00","description":"Erfahre alles zur Katzenrasse Ragdoll \u2713 Herkunft \u2713 Aussehen \u2713 Charakter \u2713 Haltung \u2713 Pflege \u25b6 Hier informieren!","breadcrumb":{"@id":"https:\/\/uelzener.de\/magazin\/katze\/rasseportrait\/ragdoll\/#breadcrumb"},"inLanguage":"de","potentialAction":[{"@type":"ReadAction","target":["https:\/\/uelzener.de\/magazin\/katze\/rasseportrait\/ragdoll\/"]}]},{"@type":"ImageObject","inLanguage":"de","@id":"https:\/\/uelzener.de\/magazin\/katze\/rasseportrait\/ragdoll\/#primaryimage","url":"https:\/\/uelzener.de\/magazin\/app\/uploads\/2016\/05\/c6a23bdc-f84c-43bb-b185-efe8914b2c32.jpg","contentUrl":"https:\/\/uelzener.de\/magazin\/app\/uploads\/2016\/05\/c6a23bdc-f84c-43bb-b185-efe8914b2c32.jpg","width":650,"height":432,"caption":"Eine Ragdoll Katze liegt mit ihrem Spielzeug auf dem Boden."},{"@type":"WebSite","@id":"https:\/\/uelzener.de\/magazin\/#website","url":"https:\/\/uelzener.de\/magazin\/","name":"Uelzener Tiermagazin","description":"Online Tierratgeber der Uelzener Versicherungen","publisher":{"@id":"https:\/\/uelzener.de\/magazin\/#organization"},"potentialAction":[{"@type":"SearchAction","target":{"@type":"EntryPoint","urlTemplate":"https:\/\/uelzener.de\/magazin\/?s={search_term_string}"},"query-input":{"@type":"PropertyValueSpecification","valueRequired":true,"valueName":"search_term_string"}}],"inLanguage":"de"},{"@type":"Organization","@id":"https:\/\/uelzener.de\/magazin\/#organization","name":"Uelzener Versicherungen","url":"https:\/\/uelzener.de\/magazin\/","logo":{"@type":"ImageObject","inLanguage":"de","@id":"https:\/\/uelzener.de\/magazin\/#\/schema\/logo\/image\/","url":"https:\/\/uelzener.de\/magazin\/app\/uploads\/2024\/11\/uelzener_allgemeine_versicherungsgesellschaft_a_g_logo.jpg","contentUrl":"https:\/\/uelzener.de\/magazin\/app\/uploads\/2024\/11\/uelzener_allgemeine_versicherungsgesellschaft_a_g_logo.jpg","width":200,"height":200,"caption":"Uelzener Versicherungen"},"image":{"@id":"https:\/\/uelzener.de\/magazin\/#\/schema\/logo\/image\/"},"sameAs":["https:\/\/www.facebook.com\/Uelzener","https:\/\/instagram.com\/uelzener","https:\/\/www.xing.com\/pages\/uelzenerallgemeineversicherungs-gesellschafta-g","https:\/\/www.youtube.com\/UelzenerVersicherungen"]}]}},"_links":{"self":[{"href":"https:\/\/uelzener.de\/magazin\/wp-json\/wp\/v2\/pages\/10218","targetHints":{"allow":["GET"]}}],"collection":[{"href":"https:\/\/uelzener.de\/magazin\/wp-json\/wp\/v2\/pages"}],"about":[{"href":"https:\/\/uelzener.de\/magazin\/wp-json\/wp\/v2\/types\/page"}],"author":[{"embeddable":true,"href":"https:\/\/uelzener.de\/magazin\/wp-json\/wp\/v2\/users\/1"}],"replies":[{"embeddable":true,"href":"https:\/\/uelzener.de\/magazin\/wp-json\/wp\/v2\/comments?post=10218"}],"version-history":[{"count":7,"href":"https:\/\/uelzener.de\/magazin\/wp-json\/wp\/v2\/pages\/10218\/revisions"}],"predecessor-version":[{"id":18145,"href":"https:\/\/uelzener.de\/magazin\/wp-json\/wp\/v2\/pages\/10218\/revisions\/18145"}],"up":[{"embeddable":true,"href":"https:\/\/uelzener.de\/magazin\/wp-json\/wp\/v2\/pages\/2482"}],"wp:featuredmedia":[{"embeddable":true,"href":"https:\/\/uelzener.de\/magazin\/wp-json\/wp\/v2\/media\/10807"}],"wp:attachment":[{"href":"https:\/\/uelzener.de\/magazin\/wp-json\/wp\/v2\/media?parent=10218"}],"curies":[{"name":"wp","href":"https:\/\/api.w.org\/{rel}","templated":true}]}}