{"id":10214,"date":"2020-05-29T00:00:00","date_gmt":"2020-05-29T00:00:00","guid":{"rendered":""},"modified":"2026-01-06T18:11:00","modified_gmt":"2026-01-06T17:11:00","slug":"eine-katze-zieht-ein","status":"publish","type":"page","link":"https:\/\/uelzener.de\/magazin\/katze\/tiergesundheit\/eine-katze-zieht-ein\/","title":{"rendered":"Eine Katze zieht ein: Checkliste, F\u00fctterung, Versicherungen"},"content":{"rendered":"<p>Vierbeiniger Nachwuchs in der eigenen Wohnung ist eine aufregende Sache \u2013 und das f\u00fcr beide Seiten. Welcher Schlafplatz ist der Richtige f\u00fcr das K\u00e4tzchen? Ist die Wohnung \u00fcberhaupt katzensicher? Beim Einzug einer kleinen Katze gilt es daher verschiedene Dinge zu beachten.<\/p>\n<p>Die Entscheidung ist getroffen: Eine Katze zieht ein! Eine aufregende Zeit steht bevor. Gerade beim Einzug der Katze m\u00f6chte man alles richtig machen und dem K\u00e4tzchen einen angenehmen Start in ihr neues Leben bereiten.<\/p>\n<p>Was sollte <a href=\"https:\/\/uelzener.de\/magazin\/katze\/haltung\/kinderfreundliche-katzen\/\">vor der Anschaffung einer zum Beispiel kinderfreundlichen Katze<\/a> beachtet werden? Welche Vorbereitungen sind sinnvoll?<\/p>\n<h2>Katzensichere Wohnung: Vorbereitung f\u00fcr Einzug<\/h2>\n<p>Zun\u00e4chst sollte die Wohnung katzensicher gemacht werden. F\u00fcr neugierige Stubentiger wird selbst Unscheinbares eine Gefahr.<\/p>\n<p>\u00dcberpr\u00fcfe im Vorfeld, welche <a href=\"https:\/\/uelzener.de\/magazin\/katze\/tiergesundheit\/giftige-pflanzen-fuer-katzen\/\">Pflanzen giftig f\u00fcr Katzen<\/a> sind. Achte auch auf herumliegende S\u00fc\u00dfigkeitenpackungen, denn <a href=\"https:\/\/uelzener.de\/magazin\/katze\/ernaehrung\/katze-schokolade\/\">Schokolade<\/a> ist zum Beispiel giftig f\u00fcr Katzen.<\/p>\n<p>Balkone sollten mit einem speziellen Balkonschutz f\u00fcr Katzen ausgestattet werden, denn ein Sturz aus gro\u00dfer H\u00f6he endet mit schwerwiegenden Verletzungen.<\/p>\n<p>Was viele Katzenhalter nicht wissen, ist, dass gekippte Fenster ebenfalls sehr gef\u00e4hrlich f\u00fcr neugierige Tiere sind und gar zur Todesfalle werden k\u00f6nnen. Auch diese sollten mit speziellen Katzenschutzgittern abgesichert werden. Damit bleibt deine Katze von Verletzungen verschont und dem Durchl\u00fcften steht nichts mehr im Wege.<\/p>\n<p>\u00dcbrigens: Im Gegensatz zum Hund ist eine Katze \u00fcber die Haftpflichtversicherung des Halters abgesichert. Richtet die neue Mieze doch mal einen Schaden beim Nachbarn an, sind Katze und Halter vor finanziellen Konsequenzen gesch\u00fctzt.<\/p>\n\n<div class=\"related_articles boxed\">\n    <h2>Mehr zum Thema<\/h2>\n    \n    <div class=\"wrapper\"><div class=\"title align-center\"><h3><a href=\"https:\/\/uelzener.de\/magazin\/katze\/haltung\/balkon-katzensicher-machen\/\">Balkon katzensicher machen: Gesch\u00fctzter Zugang zur Frischluft f\u00fcr deinen Vierbeiner<\/a><\/h3><\/div><div class=\"img align-center\"><img decoding=\"async\" width=\"315\" height=\"180\" src=\"https:\/\/uelzener.de\/magazin\/app\/uploads\/2023\/01\/balkon-katzensicher-machen-315x180.jpg\" class=\"attachment-315x180 size-315x180 wp-post-image\" alt=\"Katze sitzt auf einem katzensicheren Balkon und sonnt sich.\" \/><\/div><\/div><div class=\"wrapper\"><div class=\"title align-center\"><h3><a href=\"https:\/\/uelzener.de\/magazin\/katze\/haeufige-fragen\/landen-katzen-wirklich-immer-auf-den-pfoten\/\">Landen Katzen wirklich immer auf den Pfoten?<\/a><\/h3><\/div><div class=\"img align-center\"><img decoding=\"async\" width=\"315\" height=\"180\" src=\"https:\/\/uelzener.de\/magazin\/app\/uploads\/2025\/04\/landen-katzen-auf-pfoten-315x180.jpg\" class=\"attachment-315x180 size-315x180 wp-post-image\" alt=\"Landen Katzen immer auf ihren Pfoten?\" \/><\/div><\/div><div class=\"wrapper\"><div class=\"title align-center\"><h3><a href=\"https:\/\/uelzener.de\/magazin\/katze\/haltung\/wohnung-katzensicher-machen\/\">Wohnung katzensicher machen: 9 Tipps f\u00fcr dein Zuhause<\/a><\/h3><\/div><div class=\"img align-center\"><img decoding=\"async\" width=\"315\" height=\"180\" src=\"https:\/\/uelzener.de\/magazin\/app\/uploads\/2020\/05\/d0fe97ae-9fc2-4e23-be3b-874ce1a56c9a-315x180.png\" class=\"attachment-315x180 size-315x180 wp-post-image\" alt=\"Die richtigen Tipps um die Wohnung Katzensicher zu machen sind schwer zu finden. Die kleine Katze hat auf dem Tisch nichts zu suchen.\" \/><\/div><\/div><\/div>\n\n<h2>Eingew\u00f6hnung der Katze im neuen Zuhause<\/h2>\n<p>F\u00fcr die Eingew\u00f6hnung der Katze im neuen Zuhause ist es hilfreich, zun\u00e4chst ein <a href=\"https:\/\/uelzener.de\/magazin\/katze\/haltung\/handaufzucht-bei-katzen-das-musst-du-beachten\/\">Katzenzimmer einzurichten<\/a>. Darin befinden sich die wichtigsten Dinge wie Katzentoilette, Futterplatz, Bett und Kratzm\u00f6glichkeiten. Ein einzelnes Zimmer zu erkunden ist f\u00fcr ein K\u00e4tzchen angenehmer als pl\u00f6tzlich in einer riesigen Wohnung zu stehen.<\/p>\n<p>Gib der Katze die Zeit, die sie braucht, um sich an die neue Umgebung zu gew\u00f6hnen. Die Heranf\u00fchrung an Familienmitglieder, Kinder oder andere Haustiere, wie Hund oder eine andere Katze, kann ein paar Tage warten.<\/p>\n<p>Ist das K\u00e4tzchen erst einmal angekommen, wird jede Ecke inspiziert und alle M\u00f6bel erkundet. Bringe am Anfang viel Zeit f\u00fcr den neuen Mitbewohner mit. So kannst du einerseits das Vertrauen st\u00e4rken, andererseits von Beginn an klare Regeln etablieren.<\/p>\n<h2>Checkliste Erstausstattung<\/h2>\n<ul>\n<li><a href=\"https:\/\/uelzener.de\/magazin\/katze\/erziehung-und-training\/katze-an-transportbox-gewoehnen-tipps-tricks\/\" target=\"_blank\" rel=\"noopener\">Transportbox<\/a><\/li>\n<li>Gem\u00fctlicher Liegeplatz (z. B. H\u00f6hle oder Katzenbett)<\/li>\n<li>Spannendes <a href=\"https:\/\/uelzener.de\/magazin\/katze\/haltung\/wohnungskatze-beschaeftigen\/\" target=\"_blank\" rel=\"noopener\">Spielzeug f\u00fcr Wohnungskatzen<\/a><\/li>\n<li>Kratzbaum<\/li>\n<li>Katzentoilette und Katzenstreu<\/li>\n<li>Futter- und Wassernapf<\/li>\n<li>Balkonnetz<\/li>\n<li>Fensterkippschutz<\/li>\n<li>Futter<\/li>\n<li>Leckerlis<\/li>\n<li>B\u00fcrste \/ Kamm<\/li>\n<li>Floh- und Zeckenschutz<\/li>\n<li>Zeckenzange<\/li>\n<\/ul>\n<p><img decoding=\"async\" src=\"\/magazin\/app\/uploads\/2021\/02\/31752724-ab20-418d-a625-ee2d032aef2f.jpg\" \/><\/p>\n<p>Katzen suchen sich ihren Schlafplatz am liebsten selbst aus. Leider ist dies oft an einer ung\u00fcnstigen Stelle. Damit es sp\u00e4ter keine Diskussionen gibt, mach deiner Katze den Wunsch-Schlafplatz direkt von Anfang an schmackhaft. Eine H\u00f6hle stellt einen guten R\u00fcckzugsort dar. Du kannst auch Leckerlis auf den Wunsch-Platz legen. So wird dieser Ort f\u00fcr die Katze attraktiver.<\/p>\n<h2>F\u00fctterung der kleinen Katze<\/h2>\n<p>Futter und Wasser sollten an einem festen Platz aus einem sauberen Napf gegeben werden. K\u00e4tzchen bekommen ab 12 Wochen f\u00fcnfmal am Tag eine kleine Portion Spezialfutter f\u00fcr junge Katzen. Die Futterzeiten werden langsam reduziert, w\u00e4hrend die Futtermenge steigt, bis die Katze im Alter von etwa acht Monaten noch zwei- bis dreimal am Tag gef\u00fcttert wird. Die einmal festgelegten Futterzeiten sollten eingehalten werden, selbst wenn die Katze da anderer Meinung ist.<\/p>\n<h2>Stubenreinheit ist schnell gelernt<\/h2>\n<p>Sauberkeit ist f\u00fcr junge Katzen oft kein Problem: Meist haben sie dies schon von ihrer Mutter gelernt. Falls das K\u00e4tzchen bei der Ankunft noch nicht stubenrein sein sollte, ist das kein Grund zur Sorge. Katzen lernen das in der Regel sehr schnell. Setze die Katze dazu kurz nach ihrer Ankunft und dem Fressen in die Katzentoilette und gib ihr einen Moment Ruhe. Instinktiv wissen Katzen, was zu tun ist.<\/p>\n<p>Bez\u00fcglich der Anzahl an Katzentoiletten gilt die Faustregel: Immer eine Toilette mehr als Katzen im Haus leben. Solltest du einen Freig\u00e4nger haben, reicht auch eine Toilette. In unserem Blogbeitrag \u201e<a href=\"http:\/\/www.uelzener.de\/blog\/tier\/so-wird-ihre-katze-schnell-stubenrein.html\">Katzen stubenrein bekommen \u2013 so funktioniert es<\/a>\u201c bekommst du weitere hilfreiche Tipps und Informationen zum Thema Katzentoilette und Stubenreinheit.<\/p>\n<h2>Bindung zwischen Katze und Mensch<\/h2>\n<p>Und der Menschenkontakt? Kuscheln und Streicheln sollte zu Anfang nicht erzwungen werden. Deine Katze wird selbst anzeigen, wenn sie K\u00f6rperkontakt sucht. Manche K\u00e4tzchen sind zuerst noch scheu \u2013 sie brauchen Zeit, um sich an ihre Menschen zu gew\u00f6hnen. Aber \u00fcber kurz oder lang wird auch ein scheues K\u00e4tzchen erkennen, dass die anwesenden Menschen ihre Vorteile haben. Ist es soweit, so kannst du sogar <a href=\"https:\/\/uelzener.de\/magazin\/katze\/erziehung-und-training\/katze-erziehen\/\">deine Katze trainieren<\/a>.<\/p>\n<p>Brauchst du noch Inspirationen f\u00fcr den Namen deiner Katze? Dann hol sie dir jetzt in unserem Artikel zu <a href=\"https:\/\/uelzener.de\/magazin\/katze\/haeufige-fragen\/katzennamen\/\">Katzennamen<\/a>.<\/p>\n<h2>Optimaler Versicherungsschutz f\u00fcr Katzen<\/h2>\n<p>Du willst mit Sicherheit nur das Beste f\u00fcr dein K\u00e4tzchen und w\u00fcnschst ihm ein langes und gesundes Leben. Solltest du daher unbedingt eine <a href=\"https:\/\/uelzener.de\/magazin\/katze\/haeufige-fragen\/katze-versichern-ja-oder-nein\/\">Katzenversicherung abschlie\u00dfen, ja oder nein<\/a>? Im Laufe eines Katzenlebens kann allerdings einiges an Kosten auf dich zukommen, gerade, wenn die Katze durch Krankheit oder einen <a href=\"https:\/\/uelzener.de\/magazin\/katze\/tiergesundheit\/haeufigste-krankheiten-unfaelle-bei-katzen\/\">Unfall<\/a> eine Operation ben\u00f6tigt oder anderweitig tier\u00e4rztlich behandelt werden muss. Damit du auch die weniger sch\u00f6nen Situationen im Leben gemeinsam mit der Katze durchstehst, bieten wir mit unserer <strong>Katzen-OP-Versicherung<\/strong> einen Rundumschutz gegen hohe Operationskosten.<\/p>\n\n<div class=\"banner\">\n    <a href=\"https:\/\/uelzener.de\/katze\/katzen-op-versicherung\/?agt=0000104925&sem=true&utm_medium=magazin&utm_source=wordpress&utm_campaign=katze_op&utm_content=banner\">\n        <img decoding=\"async\" width=\"300\" height=\"212\" src=\"https:\/\/uelzener.de\/magazin\/app\/uploads\/2025\/01\/Katzen-OP-Versicherung.jpg\" class=\"attachment-medium size-medium\" alt=\"Banner Katzen-OP-Versicherung\" \/>    <\/a>\n<\/div>\n\n<p>Eine <strong>Katzen-Krankenversicherung<\/strong> lohnt sich f\u00fcr jeden, der sich auch vor generellen Tierarztkosten sch\u00fctzen m\u00f6chte.<\/p>\n\n<div class=\"banner\">\n    <a href=\"https:\/\/uelzener.de\/katze\/katzen-krankenversicherung\/?agt=0000104925&sem=true&utm_medium=magazin&utm_source=wordpress&utm_campaign=katze_kv&utm_content=banner\">\n        <img decoding=\"async\" width=\"300\" height=\"212\" src=\"https:\/\/uelzener.de\/magazin\/app\/uploads\/2025\/01\/Katzen-Kranken-Versicherung.jpg\" class=\"attachment-medium size-medium\" alt=\"Banner Katzen-Kranken-Versicherung\" \/>    <\/a>\n<\/div>\n\n","protected":false},"excerpt":{"rendered":"<p>Vierbeiniger Nachwuchs in der eigenen Wohnung ist eine aufregende Sache \u2013 und das f\u00fcr beide Seiten. Welcher Schlafplatz ist der Richtige f\u00fcr das K\u00e4tzchen? Ist die Wohnung \u00fcberhaupt katzensicher? Beim Einzug einer kleinen Katze gilt es daher verschiedene Dinge zu beachten. Die Entscheidung ist getroffen: Eine Katze zieht ein! Eine aufregende Zeit steht bevor. Gerade [&hellip;]<\/p>\n","protected":false},"author":1,"featured_media":14873,"parent":11712,"menu_order":58,"comment_status":"open","ping_status":"open","template":"templates\/blog.php","meta":{"_acf_changed":false,"_crdt_document":"","footnotes":"","beyondwords_generate_audio":"0","beyondwords_project_id":"","beyondwords_content_id":"","beyondwords_preview_token":"","beyondwords_player_style":"","beyondwords_language_id":"","beyondwords_title_voice_id":"","beyondwords_body_voice_id":"","beyondwords_summary_voice_id":"","beyondwords_error_message":"","beyondwords_disabled":"","beyondwords_delete_content":"","beyondwords_podcast_id":"","beyondwords_hash":"","publish_post_to_speechkit":"","speechkit_hash":"","speechkit_generate_audio":"","speechkit_project_id":"","speechkit_podcast_id":"","speechkit_error_message":"","speechkit_disabled":"","speechkit_access_key":"","speechkit_error":"","speechkit_info":"","speechkit_response":"","speechkit_retries":"","speechkit_status":"","speechkit_updated_at":"","_speechkit_link":"","_speechkit_text":""},"class_list":["post-10214","page","type-page","status-publish","has-post-thumbnail","hentry"],"acf":[],"yoast_head":"<!-- This site is optimized with the Yoast SEO Premium plugin  - https:\/\/yoast.com\/product\/yoast-seo-premium-wordpress\/ -->\n<title>Eine Katze zieht ein \u2013 Tipps zur Eingew\u00f6hnung | Uelzener<\/title>\n<meta name=\"description\" content=\"Erfahre, worauf Du beim Einzug Deiner neuen Katze achten solltest \u2713 Vorbereitung \u2713 Eingew\u00f6hnung \u2713 F\u00fctterung \u25b6 Mehr lesen!\" \/>\n<meta name=\"robots\" content=\"index, follow, max-snippet:-1, max-image-preview:large, max-video-preview:-1\" \/>\n<link rel=\"canonical\" href=\"https:\/\/uelzener.de\/magazin\/katze\/tiergesundheit\/eine-katze-zieht-ein\/\" \/>\n<meta property=\"og:locale\" content=\"de_DE\" \/>\n<meta property=\"og:type\" content=\"article\" \/>\n<meta property=\"og:title\" content=\"Eine Katze zieht ein: Checkliste, F\u00fctterung, Versicherungen\" \/>\n<meta property=\"og:description\" content=\"Erfahre, worauf Du beim Einzug Deiner neuen Katze achten solltest \u2713 Vorbereitung \u2713 Eingew\u00f6hnung \u2713 F\u00fctterung \u25b6 Mehr lesen!\" \/>\n<meta property=\"og:url\" content=\"https:\/\/uelzener.de\/magazin\/katze\/tiergesundheit\/eine-katze-zieht-ein\/\" \/>\n<meta property=\"og:site_name\" content=\"Uelzener Tier-Magazin\" \/>\n<meta property=\"article:publisher\" content=\"https:\/\/www.facebook.com\/Uelzener\" \/>\n<meta property=\"article:modified_time\" content=\"2026-01-06T17:11:00+00:00\" \/>\n<meta property=\"og:image\" content=\"https:\/\/uelzener.de\/magazin\/app\/uploads\/2023\/01\/kaetzchen-neugierig.jpg\" \/>\n\t<meta property=\"og:image:width\" content=\"1025\" \/>\n\t<meta property=\"og:image:height\" content=\"450\" \/>\n\t<meta property=\"og:image:type\" content=\"image\/jpeg\" \/>\n<meta name=\"twitter:card\" content=\"summary_large_image\" \/>\n<meta name=\"twitter:label1\" content=\"Gesch\u00e4tzte Lesezeit\" \/>\n\t<meta name=\"twitter:data1\" content=\"6\u00a0Minuten\" \/>\n<script type=\"application\/ld+json\" class=\"yoast-schema-graph\">{\"@context\":\"https:\/\/schema.org\",\"@graph\":[{\"@type\":\"WebPage\",\"@id\":\"https:\/\/uelzener.de\/magazin\/katze\/tiergesundheit\/eine-katze-zieht-ein\/\",\"url\":\"https:\/\/uelzener.de\/magazin\/katze\/tiergesundheit\/eine-katze-zieht-ein\/\",\"name\":\"Eine Katze zieht ein \u2013 Tipps zur Eingew\u00f6hnung | Uelzener\",\"isPartOf\":{\"@id\":\"https:\/\/uelzener.de\/magazin\/#website\"},\"primaryImageOfPage\":{\"@id\":\"https:\/\/uelzener.de\/magazin\/katze\/tiergesundheit\/eine-katze-zieht-ein\/#primaryimage\"},\"image\":{\"@id\":\"https:\/\/uelzener.de\/magazin\/katze\/tiergesundheit\/eine-katze-zieht-ein\/#primaryimage\"},\"thumbnailUrl\":\"https:\/\/uelzener.de\/magazin\/app\/uploads\/2023\/01\/kaetzchen-neugierig.jpg\",\"datePublished\":\"2020-05-29T00:00:00+00:00\",\"dateModified\":\"2026-01-06T17:11:00+00:00\",\"description\":\"Erfahre, worauf Du beim Einzug Deiner neuen Katze achten solltest \u2713 Vorbereitung \u2713 Eingew\u00f6hnung \u2713 F\u00fctterung \u25b6 Mehr lesen!\",\"breadcrumb\":{\"@id\":\"https:\/\/uelzener.de\/magazin\/katze\/tiergesundheit\/eine-katze-zieht-ein\/#breadcrumb\"},\"inLanguage\":\"de\",\"potentialAction\":[{\"@type\":\"ReadAction\",\"target\":[\"https:\/\/uelzener.de\/magazin\/katze\/tiergesundheit\/eine-katze-zieht-ein\/\"]}]},{\"@type\":\"ImageObject\",\"inLanguage\":\"de\",\"@id\":\"https:\/\/uelzener.de\/magazin\/katze\/tiergesundheit\/eine-katze-zieht-ein\/#primaryimage\",\"url\":\"https:\/\/uelzener.de\/magazin\/app\/uploads\/2023\/01\/kaetzchen-neugierig.jpg\",\"contentUrl\":\"https:\/\/uelzener.de\/magazin\/app\/uploads\/2023\/01\/kaetzchen-neugierig.jpg\",\"width\":1025,\"height\":450,\"caption\":\"Ein K\u00e4tzchen zieht neu ein. Worauf solltest du achten?\"},{\"@type\":\"WebSite\",\"@id\":\"https:\/\/uelzener.de\/magazin\/#website\",\"url\":\"https:\/\/uelzener.de\/magazin\/\",\"name\":\"Uelzener Tiermagazin\",\"description\":\"Online Tierratgeber der Uelzener Versicherungen\",\"publisher\":{\"@id\":\"https:\/\/uelzener.de\/magazin\/#organization\"},\"potentialAction\":[{\"@type\":\"SearchAction\",\"target\":{\"@type\":\"EntryPoint\",\"urlTemplate\":\"https:\/\/uelzener.de\/magazin\/?s={search_term_string}\"},\"query-input\":{\"@type\":\"PropertyValueSpecification\",\"valueRequired\":true,\"valueName\":\"search_term_string\"}}],\"inLanguage\":\"de\"},{\"@type\":\"Organization\",\"@id\":\"https:\/\/uelzener.de\/magazin\/#organization\",\"name\":\"Uelzener Versicherungen\",\"url\":\"https:\/\/uelzener.de\/magazin\/\",\"logo\":{\"@type\":\"ImageObject\",\"inLanguage\":\"de\",\"@id\":\"https:\/\/uelzener.de\/magazin\/#\/schema\/logo\/image\/\",\"url\":\"https:\/\/uelzener.de\/magazin\/app\/uploads\/2024\/11\/uelzener_allgemeine_versicherungsgesellschaft_a_g_logo.jpg\",\"contentUrl\":\"https:\/\/uelzener.de\/magazin\/app\/uploads\/2024\/11\/uelzener_allgemeine_versicherungsgesellschaft_a_g_logo.jpg\",\"width\":200,\"height\":200,\"caption\":\"Uelzener Versicherungen\"},\"image\":{\"@id\":\"https:\/\/uelzener.de\/magazin\/#\/schema\/logo\/image\/\"},\"sameAs\":[\"https:\/\/www.facebook.com\/Uelzener\",\"https:\/\/instagram.com\/uelzener\",\"https:\/\/www.xing.com\/pages\/uelzenerallgemeineversicherungs-gesellschafta-g\",\"https:\/\/www.youtube.com\/UelzenerVersicherungen\"]}]}<\/script>\n<!-- \/ Yoast SEO Premium plugin. -->","yoast_head_json":{"title":"Eine Katze zieht ein \u2013 Tipps zur Eingew\u00f6hnung | Uelzener","description":"Erfahre, worauf Du beim Einzug Deiner neuen Katze achten solltest \u2713 Vorbereitung \u2713 Eingew\u00f6hnung \u2713 F\u00fctterung \u25b6 Mehr lesen!","robots":{"index":"index","follow":"follow","max-snippet":"max-snippet:-1","max-image-preview":"max-image-preview:large","max-video-preview":"max-video-preview:-1"},"canonical":"https:\/\/uelzener.de\/magazin\/katze\/tiergesundheit\/eine-katze-zieht-ein\/","og_locale":"de_DE","og_type":"article","og_title":"Eine Katze zieht ein: Checkliste, F\u00fctterung, Versicherungen","og_description":"Erfahre, worauf Du beim Einzug Deiner neuen Katze achten solltest \u2713 Vorbereitung \u2713 Eingew\u00f6hnung \u2713 F\u00fctterung \u25b6 Mehr lesen!","og_url":"https:\/\/uelzener.de\/magazin\/katze\/tiergesundheit\/eine-katze-zieht-ein\/","og_site_name":"Uelzener Tier-Magazin","article_publisher":"https:\/\/www.facebook.com\/Uelzener","article_modified_time":"2026-01-06T17:11:00+00:00","og_image":[{"width":1025,"height":450,"url":"https:\/\/uelzener.de\/magazin\/app\/uploads\/2023\/01\/kaetzchen-neugierig.jpg","type":"image\/jpeg"}],"twitter_card":"summary_large_image","twitter_misc":{"Gesch\u00e4tzte Lesezeit":"6\u00a0Minuten"},"schema":{"@context":"https:\/\/schema.org","@graph":[{"@type":"WebPage","@id":"https:\/\/uelzener.de\/magazin\/katze\/tiergesundheit\/eine-katze-zieht-ein\/","url":"https:\/\/uelzener.de\/magazin\/katze\/tiergesundheit\/eine-katze-zieht-ein\/","name":"Eine Katze zieht ein \u2013 Tipps zur Eingew\u00f6hnung | Uelzener","isPartOf":{"@id":"https:\/\/uelzener.de\/magazin\/#website"},"primaryImageOfPage":{"@id":"https:\/\/uelzener.de\/magazin\/katze\/tiergesundheit\/eine-katze-zieht-ein\/#primaryimage"},"image":{"@id":"https:\/\/uelzener.de\/magazin\/katze\/tiergesundheit\/eine-katze-zieht-ein\/#primaryimage"},"thumbnailUrl":"https:\/\/uelzener.de\/magazin\/app\/uploads\/2023\/01\/kaetzchen-neugierig.jpg","datePublished":"2020-05-29T00:00:00+00:00","dateModified":"2026-01-06T17:11:00+00:00","description":"Erfahre, worauf Du beim Einzug Deiner neuen Katze achten solltest \u2713 Vorbereitung \u2713 Eingew\u00f6hnung \u2713 F\u00fctterung \u25b6 Mehr lesen!","breadcrumb":{"@id":"https:\/\/uelzener.de\/magazin\/katze\/tiergesundheit\/eine-katze-zieht-ein\/#breadcrumb"},"inLanguage":"de","potentialAction":[{"@type":"ReadAction","target":["https:\/\/uelzener.de\/magazin\/katze\/tiergesundheit\/eine-katze-zieht-ein\/"]}]},{"@type":"ImageObject","inLanguage":"de","@id":"https:\/\/uelzener.de\/magazin\/katze\/tiergesundheit\/eine-katze-zieht-ein\/#primaryimage","url":"https:\/\/uelzener.de\/magazin\/app\/uploads\/2023\/01\/kaetzchen-neugierig.jpg","contentUrl":"https:\/\/uelzener.de\/magazin\/app\/uploads\/2023\/01\/kaetzchen-neugierig.jpg","width":1025,"height":450,"caption":"Ein K\u00e4tzchen zieht neu ein. Worauf solltest du achten?"},{"@type":"WebSite","@id":"https:\/\/uelzener.de\/magazin\/#website","url":"https:\/\/uelzener.de\/magazin\/","name":"Uelzener Tiermagazin","description":"Online Tierratgeber der Uelzener Versicherungen","publisher":{"@id":"https:\/\/uelzener.de\/magazin\/#organization"},"potentialAction":[{"@type":"SearchAction","target":{"@type":"EntryPoint","urlTemplate":"https:\/\/uelzener.de\/magazin\/?s={search_term_string}"},"query-input":{"@type":"PropertyValueSpecification","valueRequired":true,"valueName":"search_term_string"}}],"inLanguage":"de"},{"@type":"Organization","@id":"https:\/\/uelzener.de\/magazin\/#organization","name":"Uelzener Versicherungen","url":"https:\/\/uelzener.de\/magazin\/","logo":{"@type":"ImageObject","inLanguage":"de","@id":"https:\/\/uelzener.de\/magazin\/#\/schema\/logo\/image\/","url":"https:\/\/uelzener.de\/magazin\/app\/uploads\/2024\/11\/uelzener_allgemeine_versicherungsgesellschaft_a_g_logo.jpg","contentUrl":"https:\/\/uelzener.de\/magazin\/app\/uploads\/2024\/11\/uelzener_allgemeine_versicherungsgesellschaft_a_g_logo.jpg","width":200,"height":200,"caption":"Uelzener Versicherungen"},"image":{"@id":"https:\/\/uelzener.de\/magazin\/#\/schema\/logo\/image\/"},"sameAs":["https:\/\/www.facebook.com\/Uelzener","https:\/\/instagram.com\/uelzener","https:\/\/www.xing.com\/pages\/uelzenerallgemeineversicherungs-gesellschafta-g","https:\/\/www.youtube.com\/UelzenerVersicherungen"]}]}},"_links":{"self":[{"href":"https:\/\/uelzener.de\/magazin\/wp-json\/wp\/v2\/pages\/10214","targetHints":{"allow":["GET"]}}],"collection":[{"href":"https:\/\/uelzener.de\/magazin\/wp-json\/wp\/v2\/pages"}],"about":[{"href":"https:\/\/uelzener.de\/magazin\/wp-json\/wp\/v2\/types\/page"}],"author":[{"embeddable":true,"href":"https:\/\/uelzener.de\/magazin\/wp-json\/wp\/v2\/users\/1"}],"replies":[{"embeddable":true,"href":"https:\/\/uelzener.de\/magazin\/wp-json\/wp\/v2\/comments?post=10214"}],"version-history":[{"count":15,"href":"https:\/\/uelzener.de\/magazin\/wp-json\/wp\/v2\/pages\/10214\/revisions"}],"predecessor-version":[{"id":19690,"href":"https:\/\/uelzener.de\/magazin\/wp-json\/wp\/v2\/pages\/10214\/revisions\/19690"}],"up":[{"embeddable":true,"href":"https:\/\/uelzener.de\/magazin\/wp-json\/wp\/v2\/pages\/11712"}],"wp:featuredmedia":[{"embeddable":true,"href":"https:\/\/uelzener.de\/magazin\/wp-json\/wp\/v2\/media\/14873"}],"wp:attachment":[{"href":"https:\/\/uelzener.de\/magazin\/wp-json\/wp\/v2\/media?parent=10214"}],"curies":[{"name":"wp","href":"https:\/\/api.w.org\/{rel}","templated":true}]}}