{"id":10213,"date":"2019-11-04T00:00:00","date_gmt":"2019-11-03T23:00:00","guid":{"rendered":""},"modified":"2023-11-03T14:08:59","modified_gmt":"2023-11-03T13:08:59","slug":"katze-stubenrein-bekommen","status":"publish","type":"page","link":"https:\/\/uelzener.de\/magazin\/katze\/erziehung-und-training\/katze-stubenrein-bekommen\/","title":{"rendered":"Katzen stubenrein bekommen"},"content":{"rendered":"<p><strong>Katzen sind sehr reinliche Tiere und in den meisten F\u00e4llen bereits so gut wie stubenrein, wenn sie in ihr neues Zuhause ziehen. Falls es bei Ihrer Katze etwas l\u00e4nger dauert, besteht kein Grund zur Sorge! Wir kl\u00e4ren die wichtigsten Fragen rund um das Thema Katzen stubenrein bekommen.<\/strong><\/p>\n<h2>Katze an die Toilette gew\u00f6hnen<\/h2>\n<p>\u201eWie kann ich meine Katze an die Toilette gew\u00f6hnen?\u201c \u2013 Diese Frage stellen sich viele, die sich entweder eine neue Katze zulegen oder deren Lebensumst\u00e4nde sich ge\u00e4ndert haben. Sei unbesorgt, denn <strong>eine Katze stubenrein zu bekommen, ist gar nicht so schwer<\/strong>. Wir erkl\u00e4ren dir, was du bei der Auswahl, Anzahl, Platzierung und Pflege des Katzenklos ber\u00fccksichtigen musst, damit du dein K\u00e4tzchen schnell stubenrein bekommst:<\/p>\n<h2>Gute Voraussetzungen f\u00fcr die Stubenreinheit<\/h2>\n<p>Gr\u00f6\u00dftenteils ziehen junge K\u00e4tzchen bereits mit guten Voraussetzungen in ihr neues Zuhause. Sie stammen aus einer liebevollen Aufzucht und <strong>sind bereits an die Katzentoilette gew\u00f6hnt<\/strong>. Die jungen Kitten schauen sich dieses Verhalten n\u00e4mlich bei ihrer Mutter ab und lernen schnell, ihre Hinterlassenschaften im Katzenklo zu platzieren. Somit geht nur noch selten etwas daneben, wenn das kleine Fellkn\u00e4uel bei dir einzieht.<\/p>\n<p>Es kann aber auch sein, dass du eine Katze aus dem Tierschutz oder von einem Bauernhof bei dir aufnimmst, die unter Umst\u00e4nden noch nicht gelernt hat, eine Katzentoilette zu nutzen. Oder du bist umgezogen und es ist nicht mehr m\u00f6glich, deine Katze als Freig\u00e4nger zu halten. In diesen F\u00e4llen musst du in Ruhe deine Katze an die Toilette gew\u00f6hnen. In allen F\u00e4llen solltest du <strong>mit deiner Katze viel Geduld haben<\/strong>, denn h\u00e4ufig muss sie sich auch erst an die neue Lebenssituation gew\u00f6hnen.<\/p>\n<p>In welchen Monaten die K\u00e4tzchen auf die Welt gekommen sind, sagt \u00fcbrigens nichts \u00fcber die m\u00f6gliche Stubenreinheit aus. Erfahre hier mehr \u00fcber den Mythos um <a href=\"https:\/\/uelzener.de\/magazin\/katze\/haeufige-fragen\/herbstkatzen\/\">Herbstkatzen<\/a>.<\/p>\n<h2>Platzierung der Katzentoilette<\/h2>\n<p>F\u00fcr den Anfang empfiehlt es sich, den neuen Mitbewohner in nur einem Raum zu halten, damit sich das K\u00e4tzchen in Ruhe einfinden kann. Dort sollte dann auch die Katzentoilette stehen. Denn steht das Katzenklo zu weit entfernt, kann es sein, dass das junge K\u00e4tzchen es aufgrund von Orientierungsproblemen schlichtweg nicht findet. Am besten w\u00e4hlst du einen <strong>ruhigen Standort<\/strong> aus, an dem deine Katze ungest\u00f6rt ihr Gesch\u00e4ft verrichten kann. Fernseher, Musikanlagen oder die Waschmaschine sollten sich nicht in der N\u00e4he der Katzentoilette befinden, denn Ablenkung kann es erschweren, das K\u00e4tzchen stubenrein zu bekommen.<\/p>\n<p>Auch sollte die Toilette <strong>ausreichend Abstand zum Futterplatz<\/strong> der Katze haben. Andernfalls w\u00fcrden die reinlichen Tiere sich f\u00fcr ihr Gesch\u00e4ft eine andere Ecke suchen.<\/p>\n<h2>Empfohlene Anzahl der Katzentoiletten<\/h2>\n<p>Wie viele Katzentoiletten in der Wohnung sein sollten, richtet sich nach der Zahl der dort lebenden Katzen. Die Faustregel besagt, dass es <strong>immer ein Katzenklo mehr als Katzen<\/strong> geben sollte. Sprich f\u00fcr eine Katze ben\u00f6tigst du zwei Toiletten, f\u00fcr zwei Katzen drei Toiletten und so weiter. Wenn deine Katzen als Freig\u00e4nger leben, ist es auch mit einer Katzentoilette weniger m\u00f6glich.<\/p>\n<h2>Sauberkeit des Katzenklos sehr wichtig<\/h2>\n<p>Katzen gehen in der Regel nicht auf ein bereits beschmutztes Katzenklo. Daher sollten Sie dieses mehrmals t\u00e4glich s\u00e4ubern. Es empfiehlt sich au\u00dferdem, einmal pro Woche eine sorgf\u00e4ltige Reinigung vorzunehmen. Durch regelm\u00e4\u00dfige Reinigung und Tausch der Katzenstreu kannst du zudem verhindern, dass ein unangenehmer Geruch entsteht.<\/p>\n<h2>Arten von Katzentoiletten<\/h2>\n<p>Es gibt verschiedene Varianten der Katzentoiletten, zum Beispiel:<\/p>\n<ul>\n<li>mit oder ohne Deckel<\/li>\n<li>mit Schwingt\u00fcr<\/li>\n<li>mit hohem Rand<\/li>\n<li>dekorativ als M\u00f6belst\u00fcck<\/li>\n<\/ul>\n<p>Es gibt nahezu nichts, was es nicht gibt. Welche deine Katze bevorzugt, h\u00e4ngt ma\u00dfgeblich davon ab, welche sie bereits bei der Aufzucht kennengelernt hat. Gerade um junge Kitten stubenrein zu bekommen sind <strong>Toiletten zu empfehlen, die leicht zug\u00e4nglich sind<\/strong>. So wird beispielsweise ein zu hoher Rand zum Hindernis. \u00dcberdies kann es helfen, am Anfang auf Toiletten mit Deckel zu verzichten, da vielen K\u00e4tzchen die Abgeschlossenheit zun\u00e4chst bedrohlich erscheint.<\/p>\n<h2>Geruchs- und staubarme Katzenstreu verwenden<\/h2>\n<p>Auch bei der Wahl der Katzenstreu gibt es einiges zu beachten. Idealerweise sollte die Streu <strong>saugf\u00e4hig, staubarm und geruchsneutral<\/strong> sein. Denn parf\u00fcmierte Katzenstreu riecht zwar f\u00fcr uns Menschen gut, Ihre Katze kann aber von dem Geruch abgeschreckt werden. Im schlimmsten Fall meidet sie dann die Toilette und verrichtet ihr Gesch\u00e4ft lieber au\u00dferhalb des Katzenklos. Gerade um junge Kitten stubenrein zu bekommen, solltest du anfangs <strong>keine Klumpstreu verwenden, sondern lieber auf Holz- oder Pflanzenfasern setzen<\/strong>. Denn wenn die neugierige Kitte Klumpstreu frisst, kann sie im Magen der <a href=\"https:\/\/uelzener.de\/magazin\/katze\/haltung\/vom-katzenbaby-zur-jungkatze-entwicklung-kitten\/\">Babykatze<\/a> gef\u00e4hrlich werden.<\/p>\n<p>Wenn du die Katzenstreu sp\u00e4ter wechseln willst, gehst du am besten schrittweise vor, damit sich deine <strong>Katze langsam an die neue Streu gew\u00f6hnen<\/strong> kann. Misch dazu nach und nach etwas mehr von der neuen in die alte Streu, bis du irgendwann ausschlie\u00dflich die neue Sorte verwendest. Insofern du zu Hause mehrere Katzentoiletten hast, kannst du auch <strong>testen, welche Streu-Sorte dein K\u00e4tzchen bevorzugt<\/strong>. Verwende daf\u00fcr einfach unterschiedliche Katzenstreu in den beiden Katzenklos und beobachte, welche Sorte deine Samtpfote mehr mag.<\/p>\n<h2>K\u00e4tzchen stubenrein bekommen mit \u201eToilettentraining\u201c<\/h2>\n<p>Neben den Vorkehrungen in puncto \u201eWohlf\u00fchl-WC\u201c k\u00f6nnen Katzenbesitzer auch durch gezieltes Toilettentraining beim Sauberwerden helfen. Setzt man die kleine Katze <strong>nach jedem Fressen auf die Toilette<\/strong>, ist die Chance gro\u00df, dass dort irgendwann tats\u00e4chlich ein Gesch\u00e4ft verrichtet wird. In diesem Fall hei\u00dft es: Loben, loben, loben! Noch besser klappt diese Technik, wenn der <strong>Bauch der Katze nach der Nahrungsaufnahme mit einem feuchten Lappen massiert<\/strong> wird. Damit ahmt man die Reinigung durch die Katzenmutter nach und regt die <a href=\"https:\/\/uelzener.de\/magazin\/katze\/tiergesundheit\/katze-durchfall-verdauung\/\">Verdauung<\/a> an.<\/p>\n<p>Wenn die Katze ihr Gesch\u00e4ft an einer anderen Stelle der Wohnung hinterl\u00e4sst, sollte sie nicht bestraft, sondern stattdessen <strong>sofort ins Katzenklo gesetzt<\/strong> werden. Nur so kann sie lernen, welches Verhalten von ihr erwartet wird. Sinnvoll ist es au\u00dferdem, die Toilette nach der erfolgreichen Benutzung <strong>nicht sofort zu reinigen<\/strong>, da Katzen durch den Geruch an den richtigen Ort gebunden werden.<\/p>\n<p><a href=\"https:\/\/uelzener.de\/magazin\/katze\/erziehung-und-training\/katze-erziehen\/\">Hier weitere Information, was du alles \u00fcber die Katzenerziehung wissen musst.<\/a><\/p>\n<h2>Katze pl\u00f6tzlich nicht mehr stubenrein?<\/h2>\n<p>Ist deine Katze pl\u00f6tzlich nicht mehr stubenrein, obwohl das mit der Sauberkeit zuvor zuverl\u00e4ssig geklappt hat? Dies kann verschiedene Ursachen haben. Zun\u00e4chst solltest du pr\u00fcfen, ob die Katzentoilette auch allen Anspr\u00fcchen deiner Katze gen\u00fcgt. Das hei\u00dft, dass die Toilette:<\/p>\n<ul>\n<li>regelm\u00e4\u00dfig gereinigt wird<\/li>\n<li>schnell und einfach erreicht werden kann<\/li>\n<li>die Einstreu-Marke gut vertragen wird<\/li>\n<li>an einem ruhigen und ungest\u00f6rten Platz steht.<\/li>\n<\/ul>\n<p>Sollte es nicht an der Katzentoilette liegen, kann auch eine <strong>Krankheit die Ursache f\u00fcr die pl\u00f6tzliche Unsauberkeit<\/strong> sein. Hier solltest du am besten einen Tierarzt aufsuchen, deine Katze untersuchen und dich beraten lassen. Mit unserer <strong>Katzen-OP- und Krankenversicherung<\/strong> bist du in diesem Fall vor unangenehmen Kosten f\u00fcr den Tierarztbesuch gesch\u00fctzt.<\/p>\n\n<div class=\"banner\">\n    <a href=\"https:\/\/uelzener.de\/katze?agt=0000104925&sem=true&utm_medium=magazin&utm_source=wordpress&utm_campaign=katze&utm_content=banner\">\n        <img decoding=\"async\" width=\"300\" height=\"212\" src=\"https:\/\/uelzener.de\/magazin\/app\/uploads\/2025\/01\/Katzenversicherung.jpg\" class=\"attachment-medium size-medium\" alt=\"Banner Katzenversicherung\" \/>    <\/a>\n<\/div>\n\n<p>Wenn deine Katze gesund ist und das Katzenklo alle Anordnungen erf\u00fcllt, k\u00f6nnen auch <strong>St\u00f6rungen im Katzenalltag<\/strong> ein Grund sein, auf die der Stubentiger mit Unsauberkeit reagiert, wie ein ver\u00e4nderter Tagesablauf, Handwerkerl\u00e4rm oder zu viel Besuch. Oder aber die Katze leidet unter Eifersucht, weil ein Kind oder ein neuer Partner ins Haus gekommen ist.<\/p>\n<p>Viele Kater, aber auch einige Katzen, die geschlechtsreif werden, beginnen, ihr <strong>Revier durch Urin zu markieren<\/strong>. Diesem angeborenen Verhalten kann meist nur durch <strong>Kastration<\/strong> Einhalt geboten werden.<\/p>\n","protected":false},"excerpt":{"rendered":"<p>Katzen sind sehr reinliche Tiere und in den meisten F\u00e4llen bereits so gut wie stubenrein, wenn sie in ihr neues Zuhause ziehen. Falls es bei Ihrer Katze etwas l\u00e4nger dauert, besteht kein Grund zur Sorge! Wir kl\u00e4ren die wichtigsten Fragen rund um das Thema Katzen stubenrein bekommen. Katze an die Toilette gew\u00f6hnen \u201eWie kann ich [&hellip;]<\/p>\n","protected":false},"author":1,"featured_media":10802,"parent":11695,"menu_order":10,"comment_status":"closed","ping_status":"closed","template":"templates\/blog.php","meta":{"_acf_changed":false,"_crdt_document":"","footnotes":"","beyondwords_generate_audio":"0","beyondwords_project_id":"","beyondwords_content_id":"","beyondwords_preview_token":"","beyondwords_player_style":"","beyondwords_language_id":"","beyondwords_title_voice_id":"","beyondwords_body_voice_id":"","beyondwords_summary_voice_id":"","beyondwords_error_message":"","beyondwords_disabled":"","beyondwords_delete_content":"","beyondwords_podcast_id":"","beyondwords_hash":"","publish_post_to_speechkit":"","speechkit_hash":"","speechkit_generate_audio":"","speechkit_project_id":"","speechkit_podcast_id":"","speechkit_error_message":"","speechkit_disabled":"","speechkit_access_key":"","speechkit_error":"","speechkit_info":"","speechkit_response":"","speechkit_retries":"","speechkit_status":"","speechkit_updated_at":"","_speechkit_link":"","_speechkit_text":""},"class_list":["post-10213","page","type-page","status-publish","has-post-thumbnail","hentry"],"acf":[],"yoast_head":"<!-- This site is optimized with the Yoast SEO Premium plugin  - https:\/\/yoast.com\/product\/yoast-seo-premium-wordpress\/ -->\n<title>Katzen stubenrein bekommen - so funktioniert es | Uelzener<\/title>\n<meta name=\"description\" content=\"So bekommst Du Deine Katze stubenrein \u2713 Anforderungen an die Katzentoilette \u2713 k\u00f6rperliche Voraussetzungen \u25b6 Hier informieren!\" \/>\n<meta name=\"robots\" content=\"index, follow, max-snippet:-1, max-image-preview:large, max-video-preview:-1\" \/>\n<link rel=\"canonical\" href=\"https:\/\/uelzener.de\/magazin\/katze\/erziehung-und-training\/katze-stubenrein-bekommen\/\" \/>\n<meta property=\"og:locale\" content=\"de_DE\" \/>\n<meta property=\"og:type\" content=\"article\" \/>\n<meta property=\"og:title\" content=\"Katzen stubenrein bekommen\" \/>\n<meta property=\"og:description\" content=\"So bekommst Du Deine Katze stubenrein \u2713 Anforderungen an die Katzentoilette \u2713 k\u00f6rperliche Voraussetzungen \u25b6 Hier informieren!\" \/>\n<meta property=\"og:url\" content=\"https:\/\/uelzener.de\/magazin\/katze\/erziehung-und-training\/katze-stubenrein-bekommen\/\" \/>\n<meta property=\"og:site_name\" content=\"Uelzener Tier-Magazin\" \/>\n<meta property=\"article:publisher\" content=\"https:\/\/www.facebook.com\/Uelzener\" \/>\n<meta property=\"article:modified_time\" content=\"2023-11-03T13:08:59+00:00\" \/>\n<meta property=\"og:image\" content=\"https:\/\/uelzener.de\/magazin\/app\/uploads\/2019\/11\/123584f5-b719-40f4-ad77-b570b6f68c5a.jpg\" \/>\n\t<meta property=\"og:image:width\" content=\"952\" \/>\n\t<meta property=\"og:image:height\" content=\"496\" \/>\n\t<meta property=\"og:image:type\" content=\"image\/jpeg\" \/>\n<meta name=\"twitter:card\" content=\"summary_large_image\" \/>\n<meta name=\"twitter:label1\" content=\"Gesch\u00e4tzte Lesezeit\" \/>\n\t<meta name=\"twitter:data1\" content=\"5\u00a0Minuten\" \/>\n<script type=\"application\/ld+json\" class=\"yoast-schema-graph\">{\"@context\":\"https:\/\/schema.org\",\"@graph\":[{\"@type\":\"WebPage\",\"@id\":\"https:\/\/uelzener.de\/magazin\/katze\/erziehung-und-training\/katze-stubenrein-bekommen\/\",\"url\":\"https:\/\/uelzener.de\/magazin\/katze\/erziehung-und-training\/katze-stubenrein-bekommen\/\",\"name\":\"Katzen stubenrein bekommen - so funktioniert es | Uelzener\",\"isPartOf\":{\"@id\":\"https:\/\/uelzener.de\/magazin\/#website\"},\"primaryImageOfPage\":{\"@id\":\"https:\/\/uelzener.de\/magazin\/katze\/erziehung-und-training\/katze-stubenrein-bekommen\/#primaryimage\"},\"image\":{\"@id\":\"https:\/\/uelzener.de\/magazin\/katze\/erziehung-und-training\/katze-stubenrein-bekommen\/#primaryimage\"},\"thumbnailUrl\":\"https:\/\/uelzener.de\/magazin\/app\/uploads\/2019\/11\/123584f5-b719-40f4-ad77-b570b6f68c5a.jpg\",\"datePublished\":\"2019-11-03T23:00:00+00:00\",\"dateModified\":\"2023-11-03T13:08:59+00:00\",\"description\":\"So bekommst Du Deine Katze stubenrein \u2713 Anforderungen an die Katzentoilette \u2713 k\u00f6rperliche Voraussetzungen \u25b6 Hier informieren!\",\"breadcrumb\":{\"@id\":\"https:\/\/uelzener.de\/magazin\/katze\/erziehung-und-training\/katze-stubenrein-bekommen\/#breadcrumb\"},\"inLanguage\":\"de\",\"potentialAction\":[{\"@type\":\"ReadAction\",\"target\":[\"https:\/\/uelzener.de\/magazin\/katze\/erziehung-und-training\/katze-stubenrein-bekommen\/\"]}]},{\"@type\":\"ImageObject\",\"inLanguage\":\"de\",\"@id\":\"https:\/\/uelzener.de\/magazin\/katze\/erziehung-und-training\/katze-stubenrein-bekommen\/#primaryimage\",\"url\":\"https:\/\/uelzener.de\/magazin\/app\/uploads\/2019\/11\/123584f5-b719-40f4-ad77-b570b6f68c5a.jpg\",\"contentUrl\":\"https:\/\/uelzener.de\/magazin\/app\/uploads\/2019\/11\/123584f5-b719-40f4-ad77-b570b6f68c5a.jpg\",\"width\":952,\"height\":496,\"caption\":\"Eine Katze schaut aus dem Katzenklo, mit den richtigen Tricks ist es nicht schwer, sie stubenrein zu bekommen.\"},{\"@type\":\"WebSite\",\"@id\":\"https:\/\/uelzener.de\/magazin\/#website\",\"url\":\"https:\/\/uelzener.de\/magazin\/\",\"name\":\"Uelzener Tiermagazin\",\"description\":\"Online Tierratgeber der Uelzener Versicherungen\",\"publisher\":{\"@id\":\"https:\/\/uelzener.de\/magazin\/#organization\"},\"potentialAction\":[{\"@type\":\"SearchAction\",\"target\":{\"@type\":\"EntryPoint\",\"urlTemplate\":\"https:\/\/uelzener.de\/magazin\/?s={search_term_string}\"},\"query-input\":{\"@type\":\"PropertyValueSpecification\",\"valueRequired\":true,\"valueName\":\"search_term_string\"}}],\"inLanguage\":\"de\"},{\"@type\":\"Organization\",\"@id\":\"https:\/\/uelzener.de\/magazin\/#organization\",\"name\":\"Uelzener Versicherungen\",\"url\":\"https:\/\/uelzener.de\/magazin\/\",\"logo\":{\"@type\":\"ImageObject\",\"inLanguage\":\"de\",\"@id\":\"https:\/\/uelzener.de\/magazin\/#\/schema\/logo\/image\/\",\"url\":\"https:\/\/uelzener.de\/magazin\/app\/uploads\/2024\/11\/uelzener_allgemeine_versicherungsgesellschaft_a_g_logo.jpg\",\"contentUrl\":\"https:\/\/uelzener.de\/magazin\/app\/uploads\/2024\/11\/uelzener_allgemeine_versicherungsgesellschaft_a_g_logo.jpg\",\"width\":200,\"height\":200,\"caption\":\"Uelzener Versicherungen\"},\"image\":{\"@id\":\"https:\/\/uelzener.de\/magazin\/#\/schema\/logo\/image\/\"},\"sameAs\":[\"https:\/\/www.facebook.com\/Uelzener\",\"https:\/\/instagram.com\/uelzener\",\"https:\/\/www.xing.com\/pages\/uelzenerallgemeineversicherungs-gesellschafta-g\",\"https:\/\/www.youtube.com\/UelzenerVersicherungen\"]}]}<\/script>\n<!-- \/ Yoast SEO Premium plugin. -->","yoast_head_json":{"title":"Katzen stubenrein bekommen - so funktioniert es | Uelzener","description":"So bekommst Du Deine Katze stubenrein \u2713 Anforderungen an die Katzentoilette \u2713 k\u00f6rperliche Voraussetzungen \u25b6 Hier informieren!","robots":{"index":"index","follow":"follow","max-snippet":"max-snippet:-1","max-image-preview":"max-image-preview:large","max-video-preview":"max-video-preview:-1"},"canonical":"https:\/\/uelzener.de\/magazin\/katze\/erziehung-und-training\/katze-stubenrein-bekommen\/","og_locale":"de_DE","og_type":"article","og_title":"Katzen stubenrein bekommen","og_description":"So bekommst Du Deine Katze stubenrein \u2713 Anforderungen an die Katzentoilette \u2713 k\u00f6rperliche Voraussetzungen \u25b6 Hier informieren!","og_url":"https:\/\/uelzener.de\/magazin\/katze\/erziehung-und-training\/katze-stubenrein-bekommen\/","og_site_name":"Uelzener Tier-Magazin","article_publisher":"https:\/\/www.facebook.com\/Uelzener","article_modified_time":"2023-11-03T13:08:59+00:00","og_image":[{"width":952,"height":496,"url":"https:\/\/uelzener.de\/magazin\/app\/uploads\/2019\/11\/123584f5-b719-40f4-ad77-b570b6f68c5a.jpg","type":"image\/jpeg"}],"twitter_card":"summary_large_image","twitter_misc":{"Gesch\u00e4tzte Lesezeit":"5\u00a0Minuten"},"schema":{"@context":"https:\/\/schema.org","@graph":[{"@type":"WebPage","@id":"https:\/\/uelzener.de\/magazin\/katze\/erziehung-und-training\/katze-stubenrein-bekommen\/","url":"https:\/\/uelzener.de\/magazin\/katze\/erziehung-und-training\/katze-stubenrein-bekommen\/","name":"Katzen stubenrein bekommen - so funktioniert es | Uelzener","isPartOf":{"@id":"https:\/\/uelzener.de\/magazin\/#website"},"primaryImageOfPage":{"@id":"https:\/\/uelzener.de\/magazin\/katze\/erziehung-und-training\/katze-stubenrein-bekommen\/#primaryimage"},"image":{"@id":"https:\/\/uelzener.de\/magazin\/katze\/erziehung-und-training\/katze-stubenrein-bekommen\/#primaryimage"},"thumbnailUrl":"https:\/\/uelzener.de\/magazin\/app\/uploads\/2019\/11\/123584f5-b719-40f4-ad77-b570b6f68c5a.jpg","datePublished":"2019-11-03T23:00:00+00:00","dateModified":"2023-11-03T13:08:59+00:00","description":"So bekommst Du Deine Katze stubenrein \u2713 Anforderungen an die Katzentoilette \u2713 k\u00f6rperliche Voraussetzungen \u25b6 Hier informieren!","breadcrumb":{"@id":"https:\/\/uelzener.de\/magazin\/katze\/erziehung-und-training\/katze-stubenrein-bekommen\/#breadcrumb"},"inLanguage":"de","potentialAction":[{"@type":"ReadAction","target":["https:\/\/uelzener.de\/magazin\/katze\/erziehung-und-training\/katze-stubenrein-bekommen\/"]}]},{"@type":"ImageObject","inLanguage":"de","@id":"https:\/\/uelzener.de\/magazin\/katze\/erziehung-und-training\/katze-stubenrein-bekommen\/#primaryimage","url":"https:\/\/uelzener.de\/magazin\/app\/uploads\/2019\/11\/123584f5-b719-40f4-ad77-b570b6f68c5a.jpg","contentUrl":"https:\/\/uelzener.de\/magazin\/app\/uploads\/2019\/11\/123584f5-b719-40f4-ad77-b570b6f68c5a.jpg","width":952,"height":496,"caption":"Eine Katze schaut aus dem Katzenklo, mit den richtigen Tricks ist es nicht schwer, sie stubenrein zu bekommen."},{"@type":"WebSite","@id":"https:\/\/uelzener.de\/magazin\/#website","url":"https:\/\/uelzener.de\/magazin\/","name":"Uelzener Tiermagazin","description":"Online Tierratgeber der Uelzener Versicherungen","publisher":{"@id":"https:\/\/uelzener.de\/magazin\/#organization"},"potentialAction":[{"@type":"SearchAction","target":{"@type":"EntryPoint","urlTemplate":"https:\/\/uelzener.de\/magazin\/?s={search_term_string}"},"query-input":{"@type":"PropertyValueSpecification","valueRequired":true,"valueName":"search_term_string"}}],"inLanguage":"de"},{"@type":"Organization","@id":"https:\/\/uelzener.de\/magazin\/#organization","name":"Uelzener Versicherungen","url":"https:\/\/uelzener.de\/magazin\/","logo":{"@type":"ImageObject","inLanguage":"de","@id":"https:\/\/uelzener.de\/magazin\/#\/schema\/logo\/image\/","url":"https:\/\/uelzener.de\/magazin\/app\/uploads\/2024\/11\/uelzener_allgemeine_versicherungsgesellschaft_a_g_logo.jpg","contentUrl":"https:\/\/uelzener.de\/magazin\/app\/uploads\/2024\/11\/uelzener_allgemeine_versicherungsgesellschaft_a_g_logo.jpg","width":200,"height":200,"caption":"Uelzener Versicherungen"},"image":{"@id":"https:\/\/uelzener.de\/magazin\/#\/schema\/logo\/image\/"},"sameAs":["https:\/\/www.facebook.com\/Uelzener","https:\/\/instagram.com\/uelzener","https:\/\/www.xing.com\/pages\/uelzenerallgemeineversicherungs-gesellschafta-g","https:\/\/www.youtube.com\/UelzenerVersicherungen"]}]}},"_links":{"self":[{"href":"https:\/\/uelzener.de\/magazin\/wp-json\/wp\/v2\/pages\/10213","targetHints":{"allow":["GET"]}}],"collection":[{"href":"https:\/\/uelzener.de\/magazin\/wp-json\/wp\/v2\/pages"}],"about":[{"href":"https:\/\/uelzener.de\/magazin\/wp-json\/wp\/v2\/types\/page"}],"author":[{"embeddable":true,"href":"https:\/\/uelzener.de\/magazin\/wp-json\/wp\/v2\/users\/1"}],"replies":[{"embeddable":true,"href":"https:\/\/uelzener.de\/magazin\/wp-json\/wp\/v2\/comments?post=10213"}],"version-history":[{"count":14,"href":"https:\/\/uelzener.de\/magazin\/wp-json\/wp\/v2\/pages\/10213\/revisions"}],"predecessor-version":[{"id":16583,"href":"https:\/\/uelzener.de\/magazin\/wp-json\/wp\/v2\/pages\/10213\/revisions\/16583"}],"up":[{"embeddable":true,"href":"https:\/\/uelzener.de\/magazin\/wp-json\/wp\/v2\/pages\/11695"}],"wp:featuredmedia":[{"embeddable":true,"href":"https:\/\/uelzener.de\/magazin\/wp-json\/wp\/v2\/media\/10802"}],"wp:attachment":[{"href":"https:\/\/uelzener.de\/magazin\/wp-json\/wp\/v2\/media?parent=10213"}],"curies":[{"name":"wp","href":"https:\/\/api.w.org\/{rel}","templated":true}]}}