{"id":10211,"date":"2020-04-09T00:00:00","date_gmt":"2020-04-09T00:00:00","guid":{"rendered":""},"modified":"2025-11-13T11:47:46","modified_gmt":"2025-11-13T10:47:46","slug":"milchtritt-katze","status":"publish","type":"page","link":"https:\/\/uelzener.de\/magazin\/katze\/haeufige-fragen\/milchtritt-katze\/","title":{"rendered":"Milchtritt bei Katzen: Darum treteln Katzen"},"content":{"rendered":"<p>Der Milchtritt ist ein nat\u00fcrliches Verhalten, welches bereits Kitten zeigen. Warum \u201etreteln\u201c erwachsene Katzen noch bis ins hohe Alter? Wir kl\u00e4ren auf, was hinter dem Milchtritt steckt.<\/p>\n<h2>Was ist der Milchtritt \u00fcberhaupt?<\/h2>\n<p>Als Milchtritt wird das Verhalten der Katze bezeichnet, wenn sie mit ihren Pfoten anf\u00e4ngt, eine gleichm\u00e4\u00dfige Bewegung in der Luft, an einem Gegenstand oder auf dem Untergrund zu machen. Bei dieser massierenden Bewegung dr\u00fccken die Katzen abwechselnd die linke und rechte Pfote nach unten. Dieser Anblick erinnert stark ans Kneten eines Teigs und wird daher auch als \u201ekneten\u201c oder \u201etreteln\u201c bezeichnet. Einige Katzen setzen beim Treteln auch ihre Krallen ein, indem sie diese immer wieder aus und einfahren.<\/p>\n<p>Dieses Verhalten wird bereits von K\u00e4tzchen gezeigt, wenn sie bei ihrer Mutter Milch trinken. Beim Trinken massieren sie den Bauch der Katzenmutter, damit die Milch besser flie\u00dft. Daher stammt auch die Bezeichnung \u201eMilchtritt\u201c.<\/p>\n<h2>Warum \u201etreteln\u201c erwachsene Katzen noch?<\/h2>\n<p>Katzenbesitzer wissen, dass auch erwachsene Katzen\u201etreteln\u201c. Doch warum die Katzen dieses Verhalten beibehalten, ist wissenschaftlich noch nicht genau gekl\u00e4rt. Es existieren verschiedene Theorien, die das Treteln bei erwachsenen Katzen erkl\u00e4ren.<\/p>\n<h2>Milchtreten bei Katzen als Zeichen des Wohlbefindens<\/h2>\n<p>Erwachsene Katzen treteln meist in Situationen, in denen sie sich besonders wohl und geborgen f\u00fchlen. Daher wird der Milchtritt auch als Zeichen des Wohlbefindens gesehen und dr\u00fcckt gleichzeitig das Vertrauen aus, welches die Katze gegen\u00fcber ihrem Besitzer empfindet. Gerade deswegen sollte eine Katze f\u00fcr den Milchtritt nicht bestraft werden. Ein Verbot k\u00f6nnte hier das Vertrauen einschr\u00e4nken. Der Milchtritt ist nicht zu verwechseln mit dem Tritt mit den Hinterpfoten, der gr\u00f6\u00dftenteils im Spielmodus zu beobachten und als <a href=\"https:\/\/uelzener.de\/magazin\/katze\/haeufige-fragen\/bunny-kick-wenn-katze-mit-hinterpfoten-tritt\/\">Bunny Kick<\/a> bekannt ist.<\/p>\n<p>Eine Theorie geht davon aus, dass der Milchtritt ein instinktives Verhalten und \u00dcberrest aus der Katzenkindheit ist. Wenn sich eine Katze wohlf\u00fchlt, erinnert es sie an die Geborgenheit und Sicherheit als Kitten bei ihrer Mutter. Allerdings zeigen auch Waisenkatzen dieses Verhalten, wenn sie vom Menschen aufgezogen werden.<\/p>\n<p><img decoding=\"async\" src=\"\/magazin\/app\/uploads\/2021\/02\/307f0fa0-d207-45d2-895a-cad92faa28d5.jpg\" \/><\/p>\n<p>Eine weitere Theorie besagt, dass das Treteln weit zur\u00fcckgeht. Die Falbkatze, die Vorfahrin unserer heutigen Katzen, zeigt auch eine Art Milchtritt, wenn sie es sich auf einem Schlafplatz gem\u00fctlich macht. Sie tritt dabei mit den Pfoten den Boden weich. Auch dieses Verhalten zeigen unsere heutigen Hauskatzen: Wenn sie sich auf ihren Platz, z. B. auf ein Kissen legen, kneten sie es vorher auch einmal mit ihren Pfoten weich. Man k\u00f6nnte also davon ausgehen, dass das Treteln auch darauf zur\u00fcckzuf\u00fchren ist, dass die Katzen ihren Liegeplatz sch\u00f6n weich bekommen m\u00f6chten.<\/p>\n<h2>Der Milchtritt zur Beruhigung der Katze<\/h2>\n<p>In unserem Beitrag \u201e<a href=\"https:\/\/uelzener.de\/magazin\/katze\/haeufige-fragen\/warum-schnurren-katzen\/\">Warum schnurren Katzen?<\/a>\u201c haben wir dar\u00fcber aufgekl\u00e4rt, dass das Schnurren der Katzen unter anderem der Selbstberuhigung dient. Das Treteln kann eine \u00e4hnliche Wirkung hervorrufen. Wenn eine Katze krank ist, kann sie dieses Verhalten zeigen, um sich zu beruhigen. Solltest du merken, dass deine Katze pl\u00f6tzlich besonders h\u00e4ufig tretelt, ist es ratsam, das Verhalten der Katze genau zu beobachten und einen Tierarzt aufzusuchen, um der Ursache auf den Grund zu gehen.<\/p>\n<h2>Markieren der Katze \u00fcber das Treteln<\/h2>\n<p>Katzen besitzen zwischen ihren Zehen Duftdr\u00fcsen. Wenn sie mit ihren Pfoten treteln, wird auch ein Duftstoff aus den Dr\u00fcsen abgegeben. Damit markieren Katzen ihren Schlafplatz und es tr\u00e4gt zu ihrem Wohlbefinden bei.<\/p>\n<h3>Umfassender Schutz f\u00fcr deine Katze<\/h3>\n<p>F\u00fcr deine Katze steht ein Tierarztbesuch an? Mit unserer Katzen-Krankenversicherung brauchst du dir keine Sorgen \u00fcber hohe Tierarztrechnungen machen und kannst dich voll und ganz auf die Pflege und Gesundheit deines Lieblings konzentrieren. Sichere deine Katze jetzt mithilfe unserer Krankenversicherungsprodukte ab!<\/p>\n\n<div class=\"banner\">\n    <a href=\"https:\/\/uelzener.de\/katze\/katzen-krankenversicherung\/?agt=0000104925&sem=true&utm_medium=magazin&utm_source=wordpress&utm_campaign=katze_kv&utm_content=banner\">\n        <img decoding=\"async\" width=\"300\" height=\"212\" src=\"https:\/\/uelzener.de\/magazin\/app\/uploads\/2025\/01\/Katzen-Kranken-Versicherung.jpg\" class=\"attachment-medium size-medium\" alt=\"Banner Katzen-Kranken-Versicherung\" \/>    <\/a>\n<\/div>\n\n<h2>FAQ: H\u00e4ufig gestellte Fragen zum Thema: Milchtritt bei Katzen<\/h2>\n<h3>Was bedeutet es, wenn die Katze den Milchtritt macht?<\/h3>\n<p>Der Milchtritt ist ein Verhalten von Katzen, das seinen Ursprung im Kittenalter hat, wenn sie beim S\u00e4ugen den Milchfluss der Mutter stimulieren. Bei erwachsenen Katzen ist es oft ein Zeichen von Entspannung und Wohlbefinden.<\/p>\n<h3>Wie sieht der Milchtritt bei Katzen aus?<\/h3>\n<p>Der \u201eMilchtritt\u201c (auch \u201eKneten\u201c oder \u201eTreteln\u201c genannt) ist ein Verhalten, das viele Katzen zeigen, indem sie mit ihren Vorderpfoten abwechselnd auf eine weiche Unterlage, wie zum Beispiel eine Decke, ein Kissen oder sogar den Scho\u00df ihres Besitzers, treten.<\/p>\n<h3>Wann macht eine Katze den Milchtritt?<\/h3>\n<p>Katzen zeigen den Milchtritt in verschiedenen Situationen, meistens jedoch in Momenten der Entspannung und des Wohlbefindens.<\/p>\n","protected":false},"excerpt":{"rendered":"<p>Der Milchtritt ist ein nat\u00fcrliches Verhalten, welches bereits Kitten zeigen. Warum \u201etreteln\u201c erwachsene Katzen noch bis ins hohe Alter? Wir kl\u00e4ren auf, was hinter dem Milchtritt steckt. Was ist der Milchtritt \u00fcberhaupt? Als Milchtritt wird das Verhalten der Katze bezeichnet, wenn sie mit ihren Pfoten anf\u00e4ngt, eine gleichm\u00e4\u00dfige Bewegung in der Luft, an einem Gegenstand [&hellip;]<\/p>\n","protected":false},"author":1,"featured_media":10800,"parent":11691,"menu_order":45,"comment_status":"open","ping_status":"open","template":"templates\/blog.php","meta":{"_acf_changed":false,"_crdt_document":"","footnotes":"","beyondwords_generate_audio":"0","beyondwords_project_id":"","beyondwords_content_id":"","beyondwords_preview_token":"","beyondwords_player_style":"","beyondwords_language_id":"","beyondwords_title_voice_id":"","beyondwords_body_voice_id":"","beyondwords_summary_voice_id":"","beyondwords_error_message":"","beyondwords_disabled":"","beyondwords_delete_content":"","beyondwords_podcast_id":"","beyondwords_hash":"","publish_post_to_speechkit":"","speechkit_hash":"","speechkit_generate_audio":"","speechkit_project_id":"","speechkit_podcast_id":"","speechkit_error_message":"","speechkit_disabled":"","speechkit_access_key":"","speechkit_error":"","speechkit_info":"","speechkit_response":"","speechkit_retries":"","speechkit_status":"","speechkit_updated_at":"","_speechkit_link":"","_speechkit_text":""},"class_list":["post-10211","page","type-page","status-publish","has-post-thumbnail","hentry"],"acf":[],"yoast_head":"<!-- This site is optimized with the Yoast SEO Premium plugin  - https:\/\/yoast.com\/product\/yoast-seo-premium-wordpress\/ -->\n<title>Milchtritt bei Katzen: Darum treteln Katzen | Uelzener Tier-Magazin<\/title>\n<meta name=\"description\" content=\"Warum machen Katzen den Milchtritt? \u25b6 Erfahre hier alles zu den verschiedenen \u2713 Gr\u00fcnden &amp; \u2713 Theorien rund um das Treteln!\" \/>\n<meta name=\"robots\" content=\"index, follow, max-snippet:-1, max-image-preview:large, max-video-preview:-1\" \/>\n<link rel=\"canonical\" href=\"https:\/\/uelzener.de\/magazin\/katze\/haeufige-fragen\/milchtritt-katze\/\" \/>\n<meta property=\"og:locale\" content=\"de_DE\" \/>\n<meta property=\"og:type\" content=\"article\" \/>\n<meta property=\"og:title\" content=\"Milchtritt bei Katzen: Darum treteln Katzen\" \/>\n<meta property=\"og:description\" content=\"Warum machen Katzen den Milchtritt? \u25b6 Erfahre hier alles zu den verschiedenen \u2713 Gr\u00fcnden &amp; \u2713 Theorien rund um das Treteln!\" \/>\n<meta property=\"og:url\" content=\"https:\/\/uelzener.de\/magazin\/katze\/haeufige-fragen\/milchtritt-katze\/\" \/>\n<meta property=\"og:site_name\" content=\"Uelzener Tier-Magazin\" \/>\n<meta property=\"article:publisher\" content=\"https:\/\/www.facebook.com\/Uelzener\" \/>\n<meta property=\"article:modified_time\" content=\"2025-11-13T10:47:46+00:00\" \/>\n<meta property=\"og:image\" content=\"https:\/\/uelzener.de\/magazin\/app\/uploads\/2020\/04\/33156f7f-ce51-48a6-be71-2eeba5890534.jpg\" \/>\n\t<meta property=\"og:image:width\" content=\"952\" \/>\n\t<meta property=\"og:image:height\" content=\"496\" \/>\n\t<meta property=\"og:image:type\" content=\"image\/jpeg\" \/>\n<meta name=\"twitter:card\" content=\"summary_large_image\" \/>\n<meta name=\"twitter:label1\" content=\"Gesch\u00e4tzte Lesezeit\" \/>\n\t<meta name=\"twitter:data1\" content=\"5\u00a0Minuten\" \/>\n<script type=\"application\/ld+json\" class=\"yoast-schema-graph\">{\"@context\":\"https:\/\/schema.org\",\"@graph\":[{\"@type\":\"WebPage\",\"@id\":\"https:\/\/uelzener.de\/magazin\/katze\/haeufige-fragen\/milchtritt-katze\/\",\"url\":\"https:\/\/uelzener.de\/magazin\/katze\/haeufige-fragen\/milchtritt-katze\/\",\"name\":\"Milchtritt bei Katzen: Darum treteln Katzen | Uelzener Tier-Magazin\",\"isPartOf\":{\"@id\":\"https:\/\/uelzener.de\/magazin\/#website\"},\"primaryImageOfPage\":{\"@id\":\"https:\/\/uelzener.de\/magazin\/katze\/haeufige-fragen\/milchtritt-katze\/#primaryimage\"},\"image\":{\"@id\":\"https:\/\/uelzener.de\/magazin\/katze\/haeufige-fragen\/milchtritt-katze\/#primaryimage\"},\"thumbnailUrl\":\"https:\/\/uelzener.de\/magazin\/app\/uploads\/2020\/04\/33156f7f-ce51-48a6-be71-2eeba5890534.jpg\",\"datePublished\":\"2020-04-09T00:00:00+00:00\",\"dateModified\":\"2025-11-13T10:47:46+00:00\",\"description\":\"Warum machen Katzen den Milchtritt? \u25b6 Erfahre hier alles zu den verschiedenen \u2713 Gr\u00fcnden & \u2713 Theorien rund um das Treteln!\",\"breadcrumb\":{\"@id\":\"https:\/\/uelzener.de\/magazin\/katze\/haeufige-fragen\/milchtritt-katze\/#breadcrumb\"},\"inLanguage\":\"de\",\"potentialAction\":[{\"@type\":\"ReadAction\",\"target\":[\"https:\/\/uelzener.de\/magazin\/katze\/haeufige-fragen\/milchtritt-katze\/\"]}]},{\"@type\":\"ImageObject\",\"inLanguage\":\"de\",\"@id\":\"https:\/\/uelzener.de\/magazin\/katze\/haeufige-fragen\/milchtritt-katze\/#primaryimage\",\"url\":\"https:\/\/uelzener.de\/magazin\/app\/uploads\/2020\/04\/33156f7f-ce51-48a6-be71-2eeba5890534.jpg\",\"contentUrl\":\"https:\/\/uelzener.de\/magazin\/app\/uploads\/2020\/04\/33156f7f-ce51-48a6-be71-2eeba5890534.jpg\",\"width\":952,\"height\":496,\"caption\":\"Kleine K\u00e4tzchen trinken Milch bei ihrer Mutter, um den Bauch zu entspannen und den Milchfluss zu verbessen nutzen sie den Milchtritt.\"},{\"@type\":\"WebSite\",\"@id\":\"https:\/\/uelzener.de\/magazin\/#website\",\"url\":\"https:\/\/uelzener.de\/magazin\/\",\"name\":\"Uelzener Tiermagazin\",\"description\":\"Online Tierratgeber der Uelzener Versicherungen\",\"publisher\":{\"@id\":\"https:\/\/uelzener.de\/magazin\/#organization\"},\"potentialAction\":[{\"@type\":\"SearchAction\",\"target\":{\"@type\":\"EntryPoint\",\"urlTemplate\":\"https:\/\/uelzener.de\/magazin\/?s={search_term_string}\"},\"query-input\":{\"@type\":\"PropertyValueSpecification\",\"valueRequired\":true,\"valueName\":\"search_term_string\"}}],\"inLanguage\":\"de\"},{\"@type\":\"Organization\",\"@id\":\"https:\/\/uelzener.de\/magazin\/#organization\",\"name\":\"Uelzener Versicherungen\",\"url\":\"https:\/\/uelzener.de\/magazin\/\",\"logo\":{\"@type\":\"ImageObject\",\"inLanguage\":\"de\",\"@id\":\"https:\/\/uelzener.de\/magazin\/#\/schema\/logo\/image\/\",\"url\":\"https:\/\/uelzener.de\/magazin\/app\/uploads\/2024\/11\/uelzener_allgemeine_versicherungsgesellschaft_a_g_logo.jpg\",\"contentUrl\":\"https:\/\/uelzener.de\/magazin\/app\/uploads\/2024\/11\/uelzener_allgemeine_versicherungsgesellschaft_a_g_logo.jpg\",\"width\":200,\"height\":200,\"caption\":\"Uelzener Versicherungen\"},\"image\":{\"@id\":\"https:\/\/uelzener.de\/magazin\/#\/schema\/logo\/image\/\"},\"sameAs\":[\"https:\/\/www.facebook.com\/Uelzener\",\"https:\/\/instagram.com\/uelzener\",\"https:\/\/www.xing.com\/pages\/uelzenerallgemeineversicherungs-gesellschafta-g\",\"https:\/\/www.youtube.com\/UelzenerVersicherungen\"]}]}<\/script>\n<!-- \/ Yoast SEO Premium plugin. -->","yoast_head_json":{"title":"Milchtritt bei Katzen: Darum treteln Katzen | Uelzener Tier-Magazin","description":"Warum machen Katzen den Milchtritt? \u25b6 Erfahre hier alles zu den verschiedenen \u2713 Gr\u00fcnden & \u2713 Theorien rund um das Treteln!","robots":{"index":"index","follow":"follow","max-snippet":"max-snippet:-1","max-image-preview":"max-image-preview:large","max-video-preview":"max-video-preview:-1"},"canonical":"https:\/\/uelzener.de\/magazin\/katze\/haeufige-fragen\/milchtritt-katze\/","og_locale":"de_DE","og_type":"article","og_title":"Milchtritt bei Katzen: Darum treteln Katzen","og_description":"Warum machen Katzen den Milchtritt? \u25b6 Erfahre hier alles zu den verschiedenen \u2713 Gr\u00fcnden & \u2713 Theorien rund um das Treteln!","og_url":"https:\/\/uelzener.de\/magazin\/katze\/haeufige-fragen\/milchtritt-katze\/","og_site_name":"Uelzener Tier-Magazin","article_publisher":"https:\/\/www.facebook.com\/Uelzener","article_modified_time":"2025-11-13T10:47:46+00:00","og_image":[{"width":952,"height":496,"url":"https:\/\/uelzener.de\/magazin\/app\/uploads\/2020\/04\/33156f7f-ce51-48a6-be71-2eeba5890534.jpg","type":"image\/jpeg"}],"twitter_card":"summary_large_image","twitter_misc":{"Gesch\u00e4tzte Lesezeit":"5\u00a0Minuten"},"schema":{"@context":"https:\/\/schema.org","@graph":[{"@type":"WebPage","@id":"https:\/\/uelzener.de\/magazin\/katze\/haeufige-fragen\/milchtritt-katze\/","url":"https:\/\/uelzener.de\/magazin\/katze\/haeufige-fragen\/milchtritt-katze\/","name":"Milchtritt bei Katzen: Darum treteln Katzen | Uelzener Tier-Magazin","isPartOf":{"@id":"https:\/\/uelzener.de\/magazin\/#website"},"primaryImageOfPage":{"@id":"https:\/\/uelzener.de\/magazin\/katze\/haeufige-fragen\/milchtritt-katze\/#primaryimage"},"image":{"@id":"https:\/\/uelzener.de\/magazin\/katze\/haeufige-fragen\/milchtritt-katze\/#primaryimage"},"thumbnailUrl":"https:\/\/uelzener.de\/magazin\/app\/uploads\/2020\/04\/33156f7f-ce51-48a6-be71-2eeba5890534.jpg","datePublished":"2020-04-09T00:00:00+00:00","dateModified":"2025-11-13T10:47:46+00:00","description":"Warum machen Katzen den Milchtritt? \u25b6 Erfahre hier alles zu den verschiedenen \u2713 Gr\u00fcnden & \u2713 Theorien rund um das Treteln!","breadcrumb":{"@id":"https:\/\/uelzener.de\/magazin\/katze\/haeufige-fragen\/milchtritt-katze\/#breadcrumb"},"inLanguage":"de","potentialAction":[{"@type":"ReadAction","target":["https:\/\/uelzener.de\/magazin\/katze\/haeufige-fragen\/milchtritt-katze\/"]}]},{"@type":"ImageObject","inLanguage":"de","@id":"https:\/\/uelzener.de\/magazin\/katze\/haeufige-fragen\/milchtritt-katze\/#primaryimage","url":"https:\/\/uelzener.de\/magazin\/app\/uploads\/2020\/04\/33156f7f-ce51-48a6-be71-2eeba5890534.jpg","contentUrl":"https:\/\/uelzener.de\/magazin\/app\/uploads\/2020\/04\/33156f7f-ce51-48a6-be71-2eeba5890534.jpg","width":952,"height":496,"caption":"Kleine K\u00e4tzchen trinken Milch bei ihrer Mutter, um den Bauch zu entspannen und den Milchfluss zu verbessen nutzen sie den Milchtritt."},{"@type":"WebSite","@id":"https:\/\/uelzener.de\/magazin\/#website","url":"https:\/\/uelzener.de\/magazin\/","name":"Uelzener Tiermagazin","description":"Online Tierratgeber der Uelzener Versicherungen","publisher":{"@id":"https:\/\/uelzener.de\/magazin\/#organization"},"potentialAction":[{"@type":"SearchAction","target":{"@type":"EntryPoint","urlTemplate":"https:\/\/uelzener.de\/magazin\/?s={search_term_string}"},"query-input":{"@type":"PropertyValueSpecification","valueRequired":true,"valueName":"search_term_string"}}],"inLanguage":"de"},{"@type":"Organization","@id":"https:\/\/uelzener.de\/magazin\/#organization","name":"Uelzener Versicherungen","url":"https:\/\/uelzener.de\/magazin\/","logo":{"@type":"ImageObject","inLanguage":"de","@id":"https:\/\/uelzener.de\/magazin\/#\/schema\/logo\/image\/","url":"https:\/\/uelzener.de\/magazin\/app\/uploads\/2024\/11\/uelzener_allgemeine_versicherungsgesellschaft_a_g_logo.jpg","contentUrl":"https:\/\/uelzener.de\/magazin\/app\/uploads\/2024\/11\/uelzener_allgemeine_versicherungsgesellschaft_a_g_logo.jpg","width":200,"height":200,"caption":"Uelzener Versicherungen"},"image":{"@id":"https:\/\/uelzener.de\/magazin\/#\/schema\/logo\/image\/"},"sameAs":["https:\/\/www.facebook.com\/Uelzener","https:\/\/instagram.com\/uelzener","https:\/\/www.xing.com\/pages\/uelzenerallgemeineversicherungs-gesellschafta-g","https:\/\/www.youtube.com\/UelzenerVersicherungen"]}]}},"_links":{"self":[{"href":"https:\/\/uelzener.de\/magazin\/wp-json\/wp\/v2\/pages\/10211","targetHints":{"allow":["GET"]}}],"collection":[{"href":"https:\/\/uelzener.de\/magazin\/wp-json\/wp\/v2\/pages"}],"about":[{"href":"https:\/\/uelzener.de\/magazin\/wp-json\/wp\/v2\/types\/page"}],"author":[{"embeddable":true,"href":"https:\/\/uelzener.de\/magazin\/wp-json\/wp\/v2\/users\/1"}],"replies":[{"embeddable":true,"href":"https:\/\/uelzener.de\/magazin\/wp-json\/wp\/v2\/comments?post=10211"}],"version-history":[{"count":16,"href":"https:\/\/uelzener.de\/magazin\/wp-json\/wp\/v2\/pages\/10211\/revisions"}],"predecessor-version":[{"id":19493,"href":"https:\/\/uelzener.de\/magazin\/wp-json\/wp\/v2\/pages\/10211\/revisions\/19493"}],"up":[{"embeddable":true,"href":"https:\/\/uelzener.de\/magazin\/wp-json\/wp\/v2\/pages\/11691"}],"wp:featuredmedia":[{"embeddable":true,"href":"https:\/\/uelzener.de\/magazin\/wp-json\/wp\/v2\/media\/10800"}],"wp:attachment":[{"href":"https:\/\/uelzener.de\/magazin\/wp-json\/wp\/v2\/media?parent=10211"}],"curies":[{"name":"wp","href":"https:\/\/api.w.org\/{rel}","templated":true}]}}